{"id":9395,"date":"2022-10-10T09:36:53","date_gmt":"2022-10-10T07:36:53","guid":{"rendered":"https:\/\/www.bmkgenetics.com\/genetiske-egenskaper\/infeksios-lakseanemi-ila\/"},"modified":"2022-10-27T09:15:17","modified_gmt":"2022-10-27T07:15:17","slug":"infeksios-lakseanemi-ila","status":"publish","type":"page","link":"https:\/\/www.bmkgenetics.com\/no\/genetiske-egenskaper\/infeksios-lakseanemi-ila\/","title":{"rendered":"Infeksi\u00f8s lakseanemi (ILA)"},"content":{"rendered":"<section class=\"l-section wpb_row leftheading-rightbody height_large\"><div class=\"l-section-h i-cf\"><div class=\"g-cols vc_row via_flex valign_top type_default stacking_default\"><div class=\"vc_col-sm-12 wpb_column vc_column_container\"><div class=\"vc_column-inner\"><div class=\"wpb_wrapper\"><div class=\"g-cols wpb_row via_flex valign_top type_default stacking_default\"><div class=\"vc_col-sm-12 vc_col-md-8 wpb_column vc_column_container\"><div class=\"vc_column-inner\"><div class=\"wpb_wrapper\">[vc_custom_heading text=&raquo;Hva er infeksi\u00f8s lakseanemi?&raquo; use_theme_fonts=&raquo;yes&raquo;]<\/div><\/div><\/div><div class=\"vc_col-sm-4 vc_hidden-sm vc_hidden-xs wpb_column vc_column_container\"><div class=\"vc_column-inner\"><div class=\"wpb_wrapper\"><\/div><\/div><\/div><\/div><div class=\"g-cols wpb_row via_flex valign_top type_default stacking_default\"><div class=\"vc_col-sm-4 vc_hidden-sm vc_hidden-xs wpb_column vc_column_container\"><div class=\"vc_column-inner\"><div class=\"wpb_wrapper\"><\/div><\/div><\/div><div class=\"vc_col-sm-12 vc_col-md-8 wpb_column vc_column_container\"><div class=\"vc_column-inner\"><div class=\"wpb_wrapper\"><div class=\"wpb_text_column\"><div class=\"wpb_wrapper\"><p>Infeksi\u00f8s lakseanemi (ILA) er en alvorlig, meldepliktig, smittsom virussykdom for\u00e5rsaket av infeksi\u00f8st lakseanemivirus (ILAV). Tilstanden gir alvorlig anemi, d\u00e5rlig helse og h\u00f8y d\u00f8delighet.<\/p>\n<p>To store epidemier p\u00e5 F\u00e6r\u00f8yene (2003) og Chile (2008) var sv\u00e6rt \u00f8deleggende for lakseoppdrettsn\u00e6ringen i disse regionene og reduserte i en lengre periode produksjonen til en br\u00f8kdel av potensialet. Ogs\u00e5 i Norge er det jevnlige p\u00e5visninger av sykdommen, og forekomsten har v\u00e6rt \u00f8kende de seinere \u00e5rene.<\/p>\n<p>Det finnes per n\u00e5 ingen god behandling mot sykdommen, og det har enn\u00e5 ikke v\u00e6rt mulig \u00e5 produsere en vaksine som gir fullstendig beskyttelse. Infeksi\u00f8s lakseanemi kan f\u00f8re til betydelige tap fordi all fisk m\u00e5 avlives samtidig som det innf\u00f8res sonerestriksjoner for \u00e5 hindre spredning av viruset.<\/p>\n<\/div><\/div><div class=\"wpb_text_column\"><div class=\"wpb_wrapper\"><p>Fra 2016 har Benchmark Genetics tilbydd ILA-robust rogn <a href=\"https:\/\/www.bmkgenetics.com\/no\/about\/om-oss\/innovasjon\/seleksjonsmetoder\/\">ved bruk av GS<\/a>, men vi har selektert for infeksi\u00f8s lakseanemi gjennom familieavl siden 2001.<\/p>\n<p>Det er ikke avdekket noen klar QTL for resistens mot infeksi\u00f8s lakseanemi, og derfor benyttes metoden GS ved seleksjon for denne sykdommen.<\/p>\n<p>Fra 2018 har Benchmark Genetics ytterligere forsterket seleksjonen for infeksi\u00f8s lakseanemi gjennom bruk av nye biomark\u00f8rer. Denne nye metoden er med p\u00e5 \u00e5 sikre at de mer tolerante fiskene har h\u00f8yere motstandsdyktighet for lave og ikke-p\u00e5viselige niv\u00e5er av viruset, samtidig som de beholder h\u00f8yere vekstrate og lavere grad av spredning av virus (Figur 1).<\/p>\n<\/div><\/div><div class=\"w-image align_none meta_simple\"><div class=\"w-image-h\"><img decoding=\"async\" width=\"1024\" height=\"726\" src=\"https:\/\/www.bmkgenetics.com\/wp-content\/uploads\/2021\/01\/Bilde1-2-1024x726.png\" class=\"attachment-large size-large\" alt=\"Scatterplot figure showing that the fish with lower levels of ISAV pathogen also tend to shed less virus in the environment and as a result, are less likely to infect other animals.\" loading=\"lazy\" srcset=\"https:\/\/www.bmkgenetics.com\/wp-content\/uploads\/2021\/01\/Bilde1-2-1024x726.png 1024w, https:\/\/www.bmkgenetics.com\/wp-content\/uploads\/2021\/01\/Bilde1-2-300x213.png 300w, https:\/\/www.bmkgenetics.com\/wp-content\/uploads\/2021\/01\/Bilde1-2.png 1920w\" sizes=\"auto, (max-width: 1024px) 100vw, 1024px\" \/><\/div><div class=\"w-image-meta\"><div class=\"w-image-title\">Bilde1-2<\/div><div class=\"w-image-description\">Figure 1: Scatterplot showing that the fish with lower levels of ISAV pathogen also tend to shed less virus in the environment and as a result, are less likely to infect other animals.<\/div><\/div><\/div><\/div><\/div><\/div><\/div><\/div><\/div><\/div><\/div><\/div><\/section>\n","protected":false},"excerpt":{"rendered":"[vc_custom_heading text=\"Hva er infeksi\u00f8s lakseanemi?\" use_theme_fonts=\"yes\"]Infeksi\u00f8s lakseanemi (ILA) er en alvorlig, meldepliktig, smittsom virussykdom for\u00e5rsaket av infeksi\u00f8st lakseanemivirus (ILAV). Tilstanden gir alvorlig anemi, d\u00e5rlig helse og h\u00f8y d\u00f8delighet. To store epidemier p\u00e5 F\u00e6r\u00f8yene (2003) og Chile (2008) var sv\u00e6rt \u00f8deleggende for lakseoppdrettsn\u00e6ringen i disse regionene og reduserte i en lengre periode produksjonen til en br\u00f8kdel...","protected":false},"author":99,"featured_media":0,"parent":9394,"menu_order":0,"comment_status":"closed","ping_status":"closed","template":"","meta":{"_acf_changed":false,"footnotes":""},"class_list":["post-9395","page","type-page","status-publish","hentry"],"acf":[],"yoast_head":"<!-- This site is optimized with the Yoast SEO plugin v27.6 - https:\/\/yoast.com\/product\/yoast-seo-wordpress\/ -->\n<title>Infeksi\u00f8s lakseanemi (ILA) - Benchmark Genetics<\/title>\n<meta name=\"description\" content=\"Infeksi\u00f8s lakseanemi (ILA) er en alvorlig, meldepliktig, smittsom virussykdom for\u00e5rsaket av infeksi\u00f8st lakseanemivirus (ILAV).\" \/>\n<meta name=\"robots\" content=\"index, follow, max-snippet:-1, max-image-preview:large, max-video-preview:-1\" \/>\n<link rel=\"canonical\" href=\"https:\/\/www.bmkgenetics.com\/no\/genetiske-egenskaper\/infeksios-lakseanemi-ila\/\" \/>\n<meta property=\"og:locale\" content=\"nb_NO\" \/>\n<meta property=\"og:type\" content=\"article\" \/>\n<meta property=\"og:title\" content=\"Infeksi\u00f8s lakseanemi (ILA) - Benchmark Genetics\" \/>\n<meta property=\"og:description\" content=\"Infeksi\u00f8s lakseanemi (ILA) er en alvorlig, meldepliktig, smittsom virussykdom for\u00e5rsaket av infeksi\u00f8st lakseanemivirus (ILAV).\" \/>\n<meta property=\"og:url\" content=\"https:\/\/www.bmkgenetics.com\/no\/genetiske-egenskaper\/infeksios-lakseanemi-ila\/\" \/>\n<meta property=\"og:site_name\" content=\"Benchmark Genetics\" \/>\n<meta property=\"article:publisher\" content=\"https:\/\/www.facebook.com\/benchmarkgenetics\/\" \/>\n<meta property=\"article:modified_time\" content=\"2022-10-27T07:15:17+00:00\" \/>\n<meta property=\"og:image\" content=\"https:\/\/www.bmkgenetics.com\/wp-content\/uploads\/2021\/04\/logo-whitebg-528x135-in-800x600-1.png\" \/>\n\t<meta property=\"og:image:width\" content=\"800\" \/>\n\t<meta property=\"og:image:height\" content=\"600\" \/>\n\t<meta property=\"og:image:type\" content=\"image\/png\" \/>\n<meta name=\"twitter:card\" content=\"summary_large_image\" \/>\n<meta name=\"twitter:site\" content=\"@WeAreBenchmark\" \/>\n<meta name=\"twitter:label1\" content=\"Ansl. lesetid\" \/>\n\t<meta name=\"twitter:data1\" content=\"2 minutter\" \/>\n<script type=\"application\/ld+json\" class=\"yoast-schema-graph\">{\"@context\":\"https:\\\/\\\/schema.org\",\"@graph\":[{\"@type\":\"WebPage\",\"@id\":\"https:\\\/\\\/www.bmkgenetics.com\\\/no\\\/genetiske-egenskaper\\\/infeksios-lakseanemi-ila\\\/\",\"url\":\"https:\\\/\\\/www.bmkgenetics.com\\\/no\\\/genetiske-egenskaper\\\/infeksios-lakseanemi-ila\\\/\",\"name\":\"Infeksi\u00f8s lakseanemi (ILA) - Benchmark Genetics\",\"isPartOf\":{\"@id\":\"https:\\\/\\\/www.bmkgenetics.com\\\/no\\\/#website\"},\"datePublished\":\"2022-10-10T07:36:53+00:00\",\"dateModified\":\"2022-10-27T07:15:17+00:00\",\"description\":\"Infeksi\u00f8s lakseanemi (ILA) er en alvorlig, meldepliktig, smittsom virussykdom for\u00e5rsaket av infeksi\u00f8st lakseanemivirus (ILAV).\",\"breadcrumb\":{\"@id\":\"https:\\\/\\\/www.bmkgenetics.com\\\/no\\\/genetiske-egenskaper\\\/infeksios-lakseanemi-ila\\\/#breadcrumb\"},\"inLanguage\":\"nb-NO\",\"potentialAction\":[{\"@type\":\"ReadAction\",\"target\":[\"https:\\\/\\\/www.bmkgenetics.com\\\/no\\\/genetiske-egenskaper\\\/infeksios-lakseanemi-ila\\\/\"]}]},{\"@type\":\"BreadcrumbList\",\"@id\":\"https:\\\/\\\/www.bmkgenetics.com\\\/no\\\/genetiske-egenskaper\\\/infeksios-lakseanemi-ila\\\/#breadcrumb\",\"itemListElement\":[{\"@type\":\"ListItem\",\"position\":1,\"name\":\"Genetiske egenskaper\",\"item\":\"https:\\\/\\\/www.bmkgenetics.com\\\/no\\\/genetiske-egenskaper\\\/\"},{\"@type\":\"ListItem\",\"position\":2,\"name\":\"Infeksi\u00f8s lakseanemi (ILA)\"}]},{\"@type\":\"WebSite\",\"@id\":\"https:\\\/\\\/www.bmkgenetics.com\\\/no\\\/#website\",\"url\":\"https:\\\/\\\/www.bmkgenetics.com\\\/no\\\/\",\"name\":\"Benchmark Genetics\",\"description\":\"Driving sustainability in aquaculture\",\"potentialAction\":[{\"@type\":\"SearchAction\",\"target\":{\"@type\":\"EntryPoint\",\"urlTemplate\":\"https:\\\/\\\/www.bmkgenetics.com\\\/no\\\/?s={search_term_string}\"},\"query-input\":{\"@type\":\"PropertyValueSpecification\",\"valueRequired\":true,\"valueName\":\"search_term_string\"}}],\"inLanguage\":\"nb-NO\"}]}<\/script>\n<!-- \/ Yoast SEO plugin. -->","yoast_head_json":{"title":"Infeksi\u00f8s lakseanemi (ILA) - Benchmark Genetics","description":"Infeksi\u00f8s lakseanemi (ILA) er en alvorlig, meldepliktig, smittsom virussykdom for\u00e5rsaket av infeksi\u00f8st lakseanemivirus (ILAV).","robots":{"index":"index","follow":"follow","max-snippet":"max-snippet:-1","max-image-preview":"max-image-preview:large","max-video-preview":"max-video-preview:-1"},"canonical":"https:\/\/www.bmkgenetics.com\/no\/genetiske-egenskaper\/infeksios-lakseanemi-ila\/","og_locale":"nb_NO","og_type":"article","og_title":"Infeksi\u00f8s lakseanemi (ILA) - Benchmark Genetics","og_description":"Infeksi\u00f8s lakseanemi (ILA) er en alvorlig, meldepliktig, smittsom virussykdom for\u00e5rsaket av infeksi\u00f8st lakseanemivirus (ILAV).","og_url":"https:\/\/www.bmkgenetics.com\/no\/genetiske-egenskaper\/infeksios-lakseanemi-ila\/","og_site_name":"Benchmark Genetics","article_publisher":"https:\/\/www.facebook.com\/benchmarkgenetics\/","article_modified_time":"2022-10-27T07:15:17+00:00","og_image":[{"width":800,"height":600,"url":"https:\/\/www.bmkgenetics.com\/wp-content\/uploads\/2021\/04\/logo-whitebg-528x135-in-800x600-1.png","type":"image\/png"}],"twitter_card":"summary_large_image","twitter_site":"@WeAreBenchmark","twitter_misc":{"Ansl. lesetid":"2 minutter"},"schema":{"@context":"https:\/\/schema.org","@graph":[{"@type":"WebPage","@id":"https:\/\/www.bmkgenetics.com\/no\/genetiske-egenskaper\/infeksios-lakseanemi-ila\/","url":"https:\/\/www.bmkgenetics.com\/no\/genetiske-egenskaper\/infeksios-lakseanemi-ila\/","name":"Infeksi\u00f8s lakseanemi (ILA) - Benchmark Genetics","isPartOf":{"@id":"https:\/\/www.bmkgenetics.com\/no\/#website"},"datePublished":"2022-10-10T07:36:53+00:00","dateModified":"2022-10-27T07:15:17+00:00","description":"Infeksi\u00f8s lakseanemi (ILA) er en alvorlig, meldepliktig, smittsom virussykdom for\u00e5rsaket av infeksi\u00f8st lakseanemivirus (ILAV).","breadcrumb":{"@id":"https:\/\/www.bmkgenetics.com\/no\/genetiske-egenskaper\/infeksios-lakseanemi-ila\/#breadcrumb"},"inLanguage":"nb-NO","potentialAction":[{"@type":"ReadAction","target":["https:\/\/www.bmkgenetics.com\/no\/genetiske-egenskaper\/infeksios-lakseanemi-ila\/"]}]},{"@type":"BreadcrumbList","@id":"https:\/\/www.bmkgenetics.com\/no\/genetiske-egenskaper\/infeksios-lakseanemi-ila\/#breadcrumb","itemListElement":[{"@type":"ListItem","position":1,"name":"Genetiske egenskaper","item":"https:\/\/www.bmkgenetics.com\/no\/genetiske-egenskaper\/"},{"@type":"ListItem","position":2,"name":"Infeksi\u00f8s lakseanemi (ILA)"}]},{"@type":"WebSite","@id":"https:\/\/www.bmkgenetics.com\/no\/#website","url":"https:\/\/www.bmkgenetics.com\/no\/","name":"Benchmark Genetics","description":"Driving sustainability in aquaculture","potentialAction":[{"@type":"SearchAction","target":{"@type":"EntryPoint","urlTemplate":"https:\/\/www.bmkgenetics.com\/no\/?s={search_term_string}"},"query-input":{"@type":"PropertyValueSpecification","valueRequired":true,"valueName":"search_term_string"}}],"inLanguage":"nb-NO"}]}},"_links":{"self":[{"href":"https:\/\/www.bmkgenetics.com\/no\/wp-json\/wp\/v2\/pages\/9395","targetHints":{"allow":["GET"]}}],"collection":[{"href":"https:\/\/www.bmkgenetics.com\/no\/wp-json\/wp\/v2\/pages"}],"about":[{"href":"https:\/\/www.bmkgenetics.com\/no\/wp-json\/wp\/v2\/types\/page"}],"author":[{"embeddable":true,"href":"https:\/\/www.bmkgenetics.com\/no\/wp-json\/wp\/v2\/users\/99"}],"replies":[{"embeddable":true,"href":"https:\/\/www.bmkgenetics.com\/no\/wp-json\/wp\/v2\/comments?post=9395"}],"version-history":[{"count":0,"href":"https:\/\/www.bmkgenetics.com\/no\/wp-json\/wp\/v2\/pages\/9395\/revisions"}],"up":[{"embeddable":true,"href":"https:\/\/www.bmkgenetics.com\/no\/wp-json\/wp\/v2\/pages\/9394"}],"wp:attachment":[{"href":"https:\/\/www.bmkgenetics.com\/no\/wp-json\/wp\/v2\/media?parent=9395"}],"curies":[{"name":"wp","href":"https:\/\/api.w.org\/{rel}","templated":true}]}}