{"id":9388,"date":"2022-10-10T09:23:30","date_gmt":"2022-10-10T07:23:30","guid":{"rendered":"https:\/\/www.bmkgenetics.com\/lakselus\/"},"modified":"2022-10-27T09:01:45","modified_gmt":"2022-10-27T07:01:45","slug":"lakselus","status":"publish","type":"page","link":"https:\/\/www.bmkgenetics.com\/no\/genetiske-egenskaper\/lakselus\/","title":{"rendered":"Lakselus"},"content":{"rendered":"<section class=\"l-section wpb_row leftheading-rightbody height_large\"><div class=\"l-section-h i-cf\"><div class=\"g-cols vc_row via_flex valign_top type_default stacking_default\"><div class=\"vc_col-sm-12 wpb_column vc_column_container\"><div class=\"vc_column-inner\"><div class=\"wpb_wrapper\"><div class=\"g-cols wpb_row via_flex valign_top type_default stacking_default\"><div class=\"vc_col-sm-12 vc_col-md-8 wpb_column vc_column_container\"><div class=\"vc_column-inner\"><div class=\"wpb_wrapper\">[vc_custom_heading text=&raquo;Lakselus er en kritisk trussel mot lakseoppdrett&raquo; use_theme_fonts=&raquo;yes&raquo;]<\/div><\/div><\/div><div class=\"vc_col-sm-4 vc_hidden-sm vc_hidden-xs wpb_column vc_column_container\"><div class=\"vc_column-inner\"><div class=\"wpb_wrapper\"><\/div><\/div><\/div><\/div><div class=\"g-cols wpb_row via_flex valign_top type_default stacking_default\"><div class=\"vc_col-sm-4 vc_hidden-sm vc_hidden-xs wpb_column vc_column_container\"><div class=\"vc_column-inner\"><div class=\"wpb_wrapper\"><\/div><\/div><\/div><div class=\"vc_col-sm-12 vc_col-md-8 wpb_column vc_column_container\"><div class=\"vc_column-inner\"><div class=\"wpb_wrapper\"><div class=\"wpb_text_column\"><div class=\"wpb_wrapper\"><p>Lakselus (Lepeophtheirus salmonis) er en parasitt som stort sett lever av hudslim og blod fra laksen. Lakselusinfeksjon kan f\u00f8re til store s\u00e5r p\u00e5 huden og anemi, sekund\u00e6re infeksjoner og i ytterste fall fisked\u00f8d. Lovverket setter klare grenser for hvor mye lus som er tillatt per oppdrettslaks.<\/p>\n<p>Det finnes tiltak for \u00e5 forebygge eller kontrollere lakselusinfeksjon, men de har enten begrenset effekt eller f\u00f8rer til h\u00f8yt stressniv\u00e5 hos laksen. Derfor kan de direkte og indirekte kostnadene ved behandling v\u00e6re betydelige.<\/p>\n<p>Lusep\u00e5slaget p\u00e5 hvert individ varierer stort innad i en gruppe fisk, og variasjonen har vist seg \u00e5 ha en arvelig komponent (figur 1). Det utnytter vi i v\u00e5rt arbeid med lakseavl.<\/p>\n<\/div><\/div><div class=\"w-image align_none meta_simple\"><div class=\"w-image-h\"><img decoding=\"async\" width=\"1024\" height=\"583\" src=\"https:\/\/www.bmkgenetics.com\/wp-content\/uploads\/2021\/01\/LIce_distribution_2018-1-1024x583.png\" class=\"attachment-large size-large\" alt=\"Illustrative figure showing the total lice count on each fish distributed on a large number of sea lice challenged fish from 2018.\" loading=\"lazy\" srcset=\"https:\/\/www.bmkgenetics.com\/wp-content\/uploads\/2021\/01\/LIce_distribution_2018-1-1024x583.png 1024w, https:\/\/www.bmkgenetics.com\/wp-content\/uploads\/2021\/01\/LIce_distribution_2018-1-300x171.png 300w, https:\/\/www.bmkgenetics.com\/wp-content\/uploads\/2021\/01\/LIce_distribution_2018-1.png 1873w\" sizes=\"auto, (max-width: 1024px) 100vw, 1024px\" \/><\/div><div class=\"w-image-meta\"><div class=\"w-image-title\">LIce_distribution_2018-1<\/div><div class=\"w-image-description\">Figure 1: The figure shows the total lice count on each fish distributed on a large number of sea lice challenged fish from 2018.<\/div><\/div><\/div><\/div><\/div><\/div><\/div><\/div><\/div><\/div><\/div><\/div><\/section><section class=\"l-section wpb_row leftheading-rightbody height_large\"><div class=\"l-section-h i-cf\"><div class=\"g-cols vc_row via_flex valign_top type_default stacking_default\"><div class=\"vc_col-sm-12 wpb_column vc_column_container\"><div class=\"vc_column-inner\"><div class=\"wpb_wrapper\"><div class=\"g-cols wpb_row via_flex valign_top type_default stacking_default\"><div class=\"vc_col-sm-12 vc_col-md-8 wpb_column vc_column_container\"><div class=\"vc_column-inner\"><div class=\"wpb_wrapper\">[vc_custom_heading text=&raquo;Benchmark Genetics tilbyr rogn som skal gi laks som er mer robust mot lakselus&raquo; use_theme_fonts=&raquo;yes&raquo;]<\/div><\/div><\/div><div class=\"vc_col-sm-4 vc_hidden-sm vc_hidden-xs wpb_column vc_column_container\"><div class=\"vc_column-inner\"><div class=\"wpb_wrapper\"><\/div><\/div><\/div><\/div><div class=\"g-cols wpb_row via_flex valign_top type_default stacking_default\"><div class=\"vc_col-sm-4 vc_hidden-sm vc_hidden-xs wpb_column vc_column_container\"><div class=\"vc_column-inner\"><div class=\"wpb_wrapper\"><\/div><\/div><\/div><div class=\"vc_col-sm-12 vc_col-md-8 wpb_column vc_column_container\"><div class=\"vc_column-inner\"><div class=\"wpb_wrapper\"><div class=\"wpb_text_column\"><div class=\"wpb_wrapper\"><p>Sammen med <a href=\"https:\/\/nofima.no\/\">matforskningsinstituttet Nofima<\/a> unders\u00f8kte vi laksefamilier fra SalmoBreed-stammen med b\u00e5de h\u00f8y og lav estimert avlsverdi (GEBV) for resistens mot lakselus. Vi \u00f8nsket \u00e5 m\u00e5le om det var signifikante forskjeller i p\u00e5slag av lus mellom de familiene som vi forventet skulle v\u00e6re sterkere mot lus (lav avlsverdi) opp mot familiene som vi forventet skulle v\u00e6re svakere mot lus (h\u00f8y avlsverdi).<\/p>\n<p>SalmoBreed-familiene ble testet under to forhold:<\/p>\n<ol>\n<li>Blandet kar med familier med h\u00f8y og lav GEBV for lakselusresistens<\/li>\n<li>Separate kar med GEBV lakselusresistente familier.<\/li>\n<\/ol>\n<p>I blandet kar viste familiene med lav GEBV betydelig lavere lusep\u00e5slag sammenlignet med familiene med h\u00f8y GEBV, og de presterte konsekvent bra i separate kar.<\/p>\n<p>Familiene med lav GEBV, som ble antatt \u00e5 ha lav grad av lusep\u00e5slag, ble holdt i separate kar (testforhold 2) og p\u00e5f\u00f8rt samme lusetrykk som i blandingkarene (testforhold 1). Ogs\u00e5 i dette fors\u00f8ket forble lusep\u00e5slaget lavt p\u00e5 denne gruppen.<\/p>\n<p>Testmodellen viste signifikante fenotypiske forskjeller i lusep\u00e5slag, som validerer realisert respons p\u00e5 seleksjonen.<\/p>\n<\/div><\/div><div class=\"w-image align_none\"><div class=\"w-image-h\"><img decoding=\"async\" width=\"1024\" height=\"563\" src=\"https:\/\/www.bmkgenetics.com\/wp-content\/uploads\/2021\/01\/Lice_distribution_FutureFish_2017_percentage-1-1024x563.png\" class=\"attachment-large size-large\" alt=\"Illustrative figure showing lice distribution on\" loading=\"lazy\" srcset=\"https:\/\/www.bmkgenetics.com\/wp-content\/uploads\/2021\/01\/Lice_distribution_FutureFish_2017_percentage-1-1024x563.png 1024w, https:\/\/www.bmkgenetics.com\/wp-content\/uploads\/2021\/01\/Lice_distribution_FutureFish_2017_percentage-1-300x165.png 300w\" sizes=\"auto, (max-width: 1024px) 100vw, 1024px\" \/><\/div><\/div><\/div><\/div><\/div><\/div><\/div><\/div><\/div><\/div><\/div><\/section>\n","protected":false},"excerpt":{"rendered":"[vc_custom_heading text=\"Lakselus er en kritisk trussel mot lakseoppdrett\" use_theme_fonts=\"yes\"]Lakselus (Lepeophtheirus salmonis) er en parasitt som stort sett lever av hudslim og blod fra laksen. Lakselusinfeksjon kan f\u00f8re til store s\u00e5r p\u00e5 huden og anemi, sekund\u00e6re infeksjoner og i ytterste fall fisked\u00f8d. Lovverket setter klare grenser for hvor mye lus som er tillatt per oppdrettslaks. Det...","protected":false},"author":99,"featured_media":0,"parent":9394,"menu_order":0,"comment_status":"closed","ping_status":"closed","template":"","meta":{"_acf_changed":false,"footnotes":""},"class_list":["post-9388","page","type-page","status-publish","hentry"],"acf":[],"yoast_head":"<!-- This site is optimized with the Yoast SEO plugin v27.5 - https:\/\/yoast.com\/product\/yoast-seo-wordpress\/ -->\n<title>Lakselus - Salmon Genetics Traits - Benchmark Genetics<\/title>\n<meta name=\"description\" content=\"Lakselus er en parasitt som lever av hudslim og blod fra laksen. Infeksjon kan medf\u00f8re store s\u00e5r, sekund\u00e6re infeksjoner og fisked\u00f8d.\" \/>\n<meta name=\"robots\" content=\"index, follow, max-snippet:-1, max-image-preview:large, max-video-preview:-1\" \/>\n<link rel=\"canonical\" href=\"https:\/\/www.bmkgenetics.com\/no\/genetiske-egenskaper\/lakselus\/\" \/>\n<meta property=\"og:locale\" content=\"nb_NO\" \/>\n<meta property=\"og:type\" content=\"article\" \/>\n<meta property=\"og:title\" content=\"Lakselus - Salmon Genetics Traits - Benchmark Genetics\" \/>\n<meta property=\"og:description\" content=\"Lakselus er en parasitt som lever av hudslim og blod fra laksen. Infeksjon kan medf\u00f8re store s\u00e5r, sekund\u00e6re infeksjoner og fisked\u00f8d.\" \/>\n<meta property=\"og:url\" content=\"https:\/\/www.bmkgenetics.com\/no\/genetiske-egenskaper\/lakselus\/\" \/>\n<meta property=\"og:site_name\" content=\"Benchmark Genetics\" \/>\n<meta property=\"article:publisher\" content=\"https:\/\/www.facebook.com\/benchmarkgenetics\/\" \/>\n<meta property=\"article:modified_time\" content=\"2022-10-27T07:01:45+00:00\" \/>\n<meta property=\"og:image\" content=\"https:\/\/www.bmkgenetics.com\/wp-content\/uploads\/2021\/04\/logo-whitebg-528x135-in-800x600-1.png\" \/>\n\t<meta property=\"og:image:width\" content=\"800\" \/>\n\t<meta property=\"og:image:height\" content=\"600\" \/>\n\t<meta property=\"og:image:type\" content=\"image\/png\" \/>\n<meta name=\"twitter:card\" content=\"summary_large_image\" \/>\n<meta name=\"twitter:site\" content=\"@WeAreBenchmark\" \/>\n<meta name=\"twitter:label1\" content=\"Ansl. lesetid\" \/>\n\t<meta name=\"twitter:data1\" content=\"2 minutter\" \/>\n<script type=\"application\/ld+json\" class=\"yoast-schema-graph\">{\"@context\":\"https:\\\/\\\/schema.org\",\"@graph\":[{\"@type\":\"WebPage\",\"@id\":\"https:\\\/\\\/www.bmkgenetics.com\\\/no\\\/genetiske-egenskaper\\\/lakselus\\\/\",\"url\":\"https:\\\/\\\/www.bmkgenetics.com\\\/no\\\/genetiske-egenskaper\\\/lakselus\\\/\",\"name\":\"Lakselus - Salmon Genetics Traits - Benchmark Genetics\",\"isPartOf\":{\"@id\":\"https:\\\/\\\/www.bmkgenetics.com\\\/no\\\/#website\"},\"datePublished\":\"2022-10-10T07:23:30+00:00\",\"dateModified\":\"2022-10-27T07:01:45+00:00\",\"description\":\"Lakselus er en parasitt som lever av hudslim og blod fra laksen. Infeksjon kan medf\u00f8re store s\u00e5r, sekund\u00e6re infeksjoner og fisked\u00f8d.\",\"breadcrumb\":{\"@id\":\"https:\\\/\\\/www.bmkgenetics.com\\\/no\\\/genetiske-egenskaper\\\/lakselus\\\/#breadcrumb\"},\"inLanguage\":\"nb-NO\",\"potentialAction\":[{\"@type\":\"ReadAction\",\"target\":[\"https:\\\/\\\/www.bmkgenetics.com\\\/no\\\/genetiske-egenskaper\\\/lakselus\\\/\"]}]},{\"@type\":\"BreadcrumbList\",\"@id\":\"https:\\\/\\\/www.bmkgenetics.com\\\/no\\\/genetiske-egenskaper\\\/lakselus\\\/#breadcrumb\",\"itemListElement\":[{\"@type\":\"ListItem\",\"position\":1,\"name\":\"Genetiske egenskaper\",\"item\":\"https:\\\/\\\/www.bmkgenetics.com\\\/no\\\/genetiske-egenskaper\\\/\"},{\"@type\":\"ListItem\",\"position\":2,\"name\":\"Lakselus\"}]},{\"@type\":\"WebSite\",\"@id\":\"https:\\\/\\\/www.bmkgenetics.com\\\/no\\\/#website\",\"url\":\"https:\\\/\\\/www.bmkgenetics.com\\\/no\\\/\",\"name\":\"Benchmark Genetics\",\"description\":\"Driving sustainability in aquaculture\",\"potentialAction\":[{\"@type\":\"SearchAction\",\"target\":{\"@type\":\"EntryPoint\",\"urlTemplate\":\"https:\\\/\\\/www.bmkgenetics.com\\\/no\\\/?s={search_term_string}\"},\"query-input\":{\"@type\":\"PropertyValueSpecification\",\"valueRequired\":true,\"valueName\":\"search_term_string\"}}],\"inLanguage\":\"nb-NO\"}]}<\/script>\n<!-- \/ Yoast SEO plugin. -->","yoast_head_json":{"title":"Lakselus - Salmon Genetics Traits - Benchmark Genetics","description":"Lakselus er en parasitt som lever av hudslim og blod fra laksen. Infeksjon kan medf\u00f8re store s\u00e5r, sekund\u00e6re infeksjoner og fisked\u00f8d.","robots":{"index":"index","follow":"follow","max-snippet":"max-snippet:-1","max-image-preview":"max-image-preview:large","max-video-preview":"max-video-preview:-1"},"canonical":"https:\/\/www.bmkgenetics.com\/no\/genetiske-egenskaper\/lakselus\/","og_locale":"nb_NO","og_type":"article","og_title":"Lakselus - Salmon Genetics Traits - Benchmark Genetics","og_description":"Lakselus er en parasitt som lever av hudslim og blod fra laksen. Infeksjon kan medf\u00f8re store s\u00e5r, sekund\u00e6re infeksjoner og fisked\u00f8d.","og_url":"https:\/\/www.bmkgenetics.com\/no\/genetiske-egenskaper\/lakselus\/","og_site_name":"Benchmark Genetics","article_publisher":"https:\/\/www.facebook.com\/benchmarkgenetics\/","article_modified_time":"2022-10-27T07:01:45+00:00","og_image":[{"width":800,"height":600,"url":"https:\/\/www.bmkgenetics.com\/wp-content\/uploads\/2021\/04\/logo-whitebg-528x135-in-800x600-1.png","type":"image\/png"}],"twitter_card":"summary_large_image","twitter_site":"@WeAreBenchmark","twitter_misc":{"Ansl. lesetid":"2 minutter"},"schema":{"@context":"https:\/\/schema.org","@graph":[{"@type":"WebPage","@id":"https:\/\/www.bmkgenetics.com\/no\/genetiske-egenskaper\/lakselus\/","url":"https:\/\/www.bmkgenetics.com\/no\/genetiske-egenskaper\/lakselus\/","name":"Lakselus - Salmon Genetics Traits - Benchmark Genetics","isPartOf":{"@id":"https:\/\/www.bmkgenetics.com\/no\/#website"},"datePublished":"2022-10-10T07:23:30+00:00","dateModified":"2022-10-27T07:01:45+00:00","description":"Lakselus er en parasitt som lever av hudslim og blod fra laksen. Infeksjon kan medf\u00f8re store s\u00e5r, sekund\u00e6re infeksjoner og fisked\u00f8d.","breadcrumb":{"@id":"https:\/\/www.bmkgenetics.com\/no\/genetiske-egenskaper\/lakselus\/#breadcrumb"},"inLanguage":"nb-NO","potentialAction":[{"@type":"ReadAction","target":["https:\/\/www.bmkgenetics.com\/no\/genetiske-egenskaper\/lakselus\/"]}]},{"@type":"BreadcrumbList","@id":"https:\/\/www.bmkgenetics.com\/no\/genetiske-egenskaper\/lakselus\/#breadcrumb","itemListElement":[{"@type":"ListItem","position":1,"name":"Genetiske egenskaper","item":"https:\/\/www.bmkgenetics.com\/no\/genetiske-egenskaper\/"},{"@type":"ListItem","position":2,"name":"Lakselus"}]},{"@type":"WebSite","@id":"https:\/\/www.bmkgenetics.com\/no\/#website","url":"https:\/\/www.bmkgenetics.com\/no\/","name":"Benchmark Genetics","description":"Driving sustainability in aquaculture","potentialAction":[{"@type":"SearchAction","target":{"@type":"EntryPoint","urlTemplate":"https:\/\/www.bmkgenetics.com\/no\/?s={search_term_string}"},"query-input":{"@type":"PropertyValueSpecification","valueRequired":true,"valueName":"search_term_string"}}],"inLanguage":"nb-NO"}]}},"_links":{"self":[{"href":"https:\/\/www.bmkgenetics.com\/no\/wp-json\/wp\/v2\/pages\/9388","targetHints":{"allow":["GET"]}}],"collection":[{"href":"https:\/\/www.bmkgenetics.com\/no\/wp-json\/wp\/v2\/pages"}],"about":[{"href":"https:\/\/www.bmkgenetics.com\/no\/wp-json\/wp\/v2\/types\/page"}],"author":[{"embeddable":true,"href":"https:\/\/www.bmkgenetics.com\/no\/wp-json\/wp\/v2\/users\/99"}],"replies":[{"embeddable":true,"href":"https:\/\/www.bmkgenetics.com\/no\/wp-json\/wp\/v2\/comments?post=9388"}],"version-history":[{"count":0,"href":"https:\/\/www.bmkgenetics.com\/no\/wp-json\/wp\/v2\/pages\/9388\/revisions"}],"up":[{"embeddable":true,"href":"https:\/\/www.bmkgenetics.com\/no\/wp-json\/wp\/v2\/pages\/9394"}],"wp:attachment":[{"href":"https:\/\/www.bmkgenetics.com\/no\/wp-json\/wp\/v2\/media?parent=9388"}],"curies":[{"name":"wp","href":"https:\/\/api.w.org\/{rel}","templated":true}]}}