{"id":7166,"date":"2021-08-19T11:16:52","date_gmt":"2021-08-19T09:16:52","guid":{"rendered":"https:\/\/www.bmkgenetics.com\/klekkekalkulator\/"},"modified":"2024-04-18T13:56:27","modified_gmt":"2024-04-18T11:56:27","slug":"klekkekalkulator","status":"publish","type":"page","link":"https:\/\/www.bmkgenetics.com\/no\/klekkekalkulator\/","title":{"rendered":"Klekkekalkulator"},"content":{"rendered":"<section class=\"l-section wpb_row klekkekalkulator height_auto\"><div class=\"l-section-h i-cf\"><div class=\"g-cols vc_row via_flex valign_top type_default stacking_default\"><div class=\"vc_col-sm-12 wpb_column vc_column_container\"><div class=\"vc_column-inner\"><div class=\"wpb_wrapper\"><div class=\"w-separator size_medium\"><\/div><div class=\"wpb_text_column\"><div class=\"wpb_wrapper\"><div id=\"vue-frontend-app\"><\/div>\n<\/div><\/div><div class=\"w-separator size_medium\"><\/div><\/div><\/div><\/div><\/div><\/div><\/section>","protected":false},"excerpt":{"rendered":"","protected":false},"author":14,"featured_media":1705,"parent":0,"menu_order":0,"comment_status":"closed","ping_status":"closed","template":"","meta":{"_acf_changed":false,"footnotes":""},"class_list":["post-7166","page","type-page","status-publish","has-post-thumbnail","hentry"],"acf":[],"yoast_head":"<!-- This site is optimized with the Yoast SEO plugin v27.3 - https:\/\/yoast.com\/product\/yoast-seo-wordpress\/ -->\n<title>Klekkekalkulator - Benchmark Genetics<\/title>\n<meta name=\"description\" content=\"V\u00e5r klekkekalkulator brukes for \u00e5 estimere inkubasjonstemperaturen som er n\u00f8dvendig for \u00e5 oppn\u00e5 \u00f8nsket klekkedato.\" \/>\n<meta name=\"robots\" content=\"index, follow, max-snippet:-1, max-image-preview:large, max-video-preview:-1\" \/>\n<link rel=\"canonical\" href=\"https:\/\/www.bmkgenetics.com\/no\/klekkekalkulator\/\" \/>\n<meta property=\"og:locale\" content=\"nb_NO\" \/>\n<meta property=\"og:type\" content=\"article\" \/>\n<meta property=\"og:title\" content=\"Klekkekalkulator - Benchmark Genetics\" \/>\n<meta property=\"og:description\" content=\"V\u00e5r klekkekalkulator brukes for \u00e5 estimere inkubasjonstemperaturen som er n\u00f8dvendig for \u00e5 oppn\u00e5 \u00f8nsket klekkedato.\" \/>\n<meta property=\"og:url\" content=\"https:\/\/www.bmkgenetics.com\/no\/klekkekalkulator\/\" \/>\n<meta property=\"og:site_name\" content=\"Benchmark Genetics\" \/>\n<meta property=\"article:publisher\" content=\"https:\/\/www.facebook.com\/benchmarkgenetics\/\" \/>\n<meta property=\"article:modified_time\" content=\"2024-04-18T11:56:27+00:00\" \/>\n<meta property=\"og:image\" content=\"https:\/\/www.bmkgenetics.com\/wp-content\/uploads\/2021\/02\/lakseegg-klekking.jpg\" \/>\n\t<meta property=\"og:image:width\" content=\"2048\" \/>\n\t<meta property=\"og:image:height\" content=\"1154\" \/>\n\t<meta property=\"og:image:type\" content=\"image\/jpeg\" \/>\n<meta name=\"twitter:card\" content=\"summary_large_image\" \/>\n<meta name=\"twitter:site\" content=\"@WeAreBenchmark\" \/>\n<script type=\"application\/ld+json\" class=\"yoast-schema-graph\">{\"@context\":\"https:\\\/\\\/schema.org\",\"@graph\":[{\"@type\":\"WebPage\",\"@id\":\"https:\\\/\\\/www.bmkgenetics.com\\\/no\\\/klekkekalkulator\\\/\",\"url\":\"https:\\\/\\\/www.bmkgenetics.com\\\/no\\\/klekkekalkulator\\\/\",\"name\":\"Klekkekalkulator - Benchmark Genetics\",\"isPartOf\":{\"@id\":\"https:\\\/\\\/www.bmkgenetics.com\\\/no\\\/#website\"},\"primaryImageOfPage\":{\"@id\":\"https:\\\/\\\/www.bmkgenetics.com\\\/no\\\/klekkekalkulator\\\/#primaryimage\"},\"image\":{\"@id\":\"https:\\\/\\\/www.bmkgenetics.com\\\/no\\\/klekkekalkulator\\\/#primaryimage\"},\"thumbnailUrl\":\"https:\\\/\\\/www.bmkgenetics.com\\\/wp-content\\\/uploads\\\/2021\\\/02\\\/lakseegg-klekking.jpg\",\"datePublished\":\"2021-08-19T09:16:52+00:00\",\"dateModified\":\"2024-04-18T11:56:27+00:00\",\"description\":\"V\u00e5r klekkekalkulator brukes for \u00e5 estimere inkubasjonstemperaturen som er n\u00f8dvendig for \u00e5 oppn\u00e5 \u00f8nsket klekkedato.\",\"inLanguage\":\"nb-NO\",\"potentialAction\":[{\"@type\":\"ReadAction\",\"target\":[\"https:\\\/\\\/www.bmkgenetics.com\\\/no\\\/klekkekalkulator\\\/\"]}]},{\"@type\":\"ImageObject\",\"inLanguage\":\"nb-NO\",\"@id\":\"https:\\\/\\\/www.bmkgenetics.com\\\/no\\\/klekkekalkulator\\\/#primaryimage\",\"url\":\"https:\\\/\\\/www.bmkgenetics.com\\\/wp-content\\\/uploads\\\/2021\\\/02\\\/lakseegg-klekking.jpg\",\"contentUrl\":\"https:\\\/\\\/www.bmkgenetics.com\\\/wp-content\\\/uploads\\\/2021\\\/02\\\/lakseegg-klekking.jpg\",\"width\":2048,\"height\":1154},{\"@type\":\"WebSite\",\"@id\":\"https:\\\/\\\/www.bmkgenetics.com\\\/no\\\/#website\",\"url\":\"https:\\\/\\\/www.bmkgenetics.com\\\/no\\\/\",\"name\":\"Benchmark Genetics\",\"description\":\"Driving sustainability in aquaculture\",\"potentialAction\":[{\"@type\":\"SearchAction\",\"target\":{\"@type\":\"EntryPoint\",\"urlTemplate\":\"https:\\\/\\\/www.bmkgenetics.com\\\/no\\\/?s={search_term_string}\"},\"query-input\":{\"@type\":\"PropertyValueSpecification\",\"valueRequired\":true,\"valueName\":\"search_term_string\"}}],\"inLanguage\":\"nb-NO\"}]}<\/script>\n<!-- \/ Yoast SEO plugin. -->","yoast_head_json":{"title":"Klekkekalkulator - Benchmark Genetics","description":"V\u00e5r klekkekalkulator brukes for \u00e5 estimere inkubasjonstemperaturen som er n\u00f8dvendig for \u00e5 oppn\u00e5 \u00f8nsket klekkedato.","robots":{"index":"index","follow":"follow","max-snippet":"max-snippet:-1","max-image-preview":"max-image-preview:large","max-video-preview":"max-video-preview:-1"},"canonical":"https:\/\/www.bmkgenetics.com\/no\/klekkekalkulator\/","og_locale":"nb_NO","og_type":"article","og_title":"Klekkekalkulator - Benchmark Genetics","og_description":"V\u00e5r klekkekalkulator brukes for \u00e5 estimere inkubasjonstemperaturen som er n\u00f8dvendig for \u00e5 oppn\u00e5 \u00f8nsket klekkedato.","og_url":"https:\/\/www.bmkgenetics.com\/no\/klekkekalkulator\/","og_site_name":"Benchmark Genetics","article_publisher":"https:\/\/www.facebook.com\/benchmarkgenetics\/","article_modified_time":"2024-04-18T11:56:27+00:00","og_image":[{"width":2048,"height":1154,"url":"https:\/\/www.bmkgenetics.com\/wp-content\/uploads\/2021\/02\/lakseegg-klekking.jpg","type":"image\/jpeg"}],"twitter_card":"summary_large_image","twitter_site":"@WeAreBenchmark","schema":{"@context":"https:\/\/schema.org","@graph":[{"@type":"WebPage","@id":"https:\/\/www.bmkgenetics.com\/no\/klekkekalkulator\/","url":"https:\/\/www.bmkgenetics.com\/no\/klekkekalkulator\/","name":"Klekkekalkulator - Benchmark Genetics","isPartOf":{"@id":"https:\/\/www.bmkgenetics.com\/no\/#website"},"primaryImageOfPage":{"@id":"https:\/\/www.bmkgenetics.com\/no\/klekkekalkulator\/#primaryimage"},"image":{"@id":"https:\/\/www.bmkgenetics.com\/no\/klekkekalkulator\/#primaryimage"},"thumbnailUrl":"https:\/\/www.bmkgenetics.com\/wp-content\/uploads\/2021\/02\/lakseegg-klekking.jpg","datePublished":"2021-08-19T09:16:52+00:00","dateModified":"2024-04-18T11:56:27+00:00","description":"V\u00e5r klekkekalkulator brukes for \u00e5 estimere inkubasjonstemperaturen som er n\u00f8dvendig for \u00e5 oppn\u00e5 \u00f8nsket klekkedato.","inLanguage":"nb-NO","potentialAction":[{"@type":"ReadAction","target":["https:\/\/www.bmkgenetics.com\/no\/klekkekalkulator\/"]}]},{"@type":"ImageObject","inLanguage":"nb-NO","@id":"https:\/\/www.bmkgenetics.com\/no\/klekkekalkulator\/#primaryimage","url":"https:\/\/www.bmkgenetics.com\/wp-content\/uploads\/2021\/02\/lakseegg-klekking.jpg","contentUrl":"https:\/\/www.bmkgenetics.com\/wp-content\/uploads\/2021\/02\/lakseegg-klekking.jpg","width":2048,"height":1154},{"@type":"WebSite","@id":"https:\/\/www.bmkgenetics.com\/no\/#website","url":"https:\/\/www.bmkgenetics.com\/no\/","name":"Benchmark Genetics","description":"Driving sustainability in aquaculture","potentialAction":[{"@type":"SearchAction","target":{"@type":"EntryPoint","urlTemplate":"https:\/\/www.bmkgenetics.com\/no\/?s={search_term_string}"},"query-input":{"@type":"PropertyValueSpecification","valueRequired":true,"valueName":"search_term_string"}}],"inLanguage":"nb-NO"}]}},"_links":{"self":[{"href":"https:\/\/www.bmkgenetics.com\/no\/wp-json\/wp\/v2\/pages\/7166","targetHints":{"allow":["GET"]}}],"collection":[{"href":"https:\/\/www.bmkgenetics.com\/no\/wp-json\/wp\/v2\/pages"}],"about":[{"href":"https:\/\/www.bmkgenetics.com\/no\/wp-json\/wp\/v2\/types\/page"}],"author":[{"embeddable":true,"href":"https:\/\/www.bmkgenetics.com\/no\/wp-json\/wp\/v2\/users\/14"}],"replies":[{"embeddable":true,"href":"https:\/\/www.bmkgenetics.com\/no\/wp-json\/wp\/v2\/comments?post=7166"}],"version-history":[{"count":0,"href":"https:\/\/www.bmkgenetics.com\/no\/wp-json\/wp\/v2\/pages\/7166\/revisions"}],"wp:featuredmedia":[{"embeddable":true,"href":"https:\/\/www.bmkgenetics.com\/no\/wp-json\/wp\/v2\/media\/1705"}],"wp:attachment":[{"href":"https:\/\/www.bmkgenetics.com\/no\/wp-json\/wp\/v2\/media?parent=7166"}],"curies":[{"name":"wp","href":"https:\/\/api.w.org\/{rel}","templated":true}]}}