{"id":6854,"date":"2021-08-02T14:51:14","date_gmt":"2021-08-02T12:51:14","guid":{"rendered":"https:\/\/www.bmkgenetics.com\/potensiell-fremgang-med-avlsprogram\/"},"modified":"2021-08-02T14:55:38","modified_gmt":"2021-08-02T12:55:38","slug":"potensiell-fremgang-med-avlsprogram","status":"publish","type":"page","link":"https:\/\/www.bmkgenetics.com\/no\/services\/genetiske-tjenester\/potensiell-fremgang-med-avlsprogram\/","title":{"rendered":"Potensiell fremgang med avlsprogram"},"content":{"rendered":"<section class=\"l-section wpb_row leftheading height_large\"><div class=\"l-section-h i-cf\"><div class=\"g-cols vc_row via_flex valign_top type_default stacking_default\"><div class=\"vc_col-sm-12 vc_col-md-8 wpb_column vc_column_container\"><div class=\"vc_column-inner\"><div class=\"wpb_wrapper\">[vc_custom_heading text=&raquo;Oppdretterligningen&raquo; use_theme_fonts=&raquo;yes&raquo;]<\/div><\/div><\/div><div class=\"vc_col-sm-4 vc_hidden-sm vc_hidden-xs wpb_column vc_column_container\"><div class=\"vc_column-inner\"><div class=\"wpb_wrapper\"><\/div><\/div><\/div><\/div><\/div><\/section><section class=\"l-section wpb_row rightbody height_large\"><div class=\"l-section-h i-cf\"><div class=\"g-cols vc_row via_flex valign_top type_default stacking_default\"><div class=\"vc_col-sm-4 vc_hidden-sm vc_hidden-xs wpb_column vc_column_container\"><div class=\"vc_column-inner\"><div class=\"wpb_wrapper\"><\/div><\/div><\/div><div class=\"vc_col-sm-12 vc_col-md-8 wpb_column vc_column_container\"><div class=\"vc_column-inner\"><div class=\"wpb_wrapper\"><div class=\"wpb_text_column\"><div class=\"wpb_wrapper\"><p>Et godt strukturert avlsprogram vil trinnvis forbedre den genetiske kvaliteten p\u00e5 stamfiskpopulasjonen for hver ny generasjon. Den genetiske gevinsten per generasjon p\u00e5virkes av flere faktorer, som forklart av en utvidet <strong>\u00aboppdretterligning\u00bb<\/strong>.<\/p>\n<\/div><\/div><div class=\"w-tabs style_default switch_click accordion has_scrolling\" style=\"--sections-title-size:inherit\"><div class=\"w-tabs-sections titles-align_none icon_plus cpos_right\"><div class=\"w-tabs-section\" id=\"o51d\"><button class=\"w-tabs-section-header\" aria-controls=\"content-o51d\" aria-expanded=\"false\"><h3 class=\"w-tabs-section-title\">Genetisk variasjon<\/h3><div class=\"w-tabs-section-control\"><\/div><\/button><div  class=\"w-tabs-section-content\" id=\"content-o51d\"><div class=\"w-tabs-section-content-h i-cf\"><div class=\"wpb_text_column\"><div class=\"wpb_wrapper\"><p>En effektiv seleksjon krever en bred genetisk variasjon innen avlspopulasjonen. Effekten p\u00e5 seleksjonen avhenger av mengden av <em>additiv genetisk varians<\/em> og ikke den genetiske variansen generelt. Derfor er det viktig \u00e5 sikre et h\u00f8yt niv\u00e5 av additiv genetisk variasjon for alle interessante egenskaper i avlspopulasjonen.<\/p>\n<\/div><\/div><\/div><\/div><\/div><div class=\"w-tabs-section\" id=\"d61b\"><button class=\"w-tabs-section-header\" aria-controls=\"content-d61b\" aria-expanded=\"false\"><h3 class=\"w-tabs-section-title\">Seleksjonsintensitet<\/h3><div class=\"w-tabs-section-control\"><\/div><\/button><div  class=\"w-tabs-section-content\" id=\"content-d61b\"><div class=\"w-tabs-section-content-h i-cf\"><div class=\"wpb_text_column\"><div class=\"wpb_wrapper\"><p>Seleksjonsintensiteten representerer forskjellen mellom gjennomsnittet av valgte individ og gjennomsnittet av populasjonen, m\u00e5lt i populasjonens fenotypiske standardavvik. Seleksjonsintensiteten vil avhenge av antall individ (avlskandidater) som er tilgjengelige for seleksjonen. N\u00e5r intensiteten \u00f8ker, \u00f8ker ogs\u00e5 seleksjonsresponsen.<\/p>\n<\/div><\/div><\/div><\/div><\/div><div class=\"w-tabs-section\" id=\"t75f\"><button class=\"w-tabs-section-header\" aria-controls=\"content-t75f\" aria-expanded=\"false\"><h3 class=\"w-tabs-section-title\">N\u00f8yaktighet<\/h3><div class=\"w-tabs-section-control\"><\/div><\/button><div  class=\"w-tabs-section-content\" id=\"content-t75f\"><div class=\"w-tabs-section-content-h i-cf\"><div class=\"wpb_text_column\"><div class=\"wpb_wrapper\"><p>N\u00f8yaktigheten p\u00e5 seleksjonen indikerer hvor godt seleksjonskriteriene representerer de utvalgte avlskandidatenes sanne avlsverdier. Seleksjon basert p\u00e5 avlskandidatenes ytelse er veldig effektiv for egenskaper med middels til h\u00f8y arvelighetsestimater (dvs. vekst). N\u00f8yaktigheten til \u00e5 selektere egenskaper med lav arvelighet \u00f8kes ved \u00e5 bruke ytterligere informasjon fra full- og halvs\u00f8sken. Seleksjon basert p\u00e5 genomiske data (dvs. genomisk utvalg) kan betydelig \u00f8ke n\u00f8yaktigheten p\u00e5 seleksjonen, spesielt for egenskaper med lav arvelighet. H\u00f8ye kostnader knyttet til genotyping vil ofte begrense antall genotypede avlskandidater som er tilgjengelige for seleksjon. Derfor b\u00f8r det utvises forsiktighet for \u00e5 unng\u00e5 en reduksjon i seleksjonsintensiteten, for \u00e5 oppn\u00e5 \u00f8kt n\u00f8yaktighet i genomisk seleksjon.<\/p>\n<\/div><\/div><\/div><\/div><\/div><div class=\"w-tabs-section\" id=\"l84c\"><button class=\"w-tabs-section-header\" aria-controls=\"content-l84c\" aria-expanded=\"false\"><h3 class=\"w-tabs-section-title\">Generasjonsintervall<\/h3><div class=\"w-tabs-section-control\"><\/div><\/button><div  class=\"w-tabs-section-content\" id=\"content-l84c\"><div class=\"w-tabs-section-content-h i-cf\"><div class=\"wpb_text_column\"><div class=\"wpb_wrapper\"><p>Generasjonsintervallet er gitt ved gjennomsnittsalderen til avlskandidatene ved f\u00f8dselen av deres avkom, som vil gi neste generasjon avlskandidater. Generasjonsintervallet forenkler beregningen av utvalgssvar per \u00e5r i stedet for per generasjon. Effektive avlsprogrammer b\u00f8r minimere generasjonsintervallet.<\/p>\n<\/div><\/div><\/div><\/div><\/div><div class=\"w-tabs-section\" id=\"i931\"><button class=\"w-tabs-section-header\" aria-controls=\"content-i931\" aria-expanded=\"false\"><h3 class=\"w-tabs-section-title\">Innavlsdepresjon<\/h3><div class=\"w-tabs-section-control\"><\/div><\/button><div  class=\"w-tabs-section-content\" id=\"content-i931\"><div class=\"w-tabs-section-content-h i-cf\"><div class=\"wpb_text_column\"><div class=\"wpb_wrapper\"><p>De fleste populasjoner har flere skadelige recessive alleler skjult i heterozygoter ved lave frekvenser (referert til som populasjonens genetiske belastning). Innavl, dvs. parring mellom individer med for n\u00e6rt slektskap, vil avsl\u00f8re disse skadelige recessive allelene og for\u00e5rsake innavlsdepresjon observert som redusert biologisk ytelse. Dermed b\u00f8r det arbeides for \u00e5 begrense akkumuleringen av innavl i avlspopulasjoner.<\/p>\n<\/div><\/div><\/div><\/div><\/div><\/div><\/div><div class=\"w-image align_none\"><div class=\"w-image-h\"><img decoding=\"async\" width=\"1024\" height=\"572\" src=\"https:\/\/www.bmkgenetics.com\/wp-content\/uploads\/2021\/02\/Illustration_Genetic_Gain_Equation-1-1-1024x572.png\" class=\"attachment-large size-large\" alt=\"\" loading=\"lazy\" srcset=\"https:\/\/www.bmkgenetics.com\/wp-content\/uploads\/2021\/02\/Illustration_Genetic_Gain_Equation-1-1-1024x572.png 1024w, https:\/\/www.bmkgenetics.com\/wp-content\/uploads\/2021\/02\/Illustration_Genetic_Gain_Equation-1-1-300x167.png 300w, https:\/\/www.bmkgenetics.com\/wp-content\/uploads\/2021\/02\/Illustration_Genetic_Gain_Equation-1-1.png 1578w\" sizes=\"auto, (max-width: 1024px) 100vw, 1024px\" \/><\/div><\/div><\/div><\/div><\/div><\/div><\/div><\/section><section class=\"l-section wpb_row leftheading-rightbody height_large\"><div class=\"l-section-h i-cf\"><div class=\"g-cols vc_row via_flex valign_top type_default stacking_default\"><div class=\"vc_col-sm-12 wpb_column vc_column_container\"><div class=\"vc_column-inner\"><div class=\"wpb_wrapper\"><div class=\"g-cols wpb_row via_flex valign_top type_default stacking_default\"><div class=\"vc_col-sm-12 vc_col-md-8 wpb_column vc_column_container\"><div class=\"vc_column-inner\"><div class=\"wpb_wrapper\">[vc_custom_heading text=&raquo;Selektiv avl&raquo; use_theme_fonts=&raquo;yes&raquo;]<\/div><\/div><\/div><div class=\"vc_col-sm-4 vc_hidden-sm vc_hidden-xs wpb_column vc_column_container\"><div class=\"vc_column-inner\"><div class=\"wpb_wrapper\"><\/div><\/div><\/div><\/div><div class=\"g-cols wpb_row via_flex valign_top type_default stacking_default\"><div class=\"vc_col-sm-4 vc_hidden-sm vc_hidden-xs wpb_column vc_column_container\"><div class=\"vc_column-inner\"><div class=\"wpb_wrapper\"><\/div><\/div><\/div><div class=\"vc_col-sm-12 vc_col-md-8 wpb_column vc_column_container\"><div class=\"vc_column-inner\"><div class=\"wpb_wrapper\"><div class=\"wpb_text_column\"><div class=\"wpb_wrapper\"><p>Gjennom seleksjon forbedrer vi populasjonsgjennomsnittet for produksjonseffektivitet og sykdomsegenskaper.<\/p>\n<\/div><\/div><div class=\"wpb_text_column\"><div class=\"wpb_wrapper\"><p>Gjennom selektiv avl kan vi redusere frekvensen av u\u00f8nskede gener og \u00f8ke frekvensen \u00f8nskede gener.<\/p>\n<\/div><\/div><div class=\"wpb_text_column\"><div class=\"wpb_wrapper\"><p>Et godt avlsprogram kan forbedre den genetiske gevinsten per generasjon betydelig, illustrert i bevegelsen av populasjonsgjennomsnittet for vekst i <em>Progift Nile tilapia<\/em>-programmet gjennom 13 generasjoner med selektiv avl. Akvaforsk Genetics Center (AFGC), n\u00e5 Benchmark Genetics, har v\u00e6rt involvert som konsulent i dette programmet siden starten. Interessant nok er de st\u00f8rste dyrene i den opprinnelige populasjonen langt mindre (ca. 250 gr) enn de minste dyrene i F-12 generasjonene.<\/p>\n<\/div><\/div><div class=\"wpb_text_column\"><div class=\"wpb_wrapper\"><p>Ved \u00e5 bruke v\u00e5r ekspertise, v\u00e5re systemer og teknologier skreddersyr vi l\u00f8sninger for \u00e5 hjelpe v\u00e5re kunder med \u00e5 optimalisere den genetiske gevinsten til programmene deres. Hvis du \u00f8nsker \u00e5 l\u00e6re mer om hvordan vi kan hjelpe deg med \u00e5 ta ut det genetiske potensialet i avlsprogrammet ditt, kan du kontakte oss i dag.<\/p>\n<\/div><\/div><div class=\"w-image us_custom_7e4d9b74 align_center meta_simple has_bg_color\"><div class=\"w-image-h\"><img decoding=\"async\" width=\"770\" height=\"472\" src=\"https:\/\/www.bmkgenetics.com\/wp-content\/uploads\/2021\/02\/Genetics-services-fig-2.png\" class=\"attachment-large size-large\" alt=\"\" loading=\"lazy\" srcset=\"https:\/\/www.bmkgenetics.com\/wp-content\/uploads\/2021\/02\/Genetics-services-fig-2.png 770w, https:\/\/www.bmkgenetics.com\/wp-content\/uploads\/2021\/02\/Genetics-services-fig-2-300x184.png 300w\" sizes=\"auto, (max-width: 770px) 100vw, 770px\" \/><\/div><div class=\"w-image-meta\"><div class=\"w-image-title\">Genetics-services-fig-2<\/div><div class=\"w-image-description\">Figure 1: Show how it is possible to move this mean through selecting the largest breeders in the parent generation and thereby get a higher mean in the offspring generation.<\/div><\/div><\/div><div class=\"w-separator size_medium\"><\/div><div class=\"w-image align_center meta_simple\"><a ref=\"magnificPopup\" href=\"https:\/\/www.bmkgenetics.com\/wp-content\/uploads\/2021\/02\/genetics-services-genes.jpg\" aria-label=\"genetics-services-genes\" class=\"w-image-h\"><img decoding=\"async\" width=\"329\" height=\"187\" src=\"https:\/\/www.bmkgenetics.com\/wp-content\/uploads\/2021\/02\/genetics-services-genes.jpg\" class=\"attachment-large size-large\" alt=\"\" loading=\"lazy\" srcset=\"https:\/\/www.bmkgenetics.com\/wp-content\/uploads\/2021\/02\/genetics-services-genes.jpg 329w, https:\/\/www.bmkgenetics.com\/wp-content\/uploads\/2021\/02\/genetics-services-genes-300x171.jpg 300w\" sizes=\"auto, (max-width: 329px) 100vw, 329px\" \/><\/a><div class=\"w-image-meta\"><div class=\"w-image-title\">genetics-services-genes<\/div><div class=\"w-image-description\">Figure 2: How selective breeding develops by generation (Illustration by Kaohsiung - November 20, 2018)<\/div><\/div><\/div><div class=\"w-separator size_medium\"><\/div><\/div><\/div><\/div><\/div><\/div><\/div><\/div><\/div><\/div><\/section>\n","protected":false},"excerpt":{"rendered":"[vc_custom_heading text=\"Oppdretterligningen\" use_theme_fonts=\"yes\"]Et godt strukturert avlsprogram vil trinnvis forbedre den genetiske kvaliteten p\u00e5 stamfiskpopulasjonen for hver ny generasjon. Den genetiske gevinsten per generasjon p\u00e5virkes av flere faktorer, som forklart av en utvidet \u00aboppdretterligning\u00bb. Genetisk variasjonEn effektiv seleksjon krever en bred genetisk variasjon innen avlspopulasjonen. Effekten p\u00e5 seleksjonen avhenger av mengden av additiv genetisk varians og...","protected":false},"author":99,"featured_media":0,"parent":5628,"menu_order":0,"comment_status":"closed","ping_status":"closed","template":"","meta":{"_acf_changed":false,"footnotes":""},"class_list":["post-6854","page","type-page","status-publish","hentry"],"acf":[],"yoast_head":"<!-- This site is optimized with the Yoast SEO plugin v27.5 - https:\/\/yoast.com\/product\/yoast-seo-wordpress\/ -->\n<title>Potensiell fremgang med avlsprogram - Benchmark Genetics<\/title>\n<meta name=\"description\" content=\"Den genetiske gevinsten per generasjon p\u00e5virkes av flere faktorer, som forklart av en utvidet \u00aboppdretterligning\u00bb.\" \/>\n<meta name=\"robots\" content=\"index, follow, max-snippet:-1, max-image-preview:large, max-video-preview:-1\" \/>\n<link rel=\"canonical\" href=\"https:\/\/www.bmkgenetics.com\/no\/services\/genetiske-tjenester\/potensiell-fremgang-med-avlsprogram\/\" \/>\n<meta property=\"og:locale\" content=\"nb_NO\" \/>\n<meta property=\"og:type\" content=\"article\" \/>\n<meta property=\"og:title\" content=\"Potensiell fremgang med avlsprogram - Benchmark Genetics\" \/>\n<meta property=\"og:description\" content=\"Den genetiske gevinsten per generasjon p\u00e5virkes av flere faktorer, som forklart av en utvidet \u00aboppdretterligning\u00bb.\" \/>\n<meta property=\"og:url\" content=\"https:\/\/www.bmkgenetics.com\/no\/services\/genetiske-tjenester\/potensiell-fremgang-med-avlsprogram\/\" \/>\n<meta property=\"og:site_name\" content=\"Benchmark Genetics\" \/>\n<meta property=\"article:publisher\" content=\"https:\/\/www.facebook.com\/benchmarkgenetics\/\" \/>\n<meta property=\"article:modified_time\" content=\"2021-08-02T12:55:38+00:00\" \/>\n<meta property=\"og:image\" content=\"https:\/\/www.bmkgenetics.com\/wp-content\/uploads\/2021\/04\/logo-whitebg-528x135-in-800x600-1.png\" \/>\n\t<meta property=\"og:image:width\" content=\"800\" \/>\n\t<meta property=\"og:image:height\" content=\"600\" \/>\n\t<meta property=\"og:image:type\" content=\"image\/png\" \/>\n<meta name=\"twitter:card\" content=\"summary_large_image\" \/>\n<meta name=\"twitter:site\" content=\"@WeAreBenchmark\" \/>\n<meta name=\"twitter:label1\" content=\"Ansl. lesetid\" \/>\n\t<meta name=\"twitter:data1\" content=\"4 minutter\" \/>\n<script type=\"application\/ld+json\" class=\"yoast-schema-graph\">{\"@context\":\"https:\\\/\\\/schema.org\",\"@graph\":[{\"@type\":\"WebPage\",\"@id\":\"https:\\\/\\\/www.bmkgenetics.com\\\/no\\\/services\\\/genetiske-tjenester\\\/potensiell-fremgang-med-avlsprogram\\\/\",\"url\":\"https:\\\/\\\/www.bmkgenetics.com\\\/no\\\/services\\\/genetiske-tjenester\\\/potensiell-fremgang-med-avlsprogram\\\/\",\"name\":\"Potensiell fremgang med avlsprogram - Benchmark Genetics\",\"isPartOf\":{\"@id\":\"https:\\\/\\\/www.bmkgenetics.com\\\/no\\\/#website\"},\"datePublished\":\"2021-08-02T12:51:14+00:00\",\"dateModified\":\"2021-08-02T12:55:38+00:00\",\"description\":\"Den genetiske gevinsten per generasjon p\u00e5virkes av flere faktorer, som forklart av en utvidet \u00aboppdretterligning\u00bb.\",\"breadcrumb\":{\"@id\":\"https:\\\/\\\/www.bmkgenetics.com\\\/no\\\/services\\\/genetiske-tjenester\\\/potensiell-fremgang-med-avlsprogram\\\/#breadcrumb\"},\"inLanguage\":\"nb-NO\",\"potentialAction\":[{\"@type\":\"ReadAction\",\"target\":[\"https:\\\/\\\/www.bmkgenetics.com\\\/no\\\/services\\\/genetiske-tjenester\\\/potensiell-fremgang-med-avlsprogram\\\/\"]}]},{\"@type\":\"BreadcrumbList\",\"@id\":\"https:\\\/\\\/www.bmkgenetics.com\\\/no\\\/services\\\/genetiske-tjenester\\\/potensiell-fremgang-med-avlsprogram\\\/#breadcrumb\",\"itemListElement\":[{\"@type\":\"ListItem\",\"position\":1,\"name\":\"Produkter\",\"item\":\"https:\\\/\\\/www.bmkgenetics.com\\\/no\\\/services\\\/\"},{\"@type\":\"ListItem\",\"position\":2,\"name\":\"Genetiske tjenester\",\"item\":\"https:\\\/\\\/www.bmkgenetics.com\\\/no\\\/services\\\/genetiske-tjenester\\\/\"},{\"@type\":\"ListItem\",\"position\":3,\"name\":\"Potensiell fremgang med avlsprogram\"}]},{\"@type\":\"WebSite\",\"@id\":\"https:\\\/\\\/www.bmkgenetics.com\\\/no\\\/#website\",\"url\":\"https:\\\/\\\/www.bmkgenetics.com\\\/no\\\/\",\"name\":\"Benchmark Genetics\",\"description\":\"Driving sustainability in aquaculture\",\"potentialAction\":[{\"@type\":\"SearchAction\",\"target\":{\"@type\":\"EntryPoint\",\"urlTemplate\":\"https:\\\/\\\/www.bmkgenetics.com\\\/no\\\/?s={search_term_string}\"},\"query-input\":{\"@type\":\"PropertyValueSpecification\",\"valueRequired\":true,\"valueName\":\"search_term_string\"}}],\"inLanguage\":\"nb-NO\"}]}<\/script>\n<!-- \/ Yoast SEO plugin. -->","yoast_head_json":{"title":"Potensiell fremgang med avlsprogram - Benchmark Genetics","description":"Den genetiske gevinsten per generasjon p\u00e5virkes av flere faktorer, som forklart av en utvidet \u00aboppdretterligning\u00bb.","robots":{"index":"index","follow":"follow","max-snippet":"max-snippet:-1","max-image-preview":"max-image-preview:large","max-video-preview":"max-video-preview:-1"},"canonical":"https:\/\/www.bmkgenetics.com\/no\/services\/genetiske-tjenester\/potensiell-fremgang-med-avlsprogram\/","og_locale":"nb_NO","og_type":"article","og_title":"Potensiell fremgang med avlsprogram - Benchmark Genetics","og_description":"Den genetiske gevinsten per generasjon p\u00e5virkes av flere faktorer, som forklart av en utvidet \u00aboppdretterligning\u00bb.","og_url":"https:\/\/www.bmkgenetics.com\/no\/services\/genetiske-tjenester\/potensiell-fremgang-med-avlsprogram\/","og_site_name":"Benchmark Genetics","article_publisher":"https:\/\/www.facebook.com\/benchmarkgenetics\/","article_modified_time":"2021-08-02T12:55:38+00:00","og_image":[{"width":800,"height":600,"url":"https:\/\/www.bmkgenetics.com\/wp-content\/uploads\/2021\/04\/logo-whitebg-528x135-in-800x600-1.png","type":"image\/png"}],"twitter_card":"summary_large_image","twitter_site":"@WeAreBenchmark","twitter_misc":{"Ansl. lesetid":"4 minutter"},"schema":{"@context":"https:\/\/schema.org","@graph":[{"@type":"WebPage","@id":"https:\/\/www.bmkgenetics.com\/no\/services\/genetiske-tjenester\/potensiell-fremgang-med-avlsprogram\/","url":"https:\/\/www.bmkgenetics.com\/no\/services\/genetiske-tjenester\/potensiell-fremgang-med-avlsprogram\/","name":"Potensiell fremgang med avlsprogram - Benchmark Genetics","isPartOf":{"@id":"https:\/\/www.bmkgenetics.com\/no\/#website"},"datePublished":"2021-08-02T12:51:14+00:00","dateModified":"2021-08-02T12:55:38+00:00","description":"Den genetiske gevinsten per generasjon p\u00e5virkes av flere faktorer, som forklart av en utvidet \u00aboppdretterligning\u00bb.","breadcrumb":{"@id":"https:\/\/www.bmkgenetics.com\/no\/services\/genetiske-tjenester\/potensiell-fremgang-med-avlsprogram\/#breadcrumb"},"inLanguage":"nb-NO","potentialAction":[{"@type":"ReadAction","target":["https:\/\/www.bmkgenetics.com\/no\/services\/genetiske-tjenester\/potensiell-fremgang-med-avlsprogram\/"]}]},{"@type":"BreadcrumbList","@id":"https:\/\/www.bmkgenetics.com\/no\/services\/genetiske-tjenester\/potensiell-fremgang-med-avlsprogram\/#breadcrumb","itemListElement":[{"@type":"ListItem","position":1,"name":"Produkter","item":"https:\/\/www.bmkgenetics.com\/no\/services\/"},{"@type":"ListItem","position":2,"name":"Genetiske tjenester","item":"https:\/\/www.bmkgenetics.com\/no\/services\/genetiske-tjenester\/"},{"@type":"ListItem","position":3,"name":"Potensiell fremgang med avlsprogram"}]},{"@type":"WebSite","@id":"https:\/\/www.bmkgenetics.com\/no\/#website","url":"https:\/\/www.bmkgenetics.com\/no\/","name":"Benchmark Genetics","description":"Driving sustainability in aquaculture","potentialAction":[{"@type":"SearchAction","target":{"@type":"EntryPoint","urlTemplate":"https:\/\/www.bmkgenetics.com\/no\/?s={search_term_string}"},"query-input":{"@type":"PropertyValueSpecification","valueRequired":true,"valueName":"search_term_string"}}],"inLanguage":"nb-NO"}]}},"_links":{"self":[{"href":"https:\/\/www.bmkgenetics.com\/no\/wp-json\/wp\/v2\/pages\/6854","targetHints":{"allow":["GET"]}}],"collection":[{"href":"https:\/\/www.bmkgenetics.com\/no\/wp-json\/wp\/v2\/pages"}],"about":[{"href":"https:\/\/www.bmkgenetics.com\/no\/wp-json\/wp\/v2\/types\/page"}],"author":[{"embeddable":true,"href":"https:\/\/www.bmkgenetics.com\/no\/wp-json\/wp\/v2\/users\/99"}],"replies":[{"embeddable":true,"href":"https:\/\/www.bmkgenetics.com\/no\/wp-json\/wp\/v2\/comments?post=6854"}],"version-history":[{"count":0,"href":"https:\/\/www.bmkgenetics.com\/no\/wp-json\/wp\/v2\/pages\/6854\/revisions"}],"up":[{"embeddable":true,"href":"https:\/\/www.bmkgenetics.com\/no\/wp-json\/wp\/v2\/pages\/5628"}],"wp:attachment":[{"href":"https:\/\/www.bmkgenetics.com\/no\/wp-json\/wp\/v2\/media?parent=6854"}],"curies":[{"name":"wp","href":"https:\/\/api.w.org\/{rel}","templated":true}]}}