{"id":5668,"date":"2021-07-06T11:41:15","date_gmt":"2021-07-06T09:41:15","guid":{"rendered":"https:\/\/www.bmkgenetics.com\/about\/stamfisk-av-laks\/"},"modified":"2022-09-08T13:28:27","modified_gmt":"2022-09-08T11:28:27","slug":"stamfisk-av-laks","status":"publish","type":"page","link":"https:\/\/www.bmkgenetics.com\/no\/about\/stamfisk-av-laks\/","title":{"rendered":"Stamfisk av laks"},"content":{"rendered":"<section class=\"l-section wpb_row leftheading-rightbody height_large\"><div class=\"l-section-h i-cf\"><div class=\"g-cols vc_row via_flex valign_top type_default stacking_default\"><div class=\"vc_col-sm-12 wpb_column vc_column_container\"><div class=\"vc_column-inner\"><div class=\"wpb_wrapper\"><div class=\"g-cols wpb_row via_flex valign_top type_default stacking_default\"><div class=\"vc_col-sm-12 vc_col-md-8 wpb_column vc_column_container\"><div class=\"vc_column-inner\"><div class=\"wpb_wrapper\">[vc_custom_heading text=&raquo;Benchmark Genetics sin stamfiskstrategi&raquo; use_theme_fonts=&raquo;yes&raquo;]<\/div><\/div><\/div><div class=\"vc_col-sm-4 vc_hidden-sm vc_hidden-xs wpb_column vc_column_container\"><div class=\"vc_column-inner\"><div class=\"wpb_wrapper\"><\/div><\/div><\/div><\/div><div class=\"g-cols wpb_row via_flex valign_top type_default stacking_default\"><div class=\"vc_col-sm-4 vc_hidden-sm vc_hidden-xs wpb_column vc_column_container\"><div class=\"vc_column-inner\"><div class=\"wpb_wrapper\"><\/div><\/div><\/div><div class=\"vc_col-sm-12 vc_col-md-8 wpb_column vc_column_container\"><div class=\"vc_column-inner\"><div class=\"wpb_wrapper\"><div class=\"wpb_text_column\"><div class=\"wpb_wrapper\"><p>Benchmark s\u00f8ker kontinuerlig etter forbedringer som kan gi \u00f8kt b\u00e6rekraft, h\u00f8yere genetisk verdi og bedre fiskevelferd. Av denne grunn har vi flyttet en stor del av produksjonen av stamfisk p\u00e5 land i en lengre periode &#8211; og til og med for hele livssyklusen.<\/p>\n<p><strong>Semi-lukket strategi<\/strong><\/p>\n<p>Den s\u00e5kalte Semi-lukket produksjons-strategien betyr at stamfisken overf\u00f8res p\u00e5 land etter bare ett \u00e5r i sj\u00f8en, noe som reduserer den biologiske risikoen betydelig. En slik tiln\u00e6rming gj\u00f8r det ogs\u00e5 mulig \u00e5 kontrollere kj\u00f8nnsmodning og gytetid ved hjelp av avanserte lys- og temperaturregimer som er utviklet av selskapet. Dette resulterer i kontinuerlig produksjon av rogn gjennom hele \u00e5ret.<\/p>\n<p><strong>Lukket strategi<\/strong><\/p>\n<p>Lukket strategi inneb\u00e6rer at vi holder stamfisken p\u00e5 land i hele syklusen &#8211; fra rogn til gyting. En betydelig andel av Benchmark sin globale produksjon f\u00f8lger den lukkede produksjonsmodellen. P\u00e5 samme m\u00e5te som for den semi-lukkede strategien, benyttes lys- og temperaturstyring for \u00e5 f\u00e5 full kontroll med fiskens kj\u00f8nnsmodning. Utover det faktum at vi kan levere rogn hver eneste uke i \u00e5ret, gir ogs\u00e5 strategien en h\u00f8yere niv\u00e5 av biosikkerhet og vi er stolte av \u00e5 kunne hevde at vi har l\u00f8ftet denne til et helt nytt niv\u00e5 for laksen\u00e6ringen.<\/p>\n<\/div><\/div><div class=\"w-image align_none meta_simple\"><a ref=\"magnificPopup\" href=\"https:\/\/www.bmkgenetics.com\/wp-content\/uploads\/2021\/08\/Produksjonsstrategier.jpg\" aria-label=\"Ulike produksjonsstrategier for stamfisk\" class=\"w-image-h\"><img decoding=\"async\" width=\"960\" height=\"540\" src=\"https:\/\/www.bmkgenetics.com\/wp-content\/uploads\/2021\/08\/Produksjonsstrategier.jpg\" class=\"attachment-large size-large\" alt=\"Produksjonsstrategier for stamfisk\" loading=\"lazy\" srcset=\"https:\/\/www.bmkgenetics.com\/wp-content\/uploads\/2021\/08\/Produksjonsstrategier.jpg 960w, https:\/\/www.bmkgenetics.com\/wp-content\/uploads\/2021\/08\/Produksjonsstrategier-300x169.jpg 300w, https:\/\/www.bmkgenetics.com\/wp-content\/uploads\/2021\/08\/Produksjonsstrategier-250x141.jpg 250w, https:\/\/www.bmkgenetics.com\/wp-content\/uploads\/2021\/08\/Produksjonsstrategier-200x113.jpg 200w, https:\/\/www.bmkgenetics.com\/wp-content\/uploads\/2021\/08\/Produksjonsstrategier-150x84.jpg 150w, https:\/\/www.bmkgenetics.com\/wp-content\/uploads\/2021\/08\/Produksjonsstrategier-100x56.jpg 100w, https:\/\/www.bmkgenetics.com\/wp-content\/uploads\/2021\/08\/Produksjonsstrategier-40x23.jpg 40w\" sizes=\"auto, (max-width: 960px) 100vw, 960px\" \/><\/a><div class=\"w-image-meta\"><div class=\"w-image-title\">Ulike produksjonsstrategier for stamfisk<\/div><div class=\"w-image-description\">Benchmark produserer stamfisk i semilukket og lukket produksjon p\u00e5 land<\/div><\/div><\/div><\/div><\/div><\/div><\/div><div class=\"w-separator size_medium\"><\/div>[vc_raw_html]W3Rlc3RpbW9uaWFsIGF1dGhvcj0iR2VpciBPbGF2IE1lbGluZ2VuIl0=[\/vc_raw_html]<\/div><\/div><\/div><\/div><\/div><\/section>\n","protected":false},"excerpt":{"rendered":"[vc_custom_heading text=\"Benchmark Genetics sin stamfiskstrategi\" use_theme_fonts=\"yes\"]Benchmark s\u00f8ker kontinuerlig etter forbedringer som kan gi \u00f8kt b\u00e6rekraft, h\u00f8yere genetisk verdi og bedre fiskevelferd. Av denne grunn har vi flyttet en stor del av produksjonen av stamfisk p\u00e5 land i en lengre periode &#8211; og til og med for hele livssyklusen. Semi-lukket strategi Den s\u00e5kalte Semi-lukket produksjons-strategien betyr...","protected":false},"author":99,"featured_media":0,"parent":5210,"menu_order":0,"comment_status":"closed","ping_status":"closed","template":"","meta":{"_acf_changed":false,"footnotes":""},"class_list":["post-5668","page","type-page","status-publish","hentry"],"acf":[],"yoast_head":"<!-- This site is optimized with the Yoast SEO plugin v27.3 - https:\/\/yoast.com\/product\/yoast-seo-wordpress\/ -->\n<title>Stamfisk av laks - Benchmark Genetics<\/title>\n<meta name=\"description\" content=\"Stamfiskproduksjonen hos Benchmark Genetics foreg\u00e5r stort sett i landbaserte anlegg, men vi har ogs\u00e5 produksjon i sj\u00f8 hos v\u00e5re partnere.\" \/>\n<meta name=\"robots\" content=\"index, follow, max-snippet:-1, max-image-preview:large, max-video-preview:-1\" \/>\n<link rel=\"canonical\" href=\"https:\/\/www.bmkgenetics.com\/no\/about\/stamfisk-av-laks\/\" \/>\n<meta property=\"og:locale\" content=\"nb_NO\" \/>\n<meta property=\"og:type\" content=\"article\" \/>\n<meta property=\"og:title\" content=\"Stamfisk av laks - Benchmark Genetics\" \/>\n<meta property=\"og:description\" content=\"Stamfiskproduksjonen hos Benchmark Genetics foreg\u00e5r stort sett i landbaserte anlegg, men vi har ogs\u00e5 produksjon i sj\u00f8 hos v\u00e5re partnere.\" \/>\n<meta property=\"og:url\" content=\"https:\/\/www.bmkgenetics.com\/no\/about\/stamfisk-av-laks\/\" \/>\n<meta property=\"og:site_name\" content=\"Benchmark Genetics\" \/>\n<meta property=\"article:publisher\" content=\"https:\/\/www.facebook.com\/benchmarkgenetics\/\" \/>\n<meta property=\"article:modified_time\" content=\"2022-09-08T11:28:27+00:00\" \/>\n<meta property=\"og:image\" content=\"https:\/\/www.bmkgenetics.com\/wp-content\/uploads\/2021\/04\/logo-whitebg-528x135-in-800x600-1.png\" \/>\n\t<meta property=\"og:image:width\" content=\"800\" \/>\n\t<meta property=\"og:image:height\" content=\"600\" \/>\n\t<meta property=\"og:image:type\" content=\"image\/png\" \/>\n<meta name=\"twitter:card\" content=\"summary_large_image\" \/>\n<meta name=\"twitter:site\" content=\"@WeAreBenchmark\" \/>\n<meta name=\"twitter:label1\" content=\"Ansl. lesetid\" \/>\n\t<meta name=\"twitter:data1\" content=\"2 minutter\" \/>\n<script type=\"application\/ld+json\" class=\"yoast-schema-graph\">{\"@context\":\"https:\\\/\\\/schema.org\",\"@graph\":[{\"@type\":\"WebPage\",\"@id\":\"https:\\\/\\\/www.bmkgenetics.com\\\/no\\\/about\\\/stamfisk-av-laks\\\/\",\"url\":\"https:\\\/\\\/www.bmkgenetics.com\\\/no\\\/about\\\/stamfisk-av-laks\\\/\",\"name\":\"Stamfisk av laks - Benchmark Genetics\",\"isPartOf\":{\"@id\":\"https:\\\/\\\/www.bmkgenetics.com\\\/no\\\/#website\"},\"datePublished\":\"2021-07-06T09:41:15+00:00\",\"dateModified\":\"2022-09-08T11:28:27+00:00\",\"description\":\"Stamfiskproduksjonen hos Benchmark Genetics foreg\u00e5r stort sett i landbaserte anlegg, men vi har ogs\u00e5 produksjon i sj\u00f8 hos v\u00e5re partnere.\",\"breadcrumb\":{\"@id\":\"https:\\\/\\\/www.bmkgenetics.com\\\/no\\\/about\\\/stamfisk-av-laks\\\/#breadcrumb\"},\"inLanguage\":\"nb-NO\",\"potentialAction\":[{\"@type\":\"ReadAction\",\"target\":[\"https:\\\/\\\/www.bmkgenetics.com\\\/no\\\/about\\\/stamfisk-av-laks\\\/\"]}]},{\"@type\":\"BreadcrumbList\",\"@id\":\"https:\\\/\\\/www.bmkgenetics.com\\\/no\\\/about\\\/stamfisk-av-laks\\\/#breadcrumb\",\"itemListElement\":[{\"@type\":\"ListItem\",\"position\":1,\"name\":\"Om oss\",\"item\":\"https:\\\/\\\/www.bmkgenetics.com\\\/no\\\/about\\\/\"},{\"@type\":\"ListItem\",\"position\":2,\"name\":\"Stamfisk av laks\"}]},{\"@type\":\"WebSite\",\"@id\":\"https:\\\/\\\/www.bmkgenetics.com\\\/no\\\/#website\",\"url\":\"https:\\\/\\\/www.bmkgenetics.com\\\/no\\\/\",\"name\":\"Benchmark Genetics\",\"description\":\"Driving sustainability in aquaculture\",\"potentialAction\":[{\"@type\":\"SearchAction\",\"target\":{\"@type\":\"EntryPoint\",\"urlTemplate\":\"https:\\\/\\\/www.bmkgenetics.com\\\/no\\\/?s={search_term_string}\"},\"query-input\":{\"@type\":\"PropertyValueSpecification\",\"valueRequired\":true,\"valueName\":\"search_term_string\"}}],\"inLanguage\":\"nb-NO\"}]}<\/script>\n<!-- \/ Yoast SEO plugin. -->","yoast_head_json":{"title":"Stamfisk av laks - Benchmark Genetics","description":"Stamfiskproduksjonen hos Benchmark Genetics foreg\u00e5r stort sett i landbaserte anlegg, men vi har ogs\u00e5 produksjon i sj\u00f8 hos v\u00e5re partnere.","robots":{"index":"index","follow":"follow","max-snippet":"max-snippet:-1","max-image-preview":"max-image-preview:large","max-video-preview":"max-video-preview:-1"},"canonical":"https:\/\/www.bmkgenetics.com\/no\/about\/stamfisk-av-laks\/","og_locale":"nb_NO","og_type":"article","og_title":"Stamfisk av laks - Benchmark Genetics","og_description":"Stamfiskproduksjonen hos Benchmark Genetics foreg\u00e5r stort sett i landbaserte anlegg, men vi har ogs\u00e5 produksjon i sj\u00f8 hos v\u00e5re partnere.","og_url":"https:\/\/www.bmkgenetics.com\/no\/about\/stamfisk-av-laks\/","og_site_name":"Benchmark Genetics","article_publisher":"https:\/\/www.facebook.com\/benchmarkgenetics\/","article_modified_time":"2022-09-08T11:28:27+00:00","og_image":[{"width":800,"height":600,"url":"https:\/\/www.bmkgenetics.com\/wp-content\/uploads\/2021\/04\/logo-whitebg-528x135-in-800x600-1.png","type":"image\/png"}],"twitter_card":"summary_large_image","twitter_site":"@WeAreBenchmark","twitter_misc":{"Ansl. lesetid":"2 minutter"},"schema":{"@context":"https:\/\/schema.org","@graph":[{"@type":"WebPage","@id":"https:\/\/www.bmkgenetics.com\/no\/about\/stamfisk-av-laks\/","url":"https:\/\/www.bmkgenetics.com\/no\/about\/stamfisk-av-laks\/","name":"Stamfisk av laks - Benchmark Genetics","isPartOf":{"@id":"https:\/\/www.bmkgenetics.com\/no\/#website"},"datePublished":"2021-07-06T09:41:15+00:00","dateModified":"2022-09-08T11:28:27+00:00","description":"Stamfiskproduksjonen hos Benchmark Genetics foreg\u00e5r stort sett i landbaserte anlegg, men vi har ogs\u00e5 produksjon i sj\u00f8 hos v\u00e5re partnere.","breadcrumb":{"@id":"https:\/\/www.bmkgenetics.com\/no\/about\/stamfisk-av-laks\/#breadcrumb"},"inLanguage":"nb-NO","potentialAction":[{"@type":"ReadAction","target":["https:\/\/www.bmkgenetics.com\/no\/about\/stamfisk-av-laks\/"]}]},{"@type":"BreadcrumbList","@id":"https:\/\/www.bmkgenetics.com\/no\/about\/stamfisk-av-laks\/#breadcrumb","itemListElement":[{"@type":"ListItem","position":1,"name":"Om oss","item":"https:\/\/www.bmkgenetics.com\/no\/about\/"},{"@type":"ListItem","position":2,"name":"Stamfisk av laks"}]},{"@type":"WebSite","@id":"https:\/\/www.bmkgenetics.com\/no\/#website","url":"https:\/\/www.bmkgenetics.com\/no\/","name":"Benchmark Genetics","description":"Driving sustainability in aquaculture","potentialAction":[{"@type":"SearchAction","target":{"@type":"EntryPoint","urlTemplate":"https:\/\/www.bmkgenetics.com\/no\/?s={search_term_string}"},"query-input":{"@type":"PropertyValueSpecification","valueRequired":true,"valueName":"search_term_string"}}],"inLanguage":"nb-NO"}]}},"_links":{"self":[{"href":"https:\/\/www.bmkgenetics.com\/no\/wp-json\/wp\/v2\/pages\/5668","targetHints":{"allow":["GET"]}}],"collection":[{"href":"https:\/\/www.bmkgenetics.com\/no\/wp-json\/wp\/v2\/pages"}],"about":[{"href":"https:\/\/www.bmkgenetics.com\/no\/wp-json\/wp\/v2\/types\/page"}],"author":[{"embeddable":true,"href":"https:\/\/www.bmkgenetics.com\/no\/wp-json\/wp\/v2\/users\/99"}],"replies":[{"embeddable":true,"href":"https:\/\/www.bmkgenetics.com\/no\/wp-json\/wp\/v2\/comments?post=5668"}],"version-history":[{"count":0,"href":"https:\/\/www.bmkgenetics.com\/no\/wp-json\/wp\/v2\/pages\/5668\/revisions"}],"up":[{"embeddable":true,"href":"https:\/\/www.bmkgenetics.com\/no\/wp-json\/wp\/v2\/pages\/5210"}],"wp:attachment":[{"href":"https:\/\/www.bmkgenetics.com\/no\/wp-json\/wp\/v2\/media?parent=5668"}],"curies":[{"name":"wp","href":"https:\/\/api.w.org\/{rel}","templated":true}]}}