{"id":5667,"date":"2021-07-06T11:34:37","date_gmt":"2021-07-06T09:34:37","guid":{"rendered":"https:\/\/www.bmkgenetics.com\/about\/vare-tjenester\/"},"modified":"2021-07-06T11:35:24","modified_gmt":"2021-07-06T09:35:24","slug":"vare-tjenester","status":"publish","type":"page","link":"https:\/\/www.bmkgenetics.com\/no\/about\/vare-tjenester\/","title":{"rendered":"V\u00e5re tjenester"},"content":{"rendered":"<section class=\"l-section wpb_row leftheading-rightbody height_large\"><div class=\"l-section-h i-cf\"><div class=\"g-cols vc_row via_flex valign_top type_default stacking_default\"><div class=\"vc_col-sm-12 wpb_column vc_column_container\"><div class=\"vc_column-inner\"><div class=\"wpb_wrapper\"><div class=\"g-cols wpb_row via_flex valign_top type_default stacking_default\"><div class=\"vc_col-sm-12 vc_col-md-8 wpb_column vc_column_container\"><div class=\"vc_column-inner\"><div class=\"wpb_wrapper\">[vc_custom_heading text=&raquo;Lang erfaring&raquo; use_theme_fonts=&raquo;yes&raquo;]<\/div><\/div><\/div><div class=\"vc_col-sm-4 vc_hidden-sm vc_hidden-xs wpb_column vc_column_container\"><div class=\"vc_column-inner\"><div class=\"wpb_wrapper\"><\/div><\/div><\/div><\/div><div class=\"g-cols wpb_row via_flex valign_top type_default stacking_default\"><div class=\"vc_col-sm-4 vc_hidden-sm vc_hidden-xs wpb_column vc_column_container\"><div class=\"vc_column-inner\"><div class=\"wpb_wrapper\"><\/div><\/div><\/div><div class=\"vc_col-sm-12 vc_col-md-8 wpb_column vc_column_container\"><div class=\"vc_column-inner\"><div class=\"wpb_wrapper\"><div class=\"wpb_text_column\"><div class=\"wpb_wrapper\"><p>Opp gjennom \u00e5rene har Akvaforsk Genetics\u00ae f\u00e5tt lang erfaring med \u00e5 <strong>designe,<\/strong> <strong>implementere<\/strong> og <strong>utf\u00f8re<\/strong> rutinemessige tekniske tjenester for mer enn 30 anvendte selektive avlsprogrammer med fisk og krepsdyrarter i Europa, Asia og Latin-Amerika.<\/p>\n<p>Disse programmene dekker flere kommersielt viktige oppdrettsarter, inkludert laks, tilapia, marine fiskearter og krepsdyr. Vi gjennomf\u00f8rer ogs\u00e5 rutinemessig <strong>eksterne gjennomganger<\/strong> av tredjeparters forvaltning av stamfisk og drift knyttet til avlsprogrammer.<\/p>\n<\/div><\/div><\/div><\/div><\/div><\/div><\/div><\/div><\/div><\/div><\/div><\/section><section class=\"l-section wpb_row height_large\"><div class=\"l-section-h i-cf\"><div class=\"g-cols vc_row via_flex valign_top type_default stacking_default\"><div class=\"vc_col-sm-12 wpb_column vc_column_container\"><div class=\"vc_column-inner\"><div class=\"wpb_wrapper\">[vc_raw_html]W3Rlc3RpbW9uaWFsIGlkPSI4MDkiXQ==[\/vc_raw_html]<\/div><\/div><\/div><\/div><\/div><\/section>\n","protected":false},"excerpt":{"rendered":"[vc_custom_heading text=\"Lang erfaring\" use_theme_fonts=\"yes\"]Opp gjennom \u00e5rene har Akvaforsk Genetics\u00ae f\u00e5tt lang erfaring med \u00e5 designe, implementere og utf\u00f8re rutinemessige tekniske tjenester for mer enn 30 anvendte selektive avlsprogrammer med fisk og krepsdyrarter i Europa, Asia og Latin-Amerika. Disse programmene dekker flere kommersielt viktige oppdrettsarter, inkludert laks, tilapia, marine fiskearter og krepsdyr. Vi gjennomf\u00f8rer ogs\u00e5 rutinemessig...","protected":false},"author":99,"featured_media":0,"parent":5210,"menu_order":0,"comment_status":"closed","ping_status":"closed","template":"","meta":{"_acf_changed":false,"footnotes":""},"class_list":["post-5667","page","type-page","status-publish","hentry"],"acf":[],"yoast_head":"<!-- This site is optimized with the Yoast SEO plugin v27.5 - https:\/\/yoast.com\/product\/yoast-seo-wordpress\/ -->\n<title>V\u00e5re tjenester - Genetics Services - Benchmark Genetics -<\/title>\n<meta name=\"description\" content=\"Hos Benchmark Genetics betjenes hver klient unikt basert p\u00e5 deres behov og tilgjengelige ressurser. Vi kan derfor hevde at vi tilbyr \u00abskreddersydde\u00bb tjenester som har som m\u00e5l \u00e5 optimaliserer hver enkelt kundes avkastning (ROI).\" \/>\n<meta name=\"robots\" content=\"index, follow, max-snippet:-1, max-image-preview:large, max-video-preview:-1\" \/>\n<link rel=\"canonical\" href=\"https:\/\/www.bmkgenetics.com\/no\/about\/vare-tjenester\/\" \/>\n<meta property=\"og:locale\" content=\"nb_NO\" \/>\n<meta property=\"og:type\" content=\"article\" \/>\n<meta property=\"og:title\" content=\"V\u00e5re tjenester - Genetics Services - Benchmark Genetics -\" \/>\n<meta property=\"og:description\" content=\"Hos Benchmark Genetics betjenes hver klient unikt basert p\u00e5 deres behov og tilgjengelige ressurser. Vi kan derfor hevde at vi tilbyr \u00abskreddersydde\u00bb tjenester som har som m\u00e5l \u00e5 optimaliserer hver enkelt kundes avkastning (ROI).\" \/>\n<meta property=\"og:url\" content=\"https:\/\/www.bmkgenetics.com\/no\/about\/vare-tjenester\/\" \/>\n<meta property=\"og:site_name\" content=\"Benchmark Genetics\" \/>\n<meta property=\"article:publisher\" content=\"https:\/\/www.facebook.com\/benchmarkgenetics\/\" \/>\n<meta property=\"article:modified_time\" content=\"2021-07-06T09:35:24+00:00\" \/>\n<meta property=\"og:image\" content=\"https:\/\/www.bmkgenetics.com\/wp-content\/uploads\/2021\/04\/logo-whitebg-528x135-in-800x600-1.png\" \/>\n\t<meta property=\"og:image:width\" content=\"800\" \/>\n\t<meta property=\"og:image:height\" content=\"600\" \/>\n\t<meta property=\"og:image:type\" content=\"image\/png\" \/>\n<meta name=\"twitter:card\" content=\"summary_large_image\" \/>\n<meta name=\"twitter:site\" content=\"@WeAreBenchmark\" \/>\n<meta name=\"twitter:label1\" content=\"Ansl. lesetid\" \/>\n\t<meta name=\"twitter:data1\" content=\"1 minutt\" \/>\n<script type=\"application\/ld+json\" class=\"yoast-schema-graph\">{\"@context\":\"https:\\\/\\\/schema.org\",\"@graph\":[{\"@type\":\"WebPage\",\"@id\":\"https:\\\/\\\/www.bmkgenetics.com\\\/no\\\/about\\\/vare-tjenester\\\/\",\"url\":\"https:\\\/\\\/www.bmkgenetics.com\\\/no\\\/about\\\/vare-tjenester\\\/\",\"name\":\"V\u00e5re tjenester - Genetics Services - Benchmark Genetics -\",\"isPartOf\":{\"@id\":\"https:\\\/\\\/www.bmkgenetics.com\\\/no\\\/#website\"},\"datePublished\":\"2021-07-06T09:34:37+00:00\",\"dateModified\":\"2021-07-06T09:35:24+00:00\",\"description\":\"Hos Benchmark Genetics betjenes hver klient unikt basert p\u00e5 deres behov og tilgjengelige ressurser. Vi kan derfor hevde at vi tilbyr \u00abskreddersydde\u00bb tjenester som har som m\u00e5l \u00e5 optimaliserer hver enkelt kundes avkastning (ROI).\",\"breadcrumb\":{\"@id\":\"https:\\\/\\\/www.bmkgenetics.com\\\/no\\\/about\\\/vare-tjenester\\\/#breadcrumb\"},\"inLanguage\":\"nb-NO\",\"potentialAction\":[{\"@type\":\"ReadAction\",\"target\":[\"https:\\\/\\\/www.bmkgenetics.com\\\/no\\\/about\\\/vare-tjenester\\\/\"]}]},{\"@type\":\"BreadcrumbList\",\"@id\":\"https:\\\/\\\/www.bmkgenetics.com\\\/no\\\/about\\\/vare-tjenester\\\/#breadcrumb\",\"itemListElement\":[{\"@type\":\"ListItem\",\"position\":1,\"name\":\"Om oss\",\"item\":\"https:\\\/\\\/www.bmkgenetics.com\\\/no\\\/about\\\/\"},{\"@type\":\"ListItem\",\"position\":2,\"name\":\"V\u00e5re tjenester\"}]},{\"@type\":\"WebSite\",\"@id\":\"https:\\\/\\\/www.bmkgenetics.com\\\/no\\\/#website\",\"url\":\"https:\\\/\\\/www.bmkgenetics.com\\\/no\\\/\",\"name\":\"Benchmark Genetics\",\"description\":\"Driving sustainability in aquaculture\",\"potentialAction\":[{\"@type\":\"SearchAction\",\"target\":{\"@type\":\"EntryPoint\",\"urlTemplate\":\"https:\\\/\\\/www.bmkgenetics.com\\\/no\\\/?s={search_term_string}\"},\"query-input\":{\"@type\":\"PropertyValueSpecification\",\"valueRequired\":true,\"valueName\":\"search_term_string\"}}],\"inLanguage\":\"nb-NO\"}]}<\/script>\n<!-- \/ Yoast SEO plugin. -->","yoast_head_json":{"title":"V\u00e5re tjenester - Genetics Services - Benchmark Genetics -","description":"Hos Benchmark Genetics betjenes hver klient unikt basert p\u00e5 deres behov og tilgjengelige ressurser. Vi kan derfor hevde at vi tilbyr \u00abskreddersydde\u00bb tjenester som har som m\u00e5l \u00e5 optimaliserer hver enkelt kundes avkastning (ROI).","robots":{"index":"index","follow":"follow","max-snippet":"max-snippet:-1","max-image-preview":"max-image-preview:large","max-video-preview":"max-video-preview:-1"},"canonical":"https:\/\/www.bmkgenetics.com\/no\/about\/vare-tjenester\/","og_locale":"nb_NO","og_type":"article","og_title":"V\u00e5re tjenester - Genetics Services - Benchmark Genetics -","og_description":"Hos Benchmark Genetics betjenes hver klient unikt basert p\u00e5 deres behov og tilgjengelige ressurser. Vi kan derfor hevde at vi tilbyr \u00abskreddersydde\u00bb tjenester som har som m\u00e5l \u00e5 optimaliserer hver enkelt kundes avkastning (ROI).","og_url":"https:\/\/www.bmkgenetics.com\/no\/about\/vare-tjenester\/","og_site_name":"Benchmark Genetics","article_publisher":"https:\/\/www.facebook.com\/benchmarkgenetics\/","article_modified_time":"2021-07-06T09:35:24+00:00","og_image":[{"width":800,"height":600,"url":"https:\/\/www.bmkgenetics.com\/wp-content\/uploads\/2021\/04\/logo-whitebg-528x135-in-800x600-1.png","type":"image\/png"}],"twitter_card":"summary_large_image","twitter_site":"@WeAreBenchmark","twitter_misc":{"Ansl. lesetid":"1 minutt"},"schema":{"@context":"https:\/\/schema.org","@graph":[{"@type":"WebPage","@id":"https:\/\/www.bmkgenetics.com\/no\/about\/vare-tjenester\/","url":"https:\/\/www.bmkgenetics.com\/no\/about\/vare-tjenester\/","name":"V\u00e5re tjenester - Genetics Services - Benchmark Genetics -","isPartOf":{"@id":"https:\/\/www.bmkgenetics.com\/no\/#website"},"datePublished":"2021-07-06T09:34:37+00:00","dateModified":"2021-07-06T09:35:24+00:00","description":"Hos Benchmark Genetics betjenes hver klient unikt basert p\u00e5 deres behov og tilgjengelige ressurser. Vi kan derfor hevde at vi tilbyr \u00abskreddersydde\u00bb tjenester som har som m\u00e5l \u00e5 optimaliserer hver enkelt kundes avkastning (ROI).","breadcrumb":{"@id":"https:\/\/www.bmkgenetics.com\/no\/about\/vare-tjenester\/#breadcrumb"},"inLanguage":"nb-NO","potentialAction":[{"@type":"ReadAction","target":["https:\/\/www.bmkgenetics.com\/no\/about\/vare-tjenester\/"]}]},{"@type":"BreadcrumbList","@id":"https:\/\/www.bmkgenetics.com\/no\/about\/vare-tjenester\/#breadcrumb","itemListElement":[{"@type":"ListItem","position":1,"name":"Om oss","item":"https:\/\/www.bmkgenetics.com\/no\/about\/"},{"@type":"ListItem","position":2,"name":"V\u00e5re tjenester"}]},{"@type":"WebSite","@id":"https:\/\/www.bmkgenetics.com\/no\/#website","url":"https:\/\/www.bmkgenetics.com\/no\/","name":"Benchmark Genetics","description":"Driving sustainability in aquaculture","potentialAction":[{"@type":"SearchAction","target":{"@type":"EntryPoint","urlTemplate":"https:\/\/www.bmkgenetics.com\/no\/?s={search_term_string}"},"query-input":{"@type":"PropertyValueSpecification","valueRequired":true,"valueName":"search_term_string"}}],"inLanguage":"nb-NO"}]}},"_links":{"self":[{"href":"https:\/\/www.bmkgenetics.com\/no\/wp-json\/wp\/v2\/pages\/5667","targetHints":{"allow":["GET"]}}],"collection":[{"href":"https:\/\/www.bmkgenetics.com\/no\/wp-json\/wp\/v2\/pages"}],"about":[{"href":"https:\/\/www.bmkgenetics.com\/no\/wp-json\/wp\/v2\/types\/page"}],"author":[{"embeddable":true,"href":"https:\/\/www.bmkgenetics.com\/no\/wp-json\/wp\/v2\/users\/99"}],"replies":[{"embeddable":true,"href":"https:\/\/www.bmkgenetics.com\/no\/wp-json\/wp\/v2\/comments?post=5667"}],"version-history":[{"count":0,"href":"https:\/\/www.bmkgenetics.com\/no\/wp-json\/wp\/v2\/pages\/5667\/revisions"}],"up":[{"embeddable":true,"href":"https:\/\/www.bmkgenetics.com\/no\/wp-json\/wp\/v2\/pages\/5210"}],"wp:attachment":[{"href":"https:\/\/www.bmkgenetics.com\/no\/wp-json\/wp\/v2\/media?parent=5667"}],"curies":[{"name":"wp","href":"https:\/\/api.w.org\/{rel}","templated":true}]}}