{"id":5655,"date":"2021-07-06T10:06:56","date_gmt":"2021-07-06T08:06:56","guid":{"rendered":"https:\/\/www.bmkgenetics.com\/services\/laks\/norway\/lonningdal\/"},"modified":"2021-07-06T10:06:57","modified_gmt":"2021-07-06T08:06:57","slug":"lonningdal","status":"publish","type":"page","link":"https:\/\/www.bmkgenetics.com\/no\/services\/laks\/norway\/lonningdal\/","title":{"rendered":"L\u00f8nningdal"},"content":{"rendered":"<section class=\"l-section wpb_row leftheading-rightbody height_large\"><div class=\"l-section-h i-cf\"><div class=\"g-cols vc_row via_flex valign_top type_default stacking_default\"><div class=\"vc_col-sm-12 wpb_column vc_column_container\"><div class=\"vc_column-inner\"><div class=\"wpb_wrapper\"><div class=\"g-cols wpb_row via_flex valign_top type_default stacking_default\"><div class=\"vc_col-sm-12 vc_col-md-8 wpb_column vc_column_container\"><div class=\"vc_column-inner\"><div class=\"wpb_wrapper\">[vc_custom_heading text=&raquo;Avlssenteret for atlantisk laks&raquo; use_theme_fonts=&raquo;yes&raquo;]<\/div><\/div><\/div><div class=\"vc_col-sm-4 vc_hidden-sm vc_hidden-xs wpb_column vc_column_container\"><div class=\"vc_column-inner\"><div class=\"wpb_wrapper\"><\/div><\/div><\/div><\/div><div class=\"g-cols wpb_row via_flex valign_top type_default stacking_default\"><div class=\"vc_col-sm-4 vc_hidden-sm vc_hidden-xs wpb_column vc_column_container\"><div class=\"vc_column-inner\"><div class=\"wpb_wrapper\"><\/div><\/div><\/div><div class=\"vc_col-sm-12 vc_col-md-8 wpb_column vc_column_container\"><div class=\"vc_column-inner\"><div class=\"wpb_wrapper\"><div class=\"wpb_text_column\"><div class=\"wpb_wrapper\"><p>L\u00f8nningdal, som er v\u00e5r avlsstasjon for SalmoBreed-stammen, ligger i Bj\u00f8rnafjorden kommune, ca. 45 min kj\u00f8retur s\u00f8r for Bergen. Hvert \u00e5r produseres det 350 familier til avlskjernen samt smolt til stamfisklinjer. Opprinnelig var anlegget en forskningsstasjon for en f\u00f4rprodusent, men ble kj\u00f8pt opp av Benchmark i 2015 og ombygget til et moderne avlssenter.<\/p>\n<p>I L\u00f8nningdal blir familiene holdt i sm\u00e5, individuelle kar frem til de veier ca. 20 gr. Da er det tid for \u00e5 merke fisken med en s\u00e5kalt \u00abpit-tag\u00bb som gj\u00f8r det mulig \u00e5 identifisere fisken videre i livsl\u00f8pet. Fisken forblir i anlegget frem til den er smolt og klar for \u00e5 bli sendt videre til Benchmark Genetics Salten og v\u00e5re partner-produsenter for \u00e5 bli neste generasjons stamfisk.<\/p>\n<\/div><\/div><\/div><\/div><\/div><\/div><\/div><\/div><\/div><\/div><\/div><\/section>\n","protected":false},"excerpt":{"rendered":"[vc_custom_heading text=\"Avlssenteret for atlantisk laks\" use_theme_fonts=\"yes\"]L\u00f8nningdal, som er v\u00e5r avlsstasjon for SalmoBreed-stammen, ligger i Bj\u00f8rnafjorden kommune, ca. 45 min kj\u00f8retur s\u00f8r for Bergen. Hvert \u00e5r produseres det 350 familier til avlskjernen samt smolt til stamfisklinjer. Opprinnelig var anlegget en forskningsstasjon for en f\u00f4rprodusent, men ble kj\u00f8pt opp av Benchmark i 2015 og ombygget til et...","protected":false},"author":99,"featured_media":0,"parent":28,"menu_order":0,"comment_status":"closed","ping_status":"closed","template":"","meta":{"_acf_changed":false,"footnotes":""},"class_list":["post-5655","page","type-page","status-publish","hentry"],"acf":[],"yoast_head":"<!-- This site is optimized with the Yoast SEO plugin v27.4 - https:\/\/yoast.com\/product\/yoast-seo-wordpress\/ -->\n<title>L\u00f8nningdal - Benchmark Genetics - Avlsarbeid for fremtiden<\/title>\n<meta name=\"description\" content=\"P\u00e5 avlssenteret v\u00e5rt i L\u00f8nningdal produserer vi avlskjernen til SalmoBreed-stammen. Hvert \u00e5r blir det produsert ca. 350 familer her.\" \/>\n<meta name=\"robots\" content=\"index, follow, max-snippet:-1, max-image-preview:large, max-video-preview:-1\" \/>\n<link rel=\"canonical\" href=\"https:\/\/www.bmkgenetics.com\/no\/services\/laks\/norway\/lonningdal\/\" \/>\n<meta property=\"og:locale\" content=\"nb_NO\" \/>\n<meta property=\"og:type\" content=\"article\" \/>\n<meta property=\"og:title\" content=\"L\u00f8nningdal - Benchmark Genetics - Avlsarbeid for fremtiden\" \/>\n<meta property=\"og:description\" content=\"P\u00e5 avlssenteret v\u00e5rt i L\u00f8nningdal produserer vi avlskjernen til SalmoBreed-stammen. Hvert \u00e5r blir det produsert ca. 350 familer her.\" \/>\n<meta property=\"og:url\" content=\"https:\/\/www.bmkgenetics.com\/no\/services\/laks\/norway\/lonningdal\/\" \/>\n<meta property=\"og:site_name\" content=\"Benchmark Genetics\" \/>\n<meta property=\"article:publisher\" content=\"https:\/\/www.facebook.com\/benchmarkgenetics\/\" \/>\n<meta property=\"article:modified_time\" content=\"2021-07-06T08:06:57+00:00\" \/>\n<meta property=\"og:image\" content=\"https:\/\/www.bmkgenetics.com\/wp-content\/uploads\/2021\/04\/logo-whitebg-528x135-in-800x600-1.png\" \/>\n\t<meta property=\"og:image:width\" content=\"800\" \/>\n\t<meta property=\"og:image:height\" content=\"600\" \/>\n\t<meta property=\"og:image:type\" content=\"image\/png\" \/>\n<meta name=\"twitter:card\" content=\"summary_large_image\" \/>\n<meta name=\"twitter:site\" content=\"@WeAreBenchmark\" \/>\n<meta name=\"twitter:label1\" content=\"Ansl. lesetid\" \/>\n\t<meta name=\"twitter:data1\" content=\"1 minutt\" \/>\n<script type=\"application\/ld+json\" class=\"yoast-schema-graph\">{\"@context\":\"https:\\\/\\\/schema.org\",\"@graph\":[{\"@type\":\"WebPage\",\"@id\":\"https:\\\/\\\/www.bmkgenetics.com\\\/no\\\/services\\\/laks\\\/norway\\\/lonningdal\\\/\",\"url\":\"https:\\\/\\\/www.bmkgenetics.com\\\/no\\\/services\\\/laks\\\/norway\\\/lonningdal\\\/\",\"name\":\"L\u00f8nningdal - Benchmark Genetics - Avlsarbeid for fremtiden\",\"isPartOf\":{\"@id\":\"https:\\\/\\\/www.bmkgenetics.com\\\/no\\\/#website\"},\"datePublished\":\"2021-07-06T08:06:56+00:00\",\"dateModified\":\"2021-07-06T08:06:57+00:00\",\"description\":\"P\u00e5 avlssenteret v\u00e5rt i L\u00f8nningdal produserer vi avlskjernen til SalmoBreed-stammen. Hvert \u00e5r blir det produsert ca. 350 familer her.\",\"breadcrumb\":{\"@id\":\"https:\\\/\\\/www.bmkgenetics.com\\\/no\\\/services\\\/laks\\\/norway\\\/lonningdal\\\/#breadcrumb\"},\"inLanguage\":\"nb-NO\",\"potentialAction\":[{\"@type\":\"ReadAction\",\"target\":[\"https:\\\/\\\/www.bmkgenetics.com\\\/no\\\/services\\\/laks\\\/norway\\\/lonningdal\\\/\"]}]},{\"@type\":\"BreadcrumbList\",\"@id\":\"https:\\\/\\\/www.bmkgenetics.com\\\/no\\\/services\\\/laks\\\/norway\\\/lonningdal\\\/#breadcrumb\",\"itemListElement\":[{\"@type\":\"ListItem\",\"position\":1,\"name\":\"Produkter\",\"item\":\"https:\\\/\\\/www.bmkgenetics.com\\\/no\\\/services\\\/\"},{\"@type\":\"ListItem\",\"position\":2,\"name\":\"Lakserogn\",\"item\":\"https:\\\/\\\/www.bmkgenetics.com\\\/no\\\/services\\\/laks\\\/\"},{\"@type\":\"ListItem\",\"position\":3,\"name\":\"Norge\",\"item\":\"https:\\\/\\\/www.bmkgenetics.com\\\/no\\\/services\\\/laks\\\/norway\\\/\"},{\"@type\":\"ListItem\",\"position\":4,\"name\":\"L\u00f8nningdal\"}]},{\"@type\":\"WebSite\",\"@id\":\"https:\\\/\\\/www.bmkgenetics.com\\\/no\\\/#website\",\"url\":\"https:\\\/\\\/www.bmkgenetics.com\\\/no\\\/\",\"name\":\"Benchmark Genetics\",\"description\":\"Driving sustainability in aquaculture\",\"potentialAction\":[{\"@type\":\"SearchAction\",\"target\":{\"@type\":\"EntryPoint\",\"urlTemplate\":\"https:\\\/\\\/www.bmkgenetics.com\\\/no\\\/?s={search_term_string}\"},\"query-input\":{\"@type\":\"PropertyValueSpecification\",\"valueRequired\":true,\"valueName\":\"search_term_string\"}}],\"inLanguage\":\"nb-NO\"}]}<\/script>\n<!-- \/ Yoast SEO plugin. -->","yoast_head_json":{"title":"L\u00f8nningdal - Benchmark Genetics - Avlsarbeid for fremtiden","description":"P\u00e5 avlssenteret v\u00e5rt i L\u00f8nningdal produserer vi avlskjernen til SalmoBreed-stammen. Hvert \u00e5r blir det produsert ca. 350 familer her.","robots":{"index":"index","follow":"follow","max-snippet":"max-snippet:-1","max-image-preview":"max-image-preview:large","max-video-preview":"max-video-preview:-1"},"canonical":"https:\/\/www.bmkgenetics.com\/no\/services\/laks\/norway\/lonningdal\/","og_locale":"nb_NO","og_type":"article","og_title":"L\u00f8nningdal - Benchmark Genetics - Avlsarbeid for fremtiden","og_description":"P\u00e5 avlssenteret v\u00e5rt i L\u00f8nningdal produserer vi avlskjernen til SalmoBreed-stammen. Hvert \u00e5r blir det produsert ca. 350 familer her.","og_url":"https:\/\/www.bmkgenetics.com\/no\/services\/laks\/norway\/lonningdal\/","og_site_name":"Benchmark Genetics","article_publisher":"https:\/\/www.facebook.com\/benchmarkgenetics\/","article_modified_time":"2021-07-06T08:06:57+00:00","og_image":[{"width":800,"height":600,"url":"https:\/\/www.bmkgenetics.com\/wp-content\/uploads\/2021\/04\/logo-whitebg-528x135-in-800x600-1.png","type":"image\/png"}],"twitter_card":"summary_large_image","twitter_site":"@WeAreBenchmark","twitter_misc":{"Ansl. lesetid":"1 minutt"},"schema":{"@context":"https:\/\/schema.org","@graph":[{"@type":"WebPage","@id":"https:\/\/www.bmkgenetics.com\/no\/services\/laks\/norway\/lonningdal\/","url":"https:\/\/www.bmkgenetics.com\/no\/services\/laks\/norway\/lonningdal\/","name":"L\u00f8nningdal - Benchmark Genetics - Avlsarbeid for fremtiden","isPartOf":{"@id":"https:\/\/www.bmkgenetics.com\/no\/#website"},"datePublished":"2021-07-06T08:06:56+00:00","dateModified":"2021-07-06T08:06:57+00:00","description":"P\u00e5 avlssenteret v\u00e5rt i L\u00f8nningdal produserer vi avlskjernen til SalmoBreed-stammen. Hvert \u00e5r blir det produsert ca. 350 familer her.","breadcrumb":{"@id":"https:\/\/www.bmkgenetics.com\/no\/services\/laks\/norway\/lonningdal\/#breadcrumb"},"inLanguage":"nb-NO","potentialAction":[{"@type":"ReadAction","target":["https:\/\/www.bmkgenetics.com\/no\/services\/laks\/norway\/lonningdal\/"]}]},{"@type":"BreadcrumbList","@id":"https:\/\/www.bmkgenetics.com\/no\/services\/laks\/norway\/lonningdal\/#breadcrumb","itemListElement":[{"@type":"ListItem","position":1,"name":"Produkter","item":"https:\/\/www.bmkgenetics.com\/no\/services\/"},{"@type":"ListItem","position":2,"name":"Lakserogn","item":"https:\/\/www.bmkgenetics.com\/no\/services\/laks\/"},{"@type":"ListItem","position":3,"name":"Norge","item":"https:\/\/www.bmkgenetics.com\/no\/services\/laks\/norway\/"},{"@type":"ListItem","position":4,"name":"L\u00f8nningdal"}]},{"@type":"WebSite","@id":"https:\/\/www.bmkgenetics.com\/no\/#website","url":"https:\/\/www.bmkgenetics.com\/no\/","name":"Benchmark Genetics","description":"Driving sustainability in aquaculture","potentialAction":[{"@type":"SearchAction","target":{"@type":"EntryPoint","urlTemplate":"https:\/\/www.bmkgenetics.com\/no\/?s={search_term_string}"},"query-input":{"@type":"PropertyValueSpecification","valueRequired":true,"valueName":"search_term_string"}}],"inLanguage":"nb-NO"}]}},"_links":{"self":[{"href":"https:\/\/www.bmkgenetics.com\/no\/wp-json\/wp\/v2\/pages\/5655","targetHints":{"allow":["GET"]}}],"collection":[{"href":"https:\/\/www.bmkgenetics.com\/no\/wp-json\/wp\/v2\/pages"}],"about":[{"href":"https:\/\/www.bmkgenetics.com\/no\/wp-json\/wp\/v2\/types\/page"}],"author":[{"embeddable":true,"href":"https:\/\/www.bmkgenetics.com\/no\/wp-json\/wp\/v2\/users\/99"}],"replies":[{"embeddable":true,"href":"https:\/\/www.bmkgenetics.com\/no\/wp-json\/wp\/v2\/comments?post=5655"}],"version-history":[{"count":0,"href":"https:\/\/www.bmkgenetics.com\/no\/wp-json\/wp\/v2\/pages\/5655\/revisions"}],"up":[{"embeddable":true,"href":"https:\/\/www.bmkgenetics.com\/no\/wp-json\/wp\/v2\/pages\/28"}],"wp:attachment":[{"href":"https:\/\/www.bmkgenetics.com\/no\/wp-json\/wp\/v2\/media?parent=5655"}],"curies":[{"name":"wp","href":"https:\/\/api.w.org\/{rel}","templated":true}]}}