{"id":5653,"date":"2021-07-06T09:24:39","date_gmt":"2021-07-06T07:24:39","guid":{"rendered":"https:\/\/www.bmkgenetics.com\/services\/laks\/norway\/om-vare-partnere\/"},"modified":"2025-11-07T10:28:41","modified_gmt":"2025-11-07T09:28:41","slug":"om-vare-partnere","status":"publish","type":"page","link":"https:\/\/www.bmkgenetics.com\/no\/services\/laks\/norway\/om-vare-partnere\/","title":{"rendered":"Om v\u00e5re partnere"},"content":{"rendered":"<section class=\"l-section wpb_row leftheading height_large\"><div class=\"l-section-h i-cf\"><div class=\"g-cols vc_row via_flex valign_top type_default stacking_default\"><div class=\"vc_col-sm-12 vc_col-md-8 wpb_column vc_column_container\"><div class=\"vc_column-inner\"><div class=\"wpb_wrapper\">[vc_custom_heading text=&raquo;Benchmark Genetics Norway samarbeider med noen av de beste produsentene i Norge for produksjon av stamfisk av SalmoBreed-stammen og Rauma-stammen:&raquo; use_theme_fonts=&raquo;yes&raquo;]<\/div><\/div><\/div><div class=\"vc_col-sm-4 vc_hidden-sm vc_hidden-xs wpb_column vc_column_container\"><div class=\"vc_column-inner\"><div class=\"wpb_wrapper\"><\/div><\/div><\/div><\/div><\/div><\/section><section class=\"l-section wpb_row rightbody height_large\"><div class=\"l-section-h i-cf\"><div class=\"g-cols vc_row via_flex valign_top type_default stacking_default\"><div class=\"vc_col-sm-4 vc_hidden-sm vc_hidden-xs wpb_column vc_column_container\"><div class=\"vc_column-inner\"><div class=\"wpb_wrapper\"><\/div><\/div><\/div><div class=\"vc_col-sm-12 vc_col-md-8 wpb_column vc_column_container\"><div class=\"vc_column-inner\"><div class=\"wpb_wrapper\"><div class=\"w-tabs style_default switch_click accordion has_scrolling\" style=\"--sections-title-size:inherit\"><div class=\"w-tabs-sections titles-align_none icon_plus cpos_right\"><div class=\"w-tabs-section\" id=\"x108\"><button class=\"w-tabs-section-header\" aria-controls=\"content-x108\" aria-expanded=\"false\"><h3 class=\"w-tabs-section-title\">AS Bolaks Stamfisk<\/h3><div class=\"w-tabs-section-control\"><\/div><\/button><div  class=\"w-tabs-section-content\" id=\"content-x108\"><div class=\"w-tabs-section-content-h i-cf\"><div class=\"wpb_text_column\"><div class=\"wpb_wrapper\"><p>Selskapet har en lang historie og et godt omd\u00f8mme som en av S\u00f8r-Norges ledende produsenter av stamfisk. Bolaks begynte \u00e5 samle stamfiskkandidater fra anerkjente lakseelver tilbake p\u00e5 70-tallet, og bidro til \u00e5 lage det vi i dag kjenner som SalmoBreed-stammen. I 1999 var Bolaks ett av selskapene som stod bak etableringen av SalmoBreed AS som ble solgt til Benchmark plc i 2014. \u00a0Bolaks og Benchmark Genetics Norway har siden oppkj\u00f8pet samarbeidet om stamfisk- og rognproduksjon. En ny 10-\u00e5rs avtale ble signert i september 2019.<\/p>\n<\/div><\/div><\/div><\/div><\/div><div class=\"w-tabs-section\" id=\"r380\"><button class=\"w-tabs-section-header\" aria-controls=\"content-r380\" aria-expanded=\"false\"><h3 class=\"w-tabs-section-title\">Salmar Genetics AS<\/h3><div class=\"w-tabs-section-control\"><\/div><\/button><div  class=\"w-tabs-section-content\" id=\"content-r380\"><div class=\"w-tabs-section-content-h i-cf\"><div class=\"wpb_text_column\"><div class=\"wpb_wrapper\"><p>Benchmark Genetics Norway AS og Salmar Farming AS eier sammen et 50\/50 joint venture, Salmar Genetics AS, som ble inng\u00e5tt i mars 2017. \u00a0Samarbeidet omhandler genetikk, fiskehelse og tekniske tjenester tilknyttet Rauma-stammen som er eiet av Salmar Farming. I samarbeidet inng\u00e5r ogs\u00e5 produksjonsanlegget p\u00e5 Reistad, og Benchmark har anledning til \u00e5 selge overskuddsrogn fra programmet til selskapets kunder.<\/p>\n<\/div><\/div><\/div><\/div><\/div><div class=\"w-tabs-section\" id=\"p5be\"><button class=\"w-tabs-section-header\" aria-controls=\"content-p5be\" aria-expanded=\"false\"><h3 class=\"w-tabs-section-title\">Kvar\u00f8y Fiskeoppdrett AS<\/h3><div class=\"w-tabs-section-control\"><\/div><\/button><div  class=\"w-tabs-section-content\" id=\"content-p5be\"><div class=\"w-tabs-section-content-h i-cf\"><div class=\"wpb_text_column\"><div class=\"wpb_wrapper\"><p>Det familieeide oppdrettsfirmaet som ligger p\u00e5 \u00f8ya p\u00e5 Helgelandskysten er anerkjent for sitt h\u00f8ye fokus p\u00e5 b\u00e6rekraft. Samarbeidet med Benchmark Genetics inkluderer driften av SalmoBreed Salten sin ene stamfiskkonsesjon. Her blir stamfisken oppdrettet etter de samme h\u00f8ye b\u00e6rekraftprinsipper som den \u00f8vrige produksjonen til Kvar\u00f8y Fiskeoppdrett, som blant annet leveres til den krevende supermarkedkjeden Wholefoods i USA.<\/p>\n<\/div><\/div><\/div><\/div><\/div><div class=\"w-tabs-section\" id=\"j825\"><button class=\"w-tabs-section-header\" aria-controls=\"content-j825\" aria-expanded=\"false\"><h3 class=\"w-tabs-section-title\">Salten Stamfisk AS<\/h3><div class=\"w-tabs-section-control\"><\/div><\/button><div  class=\"w-tabs-section-content\" id=\"content-j825\"><div class=\"w-tabs-section-content-h i-cf\"><div class=\"wpb_text_column\"><div class=\"wpb_wrapper\"><p>I det rene og klare vannet i Skj\u00e6rstadfjorden, drifter Salten Stamfisk to stamfiskkonsesjoner med SalmoBreed-stammen. Det langsiktige og tette samarbeidet med Benchmark Genetics bidro til etableringen av Benchmark Genetics Salten hvor Salten Stamfisk eier 25% av aksjene.<\/p>\n<\/div><\/div><\/div><\/div><\/div><\/div><\/div><\/div><\/div><\/div><\/div><\/div><\/section>\n","protected":false},"excerpt":{"rendered":"[vc_custom_heading text=\"Benchmark Genetics Norway samarbeider med noen av de beste produsentene i Norge for produksjon av stamfisk av SalmoBreed-stammen og Rauma-stammen:\" use_theme_fonts=\"yes\"]AS Bolaks StamfiskSelskapet har en lang historie og et godt omd\u00f8mme som en av S\u00f8r-Norges ledende produsenter av stamfisk. Bolaks begynte \u00e5 samle stamfiskkandidater fra anerkjente lakseelver tilbake p\u00e5 70-tallet, og bidro til \u00e5...","protected":false},"author":99,"featured_media":0,"parent":28,"menu_order":0,"comment_status":"closed","ping_status":"closed","template":"","meta":{"_acf_changed":false,"footnotes":""},"class_list":["post-5653","page","type-page","status-publish","hentry"],"acf":[],"yoast_head":"<!-- This site is optimized with the Yoast SEO plugin v27.3 - https:\/\/yoast.com\/product\/yoast-seo-wordpress\/ -->\n<title>Om v\u00e5re partnere - Benchmark Genetics - Avlsarbeid for fremtiden<\/title>\n<meta name=\"description\" content=\"Benchmark Genetics Norway samarbeider med noen av de beste produsentene i Norge for produksjon av stamfisk av SalmoBreed-stammen og Rauma-stammen\" \/>\n<meta name=\"robots\" content=\"index, follow, max-snippet:-1, max-image-preview:large, max-video-preview:-1\" \/>\n<link rel=\"canonical\" href=\"https:\/\/www.bmkgenetics.com\/no\/services\/laks\/norway\/om-vare-partnere\/\" \/>\n<meta property=\"og:locale\" content=\"nb_NO\" \/>\n<meta property=\"og:type\" content=\"article\" \/>\n<meta property=\"og:title\" content=\"Om v\u00e5re partnere - Benchmark Genetics - Avlsarbeid for fremtiden\" \/>\n<meta property=\"og:description\" content=\"Benchmark Genetics Norway samarbeider med noen av de beste produsentene i Norge for produksjon av stamfisk av SalmoBreed-stammen og Rauma-stammen\" \/>\n<meta property=\"og:url\" content=\"https:\/\/www.bmkgenetics.com\/no\/services\/laks\/norway\/om-vare-partnere\/\" \/>\n<meta property=\"og:site_name\" content=\"Benchmark Genetics\" \/>\n<meta property=\"article:publisher\" content=\"https:\/\/www.facebook.com\/benchmarkgenetics\/\" \/>\n<meta property=\"article:modified_time\" content=\"2025-11-07T09:28:41+00:00\" \/>\n<meta property=\"og:image\" content=\"https:\/\/www.bmkgenetics.com\/wp-content\/uploads\/2021\/04\/logo-whitebg-528x135-in-800x600-1.png\" \/>\n\t<meta property=\"og:image:width\" content=\"800\" \/>\n\t<meta property=\"og:image:height\" content=\"600\" \/>\n\t<meta property=\"og:image:type\" content=\"image\/png\" \/>\n<meta name=\"twitter:card\" content=\"summary_large_image\" \/>\n<meta name=\"twitter:site\" content=\"@WeAreBenchmark\" \/>\n<meta name=\"twitter:label1\" content=\"Ansl. lesetid\" \/>\n\t<meta name=\"twitter:data1\" content=\"2 minutter\" \/>\n<script type=\"application\/ld+json\" class=\"yoast-schema-graph\">{\"@context\":\"https:\\\/\\\/schema.org\",\"@graph\":[{\"@type\":\"WebPage\",\"@id\":\"https:\\\/\\\/www.bmkgenetics.com\\\/no\\\/services\\\/laks\\\/norway\\\/om-vare-partnere\\\/\",\"url\":\"https:\\\/\\\/www.bmkgenetics.com\\\/no\\\/services\\\/laks\\\/norway\\\/om-vare-partnere\\\/\",\"name\":\"Om v\u00e5re partnere - Benchmark Genetics - Avlsarbeid for fremtiden\",\"isPartOf\":{\"@id\":\"https:\\\/\\\/www.bmkgenetics.com\\\/no\\\/#website\"},\"datePublished\":\"2021-07-06T07:24:39+00:00\",\"dateModified\":\"2025-11-07T09:28:41+00:00\",\"description\":\"Benchmark Genetics Norway samarbeider med noen av de beste produsentene i Norge for produksjon av stamfisk av SalmoBreed-stammen og Rauma-stammen\",\"breadcrumb\":{\"@id\":\"https:\\\/\\\/www.bmkgenetics.com\\\/no\\\/services\\\/laks\\\/norway\\\/om-vare-partnere\\\/#breadcrumb\"},\"inLanguage\":\"nb-NO\",\"potentialAction\":[{\"@type\":\"ReadAction\",\"target\":[\"https:\\\/\\\/www.bmkgenetics.com\\\/no\\\/services\\\/laks\\\/norway\\\/om-vare-partnere\\\/\"]}]},{\"@type\":\"BreadcrumbList\",\"@id\":\"https:\\\/\\\/www.bmkgenetics.com\\\/no\\\/services\\\/laks\\\/norway\\\/om-vare-partnere\\\/#breadcrumb\",\"itemListElement\":[{\"@type\":\"ListItem\",\"position\":1,\"name\":\"Produkter\",\"item\":\"https:\\\/\\\/www.bmkgenetics.com\\\/no\\\/services\\\/\"},{\"@type\":\"ListItem\",\"position\":2,\"name\":\"Lakserogn\",\"item\":\"https:\\\/\\\/www.bmkgenetics.com\\\/no\\\/services\\\/laks\\\/\"},{\"@type\":\"ListItem\",\"position\":3,\"name\":\"Norge\",\"item\":\"https:\\\/\\\/www.bmkgenetics.com\\\/no\\\/services\\\/laks\\\/norway\\\/\"},{\"@type\":\"ListItem\",\"position\":4,\"name\":\"Om v\u00e5re partnere\"}]},{\"@type\":\"WebSite\",\"@id\":\"https:\\\/\\\/www.bmkgenetics.com\\\/no\\\/#website\",\"url\":\"https:\\\/\\\/www.bmkgenetics.com\\\/no\\\/\",\"name\":\"Benchmark Genetics\",\"description\":\"Driving sustainability in aquaculture\",\"potentialAction\":[{\"@type\":\"SearchAction\",\"target\":{\"@type\":\"EntryPoint\",\"urlTemplate\":\"https:\\\/\\\/www.bmkgenetics.com\\\/no\\\/?s={search_term_string}\"},\"query-input\":{\"@type\":\"PropertyValueSpecification\",\"valueRequired\":true,\"valueName\":\"search_term_string\"}}],\"inLanguage\":\"nb-NO\"}]}<\/script>\n<!-- \/ Yoast SEO plugin. -->","yoast_head_json":{"title":"Om v\u00e5re partnere - Benchmark Genetics - Avlsarbeid for fremtiden","description":"Benchmark Genetics Norway samarbeider med noen av de beste produsentene i Norge for produksjon av stamfisk av SalmoBreed-stammen og Rauma-stammen","robots":{"index":"index","follow":"follow","max-snippet":"max-snippet:-1","max-image-preview":"max-image-preview:large","max-video-preview":"max-video-preview:-1"},"canonical":"https:\/\/www.bmkgenetics.com\/no\/services\/laks\/norway\/om-vare-partnere\/","og_locale":"nb_NO","og_type":"article","og_title":"Om v\u00e5re partnere - Benchmark Genetics - Avlsarbeid for fremtiden","og_description":"Benchmark Genetics Norway samarbeider med noen av de beste produsentene i Norge for produksjon av stamfisk av SalmoBreed-stammen og Rauma-stammen","og_url":"https:\/\/www.bmkgenetics.com\/no\/services\/laks\/norway\/om-vare-partnere\/","og_site_name":"Benchmark Genetics","article_publisher":"https:\/\/www.facebook.com\/benchmarkgenetics\/","article_modified_time":"2025-11-07T09:28:41+00:00","og_image":[{"width":800,"height":600,"url":"https:\/\/www.bmkgenetics.com\/wp-content\/uploads\/2021\/04\/logo-whitebg-528x135-in-800x600-1.png","type":"image\/png"}],"twitter_card":"summary_large_image","twitter_site":"@WeAreBenchmark","twitter_misc":{"Ansl. lesetid":"2 minutter"},"schema":{"@context":"https:\/\/schema.org","@graph":[{"@type":"WebPage","@id":"https:\/\/www.bmkgenetics.com\/no\/services\/laks\/norway\/om-vare-partnere\/","url":"https:\/\/www.bmkgenetics.com\/no\/services\/laks\/norway\/om-vare-partnere\/","name":"Om v\u00e5re partnere - Benchmark Genetics - Avlsarbeid for fremtiden","isPartOf":{"@id":"https:\/\/www.bmkgenetics.com\/no\/#website"},"datePublished":"2021-07-06T07:24:39+00:00","dateModified":"2025-11-07T09:28:41+00:00","description":"Benchmark Genetics Norway samarbeider med noen av de beste produsentene i Norge for produksjon av stamfisk av SalmoBreed-stammen og Rauma-stammen","breadcrumb":{"@id":"https:\/\/www.bmkgenetics.com\/no\/services\/laks\/norway\/om-vare-partnere\/#breadcrumb"},"inLanguage":"nb-NO","potentialAction":[{"@type":"ReadAction","target":["https:\/\/www.bmkgenetics.com\/no\/services\/laks\/norway\/om-vare-partnere\/"]}]},{"@type":"BreadcrumbList","@id":"https:\/\/www.bmkgenetics.com\/no\/services\/laks\/norway\/om-vare-partnere\/#breadcrumb","itemListElement":[{"@type":"ListItem","position":1,"name":"Produkter","item":"https:\/\/www.bmkgenetics.com\/no\/services\/"},{"@type":"ListItem","position":2,"name":"Lakserogn","item":"https:\/\/www.bmkgenetics.com\/no\/services\/laks\/"},{"@type":"ListItem","position":3,"name":"Norge","item":"https:\/\/www.bmkgenetics.com\/no\/services\/laks\/norway\/"},{"@type":"ListItem","position":4,"name":"Om v\u00e5re partnere"}]},{"@type":"WebSite","@id":"https:\/\/www.bmkgenetics.com\/no\/#website","url":"https:\/\/www.bmkgenetics.com\/no\/","name":"Benchmark Genetics","description":"Driving sustainability in aquaculture","potentialAction":[{"@type":"SearchAction","target":{"@type":"EntryPoint","urlTemplate":"https:\/\/www.bmkgenetics.com\/no\/?s={search_term_string}"},"query-input":{"@type":"PropertyValueSpecification","valueRequired":true,"valueName":"search_term_string"}}],"inLanguage":"nb-NO"}]}},"_links":{"self":[{"href":"https:\/\/www.bmkgenetics.com\/no\/wp-json\/wp\/v2\/pages\/5653","targetHints":{"allow":["GET"]}}],"collection":[{"href":"https:\/\/www.bmkgenetics.com\/no\/wp-json\/wp\/v2\/pages"}],"about":[{"href":"https:\/\/www.bmkgenetics.com\/no\/wp-json\/wp\/v2\/types\/page"}],"author":[{"embeddable":true,"href":"https:\/\/www.bmkgenetics.com\/no\/wp-json\/wp\/v2\/users\/99"}],"replies":[{"embeddable":true,"href":"https:\/\/www.bmkgenetics.com\/no\/wp-json\/wp\/v2\/comments?post=5653"}],"version-history":[{"count":0,"href":"https:\/\/www.bmkgenetics.com\/no\/wp-json\/wp\/v2\/pages\/5653\/revisions"}],"up":[{"embeddable":true,"href":"https:\/\/www.bmkgenetics.com\/no\/wp-json\/wp\/v2\/pages\/28"}],"wp:attachment":[{"href":"https:\/\/www.bmkgenetics.com\/no\/wp-json\/wp\/v2\/media?parent=5653"}],"curies":[{"name":"wp","href":"https:\/\/api.w.org\/{rel}","templated":true}]}}