{"id":5652,"date":"2021-07-06T08:58:55","date_gmt":"2021-07-06T06:58:55","guid":{"rendered":"https:\/\/www.bmkgenetics.com\/services\/laks\/island\/vogar-inkubasjonssenter\/"},"modified":"2022-10-19T15:53:23","modified_gmt":"2022-10-19T13:53:23","slug":"vogar-inkubasjonssenter","status":"publish","type":"page","link":"https:\/\/www.bmkgenetics.com\/no\/services\/laks\/island\/vogar-inkubasjonssenter\/","title":{"rendered":"Vogar Inkubasjonssenter"},"content":{"rendered":"<section class=\"l-section wpb_row leftheading-rightbody height_large\"><div class=\"l-section-h i-cf\"><div class=\"g-cols vc_row via_flex valign_top type_default stacking_default\"><div class=\"vc_col-sm-12 wpb_column vc_column_container\"><div class=\"vc_column-inner\"><div class=\"wpb_wrapper\"><div class=\"g-cols wpb_row via_flex valign_top type_default stacking_default\"><div class=\"vc_col-sm-12 vc_col-md-8 wpb_column vc_column_container\"><div class=\"vc_column-inner\"><div class=\"wpb_wrapper\">[vc_custom_heading text=&raquo;Vogar inkubasjonssenter&raquo; use_theme_fonts=&raquo;yes&raquo;]<\/div><\/div><\/div><div class=\"vc_col-sm-4 vc_hidden-sm vc_hidden-xs wpb_column vc_column_container\"><div class=\"vc_column-inner\"><div class=\"wpb_wrapper\"><\/div><\/div><\/div><\/div><div class=\"g-cols wpb_row via_flex valign_top type_default stacking_default\"><div class=\"vc_col-sm-4 vc_hidden-sm vc_hidden-xs wpb_column vc_column_container\"><div class=\"vc_column-inner\"><div class=\"wpb_wrapper\"><div class=\"w-image align_none\"><div class=\"w-image-h\"><img decoding=\"async\" width=\"400\" height=\"267\" src=\"https:\/\/www.bmkgenetics.com\/wp-content\/uploads\/2022\/10\/8644_-Iceland-Incubation-Centre-_-October-2021-1.jpg\" class=\"attachment-large size-large\" alt=\"\" loading=\"lazy\" srcset=\"https:\/\/www.bmkgenetics.com\/wp-content\/uploads\/2022\/10\/8644_-Iceland-Incubation-Centre-_-October-2021-1.jpg 400w, https:\/\/www.bmkgenetics.com\/wp-content\/uploads\/2022\/10\/8644_-Iceland-Incubation-Centre-_-October-2021-1-300x200.jpg 300w\" sizes=\"auto, (max-width: 400px) 100vw, 400px\" \/><\/div><\/div><\/div><\/div><\/div><div class=\"vc_col-sm-12 vc_col-md-8 wpb_column vc_column_container\"><div class=\"vc_column-inner\"><div class=\"wpb_wrapper\"><div class=\"wpb_text_column\"><div class=\"wpb_wrapper\"><p>V\u00e5rt topp moderne, landbaserte inkubasjonssenter p\u00e5 Island s\u00f8rger for sikker levering av sykdomsfri lakserogn av h\u00f8y kvalitet til Norge og 28 andre land.<\/p>\n<p>Stamfisken som leverer egg og melke st\u00e5r hele livet i lukkede anlegg med vann som pumpes opp fra lavasteinsgrunnen og hvert rognkorn inkuberes i separate tanker. Lakserogn fra Vogar inkubasjonssenter er derfor sertifisert fri for blant annet ILA og andre sykdommer.<\/p>\n<\/div><\/div><div class=\"wpb_text_column\"><div class=\"wpb_wrapper\"><p>Vogar inkubasjonssenter ligger i Vogavik p\u00e5 s\u00f8rvestkysten av Island. Her driver Benchmark Genetics Iceland ogs\u00e5 stamfiskanlegg og slaktestasjon.<br \/>\nSenteret ble overtatt i 2004, og den f\u00f8rste lakserognen ble inkubert i 2006. Et nytt, oppdatert og utvidet inkubasjonssenter \u00e5pnet i Vogavik i 2021 og i august 2022 sto det klart til \u00e5 produsere p\u00e5 full kapasitet, som er 300 millioner rognkorn \u00e5rlig.<\/p>\n<p>Vogar er designet for \u00e5 holde lakserognen fra befruktning frem til \u00f8yerogn-stadiet, n\u00e5r den er klar til \u00e5 bli pakket og levert til selskapets kunder. Ferskvannet som benyttes i produksjonen hentes fra grunnen via dype borehull. Her blir det naturlig filtrert gjennom lavasand og er helt fritt for patogener.<\/p>\n<p>Senteret er utstyrt med singelinkubatorer hvor lakserogn fra individuell hunnfisk blir inkubert hver for seg. Dermed kan vi kontrollere hvert enkelt parti lakserogn for diverse patogener, i henhold til kravene fra v\u00e5re kunder.<\/p>\n<p>Egg og melke til Vogar inkubasjonssenter kommer fra stamfiskanleggene i <a href=\"https:\/\/www.bmkgenetics.com\/no\/services\/laks\/island\/vogar-stamfiskstasjon\/\">Vogar<\/a> og <a href=\"https:\/\/www.bmkgenetics.com\/no\/services\/laks\/island\/kalmanstjorn\/\">Kallmanstrj\u00f6rn<\/a>. Sj\u00f8vann og ferskvann til det landbaserte anlegget blir ogs\u00e5 pumpet fra dype borehull, uten \u00e5 v\u00e6re i kontakt med annen fisk, og filtrert gjennom lavastein. Det sikrer sv\u00e6rt h\u00f8y biosikkerhet. Smolten som tas inn i anlegget kommer fra <a href=\"https:\/\/www.bmkgenetics.com\/no\/services\/laks\/island\/kollafjordur\/\">Kollafj\u00f6rdur ferskvannsklekkeri<\/a>, og er fra laksestammen <a href=\"https:\/\/www.bmkgenetics.com\/no\/about\/vare-laksestammer\/\">StofnFiskur<\/a>.<\/p>\n<\/div><\/div><div class=\"wpb_text_column\"><div class=\"wpb_wrapper\"><blockquote>\n<p>Produksjonen her p\u00e5 Island er unik. Anlegget v\u00e5rt pumper helt rent ferskvann og saltvann fra lavasteingrunn og sikrer at rogna vi leverer er helt fri for sykdomsfremkallende bakterier og virus.<br \/>\n-Dr Jonas Jonasson, CEO BG Iceland og Produksjonsdirekt\u00f8r Benchmark Genetics<\/p>\n<\/blockquote>\n<\/div><\/div><div class=\"wpb_text_column\"><div class=\"wpb_wrapper\"><p><strong>Fakta om anlegget:<\/strong><\/p>\n<ul>\n<li>Senteret har 10.000 enkeltinkubatorer og kapasitet til produksjon av 300 millioner rognkorn \u00e5rlig. Anlegget er dimensjonert for \u00e5 kunne \u00f8ke kapasiteten til 400 millioner.<\/li>\n<li>Areal: 2300 kvadratmeter<\/li>\n<li>Vannkapasitet: 200 l\/sek ved 2\u00b0C\u20138\u00b0C<\/li>\n<li>Vannkilde: Ferskvann fra borehull med 5\u00b0C hele \u00e5ret<\/li>\n<li>Vanntemperatur: Naturlig 5\u00b0C hele \u00e5ret<\/li>\n<li>Temperaturen i rommet: 4 &#8211; 5\u00b0C hele \u00e5ret<\/li>\n<li>Biosikkerhet i tr\u00e5d med retningslinjene til <a href=\"https:\/\/www.woah.org\/en\/home\/\">OIE<\/a><\/li>\n<\/ul>\n<p>&nbsp;<\/p>\n<p>&nbsp;<\/p>\n<\/div><\/div><\/div><\/div><\/div><\/div><\/div><\/div><\/div><\/div><\/div><\/section>\n","protected":false},"excerpt":{"rendered":"[vc_custom_heading text=\"Vogar inkubasjonssenter\" use_theme_fonts=\"yes\"]V\u00e5rt topp moderne, landbaserte inkubasjonssenter p\u00e5 Island s\u00f8rger for sikker levering av sykdomsfri lakserogn av h\u00f8y kvalitet til Norge og 28 andre land. Stamfisken som leverer egg og melke st\u00e5r hele livet i lukkede anlegg med vann som pumpes opp fra lavasteinsgrunnen og hvert rognkorn inkuberes i separate tanker. Lakserogn fra Vogar...","protected":false},"author":99,"featured_media":0,"parent":5646,"menu_order":0,"comment_status":"closed","ping_status":"closed","template":"","meta":{"_acf_changed":false,"footnotes":""},"class_list":["post-5652","page","type-page","status-publish","hentry"],"acf":[],"yoast_head":"<!-- This site is optimized with the Yoast SEO plugin v27.5 - https:\/\/yoast.com\/product\/yoast-seo-wordpress\/ -->\n<title>Vogar Inkubasjonssenter - Benchmark Genetics - Avlsarbeid for fremtiden<\/title>\n<meta name=\"description\" content=\"V\u00e5rt inkubasjonssenter er lokalisert ved siden av stamfiskanlegget i Vogavik p\u00e5 s\u00f8r-vestkysten av Island.\" \/>\n<meta name=\"robots\" content=\"index, follow, max-snippet:-1, max-image-preview:large, max-video-preview:-1\" \/>\n<link rel=\"canonical\" href=\"https:\/\/www.bmkgenetics.com\/no\/services\/laks\/island\/vogar-inkubasjonssenter\/\" \/>\n<meta property=\"og:locale\" content=\"nb_NO\" \/>\n<meta property=\"og:type\" content=\"article\" \/>\n<meta property=\"og:title\" content=\"Vogar Inkubasjonssenter - Benchmark Genetics - Avlsarbeid for fremtiden\" \/>\n<meta property=\"og:description\" content=\"V\u00e5rt inkubasjonssenter er lokalisert ved siden av stamfiskanlegget i Vogavik p\u00e5 s\u00f8r-vestkysten av Island.\" \/>\n<meta property=\"og:url\" content=\"https:\/\/www.bmkgenetics.com\/no\/services\/laks\/island\/vogar-inkubasjonssenter\/\" \/>\n<meta property=\"og:site_name\" content=\"Benchmark Genetics\" \/>\n<meta property=\"article:publisher\" content=\"https:\/\/www.facebook.com\/benchmarkgenetics\/\" \/>\n<meta property=\"article:modified_time\" content=\"2022-10-19T13:53:23+00:00\" \/>\n<meta property=\"og:image\" content=\"https:\/\/www.bmkgenetics.com\/wp-content\/uploads\/2021\/04\/logo-whitebg-528x135-in-800x600-1.png\" \/>\n\t<meta property=\"og:image:width\" content=\"800\" \/>\n\t<meta property=\"og:image:height\" content=\"600\" \/>\n\t<meta property=\"og:image:type\" content=\"image\/png\" \/>\n<meta name=\"twitter:card\" content=\"summary_large_image\" \/>\n<meta name=\"twitter:site\" content=\"@WeAreBenchmark\" \/>\n<meta name=\"twitter:label1\" content=\"Ansl. lesetid\" \/>\n\t<meta name=\"twitter:data1\" content=\"2 minutter\" \/>\n<script type=\"application\/ld+json\" class=\"yoast-schema-graph\">{\"@context\":\"https:\\\/\\\/schema.org\",\"@graph\":[{\"@type\":\"WebPage\",\"@id\":\"https:\\\/\\\/www.bmkgenetics.com\\\/no\\\/services\\\/laks\\\/island\\\/vogar-inkubasjonssenter\\\/\",\"url\":\"https:\\\/\\\/www.bmkgenetics.com\\\/no\\\/services\\\/laks\\\/island\\\/vogar-inkubasjonssenter\\\/\",\"name\":\"Vogar Inkubasjonssenter - Benchmark Genetics - Avlsarbeid for fremtiden\",\"isPartOf\":{\"@id\":\"https:\\\/\\\/www.bmkgenetics.com\\\/no\\\/#website\"},\"datePublished\":\"2021-07-06T06:58:55+00:00\",\"dateModified\":\"2022-10-19T13:53:23+00:00\",\"description\":\"V\u00e5rt inkubasjonssenter er lokalisert ved siden av stamfiskanlegget i Vogavik p\u00e5 s\u00f8r-vestkysten av Island.\",\"breadcrumb\":{\"@id\":\"https:\\\/\\\/www.bmkgenetics.com\\\/no\\\/services\\\/laks\\\/island\\\/vogar-inkubasjonssenter\\\/#breadcrumb\"},\"inLanguage\":\"nb-NO\",\"potentialAction\":[{\"@type\":\"ReadAction\",\"target\":[\"https:\\\/\\\/www.bmkgenetics.com\\\/no\\\/services\\\/laks\\\/island\\\/vogar-inkubasjonssenter\\\/\"]}]},{\"@type\":\"BreadcrumbList\",\"@id\":\"https:\\\/\\\/www.bmkgenetics.com\\\/no\\\/services\\\/laks\\\/island\\\/vogar-inkubasjonssenter\\\/#breadcrumb\",\"itemListElement\":[{\"@type\":\"ListItem\",\"position\":1,\"name\":\"Produkter\",\"item\":\"https:\\\/\\\/www.bmkgenetics.com\\\/no\\\/services\\\/\"},{\"@type\":\"ListItem\",\"position\":2,\"name\":\"Lakserogn\",\"item\":\"https:\\\/\\\/www.bmkgenetics.com\\\/no\\\/services\\\/laks\\\/\"},{\"@type\":\"ListItem\",\"position\":3,\"name\":\"Island\",\"item\":\"https:\\\/\\\/www.bmkgenetics.com\\\/no\\\/services\\\/laks\\\/island\\\/\"},{\"@type\":\"ListItem\",\"position\":4,\"name\":\"Vogar Inkubasjonssenter\"}]},{\"@type\":\"WebSite\",\"@id\":\"https:\\\/\\\/www.bmkgenetics.com\\\/no\\\/#website\",\"url\":\"https:\\\/\\\/www.bmkgenetics.com\\\/no\\\/\",\"name\":\"Benchmark Genetics\",\"description\":\"Driving sustainability in aquaculture\",\"potentialAction\":[{\"@type\":\"SearchAction\",\"target\":{\"@type\":\"EntryPoint\",\"urlTemplate\":\"https:\\\/\\\/www.bmkgenetics.com\\\/no\\\/?s={search_term_string}\"},\"query-input\":{\"@type\":\"PropertyValueSpecification\",\"valueRequired\":true,\"valueName\":\"search_term_string\"}}],\"inLanguage\":\"nb-NO\"}]}<\/script>\n<!-- \/ Yoast SEO plugin. -->","yoast_head_json":{"title":"Vogar Inkubasjonssenter - Benchmark Genetics - Avlsarbeid for fremtiden","description":"V\u00e5rt inkubasjonssenter er lokalisert ved siden av stamfiskanlegget i Vogavik p\u00e5 s\u00f8r-vestkysten av Island.","robots":{"index":"index","follow":"follow","max-snippet":"max-snippet:-1","max-image-preview":"max-image-preview:large","max-video-preview":"max-video-preview:-1"},"canonical":"https:\/\/www.bmkgenetics.com\/no\/services\/laks\/island\/vogar-inkubasjonssenter\/","og_locale":"nb_NO","og_type":"article","og_title":"Vogar Inkubasjonssenter - Benchmark Genetics - Avlsarbeid for fremtiden","og_description":"V\u00e5rt inkubasjonssenter er lokalisert ved siden av stamfiskanlegget i Vogavik p\u00e5 s\u00f8r-vestkysten av Island.","og_url":"https:\/\/www.bmkgenetics.com\/no\/services\/laks\/island\/vogar-inkubasjonssenter\/","og_site_name":"Benchmark Genetics","article_publisher":"https:\/\/www.facebook.com\/benchmarkgenetics\/","article_modified_time":"2022-10-19T13:53:23+00:00","og_image":[{"width":800,"height":600,"url":"https:\/\/www.bmkgenetics.com\/wp-content\/uploads\/2021\/04\/logo-whitebg-528x135-in-800x600-1.png","type":"image\/png"}],"twitter_card":"summary_large_image","twitter_site":"@WeAreBenchmark","twitter_misc":{"Ansl. lesetid":"2 minutter"},"schema":{"@context":"https:\/\/schema.org","@graph":[{"@type":"WebPage","@id":"https:\/\/www.bmkgenetics.com\/no\/services\/laks\/island\/vogar-inkubasjonssenter\/","url":"https:\/\/www.bmkgenetics.com\/no\/services\/laks\/island\/vogar-inkubasjonssenter\/","name":"Vogar Inkubasjonssenter - Benchmark Genetics - Avlsarbeid for fremtiden","isPartOf":{"@id":"https:\/\/www.bmkgenetics.com\/no\/#website"},"datePublished":"2021-07-06T06:58:55+00:00","dateModified":"2022-10-19T13:53:23+00:00","description":"V\u00e5rt inkubasjonssenter er lokalisert ved siden av stamfiskanlegget i Vogavik p\u00e5 s\u00f8r-vestkysten av Island.","breadcrumb":{"@id":"https:\/\/www.bmkgenetics.com\/no\/services\/laks\/island\/vogar-inkubasjonssenter\/#breadcrumb"},"inLanguage":"nb-NO","potentialAction":[{"@type":"ReadAction","target":["https:\/\/www.bmkgenetics.com\/no\/services\/laks\/island\/vogar-inkubasjonssenter\/"]}]},{"@type":"BreadcrumbList","@id":"https:\/\/www.bmkgenetics.com\/no\/services\/laks\/island\/vogar-inkubasjonssenter\/#breadcrumb","itemListElement":[{"@type":"ListItem","position":1,"name":"Produkter","item":"https:\/\/www.bmkgenetics.com\/no\/services\/"},{"@type":"ListItem","position":2,"name":"Lakserogn","item":"https:\/\/www.bmkgenetics.com\/no\/services\/laks\/"},{"@type":"ListItem","position":3,"name":"Island","item":"https:\/\/www.bmkgenetics.com\/no\/services\/laks\/island\/"},{"@type":"ListItem","position":4,"name":"Vogar Inkubasjonssenter"}]},{"@type":"WebSite","@id":"https:\/\/www.bmkgenetics.com\/no\/#website","url":"https:\/\/www.bmkgenetics.com\/no\/","name":"Benchmark Genetics","description":"Driving sustainability in aquaculture","potentialAction":[{"@type":"SearchAction","target":{"@type":"EntryPoint","urlTemplate":"https:\/\/www.bmkgenetics.com\/no\/?s={search_term_string}"},"query-input":{"@type":"PropertyValueSpecification","valueRequired":true,"valueName":"search_term_string"}}],"inLanguage":"nb-NO"}]}},"_links":{"self":[{"href":"https:\/\/www.bmkgenetics.com\/no\/wp-json\/wp\/v2\/pages\/5652","targetHints":{"allow":["GET"]}}],"collection":[{"href":"https:\/\/www.bmkgenetics.com\/no\/wp-json\/wp\/v2\/pages"}],"about":[{"href":"https:\/\/www.bmkgenetics.com\/no\/wp-json\/wp\/v2\/types\/page"}],"author":[{"embeddable":true,"href":"https:\/\/www.bmkgenetics.com\/no\/wp-json\/wp\/v2\/users\/99"}],"replies":[{"embeddable":true,"href":"https:\/\/www.bmkgenetics.com\/no\/wp-json\/wp\/v2\/comments?post=5652"}],"version-history":[{"count":0,"href":"https:\/\/www.bmkgenetics.com\/no\/wp-json\/wp\/v2\/pages\/5652\/revisions"}],"up":[{"embeddable":true,"href":"https:\/\/www.bmkgenetics.com\/no\/wp-json\/wp\/v2\/pages\/5646"}],"wp:attachment":[{"href":"https:\/\/www.bmkgenetics.com\/no\/wp-json\/wp\/v2\/media?parent=5652"}],"curies":[{"name":"wp","href":"https:\/\/api.w.org\/{rel}","templated":true}]}}