{"id":5651,"date":"2021-07-06T08:54:06","date_gmt":"2021-07-06T06:54:06","guid":{"rendered":"https:\/\/www.bmkgenetics.com\/services\/laks\/island\/vogar-stamfiskstasjon\/"},"modified":"2021-07-06T09:04:40","modified_gmt":"2021-07-06T07:04:40","slug":"vogar-stamfiskstasjon","status":"publish","type":"page","link":"https:\/\/www.bmkgenetics.com\/no\/services\/laks\/island\/vogar-stamfiskstasjon\/","title":{"rendered":"Vogar Stamfiskstasjon"},"content":{"rendered":"<section class=\"l-section wpb_row leftheading-rightbody height_large\"><div class=\"l-section-h i-cf\"><div class=\"g-cols vc_row via_flex valign_top type_default stacking_default\"><div class=\"vc_col-sm-12 wpb_column vc_column_container\"><div class=\"vc_column-inner\"><div class=\"wpb_wrapper\"><div class=\"g-cols wpb_row via_flex valign_top type_default stacking_default\"><div class=\"vc_col-sm-12 vc_col-md-8 wpb_column vc_column_container\"><div class=\"vc_column-inner\"><div class=\"wpb_wrapper\">[vc_custom_heading text=&raquo;V\u00e5rt st\u00f8rste stamfiskanlegg&raquo; use_theme_fonts=&raquo;yes&raquo;]<\/div><\/div><\/div><div class=\"vc_col-sm-4 vc_hidden-sm vc_hidden-xs wpb_column vc_column_container\"><div class=\"vc_column-inner\"><div class=\"wpb_wrapper\"><\/div><\/div><\/div><\/div><div class=\"g-cols wpb_row via_flex valign_top type_default stacking_default\"><div class=\"vc_col-sm-4 vc_hidden-sm vc_hidden-xs wpb_column vc_column_container\"><div class=\"vc_column-inner\"><div class=\"wpb_wrapper\"><\/div><\/div><\/div><div class=\"vc_col-sm-12 vc_col-md-8 wpb_column vc_column_container\"><div class=\"vc_column-inner\"><div class=\"wpb_wrapper\"><div class=\"wpb_text_column\"><div class=\"wpb_wrapper\"><p>Vogarv\u00edk er v\u00e5rt st\u00f8rste stamfiskanlegg for atlantisk laks p\u00e5 Island<\/p>\n<p>StofnFiskur kj\u00f8pte anlegget 2004 som et f\u00f8rste steg i en ekspansjonsplan for \u00e5 sikre leveranser av rogn til selskapets kunder hver eneste uke I \u00e5ret.<\/p>\n<p>Anlegget ligger i landsbyen Vogarvik like ved havet i den s\u00f8r-\u00f8stlige hj\u00f8rnet av Island. Sj\u00f8vann og ferskvann blir pumpet fra dype borehull, uten \u00e5 v\u00e6re i kontakt med annen fisk. Dette sikrer en sv\u00e6rt h\u00f8y biosikkerhet.\u00a0 Eneste fisk som tas inn i anlegget er smolt fra Benchmark\u2019s ferskvannsanlegg, Kollafj\u00f6r\u00f0ur.<\/p>\n<\/div><\/div><\/div><\/div><\/div><\/div><\/div><\/div><\/div><\/div><\/div><\/section>\n","protected":false},"excerpt":{"rendered":"[vc_custom_heading text=\"V\u00e5rt st\u00f8rste stamfiskanlegg\" use_theme_fonts=\"yes\"]Vogarv\u00edk er v\u00e5rt st\u00f8rste stamfiskanlegg for atlantisk laks p\u00e5 Island StofnFiskur kj\u00f8pte anlegget 2004 som et f\u00f8rste steg i en ekspansjonsplan for \u00e5 sikre leveranser av rogn til selskapets kunder hver eneste uke I \u00e5ret. Anlegget ligger i landsbyen Vogarvik like ved havet i den s\u00f8r-\u00f8stlige hj\u00f8rnet av Island. Sj\u00f8vann og...","protected":false},"author":99,"featured_media":0,"parent":5646,"menu_order":0,"comment_status":"closed","ping_status":"closed","template":"","meta":{"_acf_changed":false,"footnotes":""},"class_list":["post-5651","page","type-page","status-publish","hentry"],"acf":[],"yoast_head":"<!-- This site is optimized with the Yoast SEO plugin v27.6 - https:\/\/yoast.com\/product\/yoast-seo-wordpress\/ -->\n<title>Vogar Stamfiskstasjon - Benchmark Genetics - Avlsarbeid for fremtiden<\/title>\n<meta name=\"description\" content=\"Vogar er v\u00e5rt st\u00f8rste stamfiskanlegg p\u00e5 Island. Senteret ble kj\u00f8pt i 2004 og den f\u00f8rste rogna ble inkubert i 2006.\" \/>\n<meta name=\"robots\" content=\"index, follow, max-snippet:-1, max-image-preview:large, max-video-preview:-1\" \/>\n<link rel=\"canonical\" href=\"https:\/\/www.bmkgenetics.com\/no\/services\/laks\/island\/vogar-stamfiskstasjon\/\" \/>\n<meta property=\"og:locale\" content=\"nb_NO\" \/>\n<meta property=\"og:type\" content=\"article\" \/>\n<meta property=\"og:title\" content=\"Vogar Stamfiskstasjon - Benchmark Genetics - Avlsarbeid for fremtiden\" \/>\n<meta property=\"og:description\" content=\"Vogar er v\u00e5rt st\u00f8rste stamfiskanlegg p\u00e5 Island. Senteret ble kj\u00f8pt i 2004 og den f\u00f8rste rogna ble inkubert i 2006.\" \/>\n<meta property=\"og:url\" content=\"https:\/\/www.bmkgenetics.com\/no\/services\/laks\/island\/vogar-stamfiskstasjon\/\" \/>\n<meta property=\"og:site_name\" content=\"Benchmark Genetics\" \/>\n<meta property=\"article:publisher\" content=\"https:\/\/www.facebook.com\/benchmarkgenetics\/\" \/>\n<meta property=\"article:modified_time\" content=\"2021-07-06T07:04:40+00:00\" \/>\n<meta property=\"og:image\" content=\"https:\/\/www.bmkgenetics.com\/wp-content\/uploads\/2021\/04\/logo-whitebg-528x135-in-800x600-1.png\" \/>\n\t<meta property=\"og:image:width\" content=\"800\" \/>\n\t<meta property=\"og:image:height\" content=\"600\" \/>\n\t<meta property=\"og:image:type\" content=\"image\/png\" \/>\n<meta name=\"twitter:card\" content=\"summary_large_image\" \/>\n<meta name=\"twitter:site\" content=\"@WeAreBenchmark\" \/>\n<meta name=\"twitter:label1\" content=\"Ansl. lesetid\" \/>\n\t<meta name=\"twitter:data1\" content=\"1 minutt\" \/>\n<script type=\"application\/ld+json\" class=\"yoast-schema-graph\">{\"@context\":\"https:\\\/\\\/schema.org\",\"@graph\":[{\"@type\":\"WebPage\",\"@id\":\"https:\\\/\\\/www.bmkgenetics.com\\\/no\\\/services\\\/laks\\\/island\\\/vogar-stamfiskstasjon\\\/\",\"url\":\"https:\\\/\\\/www.bmkgenetics.com\\\/no\\\/services\\\/laks\\\/island\\\/vogar-stamfiskstasjon\\\/\",\"name\":\"Vogar Stamfiskstasjon - Benchmark Genetics - Avlsarbeid for fremtiden\",\"isPartOf\":{\"@id\":\"https:\\\/\\\/www.bmkgenetics.com\\\/no\\\/#website\"},\"datePublished\":\"2021-07-06T06:54:06+00:00\",\"dateModified\":\"2021-07-06T07:04:40+00:00\",\"description\":\"Vogar er v\u00e5rt st\u00f8rste stamfiskanlegg p\u00e5 Island. Senteret ble kj\u00f8pt i 2004 og den f\u00f8rste rogna ble inkubert i 2006.\",\"breadcrumb\":{\"@id\":\"https:\\\/\\\/www.bmkgenetics.com\\\/no\\\/services\\\/laks\\\/island\\\/vogar-stamfiskstasjon\\\/#breadcrumb\"},\"inLanguage\":\"nb-NO\",\"potentialAction\":[{\"@type\":\"ReadAction\",\"target\":[\"https:\\\/\\\/www.bmkgenetics.com\\\/no\\\/services\\\/laks\\\/island\\\/vogar-stamfiskstasjon\\\/\"]}]},{\"@type\":\"BreadcrumbList\",\"@id\":\"https:\\\/\\\/www.bmkgenetics.com\\\/no\\\/services\\\/laks\\\/island\\\/vogar-stamfiskstasjon\\\/#breadcrumb\",\"itemListElement\":[{\"@type\":\"ListItem\",\"position\":1,\"name\":\"Produkter\",\"item\":\"https:\\\/\\\/www.bmkgenetics.com\\\/no\\\/services\\\/\"},{\"@type\":\"ListItem\",\"position\":2,\"name\":\"Lakserogn\",\"item\":\"https:\\\/\\\/www.bmkgenetics.com\\\/no\\\/services\\\/laks\\\/\"},{\"@type\":\"ListItem\",\"position\":3,\"name\":\"Island\",\"item\":\"https:\\\/\\\/www.bmkgenetics.com\\\/no\\\/services\\\/laks\\\/island\\\/\"},{\"@type\":\"ListItem\",\"position\":4,\"name\":\"Vogar Stamfiskstasjon\"}]},{\"@type\":\"WebSite\",\"@id\":\"https:\\\/\\\/www.bmkgenetics.com\\\/no\\\/#website\",\"url\":\"https:\\\/\\\/www.bmkgenetics.com\\\/no\\\/\",\"name\":\"Benchmark Genetics\",\"description\":\"Driving sustainability in aquaculture\",\"potentialAction\":[{\"@type\":\"SearchAction\",\"target\":{\"@type\":\"EntryPoint\",\"urlTemplate\":\"https:\\\/\\\/www.bmkgenetics.com\\\/no\\\/?s={search_term_string}\"},\"query-input\":{\"@type\":\"PropertyValueSpecification\",\"valueRequired\":true,\"valueName\":\"search_term_string\"}}],\"inLanguage\":\"nb-NO\"}]}<\/script>\n<!-- \/ Yoast SEO plugin. -->","yoast_head_json":{"title":"Vogar Stamfiskstasjon - Benchmark Genetics - Avlsarbeid for fremtiden","description":"Vogar er v\u00e5rt st\u00f8rste stamfiskanlegg p\u00e5 Island. Senteret ble kj\u00f8pt i 2004 og den f\u00f8rste rogna ble inkubert i 2006.","robots":{"index":"index","follow":"follow","max-snippet":"max-snippet:-1","max-image-preview":"max-image-preview:large","max-video-preview":"max-video-preview:-1"},"canonical":"https:\/\/www.bmkgenetics.com\/no\/services\/laks\/island\/vogar-stamfiskstasjon\/","og_locale":"nb_NO","og_type":"article","og_title":"Vogar Stamfiskstasjon - Benchmark Genetics - Avlsarbeid for fremtiden","og_description":"Vogar er v\u00e5rt st\u00f8rste stamfiskanlegg p\u00e5 Island. Senteret ble kj\u00f8pt i 2004 og den f\u00f8rste rogna ble inkubert i 2006.","og_url":"https:\/\/www.bmkgenetics.com\/no\/services\/laks\/island\/vogar-stamfiskstasjon\/","og_site_name":"Benchmark Genetics","article_publisher":"https:\/\/www.facebook.com\/benchmarkgenetics\/","article_modified_time":"2021-07-06T07:04:40+00:00","og_image":[{"width":800,"height":600,"url":"https:\/\/www.bmkgenetics.com\/wp-content\/uploads\/2021\/04\/logo-whitebg-528x135-in-800x600-1.png","type":"image\/png"}],"twitter_card":"summary_large_image","twitter_site":"@WeAreBenchmark","twitter_misc":{"Ansl. lesetid":"1 minutt"},"schema":{"@context":"https:\/\/schema.org","@graph":[{"@type":"WebPage","@id":"https:\/\/www.bmkgenetics.com\/no\/services\/laks\/island\/vogar-stamfiskstasjon\/","url":"https:\/\/www.bmkgenetics.com\/no\/services\/laks\/island\/vogar-stamfiskstasjon\/","name":"Vogar Stamfiskstasjon - Benchmark Genetics - Avlsarbeid for fremtiden","isPartOf":{"@id":"https:\/\/www.bmkgenetics.com\/no\/#website"},"datePublished":"2021-07-06T06:54:06+00:00","dateModified":"2021-07-06T07:04:40+00:00","description":"Vogar er v\u00e5rt st\u00f8rste stamfiskanlegg p\u00e5 Island. Senteret ble kj\u00f8pt i 2004 og den f\u00f8rste rogna ble inkubert i 2006.","breadcrumb":{"@id":"https:\/\/www.bmkgenetics.com\/no\/services\/laks\/island\/vogar-stamfiskstasjon\/#breadcrumb"},"inLanguage":"nb-NO","potentialAction":[{"@type":"ReadAction","target":["https:\/\/www.bmkgenetics.com\/no\/services\/laks\/island\/vogar-stamfiskstasjon\/"]}]},{"@type":"BreadcrumbList","@id":"https:\/\/www.bmkgenetics.com\/no\/services\/laks\/island\/vogar-stamfiskstasjon\/#breadcrumb","itemListElement":[{"@type":"ListItem","position":1,"name":"Produkter","item":"https:\/\/www.bmkgenetics.com\/no\/services\/"},{"@type":"ListItem","position":2,"name":"Lakserogn","item":"https:\/\/www.bmkgenetics.com\/no\/services\/laks\/"},{"@type":"ListItem","position":3,"name":"Island","item":"https:\/\/www.bmkgenetics.com\/no\/services\/laks\/island\/"},{"@type":"ListItem","position":4,"name":"Vogar Stamfiskstasjon"}]},{"@type":"WebSite","@id":"https:\/\/www.bmkgenetics.com\/no\/#website","url":"https:\/\/www.bmkgenetics.com\/no\/","name":"Benchmark Genetics","description":"Driving sustainability in aquaculture","potentialAction":[{"@type":"SearchAction","target":{"@type":"EntryPoint","urlTemplate":"https:\/\/www.bmkgenetics.com\/no\/?s={search_term_string}"},"query-input":{"@type":"PropertyValueSpecification","valueRequired":true,"valueName":"search_term_string"}}],"inLanguage":"nb-NO"}]}},"_links":{"self":[{"href":"https:\/\/www.bmkgenetics.com\/no\/wp-json\/wp\/v2\/pages\/5651","targetHints":{"allow":["GET"]}}],"collection":[{"href":"https:\/\/www.bmkgenetics.com\/no\/wp-json\/wp\/v2\/pages"}],"about":[{"href":"https:\/\/www.bmkgenetics.com\/no\/wp-json\/wp\/v2\/types\/page"}],"author":[{"embeddable":true,"href":"https:\/\/www.bmkgenetics.com\/no\/wp-json\/wp\/v2\/users\/99"}],"replies":[{"embeddable":true,"href":"https:\/\/www.bmkgenetics.com\/no\/wp-json\/wp\/v2\/comments?post=5651"}],"version-history":[{"count":0,"href":"https:\/\/www.bmkgenetics.com\/no\/wp-json\/wp\/v2\/pages\/5651\/revisions"}],"up":[{"embeddable":true,"href":"https:\/\/www.bmkgenetics.com\/no\/wp-json\/wp\/v2\/pages\/5646"}],"wp:attachment":[{"href":"https:\/\/www.bmkgenetics.com\/no\/wp-json\/wp\/v2\/media?parent=5651"}],"curies":[{"name":"wp","href":"https:\/\/api.w.org\/{rel}","templated":true}]}}