{"id":5649,"date":"2021-07-06T08:47:49","date_gmt":"2021-07-06T06:47:49","guid":{"rendered":"https:\/\/www.bmkgenetics.com\/services\/laks\/island\/kalmanstjorn\/"},"modified":"2021-07-06T08:47:49","modified_gmt":"2021-07-06T06:47:49","slug":"kalmanstjorn","status":"publish","type":"page","link":"https:\/\/www.bmkgenetics.com\/no\/services\/laks\/island\/kalmanstjorn\/","title":{"rendered":"Kalmanstj\u00f6rn"},"content":{"rendered":"<section class=\"l-section wpb_row leftheading-rightbody height_large\"><div class=\"l-section-h i-cf\"><div class=\"g-cols vc_row via_flex valign_top type_default stacking_default\"><div class=\"vc_col-sm-12 wpb_column vc_column_container\"><div class=\"vc_column-inner\"><div class=\"wpb_wrapper\"><div class=\"g-cols wpb_row via_flex valign_top type_default stacking_default\"><div class=\"vc_col-sm-12 vc_col-md-8 wpb_column vc_column_container\"><div class=\"vc_column-inner\"><div class=\"wpb_wrapper\">[vc_custom_heading text=&raquo;V\u00e5rt nestst\u00f8rste stamfiskanlegg for Atlantisk laks p\u00e5 Island&raquo; use_theme_fonts=&raquo;yes&raquo;]<\/div><\/div><\/div><div class=\"vc_col-sm-4 vc_hidden-sm vc_hidden-xs wpb_column vc_column_container\"><div class=\"vc_column-inner\"><div class=\"wpb_wrapper\"><\/div><\/div><\/div><\/div><div class=\"g-cols wpb_row via_flex valign_top type_default stacking_default\"><div class=\"vc_col-sm-4 vc_hidden-sm vc_hidden-xs wpb_column vc_column_container\"><div class=\"vc_column-inner\"><div class=\"wpb_wrapper\"><\/div><\/div><\/div><div class=\"vc_col-sm-12 vc_col-md-8 wpb_column vc_column_container\"><div class=\"vc_column-inner\"><div class=\"wpb_wrapper\"><div class=\"wpb_text_column\"><div class=\"wpb_wrapper\"><p>Kalmanstj\u00f6rn er det nest st\u00f8rste stamfiskanlegget til Benchmark Genetics Iceland. Anlegget ble satt i drift I 1985 og ble kj\u00f8pt av Stofnfiskur i 1991.<\/p>\n<p>Det er landbasert og lokalisert ved havet i det s\u00f8r-vestlige hj\u00f8rnet av Island. Sj\u00f8vann og ferskvann blir pumpet inn i anlegget fra dype br\u00f8nner som utgj\u00f8r et helt lukket vannsystem hvor det ikke forekommer noen kontakt med villfisk. Dette er et sv\u00e6rt viktig element i selskapets strenge biosikkerhetssystem som er implementert p\u00e5 alle anleggene p\u00e5 Island.<\/p>\n<p>Kalmanstj\u00f6rn mottar smolt to ganger i \u00e5ret fra det lukkede ferskvannsklekkeriet, Kollafj\u00f6r\u00f0ur. Alle karene er plassert innend\u00f8rs og er spesielt tilpasset for produksjon av stamfisk. Produksjonskapasiteten er ca 90. Millioner \u00f8yerogn i \u00e5ret og anlegget har syv ansatte.<\/p>\n<\/div><\/div><\/div><\/div><\/div><\/div><\/div><\/div><\/div><\/div><\/div><\/section>\n","protected":false},"excerpt":{"rendered":"[vc_custom_heading text=\"V\u00e5rt nestst\u00f8rste stamfiskanlegg for Atlantisk laks p\u00e5 Island\" use_theme_fonts=\"yes\"]Kalmanstj\u00f6rn er det nest st\u00f8rste stamfiskanlegget til Benchmark Genetics Iceland. Anlegget ble satt i drift I 1985 og ble kj\u00f8pt av Stofnfiskur i 1991. Det er landbasert og lokalisert ved havet i det s\u00f8r-vestlige hj\u00f8rnet av Island. Sj\u00f8vann og ferskvann blir pumpet inn i anlegget fra...","protected":false},"author":99,"featured_media":0,"parent":5646,"menu_order":0,"comment_status":"closed","ping_status":"closed","template":"","meta":{"_acf_changed":false,"footnotes":""},"class_list":["post-5649","page","type-page","status-publish","hentry"],"acf":[],"yoast_head":"<!-- This site is optimized with the Yoast SEO plugin v27.3 - https:\/\/yoast.com\/product\/yoast-seo-wordpress\/ -->\n<title>Kalmanstj\u00f6rn - Benchmark Genetics - Avlsarbeid for fremtiden<\/title>\n<meta name=\"description\" content=\"Kalmanstj\u00f6rn er det nest st\u00f8rste stamfiskanlegget til Benchmark Genetics Iceland. Anlegget ble satt i drift i 1985 og ble kj\u00f8pt av Stofnfiskur i 1991.\" \/>\n<meta name=\"robots\" content=\"index, follow, max-snippet:-1, max-image-preview:large, max-video-preview:-1\" \/>\n<link rel=\"canonical\" href=\"https:\/\/www.bmkgenetics.com\/no\/services\/laks\/island\/kalmanstjorn\/\" \/>\n<meta property=\"og:locale\" content=\"nb_NO\" \/>\n<meta property=\"og:type\" content=\"article\" \/>\n<meta property=\"og:title\" content=\"Kalmanstj\u00f6rn - Benchmark Genetics - Avlsarbeid for fremtiden\" \/>\n<meta property=\"og:description\" content=\"Kalmanstj\u00f6rn er det nest st\u00f8rste stamfiskanlegget til Benchmark Genetics Iceland. Anlegget ble satt i drift i 1985 og ble kj\u00f8pt av Stofnfiskur i 1991.\" \/>\n<meta property=\"og:url\" content=\"https:\/\/www.bmkgenetics.com\/no\/services\/laks\/island\/kalmanstjorn\/\" \/>\n<meta property=\"og:site_name\" content=\"Benchmark Genetics\" \/>\n<meta property=\"article:publisher\" content=\"https:\/\/www.facebook.com\/benchmarkgenetics\/\" \/>\n<meta property=\"og:image\" content=\"https:\/\/www.bmkgenetics.com\/wp-content\/uploads\/2021\/04\/logo-whitebg-528x135-in-800x600-1.png\" \/>\n\t<meta property=\"og:image:width\" content=\"800\" \/>\n\t<meta property=\"og:image:height\" content=\"600\" \/>\n\t<meta property=\"og:image:type\" content=\"image\/png\" \/>\n<meta name=\"twitter:card\" content=\"summary_large_image\" \/>\n<meta name=\"twitter:site\" content=\"@WeAreBenchmark\" \/>\n<meta name=\"twitter:label1\" content=\"Ansl. lesetid\" \/>\n\t<meta name=\"twitter:data1\" content=\"1 minutt\" \/>\n<script type=\"application\/ld+json\" class=\"yoast-schema-graph\">{\"@context\":\"https:\\\/\\\/schema.org\",\"@graph\":[{\"@type\":\"WebPage\",\"@id\":\"https:\\\/\\\/www.bmkgenetics.com\\\/no\\\/services\\\/laks\\\/island\\\/kalmanstjorn\\\/\",\"url\":\"https:\\\/\\\/www.bmkgenetics.com\\\/no\\\/services\\\/laks\\\/island\\\/kalmanstjorn\\\/\",\"name\":\"Kalmanstj\u00f6rn - Benchmark Genetics - Avlsarbeid for fremtiden\",\"isPartOf\":{\"@id\":\"https:\\\/\\\/www.bmkgenetics.com\\\/no\\\/#website\"},\"datePublished\":\"2021-07-06T06:47:49+00:00\",\"description\":\"Kalmanstj\u00f6rn er det nest st\u00f8rste stamfiskanlegget til Benchmark Genetics Iceland. Anlegget ble satt i drift i 1985 og ble kj\u00f8pt av Stofnfiskur i 1991.\",\"breadcrumb\":{\"@id\":\"https:\\\/\\\/www.bmkgenetics.com\\\/no\\\/services\\\/laks\\\/island\\\/kalmanstjorn\\\/#breadcrumb\"},\"inLanguage\":\"nb-NO\",\"potentialAction\":[{\"@type\":\"ReadAction\",\"target\":[\"https:\\\/\\\/www.bmkgenetics.com\\\/no\\\/services\\\/laks\\\/island\\\/kalmanstjorn\\\/\"]}]},{\"@type\":\"BreadcrumbList\",\"@id\":\"https:\\\/\\\/www.bmkgenetics.com\\\/no\\\/services\\\/laks\\\/island\\\/kalmanstjorn\\\/#breadcrumb\",\"itemListElement\":[{\"@type\":\"ListItem\",\"position\":1,\"name\":\"Produkter\",\"item\":\"https:\\\/\\\/www.bmkgenetics.com\\\/no\\\/services\\\/\"},{\"@type\":\"ListItem\",\"position\":2,\"name\":\"Lakserogn\",\"item\":\"https:\\\/\\\/www.bmkgenetics.com\\\/no\\\/services\\\/laks\\\/\"},{\"@type\":\"ListItem\",\"position\":3,\"name\":\"Island\",\"item\":\"https:\\\/\\\/www.bmkgenetics.com\\\/no\\\/services\\\/laks\\\/island\\\/\"},{\"@type\":\"ListItem\",\"position\":4,\"name\":\"Kalmanstj\u00f6rn\"}]},{\"@type\":\"WebSite\",\"@id\":\"https:\\\/\\\/www.bmkgenetics.com\\\/no\\\/#website\",\"url\":\"https:\\\/\\\/www.bmkgenetics.com\\\/no\\\/\",\"name\":\"Benchmark Genetics\",\"description\":\"Driving sustainability in aquaculture\",\"potentialAction\":[{\"@type\":\"SearchAction\",\"target\":{\"@type\":\"EntryPoint\",\"urlTemplate\":\"https:\\\/\\\/www.bmkgenetics.com\\\/no\\\/?s={search_term_string}\"},\"query-input\":{\"@type\":\"PropertyValueSpecification\",\"valueRequired\":true,\"valueName\":\"search_term_string\"}}],\"inLanguage\":\"nb-NO\"}]}<\/script>\n<!-- \/ Yoast SEO plugin. -->","yoast_head_json":{"title":"Kalmanstj\u00f6rn - Benchmark Genetics - Avlsarbeid for fremtiden","description":"Kalmanstj\u00f6rn er det nest st\u00f8rste stamfiskanlegget til Benchmark Genetics Iceland. Anlegget ble satt i drift i 1985 og ble kj\u00f8pt av Stofnfiskur i 1991.","robots":{"index":"index","follow":"follow","max-snippet":"max-snippet:-1","max-image-preview":"max-image-preview:large","max-video-preview":"max-video-preview:-1"},"canonical":"https:\/\/www.bmkgenetics.com\/no\/services\/laks\/island\/kalmanstjorn\/","og_locale":"nb_NO","og_type":"article","og_title":"Kalmanstj\u00f6rn - Benchmark Genetics - Avlsarbeid for fremtiden","og_description":"Kalmanstj\u00f6rn er det nest st\u00f8rste stamfiskanlegget til Benchmark Genetics Iceland. Anlegget ble satt i drift i 1985 og ble kj\u00f8pt av Stofnfiskur i 1991.","og_url":"https:\/\/www.bmkgenetics.com\/no\/services\/laks\/island\/kalmanstjorn\/","og_site_name":"Benchmark Genetics","article_publisher":"https:\/\/www.facebook.com\/benchmarkgenetics\/","og_image":[{"width":800,"height":600,"url":"https:\/\/www.bmkgenetics.com\/wp-content\/uploads\/2021\/04\/logo-whitebg-528x135-in-800x600-1.png","type":"image\/png"}],"twitter_card":"summary_large_image","twitter_site":"@WeAreBenchmark","twitter_misc":{"Ansl. lesetid":"1 minutt"},"schema":{"@context":"https:\/\/schema.org","@graph":[{"@type":"WebPage","@id":"https:\/\/www.bmkgenetics.com\/no\/services\/laks\/island\/kalmanstjorn\/","url":"https:\/\/www.bmkgenetics.com\/no\/services\/laks\/island\/kalmanstjorn\/","name":"Kalmanstj\u00f6rn - Benchmark Genetics - Avlsarbeid for fremtiden","isPartOf":{"@id":"https:\/\/www.bmkgenetics.com\/no\/#website"},"datePublished":"2021-07-06T06:47:49+00:00","description":"Kalmanstj\u00f6rn er det nest st\u00f8rste stamfiskanlegget til Benchmark Genetics Iceland. Anlegget ble satt i drift i 1985 og ble kj\u00f8pt av Stofnfiskur i 1991.","breadcrumb":{"@id":"https:\/\/www.bmkgenetics.com\/no\/services\/laks\/island\/kalmanstjorn\/#breadcrumb"},"inLanguage":"nb-NO","potentialAction":[{"@type":"ReadAction","target":["https:\/\/www.bmkgenetics.com\/no\/services\/laks\/island\/kalmanstjorn\/"]}]},{"@type":"BreadcrumbList","@id":"https:\/\/www.bmkgenetics.com\/no\/services\/laks\/island\/kalmanstjorn\/#breadcrumb","itemListElement":[{"@type":"ListItem","position":1,"name":"Produkter","item":"https:\/\/www.bmkgenetics.com\/no\/services\/"},{"@type":"ListItem","position":2,"name":"Lakserogn","item":"https:\/\/www.bmkgenetics.com\/no\/services\/laks\/"},{"@type":"ListItem","position":3,"name":"Island","item":"https:\/\/www.bmkgenetics.com\/no\/services\/laks\/island\/"},{"@type":"ListItem","position":4,"name":"Kalmanstj\u00f6rn"}]},{"@type":"WebSite","@id":"https:\/\/www.bmkgenetics.com\/no\/#website","url":"https:\/\/www.bmkgenetics.com\/no\/","name":"Benchmark Genetics","description":"Driving sustainability in aquaculture","potentialAction":[{"@type":"SearchAction","target":{"@type":"EntryPoint","urlTemplate":"https:\/\/www.bmkgenetics.com\/no\/?s={search_term_string}"},"query-input":{"@type":"PropertyValueSpecification","valueRequired":true,"valueName":"search_term_string"}}],"inLanguage":"nb-NO"}]}},"_links":{"self":[{"href":"https:\/\/www.bmkgenetics.com\/no\/wp-json\/wp\/v2\/pages\/5649","targetHints":{"allow":["GET"]}}],"collection":[{"href":"https:\/\/www.bmkgenetics.com\/no\/wp-json\/wp\/v2\/pages"}],"about":[{"href":"https:\/\/www.bmkgenetics.com\/no\/wp-json\/wp\/v2\/types\/page"}],"author":[{"embeddable":true,"href":"https:\/\/www.bmkgenetics.com\/no\/wp-json\/wp\/v2\/users\/99"}],"replies":[{"embeddable":true,"href":"https:\/\/www.bmkgenetics.com\/no\/wp-json\/wp\/v2\/comments?post=5649"}],"version-history":[{"count":0,"href":"https:\/\/www.bmkgenetics.com\/no\/wp-json\/wp\/v2\/pages\/5649\/revisions"}],"up":[{"embeddable":true,"href":"https:\/\/www.bmkgenetics.com\/no\/wp-json\/wp\/v2\/pages\/5646"}],"wp:attachment":[{"href":"https:\/\/www.bmkgenetics.com\/no\/wp-json\/wp\/v2\/media?parent=5649"}],"curies":[{"name":"wp","href":"https:\/\/api.w.org\/{rel}","templated":true}]}}