{"id":5644,"date":"2021-07-05T15:41:40","date_gmt":"2021-07-05T13:41:40","guid":{"rendered":"https:\/\/www.bmkgenetics.com\/services\/laks\/chile\/benchmark-genetics-ensenada\/"},"modified":"2021-07-05T15:41:41","modified_gmt":"2021-07-05T13:41:41","slug":"benchmark-genetics-ensenada","status":"publish","type":"page","link":"https:\/\/www.bmkgenetics.com\/no\/services\/genetiske-tjenester\/chile-2\/benchmark-genetics-ensenada\/","title":{"rendered":"Benchmark Genetics Ensenada"},"content":{"rendered":"<section class=\"l-section wpb_row leftheading-rightbody height_large\"><div class=\"l-section-h i-cf\"><div class=\"g-cols vc_row via_flex valign_top type_default stacking_default\"><div class=\"vc_col-sm-12 wpb_column vc_column_container\"><div class=\"vc_column-inner\"><div class=\"wpb_wrapper\"><div class=\"g-cols wpb_row via_flex valign_top type_default stacking_default\"><div class=\"vc_col-sm-12 vc_col-md-8 wpb_column vc_column_container\"><div class=\"vc_column-inner\"><div class=\"wpb_wrapper\">[vc_custom_heading text=&raquo;Om Benchmark Genetics Ensenada&raquo; use_theme_fonts=&raquo;yes&raquo;]<\/div><\/div><\/div><div class=\"vc_col-sm-4 vc_hidden-sm vc_hidden-xs wpb_column vc_column_container\"><div class=\"vc_column-inner\"><div class=\"wpb_wrapper\"><\/div><\/div><\/div><\/div><div class=\"g-cols wpb_row via_flex valign_top type_default stacking_default\"><div class=\"vc_col-sm-4 vc_hidden-sm vc_hidden-xs wpb_column vc_column_container\"><div class=\"vc_column-inner\"><div class=\"wpb_wrapper\"><\/div><\/div><\/div><div class=\"vc_col-sm-12 vc_col-md-8 wpb_column vc_column_container\"><div class=\"vc_column-inner\"><div class=\"wpb_wrapper\"><div class=\"wpb_text_column\"><div class=\"wpb_wrapper\"><p>Anlegget ligger i idylliske omgivelser langs innsj\u00f8en Llanquihue og foten av vulkanen Osorno. Her har vi avdelinger for stryking av stamfisk og inkubasjon av rogn. Anlegget har ogs\u00e5 et eget laboratorium for kryokonservering av melke. I Ensenada produserer vi ogs\u00e5 familiene til SagaChile-stammen.<\/p>\n<p>Stamfisken ankommer anlegget fra Curacalco n\u00e5r den er over 8.5 kg og klar til \u00e5 bli str\u00f8ket og screenet. S\u00e5 snart disse prosedyrene er gjennomf\u00f8rt, blir rogna befruktet og inkubert inntil den er klar til \u00e5 leveres v\u00e5re kunder.<\/p>\n<\/div><\/div><div class=\"wpb_text_column\"><div class=\"wpb_wrapper\"><h3>Benchmark Genetic Ensenada i tall:<\/h3>\n<ul>\n<li>1.300 m3 karvolum<\/li>\n<li>200 familiekar<\/li>\n<li>50.000.000 inkubasjonskapasitet<\/li>\n<li>Laboratorie for kryokonservering<\/li>\n<\/ul>\n<\/div><\/div><div class=\"w-separator size_medium\"><\/div><div class=\"w-image align_none\"><div class=\"w-image-h\"><img decoding=\"async\" width=\"1024\" height=\"768\" src=\"https:\/\/www.bmkgenetics.com\/wp-content\/uploads\/2021\/04\/Ensenada-1-1024x768.jpg\" class=\"attachment-large size-large\" alt=\"\" loading=\"lazy\" srcset=\"https:\/\/www.bmkgenetics.com\/wp-content\/uploads\/2021\/04\/Ensenada-1-1024x768.jpg 1024w, https:\/\/www.bmkgenetics.com\/wp-content\/uploads\/2021\/04\/Ensenada-1-300x225.jpg 300w\" sizes=\"auto, (max-width: 1024px) 100vw, 1024px\" \/><\/div><\/div><\/div><\/div><\/div><\/div><\/div><\/div><\/div><\/div><\/div><\/section>\n","protected":false},"excerpt":{"rendered":"[vc_custom_heading text=\"Om Benchmark Genetics Ensenada\" use_theme_fonts=\"yes\"]Anlegget ligger i idylliske omgivelser langs innsj\u00f8en Llanquihue og foten av vulkanen Osorno. Her har vi avdelinger for stryking av stamfisk og inkubasjon av rogn. Anlegget har ogs\u00e5 et eget laboratorium for kryokonservering av melke. I Ensenada produserer vi ogs\u00e5 familiene til SagaChile-stammen. Stamfisken ankommer anlegget fra Curacalco n\u00e5r den...","protected":false},"author":99,"featured_media":0,"parent":5642,"menu_order":0,"comment_status":"closed","ping_status":"closed","template":"","meta":{"_acf_changed":false,"footnotes":""},"class_list":["post-5644","page","type-page","status-publish","hentry"],"acf":[],"yoast_head":"<!-- This site is optimized with the Yoast SEO plugin v27.5 - https:\/\/yoast.com\/product\/yoast-seo-wordpress\/ -->\n<title>Benchmark Genetics Ensenada - Benchmark Genetics<\/title>\n<meta name=\"description\" content=\"Anlegget i Ensenada er v\u00e5r stryke- og inkubasjonsenehet. Her har vi ogs\u00e5 et eget laboratorium for kryokonservering.\" \/>\n<meta name=\"robots\" content=\"index, follow, max-snippet:-1, max-image-preview:large, max-video-preview:-1\" \/>\n<link rel=\"canonical\" href=\"https:\/\/www.bmkgenetics.com\/no\/services\/genetiske-tjenester\/chile-2\/benchmark-genetics-ensenada\/\" \/>\n<meta property=\"og:locale\" content=\"nb_NO\" \/>\n<meta property=\"og:type\" content=\"article\" \/>\n<meta property=\"og:title\" content=\"Benchmark Genetics Ensenada - Benchmark Genetics\" \/>\n<meta property=\"og:description\" content=\"Anlegget i Ensenada er v\u00e5r stryke- og inkubasjonsenehet. Her har vi ogs\u00e5 et eget laboratorium for kryokonservering.\" \/>\n<meta property=\"og:url\" content=\"https:\/\/www.bmkgenetics.com\/no\/services\/genetiske-tjenester\/chile-2\/benchmark-genetics-ensenada\/\" \/>\n<meta property=\"og:site_name\" content=\"Benchmark Genetics\" \/>\n<meta property=\"article:publisher\" content=\"https:\/\/www.facebook.com\/benchmarkgenetics\/\" \/>\n<meta property=\"article:modified_time\" content=\"2021-07-05T13:41:41+00:00\" \/>\n<meta property=\"og:image\" content=\"https:\/\/www.bmkgenetics.com\/wp-content\/uploads\/2021\/04\/logo-whitebg-528x135-in-800x600-1.png\" \/>\n\t<meta property=\"og:image:width\" content=\"800\" \/>\n\t<meta property=\"og:image:height\" content=\"600\" \/>\n\t<meta property=\"og:image:type\" content=\"image\/png\" \/>\n<meta name=\"twitter:card\" content=\"summary_large_image\" \/>\n<meta name=\"twitter:site\" content=\"@WeAreBenchmark\" \/>\n<meta name=\"twitter:label1\" content=\"Ansl. lesetid\" \/>\n\t<meta name=\"twitter:data1\" content=\"1 minutt\" \/>\n<script type=\"application\/ld+json\" class=\"yoast-schema-graph\">{\"@context\":\"https:\\\/\\\/schema.org\",\"@graph\":[{\"@type\":\"WebPage\",\"@id\":\"https:\\\/\\\/www.bmkgenetics.com\\\/no\\\/services\\\/genetiske-tjenester\\\/chile-2\\\/benchmark-genetics-ensenada\\\/\",\"url\":\"https:\\\/\\\/www.bmkgenetics.com\\\/no\\\/services\\\/genetiske-tjenester\\\/chile-2\\\/benchmark-genetics-ensenada\\\/\",\"name\":\"Benchmark Genetics Ensenada - Benchmark Genetics\",\"isPartOf\":{\"@id\":\"https:\\\/\\\/www.bmkgenetics.com\\\/no\\\/#website\"},\"datePublished\":\"2021-07-05T13:41:40+00:00\",\"dateModified\":\"2021-07-05T13:41:41+00:00\",\"description\":\"Anlegget i Ensenada er v\u00e5r stryke- og inkubasjonsenehet. Her har vi ogs\u00e5 et eget laboratorium for kryokonservering.\",\"breadcrumb\":{\"@id\":\"https:\\\/\\\/www.bmkgenetics.com\\\/no\\\/services\\\/genetiske-tjenester\\\/chile-2\\\/benchmark-genetics-ensenada\\\/#breadcrumb\"},\"inLanguage\":\"nb-NO\",\"potentialAction\":[{\"@type\":\"ReadAction\",\"target\":[\"https:\\\/\\\/www.bmkgenetics.com\\\/no\\\/services\\\/genetiske-tjenester\\\/chile-2\\\/benchmark-genetics-ensenada\\\/\"]}]},{\"@type\":\"BreadcrumbList\",\"@id\":\"https:\\\/\\\/www.bmkgenetics.com\\\/no\\\/services\\\/genetiske-tjenester\\\/chile-2\\\/benchmark-genetics-ensenada\\\/#breadcrumb\",\"itemListElement\":[{\"@type\":\"ListItem\",\"position\":1,\"name\":\"Produkter\",\"item\":\"https:\\\/\\\/www.bmkgenetics.com\\\/no\\\/services\\\/\"},{\"@type\":\"ListItem\",\"position\":2,\"name\":\"Genetiske tjenester\",\"item\":\"https:\\\/\\\/www.bmkgenetics.com\\\/no\\\/services\\\/genetiske-tjenester\\\/\"},{\"@type\":\"ListItem\",\"position\":3,\"name\":\"Chile\",\"item\":\"https:\\\/\\\/www.bmkgenetics.com\\\/no\\\/services\\\/genetiske-tjenester\\\/chile-2\\\/\"},{\"@type\":\"ListItem\",\"position\":4,\"name\":\"Benchmark Genetics Ensenada\"}]},{\"@type\":\"WebSite\",\"@id\":\"https:\\\/\\\/www.bmkgenetics.com\\\/no\\\/#website\",\"url\":\"https:\\\/\\\/www.bmkgenetics.com\\\/no\\\/\",\"name\":\"Benchmark Genetics\",\"description\":\"Driving sustainability in aquaculture\",\"potentialAction\":[{\"@type\":\"SearchAction\",\"target\":{\"@type\":\"EntryPoint\",\"urlTemplate\":\"https:\\\/\\\/www.bmkgenetics.com\\\/no\\\/?s={search_term_string}\"},\"query-input\":{\"@type\":\"PropertyValueSpecification\",\"valueRequired\":true,\"valueName\":\"search_term_string\"}}],\"inLanguage\":\"nb-NO\"}]}<\/script>\n<!-- \/ Yoast SEO plugin. -->","yoast_head_json":{"title":"Benchmark Genetics Ensenada - Benchmark Genetics","description":"Anlegget i Ensenada er v\u00e5r stryke- og inkubasjonsenehet. Her har vi ogs\u00e5 et eget laboratorium for kryokonservering.","robots":{"index":"index","follow":"follow","max-snippet":"max-snippet:-1","max-image-preview":"max-image-preview:large","max-video-preview":"max-video-preview:-1"},"canonical":"https:\/\/www.bmkgenetics.com\/no\/services\/genetiske-tjenester\/chile-2\/benchmark-genetics-ensenada\/","og_locale":"nb_NO","og_type":"article","og_title":"Benchmark Genetics Ensenada - Benchmark Genetics","og_description":"Anlegget i Ensenada er v\u00e5r stryke- og inkubasjonsenehet. Her har vi ogs\u00e5 et eget laboratorium for kryokonservering.","og_url":"https:\/\/www.bmkgenetics.com\/no\/services\/genetiske-tjenester\/chile-2\/benchmark-genetics-ensenada\/","og_site_name":"Benchmark Genetics","article_publisher":"https:\/\/www.facebook.com\/benchmarkgenetics\/","article_modified_time":"2021-07-05T13:41:41+00:00","og_image":[{"width":800,"height":600,"url":"https:\/\/www.bmkgenetics.com\/wp-content\/uploads\/2021\/04\/logo-whitebg-528x135-in-800x600-1.png","type":"image\/png"}],"twitter_card":"summary_large_image","twitter_site":"@WeAreBenchmark","twitter_misc":{"Ansl. lesetid":"1 minutt"},"schema":{"@context":"https:\/\/schema.org","@graph":[{"@type":"WebPage","@id":"https:\/\/www.bmkgenetics.com\/no\/services\/genetiske-tjenester\/chile-2\/benchmark-genetics-ensenada\/","url":"https:\/\/www.bmkgenetics.com\/no\/services\/genetiske-tjenester\/chile-2\/benchmark-genetics-ensenada\/","name":"Benchmark Genetics Ensenada - Benchmark Genetics","isPartOf":{"@id":"https:\/\/www.bmkgenetics.com\/no\/#website"},"datePublished":"2021-07-05T13:41:40+00:00","dateModified":"2021-07-05T13:41:41+00:00","description":"Anlegget i Ensenada er v\u00e5r stryke- og inkubasjonsenehet. Her har vi ogs\u00e5 et eget laboratorium for kryokonservering.","breadcrumb":{"@id":"https:\/\/www.bmkgenetics.com\/no\/services\/genetiske-tjenester\/chile-2\/benchmark-genetics-ensenada\/#breadcrumb"},"inLanguage":"nb-NO","potentialAction":[{"@type":"ReadAction","target":["https:\/\/www.bmkgenetics.com\/no\/services\/genetiske-tjenester\/chile-2\/benchmark-genetics-ensenada\/"]}]},{"@type":"BreadcrumbList","@id":"https:\/\/www.bmkgenetics.com\/no\/services\/genetiske-tjenester\/chile-2\/benchmark-genetics-ensenada\/#breadcrumb","itemListElement":[{"@type":"ListItem","position":1,"name":"Produkter","item":"https:\/\/www.bmkgenetics.com\/no\/services\/"},{"@type":"ListItem","position":2,"name":"Genetiske tjenester","item":"https:\/\/www.bmkgenetics.com\/no\/services\/genetiske-tjenester\/"},{"@type":"ListItem","position":3,"name":"Chile","item":"https:\/\/www.bmkgenetics.com\/no\/services\/genetiske-tjenester\/chile-2\/"},{"@type":"ListItem","position":4,"name":"Benchmark Genetics Ensenada"}]},{"@type":"WebSite","@id":"https:\/\/www.bmkgenetics.com\/no\/#website","url":"https:\/\/www.bmkgenetics.com\/no\/","name":"Benchmark Genetics","description":"Driving sustainability in aquaculture","potentialAction":[{"@type":"SearchAction","target":{"@type":"EntryPoint","urlTemplate":"https:\/\/www.bmkgenetics.com\/no\/?s={search_term_string}"},"query-input":{"@type":"PropertyValueSpecification","valueRequired":true,"valueName":"search_term_string"}}],"inLanguage":"nb-NO"}]}},"_links":{"self":[{"href":"https:\/\/www.bmkgenetics.com\/no\/wp-json\/wp\/v2\/pages\/5644","targetHints":{"allow":["GET"]}}],"collection":[{"href":"https:\/\/www.bmkgenetics.com\/no\/wp-json\/wp\/v2\/pages"}],"about":[{"href":"https:\/\/www.bmkgenetics.com\/no\/wp-json\/wp\/v2\/types\/page"}],"author":[{"embeddable":true,"href":"https:\/\/www.bmkgenetics.com\/no\/wp-json\/wp\/v2\/users\/99"}],"replies":[{"embeddable":true,"href":"https:\/\/www.bmkgenetics.com\/no\/wp-json\/wp\/v2\/comments?post=5644"}],"version-history":[{"count":0,"href":"https:\/\/www.bmkgenetics.com\/no\/wp-json\/wp\/v2\/pages\/5644\/revisions"}],"up":[{"embeddable":true,"href":"https:\/\/www.bmkgenetics.com\/no\/wp-json\/wp\/v2\/pages\/5642"}],"wp:attachment":[{"href":"https:\/\/www.bmkgenetics.com\/no\/wp-json\/wp\/v2\/media?parent=5644"}],"curies":[{"name":"wp","href":"https:\/\/api.w.org\/{rel}","templated":true}]}}