{"id":5643,"date":"2021-07-05T15:35:16","date_gmt":"2021-07-05T13:35:16","guid":{"rendered":"https:\/\/www.bmkgenetics.com\/services\/laks\/chile\/benchmark-genetics-curacalco\/"},"modified":"2021-07-05T15:35:17","modified_gmt":"2021-07-05T13:35:17","slug":"benchmark-genetics-curacalco","status":"publish","type":"page","link":"https:\/\/www.bmkgenetics.com\/no\/services\/genetiske-tjenester\/chile-2\/benchmark-genetics-curacalco\/","title":{"rendered":"Benchmark Genetics Curacalco"},"content":{"rendered":"<section class=\"l-section wpb_row leftheading-rightbody height_large\"><div class=\"l-section-h i-cf\"><div class=\"g-cols vc_row via_flex valign_top type_default stacking_default\"><div class=\"vc_col-sm-12 wpb_column vc_column_container\"><div class=\"vc_column-inner\"><div class=\"wpb_wrapper\"><div class=\"g-cols wpb_row via_flex valign_top type_default stacking_default\"><div class=\"vc_col-sm-12 vc_col-md-8 wpb_column vc_column_container\"><div class=\"vc_column-inner\"><div class=\"wpb_wrapper\">[vc_custom_heading text=&raquo;Om Benchmark Genetics Curacalco&raquo; use_theme_fonts=&raquo;yes&raquo;]<\/div><\/div><\/div><div class=\"vc_col-sm-4 vc_hidden-sm vc_hidden-xs wpb_column vc_column_container\"><div class=\"vc_column-inner\"><div class=\"wpb_wrapper\"><\/div><\/div><\/div><\/div><div class=\"g-cols wpb_row via_flex valign_top type_default stacking_default\"><div class=\"vc_col-sm-4 vc_hidden-sm vc_hidden-xs wpb_column vc_column_container\"><div class=\"vc_column-inner\"><div class=\"wpb_wrapper\"><\/div><\/div><\/div><div class=\"vc_col-sm-12 vc_col-md-8 wpb_column vc_column_container\"><div class=\"vc_column-inner\"><div class=\"wpb_wrapper\"><div class=\"wpb_text_column\"><div class=\"wpb_wrapper\"><p>Curacalco ligger ca. 380 km nord for Puerto Varas i et omr\u00e5de som er biosikkert og isolert fra annen lakseoppdrett. Vannet hentes i hovedsak fra dypg\u00e5ende br\u00f8nner, samt dobbeltfiltrert vann fra elv.<\/p>\n<p>Anlegget mottar smolt fra Ensenada som f\u00e5r vokse frem til \u00e5 ble stamfisk. Da blir fisken stimulert av fotoperioder for etterhvert \u00e5 g\u00e5 i kj\u00f8nnsmodning. Gjennom ultralyd beslutter vi hvilke fisk som skal benyttes til den endelige rognproduksjonen. Disse individene er lytefrie og har de \u00f8nskede genetiske egenskapene.<\/p>\n<\/div><\/div><div class=\"wpb_text_column\"><div class=\"wpb_wrapper\"><p>Curacalco i tall:<\/p>\n<ul>\n<li>3.800 m3 tankvolum<\/li>\n<li>3 avdelinger<\/li>\n<li>Individuelt vannsystem<\/li>\n<li>Br\u00f8nnvann som holder 11\u00b0C gjennom hele \u00e5ret<\/li>\n<\/ul>\n<\/div><\/div><div class=\"w-separator size_medium\"><\/div><div class=\"w-image align_none\"><div class=\"w-image-h\"><img decoding=\"async\" width=\"1024\" height=\"768\" src=\"https:\/\/www.bmkgenetics.com\/wp-content\/uploads\/2021\/04\/Curacalco-1-1024x768.jpg\" class=\"attachment-large size-large\" alt=\"\" loading=\"lazy\" srcset=\"https:\/\/www.bmkgenetics.com\/wp-content\/uploads\/2021\/04\/Curacalco-1-1024x768.jpg 1024w, https:\/\/www.bmkgenetics.com\/wp-content\/uploads\/2021\/04\/Curacalco-1-300x225.jpg 300w\" sizes=\"auto, (max-width: 1024px) 100vw, 1024px\" \/><\/div><\/div><\/div><\/div><\/div><\/div><\/div><\/div><\/div><\/div><\/div><\/section>\n","protected":false},"excerpt":{"rendered":"[vc_custom_heading text=\"Om Benchmark Genetics Curacalco\" use_theme_fonts=\"yes\"]Curacalco ligger ca. 380 km nord for Puerto Varas i et omr\u00e5de som er biosikkert og isolert fra annen lakseoppdrett. Vannet hentes i hovedsak fra dypg\u00e5ende br\u00f8nner, samt dobbeltfiltrert vann fra elv. Anlegget mottar smolt fra Ensenada som f\u00e5r vokse frem til \u00e5 ble stamfisk. Da blir fisken stimulert av...","protected":false},"author":99,"featured_media":0,"parent":5642,"menu_order":0,"comment_status":"closed","ping_status":"closed","template":"","meta":{"_acf_changed":false,"footnotes":""},"class_list":["post-5643","page","type-page","status-publish","hentry"],"acf":[],"yoast_head":"<!-- This site is optimized with the Yoast SEO plugin v27.5 - https:\/\/yoast.com\/product\/yoast-seo-wordpress\/ -->\n<title>Benchmark Genetics Curacalco - Benchmark Genetics<\/title>\n<meta name=\"description\" content=\"Anlegget v\u00e5rt i Curacalco mottar smolt fra Ensenada hvor den vokser til stamfisk og blir stimulert av fotoperioder for etterhvert \u00e5 g\u00e5 i kj\u00f8nnsmodning.\" \/>\n<meta name=\"robots\" content=\"index, follow, max-snippet:-1, max-image-preview:large, max-video-preview:-1\" \/>\n<link rel=\"canonical\" href=\"https:\/\/www.bmkgenetics.com\/no\/services\/genetiske-tjenester\/chile-2\/benchmark-genetics-curacalco\/\" \/>\n<meta property=\"og:locale\" content=\"nb_NO\" \/>\n<meta property=\"og:type\" content=\"article\" \/>\n<meta property=\"og:title\" content=\"Benchmark Genetics Curacalco - Benchmark Genetics\" \/>\n<meta property=\"og:description\" content=\"Anlegget v\u00e5rt i Curacalco mottar smolt fra Ensenada hvor den vokser til stamfisk og blir stimulert av fotoperioder for etterhvert \u00e5 g\u00e5 i kj\u00f8nnsmodning.\" \/>\n<meta property=\"og:url\" content=\"https:\/\/www.bmkgenetics.com\/no\/services\/genetiske-tjenester\/chile-2\/benchmark-genetics-curacalco\/\" \/>\n<meta property=\"og:site_name\" content=\"Benchmark Genetics\" \/>\n<meta property=\"article:publisher\" content=\"https:\/\/www.facebook.com\/benchmarkgenetics\/\" \/>\n<meta property=\"article:modified_time\" content=\"2021-07-05T13:35:17+00:00\" \/>\n<meta property=\"og:image\" content=\"https:\/\/www.bmkgenetics.com\/wp-content\/uploads\/2021\/04\/logo-whitebg-528x135-in-800x600-1.png\" \/>\n\t<meta property=\"og:image:width\" content=\"800\" \/>\n\t<meta property=\"og:image:height\" content=\"600\" \/>\n\t<meta property=\"og:image:type\" content=\"image\/png\" \/>\n<meta name=\"twitter:card\" content=\"summary_large_image\" \/>\n<meta name=\"twitter:site\" content=\"@WeAreBenchmark\" \/>\n<meta name=\"twitter:label1\" content=\"Ansl. lesetid\" \/>\n\t<meta name=\"twitter:data1\" content=\"1 minutt\" \/>\n<script type=\"application\/ld+json\" class=\"yoast-schema-graph\">{\"@context\":\"https:\\\/\\\/schema.org\",\"@graph\":[{\"@type\":\"WebPage\",\"@id\":\"https:\\\/\\\/www.bmkgenetics.com\\\/no\\\/services\\\/genetiske-tjenester\\\/chile-2\\\/benchmark-genetics-curacalco\\\/\",\"url\":\"https:\\\/\\\/www.bmkgenetics.com\\\/no\\\/services\\\/genetiske-tjenester\\\/chile-2\\\/benchmark-genetics-curacalco\\\/\",\"name\":\"Benchmark Genetics Curacalco - Benchmark Genetics\",\"isPartOf\":{\"@id\":\"https:\\\/\\\/www.bmkgenetics.com\\\/no\\\/#website\"},\"datePublished\":\"2021-07-05T13:35:16+00:00\",\"dateModified\":\"2021-07-05T13:35:17+00:00\",\"description\":\"Anlegget v\u00e5rt i Curacalco mottar smolt fra Ensenada hvor den vokser til stamfisk og blir stimulert av fotoperioder for etterhvert \u00e5 g\u00e5 i kj\u00f8nnsmodning.\",\"breadcrumb\":{\"@id\":\"https:\\\/\\\/www.bmkgenetics.com\\\/no\\\/services\\\/genetiske-tjenester\\\/chile-2\\\/benchmark-genetics-curacalco\\\/#breadcrumb\"},\"inLanguage\":\"nb-NO\",\"potentialAction\":[{\"@type\":\"ReadAction\",\"target\":[\"https:\\\/\\\/www.bmkgenetics.com\\\/no\\\/services\\\/genetiske-tjenester\\\/chile-2\\\/benchmark-genetics-curacalco\\\/\"]}]},{\"@type\":\"BreadcrumbList\",\"@id\":\"https:\\\/\\\/www.bmkgenetics.com\\\/no\\\/services\\\/genetiske-tjenester\\\/chile-2\\\/benchmark-genetics-curacalco\\\/#breadcrumb\",\"itemListElement\":[{\"@type\":\"ListItem\",\"position\":1,\"name\":\"Produkter\",\"item\":\"https:\\\/\\\/www.bmkgenetics.com\\\/no\\\/services\\\/\"},{\"@type\":\"ListItem\",\"position\":2,\"name\":\"Genetiske tjenester\",\"item\":\"https:\\\/\\\/www.bmkgenetics.com\\\/no\\\/services\\\/genetiske-tjenester\\\/\"},{\"@type\":\"ListItem\",\"position\":3,\"name\":\"Chile\",\"item\":\"https:\\\/\\\/www.bmkgenetics.com\\\/no\\\/services\\\/genetiske-tjenester\\\/chile-2\\\/\"},{\"@type\":\"ListItem\",\"position\":4,\"name\":\"Benchmark Genetics Curacalco\"}]},{\"@type\":\"WebSite\",\"@id\":\"https:\\\/\\\/www.bmkgenetics.com\\\/no\\\/#website\",\"url\":\"https:\\\/\\\/www.bmkgenetics.com\\\/no\\\/\",\"name\":\"Benchmark Genetics\",\"description\":\"Driving sustainability in aquaculture\",\"potentialAction\":[{\"@type\":\"SearchAction\",\"target\":{\"@type\":\"EntryPoint\",\"urlTemplate\":\"https:\\\/\\\/www.bmkgenetics.com\\\/no\\\/?s={search_term_string}\"},\"query-input\":{\"@type\":\"PropertyValueSpecification\",\"valueRequired\":true,\"valueName\":\"search_term_string\"}}],\"inLanguage\":\"nb-NO\"}]}<\/script>\n<!-- \/ Yoast SEO plugin. -->","yoast_head_json":{"title":"Benchmark Genetics Curacalco - Benchmark Genetics","description":"Anlegget v\u00e5rt i Curacalco mottar smolt fra Ensenada hvor den vokser til stamfisk og blir stimulert av fotoperioder for etterhvert \u00e5 g\u00e5 i kj\u00f8nnsmodning.","robots":{"index":"index","follow":"follow","max-snippet":"max-snippet:-1","max-image-preview":"max-image-preview:large","max-video-preview":"max-video-preview:-1"},"canonical":"https:\/\/www.bmkgenetics.com\/no\/services\/genetiske-tjenester\/chile-2\/benchmark-genetics-curacalco\/","og_locale":"nb_NO","og_type":"article","og_title":"Benchmark Genetics Curacalco - Benchmark Genetics","og_description":"Anlegget v\u00e5rt i Curacalco mottar smolt fra Ensenada hvor den vokser til stamfisk og blir stimulert av fotoperioder for etterhvert \u00e5 g\u00e5 i kj\u00f8nnsmodning.","og_url":"https:\/\/www.bmkgenetics.com\/no\/services\/genetiske-tjenester\/chile-2\/benchmark-genetics-curacalco\/","og_site_name":"Benchmark Genetics","article_publisher":"https:\/\/www.facebook.com\/benchmarkgenetics\/","article_modified_time":"2021-07-05T13:35:17+00:00","og_image":[{"width":800,"height":600,"url":"https:\/\/www.bmkgenetics.com\/wp-content\/uploads\/2021\/04\/logo-whitebg-528x135-in-800x600-1.png","type":"image\/png"}],"twitter_card":"summary_large_image","twitter_site":"@WeAreBenchmark","twitter_misc":{"Ansl. lesetid":"1 minutt"},"schema":{"@context":"https:\/\/schema.org","@graph":[{"@type":"WebPage","@id":"https:\/\/www.bmkgenetics.com\/no\/services\/genetiske-tjenester\/chile-2\/benchmark-genetics-curacalco\/","url":"https:\/\/www.bmkgenetics.com\/no\/services\/genetiske-tjenester\/chile-2\/benchmark-genetics-curacalco\/","name":"Benchmark Genetics Curacalco - Benchmark Genetics","isPartOf":{"@id":"https:\/\/www.bmkgenetics.com\/no\/#website"},"datePublished":"2021-07-05T13:35:16+00:00","dateModified":"2021-07-05T13:35:17+00:00","description":"Anlegget v\u00e5rt i Curacalco mottar smolt fra Ensenada hvor den vokser til stamfisk og blir stimulert av fotoperioder for etterhvert \u00e5 g\u00e5 i kj\u00f8nnsmodning.","breadcrumb":{"@id":"https:\/\/www.bmkgenetics.com\/no\/services\/genetiske-tjenester\/chile-2\/benchmark-genetics-curacalco\/#breadcrumb"},"inLanguage":"nb-NO","potentialAction":[{"@type":"ReadAction","target":["https:\/\/www.bmkgenetics.com\/no\/services\/genetiske-tjenester\/chile-2\/benchmark-genetics-curacalco\/"]}]},{"@type":"BreadcrumbList","@id":"https:\/\/www.bmkgenetics.com\/no\/services\/genetiske-tjenester\/chile-2\/benchmark-genetics-curacalco\/#breadcrumb","itemListElement":[{"@type":"ListItem","position":1,"name":"Produkter","item":"https:\/\/www.bmkgenetics.com\/no\/services\/"},{"@type":"ListItem","position":2,"name":"Genetiske tjenester","item":"https:\/\/www.bmkgenetics.com\/no\/services\/genetiske-tjenester\/"},{"@type":"ListItem","position":3,"name":"Chile","item":"https:\/\/www.bmkgenetics.com\/no\/services\/genetiske-tjenester\/chile-2\/"},{"@type":"ListItem","position":4,"name":"Benchmark Genetics Curacalco"}]},{"@type":"WebSite","@id":"https:\/\/www.bmkgenetics.com\/no\/#website","url":"https:\/\/www.bmkgenetics.com\/no\/","name":"Benchmark Genetics","description":"Driving sustainability in aquaculture","potentialAction":[{"@type":"SearchAction","target":{"@type":"EntryPoint","urlTemplate":"https:\/\/www.bmkgenetics.com\/no\/?s={search_term_string}"},"query-input":{"@type":"PropertyValueSpecification","valueRequired":true,"valueName":"search_term_string"}}],"inLanguage":"nb-NO"}]}},"_links":{"self":[{"href":"https:\/\/www.bmkgenetics.com\/no\/wp-json\/wp\/v2\/pages\/5643","targetHints":{"allow":["GET"]}}],"collection":[{"href":"https:\/\/www.bmkgenetics.com\/no\/wp-json\/wp\/v2\/pages"}],"about":[{"href":"https:\/\/www.bmkgenetics.com\/no\/wp-json\/wp\/v2\/types\/page"}],"author":[{"embeddable":true,"href":"https:\/\/www.bmkgenetics.com\/no\/wp-json\/wp\/v2\/users\/99"}],"replies":[{"embeddable":true,"href":"https:\/\/www.bmkgenetics.com\/no\/wp-json\/wp\/v2\/comments?post=5643"}],"version-history":[{"count":0,"href":"https:\/\/www.bmkgenetics.com\/no\/wp-json\/wp\/v2\/pages\/5643\/revisions"}],"up":[{"embeddable":true,"href":"https:\/\/www.bmkgenetics.com\/no\/wp-json\/wp\/v2\/pages\/5642"}],"wp:attachment":[{"href":"https:\/\/www.bmkgenetics.com\/no\/wp-json\/wp\/v2\/media?parent=5643"}],"curies":[{"name":"wp","href":"https:\/\/api.w.org\/{rel}","templated":true}]}}