{"id":5639,"date":"2021-07-05T14:59:54","date_gmt":"2021-07-05T12:59:54","guid":{"rendered":"https:\/\/www.bmkgenetics.com\/services\/genetiske-tjenester\/norge\/sunndalsora\/"},"modified":"2021-07-05T14:59:54","modified_gmt":"2021-07-05T12:59:54","slug":"sunndalsora","status":"publish","type":"page","link":"https:\/\/www.bmkgenetics.com\/no\/services\/genetiske-tjenester\/sunndalsora\/","title":{"rendered":"Sunndals\u00f8ra"},"content":{"rendered":"<section class=\"l-section wpb_row leftheading-rightbody height_large\"><div class=\"l-section-h i-cf\"><div class=\"g-cols vc_row via_flex valign_top type_default stacking_default\"><div class=\"vc_col-sm-12 wpb_column vc_column_container\"><div class=\"vc_column-inner\"><div class=\"wpb_wrapper\"><div class=\"g-cols wpb_row via_flex valign_top type_default stacking_default\"><div class=\"vc_col-sm-12 vc_col-md-8 wpb_column vc_column_container\"><div class=\"vc_column-inner\"><div class=\"wpb_wrapper\">[vc_custom_heading text=&raquo;Mellom bratte fjell og Tingvollfjorden, finner du bygda Sunndals\u00f8ra&raquo; use_theme_fonts=&raquo;yes&raquo;]<\/div><\/div><\/div><div class=\"vc_col-sm-4 vc_hidden-sm vc_hidden-xs wpb_column vc_column_container\"><div class=\"vc_column-inner\"><div class=\"wpb_wrapper\"><\/div><\/div><\/div><\/div><div class=\"g-cols wpb_row via_flex valign_top type_default stacking_default\"><div class=\"vc_col-sm-4 vc_hidden-sm vc_hidden-xs wpb_column vc_column_container\"><div class=\"vc_column-inner\"><div class=\"wpb_wrapper\"><\/div><\/div><\/div><div class=\"vc_col-sm-12 vc_col-md-8 wpb_column vc_column_container\"><div class=\"vc_column-inner\"><div class=\"wpb_wrapper\"><div class=\"wpb_text_column\"><div class=\"wpb_wrapper\"><p>Til tross for sin beskjedne st\u00f8rrelse, har kommunen tiltrukket seg internasjonale eksperter innen genetikk, akvakultur og aluminiumsindustien. De st\u00f8rste lokale foretakene utover Benchmark Genetics er Nofima og Hydro Aluminium.<\/p>\n<p>Tidligere var teamet v\u00e5rt p\u00e5 Sunndals\u00f8ra ansatt i Akvaforsk Genetics Center &#8211; et team som er anerkjent for sin ledende internasjonale kompetanse innenfor anvendte genetiske tjenester for akvakultur. Selskapet ble innlemmet i Benchmark i 2015 og teamet overtok etter hvert leveranser av genetiske tjenester til Benchmark Genetics sine fem egne avlsprogrammer. I dag er teamet en del av Benchmark Genetics Norway AS.<\/p>\n<\/div><\/div><\/div><\/div><\/div><\/div><\/div><\/div><\/div><\/div><\/div><\/section>\n","protected":false},"excerpt":{"rendered":"[vc_custom_heading text=\"Mellom bratte fjell og Tingvollfjorden, finner du bygda Sunndals\u00f8ra\" use_theme_fonts=\"yes\"]Til tross for sin beskjedne st\u00f8rrelse, har kommunen tiltrukket seg internasjonale eksperter innen genetikk, akvakultur og aluminiumsindustien. De st\u00f8rste lokale foretakene utover Benchmark Genetics er Nofima og Hydro Aluminium. Tidligere var teamet v\u00e5rt p\u00e5 Sunndals\u00f8ra ansatt i Akvaforsk Genetics Center &#8211; et team som er...","protected":false},"author":99,"featured_media":0,"parent":5628,"menu_order":0,"comment_status":"closed","ping_status":"closed","template":"","meta":{"_acf_changed":false,"footnotes":""},"class_list":["post-5639","page","type-page","status-publish","hentry"],"acf":[],"yoast_head":"<!-- This site is optimized with the Yoast SEO plugin v27.5 - https:\/\/yoast.com\/product\/yoast-seo-wordpress\/ -->\n<title>Sunndals\u00f8ra - Benchmark Genetics - Avlsarbeid for fremtiden<\/title>\n<meta name=\"description\" content=\"V\u00e5r avdeling p\u00e5 Sunndals\u00f8ra har tiltrukket seg eksperter fra hele verden innen genetikk, akvakultur og industri\" \/>\n<meta name=\"robots\" content=\"index, follow, max-snippet:-1, max-image-preview:large, max-video-preview:-1\" \/>\n<link rel=\"canonical\" href=\"https:\/\/www.bmkgenetics.com\/no\/services\/genetiske-tjenester\/sunndalsora\/\" \/>\n<meta property=\"og:locale\" content=\"nb_NO\" \/>\n<meta property=\"og:type\" content=\"article\" \/>\n<meta property=\"og:title\" content=\"Sunndals\u00f8ra - Benchmark Genetics - Avlsarbeid for fremtiden\" \/>\n<meta property=\"og:description\" content=\"V\u00e5r avdeling p\u00e5 Sunndals\u00f8ra har tiltrukket seg eksperter fra hele verden innen genetikk, akvakultur og industri\" \/>\n<meta property=\"og:url\" content=\"https:\/\/www.bmkgenetics.com\/no\/services\/genetiske-tjenester\/sunndalsora\/\" \/>\n<meta property=\"og:site_name\" content=\"Benchmark Genetics\" \/>\n<meta property=\"article:publisher\" content=\"https:\/\/www.facebook.com\/benchmarkgenetics\/\" \/>\n<meta property=\"og:image\" content=\"https:\/\/www.bmkgenetics.com\/wp-content\/uploads\/2021\/04\/logo-whitebg-528x135-in-800x600-1.png\" \/>\n\t<meta property=\"og:image:width\" content=\"800\" \/>\n\t<meta property=\"og:image:height\" content=\"600\" \/>\n\t<meta property=\"og:image:type\" content=\"image\/png\" \/>\n<meta name=\"twitter:card\" content=\"summary_large_image\" \/>\n<meta name=\"twitter:site\" content=\"@WeAreBenchmark\" \/>\n<meta name=\"twitter:label1\" content=\"Ansl. lesetid\" \/>\n\t<meta name=\"twitter:data1\" content=\"1 minutt\" \/>\n<script type=\"application\/ld+json\" class=\"yoast-schema-graph\">{\"@context\":\"https:\\\/\\\/schema.org\",\"@graph\":[{\"@type\":\"WebPage\",\"@id\":\"https:\\\/\\\/www.bmkgenetics.com\\\/no\\\/services\\\/genetiske-tjenester\\\/sunndalsora\\\/\",\"url\":\"https:\\\/\\\/www.bmkgenetics.com\\\/no\\\/services\\\/genetiske-tjenester\\\/sunndalsora\\\/\",\"name\":\"Sunndals\u00f8ra - Benchmark Genetics - Avlsarbeid for fremtiden\",\"isPartOf\":{\"@id\":\"https:\\\/\\\/www.bmkgenetics.com\\\/no\\\/#website\"},\"datePublished\":\"2021-07-05T12:59:54+00:00\",\"description\":\"V\u00e5r avdeling p\u00e5 Sunndals\u00f8ra har tiltrukket seg eksperter fra hele verden innen genetikk, akvakultur og industri\",\"breadcrumb\":{\"@id\":\"https:\\\/\\\/www.bmkgenetics.com\\\/no\\\/services\\\/genetiske-tjenester\\\/sunndalsora\\\/#breadcrumb\"},\"inLanguage\":\"nb-NO\",\"potentialAction\":[{\"@type\":\"ReadAction\",\"target\":[\"https:\\\/\\\/www.bmkgenetics.com\\\/no\\\/services\\\/genetiske-tjenester\\\/sunndalsora\\\/\"]}]},{\"@type\":\"BreadcrumbList\",\"@id\":\"https:\\\/\\\/www.bmkgenetics.com\\\/no\\\/services\\\/genetiske-tjenester\\\/sunndalsora\\\/#breadcrumb\",\"itemListElement\":[{\"@type\":\"ListItem\",\"position\":1,\"name\":\"Produkter\",\"item\":\"https:\\\/\\\/www.bmkgenetics.com\\\/no\\\/services\\\/\"},{\"@type\":\"ListItem\",\"position\":2,\"name\":\"Genetiske tjenester\",\"item\":\"https:\\\/\\\/www.bmkgenetics.com\\\/no\\\/services\\\/genetiske-tjenester\\\/\"},{\"@type\":\"ListItem\",\"position\":3,\"name\":\"Sunndals\u00f8ra\"}]},{\"@type\":\"WebSite\",\"@id\":\"https:\\\/\\\/www.bmkgenetics.com\\\/no\\\/#website\",\"url\":\"https:\\\/\\\/www.bmkgenetics.com\\\/no\\\/\",\"name\":\"Benchmark Genetics\",\"description\":\"Driving sustainability in aquaculture\",\"potentialAction\":[{\"@type\":\"SearchAction\",\"target\":{\"@type\":\"EntryPoint\",\"urlTemplate\":\"https:\\\/\\\/www.bmkgenetics.com\\\/no\\\/?s={search_term_string}\"},\"query-input\":{\"@type\":\"PropertyValueSpecification\",\"valueRequired\":true,\"valueName\":\"search_term_string\"}}],\"inLanguage\":\"nb-NO\"}]}<\/script>\n<!-- \/ Yoast SEO plugin. -->","yoast_head_json":{"title":"Sunndals\u00f8ra - Benchmark Genetics - Avlsarbeid for fremtiden","description":"V\u00e5r avdeling p\u00e5 Sunndals\u00f8ra har tiltrukket seg eksperter fra hele verden innen genetikk, akvakultur og industri","robots":{"index":"index","follow":"follow","max-snippet":"max-snippet:-1","max-image-preview":"max-image-preview:large","max-video-preview":"max-video-preview:-1"},"canonical":"https:\/\/www.bmkgenetics.com\/no\/services\/genetiske-tjenester\/sunndalsora\/","og_locale":"nb_NO","og_type":"article","og_title":"Sunndals\u00f8ra - Benchmark Genetics - Avlsarbeid for fremtiden","og_description":"V\u00e5r avdeling p\u00e5 Sunndals\u00f8ra har tiltrukket seg eksperter fra hele verden innen genetikk, akvakultur og industri","og_url":"https:\/\/www.bmkgenetics.com\/no\/services\/genetiske-tjenester\/sunndalsora\/","og_site_name":"Benchmark Genetics","article_publisher":"https:\/\/www.facebook.com\/benchmarkgenetics\/","og_image":[{"width":800,"height":600,"url":"https:\/\/www.bmkgenetics.com\/wp-content\/uploads\/2021\/04\/logo-whitebg-528x135-in-800x600-1.png","type":"image\/png"}],"twitter_card":"summary_large_image","twitter_site":"@WeAreBenchmark","twitter_misc":{"Ansl. lesetid":"1 minutt"},"schema":{"@context":"https:\/\/schema.org","@graph":[{"@type":"WebPage","@id":"https:\/\/www.bmkgenetics.com\/no\/services\/genetiske-tjenester\/sunndalsora\/","url":"https:\/\/www.bmkgenetics.com\/no\/services\/genetiske-tjenester\/sunndalsora\/","name":"Sunndals\u00f8ra - Benchmark Genetics - Avlsarbeid for fremtiden","isPartOf":{"@id":"https:\/\/www.bmkgenetics.com\/no\/#website"},"datePublished":"2021-07-05T12:59:54+00:00","description":"V\u00e5r avdeling p\u00e5 Sunndals\u00f8ra har tiltrukket seg eksperter fra hele verden innen genetikk, akvakultur og industri","breadcrumb":{"@id":"https:\/\/www.bmkgenetics.com\/no\/services\/genetiske-tjenester\/sunndalsora\/#breadcrumb"},"inLanguage":"nb-NO","potentialAction":[{"@type":"ReadAction","target":["https:\/\/www.bmkgenetics.com\/no\/services\/genetiske-tjenester\/sunndalsora\/"]}]},{"@type":"BreadcrumbList","@id":"https:\/\/www.bmkgenetics.com\/no\/services\/genetiske-tjenester\/sunndalsora\/#breadcrumb","itemListElement":[{"@type":"ListItem","position":1,"name":"Produkter","item":"https:\/\/www.bmkgenetics.com\/no\/services\/"},{"@type":"ListItem","position":2,"name":"Genetiske tjenester","item":"https:\/\/www.bmkgenetics.com\/no\/services\/genetiske-tjenester\/"},{"@type":"ListItem","position":3,"name":"Sunndals\u00f8ra"}]},{"@type":"WebSite","@id":"https:\/\/www.bmkgenetics.com\/no\/#website","url":"https:\/\/www.bmkgenetics.com\/no\/","name":"Benchmark Genetics","description":"Driving sustainability in aquaculture","potentialAction":[{"@type":"SearchAction","target":{"@type":"EntryPoint","urlTemplate":"https:\/\/www.bmkgenetics.com\/no\/?s={search_term_string}"},"query-input":{"@type":"PropertyValueSpecification","valueRequired":true,"valueName":"search_term_string"}}],"inLanguage":"nb-NO"}]}},"_links":{"self":[{"href":"https:\/\/www.bmkgenetics.com\/no\/wp-json\/wp\/v2\/pages\/5639","targetHints":{"allow":["GET"]}}],"collection":[{"href":"https:\/\/www.bmkgenetics.com\/no\/wp-json\/wp\/v2\/pages"}],"about":[{"href":"https:\/\/www.bmkgenetics.com\/no\/wp-json\/wp\/v2\/types\/page"}],"author":[{"embeddable":true,"href":"https:\/\/www.bmkgenetics.com\/no\/wp-json\/wp\/v2\/users\/99"}],"replies":[{"embeddable":true,"href":"https:\/\/www.bmkgenetics.com\/no\/wp-json\/wp\/v2\/comments?post=5639"}],"version-history":[{"count":0,"href":"https:\/\/www.bmkgenetics.com\/no\/wp-json\/wp\/v2\/pages\/5639\/revisions"}],"up":[{"embeddable":true,"href":"https:\/\/www.bmkgenetics.com\/no\/wp-json\/wp\/v2\/pages\/5628"}],"wp:attachment":[{"href":"https:\/\/www.bmkgenetics.com\/no\/wp-json\/wp\/v2\/media?parent=5639"}],"curies":[{"name":"wp","href":"https:\/\/api.w.org\/{rel}","templated":true}]}}