{"id":5429,"date":"2021-06-23T10:35:23","date_gmt":"2021-06-23T08:35:23","guid":{"rendered":"https:\/\/www.bmkgenetics.com\/about\/om-oss\/karriere\/"},"modified":"2025-10-29T14:26:41","modified_gmt":"2025-10-29T13:26:41","slug":"ansatte","status":"publish","type":"page","link":"https:\/\/www.bmkgenetics.com\/no\/about\/om-oss\/ansatte\/","title":{"rendered":"V\u00e5re ansatte"},"content":{"rendered":"<section class=\"l-section wpb_row leftheading height_large color_alternate\"><div class=\"l-section-h i-cf\"><div class=\"g-cols vc_row via_flex valign_top type_default stacking_default\"><div class=\"vc_col-sm-12 vc_col-md-8 wpb_column vc_column_container\"><div class=\"vc_column-inner\"><div class=\"wpb_wrapper\">[vc_custom_heading text=&raquo;Visjon, misjon og verdier&raquo; use_theme_fonts=&raquo;yes&raquo;]<\/div><\/div><\/div><div class=\"vc_col-sm-4 vc_hidden-sm vc_hidden-xs wpb_column vc_column_container\"><div class=\"vc_column-inner\"><div class=\"wpb_wrapper\"><\/div><\/div><\/div><\/div><\/div><\/section><section class=\"l-section wpb_row rightbody height_large color_alternate\"><div class=\"l-section-h i-cf\"><div class=\"g-cols vc_row via_flex valign_top type_default stacking_default\"><div class=\"vc_col-sm-4 vc_hidden-sm vc_hidden-xs wpb_column vc_column_container\"><div class=\"vc_column-inner\"><div class=\"wpb_wrapper\"><\/div><\/div><\/div><div class=\"vc_col-sm-12 vc_col-md-8 wpb_column vc_column_container\"><div class=\"vc_column-inner\"><div class=\"wpb_wrapper\"><div class=\"w-tabs style_default switch_click accordion has_scrolling\" style=\"--sections-title-size:inherit\"><div class=\"w-tabs-sections titles-align_none icon_plus cpos_right\"><div class=\"w-tabs-section\" id=\"1613399648642-ba2df427-6644aad1-3b0b\"><button class=\"w-tabs-section-header\" aria-controls=\"content-1613399648642-ba2df427-6644aad1-3b0b\" aria-expanded=\"false\"><h3 class=\"w-tabs-section-title\">V\u00e5r visjon<\/h3><div class=\"w-tabs-section-control\"><\/div><\/button><div  class=\"w-tabs-section-content\" id=\"content-1613399648642-ba2df427-6644aad1-3b0b\"><div class=\"w-tabs-section-content-h i-cf\"><div class=\"wpb_text_column\"><div class=\"wpb_wrapper\"><p>P\u00e5driver for en b\u00e6rekraftig havbruksn\u00e6ring<\/p>\n<\/div><\/div><\/div><\/div><\/div><div class=\"w-tabs-section\" id=\"1613399648863-bacdfea4-5eaaaad1-3b0b\"><button class=\"w-tabs-section-header\" aria-controls=\"content-1613399648863-bacdfea4-5eaaaad1-3b0b\" aria-expanded=\"false\"><h3 class=\"w-tabs-section-title\">V\u00e5r misjon<\/h3><div class=\"w-tabs-section-control\"><\/div><\/button><div  class=\"w-tabs-section-content\" id=\"content-1613399648863-bacdfea4-5eaaaad1-3b0b\"><div class=\"w-tabs-section-content-h i-cf\"><div class=\"wpb_text_column\"><div class=\"wpb_wrapper\"><p>V\u00e5r misjon er \u00e5 bist\u00e5 akvakulturprodusentene i \u00e5 forbedre sin b\u00e6rekraft<\/p>\n<\/div><\/div><\/div><\/div><\/div><div class=\"w-tabs-section\" id=\"1613399649070-5e7c49ac-727baad1-3b0b\"><button class=\"w-tabs-section-header\" aria-controls=\"content-1613399649070-5e7c49ac-727baad1-3b0b\" aria-expanded=\"false\"><h3 class=\"w-tabs-section-title\">V\u00e5re verdier<\/h3><div class=\"w-tabs-section-control\"><\/div><\/button><div  class=\"w-tabs-section-content\" id=\"content-1613399649070-5e7c49ac-727baad1-3b0b\"><div class=\"w-tabs-section-content-h i-cf\"><div class=\"wpb_text_column\"><div class=\"wpb_wrapper\"><p>Benchmark Genetics sine verdier er en refleksjon av selskapets organisasjonskultur. Verdiene gir oss retningslinjer for hvordan vi samlet skal opptre, og vi har stor tro p\u00e5 at de ogs\u00e5 skal hjelpe oss med \u00e5 levere v\u00e5r misjon.<\/p>\n<\/div><\/div><div class=\"wpb_text_column\"><div class=\"wpb_wrapper\"><p><strong>INNOVATIVE:<\/strong> Vi s\u00f8ker aktivt etter muligheter og finner b\u00e6rekraftige l\u00f8sninger p\u00e5 utfordringer og muligheter.<\/p>\n<p><strong>PASSIONATE:<\/strong> Vi lever for v\u00e5rt oppdrag og streber etter fortreffelighet \u2013 vi tar personlig lederskap og feirer v\u00e5re prestasjoner.<\/p>\n<p><strong>COLLABORATIVE:<\/strong> Vi er \u00c9n Benchmark. Vi hjelper og st\u00f8tter hverandre. V\u00e5re samhandlinger er bygget p\u00e5 integritet, gjensidig tillit og respekt.<\/p>\n<p><strong>COMMERCIAL:<\/strong> Vi har et kundefokusert, kommersielt tankesett. Vi setter m\u00e5l og prioriteringer og tar ansvar for \u00e5 oppfylle v\u00e5re forpliktelser.<\/p>\n<\/div><\/div><\/div><\/div><\/div><\/div><\/div><\/div><\/div><\/div><\/div><\/div><\/section><section class=\"l-section wpb_row split-row height_auto color_alternate with_img parallax_ver\"><div class=\"l-section-img\" role=\"img\" aria-label=\"Bilde\" data-img-width=\"1\" data-img-height=\"1\" style=\"background-image: url(https:\/\/www.bmkgenetics.com\/wp-content\/uploads\/2021\/02\/transparent-pixel.png);\"><\/div><div class=\"l-section-h i-cf\"><div class=\"g-cols vc_row via_flex valign_bottom type_boxes stacking_default\"><div class=\"vc_col-sm-6 wpb_column vc_column_container blur clearfix stretched\"><div class=\"vc_column-inner\"><div class=\"vc_column-overlay\" style=\"background:rgba(21,47,78,0.70)\"><\/div><div class=\"wpb_wrapper\"><div class=\"w-image align_none\"><div class=\"w-image-h\"><img decoding=\"async\" width=\"1024\" height=\"692\" src=\"https:\/\/www.bmkgenetics.com\/wp-content\/uploads\/2021\/04\/Iceland_team-1024x692.jpg\" class=\"attachment-large size-large\" alt=\"Office team Iceland\" loading=\"lazy\" srcset=\"https:\/\/www.bmkgenetics.com\/wp-content\/uploads\/2021\/04\/Iceland_team-1024x692.jpg 1024w, https:\/\/www.bmkgenetics.com\/wp-content\/uploads\/2021\/04\/Iceland_team-300x203.jpg 300w\" sizes=\"auto, (max-width: 1024px) 100vw, 1024px\" \/><\/div><\/div><div class=\"w-separator size_small\"><\/div><div class=\"g-cols wpb_row us_custom_5e1bbe03 float right notmobile via_flex valign_top type_default stacking_default\"><\/div><div class=\"vc_col-sm-12 wpb_column vc_column_container\"><div class=\"vc_column-inner\"><div class=\"wpb_wrapper\"><\/div><\/div><\/div><div class=\"wpb_text_column\"><div class=\"wpb_wrapper\"><p style=\"text-align: right;\"><a class=\"imgpopuplink\" ref=\"magnificPopup\" href=\"\/wp-content\/uploads\/2021\/02\/transparent-pixel.png\"><i class=\"material-icons\">fullscreen<\/i>View image<\/a><\/p>\n<\/div><\/div><\/div><\/div><\/div><div class=\"vc_col-sm-6 wpb_column vc_column_container blur stretched\"><div class=\"vc_column-inner\"><div class=\"vc_column-overlay\" style=\"background:rgba(21,47,78,0.70)\"><\/div><div class=\"wpb_wrapper\"><div class=\"w-image align_none\"><div class=\"w-image-h\"><img decoding=\"async\" width=\"1024\" height=\"452\" src=\"https:\/\/www.bmkgenetics.com\/wp-content\/uploads\/2021\/04\/People_picture2-1024x452.png\" class=\"attachment-large size-large\" alt=\"People page\" loading=\"lazy\" srcset=\"https:\/\/www.bmkgenetics.com\/wp-content\/uploads\/2021\/04\/People_picture2-1024x452.png 1024w, https:\/\/www.bmkgenetics.com\/wp-content\/uploads\/2021\/04\/People_picture2-300x132.png 300w, https:\/\/www.bmkgenetics.com\/wp-content\/uploads\/2021\/04\/People_picture2.png 1622w\" sizes=\"auto, (max-width: 1024px) 100vw, 1024px\" \/><\/div><\/div><div class=\"w-separator size_small\"><\/div><div class=\"g-cols wpb_row us_custom_5e1bbe03 via_flex valign_top type_default stacking_default\"><div class=\"vc_col-sm-12 wpb_column vc_column_container\"><div class=\"vc_column-inner\"><div class=\"wpb_wrapper\"><div class=\"wpb_text_column\"><div class=\"wpb_wrapper\"><p><strong>\u00c5 ha det bra<br \/>\n<\/strong><br \/>\nV\u00e5re ansattes velv\u00e6re er av st\u00f8rste betydning for oss. Vi tilbyr ulike programmer for \u00e5 st\u00f8tte den fysiske, mentale og sosiale trivselen til v\u00e5re ansatte. Eksempler p\u00e5 hva vi tilbyr:<\/p>\n<ul>\n<li>Ansattst\u00f8tteprogram<\/li>\n<li>Balanse mellom arbeid og fritid<\/li>\n<li>Oppl\u00e6rte f\u00f8rstehjelpere for mental helse<\/li>\n<li>Helse- og sikkerhetsrepresentanter<\/li>\n<li>Sponsede sosiale arrangementer<\/li>\n<li>Ansattambassad\u00f8rer<\/li>\n<\/ul>\n<\/div><\/div><\/div><\/div><\/div><\/div><div class=\"w-separator size_small\"><\/div><\/div><\/div><\/div><\/div><\/div><\/section><section class=\"l-section wpb_row height_small\"><div class=\"l-section-h i-cf\"><div class=\"g-cols vc_row via_flex valign_top type_default stacking_default\"><div class=\"vc_col-sm-12 wpb_column vc_column_container\"><div class=\"vc_column-inner\"><div class=\"wpb_wrapper\"><div class=\"w-separator size_medium\"><\/div><div class=\"g-cols wpb_row via_flex valign_top type_default stacking_default\"><div class=\"vc_col-sm-12 vc_col-md-8 wpb_column vc_column_container\"><div class=\"vc_column-inner\"><div class=\"wpb_wrapper\">[vc_custom_heading text=&raquo;Et godt sted \u00e5 jobbe&raquo; use_theme_fonts=&raquo;yes&raquo;]<\/div><\/div><\/div><div class=\"vc_col-sm-4 vc_hidden-sm vc_hidden-xs wpb_column vc_column_container\"><div class=\"vc_column-inner\"><div class=\"wpb_wrapper\"><\/div><\/div><\/div><\/div><div class=\"g-cols wpb_row via_flex valign_top type_default stacking_default\"><div class=\"vc_col-sm-4 vc_hidden-sm vc_hidden-xs wpb_column vc_column_container\"><div class=\"vc_column-inner\"><div class=\"wpb_wrapper\"><\/div><\/div><\/div><div class=\"vc_col-sm-12 vc_col-md-8 wpb_column vc_column_container\"><div class=\"vc_column-inner\"><div class=\"wpb_wrapper\"><div class=\"w-separator size_medium\"><\/div><div class=\"wpb_text_column\"><div class=\"wpb_wrapper\"><p>V\u00e5re ansatte utgj\u00f8r grunnmuren i at vi lykkes. M\u00f8t noen av v\u00e5re ansatte rundt om i verden:<\/p>\n<\/div><\/div><\/div><\/div><\/div><\/div><div class=\"w-separator size_medium\"><\/div><\/div><\/div><\/div><\/div><\/div><\/section><section class=\"l-section wpb_row height_small\"><div class=\"l-section-h i-cf\"><div class=\"g-cols vc_row via_flex valign_top type_default stacking_default\"><div class=\"vc_col-sm-4 vc_hidden-sm vc_hidden-xs wpb_column vc_column_container\"><div class=\"vc_column-inner\"><div class=\"wpb_wrapper\"><\/div><\/div><\/div><div class=\"vc_col-sm-12 vc_col-md-8 wpb_column vc_column_container\"><div class=\"vc_column-inner\"><div class=\"wpb_wrapper\"><div class=\"testimonial\"><img loading=\"lazy\" decoding=\"async\" width=\"150\" height=\"150\" src=\"https:\/\/www.bmkgenetics.com\/wp-content\/uploads\/2024\/01\/Maria-150x150.jpg\" class=\"attachment-thumbnail size-thumbnail wp-post-image\" alt=\"Maria Nayfa\" srcset=\"https:\/\/www.bmkgenetics.com\/wp-content\/uploads\/2024\/01\/Maria-150x150.jpg 150w, https:\/\/www.bmkgenetics.com\/wp-content\/uploads\/2024\/01\/Maria-300x300.jpg 300w, https:\/\/www.bmkgenetics.com\/wp-content\/uploads\/2024\/01\/Maria-1024x1024.jpg 1024w, https:\/\/www.bmkgenetics.com\/wp-content\/uploads\/2024\/01\/Maria-250x250.jpg 250w, https:\/\/www.bmkgenetics.com\/wp-content\/uploads\/2024\/01\/Maria-200x200.jpg 200w, https:\/\/www.bmkgenetics.com\/wp-content\/uploads\/2024\/01\/Maria-100x100.jpg 100w, https:\/\/www.bmkgenetics.com\/wp-content\/uploads\/2024\/01\/Maria-40x40.jpg 40w, https:\/\/www.bmkgenetics.com\/wp-content\/uploads\/2024\/01\/Maria-scaled.jpg 1680w\" sizes=\"auto, (max-width: 150px) 100vw, 150px\" \/><figure class=\"quote withImage\"><p><q>Jeg valgte \u00e5 jobbe hos Benchmark fordi jeg \u00f8nsket \u00e5 bli en del av et team som ikke bare er i forkant av genetisk utvikling, men ogs\u00e5 jobber med anvendt genetikk. Benchmark innehar kunnskap fra v\u00e5re egne selektive avlsprogrammer for laks og reker, samtidig som vi driver med omfattende FOU. Her brukes innovasjonene i et globalt perspektiv p\u00e5 tvers av et stort antall akvakulturarter. Min stilling er innenfor avdelingen for genetiske tjenester og det er veldig givende \u00e5 v\u00e6re en del av et team som jobber med mange arter og avlsprogrammer. Sammen bidrar vi til \u00e5 bringe industrien fremover, b\u00e5de gjennom avansert forskning og praktisk anvendelse som gir v\u00e5re kunder forbedret b\u00e6rekraft og \u00f8konomi i driften.<\/q><\/p><figcaption class='attribution'><span class='author'>Maria Nayfa<\/span>, <span class='author-role'>Senior Geneticist<\/span><\/figcaption><\/figure><\/div><\/div><\/div><\/div><\/div><\/div><\/section><section class=\"l-section wpb_row height_small\"><div class=\"l-section-h i-cf\"><div class=\"g-cols vc_row via_flex valign_top type_default stacking_default\"><div class=\"vc_col-sm-12 wpb_column vc_column_container\"><div class=\"vc_column-inner\"><div class=\"wpb_wrapper\"><div class=\"testimonial\"><img loading=\"lazy\" decoding=\"async\" width=\"150\" height=\"150\" src=\"https:\/\/www.bmkgenetics.com\/wp-content\/uploads\/2021\/02\/Image_Renate_Espeland-150x150.jpg\" class=\"attachment-thumbnail size-thumbnail wp-post-image\" alt=\"\" srcset=\"https:\/\/www.bmkgenetics.com\/wp-content\/uploads\/2021\/02\/Image_Renate_Espeland-150x150.jpg 150w, https:\/\/www.bmkgenetics.com\/wp-content\/uploads\/2021\/02\/Image_Renate_Espeland-300x300.jpg 300w, https:\/\/www.bmkgenetics.com\/wp-content\/uploads\/2021\/02\/Image_Renate_Espeland-1024x1024.jpg 1024w, https:\/\/www.bmkgenetics.com\/wp-content\/uploads\/2021\/02\/Image_Renate_Espeland.jpg 1600w\" sizes=\"auto, (max-width: 150px) 100vw, 150px\" \/><figure class=\"quote withImage\"><p><q>Det jeg liker aller best med jobben min er at jeg hele tiden f\u00e5r nye oppgaver og muligheter. Da blir hver dag variert. Jeg syntes ogs\u00e5 det er kjekt \u00e5 v\u00e6re en del av et team av ambisi\u00f8se, gener\u00f8se, l\u00f8sningsorienterte og jordn\u00e6re kollegaer. Benchmark sitt fokus p\u00e5 b\u00e6rekraft var viktig for meg ved valg av arbeidsgiver. B\u00e6rekraft er en r\u00f8d tr\u00e5d gjennom alt vi gj\u00f8r i selskapet, blant annet sikre varige jobber, bidra til \u00e5 forbedre fotavtrykket til havbruksn\u00e6ringen og sikre at selskapet v\u00e5rt driftes p\u00e5 b\u00e6rekraftig vis.<\/q><\/p><figcaption class='attribution'><span class='author'>Renate Espeland<\/span>, <span class='author-role'>Regnskapsmedarbeider lokalisert i Bergen<\/span><\/figcaption><\/figure><\/div><\/div><\/div><\/div><\/div><\/div><\/section><section class=\"l-section wpb_row height_small\"><div class=\"l-section-h i-cf\"><div class=\"g-cols vc_row via_flex valign_top type_default stacking_default\"><div class=\"vc_col-sm-4 vc_hidden-sm vc_hidden-xs wpb_column vc_column_container\"><div class=\"vc_column-inner\"><div class=\"wpb_wrapper\"><\/div><\/div><\/div><div class=\"vc_col-sm-12 vc_col-md-8 wpb_column vc_column_container\"><div class=\"vc_column-inner\"><div class=\"wpb_wrapper\"><div class=\"testimonial\"><img loading=\"lazy\" decoding=\"async\" width=\"150\" height=\"150\" src=\"https:\/\/www.bmkgenetics.com\/wp-content\/uploads\/2024\/08\/6E0A5486-150x150.jpg\" class=\"attachment-thumbnail size-thumbnail wp-post-image\" alt=\"Hrediar Petursson\" \/><figure class=\"quote withImage\"><p><q>Det er vanskelig \u00e5 peke p\u00e5 \u00e9n enkelt ting som gj\u00f8r denne jobben interessant. Jeg tenker at det er spesielt to faktorer som er fremtredende med det \u00e5 jobbe her. F\u00f8rst av alt er det gode kollegaer som gj\u00f8r jobben spennende. Det \u00e5 f\u00e5 jobbe i et variert arbeidsmilj\u00f8 omgitt av b\u00e5de morsomme og profesjonelle kollegaer er veldig spesielt og givende. Den andre faktoren er laksebransjen som vi er en del av. Den er dynamisk og er hele tiden i endring og utvikling, helt ulikt mange andre bransjer.<\/q><\/p><figcaption class='attribution'><span class='author'>Hreidar Petursson<\/span>, <span class='author-role'>Leder for lakseproduksjonen for Island, lokalisert i Vogar p\u00e5 Island<\/span><\/figcaption><\/figure><\/div><\/div><\/div><\/div><\/div><\/div><\/section>\n","protected":false},"excerpt":{"rendered":"Det er vanskelig \u00e5 peke p\u00e5 \u00e9n enkelt ting som gj\u00f8r denne jobben interessant. Jeg tenker at det er spesielt to faktorer som er fremtredende med det \u00e5 jobbe her. F\u00f8rst av alt er det gode kollegaer som gj\u00f8r jobben spennende. Det \u00e5 f\u00e5 jobbe i et variert arbeidsmilj\u00f8 omgitt av b\u00e5de morsomme og profesjonelle...","protected":false},"author":1,"featured_media":0,"parent":5337,"menu_order":0,"comment_status":"closed","ping_status":"closed","template":"","meta":{"_acf_changed":false,"footnotes":""},"class_list":["post-5429","page","type-page","status-publish","hentry"],"acf":[],"yoast_head":"<!-- This site is optimized with the Yoast SEO plugin v27.5 - https:\/\/yoast.com\/product\/yoast-seo-wordpress\/ -->\n<title>V\u00e5re ansatte - Benchmark Genetics - Avlsarbeid for fremtiden<\/title>\n<meta name=\"description\" content=\"I Benchmark Genetics bryr vi oss om jobben vi gj\u00f8r og om v\u00e5re medarbeidere.\" \/>\n<meta name=\"robots\" content=\"index, follow, max-snippet:-1, max-image-preview:large, max-video-preview:-1\" \/>\n<link rel=\"canonical\" href=\"https:\/\/www.bmkgenetics.com\/no\/about\/om-oss\/ansatte\/\" \/>\n<meta property=\"og:locale\" content=\"nb_NO\" \/>\n<meta property=\"og:type\" content=\"article\" \/>\n<meta property=\"og:title\" content=\"V\u00e5re ansatte - Benchmark Genetics - Avlsarbeid for fremtiden\" \/>\n<meta property=\"og:description\" content=\"I Benchmark Genetics bryr vi oss om jobben vi gj\u00f8r og om v\u00e5re medarbeidere.\" \/>\n<meta property=\"og:url\" content=\"https:\/\/www.bmkgenetics.com\/no\/about\/om-oss\/ansatte\/\" \/>\n<meta property=\"og:site_name\" content=\"Benchmark Genetics\" \/>\n<meta property=\"article:publisher\" content=\"https:\/\/www.facebook.com\/benchmarkgenetics\/\" \/>\n<meta property=\"article:modified_time\" content=\"2025-10-29T13:26:41+00:00\" \/>\n<meta property=\"og:image\" content=\"https:\/\/www.bmkgenetics.com\/wp-content\/uploads\/2021\/04\/logo-whitebg-528x135-in-800x600-1.png\" \/>\n\t<meta property=\"og:image:width\" content=\"800\" \/>\n\t<meta property=\"og:image:height\" content=\"600\" \/>\n\t<meta property=\"og:image:type\" content=\"image\/png\" \/>\n<meta name=\"twitter:card\" content=\"summary_large_image\" \/>\n<meta name=\"twitter:site\" content=\"@WeAreBenchmark\" \/>\n<meta name=\"twitter:label1\" content=\"Ansl. lesetid\" \/>\n\t<meta name=\"twitter:data1\" content=\"3 minutter\" \/>\n<script type=\"application\/ld+json\" class=\"yoast-schema-graph\">{\"@context\":\"https:\\\/\\\/schema.org\",\"@graph\":[{\"@type\":\"WebPage\",\"@id\":\"https:\\\/\\\/www.bmkgenetics.com\\\/no\\\/about\\\/om-oss\\\/ansatte\\\/\",\"url\":\"https:\\\/\\\/www.bmkgenetics.com\\\/no\\\/about\\\/om-oss\\\/ansatte\\\/\",\"name\":\"V\u00e5re ansatte - Benchmark Genetics - Avlsarbeid for fremtiden\",\"isPartOf\":{\"@id\":\"https:\\\/\\\/www.bmkgenetics.com\\\/no\\\/#website\"},\"datePublished\":\"2021-06-23T08:35:23+00:00\",\"dateModified\":\"2025-10-29T13:26:41+00:00\",\"description\":\"I Benchmark Genetics bryr vi oss om jobben vi gj\u00f8r og om v\u00e5re medarbeidere.\",\"breadcrumb\":{\"@id\":\"https:\\\/\\\/www.bmkgenetics.com\\\/no\\\/about\\\/om-oss\\\/ansatte\\\/#breadcrumb\"},\"inLanguage\":\"nb-NO\",\"potentialAction\":[{\"@type\":\"ReadAction\",\"target\":[\"https:\\\/\\\/www.bmkgenetics.com\\\/no\\\/about\\\/om-oss\\\/ansatte\\\/\"]}]},{\"@type\":\"BreadcrumbList\",\"@id\":\"https:\\\/\\\/www.bmkgenetics.com\\\/no\\\/about\\\/om-oss\\\/ansatte\\\/#breadcrumb\",\"itemListElement\":[{\"@type\":\"ListItem\",\"position\":1,\"name\":\"Om oss\",\"item\":\"https:\\\/\\\/www.bmkgenetics.com\\\/no\\\/about\\\/\"},{\"@type\":\"ListItem\",\"position\":2,\"name\":\"Om oss\",\"item\":\"https:\\\/\\\/www.bmkgenetics.com\\\/no\\\/about\\\/om-oss\\\/\"},{\"@type\":\"ListItem\",\"position\":3,\"name\":\"V\u00e5re ansatte\"}]},{\"@type\":\"WebSite\",\"@id\":\"https:\\\/\\\/www.bmkgenetics.com\\\/no\\\/#website\",\"url\":\"https:\\\/\\\/www.bmkgenetics.com\\\/no\\\/\",\"name\":\"Benchmark Genetics\",\"description\":\"Driving sustainability in aquaculture\",\"potentialAction\":[{\"@type\":\"SearchAction\",\"target\":{\"@type\":\"EntryPoint\",\"urlTemplate\":\"https:\\\/\\\/www.bmkgenetics.com\\\/no\\\/?s={search_term_string}\"},\"query-input\":{\"@type\":\"PropertyValueSpecification\",\"valueRequired\":true,\"valueName\":\"search_term_string\"}}],\"inLanguage\":\"nb-NO\"}]}<\/script>\n<!-- \/ Yoast SEO plugin. -->","yoast_head_json":{"title":"V\u00e5re ansatte - Benchmark Genetics - Avlsarbeid for fremtiden","description":"I Benchmark Genetics bryr vi oss om jobben vi gj\u00f8r og om v\u00e5re medarbeidere.","robots":{"index":"index","follow":"follow","max-snippet":"max-snippet:-1","max-image-preview":"max-image-preview:large","max-video-preview":"max-video-preview:-1"},"canonical":"https:\/\/www.bmkgenetics.com\/no\/about\/om-oss\/ansatte\/","og_locale":"nb_NO","og_type":"article","og_title":"V\u00e5re ansatte - Benchmark Genetics - Avlsarbeid for fremtiden","og_description":"I Benchmark Genetics bryr vi oss om jobben vi gj\u00f8r og om v\u00e5re medarbeidere.","og_url":"https:\/\/www.bmkgenetics.com\/no\/about\/om-oss\/ansatte\/","og_site_name":"Benchmark Genetics","article_publisher":"https:\/\/www.facebook.com\/benchmarkgenetics\/","article_modified_time":"2025-10-29T13:26:41+00:00","og_image":[{"width":800,"height":600,"url":"https:\/\/www.bmkgenetics.com\/wp-content\/uploads\/2021\/04\/logo-whitebg-528x135-in-800x600-1.png","type":"image\/png"}],"twitter_card":"summary_large_image","twitter_site":"@WeAreBenchmark","twitter_misc":{"Ansl. lesetid":"3 minutter"},"schema":{"@context":"https:\/\/schema.org","@graph":[{"@type":"WebPage","@id":"https:\/\/www.bmkgenetics.com\/no\/about\/om-oss\/ansatte\/","url":"https:\/\/www.bmkgenetics.com\/no\/about\/om-oss\/ansatte\/","name":"V\u00e5re ansatte - Benchmark Genetics - Avlsarbeid for fremtiden","isPartOf":{"@id":"https:\/\/www.bmkgenetics.com\/no\/#website"},"datePublished":"2021-06-23T08:35:23+00:00","dateModified":"2025-10-29T13:26:41+00:00","description":"I Benchmark Genetics bryr vi oss om jobben vi gj\u00f8r og om v\u00e5re medarbeidere.","breadcrumb":{"@id":"https:\/\/www.bmkgenetics.com\/no\/about\/om-oss\/ansatte\/#breadcrumb"},"inLanguage":"nb-NO","potentialAction":[{"@type":"ReadAction","target":["https:\/\/www.bmkgenetics.com\/no\/about\/om-oss\/ansatte\/"]}]},{"@type":"BreadcrumbList","@id":"https:\/\/www.bmkgenetics.com\/no\/about\/om-oss\/ansatte\/#breadcrumb","itemListElement":[{"@type":"ListItem","position":1,"name":"Om oss","item":"https:\/\/www.bmkgenetics.com\/no\/about\/"},{"@type":"ListItem","position":2,"name":"Om oss","item":"https:\/\/www.bmkgenetics.com\/no\/about\/om-oss\/"},{"@type":"ListItem","position":3,"name":"V\u00e5re ansatte"}]},{"@type":"WebSite","@id":"https:\/\/www.bmkgenetics.com\/no\/#website","url":"https:\/\/www.bmkgenetics.com\/no\/","name":"Benchmark Genetics","description":"Driving sustainability in aquaculture","potentialAction":[{"@type":"SearchAction","target":{"@type":"EntryPoint","urlTemplate":"https:\/\/www.bmkgenetics.com\/no\/?s={search_term_string}"},"query-input":{"@type":"PropertyValueSpecification","valueRequired":true,"valueName":"search_term_string"}}],"inLanguage":"nb-NO"}]}},"_links":{"self":[{"href":"https:\/\/www.bmkgenetics.com\/no\/wp-json\/wp\/v2\/pages\/5429","targetHints":{"allow":["GET"]}}],"collection":[{"href":"https:\/\/www.bmkgenetics.com\/no\/wp-json\/wp\/v2\/pages"}],"about":[{"href":"https:\/\/www.bmkgenetics.com\/no\/wp-json\/wp\/v2\/types\/page"}],"author":[{"embeddable":true,"href":"https:\/\/www.bmkgenetics.com\/no\/wp-json\/wp\/v2\/users\/1"}],"replies":[{"embeddable":true,"href":"https:\/\/www.bmkgenetics.com\/no\/wp-json\/wp\/v2\/comments?post=5429"}],"version-history":[{"count":0,"href":"https:\/\/www.bmkgenetics.com\/no\/wp-json\/wp\/v2\/pages\/5429\/revisions"}],"up":[{"embeddable":true,"href":"https:\/\/www.bmkgenetics.com\/no\/wp-json\/wp\/v2\/pages\/5337"}],"wp:attachment":[{"href":"https:\/\/www.bmkgenetics.com\/no\/wp-json\/wp\/v2\/media?parent=5429"}],"curies":[{"name":"wp","href":"https:\/\/api.w.org\/{rel}","templated":true}]}}