{"id":5340,"date":"2021-06-18T15:13:42","date_gmt":"2021-06-18T13:13:42","guid":{"rendered":"https:\/\/www.bmkgenetics.com\/biosikkerhet\/slik-jobber-benchmark-genetics-med-biosikkerhet\/"},"modified":"2021-06-18T15:13:43","modified_gmt":"2021-06-18T13:13:43","slug":"slik-jobber-benchmark-genetics-med-biosikkerhet","status":"publish","type":"page","link":"https:\/\/www.bmkgenetics.com\/no\/about\/om-oss\/biosikkerhet\/slik-jobber-benchmark-genetics-med-biosikkerhet\/","title":{"rendered":"Slik jobber Benchmark Genetics med biosikkerhet"},"content":{"rendered":"<section class=\"l-section wpb_row leftheading-rightbody height_large\"><div class=\"l-section-h i-cf\"><div class=\"g-cols vc_row via_flex valign_top type_default stacking_default\"><div class=\"vc_col-sm-12 wpb_column vc_column_container\"><div class=\"vc_column-inner\"><div class=\"wpb_wrapper\"><div class=\"g-cols wpb_row via_flex valign_top type_default stacking_default\"><div class=\"vc_col-sm-12 vc_col-md-8 wpb_column vc_column_container\"><div class=\"vc_column-inner\"><div class=\"wpb_wrapper\">[vc_custom_heading text=&raquo;V\u00e5r ambisjon er \u00e5 ligge i forkant av industrien med hensyn til biosikkerhet.&raquo; use_theme_fonts=&raquo;yes&raquo;]<\/div><\/div><\/div><div class=\"vc_col-sm-4 vc_hidden-sm vc_hidden-xs wpb_column vc_column_container\"><div class=\"vc_column-inner\"><div class=\"wpb_wrapper\"><\/div><\/div><\/div><\/div><div class=\"g-cols wpb_row via_flex valign_top type_default stacking_default\"><div class=\"vc_col-sm-4 vc_hidden-sm vc_hidden-xs wpb_column vc_column_container\"><div class=\"vc_column-inner\"><div class=\"wpb_wrapper\"><\/div><\/div><\/div><div class=\"vc_col-sm-12 vc_col-md-8 wpb_column vc_column_container\"><div class=\"vc_column-inner\"><div class=\"wpb_wrapper\"><div class=\"wpb_text_column\"><div class=\"wpb_wrapper\"><p>Dette er v\u00e5r m\u00e5te for \u00e5 forst\u00e5 og iverksette tiltak:<\/p>\n<p>Vi investerer kontinuerlig i anleggene og v\u00e5re ansatte slik at vi evner \u00e5 praktisere det vi sier.<\/p>\n<p>Vi har etablert biosikker landbasert produksjon, og har p.t bransjens st\u00f8rste kapasitet p\u00e5 land for produksjon av stamfisk.<\/p>\n<p>Vi har en m\u00e5lrettet risikobasert overv\u00e5king for \u00e5 maksimere sjansene for p\u00e5visning av agens.<\/p>\n<p>Fiskehelsepersonellet v\u00e5rt arbeider p\u00e5 tvers av landegrensene for \u00e5 utveksle kunnskap og kompetanse om forhold relatert til fiskehelse.<\/p>\n<p>Vi holder en tett dialog med v\u00e5re utvalgte diagnostikklaboratorier og samarbeider tett med forskningsinstitusjoner for raskt \u00e5 kunne implementere ny teknologi og funn i v\u00e5r virksomhet.<\/p>\n<\/div><\/div><\/div><\/div><\/div><\/div><\/div><\/div><\/div><\/div><\/div><\/section><section class=\"l-section wpb_row height_large\"><div class=\"l-section-h i-cf\"><div class=\"g-cols vc_row via_flex valign_top type_default stacking_default\"><div class=\"vc_col-sm-12 wpb_column vc_column_container\"><div class=\"vc_column-inner\"><div class=\"wpb_wrapper\"><div class=\"testimonial\"><img loading=\"lazy\" decoding=\"async\" width=\"150\" height=\"150\" src=\"https:\/\/www.bmkgenetics.com\/wp-content\/uploads\/2021\/06\/Oyvind-Brevik-cropped-150x150.jpg\" class=\"attachment-thumbnail size-thumbnail wp-post-image\" alt=\"\" \/><figure class=\"quote withImage\"><p><q>Vi holder et kontinuerlig fokus p\u00e5 helse og velferd for dyrene som vi har i v\u00e5r varetekt. De blir ivaretatt av et globalt team av fiskehelsespesialister, og jeg liker \u00e5 kalle dyrene v\u00e5re for v\u00e5r \u00f8verste sjef. Om ikke de har det bra s\u00e5 vil vi heller ikke lykkes.<\/q><\/p><figcaption class='attribution'><span class='author'>\u00d8yvind Brevik<\/span>, <span class='author-role'>Fish Health Manager Salmon<\/span><\/figcaption><\/figure><\/div><\/div><\/div><\/div><\/div><\/div><\/section><section class=\"l-section wpb_row leftheading height_large\"><div class=\"l-section-h i-cf\"><div class=\"g-cols vc_row via_flex valign_top type_default stacking_default\"><div class=\"vc_col-sm-12 vc_col-md-8 wpb_column vc_column_container\"><div class=\"vc_column-inner\"><div class=\"wpb_wrapper\">[vc_custom_heading text=&raquo;Hva vi tilbyr&raquo; use_theme_fonts=&raquo;yes&raquo;]<\/div><\/div><\/div><div class=\"vc_col-sm-4 vc_hidden-sm vc_hidden-xs wpb_column vc_column_container\"><div class=\"vc_column-inner\"><div class=\"wpb_wrapper\"><\/div><\/div><\/div><\/div><\/div><\/section><section class=\"l-section wpb_row rightbody height_large\"><div class=\"l-section-h i-cf\"><div class=\"g-cols vc_row via_flex valign_top type_default stacking_default\"><div class=\"vc_col-sm-4 vc_hidden-sm vc_hidden-xs wpb_column vc_column_container\"><div class=\"vc_column-inner\"><div class=\"wpb_wrapper\"><\/div><\/div><\/div><div class=\"vc_col-sm-12 vc_col-md-8 wpb_column vc_column_container\"><div class=\"vc_column-inner\"><div class=\"wpb_wrapper\"><div class=\"w-separator size_medium\"><\/div><div class=\"w-tabs style_default switch_click accordion has_scrolling\" style=\"--sections-title-size:inherit\"><div class=\"w-tabs-sections titles-align_none icon_plus cpos_right\"><div class=\"w-tabs-section\" id=\"d145\"><button class=\"w-tabs-section-header\" aria-controls=\"content-d145\" aria-expanded=\"false\"><h3 class=\"w-tabs-section-title\">Biosikre enheter<\/h3><div class=\"w-tabs-section-control\"><\/div><\/button><div  class=\"w-tabs-section-content\" id=\"content-d145\"><div class=\"w-tabs-section-content-h i-cf\"><div class=\"wpb_text_column\"><div class=\"wpb_wrapper\"><p>For \u00e5 f\u00e5 lov til \u00e5 eksportere levende dyr og rogn, har vi implementert en spesifikk overv\u00e5king av v\u00e5re biosikre anlegg. Dette gj\u00f8r at vi kan f\u00e5 sykdomsfri status for visse listede sykdommer som &lt;a href=&raquo;https:\/\/www.bmkgenetics.com\/salmon-genetic-traits\/infectious-salmon-anemia-isa\/&raquo;&gt;ILA (Infeksi\u00f8s Lakseanemi)&lt;\/a&gt; og &lt;a href=&raquo;https:\/\/www.bmkgenetics.com\/salmon-genetic-traits\/bacterial-kidney-disease-bkd\/&raquo;&gt;BKD (Bakteriell nyresyke)&lt;\/a&gt;.<\/p>\n<p>&nbsp;<\/p>\n<p>Vi har utformet produksjonsanleggene p\u00e5 en m\u00e5te som reduserer risikoen for at hele anlegget m\u00e5 stenge ned om det skulle bli avdekket sykdom i en av avdelingene. Vi har ogs\u00e5 investert i landbasert produksjon for \u00e5 redusere risikoen ytterligere.<\/p>\n<\/div><\/div><\/div><\/div><\/div><div class=\"w-tabs-section\" id=\"i312\"><button class=\"w-tabs-section-header\" aria-controls=\"content-i312\" aria-expanded=\"false\"><h3 class=\"w-tabs-section-title\">Screening<\/h3><div class=\"w-tabs-section-control\"><\/div><\/button><div  class=\"w-tabs-section-content\" id=\"content-i312\"><div class=\"w-tabs-section-content-h i-cf\"><div class=\"wpb_text_column\"><div class=\"wpb_wrapper\"><p>P\u00e5 foresp\u00f8rsel tilbyr vi v\u00e5re kunder spesifikk screening for relevante agens p\u00e5 stamfisken som brukes til rogn- og yngelproduksjon. For atlantisk laks er industristandarden \u00e5 bruke kj\u00f8nnsproduktene, eggstokkv\u00e6ske og melke til screening. Dette bidrar til ekstra sikkerhet i tillegg til v\u00e5r generelle populasjonsoverv\u00e5king.<\/p>\n<\/div><\/div><\/div><\/div><\/div><div class=\"w-tabs-section\" id=\"m4d9\"><button class=\"w-tabs-section-header\" aria-controls=\"content-m4d9\" aria-expanded=\"false\"><h3 class=\"w-tabs-section-title\">Fiskehelse og -velferd<\/h3><div class=\"w-tabs-section-control\"><\/div><\/button><div  class=\"w-tabs-section-content\" id=\"content-m4d9\"><div class=\"w-tabs-section-content-h i-cf\"><div class=\"wpb_text_column\"><div class=\"wpb_wrapper\"><p>V\u00e5rt globale fiskehelseteam samarbeider tett med produksjonsteamene for \u00e5 opprettholde fiskehelse og -velferd. Produksjonsanleggene utf\u00f8rer regelmessige helsekontroller og overv\u00e5ker n\u00f8ye i tilfelle av hendelser. Vi har utviklet spesifikke KPI\u2019er for fiskehelse for \u00e5 f\u00f8lge utviklingen over tid, og for \u00e5 identifisere forbedringsomr\u00e5der.<\/p>\n<\/div><\/div><\/div><\/div><\/div><\/div><\/div><\/div><\/div><\/div><\/div><\/div><\/section><section class=\"l-section wpb_row height_large\"><div class=\"l-section-h i-cf\"><div class=\"g-cols vc_row via_flex valign_top type_default stacking_default\"><div class=\"vc_col-sm-12 wpb_column vc_column_container\"><div class=\"vc_column-inner\"><div class=\"wpb_wrapper\"><div class=\"testimonial\"><img loading=\"lazy\" decoding=\"async\" width=\"150\" height=\"150\" src=\"https:\/\/www.bmkgenetics.com\/wp-content\/uploads\/2021\/04\/Pa\u030alHaldorsen_AquaCon-150x150.jpg\" class=\"attachment-thumbnail size-thumbnail wp-post-image\" alt=\"\" \/><figure class=\"quote withImage\"><p><q>Biosikkerhet er et grunnleggende suksesskriterium for produksjonen. Derfor hadde vi dette som et av v\u00e5re viktigste kriterier for valg av genetikkleverand\u00f8r til prosjektet v\u00e5rt i Maryland, USA. Etter v\u00e5r mening, har Benchmark Genetics det h\u00f8yeste niv\u00e5et av biosikkerhet og var derfor et naturlig valg for oss.<\/q><\/p><figcaption class='attribution'><span class='author'>P\u00e5l Haldorsen<\/span>, <span class='author-role'>CEO i AquaCon<\/span><\/figcaption><\/figure><\/div><\/div><\/div><\/div><\/div><\/div><\/section>\n","protected":false},"excerpt":{"rendered":"Biosikkerhet er et grunnleggende suksesskriterium for produksjonen. Derfor hadde vi dette som et av v\u00e5re viktigste kriterier for valg av genetikkleverand\u00f8r til prosjektet v\u00e5rt i Maryland, USA. Etter v\u00e5r mening, har Benchmark Genetics det h\u00f8yeste niv\u00e5et av biosikkerhet og var derfor et naturlig valg for oss.","protected":false},"author":99,"featured_media":0,"parent":2571,"menu_order":0,"comment_status":"closed","ping_status":"closed","template":"","meta":{"_acf_changed":false,"footnotes":""},"class_list":["post-5340","page","type-page","status-publish","hentry"],"acf":[],"yoast_head":"<!-- This site is optimized with the Yoast SEO plugin v27.3 - https:\/\/yoast.com\/product\/yoast-seo-wordpress\/ -->\n<title>Slik jobber Benchmark Genetics med biosikkerhet - Benchmark Genetics -<\/title>\n<meta name=\"description\" content=\"V\u00e5r ambisjon er \u00e5 ligge i forkant av industrien med hensyn til biosikkerhet. Det gj\u00f8r vi gjennom innsikt, forst\u00e5else og implementering av spesifikke tiltak\" \/>\n<meta name=\"robots\" content=\"index, follow, max-snippet:-1, max-image-preview:large, max-video-preview:-1\" \/>\n<link rel=\"canonical\" href=\"https:\/\/www.bmkgenetics.com\/no\/about\/om-oss\/biosikkerhet\/slik-jobber-benchmark-genetics-med-biosikkerhet\/\" \/>\n<meta property=\"og:locale\" content=\"nb_NO\" \/>\n<meta property=\"og:type\" content=\"article\" \/>\n<meta property=\"og:title\" content=\"Slik jobber Benchmark Genetics med biosikkerhet - Benchmark Genetics -\" \/>\n<meta property=\"og:description\" content=\"V\u00e5r ambisjon er \u00e5 ligge i forkant av industrien med hensyn til biosikkerhet. Det gj\u00f8r vi gjennom innsikt, forst\u00e5else og implementering av spesifikke tiltak\" \/>\n<meta property=\"og:url\" content=\"https:\/\/www.bmkgenetics.com\/no\/about\/om-oss\/biosikkerhet\/slik-jobber-benchmark-genetics-med-biosikkerhet\/\" \/>\n<meta property=\"og:site_name\" content=\"Benchmark Genetics\" \/>\n<meta property=\"article:publisher\" content=\"https:\/\/www.facebook.com\/benchmarkgenetics\/\" \/>\n<meta property=\"article:modified_time\" content=\"2021-06-18T13:13:43+00:00\" \/>\n<meta property=\"og:image\" content=\"https:\/\/www.bmkgenetics.com\/wp-content\/uploads\/2021\/04\/logo-whitebg-528x135-in-800x600-1.png\" \/>\n\t<meta property=\"og:image:width\" content=\"800\" \/>\n\t<meta property=\"og:image:height\" content=\"600\" \/>\n\t<meta property=\"og:image:type\" content=\"image\/png\" \/>\n<meta name=\"twitter:card\" content=\"summary_large_image\" \/>\n<meta name=\"twitter:site\" content=\"@WeAreBenchmark\" \/>\n<meta name=\"twitter:label1\" content=\"Ansl. lesetid\" \/>\n\t<meta name=\"twitter:data1\" content=\"3 minutter\" \/>\n<script type=\"application\/ld+json\" class=\"yoast-schema-graph\">{\"@context\":\"https:\\\/\\\/schema.org\",\"@graph\":[{\"@type\":\"WebPage\",\"@id\":\"https:\\\/\\\/www.bmkgenetics.com\\\/no\\\/about\\\/om-oss\\\/biosikkerhet\\\/slik-jobber-benchmark-genetics-med-biosikkerhet\\\/\",\"url\":\"https:\\\/\\\/www.bmkgenetics.com\\\/no\\\/about\\\/om-oss\\\/biosikkerhet\\\/slik-jobber-benchmark-genetics-med-biosikkerhet\\\/\",\"name\":\"Slik jobber Benchmark Genetics med biosikkerhet - Benchmark Genetics -\",\"isPartOf\":{\"@id\":\"https:\\\/\\\/www.bmkgenetics.com\\\/no\\\/#website\"},\"datePublished\":\"2021-06-18T13:13:42+00:00\",\"dateModified\":\"2021-06-18T13:13:43+00:00\",\"description\":\"V\u00e5r ambisjon er \u00e5 ligge i forkant av industrien med hensyn til biosikkerhet. Det gj\u00f8r vi gjennom innsikt, forst\u00e5else og implementering av spesifikke tiltak\",\"breadcrumb\":{\"@id\":\"https:\\\/\\\/www.bmkgenetics.com\\\/no\\\/about\\\/om-oss\\\/biosikkerhet\\\/slik-jobber-benchmark-genetics-med-biosikkerhet\\\/#breadcrumb\"},\"inLanguage\":\"nb-NO\",\"potentialAction\":[{\"@type\":\"ReadAction\",\"target\":[\"https:\\\/\\\/www.bmkgenetics.com\\\/no\\\/about\\\/om-oss\\\/biosikkerhet\\\/slik-jobber-benchmark-genetics-med-biosikkerhet\\\/\"]}]},{\"@type\":\"BreadcrumbList\",\"@id\":\"https:\\\/\\\/www.bmkgenetics.com\\\/no\\\/about\\\/om-oss\\\/biosikkerhet\\\/slik-jobber-benchmark-genetics-med-biosikkerhet\\\/#breadcrumb\",\"itemListElement\":[{\"@type\":\"ListItem\",\"position\":1,\"name\":\"Om oss\",\"item\":\"https:\\\/\\\/www.bmkgenetics.com\\\/no\\\/about\\\/\"},{\"@type\":\"ListItem\",\"position\":2,\"name\":\"Om oss\",\"item\":\"https:\\\/\\\/www.bmkgenetics.com\\\/no\\\/about\\\/om-oss\\\/\"},{\"@type\":\"ListItem\",\"position\":3,\"name\":\"Biosikkerhet\",\"item\":\"https:\\\/\\\/www.bmkgenetics.com\\\/no\\\/about\\\/benchmark-genetics\\\/biosecurity\\\/\"},{\"@type\":\"ListItem\",\"position\":4,\"name\":\"Slik jobber Benchmark Genetics med biosikkerhet\"}]},{\"@type\":\"WebSite\",\"@id\":\"https:\\\/\\\/www.bmkgenetics.com\\\/no\\\/#website\",\"url\":\"https:\\\/\\\/www.bmkgenetics.com\\\/no\\\/\",\"name\":\"Benchmark Genetics\",\"description\":\"Driving sustainability in aquaculture\",\"potentialAction\":[{\"@type\":\"SearchAction\",\"target\":{\"@type\":\"EntryPoint\",\"urlTemplate\":\"https:\\\/\\\/www.bmkgenetics.com\\\/no\\\/?s={search_term_string}\"},\"query-input\":{\"@type\":\"PropertyValueSpecification\",\"valueRequired\":true,\"valueName\":\"search_term_string\"}}],\"inLanguage\":\"nb-NO\"}]}<\/script>\n<!-- \/ Yoast SEO plugin. -->","yoast_head_json":{"title":"Slik jobber Benchmark Genetics med biosikkerhet - Benchmark Genetics -","description":"V\u00e5r ambisjon er \u00e5 ligge i forkant av industrien med hensyn til biosikkerhet. Det gj\u00f8r vi gjennom innsikt, forst\u00e5else og implementering av spesifikke tiltak","robots":{"index":"index","follow":"follow","max-snippet":"max-snippet:-1","max-image-preview":"max-image-preview:large","max-video-preview":"max-video-preview:-1"},"canonical":"https:\/\/www.bmkgenetics.com\/no\/about\/om-oss\/biosikkerhet\/slik-jobber-benchmark-genetics-med-biosikkerhet\/","og_locale":"nb_NO","og_type":"article","og_title":"Slik jobber Benchmark Genetics med biosikkerhet - Benchmark Genetics -","og_description":"V\u00e5r ambisjon er \u00e5 ligge i forkant av industrien med hensyn til biosikkerhet. Det gj\u00f8r vi gjennom innsikt, forst\u00e5else og implementering av spesifikke tiltak","og_url":"https:\/\/www.bmkgenetics.com\/no\/about\/om-oss\/biosikkerhet\/slik-jobber-benchmark-genetics-med-biosikkerhet\/","og_site_name":"Benchmark Genetics","article_publisher":"https:\/\/www.facebook.com\/benchmarkgenetics\/","article_modified_time":"2021-06-18T13:13:43+00:00","og_image":[{"width":800,"height":600,"url":"https:\/\/www.bmkgenetics.com\/wp-content\/uploads\/2021\/04\/logo-whitebg-528x135-in-800x600-1.png","type":"image\/png"}],"twitter_card":"summary_large_image","twitter_site":"@WeAreBenchmark","twitter_misc":{"Ansl. lesetid":"3 minutter"},"schema":{"@context":"https:\/\/schema.org","@graph":[{"@type":"WebPage","@id":"https:\/\/www.bmkgenetics.com\/no\/about\/om-oss\/biosikkerhet\/slik-jobber-benchmark-genetics-med-biosikkerhet\/","url":"https:\/\/www.bmkgenetics.com\/no\/about\/om-oss\/biosikkerhet\/slik-jobber-benchmark-genetics-med-biosikkerhet\/","name":"Slik jobber Benchmark Genetics med biosikkerhet - Benchmark Genetics -","isPartOf":{"@id":"https:\/\/www.bmkgenetics.com\/no\/#website"},"datePublished":"2021-06-18T13:13:42+00:00","dateModified":"2021-06-18T13:13:43+00:00","description":"V\u00e5r ambisjon er \u00e5 ligge i forkant av industrien med hensyn til biosikkerhet. Det gj\u00f8r vi gjennom innsikt, forst\u00e5else og implementering av spesifikke tiltak","breadcrumb":{"@id":"https:\/\/www.bmkgenetics.com\/no\/about\/om-oss\/biosikkerhet\/slik-jobber-benchmark-genetics-med-biosikkerhet\/#breadcrumb"},"inLanguage":"nb-NO","potentialAction":[{"@type":"ReadAction","target":["https:\/\/www.bmkgenetics.com\/no\/about\/om-oss\/biosikkerhet\/slik-jobber-benchmark-genetics-med-biosikkerhet\/"]}]},{"@type":"BreadcrumbList","@id":"https:\/\/www.bmkgenetics.com\/no\/about\/om-oss\/biosikkerhet\/slik-jobber-benchmark-genetics-med-biosikkerhet\/#breadcrumb","itemListElement":[{"@type":"ListItem","position":1,"name":"Om oss","item":"https:\/\/www.bmkgenetics.com\/no\/about\/"},{"@type":"ListItem","position":2,"name":"Om oss","item":"https:\/\/www.bmkgenetics.com\/no\/about\/om-oss\/"},{"@type":"ListItem","position":3,"name":"Biosikkerhet","item":"https:\/\/www.bmkgenetics.com\/no\/about\/benchmark-genetics\/biosecurity\/"},{"@type":"ListItem","position":4,"name":"Slik jobber Benchmark Genetics med biosikkerhet"}]},{"@type":"WebSite","@id":"https:\/\/www.bmkgenetics.com\/no\/#website","url":"https:\/\/www.bmkgenetics.com\/no\/","name":"Benchmark Genetics","description":"Driving sustainability in aquaculture","potentialAction":[{"@type":"SearchAction","target":{"@type":"EntryPoint","urlTemplate":"https:\/\/www.bmkgenetics.com\/no\/?s={search_term_string}"},"query-input":{"@type":"PropertyValueSpecification","valueRequired":true,"valueName":"search_term_string"}}],"inLanguage":"nb-NO"}]}},"_links":{"self":[{"href":"https:\/\/www.bmkgenetics.com\/no\/wp-json\/wp\/v2\/pages\/5340","targetHints":{"allow":["GET"]}}],"collection":[{"href":"https:\/\/www.bmkgenetics.com\/no\/wp-json\/wp\/v2\/pages"}],"about":[{"href":"https:\/\/www.bmkgenetics.com\/no\/wp-json\/wp\/v2\/types\/page"}],"author":[{"embeddable":true,"href":"https:\/\/www.bmkgenetics.com\/no\/wp-json\/wp\/v2\/users\/99"}],"replies":[{"embeddable":true,"href":"https:\/\/www.bmkgenetics.com\/no\/wp-json\/wp\/v2\/comments?post=5340"}],"version-history":[{"count":0,"href":"https:\/\/www.bmkgenetics.com\/no\/wp-json\/wp\/v2\/pages\/5340\/revisions"}],"up":[{"embeddable":true,"href":"https:\/\/www.bmkgenetics.com\/no\/wp-json\/wp\/v2\/pages\/2571"}],"wp:attachment":[{"href":"https:\/\/www.bmkgenetics.com\/no\/wp-json\/wp\/v2\/media?parent=5340"}],"curies":[{"name":"wp","href":"https:\/\/api.w.org\/{rel}","templated":true}]}}