{"id":2567,"date":"2021-04-09T14:47:58","date_gmt":"2021-04-09T12:47:58","guid":{"rendered":"https:\/\/bmkgen.wpengine.com\/baerekraft\/benchmark-sin-kommite-for-dyrevelferd\/"},"modified":"2021-07-05T11:44:49","modified_gmt":"2021-07-05T09:44:49","slug":"benchmark-sin-kommite-for-dyrevelferd","status":"publish","type":"page","link":"https:\/\/www.bmkgenetics.com\/no\/about\/om-oss\/baerekraft\/benchmark-sin-kommite-for-dyrevelferd\/","title":{"rendered":"Benchmark sin kommit\u00e9 for dyrevelferd"},"content":{"rendered":"<section class=\"l-section wpb_row leftheading-rightbody height_large\"><div class=\"l-section-h i-cf\"><div class=\"g-cols vc_row via_flex valign_top type_default stacking_default\"><div class=\"vc_col-sm-12 wpb_column vc_column_container\"><div class=\"vc_column-inner\"><div class=\"wpb_wrapper\"><div class=\"g-cols wpb_row via_flex valign_top type_default stacking_default\"><div class=\"vc_col-sm-12 vc_col-md-8 wpb_column vc_column_container\"><div class=\"vc_column-inner\"><div class=\"wpb_wrapper\">[vc_custom_heading text=&raquo;Benchmark har forpliktet seg til FNs b\u00e6rekraftige utviklingsm\u00e5l &raquo; use_theme_fonts=&raquo;yes&raquo;]<\/div><\/div><\/div><div class=\"vc_col-sm-4 vc_hidden-sm vc_hidden-xs wpb_column vc_column_container\"><div class=\"vc_column-inner\"><div class=\"wpb_wrapper\"><\/div><\/div><\/div><\/div><div class=\"g-cols wpb_row via_flex valign_top type_default stacking_default\"><div class=\"vc_col-sm-4 vc_hidden-sm vc_hidden-xs wpb_column vc_column_container\"><div class=\"vc_column-inner\"><div class=\"wpb_wrapper\"><\/div><\/div><\/div><div class=\"vc_col-sm-12 vc_col-md-8 wpb_column vc_column_container\"><div class=\"vc_column-inner\"><div class=\"wpb_wrapper\"><div class=\"w-separator size_medium\"><\/div><div class=\"wpb_text_column\"><div class=\"wpb_wrapper\"><ul>\n<li>God helse og velferd<\/li>\n<li>Livet under vann<\/li>\n<\/ul>\n<p>For \u00e5 ivareta dette arbeidet har konsernet etablert en egen komit\u00e9 best\u00e5ende av eksperter innen dyrehelse fra de tre forretningsomr\u00e5dene.<\/p>\n<\/div><\/div><div class=\"wpb_text_column\"><div class=\"wpb_wrapper\"><p>N\u00e5r vi utf\u00f8rer dyrefors\u00f8k, begrenser vi disse testene til et absolutt minimum. De tre R-ene (\u00abreduse\u00bb, \u00abrefine\u00bb, \u00abreplace\u00bb) er hensyntatt, evaluert og revurdert for hver enkelt test. N\u00e5r vi skal forbedre et genetisk utgangspunkt har vi behov for \u00e5 teste dyr, da informasjonen disse dyrene gir er viktige utgangspunkt for videre seleksjon. Vi har et kontinuerlig fokus p\u00e5 utfordringer knyttet til fors\u00f8ksdyr, og har et sterkt fokus p\u00e5 \u00e5 redusere omfanget av dyrefors\u00f8k.<\/p>\n<\/div><\/div><\/div><\/div><\/div><\/div><\/div><\/div><\/div><\/div><\/div><\/section><section class=\"l-section wpb_row height_large\"><div class=\"l-section-h i-cf\"><div class=\"g-cols vc_row via_flex valign_top type_default stacking_default\"><div class=\"vc_col-sm-12 wpb_column vc_column_container\"><div class=\"vc_column-inner\"><div class=\"wpb_wrapper\"><div class=\"testimonial\"><img loading=\"lazy\" decoding=\"async\" width=\"150\" height=\"150\" src=\"https:\/\/www.bmkgenetics.com\/wp-content\/uploads\/2021\/03\/Marcela-Salazar-web-150x150.jpg\" class=\"attachment-thumbnail size-thumbnail wp-post-image\" alt=\"Portrait Marcela Salazar\" srcset=\"https:\/\/www.bmkgenetics.com\/wp-content\/uploads\/2021\/03\/Marcela-Salazar-web-150x150.jpg 150w, https:\/\/www.bmkgenetics.com\/wp-content\/uploads\/2021\/03\/Marcela-Salazar-web-300x300.jpg 300w, https:\/\/www.bmkgenetics.com\/wp-content\/uploads\/2021\/03\/Marcela-Salazar-web-1024x1024.jpg 1024w\" sizes=\"auto, (max-width: 150px) 100vw, 150px\" \/><figure class=\"quote withImage\"><p><q>Komiteens arbeid g\u00e5r ut p\u00e5 \u00e5 sikre at god dyrevelferd og etikk etterleves i organisasjonen. Vi skal s\u00f8rge for at alle v\u00e5re ansatte har de h\u00f8yeste standarder i h\u00e5ndtering av dyrene i produksjonen v\u00e5r og for dyr som brukes i fors\u00f8k.<\/q><\/p><figcaption class='attribution'><span class='author'>Marcela Salazar<\/span>, <span class='author-role'>Scientific Director Benchmark Genetics Shrimp and head of the Benchmark Central Animal Welfare Committee<\/span><\/figcaption><\/figure><\/div><\/div><\/div><\/div><\/div><\/div><\/section>\n","protected":false},"excerpt":{"rendered":"Komiteens arbeid g\u00e5r ut p\u00e5 \u00e5 sikre at god dyrevelferd og etikk etterleves i organisasjonen. Vi skal s\u00f8rge for at alle v\u00e5re ansatte har de h\u00f8yeste standarder i h\u00e5ndtering av dyrene i produksjonen v\u00e5r og for dyr som brukes i fors\u00f8k.","protected":false},"author":99,"featured_media":0,"parent":2562,"menu_order":0,"comment_status":"closed","ping_status":"closed","template":"","meta":{"_acf_changed":false,"footnotes":""},"class_list":["post-2567","page","type-page","status-publish","hentry"],"acf":[],"yoast_head":"<!-- This site is optimized with the Yoast SEO plugin v27.4 - https:\/\/yoast.com\/product\/yoast-seo-wordpress\/ -->\n<title>Benchmark sin kommit\u00e9 for dyrevelferd - Benchmark Genetics<\/title>\n<meta name=\"description\" content=\"At Benchmark we promote animal health and welfare through products and operations. It consist of animal professionals\" \/>\n<meta name=\"robots\" content=\"index, follow, max-snippet:-1, max-image-preview:large, max-video-preview:-1\" \/>\n<link rel=\"canonical\" href=\"https:\/\/www.bmkgenetics.com\/no\/about\/om-oss\/baerekraft\/benchmark-sin-kommite-for-dyrevelferd\/\" \/>\n<meta property=\"og:locale\" content=\"nb_NO\" \/>\n<meta property=\"og:type\" content=\"article\" \/>\n<meta property=\"og:title\" content=\"Benchmark sin kommit\u00e9 for dyrevelferd - Benchmark Genetics\" \/>\n<meta property=\"og:description\" content=\"At Benchmark we promote animal health and welfare through products and operations. It consist of animal professionals\" \/>\n<meta property=\"og:url\" content=\"https:\/\/www.bmkgenetics.com\/no\/about\/om-oss\/baerekraft\/benchmark-sin-kommite-for-dyrevelferd\/\" \/>\n<meta property=\"og:site_name\" content=\"Benchmark Genetics\" \/>\n<meta property=\"article:publisher\" content=\"https:\/\/www.facebook.com\/benchmarkgenetics\/\" \/>\n<meta property=\"article:modified_time\" content=\"2021-07-05T09:44:49+00:00\" \/>\n<meta property=\"og:image\" content=\"https:\/\/www.bmkgenetics.com\/wp-content\/uploads\/2021\/04\/logo-whitebg-528x135-in-800x600-1.png\" \/>\n\t<meta property=\"og:image:width\" content=\"800\" \/>\n\t<meta property=\"og:image:height\" content=\"600\" \/>\n\t<meta property=\"og:image:type\" content=\"image\/png\" \/>\n<meta name=\"twitter:card\" content=\"summary_large_image\" \/>\n<meta name=\"twitter:site\" content=\"@WeAreBenchmark\" \/>\n<meta name=\"twitter:label1\" content=\"Ansl. lesetid\" \/>\n\t<meta name=\"twitter:data1\" content=\"1 minutt\" \/>\n<script type=\"application\/ld+json\" class=\"yoast-schema-graph\">{\"@context\":\"https:\\\/\\\/schema.org\",\"@graph\":[{\"@type\":\"WebPage\",\"@id\":\"https:\\\/\\\/www.bmkgenetics.com\\\/no\\\/about\\\/om-oss\\\/baerekraft\\\/benchmark-sin-kommite-for-dyrevelferd\\\/\",\"url\":\"https:\\\/\\\/www.bmkgenetics.com\\\/no\\\/about\\\/om-oss\\\/baerekraft\\\/benchmark-sin-kommite-for-dyrevelferd\\\/\",\"name\":\"Benchmark sin kommit\u00e9 for dyrevelferd - Benchmark Genetics\",\"isPartOf\":{\"@id\":\"https:\\\/\\\/www.bmkgenetics.com\\\/no\\\/#website\"},\"datePublished\":\"2021-04-09T12:47:58+00:00\",\"dateModified\":\"2021-07-05T09:44:49+00:00\",\"description\":\"At Benchmark we promote animal health and welfare through products and operations. It consist of animal professionals\",\"breadcrumb\":{\"@id\":\"https:\\\/\\\/www.bmkgenetics.com\\\/no\\\/about\\\/om-oss\\\/baerekraft\\\/benchmark-sin-kommite-for-dyrevelferd\\\/#breadcrumb\"},\"inLanguage\":\"nb-NO\",\"potentialAction\":[{\"@type\":\"ReadAction\",\"target\":[\"https:\\\/\\\/www.bmkgenetics.com\\\/no\\\/about\\\/om-oss\\\/baerekraft\\\/benchmark-sin-kommite-for-dyrevelferd\\\/\"]}]},{\"@type\":\"BreadcrumbList\",\"@id\":\"https:\\\/\\\/www.bmkgenetics.com\\\/no\\\/about\\\/om-oss\\\/baerekraft\\\/benchmark-sin-kommite-for-dyrevelferd\\\/#breadcrumb\",\"itemListElement\":[{\"@type\":\"ListItem\",\"position\":1,\"name\":\"Om oss\",\"item\":\"https:\\\/\\\/www.bmkgenetics.com\\\/no\\\/about\\\/\"},{\"@type\":\"ListItem\",\"position\":2,\"name\":\"Om oss\",\"item\":\"https:\\\/\\\/www.bmkgenetics.com\\\/no\\\/about\\\/om-oss\\\/\"},{\"@type\":\"ListItem\",\"position\":3,\"name\":\"B\u00e6rekraft\",\"item\":\"https:\\\/\\\/www.bmkgenetics.com\\\/no\\\/about\\\/om-oss\\\/baerekraft\\\/\"},{\"@type\":\"ListItem\",\"position\":4,\"name\":\"Benchmark sin kommit\u00e9 for dyrevelferd\"}]},{\"@type\":\"WebSite\",\"@id\":\"https:\\\/\\\/www.bmkgenetics.com\\\/no\\\/#website\",\"url\":\"https:\\\/\\\/www.bmkgenetics.com\\\/no\\\/\",\"name\":\"Benchmark Genetics\",\"description\":\"Driving sustainability in aquaculture\",\"potentialAction\":[{\"@type\":\"SearchAction\",\"target\":{\"@type\":\"EntryPoint\",\"urlTemplate\":\"https:\\\/\\\/www.bmkgenetics.com\\\/no\\\/?s={search_term_string}\"},\"query-input\":{\"@type\":\"PropertyValueSpecification\",\"valueRequired\":true,\"valueName\":\"search_term_string\"}}],\"inLanguage\":\"nb-NO\"}]}<\/script>\n<!-- \/ Yoast SEO plugin. -->","yoast_head_json":{"title":"Benchmark sin kommit\u00e9 for dyrevelferd - Benchmark Genetics","description":"At Benchmark we promote animal health and welfare through products and operations. It consist of animal professionals","robots":{"index":"index","follow":"follow","max-snippet":"max-snippet:-1","max-image-preview":"max-image-preview:large","max-video-preview":"max-video-preview:-1"},"canonical":"https:\/\/www.bmkgenetics.com\/no\/about\/om-oss\/baerekraft\/benchmark-sin-kommite-for-dyrevelferd\/","og_locale":"nb_NO","og_type":"article","og_title":"Benchmark sin kommit\u00e9 for dyrevelferd - Benchmark Genetics","og_description":"At Benchmark we promote animal health and welfare through products and operations. It consist of animal professionals","og_url":"https:\/\/www.bmkgenetics.com\/no\/about\/om-oss\/baerekraft\/benchmark-sin-kommite-for-dyrevelferd\/","og_site_name":"Benchmark Genetics","article_publisher":"https:\/\/www.facebook.com\/benchmarkgenetics\/","article_modified_time":"2021-07-05T09:44:49+00:00","og_image":[{"width":800,"height":600,"url":"https:\/\/www.bmkgenetics.com\/wp-content\/uploads\/2021\/04\/logo-whitebg-528x135-in-800x600-1.png","type":"image\/png"}],"twitter_card":"summary_large_image","twitter_site":"@WeAreBenchmark","twitter_misc":{"Ansl. lesetid":"1 minutt"},"schema":{"@context":"https:\/\/schema.org","@graph":[{"@type":"WebPage","@id":"https:\/\/www.bmkgenetics.com\/no\/about\/om-oss\/baerekraft\/benchmark-sin-kommite-for-dyrevelferd\/","url":"https:\/\/www.bmkgenetics.com\/no\/about\/om-oss\/baerekraft\/benchmark-sin-kommite-for-dyrevelferd\/","name":"Benchmark sin kommit\u00e9 for dyrevelferd - Benchmark Genetics","isPartOf":{"@id":"https:\/\/www.bmkgenetics.com\/no\/#website"},"datePublished":"2021-04-09T12:47:58+00:00","dateModified":"2021-07-05T09:44:49+00:00","description":"At Benchmark we promote animal health and welfare through products and operations. It consist of animal professionals","breadcrumb":{"@id":"https:\/\/www.bmkgenetics.com\/no\/about\/om-oss\/baerekraft\/benchmark-sin-kommite-for-dyrevelferd\/#breadcrumb"},"inLanguage":"nb-NO","potentialAction":[{"@type":"ReadAction","target":["https:\/\/www.bmkgenetics.com\/no\/about\/om-oss\/baerekraft\/benchmark-sin-kommite-for-dyrevelferd\/"]}]},{"@type":"BreadcrumbList","@id":"https:\/\/www.bmkgenetics.com\/no\/about\/om-oss\/baerekraft\/benchmark-sin-kommite-for-dyrevelferd\/#breadcrumb","itemListElement":[{"@type":"ListItem","position":1,"name":"Om oss","item":"https:\/\/www.bmkgenetics.com\/no\/about\/"},{"@type":"ListItem","position":2,"name":"Om oss","item":"https:\/\/www.bmkgenetics.com\/no\/about\/om-oss\/"},{"@type":"ListItem","position":3,"name":"B\u00e6rekraft","item":"https:\/\/www.bmkgenetics.com\/no\/about\/om-oss\/baerekraft\/"},{"@type":"ListItem","position":4,"name":"Benchmark sin kommit\u00e9 for dyrevelferd"}]},{"@type":"WebSite","@id":"https:\/\/www.bmkgenetics.com\/no\/#website","url":"https:\/\/www.bmkgenetics.com\/no\/","name":"Benchmark Genetics","description":"Driving sustainability in aquaculture","potentialAction":[{"@type":"SearchAction","target":{"@type":"EntryPoint","urlTemplate":"https:\/\/www.bmkgenetics.com\/no\/?s={search_term_string}"},"query-input":{"@type":"PropertyValueSpecification","valueRequired":true,"valueName":"search_term_string"}}],"inLanguage":"nb-NO"}]}},"_links":{"self":[{"href":"https:\/\/www.bmkgenetics.com\/no\/wp-json\/wp\/v2\/pages\/2567","targetHints":{"allow":["GET"]}}],"collection":[{"href":"https:\/\/www.bmkgenetics.com\/no\/wp-json\/wp\/v2\/pages"}],"about":[{"href":"https:\/\/www.bmkgenetics.com\/no\/wp-json\/wp\/v2\/types\/page"}],"author":[{"embeddable":true,"href":"https:\/\/www.bmkgenetics.com\/no\/wp-json\/wp\/v2\/users\/99"}],"replies":[{"embeddable":true,"href":"https:\/\/www.bmkgenetics.com\/no\/wp-json\/wp\/v2\/comments?post=2567"}],"version-history":[{"count":0,"href":"https:\/\/www.bmkgenetics.com\/no\/wp-json\/wp\/v2\/pages\/2567\/revisions"}],"up":[{"embeddable":true,"href":"https:\/\/www.bmkgenetics.com\/no\/wp-json\/wp\/v2\/pages\/2562"}],"wp:attachment":[{"href":"https:\/\/www.bmkgenetics.com\/no\/wp-json\/wp\/v2\/media?parent=2567"}],"curies":[{"name":"wp","href":"https:\/\/api.w.org\/{rel}","templated":true}]}}