{"id":2565,"date":"2021-04-09T14:44:37","date_gmt":"2021-04-09T12:44:37","guid":{"rendered":"https:\/\/bmkgen.wpengine.com\/baerekraft\/miljopavirkning\/"},"modified":"2021-07-05T11:45:00","modified_gmt":"2021-07-05T09:45:00","slug":"miljopavirkning","status":"publish","type":"page","link":"https:\/\/www.bmkgenetics.com\/no\/about\/om-oss\/baerekraft\/miljopavirkning\/","title":{"rendered":"Milj\u00f8p\u00e5virkning"},"content":{"rendered":"<section class=\"l-section wpb_row leftheading-rightbody height_large\"><div class=\"l-section-h i-cf\"><div class=\"g-cols vc_row via_flex valign_top type_default stacking_default\"><div class=\"vc_col-sm-12 wpb_column vc_column_container\"><div class=\"vc_column-inner\"><div class=\"wpb_wrapper\"><div class=\"g-cols wpb_row via_flex valign_top type_default stacking_default\"><div class=\"vc_col-sm-12 vc_col-md-8 wpb_column vc_column_container\"><div class=\"vc_column-inner\"><div class=\"wpb_wrapper\">[vc_custom_heading text=&raquo;Fornybar energi og biogassproduksjon&raquo; use_theme_fonts=&raquo;yes&raquo;]<\/div><\/div><\/div><div class=\"vc_col-sm-4 vc_hidden-sm vc_hidden-xs wpb_column vc_column_container\"><div class=\"vc_column-inner\"><div class=\"wpb_wrapper\"><\/div><\/div><\/div><\/div><div class=\"g-cols wpb_row via_flex valign_top type_default stacking_default\"><div class=\"vc_col-sm-4 vc_hidden-sm vc_hidden-xs wpb_column vc_column_container\"><div class=\"vc_column-inner\"><div class=\"wpb_wrapper\"><\/div><\/div><\/div><div class=\"vc_col-sm-12 vc_col-md-8 wpb_column vc_column_container\"><div class=\"vc_column-inner\"><div class=\"wpb_wrapper\"><div class=\"wpb_text_column\"><div class=\"wpb_wrapper\"><p>SalmoBreed Salten, som er Benchmark sitt landbaserte rogn- og stamfiskanlegg, ble offisielt \u00e5pnet i mai 2019 og kan produsere 150 millioner rognkorn per \u00e5r. Anlegget ble designet med utgangspunkt i b\u00e6rekraftige l\u00f8sninger.<\/p>\n<\/div><\/div><div class=\"wpb_text_column\"><div class=\"wpb_wrapper\"><p>SalmoBreed Salten minimerer milj\u00f8avtrykket ved \u00e5 bruke opp mot 100% fornybar energi, og ved \u00e5 bidra til produksjon av biogass. Anlegget samler opp d\u00f8dfisk, f\u00f4r-rester og avf\u00f8ring fra stamfisken som blir omgjort til slam. Denne blir deretter levert som r\u00e5stoff til selskapet Kystmilj\u00f8 som produserer biogass &#8211; et mer milj\u00f8vennlig drivstoff for bruk i tungtransport.<\/p>\n<p>I 2020 var selskapets energibidrag tilsvarende 358\u00a0669 kWh. Se animasjonen nedenfor som viser hvor mye dette tilsvarer i antall husstander, fossilt drivstofforbruk og CO2utslipp ved flygninger.<\/p>\n<\/div><\/div><\/div><\/div><\/div><\/div><\/div><\/div><\/div><\/div><\/div><\/section><section class=\"l-section wpb_row height_large\"><div class=\"l-section-h i-cf\"><div class=\"g-cols vc_row via_flex valign_top type_default stacking_default\"><div class=\"vc_col-sm-12 wpb_column vc_column_container\"><div class=\"vc_column-inner\"><div class=\"wpb_wrapper\"><\/div><\/div><\/div><\/div><\/div><\/section>\n","protected":false},"excerpt":{"rendered":"[vc_custom_heading text=\"Fornybar energi og biogassproduksjon\" use_theme_fonts=\"yes\"]SalmoBreed Salten, som er Benchmark sitt landbaserte rogn- og stamfiskanlegg, ble offisielt \u00e5pnet i mai 2019 og kan produsere 150 millioner rognkorn per \u00e5r. Anlegget ble designet med utgangspunkt i b\u00e6rekraftige l\u00f8sninger. SalmoBreed Salten minimerer milj\u00f8avtrykket ved \u00e5 bruke opp mot 100% fornybar energi, og ved \u00e5 bidra til produksjon...","protected":false},"author":99,"featured_media":0,"parent":2562,"menu_order":0,"comment_status":"closed","ping_status":"closed","template":"","meta":{"_acf_changed":false,"footnotes":""},"class_list":["post-2565","page","type-page","status-publish","hentry"],"acf":[],"yoast_head":"<!-- This site is optimized with the Yoast SEO plugin v27.5 - https:\/\/yoast.com\/product\/yoast-seo-wordpress\/ -->\n<title>Milj\u00f8p\u00e5virkning - Benchmark Genetics - Breeding for the future<\/title>\n<meta name=\"description\" content=\"Enhver bransje p\u00e5virker milj\u00f8et p\u00e5 et eller annet vis. Vi har som m\u00e5l \u00e5 redusere v\u00e5rt klimagassutslipp og avfall til et minimumsniv\u00e5 i alle v\u00e5re virksomheter p\u00e5 tvers av geografier og arter.\" \/>\n<meta name=\"robots\" content=\"index, follow, max-snippet:-1, max-image-preview:large, max-video-preview:-1\" \/>\n<link rel=\"canonical\" href=\"https:\/\/www.bmkgenetics.com\/no\/about\/om-oss\/baerekraft\/miljopavirkning\/\" \/>\n<meta property=\"og:locale\" content=\"nb_NO\" \/>\n<meta property=\"og:type\" content=\"article\" \/>\n<meta property=\"og:title\" content=\"Milj\u00f8p\u00e5virkning - Benchmark Genetics - Breeding for the future\" \/>\n<meta property=\"og:description\" content=\"Enhver bransje p\u00e5virker milj\u00f8et p\u00e5 et eller annet vis. Vi har som m\u00e5l \u00e5 redusere v\u00e5rt klimagassutslipp og avfall til et minimumsniv\u00e5 i alle v\u00e5re virksomheter p\u00e5 tvers av geografier og arter.\" \/>\n<meta property=\"og:url\" content=\"https:\/\/www.bmkgenetics.com\/no\/about\/om-oss\/baerekraft\/miljopavirkning\/\" \/>\n<meta property=\"og:site_name\" content=\"Benchmark Genetics\" \/>\n<meta property=\"article:publisher\" content=\"https:\/\/www.facebook.com\/benchmarkgenetics\/\" \/>\n<meta property=\"article:modified_time\" content=\"2021-07-05T09:45:00+00:00\" \/>\n<meta property=\"og:image\" content=\"https:\/\/www.bmkgenetics.com\/wp-content\/uploads\/2021\/04\/logo-whitebg-528x135-in-800x600-1.png\" \/>\n\t<meta property=\"og:image:width\" content=\"800\" \/>\n\t<meta property=\"og:image:height\" content=\"600\" \/>\n\t<meta property=\"og:image:type\" content=\"image\/png\" \/>\n<meta name=\"twitter:card\" content=\"summary_large_image\" \/>\n<meta name=\"twitter:site\" content=\"@WeAreBenchmark\" \/>\n<meta name=\"twitter:label1\" content=\"Ansl. lesetid\" \/>\n\t<meta name=\"twitter:data1\" content=\"1 minutt\" \/>\n<script type=\"application\/ld+json\" class=\"yoast-schema-graph\">{\"@context\":\"https:\\\/\\\/schema.org\",\"@graph\":[{\"@type\":\"WebPage\",\"@id\":\"https:\\\/\\\/www.bmkgenetics.com\\\/no\\\/about\\\/om-oss\\\/baerekraft\\\/miljopavirkning\\\/\",\"url\":\"https:\\\/\\\/www.bmkgenetics.com\\\/no\\\/about\\\/om-oss\\\/baerekraft\\\/miljopavirkning\\\/\",\"name\":\"Milj\u00f8p\u00e5virkning - Benchmark Genetics - Breeding for the future\",\"isPartOf\":{\"@id\":\"https:\\\/\\\/www.bmkgenetics.com\\\/no\\\/#website\"},\"datePublished\":\"2021-04-09T12:44:37+00:00\",\"dateModified\":\"2021-07-05T09:45:00+00:00\",\"description\":\"Enhver bransje p\u00e5virker milj\u00f8et p\u00e5 et eller annet vis. Vi har som m\u00e5l \u00e5 redusere v\u00e5rt klimagassutslipp og avfall til et minimumsniv\u00e5 i alle v\u00e5re virksomheter p\u00e5 tvers av geografier og arter.\",\"breadcrumb\":{\"@id\":\"https:\\\/\\\/www.bmkgenetics.com\\\/no\\\/about\\\/om-oss\\\/baerekraft\\\/miljopavirkning\\\/#breadcrumb\"},\"inLanguage\":\"nb-NO\",\"potentialAction\":[{\"@type\":\"ReadAction\",\"target\":[\"https:\\\/\\\/www.bmkgenetics.com\\\/no\\\/about\\\/om-oss\\\/baerekraft\\\/miljopavirkning\\\/\"]}]},{\"@type\":\"BreadcrumbList\",\"@id\":\"https:\\\/\\\/www.bmkgenetics.com\\\/no\\\/about\\\/om-oss\\\/baerekraft\\\/miljopavirkning\\\/#breadcrumb\",\"itemListElement\":[{\"@type\":\"ListItem\",\"position\":1,\"name\":\"Om oss\",\"item\":\"https:\\\/\\\/www.bmkgenetics.com\\\/no\\\/about\\\/\"},{\"@type\":\"ListItem\",\"position\":2,\"name\":\"Om oss\",\"item\":\"https:\\\/\\\/www.bmkgenetics.com\\\/no\\\/about\\\/om-oss\\\/\"},{\"@type\":\"ListItem\",\"position\":3,\"name\":\"B\u00e6rekraft\",\"item\":\"https:\\\/\\\/www.bmkgenetics.com\\\/no\\\/about\\\/om-oss\\\/baerekraft\\\/\"},{\"@type\":\"ListItem\",\"position\":4,\"name\":\"Milj\u00f8p\u00e5virkning\"}]},{\"@type\":\"WebSite\",\"@id\":\"https:\\\/\\\/www.bmkgenetics.com\\\/no\\\/#website\",\"url\":\"https:\\\/\\\/www.bmkgenetics.com\\\/no\\\/\",\"name\":\"Benchmark Genetics\",\"description\":\"Driving sustainability in aquaculture\",\"potentialAction\":[{\"@type\":\"SearchAction\",\"target\":{\"@type\":\"EntryPoint\",\"urlTemplate\":\"https:\\\/\\\/www.bmkgenetics.com\\\/no\\\/?s={search_term_string}\"},\"query-input\":{\"@type\":\"PropertyValueSpecification\",\"valueRequired\":true,\"valueName\":\"search_term_string\"}}],\"inLanguage\":\"nb-NO\"}]}<\/script>\n<!-- \/ Yoast SEO plugin. -->","yoast_head_json":{"title":"Milj\u00f8p\u00e5virkning - Benchmark Genetics - Breeding for the future","description":"Enhver bransje p\u00e5virker milj\u00f8et p\u00e5 et eller annet vis. Vi har som m\u00e5l \u00e5 redusere v\u00e5rt klimagassutslipp og avfall til et minimumsniv\u00e5 i alle v\u00e5re virksomheter p\u00e5 tvers av geografier og arter.","robots":{"index":"index","follow":"follow","max-snippet":"max-snippet:-1","max-image-preview":"max-image-preview:large","max-video-preview":"max-video-preview:-1"},"canonical":"https:\/\/www.bmkgenetics.com\/no\/about\/om-oss\/baerekraft\/miljopavirkning\/","og_locale":"nb_NO","og_type":"article","og_title":"Milj\u00f8p\u00e5virkning - Benchmark Genetics - Breeding for the future","og_description":"Enhver bransje p\u00e5virker milj\u00f8et p\u00e5 et eller annet vis. Vi har som m\u00e5l \u00e5 redusere v\u00e5rt klimagassutslipp og avfall til et minimumsniv\u00e5 i alle v\u00e5re virksomheter p\u00e5 tvers av geografier og arter.","og_url":"https:\/\/www.bmkgenetics.com\/no\/about\/om-oss\/baerekraft\/miljopavirkning\/","og_site_name":"Benchmark Genetics","article_publisher":"https:\/\/www.facebook.com\/benchmarkgenetics\/","article_modified_time":"2021-07-05T09:45:00+00:00","og_image":[{"width":800,"height":600,"url":"https:\/\/www.bmkgenetics.com\/wp-content\/uploads\/2021\/04\/logo-whitebg-528x135-in-800x600-1.png","type":"image\/png"}],"twitter_card":"summary_large_image","twitter_site":"@WeAreBenchmark","twitter_misc":{"Ansl. lesetid":"1 minutt"},"schema":{"@context":"https:\/\/schema.org","@graph":[{"@type":"WebPage","@id":"https:\/\/www.bmkgenetics.com\/no\/about\/om-oss\/baerekraft\/miljopavirkning\/","url":"https:\/\/www.bmkgenetics.com\/no\/about\/om-oss\/baerekraft\/miljopavirkning\/","name":"Milj\u00f8p\u00e5virkning - Benchmark Genetics - Breeding for the future","isPartOf":{"@id":"https:\/\/www.bmkgenetics.com\/no\/#website"},"datePublished":"2021-04-09T12:44:37+00:00","dateModified":"2021-07-05T09:45:00+00:00","description":"Enhver bransje p\u00e5virker milj\u00f8et p\u00e5 et eller annet vis. Vi har som m\u00e5l \u00e5 redusere v\u00e5rt klimagassutslipp og avfall til et minimumsniv\u00e5 i alle v\u00e5re virksomheter p\u00e5 tvers av geografier og arter.","breadcrumb":{"@id":"https:\/\/www.bmkgenetics.com\/no\/about\/om-oss\/baerekraft\/miljopavirkning\/#breadcrumb"},"inLanguage":"nb-NO","potentialAction":[{"@type":"ReadAction","target":["https:\/\/www.bmkgenetics.com\/no\/about\/om-oss\/baerekraft\/miljopavirkning\/"]}]},{"@type":"BreadcrumbList","@id":"https:\/\/www.bmkgenetics.com\/no\/about\/om-oss\/baerekraft\/miljopavirkning\/#breadcrumb","itemListElement":[{"@type":"ListItem","position":1,"name":"Om oss","item":"https:\/\/www.bmkgenetics.com\/no\/about\/"},{"@type":"ListItem","position":2,"name":"Om oss","item":"https:\/\/www.bmkgenetics.com\/no\/about\/om-oss\/"},{"@type":"ListItem","position":3,"name":"B\u00e6rekraft","item":"https:\/\/www.bmkgenetics.com\/no\/about\/om-oss\/baerekraft\/"},{"@type":"ListItem","position":4,"name":"Milj\u00f8p\u00e5virkning"}]},{"@type":"WebSite","@id":"https:\/\/www.bmkgenetics.com\/no\/#website","url":"https:\/\/www.bmkgenetics.com\/no\/","name":"Benchmark Genetics","description":"Driving sustainability in aquaculture","potentialAction":[{"@type":"SearchAction","target":{"@type":"EntryPoint","urlTemplate":"https:\/\/www.bmkgenetics.com\/no\/?s={search_term_string}"},"query-input":{"@type":"PropertyValueSpecification","valueRequired":true,"valueName":"search_term_string"}}],"inLanguage":"nb-NO"}]}},"_links":{"self":[{"href":"https:\/\/www.bmkgenetics.com\/no\/wp-json\/wp\/v2\/pages\/2565","targetHints":{"allow":["GET"]}}],"collection":[{"href":"https:\/\/www.bmkgenetics.com\/no\/wp-json\/wp\/v2\/pages"}],"about":[{"href":"https:\/\/www.bmkgenetics.com\/no\/wp-json\/wp\/v2\/types\/page"}],"author":[{"embeddable":true,"href":"https:\/\/www.bmkgenetics.com\/no\/wp-json\/wp\/v2\/users\/99"}],"replies":[{"embeddable":true,"href":"https:\/\/www.bmkgenetics.com\/no\/wp-json\/wp\/v2\/comments?post=2565"}],"version-history":[{"count":0,"href":"https:\/\/www.bmkgenetics.com\/no\/wp-json\/wp\/v2\/pages\/2565\/revisions"}],"up":[{"embeddable":true,"href":"https:\/\/www.bmkgenetics.com\/no\/wp-json\/wp\/v2\/pages\/2562"}],"wp:attachment":[{"href":"https:\/\/www.bmkgenetics.com\/no\/wp-json\/wp\/v2\/media?parent=2565"}],"curies":[{"name":"wp","href":"https:\/\/api.w.org\/{rel}","templated":true}]}}