{"id":2564,"date":"2021-04-09T14:33:25","date_gmt":"2021-04-09T12:33:25","guid":{"rendered":"https:\/\/bmkgen.wpengine.com\/baerekraft\/benchmark-for-better-hjelper-lokalsamfunnet\/"},"modified":"2021-07-05T11:44:43","modified_gmt":"2021-07-05T09:44:43","slug":"benchmark-for-better-hjelper-lokalsamfunnet","status":"publish","type":"page","link":"https:\/\/www.bmkgenetics.com\/no\/about\/om-oss\/baerekraft\/benchmark-for-better-hjelper-lokalsamfunnet\/","title":{"rendered":"Benchmark for Better &#8211; hjelper lokalsamfunnet"},"content":{"rendered":"<section class=\"l-section wpb_row leftheading-rightbody height_large\"><div class=\"l-section-h i-cf\"><div class=\"g-cols vc_row via_flex valign_top type_default stacking_default\"><div class=\"vc_col-sm-12 wpb_column vc_column_container\"><div class=\"vc_column-inner\"><div class=\"wpb_wrapper\"><div class=\"g-cols wpb_row via_flex valign_top type_default stacking_default\"><div class=\"vc_col-sm-12 vc_col-md-8 wpb_column vc_column_container\"><div class=\"vc_column-inner\"><div class=\"wpb_wrapper\">[vc_custom_heading text=&raquo;Covid-19 hjelpearbeid&raquo; use_theme_fonts=&raquo;yes&raquo;]<\/div><\/div><\/div><div class=\"vc_col-sm-4 vc_hidden-sm vc_hidden-xs wpb_column vc_column_container\"><div class=\"vc_column-inner\"><div class=\"wpb_wrapper\"><\/div><\/div><\/div><\/div><div class=\"g-cols wpb_row via_flex valign_top type_default stacking_default\"><div class=\"vc_col-sm-4 vc_hidden-sm vc_hidden-xs wpb_column vc_column_container\"><div class=\"vc_column-inner\"><div class=\"wpb_wrapper\"><\/div><\/div><\/div><div class=\"vc_col-sm-12 vc_col-md-8 wpb_column vc_column_container\"><div class=\"vc_column-inner\"><div class=\"wpb_wrapper\"><div class=\"wpb_text_column\"><div class=\"wpb_wrapper\"><p>I tillegg til \u00e5 sikre at b\u00e5de ansatte og v\u00e5re anlegg fortsatte driften i de utfordrende tider, har ogs\u00e5 v\u00e5re team rundt om i verden bidratt til \u00e5 hjelpe medmennesker i lokalsamfunnene hvor vi er tilstede gjennom B4B initiativet.<\/p>\n<p>I l\u00f8pet av det siste \u00e5ret har v\u00e5re team delt ut over 500 poser med matvarer og desinfeksjonsmidler for \u00e5 hjelpe folk som jobber i forsyningskjeden og i lokalsamfunnene i Brasil og Ecuador. Vi har kj\u00f8rt ut gr\u00f8nnsaker, vaskeutstyr og utstyr til hjemmeskole for \u00e5 bist\u00e5 lokalsamfunnet i tilknytning til v\u00e5rt avlssenter i Punta Canoa, Colombia. Vi har ogs\u00e5 gitt donasjoner til den lokale matbanken i Wachirabarami distriktet i Thailand.<\/p>\n<\/div><\/div><div class=\"w-image align_none meta_simple\"><div class=\"w-image-h\"><img decoding=\"async\" width=\"225\" height=\"300\" src=\"https:\/\/www.bmkgenetics.com\/wp-content\/uploads\/2021\/02\/Green-Kayak-trash-collecting-225x300.jpg\" class=\"attachment-medium size-medium\" alt=\"\" loading=\"lazy\" srcset=\"https:\/\/www.bmkgenetics.com\/wp-content\/uploads\/2021\/02\/Green-Kayak-trash-collecting-225x300.jpg 225w, https:\/\/www.bmkgenetics.com\/wp-content\/uploads\/2021\/02\/Green-Kayak-trash-collecting-768x1024.jpg 768w, https:\/\/www.bmkgenetics.com\/wp-content\/uploads\/2021\/02\/Green-Kayak-trash-collecting.jpg 1536w\" sizes=\"auto, (max-width: 225px) 100vw, 225px\" \/><\/div><div class=\"w-image-meta\"><div class=\"w-image-title\">Green-Kayak-trash-collecting<\/div><div class=\"w-image-description\">Benchmark also encourages local employee initiatives such as cleaning of the beaches and Plogging.<\/div><\/div><\/div><\/div><\/div><\/div><\/div><\/div><\/div><\/div><\/div><\/div><\/section>\n","protected":false},"excerpt":{"rendered":"[vc_custom_heading text=\"Covid-19 hjelpearbeid\" use_theme_fonts=\"yes\"]I tillegg til \u00e5 sikre at b\u00e5de ansatte og v\u00e5re anlegg fortsatte driften i de utfordrende tider, har ogs\u00e5 v\u00e5re team rundt om i verden bidratt til \u00e5 hjelpe medmennesker i lokalsamfunnene hvor vi er tilstede gjennom B4B initiativet. I l\u00f8pet av det siste \u00e5ret har v\u00e5re team delt ut over 500...","protected":false},"author":99,"featured_media":0,"parent":2562,"menu_order":0,"comment_status":"closed","ping_status":"closed","template":"","meta":{"_acf_changed":false,"footnotes":""},"class_list":["post-2564","page","type-page","status-publish","hentry"],"acf":[],"yoast_head":"<!-- This site is optimized with the Yoast SEO plugin v27.5 - https:\/\/yoast.com\/product\/yoast-seo-wordpress\/ -->\n<title>B4B Covid-19 relief efforts - Benchmark Genetics Breeding for the future<\/title>\n<meta name=\"description\" content=\"Benchmark for Better (B4B) is the Company\u2019s new communities, and charity initiative launched in 2020. Read more about the covid relief efforts\" \/>\n<meta name=\"robots\" content=\"index, follow, max-snippet:-1, max-image-preview:large, max-video-preview:-1\" \/>\n<link rel=\"canonical\" href=\"https:\/\/www.bmkgenetics.com\/no\/about\/om-oss\/baerekraft\/benchmark-for-better-hjelper-lokalsamfunnet\/\" \/>\n<meta property=\"og:locale\" content=\"nb_NO\" \/>\n<meta property=\"og:type\" content=\"article\" \/>\n<meta property=\"og:title\" content=\"B4B Covid-19 relief efforts - Benchmark Genetics Breeding for the future\" \/>\n<meta property=\"og:description\" content=\"Benchmark for Better (B4B) is the Company\u2019s new communities, and charity initiative launched in 2020. Read more about the covid relief efforts\" \/>\n<meta property=\"og:url\" content=\"https:\/\/www.bmkgenetics.com\/no\/about\/om-oss\/baerekraft\/benchmark-for-better-hjelper-lokalsamfunnet\/\" \/>\n<meta property=\"og:site_name\" content=\"Benchmark Genetics\" \/>\n<meta property=\"article:publisher\" content=\"https:\/\/www.facebook.com\/benchmarkgenetics\/\" \/>\n<meta property=\"article:modified_time\" content=\"2021-07-05T09:44:43+00:00\" \/>\n<meta property=\"og:image\" content=\"https:\/\/www.bmkgenetics.com\/wp-content\/uploads\/2021\/04\/logo-whitebg-528x135-in-800x600-1.png\" \/>\n\t<meta property=\"og:image:width\" content=\"800\" \/>\n\t<meta property=\"og:image:height\" content=\"600\" \/>\n\t<meta property=\"og:image:type\" content=\"image\/png\" \/>\n<meta name=\"twitter:card\" content=\"summary_large_image\" \/>\n<meta name=\"twitter:site\" content=\"@WeAreBenchmark\" \/>\n<meta name=\"twitter:label1\" content=\"Ansl. lesetid\" \/>\n\t<meta name=\"twitter:data1\" content=\"1 minutt\" \/>\n<script type=\"application\/ld+json\" class=\"yoast-schema-graph\">{\"@context\":\"https:\\\/\\\/schema.org\",\"@graph\":[{\"@type\":\"WebPage\",\"@id\":\"https:\\\/\\\/www.bmkgenetics.com\\\/no\\\/about\\\/om-oss\\\/baerekraft\\\/benchmark-for-better-hjelper-lokalsamfunnet\\\/\",\"url\":\"https:\\\/\\\/www.bmkgenetics.com\\\/no\\\/about\\\/om-oss\\\/baerekraft\\\/benchmark-for-better-hjelper-lokalsamfunnet\\\/\",\"name\":\"B4B Covid-19 relief efforts - Benchmark Genetics Breeding for the future\",\"isPartOf\":{\"@id\":\"https:\\\/\\\/www.bmkgenetics.com\\\/no\\\/#website\"},\"datePublished\":\"2021-04-09T12:33:25+00:00\",\"dateModified\":\"2021-07-05T09:44:43+00:00\",\"description\":\"Benchmark for Better (B4B) is the Company\u2019s new communities, and charity initiative launched in 2020. Read more about the covid relief efforts\",\"breadcrumb\":{\"@id\":\"https:\\\/\\\/www.bmkgenetics.com\\\/no\\\/about\\\/om-oss\\\/baerekraft\\\/benchmark-for-better-hjelper-lokalsamfunnet\\\/#breadcrumb\"},\"inLanguage\":\"nb-NO\",\"potentialAction\":[{\"@type\":\"ReadAction\",\"target\":[\"https:\\\/\\\/www.bmkgenetics.com\\\/no\\\/about\\\/om-oss\\\/baerekraft\\\/benchmark-for-better-hjelper-lokalsamfunnet\\\/\"]}]},{\"@type\":\"BreadcrumbList\",\"@id\":\"https:\\\/\\\/www.bmkgenetics.com\\\/no\\\/about\\\/om-oss\\\/baerekraft\\\/benchmark-for-better-hjelper-lokalsamfunnet\\\/#breadcrumb\",\"itemListElement\":[{\"@type\":\"ListItem\",\"position\":1,\"name\":\"Om oss\",\"item\":\"https:\\\/\\\/www.bmkgenetics.com\\\/no\\\/about\\\/\"},{\"@type\":\"ListItem\",\"position\":2,\"name\":\"Om oss\",\"item\":\"https:\\\/\\\/www.bmkgenetics.com\\\/no\\\/about\\\/om-oss\\\/\"},{\"@type\":\"ListItem\",\"position\":3,\"name\":\"B\u00e6rekraft\",\"item\":\"https:\\\/\\\/www.bmkgenetics.com\\\/no\\\/about\\\/om-oss\\\/baerekraft\\\/\"},{\"@type\":\"ListItem\",\"position\":4,\"name\":\"Benchmark for Better &#8211; hjelper lokalsamfunnet\"}]},{\"@type\":\"WebSite\",\"@id\":\"https:\\\/\\\/www.bmkgenetics.com\\\/no\\\/#website\",\"url\":\"https:\\\/\\\/www.bmkgenetics.com\\\/no\\\/\",\"name\":\"Benchmark Genetics\",\"description\":\"Driving sustainability in aquaculture\",\"potentialAction\":[{\"@type\":\"SearchAction\",\"target\":{\"@type\":\"EntryPoint\",\"urlTemplate\":\"https:\\\/\\\/www.bmkgenetics.com\\\/no\\\/?s={search_term_string}\"},\"query-input\":{\"@type\":\"PropertyValueSpecification\",\"valueRequired\":true,\"valueName\":\"search_term_string\"}}],\"inLanguage\":\"nb-NO\"}]}<\/script>\n<!-- \/ Yoast SEO plugin. -->","yoast_head_json":{"title":"B4B Covid-19 relief efforts - Benchmark Genetics Breeding for the future","description":"Benchmark for Better (B4B) is the Company\u2019s new communities, and charity initiative launched in 2020. Read more about the covid relief efforts","robots":{"index":"index","follow":"follow","max-snippet":"max-snippet:-1","max-image-preview":"max-image-preview:large","max-video-preview":"max-video-preview:-1"},"canonical":"https:\/\/www.bmkgenetics.com\/no\/about\/om-oss\/baerekraft\/benchmark-for-better-hjelper-lokalsamfunnet\/","og_locale":"nb_NO","og_type":"article","og_title":"B4B Covid-19 relief efforts - Benchmark Genetics Breeding for the future","og_description":"Benchmark for Better (B4B) is the Company\u2019s new communities, and charity initiative launched in 2020. Read more about the covid relief efforts","og_url":"https:\/\/www.bmkgenetics.com\/no\/about\/om-oss\/baerekraft\/benchmark-for-better-hjelper-lokalsamfunnet\/","og_site_name":"Benchmark Genetics","article_publisher":"https:\/\/www.facebook.com\/benchmarkgenetics\/","article_modified_time":"2021-07-05T09:44:43+00:00","og_image":[{"width":800,"height":600,"url":"https:\/\/www.bmkgenetics.com\/wp-content\/uploads\/2021\/04\/logo-whitebg-528x135-in-800x600-1.png","type":"image\/png"}],"twitter_card":"summary_large_image","twitter_site":"@WeAreBenchmark","twitter_misc":{"Ansl. lesetid":"1 minutt"},"schema":{"@context":"https:\/\/schema.org","@graph":[{"@type":"WebPage","@id":"https:\/\/www.bmkgenetics.com\/no\/about\/om-oss\/baerekraft\/benchmark-for-better-hjelper-lokalsamfunnet\/","url":"https:\/\/www.bmkgenetics.com\/no\/about\/om-oss\/baerekraft\/benchmark-for-better-hjelper-lokalsamfunnet\/","name":"B4B Covid-19 relief efforts - Benchmark Genetics Breeding for the future","isPartOf":{"@id":"https:\/\/www.bmkgenetics.com\/no\/#website"},"datePublished":"2021-04-09T12:33:25+00:00","dateModified":"2021-07-05T09:44:43+00:00","description":"Benchmark for Better (B4B) is the Company\u2019s new communities, and charity initiative launched in 2020. Read more about the covid relief efforts","breadcrumb":{"@id":"https:\/\/www.bmkgenetics.com\/no\/about\/om-oss\/baerekraft\/benchmark-for-better-hjelper-lokalsamfunnet\/#breadcrumb"},"inLanguage":"nb-NO","potentialAction":[{"@type":"ReadAction","target":["https:\/\/www.bmkgenetics.com\/no\/about\/om-oss\/baerekraft\/benchmark-for-better-hjelper-lokalsamfunnet\/"]}]},{"@type":"BreadcrumbList","@id":"https:\/\/www.bmkgenetics.com\/no\/about\/om-oss\/baerekraft\/benchmark-for-better-hjelper-lokalsamfunnet\/#breadcrumb","itemListElement":[{"@type":"ListItem","position":1,"name":"Om oss","item":"https:\/\/www.bmkgenetics.com\/no\/about\/"},{"@type":"ListItem","position":2,"name":"Om oss","item":"https:\/\/www.bmkgenetics.com\/no\/about\/om-oss\/"},{"@type":"ListItem","position":3,"name":"B\u00e6rekraft","item":"https:\/\/www.bmkgenetics.com\/no\/about\/om-oss\/baerekraft\/"},{"@type":"ListItem","position":4,"name":"Benchmark for Better &#8211; hjelper lokalsamfunnet"}]},{"@type":"WebSite","@id":"https:\/\/www.bmkgenetics.com\/no\/#website","url":"https:\/\/www.bmkgenetics.com\/no\/","name":"Benchmark Genetics","description":"Driving sustainability in aquaculture","potentialAction":[{"@type":"SearchAction","target":{"@type":"EntryPoint","urlTemplate":"https:\/\/www.bmkgenetics.com\/no\/?s={search_term_string}"},"query-input":{"@type":"PropertyValueSpecification","valueRequired":true,"valueName":"search_term_string"}}],"inLanguage":"nb-NO"}]}},"_links":{"self":[{"href":"https:\/\/www.bmkgenetics.com\/no\/wp-json\/wp\/v2\/pages\/2564","targetHints":{"allow":["GET"]}}],"collection":[{"href":"https:\/\/www.bmkgenetics.com\/no\/wp-json\/wp\/v2\/pages"}],"about":[{"href":"https:\/\/www.bmkgenetics.com\/no\/wp-json\/wp\/v2\/types\/page"}],"author":[{"embeddable":true,"href":"https:\/\/www.bmkgenetics.com\/no\/wp-json\/wp\/v2\/users\/99"}],"replies":[{"embeddable":true,"href":"https:\/\/www.bmkgenetics.com\/no\/wp-json\/wp\/v2\/comments?post=2564"}],"version-history":[{"count":0,"href":"https:\/\/www.bmkgenetics.com\/no\/wp-json\/wp\/v2\/pages\/2564\/revisions"}],"up":[{"embeddable":true,"href":"https:\/\/www.bmkgenetics.com\/no\/wp-json\/wp\/v2\/pages\/2562"}],"wp:attachment":[{"href":"https:\/\/www.bmkgenetics.com\/no\/wp-json\/wp\/v2\/media?parent=2564"}],"curies":[{"name":"wp","href":"https:\/\/api.w.org\/{rel}","templated":true}]}}