{"id":2562,"date":"2021-04-09T14:30:25","date_gmt":"2021-04-09T12:30:25","guid":{"rendered":"https:\/\/bmkgen.wpengine.com\/baerekraft\/"},"modified":"2026-02-19T12:49:27","modified_gmt":"2026-02-19T11:49:27","slug":"baerekraft","status":"publish","type":"page","link":"https:\/\/www.bmkgenetics.com\/no\/about\/om-oss\/baerekraft\/","title":{"rendered":"B\u00e6rekraft"},"content":{"rendered":"<section class=\"l-section wpb_row leftheading-rightbody height_large\"><div class=\"l-section-h i-cf\"><div class=\"g-cols vc_row via_flex valign_top type_default stacking_default\"><div class=\"vc_col-sm-12 wpb_column vc_column_container\"><div class=\"vc_column-inner\"><div class=\"wpb_wrapper\"><div class=\"g-cols wpb_row via_flex valign_top type_default stacking_default\"><div class=\"vc_col-sm-12 vc_col-md-8 wpb_column vc_column_container\"><div class=\"vc_column-inner\"><div class=\"wpb_wrapper\">[vc_custom_heading text=&raquo;P\u00e5driver for b\u00e6rekraftig havbruk&raquo; use_theme_fonts=&raquo;yes&raquo;]<\/div><\/div><\/div><div class=\"vc_col-sm-4 vc_hidden-sm vc_hidden-xs wpb_column vc_column_container\"><div class=\"vc_column-inner\"><div class=\"wpb_wrapper\"><\/div><\/div><\/div><\/div><div class=\"g-cols wpb_row via_flex valign_top type_default stacking_default\"><div class=\"vc_col-sm-4 vc_hidden-sm vc_hidden-xs wpb_column vc_column_container\"><div class=\"vc_column-inner\"><div class=\"wpb_wrapper\"><\/div><\/div><\/div><div class=\"vc_col-sm-12 vc_col-md-8 wpb_column vc_column_container\"><div class=\"vc_column-inner\"><div class=\"wpb_wrapper\"><div class=\"wpb_text_column\"><div class=\"wpb_wrapper\"><p>Vi leverer produkter og l\u00f8sninger som forbedrer b\u00e6rekraften for produsenter gjennom bedre fiskehelse, produksjonsutbytte og dyrevelferd.<\/p>\n<p>Vi oppn\u00e5r dette ved \u00e5 identifisere milj\u00f8messige, sosiale og styringsmessige (ESG) muligheter og aktivt h\u00e5ndtere risikoer som er relevante for v\u00e5r virksomhet og v\u00e5re interessenter. V\u00e5r b\u00e6rekraftstrategi er tilpasset for \u00e5 h\u00e5ndtere risikoer og muligheter innen ni ESG-faktorer, som alle er i tr\u00e5d med FNs b\u00e6rekraftsm\u00e5l.<\/p>\n<p>&nbsp;<\/p>\n<\/div><\/div><\/div><\/div><\/div><\/div><\/div><\/div><\/div><\/div><\/div><\/section><section class=\"l-section wpb_row leftheading-rightbody height_large color_alternate\"><div class=\"l-section-h i-cf\"><div class=\"g-cols vc_row via_flex valign_top type_default stacking_default\"><div class=\"vc_col-sm-12 wpb_column vc_column_container\"><div class=\"vc_column-inner\"><div class=\"wpb_wrapper\"><div class=\"g-cols wpb_row via_flex valign_top type_default stacking_default\"><div class=\"vc_col-sm-12 vc_col-md-8 wpb_column vc_column_container\"><div class=\"vc_column-inner\"><div class=\"wpb_wrapper\">[vc_custom_heading text=&raquo;V\u00e5re fokusomr\u00e5der&raquo; use_theme_fonts=&raquo;yes&raquo;]<\/div><\/div><\/div><div class=\"vc_col-sm-4 vc_hidden-sm vc_hidden-xs wpb_column vc_column_container\"><div class=\"vc_column-inner\"><div class=\"wpb_wrapper\"><\/div><\/div><\/div><\/div><div class=\"g-cols wpb_row via_flex valign_top type_default stacking_default\"><div class=\"vc_col-sm-4 vc_hidden-sm vc_hidden-xs wpb_column vc_column_container\"><div class=\"vc_column-inner\"><div class=\"wpb_wrapper\"><\/div><\/div><\/div><div class=\"vc_col-sm-12 vc_col-md-8 wpb_column vc_column_container\"><div class=\"vc_column-inner\"><div class=\"wpb_wrapper\"><div class=\"wpb_text_column\"><div class=\"wpb_wrapper\"><p>V\u00e5rt b\u00e6rekraftprogram adresserer de viktigste driverne for b\u00e6rekraft og ESG-risiko i v\u00e5r virksomhet. Vi anerkjenner at \u00f8konomisk b\u00e6rekraft og ansvarlig eierstyring ivaretas gjennom v\u00e5re finans- og juridiske funksjoner. Programmet har s\u00e6rlig fokus p\u00e5 produktp\u00e5virkning, milj\u00f8, dyrevelferd, ansattes trivsel og v\u00e5rt bidrag til samfunnet.<\/p>\n<\/div><\/div><\/div><\/div><\/div><\/div><\/div><\/div><\/div><\/div><\/div><\/section><section class=\"l-section wpb_row rightbody height_large color_alternate\"><div class=\"l-section-h i-cf\"><div class=\"g-cols vc_row via_flex valign_top type_default stacking_default\"><div class=\"vc_col-sm-4 vc_hidden-sm vc_hidden-xs wpb_column vc_column_container\"><div class=\"vc_column-inner\"><div class=\"wpb_wrapper\"><\/div><\/div><\/div><div class=\"vc_col-sm-12 vc_col-md-8 wpb_column vc_column_container\"><div class=\"vc_column-inner\"><div class=\"wpb_wrapper\"><div class=\"w-tabs style_default switch_click accordion has_scrolling\" style=\"--sections-title-size:inherit\"><div class=\"w-tabs-sections titles-align_none icon_plus cpos_right\"><div class=\"w-tabs-section\" id=\"b90d\" itemscope itemprop=\"mainEntity\" itemtype=\"https:\/\/schema.org\/Question\"><button class=\"w-tabs-section-header\" aria-controls=\"content-b90d\" aria-expanded=\"false\"><h3 class=\"w-tabs-section-title\" itemprop=\"name\">Produktp\u00e5virkning<\/h3><div class=\"w-tabs-section-control\"><\/div><\/button><div  class=\"w-tabs-section-content\" id=\"content-b90d\" itemscope itemprop=\"acceptedAnswer\" itemtype=\"https:\/\/schema.org\/Answer\"><div class=\"w-tabs-section-content-h i-cf\" itemprop=\"text\"><div class=\"wpb_text_column\"><div class=\"wpb_wrapper\"><p>V\u00e5rt m\u00e5l er \u00e5 utvikle produkter som har en positiv innvirkning p\u00e5 b\u00e6rekraftig akvakultur. Genetikk er selve utgangspunktet for produksjonskjeden innen havbruk. Enhver forbedring som \u00f8ker effektiviteten eller forbedrer overlevelsesevnen vil bidra til et mer b\u00e6rekraftig sluttprodukt. Ettersom genetikk er levende produkter, er dyrevelferd og fiskehelse direkte resultat av det vi gj\u00f8r. Vi liker \u00e5 si at et b\u00e6rekraftig oppdrettssystem ikke bare er til fordel for dyrene og milj\u00f8et, men det er ogs\u00e5 viktige bidrag til at v\u00e5re kunder lykkes \u00f8konomisk.<\/p>\n<\/div><\/div><\/div><\/div><\/div><div class=\"w-tabs-section\" id=\"ua62\" itemscope itemprop=\"mainEntity\" itemtype=\"https:\/\/schema.org\/Question\"><button class=\"w-tabs-section-header\" aria-controls=\"content-ua62\" aria-expanded=\"false\"><h3 class=\"w-tabs-section-title\" itemprop=\"name\">Milj\u00f8p\u00e5virkning<\/h3><div class=\"w-tabs-section-control\"><\/div><\/button><div  class=\"w-tabs-section-content\" id=\"content-ua62\" itemscope itemprop=\"acceptedAnswer\" itemtype=\"https:\/\/schema.org\/Answer\"><div class=\"w-tabs-section-content-h i-cf\" itemprop=\"text\"><div class=\"wpb_text_column\"><div class=\"wpb_wrapper\"><p>Enhver bransje p\u00e5virker milj\u00f8et p\u00e5 et eller annet vis. Vi har som m\u00e5l \u00e5 redusere v\u00e5rt klimagassutslipp og avfall til et minimumsniv\u00e5 i alle v\u00e5re virksomheter p\u00e5 tvers av geografier \u00a0og arter.<\/p>\n<p>Benchmark Genetics Norway ble medlem av nettverket Klimapartnere i mai 2019, og selskapet har satt ambisi\u00f8se m\u00e5l om \u00e5 bli kliman\u00f8ytral innen 2025 og fossilfri innen 2030.<\/p>\n<\/div><\/div><\/div><\/div><\/div><div class=\"w-tabs-section\" id=\"vba5\" itemscope itemprop=\"mainEntity\" itemtype=\"https:\/\/schema.org\/Question\"><button class=\"w-tabs-section-header\" aria-controls=\"content-vba5\" aria-expanded=\"false\"><h3 class=\"w-tabs-section-title\" itemprop=\"name\">Dyrevelferd<\/h3><div class=\"w-tabs-section-control\"><\/div><\/button><div  class=\"w-tabs-section-content\" id=\"content-vba5\" itemscope itemprop=\"acceptedAnswer\" itemtype=\"https:\/\/schema.org\/Answer\"><div class=\"w-tabs-section-content-h i-cf\" itemprop=\"text\"><div class=\"wpb_text_column\"><div class=\"wpb_wrapper\"><p>I Benchmark Genetics st\u00e5r dyrehelse og velferd i sentrum i fohold til v\u00e5re produkter og m\u00e5ten vi driver p\u00e5.<\/p>\n<\/div><\/div><\/div><\/div><\/div><div class=\"w-tabs-section\" id=\"hd06\" itemscope itemprop=\"mainEntity\" itemtype=\"https:\/\/schema.org\/Question\"><button class=\"w-tabs-section-header\" aria-controls=\"content-hd06\" aria-expanded=\"false\"><h3 class=\"w-tabs-section-title\" itemprop=\"name\">\u00c5 ha det bra<\/h3><div class=\"w-tabs-section-control\"><\/div><\/button><div  class=\"w-tabs-section-content\" id=\"content-hd06\" itemscope itemprop=\"acceptedAnswer\" itemtype=\"https:\/\/schema.org\/Answer\"><div class=\"w-tabs-section-content-h i-cf\" itemprop=\"text\"><div class=\"wpb_text_column\"><div class=\"wpb_wrapper\"><p>Vi bryr oss om v\u00e5re ansatte, og \u00f8nsker \u00e5 gi dem en mulighet til \u00e5 n\u00e5 sitt fulle potensial.<\/p>\n<p>Benchmark Genetics har et forum med ansattrepresentanter, s\u00e5kalte <em>Employee Champions<\/em>, som har m\u00e5nedlige m\u00f8ter med konsernledelsen. For \u00e5 fremme trivsel har vi gitt en rekke ansatte oppl\u00e6ring som s\u00e5kalte <em>Mental Health First Aiders.\u00a0<\/em>Disse ansatte bidrar som et konfidensielt kontaktpunkt for ansatte som opplever problemer i forbindelse med mental helse.<\/p>\n<\/div><\/div><\/div><\/div><\/div><div class=\"w-tabs-section\" id=\"ce4d\" itemscope itemprop=\"mainEntity\" itemtype=\"https:\/\/schema.org\/Question\"><button class=\"w-tabs-section-header\" aria-controls=\"content-ce4d\" aria-expanded=\"false\"><h3 class=\"w-tabs-section-title\" itemprop=\"name\">Samfunn<\/h3><div class=\"w-tabs-section-control\"><\/div><\/button><div  class=\"w-tabs-section-content\" id=\"content-ce4d\" itemscope itemprop=\"acceptedAnswer\" itemtype=\"https:\/\/schema.org\/Answer\"><div class=\"w-tabs-section-content-h i-cf\" itemprop=\"text\"><div class=\"wpb_text_column\"><div class=\"wpb_wrapper\"><div class=\"wpb_text_column\">\n<div class=\"wpb_wrapper\">\n<p>Vi retter blikket utover v\u00e5r egen virksomhets eksistens for \u00e5 bidra til forbedringer i samfunnet. Vi \u00f8nsker \u00e5 ha en meningsfull og positiv innvirkning p\u00e5 lokalsamfunnene vi opererer i \u2013 for dets innbyggere, dyr og milj\u00f8. Vi har etablert en retningslinje for frivillighet, hvor ansatte kan ta opp til to dager fri for \u00e5 delta p\u00e5 en valgt veldedighet.<\/p>\n<\/div>\n<\/div>\n<\/div><\/div><\/div><\/div><\/div><\/div><\/div><\/div><\/div><\/div><\/div><\/div><\/section>\n","protected":false},"excerpt":{"rendered":"[vc_custom_heading text=\"P\u00e5driver for b\u00e6rekraftig havbruk\" use_theme_fonts=\"yes\"]Vi leverer produkter og l\u00f8sninger som forbedrer b\u00e6rekraften for produsenter gjennom bedre fiskehelse, produksjonsutbytte og dyrevelferd. Vi oppn\u00e5r dette ved \u00e5 identifisere milj\u00f8messige, sosiale og styringsmessige (ESG) muligheter og aktivt h\u00e5ndtere risikoer som er relevante for v\u00e5r virksomhet og v\u00e5re interessenter. V\u00e5r b\u00e6rekraftstrategi er tilpasset for \u00e5 h\u00e5ndtere risikoer og...","protected":false},"author":1,"featured_media":0,"parent":5337,"menu_order":0,"comment_status":"closed","ping_status":"closed","template":"","meta":{"_acf_changed":false,"footnotes":""},"class_list":["post-2562","page","type-page","status-publish","hentry"],"acf":[],"yoast_head":"<!-- This site is optimized with the Yoast SEO plugin v27.3 - https:\/\/yoast.com\/product\/yoast-seo-wordpress\/ -->\n<title>B\u00e6rekraft - Benchmark Genetics - Breeding for the future<\/title>\n<meta name=\"description\" content=\"Benchmark Genetics er en p\u00e5driver i b\u00e6rekraftig havbruk gjennom bedre fiskehelse, produksjonsutbytte og \u00f8kt dyrevelferd.\" \/>\n<meta name=\"robots\" content=\"index, follow, max-snippet:-1, max-image-preview:large, max-video-preview:-1\" \/>\n<link rel=\"canonical\" href=\"https:\/\/www.bmkgenetics.com\/no\/about\/om-oss\/baerekraft\/\" \/>\n<meta property=\"og:locale\" content=\"nb_NO\" \/>\n<meta property=\"og:type\" content=\"article\" \/>\n<meta property=\"og:title\" content=\"B\u00e6rekraft - Benchmark Genetics - Breeding for the future\" \/>\n<meta property=\"og:description\" content=\"Benchmark Genetics er en p\u00e5driver i b\u00e6rekraftig havbruk gjennom bedre fiskehelse, produksjonsutbytte og \u00f8kt dyrevelferd.\" \/>\n<meta property=\"og:url\" content=\"https:\/\/www.bmkgenetics.com\/no\/about\/om-oss\/baerekraft\/\" \/>\n<meta property=\"og:site_name\" content=\"Benchmark Genetics\" \/>\n<meta property=\"article:publisher\" content=\"https:\/\/www.facebook.com\/benchmarkgenetics\/\" \/>\n<meta property=\"article:modified_time\" content=\"2026-02-19T11:49:27+00:00\" \/>\n<meta property=\"og:image\" content=\"https:\/\/www.bmkgenetics.com\/wp-content\/uploads\/2021\/04\/logo-whitebg-528x135-in-800x600-1.png\" \/>\n\t<meta property=\"og:image:width\" content=\"800\" \/>\n\t<meta property=\"og:image:height\" content=\"600\" \/>\n\t<meta property=\"og:image:type\" content=\"image\/png\" \/>\n<meta name=\"twitter:card\" content=\"summary_large_image\" \/>\n<meta name=\"twitter:site\" content=\"@WeAreBenchmark\" \/>\n<meta name=\"twitter:label1\" content=\"Ansl. lesetid\" \/>\n\t<meta name=\"twitter:data1\" content=\"3 minutter\" \/>\n<script type=\"application\/ld+json\" class=\"yoast-schema-graph\">{\"@context\":\"https:\\\/\\\/schema.org\",\"@graph\":[{\"@type\":\"WebPage\",\"@id\":\"https:\\\/\\\/www.bmkgenetics.com\\\/no\\\/about\\\/om-oss\\\/baerekraft\\\/\",\"url\":\"https:\\\/\\\/www.bmkgenetics.com\\\/no\\\/about\\\/om-oss\\\/baerekraft\\\/\",\"name\":\"B\u00e6rekraft - Benchmark Genetics - Breeding for the future\",\"isPartOf\":{\"@id\":\"https:\\\/\\\/www.bmkgenetics.com\\\/no\\\/#website\"},\"datePublished\":\"2021-04-09T12:30:25+00:00\",\"dateModified\":\"2026-02-19T11:49:27+00:00\",\"description\":\"Benchmark Genetics er en p\u00e5driver i b\u00e6rekraftig havbruk gjennom bedre fiskehelse, produksjonsutbytte og \u00f8kt dyrevelferd.\",\"breadcrumb\":{\"@id\":\"https:\\\/\\\/www.bmkgenetics.com\\\/no\\\/about\\\/om-oss\\\/baerekraft\\\/#breadcrumb\"},\"inLanguage\":\"nb-NO\",\"potentialAction\":[{\"@type\":\"ReadAction\",\"target\":[\"https:\\\/\\\/www.bmkgenetics.com\\\/no\\\/about\\\/om-oss\\\/baerekraft\\\/\"]}]},{\"@type\":\"BreadcrumbList\",\"@id\":\"https:\\\/\\\/www.bmkgenetics.com\\\/no\\\/about\\\/om-oss\\\/baerekraft\\\/#breadcrumb\",\"itemListElement\":[{\"@type\":\"ListItem\",\"position\":1,\"name\":\"Om oss\",\"item\":\"https:\\\/\\\/www.bmkgenetics.com\\\/no\\\/about\\\/\"},{\"@type\":\"ListItem\",\"position\":2,\"name\":\"Om oss\",\"item\":\"https:\\\/\\\/www.bmkgenetics.com\\\/no\\\/about\\\/om-oss\\\/\"},{\"@type\":\"ListItem\",\"position\":3,\"name\":\"B\u00e6rekraft\"}]},{\"@type\":\"WebSite\",\"@id\":\"https:\\\/\\\/www.bmkgenetics.com\\\/no\\\/#website\",\"url\":\"https:\\\/\\\/www.bmkgenetics.com\\\/no\\\/\",\"name\":\"Benchmark Genetics\",\"description\":\"Driving sustainability in aquaculture\",\"potentialAction\":[{\"@type\":\"SearchAction\",\"target\":{\"@type\":\"EntryPoint\",\"urlTemplate\":\"https:\\\/\\\/www.bmkgenetics.com\\\/no\\\/?s={search_term_string}\"},\"query-input\":{\"@type\":\"PropertyValueSpecification\",\"valueRequired\":true,\"valueName\":\"search_term_string\"}}],\"inLanguage\":\"nb-NO\"}]}<\/script>\n<!-- \/ Yoast SEO plugin. -->","yoast_head_json":{"title":"B\u00e6rekraft - Benchmark Genetics - Breeding for the future","description":"Benchmark Genetics er en p\u00e5driver i b\u00e6rekraftig havbruk gjennom bedre fiskehelse, produksjonsutbytte og \u00f8kt dyrevelferd.","robots":{"index":"index","follow":"follow","max-snippet":"max-snippet:-1","max-image-preview":"max-image-preview:large","max-video-preview":"max-video-preview:-1"},"canonical":"https:\/\/www.bmkgenetics.com\/no\/about\/om-oss\/baerekraft\/","og_locale":"nb_NO","og_type":"article","og_title":"B\u00e6rekraft - Benchmark Genetics - Breeding for the future","og_description":"Benchmark Genetics er en p\u00e5driver i b\u00e6rekraftig havbruk gjennom bedre fiskehelse, produksjonsutbytte og \u00f8kt dyrevelferd.","og_url":"https:\/\/www.bmkgenetics.com\/no\/about\/om-oss\/baerekraft\/","og_site_name":"Benchmark Genetics","article_publisher":"https:\/\/www.facebook.com\/benchmarkgenetics\/","article_modified_time":"2026-02-19T11:49:27+00:00","og_image":[{"width":800,"height":600,"url":"https:\/\/www.bmkgenetics.com\/wp-content\/uploads\/2021\/04\/logo-whitebg-528x135-in-800x600-1.png","type":"image\/png"}],"twitter_card":"summary_large_image","twitter_site":"@WeAreBenchmark","twitter_misc":{"Ansl. lesetid":"3 minutter"},"schema":{"@context":"https:\/\/schema.org","@graph":[{"@type":"WebPage","@id":"https:\/\/www.bmkgenetics.com\/no\/about\/om-oss\/baerekraft\/","url":"https:\/\/www.bmkgenetics.com\/no\/about\/om-oss\/baerekraft\/","name":"B\u00e6rekraft - Benchmark Genetics - Breeding for the future","isPartOf":{"@id":"https:\/\/www.bmkgenetics.com\/no\/#website"},"datePublished":"2021-04-09T12:30:25+00:00","dateModified":"2026-02-19T11:49:27+00:00","description":"Benchmark Genetics er en p\u00e5driver i b\u00e6rekraftig havbruk gjennom bedre fiskehelse, produksjonsutbytte og \u00f8kt dyrevelferd.","breadcrumb":{"@id":"https:\/\/www.bmkgenetics.com\/no\/about\/om-oss\/baerekraft\/#breadcrumb"},"inLanguage":"nb-NO","potentialAction":[{"@type":"ReadAction","target":["https:\/\/www.bmkgenetics.com\/no\/about\/om-oss\/baerekraft\/"]}]},{"@type":"BreadcrumbList","@id":"https:\/\/www.bmkgenetics.com\/no\/about\/om-oss\/baerekraft\/#breadcrumb","itemListElement":[{"@type":"ListItem","position":1,"name":"Om oss","item":"https:\/\/www.bmkgenetics.com\/no\/about\/"},{"@type":"ListItem","position":2,"name":"Om oss","item":"https:\/\/www.bmkgenetics.com\/no\/about\/om-oss\/"},{"@type":"ListItem","position":3,"name":"B\u00e6rekraft"}]},{"@type":"WebSite","@id":"https:\/\/www.bmkgenetics.com\/no\/#website","url":"https:\/\/www.bmkgenetics.com\/no\/","name":"Benchmark Genetics","description":"Driving sustainability in aquaculture","potentialAction":[{"@type":"SearchAction","target":{"@type":"EntryPoint","urlTemplate":"https:\/\/www.bmkgenetics.com\/no\/?s={search_term_string}"},"query-input":{"@type":"PropertyValueSpecification","valueRequired":true,"valueName":"search_term_string"}}],"inLanguage":"nb-NO"}]}},"_links":{"self":[{"href":"https:\/\/www.bmkgenetics.com\/no\/wp-json\/wp\/v2\/pages\/2562","targetHints":{"allow":["GET"]}}],"collection":[{"href":"https:\/\/www.bmkgenetics.com\/no\/wp-json\/wp\/v2\/pages"}],"about":[{"href":"https:\/\/www.bmkgenetics.com\/no\/wp-json\/wp\/v2\/types\/page"}],"author":[{"embeddable":true,"href":"https:\/\/www.bmkgenetics.com\/no\/wp-json\/wp\/v2\/users\/1"}],"replies":[{"embeddable":true,"href":"https:\/\/www.bmkgenetics.com\/no\/wp-json\/wp\/v2\/comments?post=2562"}],"version-history":[{"count":1,"href":"https:\/\/www.bmkgenetics.com\/no\/wp-json\/wp\/v2\/pages\/2562\/revisions"}],"predecessor-version":[{"id":19694,"href":"https:\/\/www.bmkgenetics.com\/no\/wp-json\/wp\/v2\/pages\/2562\/revisions\/19694"}],"up":[{"embeddable":true,"href":"https:\/\/www.bmkgenetics.com\/no\/wp-json\/wp\/v2\/pages\/5337"}],"wp:attachment":[{"href":"https:\/\/www.bmkgenetics.com\/no\/wp-json\/wp\/v2\/media?parent=2562"}],"curies":[{"name":"wp","href":"https:\/\/api.w.org\/{rel}","templated":true}]}}