{"id":2234,"date":"2021-04-07T17:40:47","date_gmt":"2021-04-07T15:40:47","guid":{"rendered":"https:\/\/bmkgen.wpengine.com\/innovasjon\/seleksjonsmetoder\/"},"modified":"2025-11-14T17:46:07","modified_gmt":"2025-11-14T16:46:07","slug":"seleksjonsmetoder","status":"publish","type":"page","link":"https:\/\/www.bmkgenetics.com\/no\/about\/om-oss\/innovasjon\/seleksjonsmetoder\/","title":{"rendered":"Seleksjonsmetoder"},"content":{"rendered":"<section class=\"l-section wpb_row leftheading-rightbody height_large\"><div class=\"l-section-h i-cf\"><div class=\"g-cols vc_row via_flex valign_top type_default stacking_default\"><div class=\"vc_col-sm-12 wpb_column vc_column_container\"><div class=\"vc_column-inner\"><div class=\"wpb_wrapper\"><div class=\"g-cols wpb_row via_flex valign_top type_default stacking_default\"><div class=\"vc_col-sm-12 vc_col-md-8 wpb_column vc_column_container\"><div class=\"vc_column-inner\"><div class=\"wpb_wrapper\">[vc_custom_heading text=&raquo;Fra 2001 har Benchmark Genetics benyttet familieavl og fortl\u00f8pende inkludert nye avlsegenskaper for forbedret kvalitet og fiskehelse&raquo; use_theme_fonts=&raquo;yes&raquo;]<\/div><\/div><\/div><div class=\"vc_col-sm-4 vc_hidden-sm vc_hidden-xs wpb_column vc_column_container\"><div class=\"vc_column-inner\"><div class=\"wpb_wrapper\"><\/div><\/div><\/div><\/div><div class=\"g-cols wpb_row via_flex valign_top type_default stacking_default\"><div class=\"vc_col-sm-4 vc_hidden-sm vc_hidden-xs wpb_column vc_column_container\"><div class=\"vc_column-inner\"><div class=\"wpb_wrapper\"><\/div><\/div><\/div><div class=\"vc_col-sm-12 vc_col-md-8 wpb_column vc_column_container\"><div class=\"vc_column-inner\"><div class=\"wpb_wrapper\"><div class=\"wpb_text_column\"><div class=\"wpb_wrapper\"><p>Siden 2009 har individuelle seleksjonsmetoder forbedret presisjonen i utvalget og dermed den genetiske gevinsten for viktige egenskaper.<\/p>\n<\/div><\/div><div class=\"w-image align_none\"><div class=\"w-image-h\"><img decoding=\"async\" width=\"468\" height=\"233\" src=\"https:\/\/www.bmkgenetics.com\/wp-content\/uploads\/2025\/11\/Fig1_HistoricTraitDevelopment.png\" class=\"attachment-large size-large\" alt=\"Figure 1 is showing the development of genetic trait over time in the SalmoBreed breeding programme\" loading=\"lazy\" srcset=\"https:\/\/www.bmkgenetics.com\/wp-content\/uploads\/2025\/11\/Fig1_HistoricTraitDevelopment.png 468w, https:\/\/www.bmkgenetics.com\/wp-content\/uploads\/2025\/11\/Fig1_HistoricTraitDevelopment-300x149.png 300w, https:\/\/www.bmkgenetics.com\/wp-content\/uploads\/2025\/11\/Fig1_HistoricTraitDevelopment-250x124.png 250w, https:\/\/www.bmkgenetics.com\/wp-content\/uploads\/2025\/11\/Fig1_HistoricTraitDevelopment-200x100.png 200w, https:\/\/www.bmkgenetics.com\/wp-content\/uploads\/2025\/11\/Fig1_HistoricTraitDevelopment-150x75.png 150w, https:\/\/www.bmkgenetics.com\/wp-content\/uploads\/2025\/11\/Fig1_HistoricTraitDevelopment-100x50.png 100w, https:\/\/www.bmkgenetics.com\/wp-content\/uploads\/2025\/11\/Fig1_HistoricTraitDevelopment-40x20.png 40w\" sizes=\"auto, (max-width: 468px) 100vw, 468px\" \/><\/div><\/div><\/div><\/div><\/div><\/div><\/div><\/div><\/div><\/div><\/div><\/section><section class=\"l-section wpb_row height_auto\"><div class=\"l-section-h i-cf\"><div class=\"g-cols vc_row via_flex valign_top type_default stacking_default\"><div class=\"vc_col-sm-12 wpb_column vc_column_container\"><div class=\"vc_column-inner\"><div class=\"wpb_wrapper\"><div class=\"w-separator size_custom with_line width_default thick_1 style_solid color_border align_center\" style=\"height:2px\"><div class=\"w-separator-h\"><\/div><\/div><\/div><\/div><\/div><\/div><\/div><\/section><section class=\"l-section wpb_row leftheading height_large\"><div class=\"l-section-h i-cf\"><div class=\"g-cols vc_row via_flex valign_top type_default stacking_default\"><div class=\"vc_col-sm-12 vc_col-md-8 wpb_column vc_column_container\"><div class=\"vc_column-inner\"><div class=\"wpb_wrapper\">[vc_custom_heading text=&raquo;V\u00e5re metoder&raquo; use_theme_fonts=&raquo;yes&raquo;]<\/div><\/div><\/div><div class=\"vc_col-sm-4 vc_hidden-sm vc_hidden-xs wpb_column vc_column_container\"><div class=\"vc_column-inner\"><div class=\"wpb_wrapper\"><\/div><\/div><\/div><\/div><\/div><\/section><section class=\"l-section wpb_row rightbody height_large\" id=\"selectionmethods\"><div class=\"l-section-h i-cf\"><div class=\"g-cols vc_row via_flex valign_top type_default stacking_default\"><div class=\"vc_col-sm-4 vc_hidden-sm vc_hidden-xs wpb_column vc_column_container\"><div class=\"vc_column-inner\"><div class=\"wpb_wrapper\"><\/div><\/div><\/div><div class=\"vc_col-sm-12 vc_col-md-8 wpb_column vc_column_container\"><div class=\"vc_column-inner\"><div class=\"wpb_wrapper\"><div class=\"w-tabs style_default switch_click accordion has_scrolling\" style=\"--sections-title-size:inherit\"><div class=\"w-tabs-sections titles-align_none icon_plus cpos_right\"><div class=\"w-tabs-section\" id=\"1613399648642-ba2df427-6644c771-196c\"><button class=\"w-tabs-section-header\" aria-controls=\"content-1613399648642-ba2df427-6644c771-196c\" aria-expanded=\"false\"><h3 class=\"w-tabs-section-title\">Familiebasert seleksjon<\/h3><div class=\"w-tabs-section-control\"><\/div><\/button><div  class=\"w-tabs-section-content\" id=\"content-1613399648642-ba2df427-6644c771-196c\"><div class=\"w-tabs-section-content-h i-cf\"><div class=\"wpb_text_column\"><div class=\"wpb_wrapper\"><p>Benchmark Genetics\u2019 interne avlsprogrammer er alle basert p\u00e5 familieseleksjon.<\/p>\n<p><strong>Hvorfor familiebasert seleksjon?<\/strong><\/p>\n<p data-start=\"185\" data-end=\"381\">F\u00f8r innf\u00f8ringen av familiebasert seleksjon var det bare mulig \u00e5 velge stamfisk som foreldre til neste generasjon basert p\u00e5 deres egen prestasjon, og kun for egenskaper som kunne m\u00e5les direkte p\u00e5 individet.<\/p>\n<p data-start=\"383\" data-end=\"918\">Familiebasert seleksjon inneb\u00e6rer at det samles inn data fra s\u00f8sken av aktuelle stamfisk for egenskaper som ikke kan m\u00e5les direkte p\u00e5 stamfisken selv. Dette gjelder blant annet sykdomsresistens, filetutbytte og filet\u00adfarge. Ved \u00e5 sammenligne familier for ulike egenskaper som er viktige i kommersiell produksjon, kan vi med h\u00f8y presisjon identifisere familier med spesifikke genetiske fordeler. Familiebasert seleksjon er ogs\u00e5 en effektiv metode for \u00e5 minimere innavlsniv\u00e5et, ettersom vi har full kontroll p\u00e5 slektskapsinformasjonen for hver familie<\/p>\n<\/div><\/div><\/div><\/div><\/div><div class=\"w-tabs-section\" id=\"1613399648863-bacdfea4-5eaac771-196c\"><button class=\"w-tabs-section-header\" aria-controls=\"content-1613399648863-bacdfea4-5eaac771-196c\" aria-expanded=\"false\"><h3 class=\"w-tabs-section-title\">Verdien av genetisk informasjon<\/h3><div class=\"w-tabs-section-control\"><\/div><\/button><div  class=\"w-tabs-section-content\" id=\"content-1613399648863-bacdfea4-5eaac771-196c\"><div class=\"w-tabs-section-content-h i-cf\"><div class=\"wpb_text_column\"><div class=\"wpb_wrapper\"><p>QTL &#8211; Quantitative Trait Locus<\/p>\n<\/div><\/div><\/div><\/div><\/div><div class=\"w-tabs-section\" id=\"1613399649070-5e7c49ac-727bc771-196c\"><button class=\"w-tabs-section-header\" aria-controls=\"content-1613399649070-5e7c49ac-727bc771-196c\" aria-expanded=\"false\"><h3 class=\"w-tabs-section-title\">Mark\u00f8rassistert Seleksjon (MAS)<\/h3><div class=\"w-tabs-section-control\"><\/div><\/button><div  class=\"w-tabs-section-content\" id=\"content-1613399649070-5e7c49ac-727bc771-196c\"><div class=\"w-tabs-section-content-h i-cf\"><div class=\"wpb_text_column\"><div class=\"wpb_wrapper\"><p data-start=\"120\" data-end=\"371\">En QTL (kvantitativt egenskapslocus) er et omr\u00e5de i genomet som p\u00e5virker en bestemt egenskap, for eksempel sykdomsresistens eller vekst. Noen egenskaper styres av mange gener med sm\u00e5 effekter, mens andre kan v\u00e6re sterkt p\u00e5virket av \u00e9n eller f\u00e5 QTL-er.<\/p>\n<p data-start=\"373\" data-end=\"507\">For egenskaper der noen f\u00e5 QTL-er har stor betydning, kan man selektere direkte p\u00e5 disse ved hjelp av mark\u00f8rassistert seleksjon (MAS).<\/p>\n<p data-start=\"509\" data-end=\"1049\">Hos atlantisk laks ble en viktig QTL for resistens mot IPN-virus identifisert i 2007. Denne ene QTL-en forklarer over 80 % av den genetiske variasjonen i IPN-resistens. Derfor har m\u00e5lrettet seleksjon p\u00e5 denne mark\u00f8ren gitt en markant reduksjon i IPN-relatert d\u00f8delighet siden metoden ble tatt i bruk i 2009. SNP-mark\u00f8rer som viser om fisken b\u00e6rer denne QTL-en, brukes b\u00e5de i avlskjernen og i kommersiell rognproduksjon. Det gj\u00f8r at genetisk resistente individer velges ut, og dermed reduseres b\u00e5de antall og alvorlighetsgrad av IPN-utbrudd.<\/p>\n<p data-start=\"1051\" data-end=\"1429\" data-is-last-node=\"\" data-is-only-node=\"\">IPN-QTL-en er et av de tydeligste eksemplene p\u00e5 hvordan genetikk kan brukes til \u00e5 kontrollere en infeksjonssykdom i oppdrett. Selv om forskningen finner nye QTL-er for andre egenskaper, har disse som regel mindre effekt. For de fleste egenskaper skyldes variasjonen mange gener som hver bidrar litt. I slike tilfeller er genomisk seleksjon en mer treffsikker og effektiv metode.<\/p>\n<\/div><\/div><\/div><\/div><\/div><div class=\"w-tabs-section\" id=\"o48e\"><button class=\"w-tabs-section-header\" aria-controls=\"content-o48e\" aria-expanded=\"false\"><h3 class=\"w-tabs-section-title\">Genomisk Seleksjon (GS)<\/h3><div class=\"w-tabs-section-control\"><\/div><\/button><div  class=\"w-tabs-section-content\" id=\"content-o48e\"><div class=\"w-tabs-section-content-h i-cf\"><div class=\"wpb_text_column\"><div class=\"wpb_wrapper\"><p data-start=\"102\" data-end=\"458\">Mark\u00f8rassistert seleksjon er en sv\u00e6rt effektiv metode n\u00e5r en QTL med stor effekt forklarer mesteparten av den genetiske variasjonen for en egenskap. For de fleste egenskaper er det imidlertid mange gener som hver bidrar med sm\u00e5 effekter. I slike tilfeller er genomisk seleksjon (GS) en bedre metode for \u00e5 identifisere hvilke individer som b\u00f8r brukes i avl.<\/p>\n<p data-start=\"460\" data-end=\"739\" data-is-last-node=\"\" data-is-only-node=\"\">Egenskaper der genomisk seleksjon brukes, inkluderer blant annet vekst, utsatt kj\u00f8nnsmodning, sykdomsresistens og filet\u00adkvalitet.<\/p>\n<p data-start=\"460\" data-end=\"739\" data-is-last-node=\"\" data-is-only-node=\"\">V\u00e5re avlsprogrammer for atlantisk laks er internasjonalt anerkjent for \u00e5 levere produkter av h\u00f8y kvalitet, nettopp fordi vi bruker genomisk seleksjon p\u00e5 viktige egenskaper.<\/p>\n<\/div><\/div><\/div><\/div><\/div><\/div><\/div><\/div><\/div><\/div><\/div><\/div><\/section>\n","protected":false},"excerpt":{"rendered":"[vc_custom_heading text=\"Fra 2001 har Benchmark Genetics benyttet familieavl og fortl\u00f8pende inkludert nye avlsegenskaper for forbedret kvalitet og fiskehelse\" use_theme_fonts=\"yes\"]Siden 2009 har individuelle seleksjonsmetoder forbedret presisjonen i utvalget og dermed den genetiske gevinsten for viktige egenskaper. [vc_custom_heading text=\"V\u00e5re metoder\" use_theme_fonts=\"yes\"]Familiebasert seleksjonBenchmark Genetics\u2019 interne avlsprogrammer er alle basert p\u00e5 familieseleksjon. Hvorfor familiebasert seleksjon? F\u00f8r innf\u00f8ringen av familiebasert...","protected":false},"author":99,"featured_media":0,"parent":2233,"menu_order":0,"comment_status":"closed","ping_status":"closed","template":"","meta":{"_acf_changed":false,"footnotes":""},"class_list":["post-2234","page","type-page","status-publish","hentry"],"acf":[],"yoast_head":"<!-- This site is optimized with the Yoast SEO plugin v27.4 - https:\/\/yoast.com\/product\/yoast-seo-wordpress\/ -->\n<title>Seleksjonsmetoder - About us - Innovation - Benchmark Genetics<\/title>\n<meta name=\"description\" content=\"Avanserte avlsmetoder i akvakultur inkluderer familieseleksjon, mark\u00f8r-assistert seleksjon og genomisk seleksjon for viktige egenskaper.\" \/>\n<meta name=\"robots\" content=\"index, follow, max-snippet:-1, max-image-preview:large, max-video-preview:-1\" \/>\n<link rel=\"canonical\" href=\"https:\/\/www.bmkgenetics.com\/no\/about\/om-oss\/innovasjon\/seleksjonsmetoder\/\" \/>\n<meta property=\"og:locale\" content=\"nb_NO\" \/>\n<meta property=\"og:type\" content=\"article\" \/>\n<meta property=\"og:title\" content=\"Seleksjonsmetoder - About us - Innovation - Benchmark Genetics\" \/>\n<meta property=\"og:description\" content=\"Avanserte avlsmetoder i akvakultur inkluderer familieseleksjon, mark\u00f8r-assistert seleksjon og genomisk seleksjon for viktige egenskaper.\" \/>\n<meta property=\"og:url\" content=\"https:\/\/www.bmkgenetics.com\/no\/about\/om-oss\/innovasjon\/seleksjonsmetoder\/\" \/>\n<meta property=\"og:site_name\" content=\"Benchmark Genetics\" \/>\n<meta property=\"article:publisher\" content=\"https:\/\/www.facebook.com\/benchmarkgenetics\/\" \/>\n<meta property=\"article:modified_time\" content=\"2025-11-14T16:46:07+00:00\" \/>\n<meta property=\"og:image\" content=\"https:\/\/www.bmkgenetics.com\/wp-content\/uploads\/2021\/04\/logo-whitebg-528x135-in-800x600-1.png\" \/>\n\t<meta property=\"og:image:width\" content=\"800\" \/>\n\t<meta property=\"og:image:height\" content=\"600\" \/>\n\t<meta property=\"og:image:type\" content=\"image\/png\" \/>\n<meta name=\"twitter:card\" content=\"summary_large_image\" \/>\n<meta name=\"twitter:site\" content=\"@WeAreBenchmark\" \/>\n<meta name=\"twitter:label1\" content=\"Ansl. lesetid\" \/>\n\t<meta name=\"twitter:data1\" content=\"4 minutter\" \/>\n<script type=\"application\/ld+json\" class=\"yoast-schema-graph\">{\"@context\":\"https:\\\/\\\/schema.org\",\"@graph\":[{\"@type\":\"WebPage\",\"@id\":\"https:\\\/\\\/www.bmkgenetics.com\\\/no\\\/about\\\/om-oss\\\/innovasjon\\\/seleksjonsmetoder\\\/\",\"url\":\"https:\\\/\\\/www.bmkgenetics.com\\\/no\\\/about\\\/om-oss\\\/innovasjon\\\/seleksjonsmetoder\\\/\",\"name\":\"Seleksjonsmetoder - About us - Innovation - Benchmark Genetics\",\"isPartOf\":{\"@id\":\"https:\\\/\\\/www.bmkgenetics.com\\\/no\\\/#website\"},\"datePublished\":\"2021-04-07T15:40:47+00:00\",\"dateModified\":\"2025-11-14T16:46:07+00:00\",\"description\":\"Avanserte avlsmetoder i akvakultur inkluderer familieseleksjon, mark\u00f8r-assistert seleksjon og genomisk seleksjon for viktige egenskaper.\",\"breadcrumb\":{\"@id\":\"https:\\\/\\\/www.bmkgenetics.com\\\/no\\\/about\\\/om-oss\\\/innovasjon\\\/seleksjonsmetoder\\\/#breadcrumb\"},\"inLanguage\":\"nb-NO\",\"potentialAction\":[{\"@type\":\"ReadAction\",\"target\":[\"https:\\\/\\\/www.bmkgenetics.com\\\/no\\\/about\\\/om-oss\\\/innovasjon\\\/seleksjonsmetoder\\\/\"]}]},{\"@type\":\"BreadcrumbList\",\"@id\":\"https:\\\/\\\/www.bmkgenetics.com\\\/no\\\/about\\\/om-oss\\\/innovasjon\\\/seleksjonsmetoder\\\/#breadcrumb\",\"itemListElement\":[{\"@type\":\"ListItem\",\"position\":1,\"name\":\"Om oss\",\"item\":\"https:\\\/\\\/www.bmkgenetics.com\\\/no\\\/about\\\/\"},{\"@type\":\"ListItem\",\"position\":2,\"name\":\"Om oss\",\"item\":\"https:\\\/\\\/www.bmkgenetics.com\\\/no\\\/about\\\/om-oss\\\/\"},{\"@type\":\"ListItem\",\"position\":3,\"name\":\"Innovasjon\",\"item\":\"https:\\\/\\\/www.bmkgenetics.com\\\/no\\\/about\\\/om-oss\\\/innovasjon\\\/\"},{\"@type\":\"ListItem\",\"position\":4,\"name\":\"Seleksjonsmetoder\"}]},{\"@type\":\"WebSite\",\"@id\":\"https:\\\/\\\/www.bmkgenetics.com\\\/no\\\/#website\",\"url\":\"https:\\\/\\\/www.bmkgenetics.com\\\/no\\\/\",\"name\":\"Benchmark Genetics\",\"description\":\"Driving sustainability in aquaculture\",\"potentialAction\":[{\"@type\":\"SearchAction\",\"target\":{\"@type\":\"EntryPoint\",\"urlTemplate\":\"https:\\\/\\\/www.bmkgenetics.com\\\/no\\\/?s={search_term_string}\"},\"query-input\":{\"@type\":\"PropertyValueSpecification\",\"valueRequired\":true,\"valueName\":\"search_term_string\"}}],\"inLanguage\":\"nb-NO\"}]}<\/script>\n<!-- \/ Yoast SEO plugin. -->","yoast_head_json":{"title":"Seleksjonsmetoder - About us - Innovation - Benchmark Genetics","description":"Avanserte avlsmetoder i akvakultur inkluderer familieseleksjon, mark\u00f8r-assistert seleksjon og genomisk seleksjon for viktige egenskaper.","robots":{"index":"index","follow":"follow","max-snippet":"max-snippet:-1","max-image-preview":"max-image-preview:large","max-video-preview":"max-video-preview:-1"},"canonical":"https:\/\/www.bmkgenetics.com\/no\/about\/om-oss\/innovasjon\/seleksjonsmetoder\/","og_locale":"nb_NO","og_type":"article","og_title":"Seleksjonsmetoder - About us - Innovation - Benchmark Genetics","og_description":"Avanserte avlsmetoder i akvakultur inkluderer familieseleksjon, mark\u00f8r-assistert seleksjon og genomisk seleksjon for viktige egenskaper.","og_url":"https:\/\/www.bmkgenetics.com\/no\/about\/om-oss\/innovasjon\/seleksjonsmetoder\/","og_site_name":"Benchmark Genetics","article_publisher":"https:\/\/www.facebook.com\/benchmarkgenetics\/","article_modified_time":"2025-11-14T16:46:07+00:00","og_image":[{"width":800,"height":600,"url":"https:\/\/www.bmkgenetics.com\/wp-content\/uploads\/2021\/04\/logo-whitebg-528x135-in-800x600-1.png","type":"image\/png"}],"twitter_card":"summary_large_image","twitter_site":"@WeAreBenchmark","twitter_misc":{"Ansl. lesetid":"4 minutter"},"schema":{"@context":"https:\/\/schema.org","@graph":[{"@type":"WebPage","@id":"https:\/\/www.bmkgenetics.com\/no\/about\/om-oss\/innovasjon\/seleksjonsmetoder\/","url":"https:\/\/www.bmkgenetics.com\/no\/about\/om-oss\/innovasjon\/seleksjonsmetoder\/","name":"Seleksjonsmetoder - About us - Innovation - Benchmark Genetics","isPartOf":{"@id":"https:\/\/www.bmkgenetics.com\/no\/#website"},"datePublished":"2021-04-07T15:40:47+00:00","dateModified":"2025-11-14T16:46:07+00:00","description":"Avanserte avlsmetoder i akvakultur inkluderer familieseleksjon, mark\u00f8r-assistert seleksjon og genomisk seleksjon for viktige egenskaper.","breadcrumb":{"@id":"https:\/\/www.bmkgenetics.com\/no\/about\/om-oss\/innovasjon\/seleksjonsmetoder\/#breadcrumb"},"inLanguage":"nb-NO","potentialAction":[{"@type":"ReadAction","target":["https:\/\/www.bmkgenetics.com\/no\/about\/om-oss\/innovasjon\/seleksjonsmetoder\/"]}]},{"@type":"BreadcrumbList","@id":"https:\/\/www.bmkgenetics.com\/no\/about\/om-oss\/innovasjon\/seleksjonsmetoder\/#breadcrumb","itemListElement":[{"@type":"ListItem","position":1,"name":"Om oss","item":"https:\/\/www.bmkgenetics.com\/no\/about\/"},{"@type":"ListItem","position":2,"name":"Om oss","item":"https:\/\/www.bmkgenetics.com\/no\/about\/om-oss\/"},{"@type":"ListItem","position":3,"name":"Innovasjon","item":"https:\/\/www.bmkgenetics.com\/no\/about\/om-oss\/innovasjon\/"},{"@type":"ListItem","position":4,"name":"Seleksjonsmetoder"}]},{"@type":"WebSite","@id":"https:\/\/www.bmkgenetics.com\/no\/#website","url":"https:\/\/www.bmkgenetics.com\/no\/","name":"Benchmark Genetics","description":"Driving sustainability in aquaculture","potentialAction":[{"@type":"SearchAction","target":{"@type":"EntryPoint","urlTemplate":"https:\/\/www.bmkgenetics.com\/no\/?s={search_term_string}"},"query-input":{"@type":"PropertyValueSpecification","valueRequired":true,"valueName":"search_term_string"}}],"inLanguage":"nb-NO"}]}},"_links":{"self":[{"href":"https:\/\/www.bmkgenetics.com\/no\/wp-json\/wp\/v2\/pages\/2234","targetHints":{"allow":["GET"]}}],"collection":[{"href":"https:\/\/www.bmkgenetics.com\/no\/wp-json\/wp\/v2\/pages"}],"about":[{"href":"https:\/\/www.bmkgenetics.com\/no\/wp-json\/wp\/v2\/types\/page"}],"author":[{"embeddable":true,"href":"https:\/\/www.bmkgenetics.com\/no\/wp-json\/wp\/v2\/users\/99"}],"replies":[{"embeddable":true,"href":"https:\/\/www.bmkgenetics.com\/no\/wp-json\/wp\/v2\/comments?post=2234"}],"version-history":[{"count":0,"href":"https:\/\/www.bmkgenetics.com\/no\/wp-json\/wp\/v2\/pages\/2234\/revisions"}],"up":[{"embeddable":true,"href":"https:\/\/www.bmkgenetics.com\/no\/wp-json\/wp\/v2\/pages\/2233"}],"wp:attachment":[{"href":"https:\/\/www.bmkgenetics.com\/no\/wp-json\/wp\/v2\/media?parent=2234"}],"curies":[{"name":"wp","href":"https:\/\/api.w.org\/{rel}","templated":true}]}}