{"id":6891,"date":"2021-08-03T14:21:49","date_gmt":"2021-08-03T12:21:49","guid":{"rendered":"https:\/\/www.bmkgenetics.com\/services\/salmon\/uk\/oficina-de-ventas-en-reino-unido\/"},"modified":"2021-08-03T14:21:50","modified_gmt":"2021-08-03T12:21:50","slug":"oficina-de-ventas-en-reino-unido","status":"publish","type":"page","link":"https:\/\/www.bmkgenetics.com\/es\/services\/salmon\/uk\/oficina-de-ventas-en-reino-unido\/","title":{"rendered":"Oficina de ventas en Reino Unido"},"content":{"rendered":"<section class=\"l-section wpb_row leftheading-rightbody height_large\"><div class=\"l-section-h i-cf\"><div class=\"g-cols vc_row via_flex valign_top type_default stacking_default\"><div class=\"vc_col-sm-12 wpb_column vc_column_container\"><div class=\"vc_column-inner\"><div class=\"wpb_wrapper\"><div class=\"g-cols wpb_row via_flex valign_top type_default stacking_default\"><div class=\"vc_col-sm-12 vc_col-md-8 wpb_column vc_column_container\"><div class=\"vc_column-inner\"><div class=\"wpb_wrapper\">[vc_custom_heading text=\u00bbProveedor galardonado\u00bb use_theme_fonts=\u00bbyes\u00bb]<\/div><\/div><\/div><div class=\"vc_col-sm-4 vc_hidden-sm vc_hidden-xs wpb_column vc_column_container\"><div class=\"vc_column-inner\"><div class=\"wpb_wrapper\"><\/div><\/div><\/div><\/div><div class=\"g-cols wpb_row via_flex valign_top type_default stacking_default\"><div class=\"vc_col-sm-4 vc_hidden-sm vc_hidden-xs wpb_column vc_column_container\"><div class=\"vc_column-inner\"><div class=\"wpb_wrapper\"><\/div><\/div><\/div><div class=\"vc_col-sm-12 vc_col-md-8 wpb_column vc_column_container\"><div class=\"vc_column-inner\"><div class=\"wpb_wrapper\"><div class=\"wpb_text_column\"><div class=\"wpb_wrapper\"><p>StonFiskur de Benchmark Genetics fue el ganador de los Aquaculture Awards 2020 por el premio al <a href=\"http:\/\/stofnfiskur.is\/articles\/stofnfiskur-won-aquaculture-supplier-of-the-year-at-the-2020-aquaculture-awards\/\">Proveedor Acu\u00edcola del a\u00f1o.<\/a> El panel de jueces, compuesto por expertos de la industria y el mundo acad\u00e9mico, anunci\u00f3 a StofnFiskur como el ganador en funci\u00f3n del compromiso de la empresa con la calidad de sus productos y servicios, y la importante contribuci\u00f3n al desempe\u00f1o econ\u00f3mico y la sostenibilidad de la industria en el Reino Unido.<\/p>\n<\/div><\/div><div class=\"w-image align_center\"><div class=\"w-image-h\"><img decoding=\"async\" width=\"750\" height=\"376\" src=\"https:\/\/www.bmkgenetics.com\/wp-content\/uploads\/2021\/02\/Aquaculture_Awards_Winner_StofnFiskur.jpg\" class=\"attachment-large size-large\" alt=\"\" loading=\"lazy\" srcset=\"https:\/\/www.bmkgenetics.com\/wp-content\/uploads\/2021\/02\/Aquaculture_Awards_Winner_StofnFiskur.jpg 750w, https:\/\/www.bmkgenetics.com\/wp-content\/uploads\/2021\/02\/Aquaculture_Awards_Winner_StofnFiskur-300x150.jpg 300w\" sizes=\"auto, (max-width: 750px) 100vw, 750px\" \/><\/div><\/div><\/div><\/div><\/div><\/div><\/div><\/div><\/div><\/div><\/div><\/section><section class=\"l-section wpb_row height_large\"><div class=\"l-section-h i-cf\"><div class=\"g-cols vc_row via_flex valign_top type_default stacking_default\"><div class=\"vc_col-sm-12 wpb_column vc_column_container\"><div class=\"vc_column-inner\"><div class=\"wpb_wrapper\">[vc_raw_html]W3Rlc3RpbW9uaWFsIGF1dGhvcj0iQmVuIFBlcnJ5Il0=[\/vc_raw_html]<\/div><\/div><\/div><\/div><\/div><\/section>\n","protected":false},"excerpt":{"rendered":"[vc_custom_heading text=\"Proveedor galardonado\" use_theme_fonts=\"yes\"]StonFiskur de Benchmark Genetics fue el ganador de los Aquaculture Awards 2020 por el premio al Proveedor Acu\u00edcola del a\u00f1o. El panel de jueces, compuesto por expertos de la industria y el mundo acad\u00e9mico, anunci\u00f3 a StofnFiskur como el ganador en funci\u00f3n del compromiso de la empresa con la calidad de sus...","protected":false},"author":99,"featured_media":0,"parent":6696,"menu_order":0,"comment_status":"closed","ping_status":"closed","template":"","meta":{"_acf_changed":false,"footnotes":""},"class_list":["post-6891","page","type-page","status-publish","hentry"],"acf":[],"yoast_head":"<!-- This site is optimized with the Yoast SEO plugin v27.5 - https:\/\/yoast.com\/product\/yoast-seo-wordpress\/ -->\n<title>Oficina de ventas en Reino Unido - United Kingdom Salmon - Benchmark Genetics<\/title>\n<meta name=\"description\" content=\"StofnFiskur de Benchmark Genetics fue el ganador de los Aquaculture Awards 2020 por el premio al Proveedor Acu\u00edcola del a\u00f1o.\" \/>\n<meta name=\"robots\" content=\"index, follow, max-snippet:-1, max-image-preview:large, max-video-preview:-1\" \/>\n<link rel=\"canonical\" href=\"https:\/\/www.bmkgenetics.com\/es\/services\/salmon\/uk\/oficina-de-ventas-en-reino-unido\/\" \/>\n<meta property=\"og:locale\" content=\"es_ES\" \/>\n<meta property=\"og:type\" content=\"article\" \/>\n<meta property=\"og:title\" content=\"Oficina de ventas en Reino Unido - United Kingdom Salmon - Benchmark Genetics\" \/>\n<meta property=\"og:description\" content=\"StofnFiskur de Benchmark Genetics fue el ganador de los Aquaculture Awards 2020 por el premio al Proveedor Acu\u00edcola del a\u00f1o.\" \/>\n<meta property=\"og:url\" content=\"https:\/\/www.bmkgenetics.com\/es\/services\/salmon\/uk\/oficina-de-ventas-en-reino-unido\/\" \/>\n<meta property=\"og:site_name\" content=\"Benchmark Genetics\" \/>\n<meta property=\"article:publisher\" content=\"https:\/\/www.facebook.com\/benchmarkgenetics\/\" \/>\n<meta property=\"article:modified_time\" content=\"2021-08-03T12:21:50+00:00\" \/>\n<meta property=\"og:image\" content=\"https:\/\/www.bmkgenetics.com\/wp-content\/uploads\/2021\/04\/logo-whitebg-528x135-in-800x600-1.png\" \/>\n\t<meta property=\"og:image:width\" content=\"800\" \/>\n\t<meta property=\"og:image:height\" content=\"600\" \/>\n\t<meta property=\"og:image:type\" content=\"image\/png\" \/>\n<meta name=\"twitter:card\" content=\"summary_large_image\" \/>\n<meta name=\"twitter:site\" content=\"@WeAreBenchmark\" \/>\n<meta name=\"twitter:label1\" content=\"Tiempo de lectura\" \/>\n\t<meta name=\"twitter:data1\" content=\"1 minuto\" \/>\n<script type=\"application\/ld+json\" class=\"yoast-schema-graph\">{\"@context\":\"https:\\\/\\\/schema.org\",\"@graph\":[{\"@type\":\"WebPage\",\"@id\":\"https:\\\/\\\/www.bmkgenetics.com\\\/es\\\/services\\\/salmon\\\/uk\\\/oficina-de-ventas-en-reino-unido\\\/\",\"url\":\"https:\\\/\\\/www.bmkgenetics.com\\\/es\\\/services\\\/salmon\\\/uk\\\/oficina-de-ventas-en-reino-unido\\\/\",\"name\":\"Oficina de ventas en Reino Unido - United Kingdom Salmon - Benchmark Genetics\",\"isPartOf\":{\"@id\":\"https:\\\/\\\/www.bmkgenetics.com\\\/es\\\/#website\"},\"datePublished\":\"2021-08-03T12:21:49+00:00\",\"dateModified\":\"2021-08-03T12:21:50+00:00\",\"description\":\"StofnFiskur de Benchmark Genetics fue el ganador de los Aquaculture Awards 2020 por el premio al Proveedor Acu\u00edcola del a\u00f1o.\",\"breadcrumb\":{\"@id\":\"https:\\\/\\\/www.bmkgenetics.com\\\/es\\\/services\\\/salmon\\\/uk\\\/oficina-de-ventas-en-reino-unido\\\/#breadcrumb\"},\"inLanguage\":\"es\",\"potentialAction\":[{\"@type\":\"ReadAction\",\"target\":[\"https:\\\/\\\/www.bmkgenetics.com\\\/es\\\/services\\\/salmon\\\/uk\\\/oficina-de-ventas-en-reino-unido\\\/\"]}]},{\"@type\":\"BreadcrumbList\",\"@id\":\"https:\\\/\\\/www.bmkgenetics.com\\\/es\\\/services\\\/salmon\\\/uk\\\/oficina-de-ventas-en-reino-unido\\\/#breadcrumb\",\"itemListElement\":[{\"@type\":\"ListItem\",\"position\":1,\"name\":\"Productos\",\"item\":\"https:\\\/\\\/www.bmkgenetics.com\\\/es\\\/services\\\/\"},{\"@type\":\"ListItem\",\"position\":2,\"name\":\"Ova de salm\u00f3n\",\"item\":\"https:\\\/\\\/www.bmkgenetics.com\\\/es\\\/services\\\/salmon\\\/\"},{\"@type\":\"ListItem\",\"position\":3,\"name\":\"Reino Unido\",\"item\":\"https:\\\/\\\/www.bmkgenetics.com\\\/es\\\/services\\\/salmon\\\/uk\\\/\"},{\"@type\":\"ListItem\",\"position\":4,\"name\":\"Oficina de ventas en Reino Unido\"}]},{\"@type\":\"WebSite\",\"@id\":\"https:\\\/\\\/www.bmkgenetics.com\\\/es\\\/#website\",\"url\":\"https:\\\/\\\/www.bmkgenetics.com\\\/es\\\/\",\"name\":\"Benchmark Genetics\",\"description\":\"Driving sustainability in aquaculture\",\"potentialAction\":[{\"@type\":\"SearchAction\",\"target\":{\"@type\":\"EntryPoint\",\"urlTemplate\":\"https:\\\/\\\/www.bmkgenetics.com\\\/es\\\/?s={search_term_string}\"},\"query-input\":{\"@type\":\"PropertyValueSpecification\",\"valueRequired\":true,\"valueName\":\"search_term_string\"}}],\"inLanguage\":\"es\"}]}<\/script>\n<!-- \/ Yoast SEO plugin. -->","yoast_head_json":{"title":"Oficina de ventas en Reino Unido - United Kingdom Salmon - Benchmark Genetics","description":"StofnFiskur de Benchmark Genetics fue el ganador de los Aquaculture Awards 2020 por el premio al Proveedor Acu\u00edcola del a\u00f1o.","robots":{"index":"index","follow":"follow","max-snippet":"max-snippet:-1","max-image-preview":"max-image-preview:large","max-video-preview":"max-video-preview:-1"},"canonical":"https:\/\/www.bmkgenetics.com\/es\/services\/salmon\/uk\/oficina-de-ventas-en-reino-unido\/","og_locale":"es_ES","og_type":"article","og_title":"Oficina de ventas en Reino Unido - United Kingdom Salmon - Benchmark Genetics","og_description":"StofnFiskur de Benchmark Genetics fue el ganador de los Aquaculture Awards 2020 por el premio al Proveedor Acu\u00edcola del a\u00f1o.","og_url":"https:\/\/www.bmkgenetics.com\/es\/services\/salmon\/uk\/oficina-de-ventas-en-reino-unido\/","og_site_name":"Benchmark Genetics","article_publisher":"https:\/\/www.facebook.com\/benchmarkgenetics\/","article_modified_time":"2021-08-03T12:21:50+00:00","og_image":[{"width":800,"height":600,"url":"https:\/\/www.bmkgenetics.com\/wp-content\/uploads\/2021\/04\/logo-whitebg-528x135-in-800x600-1.png","type":"image\/png"}],"twitter_card":"summary_large_image","twitter_site":"@WeAreBenchmark","twitter_misc":{"Tiempo de lectura":"1 minuto"},"schema":{"@context":"https:\/\/schema.org","@graph":[{"@type":"WebPage","@id":"https:\/\/www.bmkgenetics.com\/es\/services\/salmon\/uk\/oficina-de-ventas-en-reino-unido\/","url":"https:\/\/www.bmkgenetics.com\/es\/services\/salmon\/uk\/oficina-de-ventas-en-reino-unido\/","name":"Oficina de ventas en Reino Unido - United Kingdom Salmon - Benchmark Genetics","isPartOf":{"@id":"https:\/\/www.bmkgenetics.com\/es\/#website"},"datePublished":"2021-08-03T12:21:49+00:00","dateModified":"2021-08-03T12:21:50+00:00","description":"StofnFiskur de Benchmark Genetics fue el ganador de los Aquaculture Awards 2020 por el premio al Proveedor Acu\u00edcola del a\u00f1o.","breadcrumb":{"@id":"https:\/\/www.bmkgenetics.com\/es\/services\/salmon\/uk\/oficina-de-ventas-en-reino-unido\/#breadcrumb"},"inLanguage":"es","potentialAction":[{"@type":"ReadAction","target":["https:\/\/www.bmkgenetics.com\/es\/services\/salmon\/uk\/oficina-de-ventas-en-reino-unido\/"]}]},{"@type":"BreadcrumbList","@id":"https:\/\/www.bmkgenetics.com\/es\/services\/salmon\/uk\/oficina-de-ventas-en-reino-unido\/#breadcrumb","itemListElement":[{"@type":"ListItem","position":1,"name":"Productos","item":"https:\/\/www.bmkgenetics.com\/es\/services\/"},{"@type":"ListItem","position":2,"name":"Ova de salm\u00f3n","item":"https:\/\/www.bmkgenetics.com\/es\/services\/salmon\/"},{"@type":"ListItem","position":3,"name":"Reino Unido","item":"https:\/\/www.bmkgenetics.com\/es\/services\/salmon\/uk\/"},{"@type":"ListItem","position":4,"name":"Oficina de ventas en Reino Unido"}]},{"@type":"WebSite","@id":"https:\/\/www.bmkgenetics.com\/es\/#website","url":"https:\/\/www.bmkgenetics.com\/es\/","name":"Benchmark Genetics","description":"Driving sustainability in aquaculture","potentialAction":[{"@type":"SearchAction","target":{"@type":"EntryPoint","urlTemplate":"https:\/\/www.bmkgenetics.com\/es\/?s={search_term_string}"},"query-input":{"@type":"PropertyValueSpecification","valueRequired":true,"valueName":"search_term_string"}}],"inLanguage":"es"}]}},"_links":{"self":[{"href":"https:\/\/www.bmkgenetics.com\/es\/wp-json\/wp\/v2\/pages\/6891","targetHints":{"allow":["GET"]}}],"collection":[{"href":"https:\/\/www.bmkgenetics.com\/es\/wp-json\/wp\/v2\/pages"}],"about":[{"href":"https:\/\/www.bmkgenetics.com\/es\/wp-json\/wp\/v2\/types\/page"}],"author":[{"embeddable":true,"href":"https:\/\/www.bmkgenetics.com\/es\/wp-json\/wp\/v2\/users\/99"}],"replies":[{"embeddable":true,"href":"https:\/\/www.bmkgenetics.com\/es\/wp-json\/wp\/v2\/comments?post=6891"}],"version-history":[{"count":0,"href":"https:\/\/www.bmkgenetics.com\/es\/wp-json\/wp\/v2\/pages\/6891\/revisions"}],"up":[{"embeddable":true,"href":"https:\/\/www.bmkgenetics.com\/es\/wp-json\/wp\/v2\/pages\/6696"}],"wp:attachment":[{"href":"https:\/\/www.bmkgenetics.com\/es\/wp-json\/wp\/v2\/media?parent=6891"}],"curies":[{"name":"wp","href":"https:\/\/api.w.org\/{rel}","templated":true}]}}