{"id":6890,"date":"2021-08-03T14:17:44","date_gmt":"2021-08-03T12:17:44","guid":{"rendered":"https:\/\/www.bmkgenetics.com\/el-potencial-de-ganancia-genetica-en-su-programa\/"},"modified":"2021-08-03T14:17:46","modified_gmt":"2021-08-03T12:17:46","slug":"el-potencial-de-ganancia-genetica-en-su-programa","status":"publish","type":"page","link":"https:\/\/www.bmkgenetics.com\/es\/services\/genetic-services\/el-potencial-de-ganancia-genetica-en-su-programa\/","title":{"rendered":"El potencial de ganancia gen\u00e9tica en su programa"},"content":{"rendered":"<section class=\"l-section wpb_row leftheading height_large\"><div class=\"l-section-h i-cf\"><div class=\"g-cols vc_row via_flex valign_top type_default stacking_default\"><div class=\"vc_col-sm-12 vc_col-md-8 wpb_column vc_column_container\"><div class=\"vc_column-inner\"><div class=\"wpb_wrapper\">[vc_custom_heading text=\u00bbEcuaci\u00f3n de cr\u00eda\u00bb use_theme_fonts=\u00bbyes\u00bb]<\/div><\/div><\/div><div class=\"vc_col-sm-4 vc_hidden-sm vc_hidden-xs wpb_column vc_column_container\"><div class=\"vc_column-inner\"><div class=\"wpb_wrapper\"><\/div><\/div><\/div><\/div><\/div><\/section><section class=\"l-section wpb_row rightbody height_large\"><div class=\"l-section-h i-cf\"><div class=\"g-cols vc_row via_flex valign_top type_default stacking_default\"><div class=\"vc_col-sm-4 vc_hidden-sm vc_hidden-xs wpb_column vc_column_container\"><div class=\"vc_column-inner\"><div class=\"wpb_wrapper\"><\/div><\/div><\/div><div class=\"vc_col-sm-12 vc_col-md-8 wpb_column vc_column_container\"><div class=\"vc_column-inner\"><div class=\"wpb_wrapper\"><div class=\"wpb_text_column\"><div class=\"wpb_wrapper\"><p>Un programa de reproducci\u00f3n bien estructurado mejorar\u00e1 gradualmente la calidad gen\u00e9tica de su poblaci\u00f3n de reproductores\u00a0 en cada nueva generaci\u00f3n. La ganancia gen\u00e9tica por generaci\u00f3n est\u00e1 influenciada por varios factores, como se explica en la Ecuaci\u00f3n de cr\u00eda ampliada.<\/p>\n<\/div><\/div><div class=\"w-tabs style_default switch_click accordion has_scrolling\" style=\"--sections-title-size:inherit\"><div class=\"w-tabs-sections titles-align_none icon_plus cpos_right\"><div class=\"w-tabs-section\" id=\"m6f7\"><button class=\"w-tabs-section-header\" aria-controls=\"content-m6f7\" aria-expanded=\"false\"><h3 class=\"w-tabs-section-title\">Variaci\u00f3n gen\u00e9tica<\/h3><div class=\"w-tabs-section-control\"><\/div><\/button><div  class=\"w-tabs-section-content\" id=\"content-m6f7\"><div class=\"w-tabs-section-content-h i-cf\"><div class=\"wpb_text_column\"><div class=\"wpb_wrapper\"><p>Una selecci\u00f3n eficaz requiere una amplia variaci\u00f3n gen\u00e9tica dentro de la poblaci\u00f3n reproductora. El efecto sobre la selecci\u00f3n depende de la cantidad de variaci\u00f3n gen\u00e9tica aditiva y no de la variaci\u00f3n gen\u00e9tica en general. Por lo tanto, es importante asegurarse de que la poblaci\u00f3n reproductora mantenga un alto nivel de variaci\u00f3n gen\u00e9tica aditiva para todos los rasgos de inter\u00e9s.<\/p>\n<\/div><\/div><\/div><\/div><\/div><div class=\"w-tabs-section\" id=\"q903\"><button class=\"w-tabs-section-header\" aria-controls=\"content-q903\" aria-expanded=\"false\"><h3 class=\"w-tabs-section-title\">Intensidad de selecci\u00f3n<\/h3><div class=\"w-tabs-section-control\"><\/div><\/button><div  class=\"w-tabs-section-content\" id=\"content-q903\"><div class=\"w-tabs-section-content-h i-cf\"><div class=\"wpb_text_column\"><div class=\"wpb_wrapper\"><p>La intensidad de selecci\u00f3n representa la diferencia entre la media de los individuos seleccionados y la media de la poblaci\u00f3n, medida en unidades de la desviaci\u00f3n est\u00e1ndar fenot\u00edpica de la poblaci\u00f3n. La intensidad de la selecci\u00f3n depender\u00e1 del n\u00famero de individuos (candidatos reproductores) disponibles para la selecci\u00f3n. A medida que aumenta la intensidad de la selecci\u00f3n, tambi\u00e9n lo hace la respuesta de la selecci\u00f3n.<\/p>\n<\/div><\/div><\/div><\/div><\/div><div class=\"w-tabs-section\" id=\"ob38\"><button class=\"w-tabs-section-header\" aria-controls=\"content-ob38\" aria-expanded=\"false\"><h3 class=\"w-tabs-section-title\">Precisi\u00f3n<\/h3><div class=\"w-tabs-section-control\"><\/div><\/button><div  class=\"w-tabs-section-content\" id=\"content-ob38\"><div class=\"w-tabs-section-content-h i-cf\"><div class=\"wpb_text_column\"><div class=\"wpb_wrapper\"><p>La precisi\u00f3n en la selecci\u00f3n indica qu\u00e9 tan bien los criterios de selecci\u00f3n representan los verdaderos valores gen\u00e9ticos de los candidatos seleccionados. La selecci\u00f3n basada en el desempe\u00f1o de los candidatos de mejoramiento es muy eficiente para rasgos con estimaciones de heredabilidad media a alta (por ejemplo, crecimiento). La precisi\u00f3n de la selecci\u00f3n de rasgos con baja heredabilidad aumenta mediante el uso de informaci\u00f3n adicional de hermanos y medio-hermanos.<\/p>\n<p>La selecci\u00f3n basada en datos gen\u00f3micos (es decir, selecci\u00f3n gen\u00f3mica) puede aumentar considerablemente la precisi\u00f3n de la selecci\u00f3n, especialmente para rasgos con baja heredabilidad. Sin embargo, los altos costos de la genotipificaci\u00f3n a menudo restringir\u00e1n el n\u00famero de candidatos de reproducci\u00f3n genotipados disponibles para la selecci\u00f3n. Por lo tanto, se debe tener cuidado para evitar que una reducci\u00f3n en la intensidad de la selecci\u00f3n cancele la mayor precisi\u00f3n de la selecci\u00f3n gen\u00f3mica.<\/p>\n<\/div><\/div><\/div><\/div><\/div><div class=\"w-tabs-section\" id=\"hd29\"><button class=\"w-tabs-section-header\" aria-controls=\"content-hd29\" aria-expanded=\"false\"><h3 class=\"w-tabs-section-title\">El intervalo generacional<\/h3><div class=\"w-tabs-section-control\"><\/div><\/button><div  class=\"w-tabs-section-content\" id=\"content-hd29\"><div class=\"w-tabs-section-content-h i-cf\"><div class=\"wpb_text_column\"><div class=\"wpb_wrapper\"><p>El intervalo generacional es la edad promedio de los candidatos reproductores al nacimiento de su descendencia, lo que producir\u00e1 la pr\u00f3xima generaci\u00f3n de candidatos reproductores. El intervalo generacional facilita el c\u00e1lculo de las respuestas de selecci\u00f3n por a\u00f1o en lugar de por generaci\u00f3n. Los programas de reproducci\u00f3n eficientes deben minimizar el intervalo generacional.<\/p>\n<\/div><\/div><\/div><\/div><\/div><div class=\"w-tabs-section\" id=\"ff3e\"><button class=\"w-tabs-section-header\" aria-controls=\"content-ff3e\" aria-expanded=\"false\"><h3 class=\"w-tabs-section-title\">Depresi\u00f3n endog\u00e1mica<\/h3><div class=\"w-tabs-section-control\"><\/div><\/button><div  class=\"w-tabs-section-content\" id=\"content-ff3e\"><div class=\"w-tabs-section-content-h i-cf\"><div class=\"wpb_text_column\"><div class=\"wpb_wrapper\"><p>La mayor\u00eda de las poblaciones tienen varios alelos recesivos delet\u00e9reos ocultos en heterocigotos a bajas frecuencias (lo que se conoce como carga gen\u00e9tica de una poblaci\u00f3n). La endogamia, es decir, el apareamiento entre individuos relacionados por ascendencia, desenmascarar\u00e1 estos alelos recesivos delet\u00e9reos y provocar\u00e1 una depresi\u00f3n endog\u00e1mica observada como una aptitud biol\u00f3gica reducida. Por lo tanto, se deben hacer esfuerzos para restringir la acumulaci\u00f3n de endogamia en las poblaciones reproductoras.<\/p>\n<\/div><\/div><\/div><\/div><\/div><\/div><\/div><div class=\"w-image align_none\"><div class=\"w-image-h\"><img decoding=\"async\" width=\"1024\" height=\"572\" src=\"https:\/\/www.bmkgenetics.com\/wp-content\/uploads\/2021\/02\/Illustration_Genetic_Gain_Equation-1-1-1024x572.png\" class=\"attachment-large size-large\" alt=\"\" loading=\"lazy\" srcset=\"https:\/\/www.bmkgenetics.com\/wp-content\/uploads\/2021\/02\/Illustration_Genetic_Gain_Equation-1-1-1024x572.png 1024w, https:\/\/www.bmkgenetics.com\/wp-content\/uploads\/2021\/02\/Illustration_Genetic_Gain_Equation-1-1-300x167.png 300w, https:\/\/www.bmkgenetics.com\/wp-content\/uploads\/2021\/02\/Illustration_Genetic_Gain_Equation-1-1.png 1578w\" sizes=\"auto, (max-width: 1024px) 100vw, 1024px\" \/><\/div><\/div><\/div><\/div><\/div><\/div><\/div><\/section><section class=\"l-section wpb_row leftheading-rightbody height_large\"><div class=\"l-section-h i-cf\"><div class=\"g-cols vc_row via_flex valign_top type_default stacking_default\"><div class=\"vc_col-sm-12 wpb_column vc_column_container\"><div class=\"vc_column-inner\"><div class=\"wpb_wrapper\"><div class=\"g-cols wpb_row via_flex valign_top type_default stacking_default\"><div class=\"vc_col-sm-12 vc_col-md-8 wpb_column vc_column_container\"><div class=\"vc_column-inner\"><div class=\"wpb_wrapper\">[vc_custom_heading text=\u00bbCr\u00eda selectiva\u00bb use_theme_fonts=\u00bbyes\u00bb]<\/div><\/div><\/div><div class=\"vc_col-sm-4 vc_hidden-sm vc_hidden-xs wpb_column vc_column_container\"><div class=\"vc_column-inner\"><div class=\"wpb_wrapper\"><\/div><\/div><\/div><\/div><div class=\"g-cols wpb_row via_flex valign_top type_default stacking_default\"><div class=\"vc_col-sm-4 vc_hidden-sm vc_hidden-xs wpb_column vc_column_container\"><div class=\"vc_column-inner\"><div class=\"wpb_wrapper\"><\/div><\/div><\/div><div class=\"vc_col-sm-12 vc_col-md-8 wpb_column vc_column_container\"><div class=\"vc_column-inner\"><div class=\"wpb_wrapper\"><div class=\"wpb_text_column\"><div class=\"wpb_wrapper\"><p>A trav\u00e9s de la selecci\u00f3n, mejoramos la media poblacional en importantes rasgos de eficiencia productiva y enfermedades.<\/p>\n<\/div><\/div><div class=\"wpb_text_column\"><div class=\"wpb_wrapper\"><p>Mediante la reproducci\u00f3n selectiva podemos reducir la frecuencia de genes no deseados y aumentar la frecuencia de genes deseados.<\/p>\n<\/div><\/div><div class=\"wpb_text_column\"><div class=\"wpb_wrapper\"><p>Un programa bien dise\u00f1ado puede mejorar significativamente la ganancia gen\u00e9tica para cada generaci\u00f3n, ilustrado por el movimiento de la poblaci\u00f3n media para el crecimiento en el programa de tilapia Progift Nile a trav\u00e9s de 13 generaciones de cr\u00eda selectiva. Akvaforsk Genetics Center (AFGC), ahora Benchmark Genetics, ha estado involucrado como consultor en este programa desde el inicio. Curiosamente, los animales m\u00e1s grandes de la poblaci\u00f3n base son mucho m\u00e1s peque\u00f1os (alrededor de 250 gr) que los animales m\u00e1s peque\u00f1os de las generaciones F-12.<\/p>\n<\/div><\/div><div class=\"wpb_text_column\"><div class=\"wpb_wrapper\"><p>Al utilizar nuestra experiencia, sistemas y tecnolog\u00edas, adaptamos nuestros servicios para ayudar a nuestros clientes a optimizar las ganancias gen\u00e9ticas en sus programas. Si desea obtener m\u00e1s informaci\u00f3n sobre c\u00f3mo podemos ayudarlo a aprovechar el potencial gen\u00e9tico de su programa de reproducci\u00f3n, comun\u00edquese con nosotros hoy.<\/p>\n<\/div><\/div><div class=\"w-image us_custom_7e4d9b74 align_center meta_simple has_bg_color\"><div class=\"w-image-h\"><img decoding=\"async\" width=\"770\" height=\"472\" src=\"https:\/\/www.bmkgenetics.com\/wp-content\/uploads\/2021\/02\/Genetics-services-fig-2.png\" class=\"attachment-large size-large\" alt=\"\" loading=\"lazy\" srcset=\"https:\/\/www.bmkgenetics.com\/wp-content\/uploads\/2021\/02\/Genetics-services-fig-2.png 770w, https:\/\/www.bmkgenetics.com\/wp-content\/uploads\/2021\/02\/Genetics-services-fig-2-300x184.png 300w\" sizes=\"auto, (max-width: 770px) 100vw, 770px\" \/><\/div><div class=\"w-image-meta\"><div class=\"w-image-title\">Genetics-services-fig-2<\/div><div class=\"w-image-description\">Figure 1: Show how it is possible to move this mean through selecting the largest breeders in the parent generation and thereby get a higher mean in the offspring generation.<\/div><\/div><\/div><div class=\"w-separator size_medium\"><\/div><div class=\"w-image align_center meta_simple\"><a ref=\"magnificPopup\" href=\"https:\/\/www.bmkgenetics.com\/wp-content\/uploads\/2021\/02\/genetics-services-genes.jpg\" aria-label=\"genetics-services-genes\" class=\"w-image-h\"><img decoding=\"async\" width=\"329\" height=\"187\" src=\"https:\/\/www.bmkgenetics.com\/wp-content\/uploads\/2021\/02\/genetics-services-genes.jpg\" class=\"attachment-large size-large\" alt=\"\" loading=\"lazy\" srcset=\"https:\/\/www.bmkgenetics.com\/wp-content\/uploads\/2021\/02\/genetics-services-genes.jpg 329w, https:\/\/www.bmkgenetics.com\/wp-content\/uploads\/2021\/02\/genetics-services-genes-300x171.jpg 300w\" sizes=\"auto, (max-width: 329px) 100vw, 329px\" \/><\/a><div class=\"w-image-meta\"><div class=\"w-image-title\">genetics-services-genes<\/div><div class=\"w-image-description\">Figure 2: How selective breeding develops by generation (Illustration by Kaohsiung - November 20, 2018)<\/div><\/div><\/div><div class=\"w-separator size_medium\"><\/div><\/div><\/div><\/div><\/div><\/div><\/div><\/div><\/div><\/div><\/section>\n","protected":false},"excerpt":{"rendered":"[vc_custom_heading text=\"Ecuaci\u00f3n de cr\u00eda\" use_theme_fonts=\"yes\"]Un programa de reproducci\u00f3n bien estructurado mejorar\u00e1 gradualmente la calidad gen\u00e9tica de su poblaci\u00f3n de reproductores\u00a0 en cada nueva generaci\u00f3n. La ganancia gen\u00e9tica por generaci\u00f3n est\u00e1 influenciada por varios factores, como se explica en la Ecuaci\u00f3n de cr\u00eda ampliada. Variaci\u00f3n gen\u00e9ticaUna selecci\u00f3n eficaz requiere una amplia variaci\u00f3n gen\u00e9tica dentro de la...","protected":false},"author":99,"featured_media":0,"parent":6650,"menu_order":0,"comment_status":"closed","ping_status":"closed","template":"","meta":{"_acf_changed":false,"footnotes":""},"class_list":["post-6890","page","type-page","status-publish","hentry"],"acf":[],"yoast_head":"<!-- This site is optimized with the Yoast SEO plugin v27.5 - https:\/\/yoast.com\/product\/yoast-seo-wordpress\/ -->\n<title>El potencial de ganancia gen\u00e9tica en su programa - Benchmark Genetics<\/title>\n<meta name=\"description\" content=\"La ganancia gen\u00e9tica por generaci\u00f3n est\u00e1 influenciada por varios factores, como se explica en la ecuaci\u00f3n de cr\u00eda ampliada.\" \/>\n<meta name=\"robots\" content=\"index, follow, max-snippet:-1, max-image-preview:large, max-video-preview:-1\" \/>\n<link rel=\"canonical\" href=\"https:\/\/www.bmkgenetics.com\/es\/services\/genetic-services\/el-potencial-de-ganancia-genetica-en-su-programa\/\" \/>\n<meta property=\"og:locale\" content=\"es_ES\" \/>\n<meta property=\"og:type\" content=\"article\" \/>\n<meta property=\"og:title\" content=\"El potencial de ganancia gen\u00e9tica en su programa - Benchmark Genetics\" \/>\n<meta property=\"og:description\" content=\"La ganancia gen\u00e9tica por generaci\u00f3n est\u00e1 influenciada por varios factores, como se explica en la ecuaci\u00f3n de cr\u00eda ampliada.\" \/>\n<meta property=\"og:url\" content=\"https:\/\/www.bmkgenetics.com\/es\/services\/genetic-services\/el-potencial-de-ganancia-genetica-en-su-programa\/\" \/>\n<meta property=\"og:site_name\" content=\"Benchmark Genetics\" \/>\n<meta property=\"article:publisher\" content=\"https:\/\/www.facebook.com\/benchmarkgenetics\/\" \/>\n<meta property=\"article:modified_time\" content=\"2021-08-03T12:17:46+00:00\" \/>\n<meta property=\"og:image\" content=\"https:\/\/www.bmkgenetics.com\/wp-content\/uploads\/2021\/04\/logo-whitebg-528x135-in-800x600-1.png\" \/>\n\t<meta property=\"og:image:width\" content=\"800\" \/>\n\t<meta property=\"og:image:height\" content=\"600\" \/>\n\t<meta property=\"og:image:type\" content=\"image\/png\" \/>\n<meta name=\"twitter:card\" content=\"summary_large_image\" \/>\n<meta name=\"twitter:site\" content=\"@WeAreBenchmark\" \/>\n<meta name=\"twitter:label1\" content=\"Tiempo de lectura\" \/>\n\t<meta name=\"twitter:data1\" content=\"5 minutos\" \/>\n<script type=\"application\/ld+json\" class=\"yoast-schema-graph\">{\"@context\":\"https:\\\/\\\/schema.org\",\"@graph\":[{\"@type\":\"WebPage\",\"@id\":\"https:\\\/\\\/www.bmkgenetics.com\\\/es\\\/services\\\/genetic-services\\\/el-potencial-de-ganancia-genetica-en-su-programa\\\/\",\"url\":\"https:\\\/\\\/www.bmkgenetics.com\\\/es\\\/services\\\/genetic-services\\\/el-potencial-de-ganancia-genetica-en-su-programa\\\/\",\"name\":\"El potencial de ganancia gen\u00e9tica en su programa - Benchmark Genetics\",\"isPartOf\":{\"@id\":\"https:\\\/\\\/www.bmkgenetics.com\\\/es\\\/#website\"},\"datePublished\":\"2021-08-03T12:17:44+00:00\",\"dateModified\":\"2021-08-03T12:17:46+00:00\",\"description\":\"La ganancia gen\u00e9tica por generaci\u00f3n est\u00e1 influenciada por varios factores, como se explica en la ecuaci\u00f3n de cr\u00eda ampliada.\",\"breadcrumb\":{\"@id\":\"https:\\\/\\\/www.bmkgenetics.com\\\/es\\\/services\\\/genetic-services\\\/el-potencial-de-ganancia-genetica-en-su-programa\\\/#breadcrumb\"},\"inLanguage\":\"es\",\"potentialAction\":[{\"@type\":\"ReadAction\",\"target\":[\"https:\\\/\\\/www.bmkgenetics.com\\\/es\\\/services\\\/genetic-services\\\/el-potencial-de-ganancia-genetica-en-su-programa\\\/\"]}]},{\"@type\":\"BreadcrumbList\",\"@id\":\"https:\\\/\\\/www.bmkgenetics.com\\\/es\\\/services\\\/genetic-services\\\/el-potencial-de-ganancia-genetica-en-su-programa\\\/#breadcrumb\",\"itemListElement\":[{\"@type\":\"ListItem\",\"position\":1,\"name\":\"Productos\",\"item\":\"https:\\\/\\\/www.bmkgenetics.com\\\/es\\\/services\\\/\"},{\"@type\":\"ListItem\",\"position\":2,\"name\":\"Servicios Gen\u00e9ticos\",\"item\":\"https:\\\/\\\/www.bmkgenetics.com\\\/es\\\/services\\\/genetic-services\\\/\"},{\"@type\":\"ListItem\",\"position\":3,\"name\":\"El potencial de ganancia gen\u00e9tica en su programa\"}]},{\"@type\":\"WebSite\",\"@id\":\"https:\\\/\\\/www.bmkgenetics.com\\\/es\\\/#website\",\"url\":\"https:\\\/\\\/www.bmkgenetics.com\\\/es\\\/\",\"name\":\"Benchmark Genetics\",\"description\":\"Driving sustainability in aquaculture\",\"potentialAction\":[{\"@type\":\"SearchAction\",\"target\":{\"@type\":\"EntryPoint\",\"urlTemplate\":\"https:\\\/\\\/www.bmkgenetics.com\\\/es\\\/?s={search_term_string}\"},\"query-input\":{\"@type\":\"PropertyValueSpecification\",\"valueRequired\":true,\"valueName\":\"search_term_string\"}}],\"inLanguage\":\"es\"}]}<\/script>\n<!-- \/ Yoast SEO plugin. -->","yoast_head_json":{"title":"El potencial de ganancia gen\u00e9tica en su programa - Benchmark Genetics","description":"La ganancia gen\u00e9tica por generaci\u00f3n est\u00e1 influenciada por varios factores, como se explica en la ecuaci\u00f3n de cr\u00eda ampliada.","robots":{"index":"index","follow":"follow","max-snippet":"max-snippet:-1","max-image-preview":"max-image-preview:large","max-video-preview":"max-video-preview:-1"},"canonical":"https:\/\/www.bmkgenetics.com\/es\/services\/genetic-services\/el-potencial-de-ganancia-genetica-en-su-programa\/","og_locale":"es_ES","og_type":"article","og_title":"El potencial de ganancia gen\u00e9tica en su programa - Benchmark Genetics","og_description":"La ganancia gen\u00e9tica por generaci\u00f3n est\u00e1 influenciada por varios factores, como se explica en la ecuaci\u00f3n de cr\u00eda ampliada.","og_url":"https:\/\/www.bmkgenetics.com\/es\/services\/genetic-services\/el-potencial-de-ganancia-genetica-en-su-programa\/","og_site_name":"Benchmark Genetics","article_publisher":"https:\/\/www.facebook.com\/benchmarkgenetics\/","article_modified_time":"2021-08-03T12:17:46+00:00","og_image":[{"width":800,"height":600,"url":"https:\/\/www.bmkgenetics.com\/wp-content\/uploads\/2021\/04\/logo-whitebg-528x135-in-800x600-1.png","type":"image\/png"}],"twitter_card":"summary_large_image","twitter_site":"@WeAreBenchmark","twitter_misc":{"Tiempo de lectura":"5 minutos"},"schema":{"@context":"https:\/\/schema.org","@graph":[{"@type":"WebPage","@id":"https:\/\/www.bmkgenetics.com\/es\/services\/genetic-services\/el-potencial-de-ganancia-genetica-en-su-programa\/","url":"https:\/\/www.bmkgenetics.com\/es\/services\/genetic-services\/el-potencial-de-ganancia-genetica-en-su-programa\/","name":"El potencial de ganancia gen\u00e9tica en su programa - Benchmark Genetics","isPartOf":{"@id":"https:\/\/www.bmkgenetics.com\/es\/#website"},"datePublished":"2021-08-03T12:17:44+00:00","dateModified":"2021-08-03T12:17:46+00:00","description":"La ganancia gen\u00e9tica por generaci\u00f3n est\u00e1 influenciada por varios factores, como se explica en la ecuaci\u00f3n de cr\u00eda ampliada.","breadcrumb":{"@id":"https:\/\/www.bmkgenetics.com\/es\/services\/genetic-services\/el-potencial-de-ganancia-genetica-en-su-programa\/#breadcrumb"},"inLanguage":"es","potentialAction":[{"@type":"ReadAction","target":["https:\/\/www.bmkgenetics.com\/es\/services\/genetic-services\/el-potencial-de-ganancia-genetica-en-su-programa\/"]}]},{"@type":"BreadcrumbList","@id":"https:\/\/www.bmkgenetics.com\/es\/services\/genetic-services\/el-potencial-de-ganancia-genetica-en-su-programa\/#breadcrumb","itemListElement":[{"@type":"ListItem","position":1,"name":"Productos","item":"https:\/\/www.bmkgenetics.com\/es\/services\/"},{"@type":"ListItem","position":2,"name":"Servicios Gen\u00e9ticos","item":"https:\/\/www.bmkgenetics.com\/es\/services\/genetic-services\/"},{"@type":"ListItem","position":3,"name":"El potencial de ganancia gen\u00e9tica en su programa"}]},{"@type":"WebSite","@id":"https:\/\/www.bmkgenetics.com\/es\/#website","url":"https:\/\/www.bmkgenetics.com\/es\/","name":"Benchmark Genetics","description":"Driving sustainability in aquaculture","potentialAction":[{"@type":"SearchAction","target":{"@type":"EntryPoint","urlTemplate":"https:\/\/www.bmkgenetics.com\/es\/?s={search_term_string}"},"query-input":{"@type":"PropertyValueSpecification","valueRequired":true,"valueName":"search_term_string"}}],"inLanguage":"es"}]}},"_links":{"self":[{"href":"https:\/\/www.bmkgenetics.com\/es\/wp-json\/wp\/v2\/pages\/6890","targetHints":{"allow":["GET"]}}],"collection":[{"href":"https:\/\/www.bmkgenetics.com\/es\/wp-json\/wp\/v2\/pages"}],"about":[{"href":"https:\/\/www.bmkgenetics.com\/es\/wp-json\/wp\/v2\/types\/page"}],"author":[{"embeddable":true,"href":"https:\/\/www.bmkgenetics.com\/es\/wp-json\/wp\/v2\/users\/99"}],"replies":[{"embeddable":true,"href":"https:\/\/www.bmkgenetics.com\/es\/wp-json\/wp\/v2\/comments?post=6890"}],"version-history":[{"count":0,"href":"https:\/\/www.bmkgenetics.com\/es\/wp-json\/wp\/v2\/pages\/6890\/revisions"}],"up":[{"embeddable":true,"href":"https:\/\/www.bmkgenetics.com\/es\/wp-json\/wp\/v2\/pages\/6650"}],"wp:attachment":[{"href":"https:\/\/www.bmkgenetics.com\/es\/wp-json\/wp\/v2\/media?parent=6890"}],"curies":[{"name":"wp","href":"https:\/\/api.w.org\/{rel}","templated":true}]}}