{"id":6889,"date":"2021-08-03T14:00:08","date_gmt":"2021-08-03T12:00:08","guid":{"rendered":"https:\/\/www.bmkgenetics.com\/services\/genetic-services\/noruega\/sunndalsora\/"},"modified":"2021-08-03T14:00:08","modified_gmt":"2021-08-03T12:00:08","slug":"sunndalsora","status":"publish","type":"page","link":"https:\/\/www.bmkgenetics.com\/es\/services\/genetic-services\/sunndalsora\/","title":{"rendered":"Sunndals\u00f8ra"},"content":{"rendered":"<section class=\"l-section wpb_row leftheading-rightbody height_large\"><div class=\"l-section-h i-cf\"><div class=\"g-cols vc_row via_flex valign_top type_default stacking_default\"><div class=\"vc_col-sm-12 wpb_column vc_column_container\"><div class=\"vc_column-inner\"><div class=\"wpb_wrapper\"><div class=\"g-cols wpb_row via_flex valign_top type_default stacking_default\"><div class=\"vc_col-sm-12 vc_col-md-8 wpb_column vc_column_container\"><div class=\"vc_column-inner\"><div class=\"wpb_wrapper\">[vc_custom_heading text=\u00bbEntre las altas monta\u00f1as y el hermoso Tingvoll Fjorden, se encuentra la ciudad de Sunndals\u00f8ra\u00bb use_theme_fonts=\u00bbyes\u00bb]<\/div><\/div><\/div><div class=\"vc_col-sm-4 vc_hidden-sm vc_hidden-xs wpb_column vc_column_container\"><div class=\"vc_column-inner\"><div class=\"wpb_wrapper\"><\/div><\/div><\/div><\/div><div class=\"g-cols wpb_row via_flex valign_top type_default stacking_default\"><div class=\"vc_col-sm-4 vc_hidden-sm vc_hidden-xs wpb_column vc_column_container\"><div class=\"vc_column-inner\"><div class=\"wpb_wrapper\"><\/div><\/div><\/div><div class=\"vc_col-sm-12 vc_col-md-8 wpb_column vc_column_container\"><div class=\"vc_column-inner\"><div class=\"wpb_wrapper\"><div class=\"wpb_text_column\"><div class=\"wpb_wrapper\"><p>Durante d\u00e9cadas, esta peque\u00f1a comunidad ha logrado atraer a expertos internacionales en gen\u00e9tica, acuicultura y la industria del aluminio. Est\u00e1n representados por Benchmark Genetics, Nofima e Hydro Aluminium.<\/p>\n<p>Inicialmente, nuestro equipo de gen\u00e9tica en Sunndals\u00f8ra se llamaba Centro de Gen\u00e9tica Akvaforsk. Fueron conocidos como un centro de experiencia l\u00edder en el mundo dentro de los servicios de gen\u00e9tica aplicada para la acuicultura. Como parte de Benchmark desde 2015, la oficina de Sunndals\u00f8ra todav\u00eda brinda servicios a una cantidad significativa de programas de reproducci\u00f3n externos en todo el mundo, adem\u00e1s de nuestros cinco programas internos.<\/p>\n<\/div><\/div><\/div><\/div><\/div><\/div><\/div><\/div><\/div><\/div><\/div><\/section>\n","protected":false},"excerpt":{"rendered":"[vc_custom_heading text=\"Entre las altas monta\u00f1as y el hermoso Tingvoll Fjorden, se encuentra la ciudad de Sunndals\u00f8ra\" use_theme_fonts=\"yes\"]Durante d\u00e9cadas, esta peque\u00f1a comunidad ha logrado atraer a expertos internacionales en gen\u00e9tica, acuicultura y la industria del aluminio. Est\u00e1n representados por Benchmark Genetics, Nofima e Hydro Aluminium. Inicialmente, nuestro equipo de gen\u00e9tica en Sunndals\u00f8ra se llamaba Centro de...","protected":false},"author":99,"featured_media":0,"parent":6650,"menu_order":0,"comment_status":"closed","ping_status":"closed","template":"","meta":{"_acf_changed":false,"footnotes":""},"class_list":["post-6889","page","type-page","status-publish","hentry"],"acf":[],"yoast_head":"<!-- This site is optimized with the Yoast SEO plugin v27.3 - https:\/\/yoast.com\/product\/yoast-seo-wordpress\/ -->\n<title>Sunndals\u00f8ra - Benchmark Genetics - Breeding for the future<\/title>\n<meta name=\"description\" content=\"La oficina de Sunndals\u00f8ra es la ubicaci\u00f3n de nuestro equipo central de gen\u00e9tica, formado por investigadores y expertos de diferentes partes del mundo.\" \/>\n<meta name=\"robots\" content=\"index, follow, max-snippet:-1, max-image-preview:large, max-video-preview:-1\" \/>\n<link rel=\"canonical\" href=\"https:\/\/www.bmkgenetics.com\/es\/services\/genetic-services\/sunndalsora\/\" \/>\n<meta property=\"og:locale\" content=\"es_ES\" \/>\n<meta property=\"og:type\" content=\"article\" \/>\n<meta property=\"og:title\" content=\"Sunndals\u00f8ra - Benchmark Genetics - Breeding for the future\" \/>\n<meta property=\"og:description\" content=\"La oficina de Sunndals\u00f8ra es la ubicaci\u00f3n de nuestro equipo central de gen\u00e9tica, formado por investigadores y expertos de diferentes partes del mundo.\" \/>\n<meta property=\"og:url\" content=\"https:\/\/www.bmkgenetics.com\/es\/services\/genetic-services\/sunndalsora\/\" \/>\n<meta property=\"og:site_name\" content=\"Benchmark Genetics\" \/>\n<meta property=\"article:publisher\" content=\"https:\/\/www.facebook.com\/benchmarkgenetics\/\" \/>\n<meta property=\"og:image\" content=\"https:\/\/www.bmkgenetics.com\/wp-content\/uploads\/2021\/04\/logo-whitebg-528x135-in-800x600-1.png\" \/>\n\t<meta property=\"og:image:width\" content=\"800\" \/>\n\t<meta property=\"og:image:height\" content=\"600\" \/>\n\t<meta property=\"og:image:type\" content=\"image\/png\" \/>\n<meta name=\"twitter:card\" content=\"summary_large_image\" \/>\n<meta name=\"twitter:site\" content=\"@WeAreBenchmark\" \/>\n<meta name=\"twitter:label1\" content=\"Tiempo de lectura\" \/>\n\t<meta name=\"twitter:data1\" content=\"1 minuto\" \/>\n<script type=\"application\/ld+json\" class=\"yoast-schema-graph\">{\"@context\":\"https:\\\/\\\/schema.org\",\"@graph\":[{\"@type\":\"WebPage\",\"@id\":\"https:\\\/\\\/www.bmkgenetics.com\\\/es\\\/services\\\/genetic-services\\\/sunndalsora\\\/\",\"url\":\"https:\\\/\\\/www.bmkgenetics.com\\\/es\\\/services\\\/genetic-services\\\/sunndalsora\\\/\",\"name\":\"Sunndals\u00f8ra - Benchmark Genetics - Breeding for the future\",\"isPartOf\":{\"@id\":\"https:\\\/\\\/www.bmkgenetics.com\\\/es\\\/#website\"},\"datePublished\":\"2021-08-03T12:00:08+00:00\",\"description\":\"La oficina de Sunndals\u00f8ra es la ubicaci\u00f3n de nuestro equipo central de gen\u00e9tica, formado por investigadores y expertos de diferentes partes del mundo.\",\"breadcrumb\":{\"@id\":\"https:\\\/\\\/www.bmkgenetics.com\\\/es\\\/services\\\/genetic-services\\\/sunndalsora\\\/#breadcrumb\"},\"inLanguage\":\"es\",\"potentialAction\":[{\"@type\":\"ReadAction\",\"target\":[\"https:\\\/\\\/www.bmkgenetics.com\\\/es\\\/services\\\/genetic-services\\\/sunndalsora\\\/\"]}]},{\"@type\":\"BreadcrumbList\",\"@id\":\"https:\\\/\\\/www.bmkgenetics.com\\\/es\\\/services\\\/genetic-services\\\/sunndalsora\\\/#breadcrumb\",\"itemListElement\":[{\"@type\":\"ListItem\",\"position\":1,\"name\":\"Productos\",\"item\":\"https:\\\/\\\/www.bmkgenetics.com\\\/es\\\/services\\\/\"},{\"@type\":\"ListItem\",\"position\":2,\"name\":\"Servicios Gen\u00e9ticos\",\"item\":\"https:\\\/\\\/www.bmkgenetics.com\\\/es\\\/services\\\/genetic-services\\\/\"},{\"@type\":\"ListItem\",\"position\":3,\"name\":\"Sunndals\u00f8ra\"}]},{\"@type\":\"WebSite\",\"@id\":\"https:\\\/\\\/www.bmkgenetics.com\\\/es\\\/#website\",\"url\":\"https:\\\/\\\/www.bmkgenetics.com\\\/es\\\/\",\"name\":\"Benchmark Genetics\",\"description\":\"Driving sustainability in aquaculture\",\"potentialAction\":[{\"@type\":\"SearchAction\",\"target\":{\"@type\":\"EntryPoint\",\"urlTemplate\":\"https:\\\/\\\/www.bmkgenetics.com\\\/es\\\/?s={search_term_string}\"},\"query-input\":{\"@type\":\"PropertyValueSpecification\",\"valueRequired\":true,\"valueName\":\"search_term_string\"}}],\"inLanguage\":\"es\"}]}<\/script>\n<!-- \/ Yoast SEO plugin. -->","yoast_head_json":{"title":"Sunndals\u00f8ra - Benchmark Genetics - Breeding for the future","description":"La oficina de Sunndals\u00f8ra es la ubicaci\u00f3n de nuestro equipo central de gen\u00e9tica, formado por investigadores y expertos de diferentes partes del mundo.","robots":{"index":"index","follow":"follow","max-snippet":"max-snippet:-1","max-image-preview":"max-image-preview:large","max-video-preview":"max-video-preview:-1"},"canonical":"https:\/\/www.bmkgenetics.com\/es\/services\/genetic-services\/sunndalsora\/","og_locale":"es_ES","og_type":"article","og_title":"Sunndals\u00f8ra - Benchmark Genetics - Breeding for the future","og_description":"La oficina de Sunndals\u00f8ra es la ubicaci\u00f3n de nuestro equipo central de gen\u00e9tica, formado por investigadores y expertos de diferentes partes del mundo.","og_url":"https:\/\/www.bmkgenetics.com\/es\/services\/genetic-services\/sunndalsora\/","og_site_name":"Benchmark Genetics","article_publisher":"https:\/\/www.facebook.com\/benchmarkgenetics\/","og_image":[{"width":800,"height":600,"url":"https:\/\/www.bmkgenetics.com\/wp-content\/uploads\/2021\/04\/logo-whitebg-528x135-in-800x600-1.png","type":"image\/png"}],"twitter_card":"summary_large_image","twitter_site":"@WeAreBenchmark","twitter_misc":{"Tiempo de lectura":"1 minuto"},"schema":{"@context":"https:\/\/schema.org","@graph":[{"@type":"WebPage","@id":"https:\/\/www.bmkgenetics.com\/es\/services\/genetic-services\/sunndalsora\/","url":"https:\/\/www.bmkgenetics.com\/es\/services\/genetic-services\/sunndalsora\/","name":"Sunndals\u00f8ra - Benchmark Genetics - Breeding for the future","isPartOf":{"@id":"https:\/\/www.bmkgenetics.com\/es\/#website"},"datePublished":"2021-08-03T12:00:08+00:00","description":"La oficina de Sunndals\u00f8ra es la ubicaci\u00f3n de nuestro equipo central de gen\u00e9tica, formado por investigadores y expertos de diferentes partes del mundo.","breadcrumb":{"@id":"https:\/\/www.bmkgenetics.com\/es\/services\/genetic-services\/sunndalsora\/#breadcrumb"},"inLanguage":"es","potentialAction":[{"@type":"ReadAction","target":["https:\/\/www.bmkgenetics.com\/es\/services\/genetic-services\/sunndalsora\/"]}]},{"@type":"BreadcrumbList","@id":"https:\/\/www.bmkgenetics.com\/es\/services\/genetic-services\/sunndalsora\/#breadcrumb","itemListElement":[{"@type":"ListItem","position":1,"name":"Productos","item":"https:\/\/www.bmkgenetics.com\/es\/services\/"},{"@type":"ListItem","position":2,"name":"Servicios Gen\u00e9ticos","item":"https:\/\/www.bmkgenetics.com\/es\/services\/genetic-services\/"},{"@type":"ListItem","position":3,"name":"Sunndals\u00f8ra"}]},{"@type":"WebSite","@id":"https:\/\/www.bmkgenetics.com\/es\/#website","url":"https:\/\/www.bmkgenetics.com\/es\/","name":"Benchmark Genetics","description":"Driving sustainability in aquaculture","potentialAction":[{"@type":"SearchAction","target":{"@type":"EntryPoint","urlTemplate":"https:\/\/www.bmkgenetics.com\/es\/?s={search_term_string}"},"query-input":{"@type":"PropertyValueSpecification","valueRequired":true,"valueName":"search_term_string"}}],"inLanguage":"es"}]}},"_links":{"self":[{"href":"https:\/\/www.bmkgenetics.com\/es\/wp-json\/wp\/v2\/pages\/6889","targetHints":{"allow":["GET"]}}],"collection":[{"href":"https:\/\/www.bmkgenetics.com\/es\/wp-json\/wp\/v2\/pages"}],"about":[{"href":"https:\/\/www.bmkgenetics.com\/es\/wp-json\/wp\/v2\/types\/page"}],"author":[{"embeddable":true,"href":"https:\/\/www.bmkgenetics.com\/es\/wp-json\/wp\/v2\/users\/99"}],"replies":[{"embeddable":true,"href":"https:\/\/www.bmkgenetics.com\/es\/wp-json\/wp\/v2\/comments?post=6889"}],"version-history":[{"count":0,"href":"https:\/\/www.bmkgenetics.com\/es\/wp-json\/wp\/v2\/pages\/6889\/revisions"}],"up":[{"embeddable":true,"href":"https:\/\/www.bmkgenetics.com\/es\/wp-json\/wp\/v2\/pages\/6650"}],"wp:attachment":[{"href":"https:\/\/www.bmkgenetics.com\/es\/wp-json\/wp\/v2\/media?parent=6889"}],"curies":[{"name":"wp","href":"https:\/\/api.w.org\/{rel}","templated":true}]}}