{"id":6820,"date":"2021-08-02T11:10:04","date_gmt":"2021-08-02T09:10:04","guid":{"rendered":"https:\/\/www.bmkgenetics.com\/services\/shrimp\/americas\/fellesmere-florida\/"},"modified":"2021-08-02T11:10:05","modified_gmt":"2021-08-02T09:10:05","slug":"fellesmere-florida","status":"publish","type":"page","link":"https:\/\/www.bmkgenetics.com\/es\/services\/shrimp\/americas\/fellesmere-florida\/","title":{"rendered":"Fellesmere, Florida"},"content":{"rendered":"<section class=\"l-section wpb_row leftheading-rightbody height_large\"><div class=\"l-section-h i-cf\"><div class=\"g-cols vc_row via_flex valign_top type_default stacking_default\"><div class=\"vc_col-sm-12 wpb_column vc_column_container\"><div class=\"vc_column-inner\"><div class=\"wpb_wrapper\"><div class=\"g-cols wpb_row via_flex valign_top type_default stacking_default\"><div class=\"vc_col-sm-12 vc_col-md-8 wpb_column vc_column_container\"><div class=\"vc_column-inner\"><div class=\"wpb_wrapper\">[vc_custom_heading text=\u00bbElite Multiplication Centre (EMC)\u00bb use_theme_fonts=\u00bbyes\u00bb]<\/div><\/div><\/div><div class=\"vc_col-sm-4 vc_hidden-sm vc_hidden-xs wpb_column vc_column_container\"><div class=\"vc_column-inner\"><div class=\"wpb_wrapper\"><\/div><\/div><\/div><\/div><div class=\"g-cols wpb_row via_flex valign_top type_default stacking_default\"><div class=\"vc_col-sm-4 vc_hidden-sm vc_hidden-xs wpb_column vc_column_container\"><div class=\"vc_column-inner\"><div class=\"wpb_wrapper\"><\/div><\/div><\/div><div class=\"vc_col-sm-12 vc_col-md-8 wpb_column vc_column_container\"><div class=\"vc_column-inner\"><div class=\"wpb_wrapper\"><div class=\"wpb_text_column\"><div class=\"wpb_wrapper\"><p>La proximidad del EMC a tres aeropuertos internacionales brinda oportunidades log\u00edsticas \u00f3ptimas para la distribuci\u00f3n mundial, mientras que la distancia de 30 km desde la costa protege nuestras instalaciones de los huracanes que pueden devastar la costa de Florida. La infraestructura y el terreno donde se ubica el centro nos brindan la oportunidad de expandirnos a\u00fan m\u00e1s, permitiendo que nuestra capacidad crezca con las necesidades del mercado.<\/p>\n<ul>\n<li>Instalaciones altamente bioseguras<\/li>\n<li>Ubicaci\u00f3n biosegura a 30 km de la costa<\/li>\n<li>Agua salina est\u00e9ril ~ 32ppt desde 750 m de profundidad<\/li>\n<li>3 aeropuertos internacionales cercanos<\/li>\n<li>Equipo cualificado<\/li>\n<\/ul>\n<\/div><\/div><\/div><\/div><\/div><\/div><div class=\"w-separator size_huge\"><\/div><div class=\"g-cols wpb_row via_flex valign_top type_default stacking_default\"><div class=\"vc_col-sm-12 vc_col-md-8 wpb_column vc_column_container\"><div class=\"vc_column-inner\"><div class=\"wpb_wrapper\">[vc_custom_heading text=\u00bbBioseguridad\u00bb use_theme_fonts=\u00bbyes\u00bb]<\/div><\/div><\/div><div class=\"vc_col-sm-4 vc_hidden-sm vc_hidden-xs wpb_column vc_column_container\"><div class=\"vc_column-inner\"><div class=\"wpb_wrapper\"><\/div><\/div><\/div><\/div><div class=\"g-cols wpb_row via_flex valign_top type_default stacking_default\"><div class=\"vc_col-sm-4 vc_hidden-sm vc_hidden-xs wpb_column vc_column_container\"><div class=\"vc_column-inner\"><div class=\"wpb_wrapper\"><\/div><\/div><\/div><div class=\"vc_col-sm-12 vc_col-md-8 wpb_column vc_column_container\"><div class=\"vc_column-inner\"><div class=\"wpb_wrapper\"><div class=\"wpb_text_column\"><div class=\"wpb_wrapper\"><p>La distancia de 30 km del EMC al mar y su aislamiento de otras granjas otorgan a nuestro centro el mejor punto de partida para la m\u00e1xima bioseguridad. Con certificaci\u00f3n SPF, el EMC de Benchmark tiene una \u00fanica entrada y est\u00e1 vallado de forma segura alrededor de todo el per\u00edmetro.<\/p>\n<p>El agua utilizada en nuestra instalaci\u00f3n de Fellsmere proviene del acu\u00edfero de Florida a 750 m de profundidad. El pozo trae agua est\u00e9ril (cero ox\u00edgeno disuelto), con una salinidad de~ 32 ppt que es insuperable.,<\/p>\n<p>Para mantener y garantizar nuestros estrictos niveles de bioseguridad, a diario se llevan a cabo rigurosas rutinas sanitarias y todas las actividades se llevan a cabo en interiores, desde la maduraci\u00f3n hasta el engorde y el empaquetado para transporte.<\/p>\n<p>Todos nuestros sistemas funcionan en recirculaci\u00f3n (RAS) o Biofloc.<\/p>\n<\/div><\/div><\/div><\/div><\/div><\/div><\/div><\/div><\/div><div class=\"vc_col-sm-12 wpb_column vc_column_container\"><div class=\"vc_column-inner\"><div class=\"wpb_wrapper\"><\/div><\/div><\/div><\/div><\/div><\/section><section class=\"l-section wpb_row height_large\"><div class=\"l-section-h i-cf\"><div class=\"g-cols vc_row via_flex valign_top type_default stacking_default\"><div class=\"vc_col-sm-12 wpb_column vc_column_container\"><div class=\"vc_column-inner\"><div class=\"wpb_wrapper\"><div class=\"w-video align_none ratio_16x9 has_iframe\"><div class=\"w-video-h\"><iframe title=\"Vimeo video player\" src=\"https:\/\/player.vimeo.com\/video\/393658236?autoplay=0&loop=0&autopause=0&color=00adef&portrait=0&byline=1&title=1&controls=1&muted=0\" frameborder=\"0\" allow=\"autoplay; fullscreen\" allowfullscreen loading=\"lazy\"><\/iframe><\/div><\/div><\/div><\/div><\/div><\/div><\/div><\/section>\n","protected":false},"excerpt":{"rendered":"[vc_custom_heading text=\"Elite Multiplication Centre (EMC)\" use_theme_fonts=\"yes\"]La proximidad del EMC a tres aeropuertos internacionales brinda oportunidades log\u00edsticas \u00f3ptimas para la distribuci\u00f3n mundial, mientras que la distancia de 30 km desde la costa protege nuestras instalaciones de los huracanes que pueden devastar la costa de Florida. La infraestructura y el terreno donde se ubica el centro nos...","protected":false},"author":99,"featured_media":0,"parent":6818,"menu_order":0,"comment_status":"closed","ping_status":"closed","template":"","meta":{"_acf_changed":false,"footnotes":""},"class_list":["post-6820","page","type-page","status-publish","hentry"],"acf":[],"yoast_head":"<!-- This site is optimized with the Yoast SEO plugin v27.4 - https:\/\/yoast.com\/product\/yoast-seo-wordpress\/ -->\n<title>Elite Multiplication Centre - Fellesmere, FL - Benchmark Genetics<\/title>\n<meta name=\"description\" content=\"El Elite Multiplication Centre est\u00e1 ubicado en Fellsmere, FL. La infraestructura y el terreno permiten que nuestra capacidad crezca con las necesidades del mercado.\" \/>\n<meta name=\"robots\" content=\"index, follow, max-snippet:-1, max-image-preview:large, max-video-preview:-1\" \/>\n<link rel=\"canonical\" href=\"https:\/\/www.bmkgenetics.com\/es\/services\/shrimp\/americas\/fellesmere-florida\/\" \/>\n<meta property=\"og:locale\" content=\"es_ES\" \/>\n<meta property=\"og:type\" content=\"article\" \/>\n<meta property=\"og:title\" content=\"Elite Multiplication Centre - Fellesmere, FL - Benchmark Genetics\" \/>\n<meta property=\"og:description\" content=\"El Elite Multiplication Centre est\u00e1 ubicado en Fellsmere, FL. La infraestructura y el terreno permiten que nuestra capacidad crezca con las necesidades del mercado.\" \/>\n<meta property=\"og:url\" content=\"https:\/\/www.bmkgenetics.com\/es\/services\/shrimp\/americas\/fellesmere-florida\/\" \/>\n<meta property=\"og:site_name\" content=\"Benchmark Genetics\" \/>\n<meta property=\"article:publisher\" content=\"https:\/\/www.facebook.com\/benchmarkgenetics\/\" \/>\n<meta property=\"article:modified_time\" content=\"2021-08-02T09:10:05+00:00\" \/>\n<meta property=\"og:image\" content=\"https:\/\/www.bmkgenetics.com\/wp-content\/uploads\/2021\/04\/logo-whitebg-528x135-in-800x600-1.png\" \/>\n\t<meta property=\"og:image:width\" content=\"800\" \/>\n\t<meta property=\"og:image:height\" content=\"600\" \/>\n\t<meta property=\"og:image:type\" content=\"image\/png\" \/>\n<meta name=\"twitter:card\" content=\"summary_large_image\" \/>\n<meta name=\"twitter:site\" content=\"@WeAreBenchmark\" \/>\n<meta name=\"twitter:label1\" content=\"Tiempo de lectura\" \/>\n\t<meta name=\"twitter:data1\" content=\"2 minutos\" \/>\n<script type=\"application\/ld+json\" class=\"yoast-schema-graph\">{\"@context\":\"https:\\\/\\\/schema.org\",\"@graph\":[{\"@type\":\"WebPage\",\"@id\":\"https:\\\/\\\/www.bmkgenetics.com\\\/es\\\/services\\\/shrimp\\\/americas\\\/fellesmere-florida\\\/\",\"url\":\"https:\\\/\\\/www.bmkgenetics.com\\\/es\\\/services\\\/shrimp\\\/americas\\\/fellesmere-florida\\\/\",\"name\":\"Elite Multiplication Centre - Fellesmere, FL - Benchmark Genetics\",\"isPartOf\":{\"@id\":\"https:\\\/\\\/www.bmkgenetics.com\\\/es\\\/#website\"},\"datePublished\":\"2021-08-02T09:10:04+00:00\",\"dateModified\":\"2021-08-02T09:10:05+00:00\",\"description\":\"El Elite Multiplication Centre est\u00e1 ubicado en Fellsmere, FL. La infraestructura y el terreno permiten que nuestra capacidad crezca con las necesidades del mercado.\",\"breadcrumb\":{\"@id\":\"https:\\\/\\\/www.bmkgenetics.com\\\/es\\\/services\\\/shrimp\\\/americas\\\/fellesmere-florida\\\/#breadcrumb\"},\"inLanguage\":\"es\",\"potentialAction\":[{\"@type\":\"ReadAction\",\"target\":[\"https:\\\/\\\/www.bmkgenetics.com\\\/es\\\/services\\\/shrimp\\\/americas\\\/fellesmere-florida\\\/\"]}]},{\"@type\":\"BreadcrumbList\",\"@id\":\"https:\\\/\\\/www.bmkgenetics.com\\\/es\\\/services\\\/shrimp\\\/americas\\\/fellesmere-florida\\\/#breadcrumb\",\"itemListElement\":[{\"@type\":\"ListItem\",\"position\":1,\"name\":\"Productos\",\"item\":\"https:\\\/\\\/www.bmkgenetics.com\\\/es\\\/services\\\/\"},{\"@type\":\"ListItem\",\"position\":2,\"name\":\"Gen\u00e9tica Camar\u00f3n\",\"item\":\"https:\\\/\\\/www.bmkgenetics.com\\\/es\\\/services\\\/shrimp\\\/\"},{\"@type\":\"ListItem\",\"position\":3,\"name\":\"Am\u00e9ricas\",\"item\":\"https:\\\/\\\/www.bmkgenetics.com\\\/es\\\/services\\\/shrimp\\\/americas\\\/\"},{\"@type\":\"ListItem\",\"position\":4,\"name\":\"Fellesmere, Florida\"}]},{\"@type\":\"WebSite\",\"@id\":\"https:\\\/\\\/www.bmkgenetics.com\\\/es\\\/#website\",\"url\":\"https:\\\/\\\/www.bmkgenetics.com\\\/es\\\/\",\"name\":\"Benchmark Genetics\",\"description\":\"Driving sustainability in aquaculture\",\"potentialAction\":[{\"@type\":\"SearchAction\",\"target\":{\"@type\":\"EntryPoint\",\"urlTemplate\":\"https:\\\/\\\/www.bmkgenetics.com\\\/es\\\/?s={search_term_string}\"},\"query-input\":{\"@type\":\"PropertyValueSpecification\",\"valueRequired\":true,\"valueName\":\"search_term_string\"}}],\"inLanguage\":\"es\"}]}<\/script>\n<!-- \/ Yoast SEO plugin. -->","yoast_head_json":{"title":"Elite Multiplication Centre - Fellesmere, FL - Benchmark Genetics","description":"El Elite Multiplication Centre est\u00e1 ubicado en Fellsmere, FL. La infraestructura y el terreno permiten que nuestra capacidad crezca con las necesidades del mercado.","robots":{"index":"index","follow":"follow","max-snippet":"max-snippet:-1","max-image-preview":"max-image-preview:large","max-video-preview":"max-video-preview:-1"},"canonical":"https:\/\/www.bmkgenetics.com\/es\/services\/shrimp\/americas\/fellesmere-florida\/","og_locale":"es_ES","og_type":"article","og_title":"Elite Multiplication Centre - Fellesmere, FL - Benchmark Genetics","og_description":"El Elite Multiplication Centre est\u00e1 ubicado en Fellsmere, FL. La infraestructura y el terreno permiten que nuestra capacidad crezca con las necesidades del mercado.","og_url":"https:\/\/www.bmkgenetics.com\/es\/services\/shrimp\/americas\/fellesmere-florida\/","og_site_name":"Benchmark Genetics","article_publisher":"https:\/\/www.facebook.com\/benchmarkgenetics\/","article_modified_time":"2021-08-02T09:10:05+00:00","og_image":[{"width":800,"height":600,"url":"https:\/\/www.bmkgenetics.com\/wp-content\/uploads\/2021\/04\/logo-whitebg-528x135-in-800x600-1.png","type":"image\/png"}],"twitter_card":"summary_large_image","twitter_site":"@WeAreBenchmark","twitter_misc":{"Tiempo de lectura":"2 minutos"},"schema":{"@context":"https:\/\/schema.org","@graph":[{"@type":"WebPage","@id":"https:\/\/www.bmkgenetics.com\/es\/services\/shrimp\/americas\/fellesmere-florida\/","url":"https:\/\/www.bmkgenetics.com\/es\/services\/shrimp\/americas\/fellesmere-florida\/","name":"Elite Multiplication Centre - Fellesmere, FL - Benchmark Genetics","isPartOf":{"@id":"https:\/\/www.bmkgenetics.com\/es\/#website"},"datePublished":"2021-08-02T09:10:04+00:00","dateModified":"2021-08-02T09:10:05+00:00","description":"El Elite Multiplication Centre est\u00e1 ubicado en Fellsmere, FL. La infraestructura y el terreno permiten que nuestra capacidad crezca con las necesidades del mercado.","breadcrumb":{"@id":"https:\/\/www.bmkgenetics.com\/es\/services\/shrimp\/americas\/fellesmere-florida\/#breadcrumb"},"inLanguage":"es","potentialAction":[{"@type":"ReadAction","target":["https:\/\/www.bmkgenetics.com\/es\/services\/shrimp\/americas\/fellesmere-florida\/"]}]},{"@type":"BreadcrumbList","@id":"https:\/\/www.bmkgenetics.com\/es\/services\/shrimp\/americas\/fellesmere-florida\/#breadcrumb","itemListElement":[{"@type":"ListItem","position":1,"name":"Productos","item":"https:\/\/www.bmkgenetics.com\/es\/services\/"},{"@type":"ListItem","position":2,"name":"Gen\u00e9tica Camar\u00f3n","item":"https:\/\/www.bmkgenetics.com\/es\/services\/shrimp\/"},{"@type":"ListItem","position":3,"name":"Am\u00e9ricas","item":"https:\/\/www.bmkgenetics.com\/es\/services\/shrimp\/americas\/"},{"@type":"ListItem","position":4,"name":"Fellesmere, Florida"}]},{"@type":"WebSite","@id":"https:\/\/www.bmkgenetics.com\/es\/#website","url":"https:\/\/www.bmkgenetics.com\/es\/","name":"Benchmark Genetics","description":"Driving sustainability in aquaculture","potentialAction":[{"@type":"SearchAction","target":{"@type":"EntryPoint","urlTemplate":"https:\/\/www.bmkgenetics.com\/es\/?s={search_term_string}"},"query-input":{"@type":"PropertyValueSpecification","valueRequired":true,"valueName":"search_term_string"}}],"inLanguage":"es"}]}},"_links":{"self":[{"href":"https:\/\/www.bmkgenetics.com\/es\/wp-json\/wp\/v2\/pages\/6820","targetHints":{"allow":["GET"]}}],"collection":[{"href":"https:\/\/www.bmkgenetics.com\/es\/wp-json\/wp\/v2\/pages"}],"about":[{"href":"https:\/\/www.bmkgenetics.com\/es\/wp-json\/wp\/v2\/types\/page"}],"author":[{"embeddable":true,"href":"https:\/\/www.bmkgenetics.com\/es\/wp-json\/wp\/v2\/users\/99"}],"replies":[{"embeddable":true,"href":"https:\/\/www.bmkgenetics.com\/es\/wp-json\/wp\/v2\/comments?post=6820"}],"version-history":[{"count":0,"href":"https:\/\/www.bmkgenetics.com\/es\/wp-json\/wp\/v2\/pages\/6820\/revisions"}],"up":[{"embeddable":true,"href":"https:\/\/www.bmkgenetics.com\/es\/wp-json\/wp\/v2\/pages\/6818"}],"wp:attachment":[{"href":"https:\/\/www.bmkgenetics.com\/es\/wp-json\/wp\/v2\/media?parent=6820"}],"curies":[{"name":"wp","href":"https:\/\/api.w.org\/{rel}","templated":true}]}}