{"id":6816,"date":"2021-08-02T10:38:18","date_gmt":"2021-08-02T08:38:18","guid":{"rendered":"https:\/\/www.bmkgenetics.com\/services\/genetic-services\/otras-regiones\/"},"modified":"2021-08-02T10:38:19","modified_gmt":"2021-08-02T08:38:19","slug":"otras-regiones","status":"publish","type":"page","link":"https:\/\/www.bmkgenetics.com\/es\/services\/genetic-services\/otras-regiones\/","title":{"rendered":"Otras regiones"},"content":{"rendered":"<section class=\"l-section wpb_row leftheading-rightbody height_large color_alternate\"><div class=\"l-section-h i-cf\"><div class=\"g-cols vc_row via_flex valign_top type_default stacking_default\"><div class=\"vc_col-sm-12 wpb_column vc_column_container\"><div class=\"vc_column-inner\"><div class=\"wpb_wrapper\"><div class=\"g-cols wpb_row via_flex valign_top type_default stacking_default\"><div class=\"vc_col-sm-12 vc_col-md-8 wpb_column vc_column_container\"><div class=\"vc_column-inner\"><div class=\"wpb_wrapper\">[vc_custom_heading text=\u00bbA la medida de sus necesidaes\u00bb use_theme_fonts=\u00bbyes\u00bb]<\/div><\/div><\/div><div class=\"vc_col-sm-4 vc_hidden-sm vc_hidden-xs wpb_column vc_column_container\"><div class=\"vc_column-inner\"><div class=\"wpb_wrapper\"><\/div><\/div><\/div><\/div><div class=\"g-cols wpb_row via_flex valign_top type_default stacking_default\"><div class=\"vc_col-sm-4 vc_hidden-sm vc_hidden-xs wpb_column vc_column_container\"><div class=\"vc_column-inner\"><div class=\"wpb_wrapper\"><\/div><\/div><\/div><div class=\"vc_col-sm-12 vc_col-md-8 wpb_column vc_column_container\"><div class=\"vc_column-inner\"><div class=\"wpb_wrapper\"><div class=\"wpb_text_column\"><div class=\"wpb_wrapper\"><p>Somos el proveedor l\u00edder de servicios de gen\u00e9tica basados en una amplia experiencia de 30 programas de reproducci\u00f3n aplicada que involucran a 20 especies en 16 pa\u00edses.<\/p>\n<p>Junto a nuestro equipo de genetistas locales, nuestros servicios de consultor\u00eda externa, con la marca Akvaforsk Genetics\u00ae, se adaptan a las necesidades y objetivos comerciales de cada cliente. Aplicamos nuestras competencias y experiencias en el desarrollo de los cinco programas internos de Benchmark Genetics para el salm\u00f3n del Atl\u00e1ntico,\u00a0<em>P. vannamei<\/em>\u00a0y la tilapia nilotica utilizando tecnolog\u00edas de vanguardia. Nuestros clientes obtienen acceso a la experiencia, los recursos y los sistemas que hemos desarrollado para respaldar estos programas.<\/p>\n<\/div><\/div><div class=\"w-btn-wrapper align_none\"><a class=\"w-btn us-btn-style_1\" title=\"Servicios de Gen\u00e9tica\" href=\"https:\/\/www.bmkgenetics.com\/es\/services\/genetic-services\/\"><span class=\"w-btn-label\">M\u00e1s sobre nuestros servicios<\/span><\/a><\/div><\/div><\/div><\/div><\/div><\/div><\/div><\/div><\/div><\/div><\/section><section class=\"l-section wpb_row height_large color_alternate\" id=\"Products\"><div class=\"l-section-h i-cf\"><div class=\"g-cols vc_row via_flex valign_top type_default stacking_default\"><div class=\"vc_col-sm-12 wpb_column vc_column_container\"><div class=\"vc_column-inner\"><div class=\"wpb_wrapper\">[vc_custom_heading text=\u00bbProductos\u00bb use_theme_fonts=\u00bbyes\u00bb]<div class=\"w-grid us_grid us_custom_ae99f6aa has_text_color type_grid layout_394 no_results cols_2 pagination_ajax overflow_hidden preload_style_spinner\" id=\"us_grid_1\" style=\"--columns:2;--gap:1rem;\" data-filterable=\"true\"><style>@media (max-width:767px){#us_grid_1{--columns:1!important}}.layout_394 .w-grid-item-h{color:var(--color-content-text);border-radius:0rem}.layout_394 .usg_post_title_1{color:#1a1a1a!important}.layout_394 .usg_vwrapper_1{padding:2rem!important;background:#ffffff!important}.layout_394 .usg_post_content_1{margin-top:1rem!important;margin-bottom:0!important}@media (min-width:768px) and (max-width:1024px){.layout_394 .usg_vwrapper_1{padding:2rem!important}}@media (max-width:767px){.layout_394 .usg_vwrapper_1{padding:1.5rem!important}}<\/style><div class=\"w-grid-list\"><\/div>\t<div class=\"w-grid-preloader\">\r\n\t\t<div class=\"g-preloader type_1\">\r\n\t\t\t<div><\/div>\r\n\t\t<\/div>\r\n\t<\/div>\r\n\t\t<div class=\"w-grid-json hidden\" onclick='return {&quot;action&quot;:&quot;us_ajax_grid&quot;,&quot;infinite_scroll&quot;:0,&quot;max_num_pages&quot;:0,&quot;pagination&quot;:&quot;ajax&quot;,&quot;template_vars&quot;:{&quot;columns&quot;:&quot;2&quot;,&quot;exclude_items&quot;:&quot;none&quot;,&quot;img_size&quot;:&quot;default&quot;,&quot;ignore_items_size&quot;:0,&quot;items_layout&quot;:&quot;394&quot;,&quot;items_offset&quot;:&quot;1&quot;,&quot;load_animation&quot;:&quot;none&quot;,&quot;overriding_link&quot;:&quot;%7B%22type%22%3A%22post%22%7D&quot;,&quot;post_id&quot;:0,&quot;query_args&quot;:{&quot;post_type&quot;:[&quot;prod&quot;],&quot;tax_query&quot;:[{&quot;taxonomy&quot;:&quot;prodcat&quot;,&quot;field&quot;:&quot;slug&quot;,&quot;terms&quot;:[&quot;genetic-services&quot;]}],&quot;post_status&quot;:[&quot;publish&quot;,&quot;acf-disabled&quot;],&quot;posts_per_page&quot;:&quot;4&quot;,&quot;post_mime_type&quot;:null},&quot;orderby_query_args&quot;:{&quot;orderby&quot;:{&quot;menu_order&quot;:&quot;ASC&quot;},&quot;order&quot;:&quot;ASC&quot;},&quot;type&quot;:&quot;grid&quot;,&quot;us_grid_post_type&quot;:&quot;prod&quot;,&quot;us_grid_ajax_index&quot;:1,&quot;us_grid_filter_query_string&quot;:null,&quot;us_grid_index&quot;:1,&quot;page_args&quot;:[],&quot;lang&quot;:&quot;es&quot;}}'><\/div>\r\n\t<\/div><div class=\"w-grid-none type_message\">No se han encontrado resultados.<\/div><\/div><\/div><\/div><\/div><\/div><\/section><section class=\"l-section wpb_row height_large\" id=\"News\"><div class=\"l-section-h i-cf\"><div class=\"g-cols vc_row via_flex valign_top type_default stacking_default\"><div class=\"vc_col-sm-12 wpb_column vc_column_container\"><div class=\"vc_column-inner\"><div class=\"wpb_wrapper\"><div class=\"g-cols wpb_row via_flex valign_top type_default stacking_default\"><div class=\"vc_col-sm-8 wpb_column vc_column_container\"><div class=\"vc_column-inner\"><div class=\"wpb_wrapper\">[vc_custom_heading text=\u00bbNoticias relacionadas\u00bb use_theme_fonts=\u00bbyes\u00bb]<\/div><\/div><\/div><div class=\"vc_col-sm-4 wpb_column vc_column_container\"><div class=\"vc_column-inner\"><div class=\"wpb_wrapper\"><div class=\"w-btn-wrapper align_right\"><a class=\"w-btn us-btn-style_3\" href=\"\/about\/news\/latest\/\"><span class=\"w-btn-label\">Archivo de noticias<\/span><\/a><\/div><\/div><\/div><\/div><\/div><div class=\"w-separator size_medium\"><\/div><div class=\"w-grid us_carousel fading-carousel type_carousel layout_345 overflow_hidden preload_style_spinner items_3\" id=\"us_grid_2\" style=\"--items:3;--gap:1rem;\"><style>.layout_345 .w-grid-item-h{color:var(--color-content-text);border-radius:0rem}.layout_345 .usg_post_title_1{color:#1a1a1a!important}.layout_345 .usg_vwrapper_1{height:9.6em!important;padding:1.35rem!important;background:#ffffff!important}.layout_345 .usg_hwrapper_1{color:var(--color-content-faded)!important}<\/style><div class=\"w-grid-list owl-carousel valign_stretch dotstyle_circle navstyle_2 arrows-ver-pos_middle arrows-hor-pos_on_sides_inside arrows-disabled_hide owl-responsive-2000 with_arrows\" style=\"--transition-duration:350ms;--arrows-size:3rem;--arrows-hor-offset:calc(0px - 1rem);--arrows-gap:10px;\">\t<article class=\"w-grid-item post-6674 post type-post status-publish format-standard has-post-thumbnail hentry category-news-es tag-genetic-services-es tag-salmon-es tag-shrimp-es tag-tilapia-es prodloc-americas prodloc-chile prodloc-china prodloc-iceland prodloc-norway prodloc-thailand prodloc-usa prodloc-vietnam\" data-id=\"6674\">\r\n\t\t<div class=\"w-grid-item-h\">\r\n\t\t\t\t\t\t<div class=\"w-post-elm post_image usg_post_image_1 has_ratio\"><a href=\"https:\/\/www.bmkgenetics.com\/es\/benchmark-insights-issue-2-welfare-in-aquaculture\/\" aria-label=\"Benchmark Insights 2da edici\u00f3n &#8211; \u00abWelfare in aquaculture\u00bb\"><img loading=\"lazy\" decoding=\"async\" width=\"1024\" height=\"576\" src=\"https:\/\/www.bmkgenetics.com\/wp-content\/uploads\/2021\/07\/BMK-cover-1024x576.png\" class=\"attachment-large size-large wp-post-image\" alt=\"\" \/><\/a><div style=\"padding-bottom:100%\"><\/div><\/div><div class=\"w-vwrapper usg_vwrapper_1 cornernotch align_left valign_top\"><div class=\"w-hwrapper usg_hwrapper_1 has_text_color align_left valign_top wrap\" style=\"--hwrapper-gap:10px\"><div class=\"w-post-elm post_taxonomy usg_post_taxonomy_1 style_simple color_link_inherit\"><a class=\"term-175 term-news-es\" href=\"https:\/\/www.bmkgenetics.com\/es\/category\/news-es\/\"><span class=\"w-btn-label\">Noticias<\/span><\/a><\/div><span class=\"w-text usg_text_1\"><span class=\"w-text-h\"><span class=\"w-text-value\">|<\/span><\/span><\/span><time class=\"w-post-elm post_date usg_post_date_1 entry-date published\" datetime=\"2021-07-22T11:03:34+02:00\">22 de julio de 2021<\/time><\/div><h4 class=\"w-post-elm post_title usg_post_title_1 line-clamp lines-3 has_text_color entry-title color_link_inherit\"><a href=\"https:\/\/www.bmkgenetics.com\/es\/benchmark-insights-issue-2-welfare-in-aquaculture\/\">Benchmark Insights 2da edici\u00f3n &#8211; \u00abWelfare in aquaculture\u00bb<\/a><\/h4><\/div>\t\t<\/div>\r\n\t\t\t<\/article>\r\n<\/div><div class=\"w-grid-carousel-json hidden\" onclick='return {&quot;carousel_settings&quot;:{&quot;aria_labels&quot;:{&quot;prev&quot;:&quot;Anterior&quot;,&quot;next&quot;:&quot;Siguiente&quot;},&quot;autoplayContinual&quot;:false,&quot;autoplayHoverPause&quot;:false,&quot;autoplayTimeout&quot;:3000,&quot;autoWidth&quot;:false,&quot;smartSpeed&quot;:350,&quot;margin&quot;:0,&quot;mouseDrag&quot;:true,&quot;rtl&quot;:false,&quot;slideBy&quot;:&quot;page&quot;,&quot;touchDrag&quot;:true,&quot;slideTransition&quot;:&quot;&quot;,&quot;responsive&quot;:{&quot;0&quot;:{&quot;autoHeight&quot;:false,&quot;autoplay&quot;:true,&quot;autoWidth&quot;:false,&quot;center&quot;:false,&quot;dots&quot;:false,&quot;items&quot;:1,&quot;loop&quot;:false,&quot;nav&quot;:false,&quot;stagePadding&quot;:0,&quot;slideBy&quot;:&quot;1&quot;},&quot;768&quot;:{&quot;autoHeight&quot;:false,&quot;autoplay&quot;:true,&quot;autoWidth&quot;:false,&quot;center&quot;:false,&quot;dots&quot;:false,&quot;items&quot;:2,&quot;loop&quot;:false,&quot;nav&quot;:true,&quot;stagePadding&quot;:0,&quot;slideBy&quot;:&quot;1&quot;},&quot;1025&quot;:{&quot;autoHeight&quot;:false,&quot;autoplay&quot;:true,&quot;autoWidth&quot;:false,&quot;center&quot;:false,&quot;dots&quot;:false,&quot;items&quot;:3,&quot;loop&quot;:false,&quot;nav&quot;:true,&quot;stagePadding&quot;:0,&quot;slideBy&quot;:&quot;1&quot;},&quot;1381&quot;:{&quot;items&quot;:3,&quot;autoplay&quot;:false,&quot;center&quot;:false,&quot;dots&quot;:false,&quot;nav&quot;:true,&quot;autoHeight&quot;:false,&quot;autoWidth&quot;:false,&quot;loop&quot;:false,&quot;stagePadding&quot;:0}}}}'><\/div><\/div><\/div><\/div><\/div><\/div><\/div><\/section><section class=\"l-section wpb_row height_large color_alternate\" id=\"CaseStudies\"><div class=\"l-section-h i-cf\"><div class=\"g-cols vc_row via_flex valign_top type_default stacking_default\"><div class=\"vc_col-sm-12 wpb_column vc_column_container\"><div class=\"vc_column-inner\"><div class=\"wpb_wrapper\"><div class=\"g-cols wpb_row via_flex valign_top type_default stacking_default\"><div class=\"vc_col-sm-8 wpb_column vc_column_container\"><div class=\"vc_column-inner\"><div class=\"wpb_wrapper\">[vc_custom_heading text=\u00bbEstudios monogr\u00e1ficos relacionados\u00bb use_theme_fonts=\u00bbyes\u00bb]<\/div><\/div><\/div><div class=\"vc_col-sm-4 wpb_column vc_column_container\"><div class=\"vc_column-inner\"><div class=\"wpb_wrapper\"><div class=\"w-btn-wrapper align_right\"><a class=\"w-btn us-btn-style_5\" href=\"https:\/\/www.bmkgenetics.com\/es\/about\/noticias\/estudios-monograficos\/\"><span class=\"w-btn-label\">Todos los estudios monogr\u00e1ficos<\/span><\/a><\/div><\/div><\/div><\/div><\/div><div class=\"w-separator size_medium\"><\/div><div class=\"w-grid us_carousel fading-carousel type_carousel layout_345 no_results overflow_hidden preload_style_spinner items_3\" id=\"us_grid_3\" style=\"--items:3;--gap:1rem;\"><div class=\"w-grid-list owl-carousel valign_stretch dotstyle_circle navstyle_2 arrows-ver-pos_middle arrows-hor-pos_on_sides_inside arrows-disabled_hide owl-responsive-2000 with_arrows\" style=\"--transition-duration:350ms;--arrows-size:3rem;--arrows-hor-offset:calc(0px - 1rem);--arrows-gap:10px;\"><\/div><div class=\"w-grid-carousel-json hidden\" onclick='return {&quot;carousel_settings&quot;:{&quot;aria_labels&quot;:{&quot;prev&quot;:&quot;Anterior&quot;,&quot;next&quot;:&quot;Siguiente&quot;},&quot;autoplayContinual&quot;:false,&quot;autoplayHoverPause&quot;:false,&quot;autoplayTimeout&quot;:3000,&quot;autoWidth&quot;:false,&quot;smartSpeed&quot;:350,&quot;margin&quot;:0,&quot;mouseDrag&quot;:true,&quot;rtl&quot;:false,&quot;slideBy&quot;:&quot;page&quot;,&quot;touchDrag&quot;:true,&quot;slideTransition&quot;:&quot;&quot;,&quot;responsive&quot;:{&quot;0&quot;:{&quot;autoHeight&quot;:false,&quot;autoplay&quot;:true,&quot;autoWidth&quot;:false,&quot;center&quot;:false,&quot;dots&quot;:false,&quot;items&quot;:1,&quot;loop&quot;:false,&quot;nav&quot;:false,&quot;stagePadding&quot;:0,&quot;slideBy&quot;:&quot;1&quot;},&quot;768&quot;:{&quot;autoHeight&quot;:false,&quot;autoplay&quot;:true,&quot;autoWidth&quot;:false,&quot;center&quot;:false,&quot;dots&quot;:false,&quot;items&quot;:2,&quot;loop&quot;:false,&quot;nav&quot;:true,&quot;stagePadding&quot;:0,&quot;slideBy&quot;:&quot;1&quot;},&quot;1025&quot;:{&quot;autoHeight&quot;:false,&quot;autoplay&quot;:true,&quot;autoWidth&quot;:false,&quot;center&quot;:false,&quot;dots&quot;:false,&quot;items&quot;:3,&quot;loop&quot;:false,&quot;nav&quot;:true,&quot;stagePadding&quot;:0,&quot;slideBy&quot;:&quot;1&quot;},&quot;1381&quot;:{&quot;items&quot;:3,&quot;autoplay&quot;:false,&quot;center&quot;:false,&quot;dots&quot;:false,&quot;nav&quot;:true,&quot;autoHeight&quot;:false,&quot;autoWidth&quot;:false,&quot;loop&quot;:false,&quot;stagePadding&quot;:0}}}}'><\/div><\/div><div class=\"w-grid-none type_message\">No se han encontrado resultados.<\/div><\/div><\/div><\/div><\/div><\/div><\/section>\n","protected":false},"excerpt":{"rendered":"Los puntos de vista de la sociedad sobre el bienestar animal est\u00e1n dando forma a las pr\u00e1cticas de la acuicultura Estamos encantados de presentar nuestra segunda edici\u00f3n de \"Benchmark Insights\", titulada \"Bienestar en la acuicultura: impulsores, tendencias y mejores pr\u00e1cticas\". A trav\u00e9s de una serie de entrevistas, esta segunda edici\u00f3n re\u00fane a cient\u00edficos, acad\u00e9micos, productores...","protected":false},"author":1,"featured_media":0,"parent":6650,"menu_order":0,"comment_status":"closed","ping_status":"closed","template":"","meta":{"_acf_changed":false,"footnotes":""},"class_list":["post-6816","page","type-page","status-publish","hentry"],"acf":[],"yoast_head":"<!-- This site is optimized with the Yoast SEO plugin v27.4 - https:\/\/yoast.com\/product\/yoast-seo-wordpress\/ -->\n<title>Otras regiones - Benchmark Genetics<\/title>\n<meta name=\"robots\" content=\"index, follow, max-snippet:-1, max-image-preview:large, max-video-preview:-1\" \/>\n<link rel=\"canonical\" href=\"https:\/\/www.bmkgenetics.com\/es\/services\/genetic-services\/otras-regiones\/\" \/>\n<meta property=\"og:locale\" content=\"es_ES\" \/>\n<meta property=\"og:type\" content=\"article\" \/>\n<meta property=\"og:title\" content=\"Otras regiones - Benchmark Genetics\" \/>\n<meta property=\"og:url\" content=\"https:\/\/www.bmkgenetics.com\/es\/services\/genetic-services\/otras-regiones\/\" \/>\n<meta property=\"og:site_name\" content=\"Benchmark Genetics\" \/>\n<meta property=\"article:publisher\" content=\"https:\/\/www.facebook.com\/benchmarkgenetics\/\" \/>\n<meta property=\"article:modified_time\" content=\"2021-08-02T08:38:19+00:00\" \/>\n<meta property=\"og:image\" content=\"https:\/\/www.bmkgenetics.com\/wp-content\/uploads\/2021\/04\/logo-whitebg-528x135-in-800x600-1.png\" \/>\n\t<meta property=\"og:image:width\" content=\"800\" \/>\n\t<meta property=\"og:image:height\" content=\"600\" \/>\n\t<meta property=\"og:image:type\" content=\"image\/png\" \/>\n<meta name=\"twitter:card\" content=\"summary_large_image\" \/>\n<meta name=\"twitter:site\" content=\"@WeAreBenchmark\" \/>\n<meta name=\"twitter:label1\" content=\"Tiempo de lectura\" \/>\n\t<meta name=\"twitter:data1\" content=\"2 minutos\" \/>\n<script type=\"application\/ld+json\" class=\"yoast-schema-graph\">{\"@context\":\"https:\\\/\\\/schema.org\",\"@graph\":[{\"@type\":\"WebPage\",\"@id\":\"https:\\\/\\\/www.bmkgenetics.com\\\/es\\\/services\\\/genetic-services\\\/otras-regiones\\\/\",\"url\":\"https:\\\/\\\/www.bmkgenetics.com\\\/es\\\/services\\\/genetic-services\\\/otras-regiones\\\/\",\"name\":\"Otras regiones - Benchmark Genetics\",\"isPartOf\":{\"@id\":\"https:\\\/\\\/www.bmkgenetics.com\\\/es\\\/#website\"},\"datePublished\":\"2021-08-02T08:38:18+00:00\",\"dateModified\":\"2021-08-02T08:38:19+00:00\",\"breadcrumb\":{\"@id\":\"https:\\\/\\\/www.bmkgenetics.com\\\/es\\\/services\\\/genetic-services\\\/otras-regiones\\\/#breadcrumb\"},\"inLanguage\":\"es\",\"potentialAction\":[{\"@type\":\"ReadAction\",\"target\":[\"https:\\\/\\\/www.bmkgenetics.com\\\/es\\\/services\\\/genetic-services\\\/otras-regiones\\\/\"]}]},{\"@type\":\"BreadcrumbList\",\"@id\":\"https:\\\/\\\/www.bmkgenetics.com\\\/es\\\/services\\\/genetic-services\\\/otras-regiones\\\/#breadcrumb\",\"itemListElement\":[{\"@type\":\"ListItem\",\"position\":1,\"name\":\"Productos\",\"item\":\"https:\\\/\\\/www.bmkgenetics.com\\\/es\\\/services\\\/\"},{\"@type\":\"ListItem\",\"position\":2,\"name\":\"Servicios Gen\u00e9ticos\",\"item\":\"https:\\\/\\\/www.bmkgenetics.com\\\/es\\\/services\\\/genetic-services\\\/\"},{\"@type\":\"ListItem\",\"position\":3,\"name\":\"Otras regiones\"}]},{\"@type\":\"WebSite\",\"@id\":\"https:\\\/\\\/www.bmkgenetics.com\\\/es\\\/#website\",\"url\":\"https:\\\/\\\/www.bmkgenetics.com\\\/es\\\/\",\"name\":\"Benchmark Genetics\",\"description\":\"Driving sustainability in aquaculture\",\"potentialAction\":[{\"@type\":\"SearchAction\",\"target\":{\"@type\":\"EntryPoint\",\"urlTemplate\":\"https:\\\/\\\/www.bmkgenetics.com\\\/es\\\/?s={search_term_string}\"},\"query-input\":{\"@type\":\"PropertyValueSpecification\",\"valueRequired\":true,\"valueName\":\"search_term_string\"}}],\"inLanguage\":\"es\"}]}<\/script>\n<!-- \/ Yoast SEO plugin. -->","yoast_head_json":{"title":"Otras regiones - Benchmark Genetics","robots":{"index":"index","follow":"follow","max-snippet":"max-snippet:-1","max-image-preview":"max-image-preview:large","max-video-preview":"max-video-preview:-1"},"canonical":"https:\/\/www.bmkgenetics.com\/es\/services\/genetic-services\/otras-regiones\/","og_locale":"es_ES","og_type":"article","og_title":"Otras regiones - Benchmark Genetics","og_url":"https:\/\/www.bmkgenetics.com\/es\/services\/genetic-services\/otras-regiones\/","og_site_name":"Benchmark Genetics","article_publisher":"https:\/\/www.facebook.com\/benchmarkgenetics\/","article_modified_time":"2021-08-02T08:38:19+00:00","og_image":[{"width":800,"height":600,"url":"https:\/\/www.bmkgenetics.com\/wp-content\/uploads\/2021\/04\/logo-whitebg-528x135-in-800x600-1.png","type":"image\/png"}],"twitter_card":"summary_large_image","twitter_site":"@WeAreBenchmark","twitter_misc":{"Tiempo de lectura":"2 minutos"},"schema":{"@context":"https:\/\/schema.org","@graph":[{"@type":"WebPage","@id":"https:\/\/www.bmkgenetics.com\/es\/services\/genetic-services\/otras-regiones\/","url":"https:\/\/www.bmkgenetics.com\/es\/services\/genetic-services\/otras-regiones\/","name":"Otras regiones - Benchmark Genetics","isPartOf":{"@id":"https:\/\/www.bmkgenetics.com\/es\/#website"},"datePublished":"2021-08-02T08:38:18+00:00","dateModified":"2021-08-02T08:38:19+00:00","breadcrumb":{"@id":"https:\/\/www.bmkgenetics.com\/es\/services\/genetic-services\/otras-regiones\/#breadcrumb"},"inLanguage":"es","potentialAction":[{"@type":"ReadAction","target":["https:\/\/www.bmkgenetics.com\/es\/services\/genetic-services\/otras-regiones\/"]}]},{"@type":"BreadcrumbList","@id":"https:\/\/www.bmkgenetics.com\/es\/services\/genetic-services\/otras-regiones\/#breadcrumb","itemListElement":[{"@type":"ListItem","position":1,"name":"Productos","item":"https:\/\/www.bmkgenetics.com\/es\/services\/"},{"@type":"ListItem","position":2,"name":"Servicios Gen\u00e9ticos","item":"https:\/\/www.bmkgenetics.com\/es\/services\/genetic-services\/"},{"@type":"ListItem","position":3,"name":"Otras regiones"}]},{"@type":"WebSite","@id":"https:\/\/www.bmkgenetics.com\/es\/#website","url":"https:\/\/www.bmkgenetics.com\/es\/","name":"Benchmark Genetics","description":"Driving sustainability in aquaculture","potentialAction":[{"@type":"SearchAction","target":{"@type":"EntryPoint","urlTemplate":"https:\/\/www.bmkgenetics.com\/es\/?s={search_term_string}"},"query-input":{"@type":"PropertyValueSpecification","valueRequired":true,"valueName":"search_term_string"}}],"inLanguage":"es"}]}},"_links":{"self":[{"href":"https:\/\/www.bmkgenetics.com\/es\/wp-json\/wp\/v2\/pages\/6816","targetHints":{"allow":["GET"]}}],"collection":[{"href":"https:\/\/www.bmkgenetics.com\/es\/wp-json\/wp\/v2\/pages"}],"about":[{"href":"https:\/\/www.bmkgenetics.com\/es\/wp-json\/wp\/v2\/types\/page"}],"author":[{"embeddable":true,"href":"https:\/\/www.bmkgenetics.com\/es\/wp-json\/wp\/v2\/users\/1"}],"replies":[{"embeddable":true,"href":"https:\/\/www.bmkgenetics.com\/es\/wp-json\/wp\/v2\/comments?post=6816"}],"version-history":[{"count":0,"href":"https:\/\/www.bmkgenetics.com\/es\/wp-json\/wp\/v2\/pages\/6816\/revisions"}],"up":[{"embeddable":true,"href":"https:\/\/www.bmkgenetics.com\/es\/wp-json\/wp\/v2\/pages\/6650"}],"wp:attachment":[{"href":"https:\/\/www.bmkgenetics.com\/es\/wp-json\/wp\/v2\/media?parent=6816"}],"curies":[{"name":"wp","href":"https:\/\/api.w.org\/{rel}","templated":true}]}}