{"id":6814,"date":"2021-08-02T10:08:26","date_gmt":"2021-08-02T08:08:26","guid":{"rendered":"https:\/\/www.bmkgenetics.com\/services\/salmon\/norway\/benchmark-genetics-salten\/"},"modified":"2023-11-29T10:33:14","modified_gmt":"2023-11-29T09:33:14","slug":"benchmark-genetics-salten","status":"publish","type":"page","link":"https:\/\/www.bmkgenetics.com\/es\/services\/salmon\/norway\/benchmark-genetics-salten\/","title":{"rendered":"Benchmark Genetics Salten"},"content":{"rendered":"<section class=\"l-section wpb_row leftheading-rightbody height_large\"><div class=\"l-section-h i-cf\"><div class=\"g-cols vc_row via_flex valign_top type_default stacking_default\"><div class=\"vc_col-sm-12 wpb_column vc_column_container\"><div class=\"vc_column-inner\"><div class=\"wpb_wrapper\"><div class=\"g-cols wpb_row via_flex valign_top type_default stacking_default\"><div class=\"vc_col-sm-12 vc_col-md-8 wpb_column vc_column_container\"><div class=\"vc_column-inner\"><div class=\"wpb_wrapper\">[vc_custom_heading text=\u00bbLa instalaci\u00f3n terrestre m\u00e1s avanzada del mundo para la producci\u00f3n de ova de salm\u00f3n\u00bb use_theme_fonts=\u00bbyes\u00bb]<\/div><\/div><\/div><div class=\"vc_col-sm-4 vc_hidden-sm vc_hidden-xs wpb_column vc_column_container\"><div class=\"vc_column-inner\"><div class=\"wpb_wrapper\"><\/div><\/div><\/div><\/div><div class=\"g-cols wpb_row via_flex valign_top type_default stacking_default\"><div class=\"vc_col-sm-4 vc_hidden-sm vc_hidden-xs wpb_column vc_column_container\"><div class=\"vc_column-inner\"><div class=\"wpb_wrapper\"><div class=\"w-image style_outlined align_none\"><a target=\"_blank\" rel=\"nofollow\" href=\"https:\/\/true.dn.no\/gaselle-2023-benchmark-genetics-salten\/\" aria-label=\"Gaselle 2023 emblem\" class=\"w-image-h\"><img decoding=\"async\" width=\"1024\" height=\"1024\" src=\"https:\/\/www.bmkgenetics.com\/wp-content\/uploads\/2023\/11\/Gaselle-2023-emblem-1-1024x1024.webp\" class=\"attachment-large size-large\" alt=\"\" loading=\"lazy\" srcset=\"https:\/\/www.bmkgenetics.com\/wp-content\/uploads\/2023\/11\/Gaselle-2023-emblem-1-1024x1024.webp 1024w, https:\/\/www.bmkgenetics.com\/wp-content\/uploads\/2023\/11\/Gaselle-2023-emblem-1-300x300.webp 300w, https:\/\/www.bmkgenetics.com\/wp-content\/uploads\/2023\/11\/Gaselle-2023-emblem-1-150x150.webp 150w, https:\/\/www.bmkgenetics.com\/wp-content\/uploads\/2023\/11\/Gaselle-2023-emblem-1-250x250.webp 250w, https:\/\/www.bmkgenetics.com\/wp-content\/uploads\/2023\/11\/Gaselle-2023-emblem-1-200x200.webp 200w, https:\/\/www.bmkgenetics.com\/wp-content\/uploads\/2023\/11\/Gaselle-2023-emblem-1-100x100.webp 100w, https:\/\/www.bmkgenetics.com\/wp-content\/uploads\/2023\/11\/Gaselle-2023-emblem-1-40x40.webp 40w, https:\/\/www.bmkgenetics.com\/wp-content\/uploads\/2023\/11\/Gaselle-2023-emblem-1-scaled.webp 1680w\" sizes=\"auto, (max-width: 1024px) 100vw, 1024px\" \/><\/a><\/div><\/div><\/div><\/div><div class=\"vc_col-sm-12 vc_col-md-8 wpb_column vc_column_container\"><div class=\"vc_column-inner\"><div class=\"wpb_wrapper\"><div class=\"wpb_text_column\"><div class=\"wpb_wrapper\"><p>Ubicada en un entorno hermoso y remoto, Benchmark Genetics Salten est\u00e1 dise\u00f1ada para mantener en tierra todo el ciclo de vida de los reproductores, incluidas todas las etapas, desde la ova hasta el reproductor maduro. Esto da como resultado los m\u00e1s altos est\u00e1ndares de bioseguridad en la industria. El agua de mar se bombea desde profundidades de entre 15 y 70 metros y se recoge agua dulce de S\u00f8rfjordvatnet sin presencia de peces an\u00f3dromos.<\/p>\n<p>El sitio se opera con tres sistemas diferentes; RAS, reutilizaci\u00f3n y flujo continuo, dependiendo de las etapas de la vida y si el pez se mantiene toda su vida en tierra o solo parcialmente.<\/p>\n<\/div><\/div><div class=\"wpb_text_column\"><div class=\"wpb_wrapper\"><p>El modelo de producci\u00f3n en Benchmark Genetics Salten incluye un sistema parcial de mar (ciclo semicerrado) y un sistema terrestre (sistema cerrado) donde los reproductores se toman en tierra de granjas marinas ubicadas remotamente en el fiordo Skjerstad y Kvar\u00f8y. Pasando as\u00ed el \u00faltimo a\u00f1o de su ciclo de vida en un compartimento separado en tierra. Antes y durante su estad\u00eda en las instalaciones de Benchmark Genetics Salten, se toman muestras de los reproductores y se analizan en busca de una lista espec\u00edfica de pat\u00f3genos.<\/p>\n<p>Los peces se someten a un programa de supervisi\u00f3n sustancial para garantizar los niveles m\u00e1s altos de bioseguridad. La raz\u00f3n de ser de esta producci\u00f3n combinada es proporcionar un n\u00famero suficiente de candidatos para la reproducci\u00f3n con la mejor combinaci\u00f3n de genes para la producci\u00f3n de n\u00facleos y ovas. Tener reproductores en diferentes ubicaciones tambi\u00e9n es un factor para la reducci\u00f3n de riesgos en el programa de reproducci\u00f3n y asegura el suministro de ovas a nuestros clientes.<\/p>\n<p><strong>Benchmark Genetics Salten en cifras:<\/strong><\/p>\n<ul>\n<li>10.000 m2 construidos<\/li>\n<li>8.000 m3 de capacidad<\/li>\n<li>150 milliones de ovas por a\u00f1o<\/li>\n<\/ul>\n<\/div><\/div><\/div><\/div><\/div><\/div><\/div><\/div><\/div><\/div><\/div><\/section>\n","protected":false},"excerpt":{"rendered":"[vc_custom_heading text=\"La instalaci\u00f3n terrestre m\u00e1s avanzada del mundo para la producci\u00f3n de ova de salm\u00f3n\" use_theme_fonts=\"yes\"]Ubicada en un entorno hermoso y remoto, Benchmark Genetics Salten est\u00e1 dise\u00f1ada para mantener en tierra todo el ciclo de vida de los reproductores, incluidas todas las etapas, desde la ova hasta el reproductor maduro. Esto da como resultado los...","protected":false},"author":99,"featured_media":0,"parent":6694,"menu_order":0,"comment_status":"closed","ping_status":"closed","template":"","meta":{"_acf_changed":false,"footnotes":""},"class_list":["post-6814","page","type-page","status-publish","hentry"],"acf":[],"yoast_head":"<!-- This site is optimized with the Yoast SEO plugin v27.3 - https:\/\/yoast.com\/product\/yoast-seo-wordpress\/ -->\n<title>Benchmark Genetics Salten - Benchmark Genetics - Breeding for the future<\/title>\n<meta name=\"description\" content=\"Ubicada en el norte de Noruega, Benchmark Genetics Salten es la instalaci\u00f3n terrestre m\u00e1s avanzada del mundo para la producci\u00f3n de ovas de salm\u00f3n.\" \/>\n<meta name=\"robots\" content=\"index, follow, max-snippet:-1, max-image-preview:large, max-video-preview:-1\" \/>\n<link rel=\"canonical\" href=\"https:\/\/www.bmkgenetics.com\/es\/services\/salmon\/norway\/benchmark-genetics-salten\/\" \/>\n<meta property=\"og:locale\" content=\"es_ES\" \/>\n<meta property=\"og:type\" content=\"article\" \/>\n<meta property=\"og:title\" content=\"Benchmark Genetics Salten - Benchmark Genetics - Breeding for the future\" \/>\n<meta property=\"og:description\" content=\"Ubicada en el norte de Noruega, Benchmark Genetics Salten es la instalaci\u00f3n terrestre m\u00e1s avanzada del mundo para la producci\u00f3n de ovas de salm\u00f3n.\" \/>\n<meta property=\"og:url\" content=\"https:\/\/www.bmkgenetics.com\/es\/services\/salmon\/norway\/benchmark-genetics-salten\/\" \/>\n<meta property=\"og:site_name\" content=\"Benchmark Genetics\" \/>\n<meta property=\"article:publisher\" content=\"https:\/\/www.facebook.com\/benchmarkgenetics\/\" \/>\n<meta property=\"article:modified_time\" content=\"2023-11-29T09:33:14+00:00\" \/>\n<meta property=\"og:image\" content=\"https:\/\/www.bmkgenetics.com\/wp-content\/uploads\/2021\/04\/logo-whitebg-528x135-in-800x600-1.png\" \/>\n\t<meta property=\"og:image:width\" content=\"800\" \/>\n\t<meta property=\"og:image:height\" content=\"600\" \/>\n\t<meta property=\"og:image:type\" content=\"image\/png\" \/>\n<meta name=\"twitter:card\" content=\"summary_large_image\" \/>\n<meta name=\"twitter:site\" content=\"@WeAreBenchmark\" \/>\n<meta name=\"twitter:label1\" content=\"Tiempo de lectura\" \/>\n\t<meta name=\"twitter:data1\" content=\"2 minutos\" \/>\n<script type=\"application\/ld+json\" class=\"yoast-schema-graph\">{\"@context\":\"https:\\\/\\\/schema.org\",\"@graph\":[{\"@type\":\"WebPage\",\"@id\":\"https:\\\/\\\/www.bmkgenetics.com\\\/es\\\/services\\\/salmon\\\/norway\\\/benchmark-genetics-salten\\\/\",\"url\":\"https:\\\/\\\/www.bmkgenetics.com\\\/es\\\/services\\\/salmon\\\/norway\\\/benchmark-genetics-salten\\\/\",\"name\":\"Benchmark Genetics Salten - Benchmark Genetics - Breeding for the future\",\"isPartOf\":{\"@id\":\"https:\\\/\\\/www.bmkgenetics.com\\\/es\\\/#website\"},\"datePublished\":\"2021-08-02T08:08:26+00:00\",\"dateModified\":\"2023-11-29T09:33:14+00:00\",\"description\":\"Ubicada en el norte de Noruega, Benchmark Genetics Salten es la instalaci\u00f3n terrestre m\u00e1s avanzada del mundo para la producci\u00f3n de ovas de salm\u00f3n.\",\"breadcrumb\":{\"@id\":\"https:\\\/\\\/www.bmkgenetics.com\\\/es\\\/services\\\/salmon\\\/norway\\\/benchmark-genetics-salten\\\/#breadcrumb\"},\"inLanguage\":\"es\",\"potentialAction\":[{\"@type\":\"ReadAction\",\"target\":[\"https:\\\/\\\/www.bmkgenetics.com\\\/es\\\/services\\\/salmon\\\/norway\\\/benchmark-genetics-salten\\\/\"]}]},{\"@type\":\"BreadcrumbList\",\"@id\":\"https:\\\/\\\/www.bmkgenetics.com\\\/es\\\/services\\\/salmon\\\/norway\\\/benchmark-genetics-salten\\\/#breadcrumb\",\"itemListElement\":[{\"@type\":\"ListItem\",\"position\":1,\"name\":\"Productos\",\"item\":\"https:\\\/\\\/www.bmkgenetics.com\\\/es\\\/services\\\/\"},{\"@type\":\"ListItem\",\"position\":2,\"name\":\"Ova de salm\u00f3n\",\"item\":\"https:\\\/\\\/www.bmkgenetics.com\\\/es\\\/services\\\/salmon\\\/\"},{\"@type\":\"ListItem\",\"position\":3,\"name\":\"Noruega\",\"item\":\"https:\\\/\\\/www.bmkgenetics.com\\\/es\\\/services\\\/salmon\\\/norway\\\/\"},{\"@type\":\"ListItem\",\"position\":4,\"name\":\"Benchmark Genetics Salten\"}]},{\"@type\":\"WebSite\",\"@id\":\"https:\\\/\\\/www.bmkgenetics.com\\\/es\\\/#website\",\"url\":\"https:\\\/\\\/www.bmkgenetics.com\\\/es\\\/\",\"name\":\"Benchmark Genetics\",\"description\":\"Driving sustainability in aquaculture\",\"potentialAction\":[{\"@type\":\"SearchAction\",\"target\":{\"@type\":\"EntryPoint\",\"urlTemplate\":\"https:\\\/\\\/www.bmkgenetics.com\\\/es\\\/?s={search_term_string}\"},\"query-input\":{\"@type\":\"PropertyValueSpecification\",\"valueRequired\":true,\"valueName\":\"search_term_string\"}}],\"inLanguage\":\"es\"}]}<\/script>\n<!-- \/ Yoast SEO plugin. -->","yoast_head_json":{"title":"Benchmark Genetics Salten - Benchmark Genetics - Breeding for the future","description":"Ubicada en el norte de Noruega, Benchmark Genetics Salten es la instalaci\u00f3n terrestre m\u00e1s avanzada del mundo para la producci\u00f3n de ovas de salm\u00f3n.","robots":{"index":"index","follow":"follow","max-snippet":"max-snippet:-1","max-image-preview":"max-image-preview:large","max-video-preview":"max-video-preview:-1"},"canonical":"https:\/\/www.bmkgenetics.com\/es\/services\/salmon\/norway\/benchmark-genetics-salten\/","og_locale":"es_ES","og_type":"article","og_title":"Benchmark Genetics Salten - Benchmark Genetics - Breeding for the future","og_description":"Ubicada en el norte de Noruega, Benchmark Genetics Salten es la instalaci\u00f3n terrestre m\u00e1s avanzada del mundo para la producci\u00f3n de ovas de salm\u00f3n.","og_url":"https:\/\/www.bmkgenetics.com\/es\/services\/salmon\/norway\/benchmark-genetics-salten\/","og_site_name":"Benchmark Genetics","article_publisher":"https:\/\/www.facebook.com\/benchmarkgenetics\/","article_modified_time":"2023-11-29T09:33:14+00:00","og_image":[{"width":800,"height":600,"url":"https:\/\/www.bmkgenetics.com\/wp-content\/uploads\/2021\/04\/logo-whitebg-528x135-in-800x600-1.png","type":"image\/png"}],"twitter_card":"summary_large_image","twitter_site":"@WeAreBenchmark","twitter_misc":{"Tiempo de lectura":"2 minutos"},"schema":{"@context":"https:\/\/schema.org","@graph":[{"@type":"WebPage","@id":"https:\/\/www.bmkgenetics.com\/es\/services\/salmon\/norway\/benchmark-genetics-salten\/","url":"https:\/\/www.bmkgenetics.com\/es\/services\/salmon\/norway\/benchmark-genetics-salten\/","name":"Benchmark Genetics Salten - Benchmark Genetics - Breeding for the future","isPartOf":{"@id":"https:\/\/www.bmkgenetics.com\/es\/#website"},"datePublished":"2021-08-02T08:08:26+00:00","dateModified":"2023-11-29T09:33:14+00:00","description":"Ubicada en el norte de Noruega, Benchmark Genetics Salten es la instalaci\u00f3n terrestre m\u00e1s avanzada del mundo para la producci\u00f3n de ovas de salm\u00f3n.","breadcrumb":{"@id":"https:\/\/www.bmkgenetics.com\/es\/services\/salmon\/norway\/benchmark-genetics-salten\/#breadcrumb"},"inLanguage":"es","potentialAction":[{"@type":"ReadAction","target":["https:\/\/www.bmkgenetics.com\/es\/services\/salmon\/norway\/benchmark-genetics-salten\/"]}]},{"@type":"BreadcrumbList","@id":"https:\/\/www.bmkgenetics.com\/es\/services\/salmon\/norway\/benchmark-genetics-salten\/#breadcrumb","itemListElement":[{"@type":"ListItem","position":1,"name":"Productos","item":"https:\/\/www.bmkgenetics.com\/es\/services\/"},{"@type":"ListItem","position":2,"name":"Ova de salm\u00f3n","item":"https:\/\/www.bmkgenetics.com\/es\/services\/salmon\/"},{"@type":"ListItem","position":3,"name":"Noruega","item":"https:\/\/www.bmkgenetics.com\/es\/services\/salmon\/norway\/"},{"@type":"ListItem","position":4,"name":"Benchmark Genetics Salten"}]},{"@type":"WebSite","@id":"https:\/\/www.bmkgenetics.com\/es\/#website","url":"https:\/\/www.bmkgenetics.com\/es\/","name":"Benchmark Genetics","description":"Driving sustainability in aquaculture","potentialAction":[{"@type":"SearchAction","target":{"@type":"EntryPoint","urlTemplate":"https:\/\/www.bmkgenetics.com\/es\/?s={search_term_string}"},"query-input":{"@type":"PropertyValueSpecification","valueRequired":true,"valueName":"search_term_string"}}],"inLanguage":"es"}]}},"_links":{"self":[{"href":"https:\/\/www.bmkgenetics.com\/es\/wp-json\/wp\/v2\/pages\/6814","targetHints":{"allow":["GET"]}}],"collection":[{"href":"https:\/\/www.bmkgenetics.com\/es\/wp-json\/wp\/v2\/pages"}],"about":[{"href":"https:\/\/www.bmkgenetics.com\/es\/wp-json\/wp\/v2\/types\/page"}],"author":[{"embeddable":true,"href":"https:\/\/www.bmkgenetics.com\/es\/wp-json\/wp\/v2\/users\/99"}],"replies":[{"embeddable":true,"href":"https:\/\/www.bmkgenetics.com\/es\/wp-json\/wp\/v2\/comments?post=6814"}],"version-history":[{"count":0,"href":"https:\/\/www.bmkgenetics.com\/es\/wp-json\/wp\/v2\/pages\/6814\/revisions"}],"up":[{"embeddable":true,"href":"https:\/\/www.bmkgenetics.com\/es\/wp-json\/wp\/v2\/pages\/6694"}],"wp:attachment":[{"href":"https:\/\/www.bmkgenetics.com\/es\/wp-json\/wp\/v2\/media?parent=6814"}],"curies":[{"name":"wp","href":"https:\/\/api.w.org\/{rel}","templated":true}]}}