{"id":6717,"date":"2021-07-26T13:49:41","date_gmt":"2021-07-26T11:49:41","guid":{"rendered":"https:\/\/www.bmkgenetics.com\/biblioteca\/herramientas\/"},"modified":"2025-03-04T13:22:33","modified_gmt":"2025-03-04T12:22:33","slug":"herramientas","status":"publish","type":"page","link":"https:\/\/www.bmkgenetics.com\/es\/biblioteca\/herramientas\/","title":{"rendered":"Herramientas"},"content":{"rendered":"<section class=\"l-section wpb_row height_large\"><div class=\"l-section-h i-cf\"><div class=\"g-cols vc_row via_flex valign_top type_default stacking_default\"><div class=\"vc_col-sm-12 wpb_column vc_column_container\"><div class=\"vc_column-inner\"><div class=\"wpb_wrapper\"><div class=\"wpb_text_column\"><div class=\"wpb_wrapper\"><h2>Manual de piscicultura &#8211; Salm\u00f3n Atl\u00e1ntico<\/h2>\n<p>El objetivo de este manual es describir las buenas pr\u00e1cticas para ovas, alevines y juveniles de salm\u00f3n Atl\u00e1ntico, ayudando a los productores desarrollar procedimientos de gesti\u00f3n de mejores pr\u00e1cticas para su operaci\u00f3n. La informaci\u00f3n presentada en este documento combina datos derivados de ensayos de investigaci\u00f3n internos, conocimiento cient\u00edfico publicado, y las habilidades pr\u00e1cticas y experiencia del equipo de servicio t\u00e9cnico de Benchmark Genetics y empresas hermanas del Grupo Benchmark. La informaci\u00f3n contenida es consistente con las pautas est\u00e1ndar de bienestar de la industria elaboradas por los organismos regulatorios.<\/p>\n<p>*Documento en ingl\u00e9s.<\/p>\n<\/div><\/div><div class=\"w-btn-wrapper align_none\"><a class=\"w-btn us-btn-style_1\" title=\"Medioambiente\" href=\"https:\/\/www.bmkgenetics.com\/wp-content\/uploads\/2023\/08\/Atlantic-Salmon-Hatchery-Manual-082023-EN.pdf\"><span class=\"w-btn-label\">Acceda al manual aqu\u00ed<\/span><\/a><\/div><div class=\"g-cols wpb_row via_flex valign_top type_default stacking_default\"><div class=\"vc_col-sm-12 wpb_column vc_column_container\"><div class=\"vc_column-inner\"><div class=\"wpb_wrapper\"><\/div><\/div><\/div><\/div><\/div><\/div><\/div><\/div><\/div><\/section><section class=\"l-section wpb_row height_large\"><div class=\"l-section-h i-cf\"><div class=\"g-cols vc_row via_flex valign_top type_default stacking_default\"><div class=\"vc_col-sm-12 wpb_column vc_column_container\"><div class=\"vc_column-inner\"><div class=\"wpb_wrapper\"><div class=\"wpb_text_column\"><div class=\"wpb_wrapper\"><h2>Calculadora de eclosi\u00f3n<\/h2>\n<p>Esta calculadora se puede utilizar para estimar las temperaturas de incubaci\u00f3n necesarias para lograr la fecha de eclosi\u00f3n deseada o la fecha de eclosi\u00f3n en funci\u00f3n de las temperaturas de incubaci\u00f3n.<\/p>\n<p>La tasa de desarrollo del embri\u00f3n del salm\u00f3n del Atl\u00e1ntico depende de la temperatura del agua, con un desarrollo m\u00e1s lento a temperaturas fr\u00edas y un desarrollo m\u00e1s r\u00e1pido a temperaturas m\u00e1s altas. La temperatura del agua se utiliza para controlar la fecha de eclosi\u00f3n. Los huevos de salm\u00f3n del Atl\u00e1ntico deben incubarse a temperaturas entre 1\u00b0C y 8\u00b0C.<\/p>\n<p>*Calculadora en ingl\u00e9s.<\/p>\n<\/div><\/div><div class=\"w-btn-wrapper align_none\"><a class=\"w-btn us-btn-style_1\" href=\"https:\/\/www.bmkgenetics.com\/es\/calculo-eclosion\/#\/\"><span class=\"w-btn-label\">Acceda la calculadora de eclosi\u00f3n aqu\u00ed<\/span><\/a><\/div><\/div><\/div><\/div><\/div><\/div><\/section>\n","protected":false},"excerpt":{"rendered":"Manual de piscicultura &#8211; Salm\u00f3n Atl\u00e1ntico El objetivo de este manual es describir las buenas pr\u00e1cticas para ovas, alevines y juveniles de salm\u00f3n Atl\u00e1ntico, ayudando a los productores desarrollar procedimientos de gesti\u00f3n de mejores pr\u00e1cticas para su operaci\u00f3n. La informaci\u00f3n presentada en este documento combina datos derivados de ensayos de investigaci\u00f3n internos, conocimiento cient\u00edfico publicado,...","protected":false},"author":1,"featured_media":0,"parent":6716,"menu_order":0,"comment_status":"closed","ping_status":"closed","template":"","meta":{"_acf_changed":false,"footnotes":""},"class_list":["post-6717","page","type-page","status-publish","hentry"],"acf":[],"yoast_head":"<!-- This site is optimized with the Yoast SEO plugin v27.5 - https:\/\/yoast.com\/product\/yoast-seo-wordpress\/ -->\n<title>Herramientas - Benchmark Genetics<\/title>\n<meta name=\"robots\" content=\"index, follow, max-snippet:-1, max-image-preview:large, max-video-preview:-1\" \/>\n<link rel=\"canonical\" href=\"https:\/\/www.bmkgenetics.com\/es\/biblioteca\/herramientas\/\" \/>\n<meta property=\"og:locale\" content=\"es_ES\" \/>\n<meta property=\"og:type\" content=\"article\" \/>\n<meta property=\"og:title\" content=\"Herramientas - Benchmark Genetics\" \/>\n<meta property=\"og:url\" content=\"https:\/\/www.bmkgenetics.com\/es\/biblioteca\/herramientas\/\" \/>\n<meta property=\"og:site_name\" content=\"Benchmark Genetics\" \/>\n<meta property=\"article:publisher\" content=\"https:\/\/www.facebook.com\/benchmarkgenetics\/\" \/>\n<meta property=\"article:modified_time\" content=\"2025-03-04T12:22:33+00:00\" \/>\n<meta property=\"og:image\" content=\"https:\/\/www.bmkgenetics.com\/wp-content\/uploads\/2021\/04\/logo-whitebg-528x135-in-800x600-1.png\" \/>\n\t<meta property=\"og:image:width\" content=\"800\" \/>\n\t<meta property=\"og:image:height\" content=\"600\" \/>\n\t<meta property=\"og:image:type\" content=\"image\/png\" \/>\n<meta name=\"twitter:card\" content=\"summary_large_image\" \/>\n<meta name=\"twitter:site\" content=\"@WeAreBenchmark\" \/>\n<meta name=\"twitter:label1\" content=\"Tiempo de lectura\" \/>\n\t<meta name=\"twitter:data1\" content=\"2 minutos\" \/>\n<script type=\"application\/ld+json\" class=\"yoast-schema-graph\">{\"@context\":\"https:\\\/\\\/schema.org\",\"@graph\":[{\"@type\":\"WebPage\",\"@id\":\"https:\\\/\\\/www.bmkgenetics.com\\\/es\\\/biblioteca\\\/herramientas\\\/\",\"url\":\"https:\\\/\\\/www.bmkgenetics.com\\\/es\\\/biblioteca\\\/herramientas\\\/\",\"name\":\"Herramientas - Benchmark Genetics\",\"isPartOf\":{\"@id\":\"https:\\\/\\\/www.bmkgenetics.com\\\/es\\\/#website\"},\"datePublished\":\"2021-07-26T11:49:41+00:00\",\"dateModified\":\"2025-03-04T12:22:33+00:00\",\"breadcrumb\":{\"@id\":\"https:\\\/\\\/www.bmkgenetics.com\\\/es\\\/biblioteca\\\/herramientas\\\/#breadcrumb\"},\"inLanguage\":\"es\",\"potentialAction\":[{\"@type\":\"ReadAction\",\"target\":[\"https:\\\/\\\/www.bmkgenetics.com\\\/es\\\/biblioteca\\\/herramientas\\\/\"]}]},{\"@type\":\"BreadcrumbList\",\"@id\":\"https:\\\/\\\/www.bmkgenetics.com\\\/es\\\/biblioteca\\\/herramientas\\\/#breadcrumb\",\"itemListElement\":[{\"@type\":\"ListItem\",\"position\":1,\"name\":\"Biblioteca\",\"item\":\"https:\\\/\\\/www.bmkgenetics.com\\\/es\\\/biblioteca\\\/\"},{\"@type\":\"ListItem\",\"position\":2,\"name\":\"Herramientas\"}]},{\"@type\":\"WebSite\",\"@id\":\"https:\\\/\\\/www.bmkgenetics.com\\\/es\\\/#website\",\"url\":\"https:\\\/\\\/www.bmkgenetics.com\\\/es\\\/\",\"name\":\"Benchmark Genetics\",\"description\":\"Driving sustainability in aquaculture\",\"potentialAction\":[{\"@type\":\"SearchAction\",\"target\":{\"@type\":\"EntryPoint\",\"urlTemplate\":\"https:\\\/\\\/www.bmkgenetics.com\\\/es\\\/?s={search_term_string}\"},\"query-input\":{\"@type\":\"PropertyValueSpecification\",\"valueRequired\":true,\"valueName\":\"search_term_string\"}}],\"inLanguage\":\"es\"}]}<\/script>\n<!-- \/ Yoast SEO plugin. -->","yoast_head_json":{"title":"Herramientas - Benchmark Genetics","robots":{"index":"index","follow":"follow","max-snippet":"max-snippet:-1","max-image-preview":"max-image-preview:large","max-video-preview":"max-video-preview:-1"},"canonical":"https:\/\/www.bmkgenetics.com\/es\/biblioteca\/herramientas\/","og_locale":"es_ES","og_type":"article","og_title":"Herramientas - Benchmark Genetics","og_url":"https:\/\/www.bmkgenetics.com\/es\/biblioteca\/herramientas\/","og_site_name":"Benchmark Genetics","article_publisher":"https:\/\/www.facebook.com\/benchmarkgenetics\/","article_modified_time":"2025-03-04T12:22:33+00:00","og_image":[{"width":800,"height":600,"url":"https:\/\/www.bmkgenetics.com\/wp-content\/uploads\/2021\/04\/logo-whitebg-528x135-in-800x600-1.png","type":"image\/png"}],"twitter_card":"summary_large_image","twitter_site":"@WeAreBenchmark","twitter_misc":{"Tiempo de lectura":"2 minutos"},"schema":{"@context":"https:\/\/schema.org","@graph":[{"@type":"WebPage","@id":"https:\/\/www.bmkgenetics.com\/es\/biblioteca\/herramientas\/","url":"https:\/\/www.bmkgenetics.com\/es\/biblioteca\/herramientas\/","name":"Herramientas - Benchmark Genetics","isPartOf":{"@id":"https:\/\/www.bmkgenetics.com\/es\/#website"},"datePublished":"2021-07-26T11:49:41+00:00","dateModified":"2025-03-04T12:22:33+00:00","breadcrumb":{"@id":"https:\/\/www.bmkgenetics.com\/es\/biblioteca\/herramientas\/#breadcrumb"},"inLanguage":"es","potentialAction":[{"@type":"ReadAction","target":["https:\/\/www.bmkgenetics.com\/es\/biblioteca\/herramientas\/"]}]},{"@type":"BreadcrumbList","@id":"https:\/\/www.bmkgenetics.com\/es\/biblioteca\/herramientas\/#breadcrumb","itemListElement":[{"@type":"ListItem","position":1,"name":"Biblioteca","item":"https:\/\/www.bmkgenetics.com\/es\/biblioteca\/"},{"@type":"ListItem","position":2,"name":"Herramientas"}]},{"@type":"WebSite","@id":"https:\/\/www.bmkgenetics.com\/es\/#website","url":"https:\/\/www.bmkgenetics.com\/es\/","name":"Benchmark Genetics","description":"Driving sustainability in aquaculture","potentialAction":[{"@type":"SearchAction","target":{"@type":"EntryPoint","urlTemplate":"https:\/\/www.bmkgenetics.com\/es\/?s={search_term_string}"},"query-input":{"@type":"PropertyValueSpecification","valueRequired":true,"valueName":"search_term_string"}}],"inLanguage":"es"}]}},"_links":{"self":[{"href":"https:\/\/www.bmkgenetics.com\/es\/wp-json\/wp\/v2\/pages\/6717","targetHints":{"allow":["GET"]}}],"collection":[{"href":"https:\/\/www.bmkgenetics.com\/es\/wp-json\/wp\/v2\/pages"}],"about":[{"href":"https:\/\/www.bmkgenetics.com\/es\/wp-json\/wp\/v2\/types\/page"}],"author":[{"embeddable":true,"href":"https:\/\/www.bmkgenetics.com\/es\/wp-json\/wp\/v2\/users\/1"}],"replies":[{"embeddable":true,"href":"https:\/\/www.bmkgenetics.com\/es\/wp-json\/wp\/v2\/comments?post=6717"}],"version-history":[{"count":0,"href":"https:\/\/www.bmkgenetics.com\/es\/wp-json\/wp\/v2\/pages\/6717\/revisions"}],"up":[{"embeddable":true,"href":"https:\/\/www.bmkgenetics.com\/es\/wp-json\/wp\/v2\/pages\/6716"}],"wp:attachment":[{"href":"https:\/\/www.bmkgenetics.com\/es\/wp-json\/wp\/v2\/media?parent=6717"}],"curies":[{"name":"wp","href":"https:\/\/api.w.org\/{rel}","templated":true}]}}