{"id":6715,"date":"2021-07-26T13:35:33","date_gmt":"2021-07-26T11:35:33","guid":{"rendered":"https:\/\/www.bmkgenetics.com\/productos\/"},"modified":"2021-07-26T13:35:34","modified_gmt":"2021-07-26T11:35:34","slug":"productos","status":"publish","type":"page","link":"https:\/\/www.bmkgenetics.com\/es\/productos\/","title":{"rendered":"Productos"},"content":{"rendered":"<section class=\"l-section wpb_row height_large\"><div class=\"l-section-h i-cf\"><div class=\"g-cols vc_row via_flex valign_top type_default stacking_default\"><div class=\"vc_col-sm-12 wpb_column vc_column_container\"><div class=\"vc_column-inner\"><div class=\"wpb_wrapper\"><form class=\"w-filter for_grid state_desktop us-field-style_1 layout_hor items_1 mod_dropdown align_none drop_on_click hide_item_title\" action onsubmit=\"return false;\" onclick='return {&quot;filterPrefix&quot;:&quot;filter&quot;,&quot;hideDisabledValues&quot;:false,&quot;layout&quot;:&quot;hor&quot;,&quot;mobileWidth&quot;:600,&quot;use_grid&quot;:&quot;first&quot;,&quot;gridNotFoundMessage&quot;:&quot;Nothing to filter. Add a suitable Grid to this page.&quot;}'><div class=\"w-filter-list\"><div class=\"w-filter-list-title\">Filtros<\/div><button class=\"w-filter-list-closer\" title=\"Cerrar\" aria-label=\"Cerrar\"><\/button><div class=\"w-filter-item type_checkbox\" data-source=\"tax|prodcat\"><button class=\"w-filter-item-title\">Product Category<span><\/span><\/button><a class=\"w-filter-item-reset\" href=\"#\" title=\"Reiniciar\"><span>Reiniciar<\/span><\/a><div class=\"w-filter-item-content\"><div class=\"w-filter-item-values\" data-maxheight=\"40vh\" style=\"max-height:40vh\"><div class=\"w-filter-item-value\" data-item-amount=\"2\"><label><input type=\"checkbox\" value=\"genetics-services\" name=\"filter_prodcat\"><span class=\"w-filter-item-value-label\">Genetics Services<\/span><span class=\"w-filter-item-value-amount\">2<\/span><\/label><\/div><div class=\"w-filter-item-value\" data-item-amount=\"14\"><label><input type=\"checkbox\" value=\"salmon\" name=\"filter_prodcat\"><span class=\"w-filter-item-value-label\">Salmon<\/span><span class=\"w-filter-item-value-amount\">14<\/span><\/label><\/div><div class=\"w-filter-item-value\" data-item-amount=\"7\"><label><input type=\"checkbox\" value=\"shrimp\" name=\"filter_prodcat\"><span class=\"w-filter-item-value-label\">Shrimp<\/span><span class=\"w-filter-item-value-amount\">7<\/span><\/label><\/div><div class=\"w-filter-item-value\" data-item-amount=\"1\"><label><input type=\"checkbox\" value=\"tilapia\" name=\"filter_prodcat\"><span class=\"w-filter-item-value-label\">Tilapia<\/span><span class=\"w-filter-item-value-amount\">1<\/span><\/label><\/div><\/div><\/div><\/div><\/div><div class=\"w-filter-list-panel\"><button class=\"w-btn us-btn-style_1\"><span class=\"w-btn-label\">Aplicar<\/span><\/button><\/div><style>@media( max-width:600px ){.w-filter.state_desktop .w-filter-list,.w-filter-item-title>span{display:none}.w-filter-opener{display:inline-block}}<\/style><button class=\"w-filter-opener\"><span>Filtros<\/span><\/button><div class=\"w-filter-json-filters-args hidden\" onclick='return {&quot;taxonomies_query_args&quot;:{&quot;tax|prodcat&quot;:{&quot;genetics-services&quot;:{&quot;fields&quot;:&quot;ids&quot;,&quot;nopaging&quot;:true,&quot;post_status&quot;:[&quot;publish&quot;,&quot;acf-disabled&quot;,&quot;inherit&quot;],&quot;post_type&quot;:[],&quot;posts_per_page&quot;:1,&quot;suppress_filters&quot;:true,&quot;tax_query&quot;:[{&quot;taxonomy&quot;:&quot;prodcat&quot;,&quot;field&quot;:&quot;slug&quot;,&quot;terms&quot;:&quot;genetics-services&quot;}]},&quot;genotyping-services&quot;:{&quot;fields&quot;:&quot;ids&quot;,&quot;nopaging&quot;:true,&quot;post_status&quot;:[&quot;publish&quot;,&quot;acf-disabled&quot;,&quot;inherit&quot;],&quot;post_type&quot;:[],&quot;posts_per_page&quot;:1,&quot;suppress_filters&quot;:true,&quot;tax_query&quot;:[{&quot;taxonomy&quot;:&quot;prodcat&quot;,&quot;field&quot;:&quot;slug&quot;,&quot;terms&quot;:&quot;genotyping-services&quot;}]},&quot;salmon&quot;:{&quot;fields&quot;:&quot;ids&quot;,&quot;nopaging&quot;:true,&quot;post_status&quot;:[&quot;publish&quot;,&quot;acf-disabled&quot;,&quot;inherit&quot;],&quot;post_type&quot;:[],&quot;posts_per_page&quot;:1,&quot;suppress_filters&quot;:true,&quot;tax_query&quot;:[{&quot;taxonomy&quot;:&quot;prodcat&quot;,&quot;field&quot;:&quot;slug&quot;,&quot;terms&quot;:&quot;salmon&quot;}]},&quot;shrimp&quot;:{&quot;fields&quot;:&quot;ids&quot;,&quot;nopaging&quot;:true,&quot;post_status&quot;:[&quot;publish&quot;,&quot;acf-disabled&quot;,&quot;inherit&quot;],&quot;post_type&quot;:[],&quot;posts_per_page&quot;:1,&quot;suppress_filters&quot;:true,&quot;tax_query&quot;:[{&quot;taxonomy&quot;:&quot;prodcat&quot;,&quot;field&quot;:&quot;slug&quot;,&quot;terms&quot;:&quot;shrimp&quot;}]},&quot;tilapia&quot;:{&quot;fields&quot;:&quot;ids&quot;,&quot;nopaging&quot;:true,&quot;post_status&quot;:[&quot;publish&quot;,&quot;acf-disabled&quot;,&quot;inherit&quot;],&quot;post_type&quot;:[],&quot;posts_per_page&quot;:1,&quot;suppress_filters&quot;:true,&quot;tax_query&quot;:[{&quot;taxonomy&quot;:&quot;prodcat&quot;,&quot;field&quot;:&quot;slug&quot;,&quot;terms&quot;:&quot;tilapia&quot;}]}}}}'><\/div><\/form><div class=\"w-grid us_grid type_grid layout_blog_1 cols_2 pagination_ajax preload_style_spinner\" id=\"us_grid_1\" style=\"--columns:2;--gap:1.5rem;\" data-filterable=\"true\"><style>@media (max-width:767px){#us_grid_1{--columns:1!important}}.layout_blog_1 .w-grid-item-h{}.layout_blog_1 .usg_post_image_1{margin-bottom:0.5rem!important}.layout_blog_1 .usg_post_title_1{font-size:1rem!important}<\/style><div class=\"w-grid-list\">\t<article class=\"w-grid-item size_1x1 post-6652 prod type-prod status-publish has-post-thumbnail hentry prodcat-salmon prodloc-chile prodloc-iceland prodloc-norway prodloc-uk\" data-id=\"6652\">\r\n\t\t<div class=\"w-grid-item-h\">\r\n\t\t\t\t\t\t<div class=\"w-post-elm post_image usg_post_image_1 stretched\"><a href=\"https:\/\/www.bmkgenetics.com\/es\/products\/salmoselect\/\" aria-label=\"SalmoSelect\"><img loading=\"lazy\" decoding=\"async\" width=\"280\" height=\"186\" src=\"https:\/\/www.bmkgenetics.com\/wp-content\/uploads\/2020\/11\/SalmoSelect.svg\" class=\"attachment-large size-large wp-post-image\" alt=\"\" \/><\/a><\/div><h2 class=\"w-post-elm post_title usg_post_title_1 entry-title color_link_inherit\"><a href=\"https:\/\/www.bmkgenetics.com\/es\/products\/salmoselect\/\">SalmoSelect<\/a><\/h2>\t\t<\/div>\r\n\t\t\t<\/article>\r\n\t<article class=\"w-grid-item size_1x1 post-6651 prod type-prod status-publish has-post-thumbnail hentry prodcat-salmon prodloc-chile prodloc-iceland prodloc-norway prodloc-uk\" data-id=\"6651\">\r\n\t\t<div class=\"w-grid-item-h\">\r\n\t\t\t\t\t\t<div class=\"w-post-elm post_image usg_post_image_1 stretched\"><a href=\"https:\/\/www.bmkgenetics.com\/es\/products\/salmoprotect\/\" aria-label=\"SalmoProtect\"><img loading=\"lazy\" decoding=\"async\" width=\"218\" height=\"144\" src=\"https:\/\/www.bmkgenetics.com\/wp-content\/uploads\/2021\/01\/SalmoProtect.svg\" class=\"attachment-large size-large wp-post-image\" alt=\"SalmoProtect logo\" \/><\/a><\/div><h2 class=\"w-post-elm post_title usg_post_title_1 entry-title color_link_inherit\"><a href=\"https:\/\/www.bmkgenetics.com\/es\/products\/salmoprotect\/\">SalmoProtect<\/a><\/h2>\t\t<\/div>\r\n\t\t\t<\/article>\r\n\t<article class=\"w-grid-item size_1x1 post-6653 prod type-prod status-publish has-post-thumbnail hentry prodcat-salmon prodloc-chile prodloc-iceland prodloc-norway prodloc-uk\" data-id=\"6653\">\r\n\t\t<div class=\"w-grid-item-h\">\r\n\t\t\t\t\t\t<div class=\"w-post-elm post_image usg_post_image_1 stretched\"><a href=\"https:\/\/www.bmkgenetics.com\/es\/products\/salmoras4\/\" aria-label=\"SalmoRAS4+\"><img loading=\"lazy\" decoding=\"async\" width=\"218\" height=\"144\" src=\"https:\/\/www.bmkgenetics.com\/wp-content\/uploads\/2021\/01\/SalmoRAS.svg\" class=\"attachment-large size-large wp-post-image\" alt=\"\" \/><\/a><\/div><h2 class=\"w-post-elm post_title usg_post_title_1 entry-title color_link_inherit\"><a href=\"https:\/\/www.bmkgenetics.com\/es\/products\/salmoras4\/\">SalmoRAS4+<\/a><\/h2>\t\t<\/div>\r\n\t\t\t<\/article>\r\n\t<article class=\"w-grid-item size_1x1 post-6686 prod type-prod status-publish has-post-thumbnail hentry prodcat-tilapia prodloc-americas prodloc-chile prodloc-china prodloc-iceland prodloc-indonesia prodloc-norway prodloc-thailand prodloc-uk prodloc-usa prodloc-vietnam\" data-id=\"6686\">\r\n\t\t<div class=\"w-grid-item-h\">\r\n\t\t\t\t\t\t<div class=\"w-post-elm post_image usg_post_image_1 stretched\"><a href=\"https:\/\/www.bmkgenetics.com\/es\/products\/spring-tilapia\/\" aria-label=\"Spring Tilapia\u00ae\"><img loading=\"lazy\" decoding=\"async\" width=\"66\" height=\"106\" src=\"https:\/\/www.bmkgenetics.com\/wp-content\/uploads\/2021\/01\/SpringTilapia.svg\" class=\"attachment-large size-large wp-post-image\" alt=\"\" \/><\/a><\/div><h2 class=\"w-post-elm post_title usg_post_title_1 entry-title color_link_inherit\"><a href=\"https:\/\/www.bmkgenetics.com\/es\/products\/spring-tilapia\/\">Spring Tilapia\u00ae<\/a><\/h2>\t\t<\/div>\r\n\t\t\t<\/article>\r\n\t<article class=\"w-grid-item size_1x1 post-6731 prod type-prod status-publish has-post-thumbnail hentry prodcat-shrimp prodloc-americas prodloc-chile prodloc-china prodloc-thailand prodloc-usa prodloc-vietnam\" data-id=\"6731\">\r\n\t\t<div class=\"w-grid-item-h\">\r\n\t\t\t\t\t\t<div class=\"w-post-elm post_image usg_post_image_1 stretched\"><a href=\"https:\/\/www.bmkgenetics.com\/es\/products\/bmk-lowsal\/\" aria-label=\"BMK LowSal\"><img loading=\"lazy\" decoding=\"async\" width=\"329\" height=\"327\" src=\"https:\/\/www.bmkgenetics.com\/wp-content\/uploads\/2025\/03\/BG-B201-sq.png\" class=\"attachment-large size-large wp-post-image\" alt=\"\" srcset=\"https:\/\/www.bmkgenetics.com\/wp-content\/uploads\/2025\/03\/BG-B201-sq.png 329w, https:\/\/www.bmkgenetics.com\/wp-content\/uploads\/2025\/03\/BG-B201-sq-300x298.png 300w, https:\/\/www.bmkgenetics.com\/wp-content\/uploads\/2025\/03\/BG-B201-sq-150x150.png 150w, https:\/\/www.bmkgenetics.com\/wp-content\/uploads\/2025\/03\/BG-B201-sq-250x248.png 250w, https:\/\/www.bmkgenetics.com\/wp-content\/uploads\/2025\/03\/BG-B201-sq-200x200.png 200w, https:\/\/www.bmkgenetics.com\/wp-content\/uploads\/2025\/03\/BG-B201-sq-100x100.png 100w, https:\/\/www.bmkgenetics.com\/wp-content\/uploads\/2025\/03\/BG-B201-sq-40x40.png 40w\" sizes=\"auto, (max-width: 329px) 100vw, 329px\" \/><\/a><\/div><h2 class=\"w-post-elm post_title usg_post_title_1 entry-title color_link_inherit\"><a href=\"https:\/\/www.bmkgenetics.com\/es\/products\/bmk-lowsal\/\">BMK LowSal<\/a><\/h2>\t\t<\/div>\r\n\t\t\t<\/article>\r\n\t<article class=\"w-grid-item size_1x1 post-6732 prod type-prod status-publish has-post-thumbnail hentry prodcat-shrimp prodloc-americas prodloc-chile prodloc-china prodloc-thailand prodloc-usa prodloc-vietnam\" data-id=\"6732\">\r\n\t\t<div class=\"w-grid-item-h\">\r\n\t\t\t\t\t\t<div class=\"w-post-elm post_image usg_post_image_1 stretched\"><a href=\"https:\/\/www.bmkgenetics.com\/es\/products\/bmk-yield\/\" aria-label=\"BMK Yield\"><img loading=\"lazy\" decoding=\"async\" width=\"339\" height=\"338\" src=\"https:\/\/www.bmkgenetics.com\/wp-content\/uploads\/2025\/03\/BG-B301-sq.png\" class=\"attachment-large size-large wp-post-image\" alt=\"\" srcset=\"https:\/\/www.bmkgenetics.com\/wp-content\/uploads\/2025\/03\/BG-B301-sq.png 339w, https:\/\/www.bmkgenetics.com\/wp-content\/uploads\/2025\/03\/BG-B301-sq-300x300.png 300w, https:\/\/www.bmkgenetics.com\/wp-content\/uploads\/2025\/03\/BG-B301-sq-150x150.png 150w, https:\/\/www.bmkgenetics.com\/wp-content\/uploads\/2025\/03\/BG-B301-sq-250x250.png 250w, https:\/\/www.bmkgenetics.com\/wp-content\/uploads\/2025\/03\/BG-B301-sq-200x200.png 200w, https:\/\/www.bmkgenetics.com\/wp-content\/uploads\/2025\/03\/BG-B301-sq-100x100.png 100w, https:\/\/www.bmkgenetics.com\/wp-content\/uploads\/2025\/03\/BG-B301-sq-40x40.png 40w\" sizes=\"auto, (max-width: 339px) 100vw, 339px\" \/><\/a><\/div><h2 class=\"w-post-elm post_title usg_post_title_1 entry-title color_link_inherit\"><a href=\"https:\/\/www.bmkgenetics.com\/es\/products\/bmk-yield\/\">BMK Yield<\/a><\/h2>\t\t<\/div>\r\n\t\t\t<\/article>\r\n\t<article class=\"w-grid-item size_1x1 post-6733 prod type-prod status-publish has-post-thumbnail hentry prodcat-shrimp prodloc-americas prodloc-chile prodloc-china prodloc-thailand prodloc-usa prodloc-vietnam\" data-id=\"6733\">\r\n\t\t<div class=\"w-grid-item-h\">\r\n\t\t\t\t\t\t<div class=\"w-post-elm post_image usg_post_image_1 stretched\"><a href=\"https:\/\/www.bmkgenetics.com\/es\/products\/bmk-protect\/\" aria-label=\"BMK Protect\"><img loading=\"lazy\" decoding=\"async\" width=\"334\" height=\"333\" src=\"https:\/\/www.bmkgenetics.com\/wp-content\/uploads\/2025\/03\/BG-R501-sq.png\" class=\"attachment-large size-large wp-post-image\" alt=\"\" srcset=\"https:\/\/www.bmkgenetics.com\/wp-content\/uploads\/2025\/03\/BG-R501-sq.png 334w, https:\/\/www.bmkgenetics.com\/wp-content\/uploads\/2025\/03\/BG-R501-sq-300x300.png 300w, https:\/\/www.bmkgenetics.com\/wp-content\/uploads\/2025\/03\/BG-R501-sq-150x150.png 150w, https:\/\/www.bmkgenetics.com\/wp-content\/uploads\/2025\/03\/BG-R501-sq-250x250.png 250w, https:\/\/www.bmkgenetics.com\/wp-content\/uploads\/2025\/03\/BG-R501-sq-200x200.png 200w, https:\/\/www.bmkgenetics.com\/wp-content\/uploads\/2025\/03\/BG-R501-sq-100x100.png 100w, https:\/\/www.bmkgenetics.com\/wp-content\/uploads\/2025\/03\/BG-R501-sq-40x40.png 40w\" sizes=\"auto, (max-width: 334px) 100vw, 334px\" \/><\/a><\/div><h2 class=\"w-post-elm post_title usg_post_title_1 entry-title color_link_inherit\"><a href=\"https:\/\/www.bmkgenetics.com\/es\/products\/bmk-protect\/\">BMK Protect<\/a><\/h2>\t\t<\/div>\r\n\t\t\t<\/article>\r\n\t<article class=\"w-grid-item size_1x1 post-6892 prod type-prod status-publish has-post-thumbnail hentry prodcat-salmon prodloc-chile prodloc-iceland prodloc-norway prodloc-uk\" data-id=\"6892\">\r\n\t\t<div class=\"w-grid-item-h\">\r\n\t\t\t\t\t\t<div class=\"w-post-elm post_image usg_post_image_1 stretched\"><a href=\"https:\/\/www.bmkgenetics.com\/es\/products\/cyclopterus-lumpus-lumpo\/\" aria-label=\"Cyclopterus lumpus (Lumpo)\"><img loading=\"lazy\" decoding=\"async\" width=\"201\" height=\"142\" src=\"https:\/\/www.bmkgenetics.com\/wp-content\/uploads\/2021\/03\/Other_Products_Primary.svg\" class=\"attachment-large size-large wp-post-image\" alt=\"Salmon - other products icon\" \/><\/a><\/div><h2 class=\"w-post-elm post_title usg_post_title_1 entry-title color_link_inherit\"><a href=\"https:\/\/www.bmkgenetics.com\/es\/products\/cyclopterus-lumpus-lumpo\/\">Cyclopterus lumpus (Lumpo)<\/a><\/h2>\t\t<\/div>\r\n\t\t\t<\/article>\r\n\t<article class=\"w-grid-item size_1x1 post-6893 prod type-prod status-publish hentry prodcat-genetics-services prodloc-chile prodloc-norway\" data-id=\"6893\">\r\n\t\t<div class=\"w-grid-item-h\">\r\n\t\t\t\t\t\t<h2 class=\"w-post-elm post_title usg_post_title_1 entry-title color_link_inherit\"><a href=\"https:\/\/www.bmkgenetics.com\/es\/products\/akvaforsk-genetics\/\">Akvaforsk Genetics<\/a><\/h2>\t\t<\/div>\r\n\t\t\t<\/article>\r\n<\/div>\t<div class=\"w-grid-preloader\">\r\n\t\t<div class=\"g-preloader type_1\">\r\n\t\t\t<div><\/div>\r\n\t\t<\/div>\r\n\t<\/div>\r\n\t\t<div class=\"w-grid-json hidden\" onclick='return {&quot;action&quot;:&quot;us_ajax_grid&quot;,&quot;infinite_scroll&quot;:0,&quot;max_num_pages&quot;:1,&quot;pagination&quot;:&quot;ajax&quot;,&quot;template_vars&quot;:{&quot;columns&quot;:&quot;2&quot;,&quot;exclude_items&quot;:&quot;none&quot;,&quot;img_size&quot;:&quot;default&quot;,&quot;ignore_items_size&quot;:0,&quot;items_layout&quot;:&quot;blog_1&quot;,&quot;items_offset&quot;:&quot;1&quot;,&quot;load_animation&quot;:&quot;none&quot;,&quot;overriding_link&quot;:&quot;{\\&quot;url\\&quot;:\\&quot;\\&quot;}&quot;,&quot;post_id&quot;:0,&quot;query_args&quot;:{&quot;post_type&quot;:[&quot;prod&quot;],&quot;post_status&quot;:[&quot;publish&quot;,&quot;acf-disabled&quot;],&quot;posts_per_page&quot;:&quot;10&quot;,&quot;post_mime_type&quot;:null},&quot;orderby_query_args&quot;:{&quot;orderby&quot;:{&quot;date&quot;:&quot;ASC&quot;}},&quot;type&quot;:&quot;grid&quot;,&quot;us_grid_post_type&quot;:&quot;prod&quot;,&quot;us_grid_ajax_index&quot;:1,&quot;us_grid_filter_query_string&quot;:null,&quot;us_grid_index&quot;:1,&quot;page_args&quot;:[],&quot;lang&quot;:&quot;es&quot;}}'><\/div>\r\n\t<\/div><\/div><\/div><\/div><\/div><\/div><\/section>\n","protected":false},"excerpt":{"rendered":"Nuestros servicios externos de gen\u00e9tica, con marca Akvaforsk Genetics. La l\u00ednea de servicios prestados se describe como un modelo de tres pasos: 1. Gesti\u00f3n de reproductores: Optimizaci\u00f3n en el manejo y gesti\u00f3n de los reproductores 2. Establecimiento de programa de cr\u00eda: Servicio de apoyo para el establecimiento de programas de cr\u00eda selectiva bien dise\u00f1ados. 3....","protected":false},"author":1,"featured_media":0,"parent":0,"menu_order":0,"comment_status":"closed","ping_status":"closed","template":"","meta":{"_acf_changed":false,"footnotes":""},"class_list":["post-6715","page","type-page","status-publish","hentry"],"acf":[],"yoast_head":"<!-- This site is optimized with the Yoast SEO plugin v27.6 - https:\/\/yoast.com\/product\/yoast-seo-wordpress\/ -->\n<title>REDIRECT (not indexed)<\/title>\n<meta name=\"robots\" content=\"noindex, follow\" \/>\n<meta property=\"og:locale\" content=\"es_ES\" \/>\n<meta property=\"og:type\" content=\"article\" \/>\n<meta property=\"og:title\" content=\"REDIRECT (not indexed)\" \/>\n<meta property=\"og:url\" content=\"https:\/\/www.bmkgenetics.com\/es\/productos\/\" \/>\n<meta property=\"og:site_name\" content=\"Benchmark Genetics\" \/>\n<meta property=\"article:publisher\" content=\"https:\/\/www.facebook.com\/benchmarkgenetics\/\" \/>\n<meta property=\"article:modified_time\" content=\"2021-07-26T11:35:34+00:00\" \/>\n<meta property=\"og:image\" content=\"https:\/\/www.bmkgenetics.com\/wp-content\/uploads\/2021\/04\/logo-whitebg-528x135-in-800x600-1.png\" \/>\n\t<meta property=\"og:image:width\" content=\"800\" \/>\n\t<meta property=\"og:image:height\" content=\"600\" \/>\n\t<meta property=\"og:image:type\" content=\"image\/png\" \/>\n<meta name=\"twitter:card\" content=\"summary_large_image\" \/>\n<meta name=\"twitter:site\" content=\"@WeAreBenchmark\" \/>\n<script type=\"application\/ld+json\" class=\"yoast-schema-graph\">{\"@context\":\"https:\\\/\\\/schema.org\",\"@graph\":[{\"@type\":\"WebPage\",\"@id\":\"https:\\\/\\\/www.bmkgenetics.com\\\/es\\\/productos\\\/\",\"url\":\"https:\\\/\\\/www.bmkgenetics.com\\\/es\\\/productos\\\/\",\"name\":\"REDIRECT (not indexed)\",\"isPartOf\":{\"@id\":\"https:\\\/\\\/www.bmkgenetics.com\\\/es\\\/#website\"},\"datePublished\":\"2021-07-26T11:35:33+00:00\",\"dateModified\":\"2021-07-26T11:35:34+00:00\",\"inLanguage\":\"es\",\"potentialAction\":[{\"@type\":\"ReadAction\",\"target\":[\"https:\\\/\\\/www.bmkgenetics.com\\\/es\\\/productos\\\/\"]}]},{\"@type\":\"WebSite\",\"@id\":\"https:\\\/\\\/www.bmkgenetics.com\\\/es\\\/#website\",\"url\":\"https:\\\/\\\/www.bmkgenetics.com\\\/es\\\/\",\"name\":\"Benchmark Genetics\",\"description\":\"Driving sustainability in aquaculture\",\"potentialAction\":[{\"@type\":\"SearchAction\",\"target\":{\"@type\":\"EntryPoint\",\"urlTemplate\":\"https:\\\/\\\/www.bmkgenetics.com\\\/es\\\/?s={search_term_string}\"},\"query-input\":{\"@type\":\"PropertyValueSpecification\",\"valueRequired\":true,\"valueName\":\"search_term_string\"}}],\"inLanguage\":\"es\"}]}<\/script>\n<!-- \/ Yoast SEO plugin. -->","yoast_head_json":{"title":"REDIRECT (not indexed)","robots":{"index":"noindex","follow":"follow"},"og_locale":"es_ES","og_type":"article","og_title":"REDIRECT (not indexed)","og_url":"https:\/\/www.bmkgenetics.com\/es\/productos\/","og_site_name":"Benchmark Genetics","article_publisher":"https:\/\/www.facebook.com\/benchmarkgenetics\/","article_modified_time":"2021-07-26T11:35:34+00:00","og_image":[{"width":800,"height":600,"url":"https:\/\/www.bmkgenetics.com\/wp-content\/uploads\/2021\/04\/logo-whitebg-528x135-in-800x600-1.png","type":"image\/png"}],"twitter_card":"summary_large_image","twitter_site":"@WeAreBenchmark","schema":{"@context":"https:\/\/schema.org","@graph":[{"@type":"WebPage","@id":"https:\/\/www.bmkgenetics.com\/es\/productos\/","url":"https:\/\/www.bmkgenetics.com\/es\/productos\/","name":"REDIRECT (not indexed)","isPartOf":{"@id":"https:\/\/www.bmkgenetics.com\/es\/#website"},"datePublished":"2021-07-26T11:35:33+00:00","dateModified":"2021-07-26T11:35:34+00:00","inLanguage":"es","potentialAction":[{"@type":"ReadAction","target":["https:\/\/www.bmkgenetics.com\/es\/productos\/"]}]},{"@type":"WebSite","@id":"https:\/\/www.bmkgenetics.com\/es\/#website","url":"https:\/\/www.bmkgenetics.com\/es\/","name":"Benchmark Genetics","description":"Driving sustainability in aquaculture","potentialAction":[{"@type":"SearchAction","target":{"@type":"EntryPoint","urlTemplate":"https:\/\/www.bmkgenetics.com\/es\/?s={search_term_string}"},"query-input":{"@type":"PropertyValueSpecification","valueRequired":true,"valueName":"search_term_string"}}],"inLanguage":"es"}]}},"_links":{"self":[{"href":"https:\/\/www.bmkgenetics.com\/es\/wp-json\/wp\/v2\/pages\/6715","targetHints":{"allow":["GET"]}}],"collection":[{"href":"https:\/\/www.bmkgenetics.com\/es\/wp-json\/wp\/v2\/pages"}],"about":[{"href":"https:\/\/www.bmkgenetics.com\/es\/wp-json\/wp\/v2\/types\/page"}],"author":[{"embeddable":true,"href":"https:\/\/www.bmkgenetics.com\/es\/wp-json\/wp\/v2\/users\/1"}],"replies":[{"embeddable":true,"href":"https:\/\/www.bmkgenetics.com\/es\/wp-json\/wp\/v2\/comments?post=6715"}],"version-history":[{"count":0,"href":"https:\/\/www.bmkgenetics.com\/es\/wp-json\/wp\/v2\/pages\/6715\/revisions"}],"wp:attachment":[{"href":"https:\/\/www.bmkgenetics.com\/es\/wp-json\/wp\/v2\/media?parent=6715"}],"curies":[{"name":"wp","href":"https:\/\/api.w.org\/{rel}","templated":true}]}}