{"id":6697,"date":"2021-02-03T10:29:37","date_gmt":"2021-02-03T09:29:37","guid":{"rendered":"https:\/\/www.bmkgenetics.com\/about\/our-services\/"},"modified":"2021-07-23T13:25:44","modified_gmt":"2021-07-23T11:25:44","slug":"our-services","status":"publish","type":"page","link":"https:\/\/www.bmkgenetics.com\/es\/about\/our-services\/","title":{"rendered":"Nuestros servicios"},"content":{"rendered":"<section class=\"l-section wpb_row leftheading-rightbody height_large\"><div class=\"l-section-h i-cf\"><div class=\"g-cols vc_row via_flex valign_top type_default stacking_default\"><div class=\"vc_col-sm-12 wpb_column vc_column_container\"><div class=\"vc_column-inner\"><div class=\"wpb_wrapper\"><div class=\"g-cols wpb_row via_flex valign_top type_default stacking_default\"><div class=\"vc_col-sm-12 vc_col-md-8 wpb_column vc_column_container\"><div class=\"vc_column-inner\"><div class=\"wpb_wrapper\">[vc_custom_heading text=\u00bbAmplia experiencia\u00bb use_theme_fonts=\u00bbyes\u00bb]<\/div><\/div><\/div><div class=\"vc_col-sm-4 vc_hidden-sm vc_hidden-xs wpb_column vc_column_container\"><div class=\"vc_column-inner\"><div class=\"wpb_wrapper\"><\/div><\/div><\/div><\/div><div class=\"g-cols wpb_row via_flex valign_top type_default stacking_default\"><div class=\"vc_col-sm-4 vc_hidden-sm vc_hidden-xs wpb_column vc_column_container\"><div class=\"vc_column-inner\"><div class=\"wpb_wrapper\"><\/div><\/div><\/div><div class=\"vc_col-sm-12 vc_col-md-8 wpb_column vc_column_container\"><div class=\"vc_column-inner\"><div class=\"wpb_wrapper\"><div class=\"wpb_text_column\"><div class=\"wpb_wrapper\"><p>A trav\u00e9s de sus logros hist\u00f3ricos, Akvaforsk Genetics\u00ae ha obtenido una amplia experiencia en el <strong>dise\u00f1o, implementaci\u00f3n y ejecuci\u00f3n de servicios t\u00e9cnicos rutinarios<\/strong> de m\u00e1s de 30 programas de cr\u00eda selectiva aplicada para especies de peces y crust\u00e1ceos en Europa, Asia y Am\u00e9rica Latina.<\/p>\n<p>Estos programas cubren la mayor\u00eda de las especies acu\u00edcolas de importancia comercial, incluidos los salm\u00f3nidos, tilapias, peces marinos y crust\u00e1ceos. Tambi\u00e9n realizamos <strong>revisiones externas<\/strong> de manera rutinaria de operaciones de programas de reproducci\u00f3n y manejo de reproductores de terceros.<\/p>\n<\/div><\/div><\/div><\/div><\/div><\/div><\/div><\/div><\/div><\/div><\/div><\/section><section class=\"l-section wpb_row height_large\"><div class=\"l-section-h i-cf\"><div class=\"g-cols vc_row via_flex valign_top type_default stacking_default\"><div class=\"vc_col-sm-12 wpb_column vc_column_container\"><div class=\"vc_column-inner\"><div class=\"wpb_wrapper\">[vc_raw_html]W3Rlc3RpbW9uaWFsIGlkPSI4MDkiXQ==[\/vc_raw_html]<\/div><\/div><\/div><\/div><\/div><\/section>\n","protected":false},"excerpt":{"rendered":"[vc_custom_heading text=\"Amplia experiencia\" use_theme_fonts=\"yes\"]A trav\u00e9s de sus logros hist\u00f3ricos, Akvaforsk Genetics\u00ae ha obtenido una amplia experiencia en el dise\u00f1o, implementaci\u00f3n y ejecuci\u00f3n de servicios t\u00e9cnicos rutinarios de m\u00e1s de 30 programas de cr\u00eda selectiva aplicada para especies de peces y crust\u00e1ceos en Europa, Asia y Am\u00e9rica Latina. Estos programas cubren la mayor\u00eda de las especies...","protected":false},"author":99,"featured_media":0,"parent":5211,"menu_order":0,"comment_status":"closed","ping_status":"closed","template":"","meta":{"_acf_changed":false,"footnotes":""},"class_list":["post-6697","page","type-page","status-publish","hentry"],"acf":[],"yoast_head":"<!-- This site is optimized with the Yoast SEO plugin v27.6 - https:\/\/yoast.com\/product\/yoast-seo-wordpress\/ -->\n<title>Nuestros servicios - Genetics Services - Benchmark Genetics -<\/title>\n<meta name=\"description\" content=\"En Benchmark Genetics, cada cliente recibe servicios en funci\u00f3n de sus necesidades y recursos. Ofrecemos servicios a medida para optimizar el retorno de la inversi\u00f3n de nuestros clientes\" \/>\n<meta name=\"robots\" content=\"index, follow, max-snippet:-1, max-image-preview:large, max-video-preview:-1\" \/>\n<link rel=\"canonical\" href=\"https:\/\/www.bmkgenetics.com\/es\/about\/our-services\/\" \/>\n<meta property=\"og:locale\" content=\"es_ES\" \/>\n<meta property=\"og:type\" content=\"article\" \/>\n<meta property=\"og:title\" content=\"Nuestros servicios - Genetics Services - Benchmark Genetics -\" \/>\n<meta property=\"og:description\" content=\"En Benchmark Genetics, cada cliente recibe servicios en funci\u00f3n de sus necesidades y recursos. Ofrecemos servicios a medida para optimizar el retorno de la inversi\u00f3n de nuestros clientes\" \/>\n<meta property=\"og:url\" content=\"https:\/\/www.bmkgenetics.com\/es\/about\/our-services\/\" \/>\n<meta property=\"og:site_name\" content=\"Benchmark Genetics\" \/>\n<meta property=\"article:publisher\" content=\"https:\/\/www.facebook.com\/benchmarkgenetics\/\" \/>\n<meta property=\"article:modified_time\" content=\"2021-07-23T11:25:44+00:00\" \/>\n<meta property=\"og:image\" content=\"https:\/\/www.bmkgenetics.com\/wp-content\/uploads\/2021\/04\/logo-whitebg-528x135-in-800x600-1.png\" \/>\n\t<meta property=\"og:image:width\" content=\"800\" \/>\n\t<meta property=\"og:image:height\" content=\"600\" \/>\n\t<meta property=\"og:image:type\" content=\"image\/png\" \/>\n<meta name=\"twitter:card\" content=\"summary_large_image\" \/>\n<meta name=\"twitter:site\" content=\"@WeAreBenchmark\" \/>\n<meta name=\"twitter:label1\" content=\"Tiempo de lectura\" \/>\n\t<meta name=\"twitter:data1\" content=\"1 minuto\" \/>\n<script type=\"application\/ld+json\" class=\"yoast-schema-graph\">{\"@context\":\"https:\\\/\\\/schema.org\",\"@graph\":[{\"@type\":\"WebPage\",\"@id\":\"https:\\\/\\\/www.bmkgenetics.com\\\/es\\\/about\\\/our-services\\\/\",\"url\":\"https:\\\/\\\/www.bmkgenetics.com\\\/es\\\/about\\\/our-services\\\/\",\"name\":\"Nuestros servicios - Genetics Services - Benchmark Genetics -\",\"isPartOf\":{\"@id\":\"https:\\\/\\\/www.bmkgenetics.com\\\/es\\\/#website\"},\"datePublished\":\"2021-02-03T09:29:37+00:00\",\"dateModified\":\"2021-07-23T11:25:44+00:00\",\"description\":\"En Benchmark Genetics, cada cliente recibe servicios en funci\u00f3n de sus necesidades y recursos. Ofrecemos servicios a medida para optimizar el retorno de la inversi\u00f3n de nuestros clientes\",\"breadcrumb\":{\"@id\":\"https:\\\/\\\/www.bmkgenetics.com\\\/es\\\/about\\\/our-services\\\/#breadcrumb\"},\"inLanguage\":\"es\",\"potentialAction\":[{\"@type\":\"ReadAction\",\"target\":[\"https:\\\/\\\/www.bmkgenetics.com\\\/es\\\/about\\\/our-services\\\/\"]}]},{\"@type\":\"BreadcrumbList\",\"@id\":\"https:\\\/\\\/www.bmkgenetics.com\\\/es\\\/about\\\/our-services\\\/#breadcrumb\",\"itemListElement\":[{\"@type\":\"ListItem\",\"position\":1,\"name\":\"Acerca de\",\"item\":\"https:\\\/\\\/www.bmkgenetics.com\\\/es\\\/about\\\/\"},{\"@type\":\"ListItem\",\"position\":2,\"name\":\"Nuestros servicios\"}]},{\"@type\":\"WebSite\",\"@id\":\"https:\\\/\\\/www.bmkgenetics.com\\\/es\\\/#website\",\"url\":\"https:\\\/\\\/www.bmkgenetics.com\\\/es\\\/\",\"name\":\"Benchmark Genetics\",\"description\":\"Driving sustainability in aquaculture\",\"potentialAction\":[{\"@type\":\"SearchAction\",\"target\":{\"@type\":\"EntryPoint\",\"urlTemplate\":\"https:\\\/\\\/www.bmkgenetics.com\\\/es\\\/?s={search_term_string}\"},\"query-input\":{\"@type\":\"PropertyValueSpecification\",\"valueRequired\":true,\"valueName\":\"search_term_string\"}}],\"inLanguage\":\"es\"}]}<\/script>\n<!-- \/ Yoast SEO plugin. -->","yoast_head_json":{"title":"Nuestros servicios - Genetics Services - Benchmark Genetics -","description":"En Benchmark Genetics, cada cliente recibe servicios en funci\u00f3n de sus necesidades y recursos. Ofrecemos servicios a medida para optimizar el retorno de la inversi\u00f3n de nuestros clientes","robots":{"index":"index","follow":"follow","max-snippet":"max-snippet:-1","max-image-preview":"max-image-preview:large","max-video-preview":"max-video-preview:-1"},"canonical":"https:\/\/www.bmkgenetics.com\/es\/about\/our-services\/","og_locale":"es_ES","og_type":"article","og_title":"Nuestros servicios - Genetics Services - Benchmark Genetics -","og_description":"En Benchmark Genetics, cada cliente recibe servicios en funci\u00f3n de sus necesidades y recursos. Ofrecemos servicios a medida para optimizar el retorno de la inversi\u00f3n de nuestros clientes","og_url":"https:\/\/www.bmkgenetics.com\/es\/about\/our-services\/","og_site_name":"Benchmark Genetics","article_publisher":"https:\/\/www.facebook.com\/benchmarkgenetics\/","article_modified_time":"2021-07-23T11:25:44+00:00","og_image":[{"width":800,"height":600,"url":"https:\/\/www.bmkgenetics.com\/wp-content\/uploads\/2021\/04\/logo-whitebg-528x135-in-800x600-1.png","type":"image\/png"}],"twitter_card":"summary_large_image","twitter_site":"@WeAreBenchmark","twitter_misc":{"Tiempo de lectura":"1 minuto"},"schema":{"@context":"https:\/\/schema.org","@graph":[{"@type":"WebPage","@id":"https:\/\/www.bmkgenetics.com\/es\/about\/our-services\/","url":"https:\/\/www.bmkgenetics.com\/es\/about\/our-services\/","name":"Nuestros servicios - Genetics Services - Benchmark Genetics -","isPartOf":{"@id":"https:\/\/www.bmkgenetics.com\/es\/#website"},"datePublished":"2021-02-03T09:29:37+00:00","dateModified":"2021-07-23T11:25:44+00:00","description":"En Benchmark Genetics, cada cliente recibe servicios en funci\u00f3n de sus necesidades y recursos. Ofrecemos servicios a medida para optimizar el retorno de la inversi\u00f3n de nuestros clientes","breadcrumb":{"@id":"https:\/\/www.bmkgenetics.com\/es\/about\/our-services\/#breadcrumb"},"inLanguage":"es","potentialAction":[{"@type":"ReadAction","target":["https:\/\/www.bmkgenetics.com\/es\/about\/our-services\/"]}]},{"@type":"BreadcrumbList","@id":"https:\/\/www.bmkgenetics.com\/es\/about\/our-services\/#breadcrumb","itemListElement":[{"@type":"ListItem","position":1,"name":"Acerca de","item":"https:\/\/www.bmkgenetics.com\/es\/about\/"},{"@type":"ListItem","position":2,"name":"Nuestros servicios"}]},{"@type":"WebSite","@id":"https:\/\/www.bmkgenetics.com\/es\/#website","url":"https:\/\/www.bmkgenetics.com\/es\/","name":"Benchmark Genetics","description":"Driving sustainability in aquaculture","potentialAction":[{"@type":"SearchAction","target":{"@type":"EntryPoint","urlTemplate":"https:\/\/www.bmkgenetics.com\/es\/?s={search_term_string}"},"query-input":{"@type":"PropertyValueSpecification","valueRequired":true,"valueName":"search_term_string"}}],"inLanguage":"es"}]}},"_links":{"self":[{"href":"https:\/\/www.bmkgenetics.com\/es\/wp-json\/wp\/v2\/pages\/6697","targetHints":{"allow":["GET"]}}],"collection":[{"href":"https:\/\/www.bmkgenetics.com\/es\/wp-json\/wp\/v2\/pages"}],"about":[{"href":"https:\/\/www.bmkgenetics.com\/es\/wp-json\/wp\/v2\/types\/page"}],"author":[{"embeddable":true,"href":"https:\/\/www.bmkgenetics.com\/es\/wp-json\/wp\/v2\/users\/99"}],"replies":[{"embeddable":true,"href":"https:\/\/www.bmkgenetics.com\/es\/wp-json\/wp\/v2\/comments?post=6697"}],"version-history":[{"count":0,"href":"https:\/\/www.bmkgenetics.com\/es\/wp-json\/wp\/v2\/pages\/6697\/revisions"}],"up":[{"embeddable":true,"href":"https:\/\/www.bmkgenetics.com\/es\/wp-json\/wp\/v2\/pages\/5211"}],"wp:attachment":[{"href":"https:\/\/www.bmkgenetics.com\/es\/wp-json\/wp\/v2\/media?parent=6697"}],"curies":[{"name":"wp","href":"https:\/\/api.w.org\/{rel}","templated":true}]}}