{"id":6689,"date":"2021-03-01T11:30:15","date_gmt":"2021-03-01T10:30:15","guid":{"rendered":"https:\/\/www.bmkgenetics.com\/services\/salmon\/chile\/benchmark-genetics-ensenada\/"},"modified":"2021-08-04T12:59:02","modified_gmt":"2021-08-04T10:59:02","slug":"benchmark-genetics-ensenada","status":"publish","type":"page","link":"https:\/\/www.bmkgenetics.com\/es\/services\/genetic-services\/chile-2\/benchmark-genetics-ensenada\/","title":{"rendered":"Benchmark Genetics Ensenada"},"content":{"rendered":"<section class=\"l-section wpb_row leftheading-rightbody height_large\"><div class=\"l-section-h i-cf\"><div class=\"g-cols vc_row via_flex valign_top type_default stacking_default\"><div class=\"vc_col-sm-12 wpb_column vc_column_container\"><div class=\"vc_column-inner\"><div class=\"wpb_wrapper\"><div class=\"g-cols wpb_row via_flex valign_top type_default stacking_default\"><div class=\"vc_col-sm-12 vc_col-md-8 wpb_column vc_column_container\"><div class=\"vc_column-inner\"><div class=\"wpb_wrapper\">[vc_custom_heading text=\u00bbSobre Benchmark Genetics Ensenada\u00bb use_theme_fonts=\u00bbyes\u00bb]<\/div><\/div><\/div><div class=\"vc_col-sm-4 vc_hidden-sm vc_hidden-xs wpb_column vc_column_container\"><div class=\"vc_column-inner\"><div class=\"wpb_wrapper\"><\/div><\/div><\/div><\/div><div class=\"g-cols wpb_row via_flex valign_top type_default stacking_default\"><div class=\"vc_col-sm-4 vc_hidden-sm vc_hidden-xs wpb_column vc_column_container\"><div class=\"vc_column-inner\"><div class=\"wpb_wrapper\"><\/div><\/div><\/div><div class=\"vc_col-sm-12 vc_col-md-8 wpb_column vc_column_container\"><div class=\"vc_column-inner\"><div class=\"wpb_wrapper\"><div class=\"wpb_text_column\"><div class=\"wpb_wrapper\"><p>Ubicada cerca del lago Llanquihue, en la base del volc\u00e1n Osorno, Ensenada es la unidad de desove e incubaci\u00f3n de Benchmark Genetics Chile y el hogar del laboratorio de criopreservaci\u00f3n de Benchmark en Chile. Tambi\u00e9n es donde se producen y marcan las\u00a0 familias de la cepa SagaChile de Benchmark.<\/p>\n<p>Benchmark Genetics Ensenada tiene la capacidad de incubaci\u00f3n de 50.000.000 de ovas, con tanques de 1.300 m3 abastecidos con agua de pozo pr\u00edstina y biosegura a 7.5 \u00b0 C.<\/p>\n<p>Ensenada recibe animales maduros&gt; 8,5 Kg de Curacalco para desove y cribado. Una vez cubiertos estos procesos, las ovas son fertilizadas, incubadas y finalmente distribuidas a los clientes.<\/p>\n<\/div><\/div><div class=\"wpb_text_column\"><div class=\"wpb_wrapper\"><h3>Benchmark Genetic Ensenada in numbers:<\/h3>\n<ul>\n<li>1.300 m3 capacidad<\/li>\n<li>200 tanques de familias<\/li>\n<li>Capacidad para 50.000.000 ovas<\/li>\n<li>Laboratorio de criopreservaci\u00f3n<\/li>\n<\/ul>\n<\/div><\/div><div class=\"w-separator size_medium\"><\/div><div class=\"w-image align_none\"><div class=\"w-image-h\"><img decoding=\"async\" width=\"1024\" height=\"768\" src=\"https:\/\/www.bmkgenetics.com\/wp-content\/uploads\/2021\/04\/Ensenada-1-1024x768.jpg\" class=\"attachment-large size-large\" alt=\"\" loading=\"lazy\" srcset=\"https:\/\/www.bmkgenetics.com\/wp-content\/uploads\/2021\/04\/Ensenada-1-1024x768.jpg 1024w, https:\/\/www.bmkgenetics.com\/wp-content\/uploads\/2021\/04\/Ensenada-1-300x225.jpg 300w\" sizes=\"auto, (max-width: 1024px) 100vw, 1024px\" \/><\/div><\/div><\/div><\/div><\/div><\/div><\/div><\/div><\/div><\/div><\/div><\/section>\n","protected":false},"excerpt":{"rendered":"[vc_custom_heading text=\"Sobre Benchmark Genetics Ensenada\" use_theme_fonts=\"yes\"]Ubicada cerca del lago Llanquihue, en la base del volc\u00e1n Osorno, Ensenada es la unidad de desove e incubaci\u00f3n de Benchmark Genetics Chile y el hogar del laboratorio de criopreservaci\u00f3n de Benchmark en Chile. Tambi\u00e9n es donde se producen y marcan las\u00a0 familias de la cepa SagaChile de Benchmark. Benchmark...","protected":false},"author":99,"featured_media":0,"parent":6649,"menu_order":0,"comment_status":"closed","ping_status":"closed","template":"","meta":{"_acf_changed":false,"footnotes":""},"class_list":["post-6689","page","type-page","status-publish","hentry"],"acf":[],"yoast_head":"<!-- This site is optimized with the Yoast SEO plugin v27.5 - https:\/\/yoast.com\/product\/yoast-seo-wordpress\/ -->\n<title>Benchmark Genetics Ensenada - Benchmark Genetics<\/title>\n<meta name=\"description\" content=\"Benchmark Genetics Ensenada es la unidad de desove e incubaci\u00f3n de Benchmark Genetics Chile, y sede de nuestro laboratorio de criopreservaci\u00f3n en Chile.\" \/>\n<meta name=\"robots\" content=\"index, follow, max-snippet:-1, max-image-preview:large, max-video-preview:-1\" \/>\n<link rel=\"canonical\" href=\"https:\/\/www.bmkgenetics.com\/es\/services\/genetic-services\/chile-2\/benchmark-genetics-ensenada\/\" \/>\n<meta property=\"og:locale\" content=\"es_ES\" \/>\n<meta property=\"og:type\" content=\"article\" \/>\n<meta property=\"og:title\" content=\"Benchmark Genetics Ensenada - Benchmark Genetics\" \/>\n<meta property=\"og:description\" content=\"Benchmark Genetics Ensenada es la unidad de desove e incubaci\u00f3n de Benchmark Genetics Chile, y sede de nuestro laboratorio de criopreservaci\u00f3n en Chile.\" \/>\n<meta property=\"og:url\" content=\"https:\/\/www.bmkgenetics.com\/es\/services\/genetic-services\/chile-2\/benchmark-genetics-ensenada\/\" \/>\n<meta property=\"og:site_name\" content=\"Benchmark Genetics\" \/>\n<meta property=\"article:publisher\" content=\"https:\/\/www.facebook.com\/benchmarkgenetics\/\" \/>\n<meta property=\"article:modified_time\" content=\"2021-08-04T10:59:02+00:00\" \/>\n<meta property=\"og:image\" content=\"https:\/\/www.bmkgenetics.com\/wp-content\/uploads\/2021\/04\/logo-whitebg-528x135-in-800x600-1.png\" \/>\n\t<meta property=\"og:image:width\" content=\"800\" \/>\n\t<meta property=\"og:image:height\" content=\"600\" \/>\n\t<meta property=\"og:image:type\" content=\"image\/png\" \/>\n<meta name=\"twitter:card\" content=\"summary_large_image\" \/>\n<meta name=\"twitter:site\" content=\"@WeAreBenchmark\" \/>\n<meta name=\"twitter:label1\" content=\"Tiempo de lectura\" \/>\n\t<meta name=\"twitter:data1\" content=\"1 minuto\" \/>\n<script type=\"application\/ld+json\" class=\"yoast-schema-graph\">{\"@context\":\"https:\\\/\\\/schema.org\",\"@graph\":[{\"@type\":\"WebPage\",\"@id\":\"https:\\\/\\\/www.bmkgenetics.com\\\/es\\\/services\\\/genetic-services\\\/chile-2\\\/benchmark-genetics-ensenada\\\/\",\"url\":\"https:\\\/\\\/www.bmkgenetics.com\\\/es\\\/services\\\/genetic-services\\\/chile-2\\\/benchmark-genetics-ensenada\\\/\",\"name\":\"Benchmark Genetics Ensenada - Benchmark Genetics\",\"isPartOf\":{\"@id\":\"https:\\\/\\\/www.bmkgenetics.com\\\/es\\\/#website\"},\"datePublished\":\"2021-03-01T10:30:15+00:00\",\"dateModified\":\"2021-08-04T10:59:02+00:00\",\"description\":\"Benchmark Genetics Ensenada es la unidad de desove e incubaci\u00f3n de Benchmark Genetics Chile, y sede de nuestro laboratorio de criopreservaci\u00f3n en Chile.\",\"breadcrumb\":{\"@id\":\"https:\\\/\\\/www.bmkgenetics.com\\\/es\\\/services\\\/genetic-services\\\/chile-2\\\/benchmark-genetics-ensenada\\\/#breadcrumb\"},\"inLanguage\":\"es\",\"potentialAction\":[{\"@type\":\"ReadAction\",\"target\":[\"https:\\\/\\\/www.bmkgenetics.com\\\/es\\\/services\\\/genetic-services\\\/chile-2\\\/benchmark-genetics-ensenada\\\/\"]}]},{\"@type\":\"BreadcrumbList\",\"@id\":\"https:\\\/\\\/www.bmkgenetics.com\\\/es\\\/services\\\/genetic-services\\\/chile-2\\\/benchmark-genetics-ensenada\\\/#breadcrumb\",\"itemListElement\":[{\"@type\":\"ListItem\",\"position\":1,\"name\":\"Productos\",\"item\":\"https:\\\/\\\/www.bmkgenetics.com\\\/es\\\/services\\\/\"},{\"@type\":\"ListItem\",\"position\":2,\"name\":\"Servicios Gen\u00e9ticos\",\"item\":\"https:\\\/\\\/www.bmkgenetics.com\\\/es\\\/services\\\/genetic-services\\\/\"},{\"@type\":\"ListItem\",\"position\":3,\"name\":\"Chile\",\"item\":\"https:\\\/\\\/www.bmkgenetics.com\\\/es\\\/services\\\/genetic-services\\\/chile-2\\\/\"},{\"@type\":\"ListItem\",\"position\":4,\"name\":\"Benchmark Genetics Ensenada\"}]},{\"@type\":\"WebSite\",\"@id\":\"https:\\\/\\\/www.bmkgenetics.com\\\/es\\\/#website\",\"url\":\"https:\\\/\\\/www.bmkgenetics.com\\\/es\\\/\",\"name\":\"Benchmark Genetics\",\"description\":\"Driving sustainability in aquaculture\",\"potentialAction\":[{\"@type\":\"SearchAction\",\"target\":{\"@type\":\"EntryPoint\",\"urlTemplate\":\"https:\\\/\\\/www.bmkgenetics.com\\\/es\\\/?s={search_term_string}\"},\"query-input\":{\"@type\":\"PropertyValueSpecification\",\"valueRequired\":true,\"valueName\":\"search_term_string\"}}],\"inLanguage\":\"es\"}]}<\/script>\n<!-- \/ Yoast SEO plugin. -->","yoast_head_json":{"title":"Benchmark Genetics Ensenada - Benchmark Genetics","description":"Benchmark Genetics Ensenada es la unidad de desove e incubaci\u00f3n de Benchmark Genetics Chile, y sede de nuestro laboratorio de criopreservaci\u00f3n en Chile.","robots":{"index":"index","follow":"follow","max-snippet":"max-snippet:-1","max-image-preview":"max-image-preview:large","max-video-preview":"max-video-preview:-1"},"canonical":"https:\/\/www.bmkgenetics.com\/es\/services\/genetic-services\/chile-2\/benchmark-genetics-ensenada\/","og_locale":"es_ES","og_type":"article","og_title":"Benchmark Genetics Ensenada - Benchmark Genetics","og_description":"Benchmark Genetics Ensenada es la unidad de desove e incubaci\u00f3n de Benchmark Genetics Chile, y sede de nuestro laboratorio de criopreservaci\u00f3n en Chile.","og_url":"https:\/\/www.bmkgenetics.com\/es\/services\/genetic-services\/chile-2\/benchmark-genetics-ensenada\/","og_site_name":"Benchmark Genetics","article_publisher":"https:\/\/www.facebook.com\/benchmarkgenetics\/","article_modified_time":"2021-08-04T10:59:02+00:00","og_image":[{"width":800,"height":600,"url":"https:\/\/www.bmkgenetics.com\/wp-content\/uploads\/2021\/04\/logo-whitebg-528x135-in-800x600-1.png","type":"image\/png"}],"twitter_card":"summary_large_image","twitter_site":"@WeAreBenchmark","twitter_misc":{"Tiempo de lectura":"1 minuto"},"schema":{"@context":"https:\/\/schema.org","@graph":[{"@type":"WebPage","@id":"https:\/\/www.bmkgenetics.com\/es\/services\/genetic-services\/chile-2\/benchmark-genetics-ensenada\/","url":"https:\/\/www.bmkgenetics.com\/es\/services\/genetic-services\/chile-2\/benchmark-genetics-ensenada\/","name":"Benchmark Genetics Ensenada - Benchmark Genetics","isPartOf":{"@id":"https:\/\/www.bmkgenetics.com\/es\/#website"},"datePublished":"2021-03-01T10:30:15+00:00","dateModified":"2021-08-04T10:59:02+00:00","description":"Benchmark Genetics Ensenada es la unidad de desove e incubaci\u00f3n de Benchmark Genetics Chile, y sede de nuestro laboratorio de criopreservaci\u00f3n en Chile.","breadcrumb":{"@id":"https:\/\/www.bmkgenetics.com\/es\/services\/genetic-services\/chile-2\/benchmark-genetics-ensenada\/#breadcrumb"},"inLanguage":"es","potentialAction":[{"@type":"ReadAction","target":["https:\/\/www.bmkgenetics.com\/es\/services\/genetic-services\/chile-2\/benchmark-genetics-ensenada\/"]}]},{"@type":"BreadcrumbList","@id":"https:\/\/www.bmkgenetics.com\/es\/services\/genetic-services\/chile-2\/benchmark-genetics-ensenada\/#breadcrumb","itemListElement":[{"@type":"ListItem","position":1,"name":"Productos","item":"https:\/\/www.bmkgenetics.com\/es\/services\/"},{"@type":"ListItem","position":2,"name":"Servicios Gen\u00e9ticos","item":"https:\/\/www.bmkgenetics.com\/es\/services\/genetic-services\/"},{"@type":"ListItem","position":3,"name":"Chile","item":"https:\/\/www.bmkgenetics.com\/es\/services\/genetic-services\/chile-2\/"},{"@type":"ListItem","position":4,"name":"Benchmark Genetics Ensenada"}]},{"@type":"WebSite","@id":"https:\/\/www.bmkgenetics.com\/es\/#website","url":"https:\/\/www.bmkgenetics.com\/es\/","name":"Benchmark Genetics","description":"Driving sustainability in aquaculture","potentialAction":[{"@type":"SearchAction","target":{"@type":"EntryPoint","urlTemplate":"https:\/\/www.bmkgenetics.com\/es\/?s={search_term_string}"},"query-input":{"@type":"PropertyValueSpecification","valueRequired":true,"valueName":"search_term_string"}}],"inLanguage":"es"}]}},"_links":{"self":[{"href":"https:\/\/www.bmkgenetics.com\/es\/wp-json\/wp\/v2\/pages\/6689","targetHints":{"allow":["GET"]}}],"collection":[{"href":"https:\/\/www.bmkgenetics.com\/es\/wp-json\/wp\/v2\/pages"}],"about":[{"href":"https:\/\/www.bmkgenetics.com\/es\/wp-json\/wp\/v2\/types\/page"}],"author":[{"embeddable":true,"href":"https:\/\/www.bmkgenetics.com\/es\/wp-json\/wp\/v2\/users\/99"}],"replies":[{"embeddable":true,"href":"https:\/\/www.bmkgenetics.com\/es\/wp-json\/wp\/v2\/comments?post=6689"}],"version-history":[{"count":0,"href":"https:\/\/www.bmkgenetics.com\/es\/wp-json\/wp\/v2\/pages\/6689\/revisions"}],"up":[{"embeddable":true,"href":"https:\/\/www.bmkgenetics.com\/es\/wp-json\/wp\/v2\/pages\/6649"}],"wp:attachment":[{"href":"https:\/\/www.bmkgenetics.com\/es\/wp-json\/wp\/v2\/media?parent=6689"}],"curies":[{"name":"wp","href":"https:\/\/api.w.org\/{rel}","templated":true}]}}