{"id":6683,"date":"2021-01-28T13:02:24","date_gmt":"2021-01-28T12:02:24","guid":{"rendered":"https:\/\/www.bmkgenetics.com\/services\/salmon\/iceland\/kollafjordur\/"},"modified":"2021-07-22T14:58:05","modified_gmt":"2021-07-22T12:58:05","slug":"kollafjordur","status":"publish","type":"page","link":"https:\/\/www.bmkgenetics.com\/es\/services\/salmon\/iceland\/kollafjordur\/","title":{"rendered":"Kollafj\u00f6rdur"},"content":{"rendered":"<section class=\"l-section wpb_row leftheading-rightbody height_large\"><div class=\"l-section-h i-cf\"><div class=\"g-cols vc_row via_flex valign_top type_default stacking_default\"><div class=\"vc_col-sm-12 wpb_column vc_column_container\"><div class=\"vc_column-inner\"><div class=\"wpb_wrapper\"><div class=\"g-cols wpb_row via_flex valign_top type_default stacking_default\"><div class=\"vc_col-sm-12 vc_col-md-8 wpb_column vc_column_container\"><div class=\"vc_column-inner\"><div class=\"wpb_wrapper\">[vc_custom_heading text=\u00bbPiscicultura \u00bb use_theme_fonts=\u00bbyes\u00bb]<\/div><\/div><\/div><div class=\"vc_col-sm-4 vc_hidden-sm vc_hidden-xs wpb_column vc_column_container\"><div class=\"vc_column-inner\"><div class=\"wpb_wrapper\"><\/div><\/div><\/div><\/div><div class=\"g-cols wpb_row via_flex valign_top type_default stacking_default\"><div class=\"vc_col-sm-4 vc_hidden-sm vc_hidden-xs wpb_column vc_column_container\"><div class=\"vc_column-inner\"><div class=\"wpb_wrapper\"><\/div><\/div><\/div><div class=\"vc_col-sm-12 vc_col-md-8 wpb_column vc_column_container\"><div class=\"vc_column-inner\"><div class=\"wpb_wrapper\"><div class=\"wpb_text_column\"><div class=\"wpb_wrapper\"><p>Kollafjordur es nuestra piscicultura para el salm\u00f3n Atl\u00e1ntico en Islandia.<\/p>\n<p>La unidad tiene acceso a agua limpia de manantial de la cercana monta\u00f1a Esja. Est\u00e1 equipado con 200 tanques peque\u00f1os que nos permiten producir 200 familias cada a\u00f1o, cuidadosamente seleccionadas de nuestro programa de cr\u00eda selectiva de la cepa StofnFiskur.<\/p>\n<p>Utilizando sus recursos ambientales \u00fanicos para producir y criar smolts sanos y robustos de salm\u00f3n Atl\u00e1ntico, la granja tiene un papel fundamental dentro de la empresa. El salm\u00f3n producido en Kollafjordur se transfiere a nuestros centros de reproductores en Vogavik y Kallmanstj\u00f6rn.<\/p>\n<\/div><\/div><\/div><\/div><\/div><\/div><\/div><\/div><\/div><\/div><\/div><\/section>\n","protected":false},"excerpt":{"rendered":"[vc_custom_heading text=\"Piscicultura \" use_theme_fonts=\"yes\"]Kollafjordur es nuestra piscicultura para el salm\u00f3n Atl\u00e1ntico en Islandia. La unidad tiene acceso a agua limpia de manantial de la cercana monta\u00f1a Esja. Est\u00e1 equipado con 200 tanques peque\u00f1os que nos permiten producir 200 familias cada a\u00f1o, cuidadosamente seleccionadas de nuestro programa de cr\u00eda selectiva de la cepa StofnFiskur. Utilizando sus...","protected":false},"author":99,"featured_media":0,"parent":6679,"menu_order":0,"comment_status":"closed","ping_status":"closed","template":"","meta":{"_acf_changed":false,"footnotes":""},"class_list":["post-6683","page","type-page","status-publish","hentry"],"acf":[],"yoast_head":"<!-- This site is optimized with the Yoast SEO plugin v27.3 - https:\/\/yoast.com\/product\/yoast-seo-wordpress\/ -->\n<title>Kollafj\u00f6rdur - Iceland Salmon - Benchmark Genetics<\/title>\n<meta name=\"description\" content=\"Kollafjordur es una piscicultura de salm\u00f3n del Atl\u00e1ntico en Islandia con acceso a agua de manantial limpia de la cercana monta\u00f1a Esja.\" \/>\n<meta name=\"robots\" content=\"index, follow, max-snippet:-1, max-image-preview:large, max-video-preview:-1\" \/>\n<link rel=\"canonical\" href=\"https:\/\/www.bmkgenetics.com\/es\/services\/salmon\/iceland\/kollafjordur\/\" \/>\n<meta property=\"og:locale\" content=\"es_ES\" \/>\n<meta property=\"og:type\" content=\"article\" \/>\n<meta property=\"og:title\" content=\"Kollafj\u00f6rdur - Iceland Salmon - Benchmark Genetics\" \/>\n<meta property=\"og:description\" content=\"Kollafjordur es una piscicultura de salm\u00f3n del Atl\u00e1ntico en Islandia con acceso a agua de manantial limpia de la cercana monta\u00f1a Esja.\" \/>\n<meta property=\"og:url\" content=\"https:\/\/www.bmkgenetics.com\/es\/services\/salmon\/iceland\/kollafjordur\/\" \/>\n<meta property=\"og:site_name\" content=\"Benchmark Genetics\" \/>\n<meta property=\"article:publisher\" content=\"https:\/\/www.facebook.com\/benchmarkgenetics\/\" \/>\n<meta property=\"article:modified_time\" content=\"2021-07-22T12:58:05+00:00\" \/>\n<meta property=\"og:image\" content=\"https:\/\/www.bmkgenetics.com\/wp-content\/uploads\/2021\/04\/logo-whitebg-528x135-in-800x600-1.png\" \/>\n\t<meta property=\"og:image:width\" content=\"800\" \/>\n\t<meta property=\"og:image:height\" content=\"600\" \/>\n\t<meta property=\"og:image:type\" content=\"image\/png\" \/>\n<meta name=\"twitter:card\" content=\"summary_large_image\" \/>\n<meta name=\"twitter:site\" content=\"@WeAreBenchmark\" \/>\n<meta name=\"twitter:label1\" content=\"Tiempo de lectura\" \/>\n\t<meta name=\"twitter:data1\" content=\"1 minuto\" \/>\n<script type=\"application\/ld+json\" class=\"yoast-schema-graph\">{\"@context\":\"https:\\\/\\\/schema.org\",\"@graph\":[{\"@type\":\"WebPage\",\"@id\":\"https:\\\/\\\/www.bmkgenetics.com\\\/es\\\/services\\\/salmon\\\/iceland\\\/kollafjordur\\\/\",\"url\":\"https:\\\/\\\/www.bmkgenetics.com\\\/es\\\/services\\\/salmon\\\/iceland\\\/kollafjordur\\\/\",\"name\":\"Kollafj\u00f6rdur - Iceland Salmon - Benchmark Genetics\",\"isPartOf\":{\"@id\":\"https:\\\/\\\/www.bmkgenetics.com\\\/es\\\/#website\"},\"datePublished\":\"2021-01-28T12:02:24+00:00\",\"dateModified\":\"2021-07-22T12:58:05+00:00\",\"description\":\"Kollafjordur es una piscicultura de salm\u00f3n del Atl\u00e1ntico en Islandia con acceso a agua de manantial limpia de la cercana monta\u00f1a Esja.\",\"breadcrumb\":{\"@id\":\"https:\\\/\\\/www.bmkgenetics.com\\\/es\\\/services\\\/salmon\\\/iceland\\\/kollafjordur\\\/#breadcrumb\"},\"inLanguage\":\"es\",\"potentialAction\":[{\"@type\":\"ReadAction\",\"target\":[\"https:\\\/\\\/www.bmkgenetics.com\\\/es\\\/services\\\/salmon\\\/iceland\\\/kollafjordur\\\/\"]}]},{\"@type\":\"BreadcrumbList\",\"@id\":\"https:\\\/\\\/www.bmkgenetics.com\\\/es\\\/services\\\/salmon\\\/iceland\\\/kollafjordur\\\/#breadcrumb\",\"itemListElement\":[{\"@type\":\"ListItem\",\"position\":1,\"name\":\"Productos\",\"item\":\"https:\\\/\\\/www.bmkgenetics.com\\\/es\\\/services\\\/\"},{\"@type\":\"ListItem\",\"position\":2,\"name\":\"Ova de salm\u00f3n\",\"item\":\"https:\\\/\\\/www.bmkgenetics.com\\\/es\\\/services\\\/salmon\\\/\"},{\"@type\":\"ListItem\",\"position\":3,\"name\":\"Islandia\",\"item\":\"https:\\\/\\\/www.bmkgenetics.com\\\/es\\\/services\\\/salmon\\\/iceland\\\/\"},{\"@type\":\"ListItem\",\"position\":4,\"name\":\"Kollafj\u00f6rdur\"}]},{\"@type\":\"WebSite\",\"@id\":\"https:\\\/\\\/www.bmkgenetics.com\\\/es\\\/#website\",\"url\":\"https:\\\/\\\/www.bmkgenetics.com\\\/es\\\/\",\"name\":\"Benchmark Genetics\",\"description\":\"Driving sustainability in aquaculture\",\"potentialAction\":[{\"@type\":\"SearchAction\",\"target\":{\"@type\":\"EntryPoint\",\"urlTemplate\":\"https:\\\/\\\/www.bmkgenetics.com\\\/es\\\/?s={search_term_string}\"},\"query-input\":{\"@type\":\"PropertyValueSpecification\",\"valueRequired\":true,\"valueName\":\"search_term_string\"}}],\"inLanguage\":\"es\"}]}<\/script>\n<!-- \/ Yoast SEO plugin. -->","yoast_head_json":{"title":"Kollafj\u00f6rdur - Iceland Salmon - Benchmark Genetics","description":"Kollafjordur es una piscicultura de salm\u00f3n del Atl\u00e1ntico en Islandia con acceso a agua de manantial limpia de la cercana monta\u00f1a Esja.","robots":{"index":"index","follow":"follow","max-snippet":"max-snippet:-1","max-image-preview":"max-image-preview:large","max-video-preview":"max-video-preview:-1"},"canonical":"https:\/\/www.bmkgenetics.com\/es\/services\/salmon\/iceland\/kollafjordur\/","og_locale":"es_ES","og_type":"article","og_title":"Kollafj\u00f6rdur - Iceland Salmon - Benchmark Genetics","og_description":"Kollafjordur es una piscicultura de salm\u00f3n del Atl\u00e1ntico en Islandia con acceso a agua de manantial limpia de la cercana monta\u00f1a Esja.","og_url":"https:\/\/www.bmkgenetics.com\/es\/services\/salmon\/iceland\/kollafjordur\/","og_site_name":"Benchmark Genetics","article_publisher":"https:\/\/www.facebook.com\/benchmarkgenetics\/","article_modified_time":"2021-07-22T12:58:05+00:00","og_image":[{"width":800,"height":600,"url":"https:\/\/www.bmkgenetics.com\/wp-content\/uploads\/2021\/04\/logo-whitebg-528x135-in-800x600-1.png","type":"image\/png"}],"twitter_card":"summary_large_image","twitter_site":"@WeAreBenchmark","twitter_misc":{"Tiempo de lectura":"1 minuto"},"schema":{"@context":"https:\/\/schema.org","@graph":[{"@type":"WebPage","@id":"https:\/\/www.bmkgenetics.com\/es\/services\/salmon\/iceland\/kollafjordur\/","url":"https:\/\/www.bmkgenetics.com\/es\/services\/salmon\/iceland\/kollafjordur\/","name":"Kollafj\u00f6rdur - Iceland Salmon - Benchmark Genetics","isPartOf":{"@id":"https:\/\/www.bmkgenetics.com\/es\/#website"},"datePublished":"2021-01-28T12:02:24+00:00","dateModified":"2021-07-22T12:58:05+00:00","description":"Kollafjordur es una piscicultura de salm\u00f3n del Atl\u00e1ntico en Islandia con acceso a agua de manantial limpia de la cercana monta\u00f1a Esja.","breadcrumb":{"@id":"https:\/\/www.bmkgenetics.com\/es\/services\/salmon\/iceland\/kollafjordur\/#breadcrumb"},"inLanguage":"es","potentialAction":[{"@type":"ReadAction","target":["https:\/\/www.bmkgenetics.com\/es\/services\/salmon\/iceland\/kollafjordur\/"]}]},{"@type":"BreadcrumbList","@id":"https:\/\/www.bmkgenetics.com\/es\/services\/salmon\/iceland\/kollafjordur\/#breadcrumb","itemListElement":[{"@type":"ListItem","position":1,"name":"Productos","item":"https:\/\/www.bmkgenetics.com\/es\/services\/"},{"@type":"ListItem","position":2,"name":"Ova de salm\u00f3n","item":"https:\/\/www.bmkgenetics.com\/es\/services\/salmon\/"},{"@type":"ListItem","position":3,"name":"Islandia","item":"https:\/\/www.bmkgenetics.com\/es\/services\/salmon\/iceland\/"},{"@type":"ListItem","position":4,"name":"Kollafj\u00f6rdur"}]},{"@type":"WebSite","@id":"https:\/\/www.bmkgenetics.com\/es\/#website","url":"https:\/\/www.bmkgenetics.com\/es\/","name":"Benchmark Genetics","description":"Driving sustainability in aquaculture","potentialAction":[{"@type":"SearchAction","target":{"@type":"EntryPoint","urlTemplate":"https:\/\/www.bmkgenetics.com\/es\/?s={search_term_string}"},"query-input":{"@type":"PropertyValueSpecification","valueRequired":true,"valueName":"search_term_string"}}],"inLanguage":"es"}]}},"_links":{"self":[{"href":"https:\/\/www.bmkgenetics.com\/es\/wp-json\/wp\/v2\/pages\/6683","targetHints":{"allow":["GET"]}}],"collection":[{"href":"https:\/\/www.bmkgenetics.com\/es\/wp-json\/wp\/v2\/pages"}],"about":[{"href":"https:\/\/www.bmkgenetics.com\/es\/wp-json\/wp\/v2\/types\/page"}],"author":[{"embeddable":true,"href":"https:\/\/www.bmkgenetics.com\/es\/wp-json\/wp\/v2\/users\/99"}],"replies":[{"embeddable":true,"href":"https:\/\/www.bmkgenetics.com\/es\/wp-json\/wp\/v2\/comments?post=6683"}],"version-history":[{"count":0,"href":"https:\/\/www.bmkgenetics.com\/es\/wp-json\/wp\/v2\/pages\/6683\/revisions"}],"up":[{"embeddable":true,"href":"https:\/\/www.bmkgenetics.com\/es\/wp-json\/wp\/v2\/pages\/6679"}],"wp:attachment":[{"href":"https:\/\/www.bmkgenetics.com\/es\/wp-json\/wp\/v2\/media?parent=6683"}],"curies":[{"name":"wp","href":"https:\/\/api.w.org\/{rel}","templated":true}]}}