{"id":6681,"date":"2021-01-28T12:59:12","date_gmt":"2021-01-28T11:59:12","guid":{"rendered":"https:\/\/www.bmkgenetics.com\/services\/salmon\/iceland\/vogavik\/"},"modified":"2021-07-22T14:42:36","modified_gmt":"2021-07-22T12:42:36","slug":"vogavik","status":"publish","type":"page","link":"https:\/\/www.bmkgenetics.com\/es\/services\/salmon\/iceland\/vogavik\/","title":{"rendered":"Unidad de Reproductores Vogar"},"content":{"rendered":"<section class=\"l-section wpb_row leftheading-rightbody height_large\"><div class=\"l-section-h i-cf\"><div class=\"g-cols vc_row via_flex valign_top type_default stacking_default\"><div class=\"vc_col-sm-12 wpb_column vc_column_container\"><div class=\"vc_column-inner\"><div class=\"wpb_wrapper\"><div class=\"g-cols wpb_row via_flex valign_top type_default stacking_default\"><div class=\"vc_col-sm-12 vc_col-md-8 wpb_column vc_column_container\"><div class=\"vc_column-inner\"><div class=\"wpb_wrapper\">[vc_custom_heading text=\u00bbNuestra granja de reproductores m\u00e1s grande\u00bb use_theme_fonts=\u00bbyes\u00bb]<\/div><\/div><\/div><div class=\"vc_col-sm-4 vc_hidden-sm vc_hidden-xs wpb_column vc_column_container\"><div class=\"vc_column-inner\"><div class=\"wpb_wrapper\"><\/div><\/div><\/div><\/div><div class=\"g-cols wpb_row via_flex valign_top type_default stacking_default\"><div class=\"vc_col-sm-4 vc_hidden-sm vc_hidden-xs wpb_column vc_column_container\"><div class=\"vc_column-inner\"><div class=\"wpb_wrapper\"><\/div><\/div><\/div><div class=\"vc_col-sm-12 vc_col-md-8 wpb_column vc_column_container\"><div class=\"vc_column-inner\"><div class=\"wpb_wrapper\"><div class=\"wpb_text_column\"><div class=\"wpb_wrapper\"><p>Vogarv\u00edk es nuestra mayor granja de reproductores de salm\u00f3n Atl\u00e1ntico en Islandia. Benchmark adquiri\u00f3 el sitio en 2004 como primer paso en un plan de expansi\u00f3n para asegurar la disponibilidad semanal de ovas de salm\u00f3n reci\u00e9n extraidas para nuestros clientes.<\/p>\n<p>La granja tiene su base en tierra y est\u00e1 ubicada cerca del oc\u00e9ano en la esquina suroeste de Islandia. El agua de mar y dulce se bombean desde profundos pozos perforados a un sistema cerrado, lo que garantiza que no haya contacto con peces externos y asegura altos niveles de bioseguridad.<\/p>\n<p>La granja est\u00e1 cerrada al ingreso de animales\/peces externos, con la excepci\u00f3n de dos tomas de smolts por a\u00f1o, cada una extra\u00edda de nuestro criadero interno, Kollafj\u00f6r\u00f0ur.<\/p>\n<\/div><\/div><\/div><\/div><\/div><\/div><\/div><\/div><\/div><\/div><\/div><\/section>\n","protected":false},"excerpt":{"rendered":"[vc_custom_heading text=\"Nuestra granja de reproductores m\u00e1s grande\" use_theme_fonts=\"yes\"]Vogarv\u00edk es nuestra mayor granja de reproductores de salm\u00f3n Atl\u00e1ntico en Islandia. Benchmark adquiri\u00f3 el sitio en 2004 como primer paso en un plan de expansi\u00f3n para asegurar la disponibilidad semanal de ovas de salm\u00f3n reci\u00e9n extraidas para nuestros clientes. La granja tiene su base en tierra y...","protected":false},"author":99,"featured_media":0,"parent":6679,"menu_order":0,"comment_status":"closed","ping_status":"closed","template":"","meta":{"_acf_changed":false,"footnotes":""},"class_list":["post-6681","page","type-page","status-publish","hentry"],"acf":[],"yoast_head":"<!-- This site is optimized with the Yoast SEO plugin v27.5 - https:\/\/yoast.com\/product\/yoast-seo-wordpress\/ -->\n<title>Unidad de Reproductores Vogar - Benchmark Genetics - Breeding for the future<\/title>\n<meta name=\"description\" content=\"Vogarv\u00edk es nuestra mayor granja de reproductores de salm\u00f3n del Atl\u00e1ntico en Islandia. Benchmark adquiri\u00f3 el sitio en 2004.\" \/>\n<meta name=\"robots\" content=\"index, follow, max-snippet:-1, max-image-preview:large, max-video-preview:-1\" \/>\n<link rel=\"canonical\" href=\"https:\/\/www.bmkgenetics.com\/es\/services\/salmon\/iceland\/vogavik\/\" \/>\n<meta property=\"og:locale\" content=\"es_ES\" \/>\n<meta property=\"og:type\" content=\"article\" \/>\n<meta property=\"og:title\" content=\"Unidad de Reproductores Vogar - Benchmark Genetics - Breeding for the future\" \/>\n<meta property=\"og:description\" content=\"Vogarv\u00edk es nuestra mayor granja de reproductores de salm\u00f3n del Atl\u00e1ntico en Islandia. Benchmark adquiri\u00f3 el sitio en 2004.\" \/>\n<meta property=\"og:url\" content=\"https:\/\/www.bmkgenetics.com\/es\/services\/salmon\/iceland\/vogavik\/\" \/>\n<meta property=\"og:site_name\" content=\"Benchmark Genetics\" \/>\n<meta property=\"article:publisher\" content=\"https:\/\/www.facebook.com\/benchmarkgenetics\/\" \/>\n<meta property=\"article:modified_time\" content=\"2021-07-22T12:42:36+00:00\" \/>\n<meta property=\"og:image\" content=\"https:\/\/www.bmkgenetics.com\/wp-content\/uploads\/2021\/04\/logo-whitebg-528x135-in-800x600-1.png\" \/>\n\t<meta property=\"og:image:width\" content=\"800\" \/>\n\t<meta property=\"og:image:height\" content=\"600\" \/>\n\t<meta property=\"og:image:type\" content=\"image\/png\" \/>\n<meta name=\"twitter:card\" content=\"summary_large_image\" \/>\n<meta name=\"twitter:site\" content=\"@WeAreBenchmark\" \/>\n<meta name=\"twitter:label1\" content=\"Tiempo de lectura\" \/>\n\t<meta name=\"twitter:data1\" content=\"1 minuto\" \/>\n<script type=\"application\/ld+json\" class=\"yoast-schema-graph\">{\"@context\":\"https:\\\/\\\/schema.org\",\"@graph\":[{\"@type\":\"WebPage\",\"@id\":\"https:\\\/\\\/www.bmkgenetics.com\\\/es\\\/services\\\/salmon\\\/iceland\\\/vogavik\\\/\",\"url\":\"https:\\\/\\\/www.bmkgenetics.com\\\/es\\\/services\\\/salmon\\\/iceland\\\/vogavik\\\/\",\"name\":\"Unidad de Reproductores Vogar - Benchmark Genetics - Breeding for the future\",\"isPartOf\":{\"@id\":\"https:\\\/\\\/www.bmkgenetics.com\\\/es\\\/#website\"},\"datePublished\":\"2021-01-28T11:59:12+00:00\",\"dateModified\":\"2021-07-22T12:42:36+00:00\",\"description\":\"Vogarv\u00edk es nuestra mayor granja de reproductores de salm\u00f3n del Atl\u00e1ntico en Islandia. Benchmark adquiri\u00f3 el sitio en 2004.\",\"breadcrumb\":{\"@id\":\"https:\\\/\\\/www.bmkgenetics.com\\\/es\\\/services\\\/salmon\\\/iceland\\\/vogavik\\\/#breadcrumb\"},\"inLanguage\":\"es\",\"potentialAction\":[{\"@type\":\"ReadAction\",\"target\":[\"https:\\\/\\\/www.bmkgenetics.com\\\/es\\\/services\\\/salmon\\\/iceland\\\/vogavik\\\/\"]}]},{\"@type\":\"BreadcrumbList\",\"@id\":\"https:\\\/\\\/www.bmkgenetics.com\\\/es\\\/services\\\/salmon\\\/iceland\\\/vogavik\\\/#breadcrumb\",\"itemListElement\":[{\"@type\":\"ListItem\",\"position\":1,\"name\":\"Productos\",\"item\":\"https:\\\/\\\/www.bmkgenetics.com\\\/es\\\/services\\\/\"},{\"@type\":\"ListItem\",\"position\":2,\"name\":\"Ova de salm\u00f3n\",\"item\":\"https:\\\/\\\/www.bmkgenetics.com\\\/es\\\/services\\\/salmon\\\/\"},{\"@type\":\"ListItem\",\"position\":3,\"name\":\"Islandia\",\"item\":\"https:\\\/\\\/www.bmkgenetics.com\\\/es\\\/services\\\/salmon\\\/iceland\\\/\"},{\"@type\":\"ListItem\",\"position\":4,\"name\":\"Unidad de Reproductores Vogar\"}]},{\"@type\":\"WebSite\",\"@id\":\"https:\\\/\\\/www.bmkgenetics.com\\\/es\\\/#website\",\"url\":\"https:\\\/\\\/www.bmkgenetics.com\\\/es\\\/\",\"name\":\"Benchmark Genetics\",\"description\":\"Driving sustainability in aquaculture\",\"potentialAction\":[{\"@type\":\"SearchAction\",\"target\":{\"@type\":\"EntryPoint\",\"urlTemplate\":\"https:\\\/\\\/www.bmkgenetics.com\\\/es\\\/?s={search_term_string}\"},\"query-input\":{\"@type\":\"PropertyValueSpecification\",\"valueRequired\":true,\"valueName\":\"search_term_string\"}}],\"inLanguage\":\"es\"}]}<\/script>\n<!-- \/ Yoast SEO plugin. -->","yoast_head_json":{"title":"Unidad de Reproductores Vogar - Benchmark Genetics - Breeding for the future","description":"Vogarv\u00edk es nuestra mayor granja de reproductores de salm\u00f3n del Atl\u00e1ntico en Islandia. Benchmark adquiri\u00f3 el sitio en 2004.","robots":{"index":"index","follow":"follow","max-snippet":"max-snippet:-1","max-image-preview":"max-image-preview:large","max-video-preview":"max-video-preview:-1"},"canonical":"https:\/\/www.bmkgenetics.com\/es\/services\/salmon\/iceland\/vogavik\/","og_locale":"es_ES","og_type":"article","og_title":"Unidad de Reproductores Vogar - Benchmark Genetics - Breeding for the future","og_description":"Vogarv\u00edk es nuestra mayor granja de reproductores de salm\u00f3n del Atl\u00e1ntico en Islandia. Benchmark adquiri\u00f3 el sitio en 2004.","og_url":"https:\/\/www.bmkgenetics.com\/es\/services\/salmon\/iceland\/vogavik\/","og_site_name":"Benchmark Genetics","article_publisher":"https:\/\/www.facebook.com\/benchmarkgenetics\/","article_modified_time":"2021-07-22T12:42:36+00:00","og_image":[{"width":800,"height":600,"url":"https:\/\/www.bmkgenetics.com\/wp-content\/uploads\/2021\/04\/logo-whitebg-528x135-in-800x600-1.png","type":"image\/png"}],"twitter_card":"summary_large_image","twitter_site":"@WeAreBenchmark","twitter_misc":{"Tiempo de lectura":"1 minuto"},"schema":{"@context":"https:\/\/schema.org","@graph":[{"@type":"WebPage","@id":"https:\/\/www.bmkgenetics.com\/es\/services\/salmon\/iceland\/vogavik\/","url":"https:\/\/www.bmkgenetics.com\/es\/services\/salmon\/iceland\/vogavik\/","name":"Unidad de Reproductores Vogar - Benchmark Genetics - Breeding for the future","isPartOf":{"@id":"https:\/\/www.bmkgenetics.com\/es\/#website"},"datePublished":"2021-01-28T11:59:12+00:00","dateModified":"2021-07-22T12:42:36+00:00","description":"Vogarv\u00edk es nuestra mayor granja de reproductores de salm\u00f3n del Atl\u00e1ntico en Islandia. Benchmark adquiri\u00f3 el sitio en 2004.","breadcrumb":{"@id":"https:\/\/www.bmkgenetics.com\/es\/services\/salmon\/iceland\/vogavik\/#breadcrumb"},"inLanguage":"es","potentialAction":[{"@type":"ReadAction","target":["https:\/\/www.bmkgenetics.com\/es\/services\/salmon\/iceland\/vogavik\/"]}]},{"@type":"BreadcrumbList","@id":"https:\/\/www.bmkgenetics.com\/es\/services\/salmon\/iceland\/vogavik\/#breadcrumb","itemListElement":[{"@type":"ListItem","position":1,"name":"Productos","item":"https:\/\/www.bmkgenetics.com\/es\/services\/"},{"@type":"ListItem","position":2,"name":"Ova de salm\u00f3n","item":"https:\/\/www.bmkgenetics.com\/es\/services\/salmon\/"},{"@type":"ListItem","position":3,"name":"Islandia","item":"https:\/\/www.bmkgenetics.com\/es\/services\/salmon\/iceland\/"},{"@type":"ListItem","position":4,"name":"Unidad de Reproductores Vogar"}]},{"@type":"WebSite","@id":"https:\/\/www.bmkgenetics.com\/es\/#website","url":"https:\/\/www.bmkgenetics.com\/es\/","name":"Benchmark Genetics","description":"Driving sustainability in aquaculture","potentialAction":[{"@type":"SearchAction","target":{"@type":"EntryPoint","urlTemplate":"https:\/\/www.bmkgenetics.com\/es\/?s={search_term_string}"},"query-input":{"@type":"PropertyValueSpecification","valueRequired":true,"valueName":"search_term_string"}}],"inLanguage":"es"}]}},"_links":{"self":[{"href":"https:\/\/www.bmkgenetics.com\/es\/wp-json\/wp\/v2\/pages\/6681","targetHints":{"allow":["GET"]}}],"collection":[{"href":"https:\/\/www.bmkgenetics.com\/es\/wp-json\/wp\/v2\/pages"}],"about":[{"href":"https:\/\/www.bmkgenetics.com\/es\/wp-json\/wp\/v2\/types\/page"}],"author":[{"embeddable":true,"href":"https:\/\/www.bmkgenetics.com\/es\/wp-json\/wp\/v2\/users\/99"}],"replies":[{"embeddable":true,"href":"https:\/\/www.bmkgenetics.com\/es\/wp-json\/wp\/v2\/comments?post=6681"}],"version-history":[{"count":0,"href":"https:\/\/www.bmkgenetics.com\/es\/wp-json\/wp\/v2\/pages\/6681\/revisions"}],"up":[{"embeddable":true,"href":"https:\/\/www.bmkgenetics.com\/es\/wp-json\/wp\/v2\/pages\/6679"}],"wp:attachment":[{"href":"https:\/\/www.bmkgenetics.com\/es\/wp-json\/wp\/v2\/media?parent=6681"}],"curies":[{"name":"wp","href":"https:\/\/api.w.org\/{rel}","templated":true}]}}