{"id":6648,"date":"2021-01-29T13:09:34","date_gmt":"2021-01-29T12:09:34","guid":{"rendered":"https:\/\/www.bmkgenetics.com\/about\/our-salmon-farming-solutions\/"},"modified":"2021-07-23T11:55:52","modified_gmt":"2021-07-23T09:55:52","slug":"our-salmon-farming-solutions","status":"publish","type":"page","link":"https:\/\/www.bmkgenetics.com\/es\/about\/our-salmon-farming-solutions\/","title":{"rendered":"Nuestras soluciones para el cultivo de salm\u00f3n"},"content":{"rendered":"<section class=\"l-section wpb_row leftheading-rightbody height_large\"><div class=\"l-section-h i-cf\"><div class=\"g-cols vc_row via_flex valign_top type_default stacking_default\"><div class=\"vc_col-sm-12 wpb_column vc_column_container\"><div class=\"vc_column-inner\"><div class=\"wpb_wrapper\"><div class=\"g-cols wpb_row via_flex valign_top type_default stacking_default\"><div class=\"vc_col-sm-12 vc_col-md-8 wpb_column vc_column_container\"><div class=\"vc_column-inner\"><div class=\"wpb_wrapper\">[vc_custom_heading text=\u00bbCultivo en mar\u00bb use_theme_fonts=\u00bbyes\u00bb]<\/div><\/div><\/div><div class=\"vc_col-sm-4 vc_hidden-sm vc_hidden-xs wpb_column vc_column_container\"><div class=\"vc_column-inner\"><div class=\"wpb_wrapper\"><\/div><\/div><\/div><\/div><div class=\"g-cols wpb_row via_flex valign_top type_default stacking_default\"><div class=\"vc_col-sm-4 vc_hidden-sm vc_hidden-xs wpb_column vc_column_container\"><div class=\"vc_column-inner\"><div class=\"wpb_wrapper\"><\/div><\/div><\/div><div class=\"vc_col-sm-12 vc_col-md-8 wpb_column vc_column_container\"><div class=\"vc_column-inner\"><div class=\"wpb_wrapper\"><div class=\"wpb_text_column\"><div class=\"wpb_wrapper\"><p>Nuestros programas de cr\u00eda est\u00e1n adaptados para satisfacer las expectativas de nuestros clientes. Esto significa que las familias se someten a continuas pruebas en condiciones comerciales desafiantes, manteniendo en un sistema cerrado terrestre al resto de la progenie (hermanos) y a los candidatos seleccionados para la producci\u00f3n de ova. Esto significa que nuestros clientes pueden estar seguros de que reciben ovas con el mejor potencial para un r\u00e1pido crecimiento y mayor supervivencia en las desafiantes condiciones de los oc\u00e9anos.<\/p>\n<p>Los productos SalmoProtect y SalmoSelect est\u00e1n destinados para el cultivo en mar, con rasgos gen\u00e9ticos que mejoran la resistencia al piojo de mar y aumentan la resistencia a enfermedades.<\/p>\n<\/div><\/div><\/div><\/div><\/div><\/div><\/div><\/div><\/div><\/div><\/div><\/section><section class=\"l-section wpb_row leftheading-rightbody height_large\"><div class=\"l-section-h i-cf\"><div class=\"g-cols vc_row via_flex valign_top type_default stacking_default\"><div class=\"vc_col-sm-12 wpb_column vc_column_container\"><div class=\"vc_column-inner\"><div class=\"wpb_wrapper\"><div class=\"g-cols wpb_row via_flex valign_top type_default stacking_default\"><div class=\"vc_col-sm-12 vc_col-md-8 wpb_column vc_column_container\"><div class=\"vc_column-inner\"><div class=\"wpb_wrapper\">[vc_custom_heading text=\u00bbCultivo en tierra\u00bb use_theme_fonts=\u00bbyes\u00bb]<\/div><\/div><\/div><div class=\"vc_col-sm-4 vc_hidden-sm vc_hidden-xs wpb_column vc_column_container\"><div class=\"vc_column-inner\"><div class=\"wpb_wrapper\"><\/div><\/div><\/div><\/div><div class=\"g-cols wpb_row via_flex valign_top type_default stacking_default\"><div class=\"vc_col-sm-4 vc_hidden-sm vc_hidden-xs wpb_column vc_column_container\"><div class=\"vc_column-inner\"><div class=\"wpb_wrapper\"><\/div><\/div><\/div><div class=\"vc_col-sm-12 vc_col-md-8 wpb_column vc_column_container\"><div class=\"vc_column-inner\"><div class=\"wpb_wrapper\"><div class=\"wpb_text_column\"><div class=\"wpb_wrapper\"><p>Durante la \u00faltima d\u00e9cada, la exitosa introducci\u00f3n de la tecnolog\u00eda de Recirculating Aquaculture Systems (RAS) ha abierto nuevas oportunidades sobre c\u00f3mo y d\u00f3nde ser\u00e1 la producci\u00f3n futura de salm\u00f3n. Desde la perspectiva de una empresa de cr\u00eda, un factor clave es garantizar que el potencial gen\u00e9tico se mantenga al d\u00eda con los desarrollos de la nueva tecnolog\u00eda y no se convierta en un obst\u00e1culo para el \u00e9xito.<\/p>\n<p>Benchmark Genetics sigue de cerca estos desarrollos, participando en proyectos de I + D con socios acad\u00e9micos como The Conservation Fund Freshwater Institute (TCFFI) y The Marine Institute of Norway para comprender los aspectos biol\u00f3gicos de la acuicultura terrestre desde una perspectiva gen\u00e9tica.<\/p>\n<p>StofnFiskur de Benchmark tiene la m\u00e1s amplia experiencia de la industria en la cr\u00eda de reproductores en tierra, comenzando en 1991. Hoy, estamos orgullosos de ser el proveedor n\u00famero uno de ovas para la industria acu\u00edcola en tierra en todo el mundo.<\/p>\n<p>Las ventajas de la producci\u00f3n terrestre son sus sistemas de producci\u00f3n altamente controlados, crecimiento mejorado, ausencia de piojos de mar y altos niveles de bioseguridad. Esto significa que el n\u00famero de rasgos gen\u00e9ticos necesarios para los productos de ovas es menor. Nuestro concepto de producto SalmoRAS4 + ha sido dise\u00f1ado para enfocarse en rasgos de r\u00e1pido crecimiento y calidad f\u00edsica. Al ejercer una mayor presi\u00f3n sobre estos rasgos espec\u00edficos, podemos obtener ganancias significativamente mayores por generaci\u00f3n, en beneficio de las operaciones en sistemas RAS.<\/p>\n<p><strong>Lea m\u00e1s sobre nuestro concepto de cultivo en tierra en nuestro <a href=\"https:\/\/www.bmkgenetics.com\/wp-content\/uploads\/2021\/04\/Benchmark-Genetics-Land-based-brochure-2021.pdf\">brochure (en ingl\u00e9s)<\/a><\/strong><\/p>\n<\/div><\/div><\/div><\/div><\/div><\/div><\/div><\/div><\/div><\/div><\/div><\/section>\n","protected":false},"excerpt":{"rendered":"[vc_custom_heading text=\"Cultivo en mar\" use_theme_fonts=\"yes\"]Nuestros programas de cr\u00eda est\u00e1n adaptados para satisfacer las expectativas de nuestros clientes. Esto significa que las familias se someten a continuas pruebas en condiciones comerciales desafiantes, manteniendo en un sistema cerrado terrestre al resto de la progenie (hermanos) y a los candidatos seleccionados para la producci\u00f3n de ova. Esto significa...","protected":false},"author":1,"featured_media":0,"parent":5211,"menu_order":0,"comment_status":"closed","ping_status":"closed","template":"","meta":{"_acf_changed":false,"footnotes":""},"class_list":["post-6648","page","type-page","status-publish","hentry"],"acf":[],"yoast_head":"<!-- This site is optimized with the Yoast SEO plugin v27.3 - https:\/\/yoast.com\/product\/yoast-seo-wordpress\/ -->\n<title>Nuestras soluciones para el cultivo de salm\u00f3n - Benchmark Genetics - Breeding for the future<\/title>\n<meta name=\"description\" content=\"El cultivo de salm\u00f3n est\u00e1 relacionado con diferentes riesgos y desaf\u00edos. Ya sea que se trate de acuicultura en el mar o en tierra, ofrecemos soluciones para ambos.\" \/>\n<meta name=\"robots\" content=\"index, follow, max-snippet:-1, max-image-preview:large, max-video-preview:-1\" \/>\n<link rel=\"canonical\" href=\"https:\/\/www.bmkgenetics.com\/es\/about\/our-salmon-farming-solutions\/\" \/>\n<meta property=\"og:locale\" content=\"es_ES\" \/>\n<meta property=\"og:type\" content=\"article\" \/>\n<meta property=\"og:title\" content=\"Nuestras soluciones para el cultivo de salm\u00f3n - Benchmark Genetics - Breeding for the future\" \/>\n<meta property=\"og:description\" content=\"El cultivo de salm\u00f3n est\u00e1 relacionado con diferentes riesgos y desaf\u00edos. Ya sea que se trate de acuicultura en el mar o en tierra, ofrecemos soluciones para ambos.\" \/>\n<meta property=\"og:url\" content=\"https:\/\/www.bmkgenetics.com\/es\/about\/our-salmon-farming-solutions\/\" \/>\n<meta property=\"og:site_name\" content=\"Benchmark Genetics\" \/>\n<meta property=\"article:publisher\" content=\"https:\/\/www.facebook.com\/benchmarkgenetics\/\" \/>\n<meta property=\"article:modified_time\" content=\"2021-07-23T09:55:52+00:00\" \/>\n<meta property=\"og:image\" content=\"https:\/\/www.bmkgenetics.com\/wp-content\/uploads\/2021\/04\/logo-whitebg-528x135-in-800x600-1.png\" \/>\n\t<meta property=\"og:image:width\" content=\"800\" \/>\n\t<meta property=\"og:image:height\" content=\"600\" \/>\n\t<meta property=\"og:image:type\" content=\"image\/png\" \/>\n<meta name=\"twitter:card\" content=\"summary_large_image\" \/>\n<meta name=\"twitter:site\" content=\"@WeAreBenchmark\" \/>\n<meta name=\"twitter:label1\" content=\"Tiempo de lectura\" \/>\n\t<meta name=\"twitter:data1\" content=\"3 minutos\" \/>\n<script type=\"application\/ld+json\" class=\"yoast-schema-graph\">{\"@context\":\"https:\\\/\\\/schema.org\",\"@graph\":[{\"@type\":\"WebPage\",\"@id\":\"https:\\\/\\\/www.bmkgenetics.com\\\/es\\\/about\\\/our-salmon-farming-solutions\\\/\",\"url\":\"https:\\\/\\\/www.bmkgenetics.com\\\/es\\\/about\\\/our-salmon-farming-solutions\\\/\",\"name\":\"Nuestras soluciones para el cultivo de salm\u00f3n - Benchmark Genetics - Breeding for the future\",\"isPartOf\":{\"@id\":\"https:\\\/\\\/www.bmkgenetics.com\\\/es\\\/#website\"},\"datePublished\":\"2021-01-29T12:09:34+00:00\",\"dateModified\":\"2021-07-23T09:55:52+00:00\",\"description\":\"El cultivo de salm\u00f3n est\u00e1 relacionado con diferentes riesgos y desaf\u00edos. Ya sea que se trate de acuicultura en el mar o en tierra, ofrecemos soluciones para ambos.\",\"breadcrumb\":{\"@id\":\"https:\\\/\\\/www.bmkgenetics.com\\\/es\\\/about\\\/our-salmon-farming-solutions\\\/#breadcrumb\"},\"inLanguage\":\"es\",\"potentialAction\":[{\"@type\":\"ReadAction\",\"target\":[\"https:\\\/\\\/www.bmkgenetics.com\\\/es\\\/about\\\/our-salmon-farming-solutions\\\/\"]}]},{\"@type\":\"BreadcrumbList\",\"@id\":\"https:\\\/\\\/www.bmkgenetics.com\\\/es\\\/about\\\/our-salmon-farming-solutions\\\/#breadcrumb\",\"itemListElement\":[{\"@type\":\"ListItem\",\"position\":1,\"name\":\"Acerca de\",\"item\":\"https:\\\/\\\/www.bmkgenetics.com\\\/es\\\/about\\\/\"},{\"@type\":\"ListItem\",\"position\":2,\"name\":\"Nuestras soluciones para el cultivo de salm\u00f3n\"}]},{\"@type\":\"WebSite\",\"@id\":\"https:\\\/\\\/www.bmkgenetics.com\\\/es\\\/#website\",\"url\":\"https:\\\/\\\/www.bmkgenetics.com\\\/es\\\/\",\"name\":\"Benchmark Genetics\",\"description\":\"Driving sustainability in aquaculture\",\"potentialAction\":[{\"@type\":\"SearchAction\",\"target\":{\"@type\":\"EntryPoint\",\"urlTemplate\":\"https:\\\/\\\/www.bmkgenetics.com\\\/es\\\/?s={search_term_string}\"},\"query-input\":{\"@type\":\"PropertyValueSpecification\",\"valueRequired\":true,\"valueName\":\"search_term_string\"}}],\"inLanguage\":\"es\"}]}<\/script>\n<!-- \/ Yoast SEO plugin. -->","yoast_head_json":{"title":"Nuestras soluciones para el cultivo de salm\u00f3n - Benchmark Genetics - Breeding for the future","description":"El cultivo de salm\u00f3n est\u00e1 relacionado con diferentes riesgos y desaf\u00edos. Ya sea que se trate de acuicultura en el mar o en tierra, ofrecemos soluciones para ambos.","robots":{"index":"index","follow":"follow","max-snippet":"max-snippet:-1","max-image-preview":"max-image-preview:large","max-video-preview":"max-video-preview:-1"},"canonical":"https:\/\/www.bmkgenetics.com\/es\/about\/our-salmon-farming-solutions\/","og_locale":"es_ES","og_type":"article","og_title":"Nuestras soluciones para el cultivo de salm\u00f3n - Benchmark Genetics - Breeding for the future","og_description":"El cultivo de salm\u00f3n est\u00e1 relacionado con diferentes riesgos y desaf\u00edos. Ya sea que se trate de acuicultura en el mar o en tierra, ofrecemos soluciones para ambos.","og_url":"https:\/\/www.bmkgenetics.com\/es\/about\/our-salmon-farming-solutions\/","og_site_name":"Benchmark Genetics","article_publisher":"https:\/\/www.facebook.com\/benchmarkgenetics\/","article_modified_time":"2021-07-23T09:55:52+00:00","og_image":[{"width":800,"height":600,"url":"https:\/\/www.bmkgenetics.com\/wp-content\/uploads\/2021\/04\/logo-whitebg-528x135-in-800x600-1.png","type":"image\/png"}],"twitter_card":"summary_large_image","twitter_site":"@WeAreBenchmark","twitter_misc":{"Tiempo de lectura":"3 minutos"},"schema":{"@context":"https:\/\/schema.org","@graph":[{"@type":"WebPage","@id":"https:\/\/www.bmkgenetics.com\/es\/about\/our-salmon-farming-solutions\/","url":"https:\/\/www.bmkgenetics.com\/es\/about\/our-salmon-farming-solutions\/","name":"Nuestras soluciones para el cultivo de salm\u00f3n - Benchmark Genetics - Breeding for the future","isPartOf":{"@id":"https:\/\/www.bmkgenetics.com\/es\/#website"},"datePublished":"2021-01-29T12:09:34+00:00","dateModified":"2021-07-23T09:55:52+00:00","description":"El cultivo de salm\u00f3n est\u00e1 relacionado con diferentes riesgos y desaf\u00edos. Ya sea que se trate de acuicultura en el mar o en tierra, ofrecemos soluciones para ambos.","breadcrumb":{"@id":"https:\/\/www.bmkgenetics.com\/es\/about\/our-salmon-farming-solutions\/#breadcrumb"},"inLanguage":"es","potentialAction":[{"@type":"ReadAction","target":["https:\/\/www.bmkgenetics.com\/es\/about\/our-salmon-farming-solutions\/"]}]},{"@type":"BreadcrumbList","@id":"https:\/\/www.bmkgenetics.com\/es\/about\/our-salmon-farming-solutions\/#breadcrumb","itemListElement":[{"@type":"ListItem","position":1,"name":"Acerca de","item":"https:\/\/www.bmkgenetics.com\/es\/about\/"},{"@type":"ListItem","position":2,"name":"Nuestras soluciones para el cultivo de salm\u00f3n"}]},{"@type":"WebSite","@id":"https:\/\/www.bmkgenetics.com\/es\/#website","url":"https:\/\/www.bmkgenetics.com\/es\/","name":"Benchmark Genetics","description":"Driving sustainability in aquaculture","potentialAction":[{"@type":"SearchAction","target":{"@type":"EntryPoint","urlTemplate":"https:\/\/www.bmkgenetics.com\/es\/?s={search_term_string}"},"query-input":{"@type":"PropertyValueSpecification","valueRequired":true,"valueName":"search_term_string"}}],"inLanguage":"es"}]}},"_links":{"self":[{"href":"https:\/\/www.bmkgenetics.com\/es\/wp-json\/wp\/v2\/pages\/6648","targetHints":{"allow":["GET"]}}],"collection":[{"href":"https:\/\/www.bmkgenetics.com\/es\/wp-json\/wp\/v2\/pages"}],"about":[{"href":"https:\/\/www.bmkgenetics.com\/es\/wp-json\/wp\/v2\/types\/page"}],"author":[{"embeddable":true,"href":"https:\/\/www.bmkgenetics.com\/es\/wp-json\/wp\/v2\/users\/1"}],"replies":[{"embeddable":true,"href":"https:\/\/www.bmkgenetics.com\/es\/wp-json\/wp\/v2\/comments?post=6648"}],"version-history":[{"count":0,"href":"https:\/\/www.bmkgenetics.com\/es\/wp-json\/wp\/v2\/pages\/6648\/revisions"}],"up":[{"embeddable":true,"href":"https:\/\/www.bmkgenetics.com\/es\/wp-json\/wp\/v2\/pages\/5211"}],"wp:attachment":[{"href":"https:\/\/www.bmkgenetics.com\/es\/wp-json\/wp\/v2\/media?parent=6648"}],"curies":[{"name":"wp","href":"https:\/\/api.w.org\/{rel}","templated":true}]}}