{"id":6647,"date":"2021-02-03T10:49:14","date_gmt":"2021-02-03T09:49:14","guid":{"rendered":"https:\/\/www.bmkgenetics.com\/about\/our-broodstock-production\/"},"modified":"2021-08-04T12:37:57","modified_gmt":"2021-08-04T10:37:57","slug":"our-broodstock-production","status":"publish","type":"page","link":"https:\/\/www.bmkgenetics.com\/es\/about\/our-broodstock-production\/","title":{"rendered":"Reproductores &#8211; salm\u00f3n Atl\u00e1ntico"},"content":{"rendered":"<section class=\"l-section wpb_row leftheading-rightbody height_large\"><div class=\"l-section-h i-cf\"><div class=\"g-cols vc_row via_flex valign_top type_default stacking_default\"><div class=\"vc_col-sm-12 wpb_column vc_column_container\"><div class=\"vc_column-inner\"><div class=\"wpb_wrapper\"><div class=\"g-cols wpb_row via_flex valign_top type_default stacking_default\"><div class=\"vc_col-sm-12 vc_col-md-8 wpb_column vc_column_container\"><div class=\"vc_column-inner\"><div class=\"wpb_wrapper\">[vc_custom_heading text=\u00bbEl m\u00e9todo Benchmark Genetics\u00bb use_theme_fonts=\u00bbyes\u00bb]<\/div><\/div><\/div><div class=\"vc_col-sm-4 vc_hidden-sm vc_hidden-xs wpb_column vc_column_container\"><div class=\"vc_column-inner\"><div class=\"wpb_wrapper\"><\/div><\/div><\/div><\/div><div class=\"g-cols wpb_row via_flex valign_top type_default stacking_default\"><div class=\"vc_col-sm-4 vc_hidden-sm vc_hidden-xs wpb_column vc_column_container\"><div class=\"vc_column-inner\"><div class=\"wpb_wrapper\"><\/div><\/div><\/div><div class=\"vc_col-sm-12 vc_col-md-8 wpb_column vc_column_container\"><div class=\"vc_column-inner\"><div class=\"wpb_wrapper\"><div class=\"wpb_text_column\"><div class=\"wpb_wrapper\"><p>Benchmark busca constantemente formas de producir de manera m\u00e1s sostenible. Hacemos esto cuidando el valor de la gen\u00e9tica y el bienestar de los peces. Una gran parte de la producci\u00f3n de reproductores se ha trasladado a tierra durante un per\u00edodo de tiempo m\u00e1s prolongado y, en algunos casos, incluso durante todo su ciclo de vida.<\/p>\n<h3>Estrategia semi-cerrada<\/h3>\n<p>La llamada estrategia semi-cerrada significa que los reproductores se transfieren a tierra despu\u00e9s de solo un a\u00f1o en el mar, lo que reduce significativamente los riesgos biol\u00f3gicos. Este enfoque tambi\u00e9n permite un mayor control de la maduraci\u00f3n y el momento de desove mediante un r\u00e9gimen avanzado de luz y temperatura. Esto se traduce en una producci\u00f3n continua de ovas durante todo el a\u00f1o.<\/p>\n<h3>Estrategia cerrada<\/h3>\n<p>La estrategia cerrada significa mantener a los reproductores en unidades terrestres durante todo su ciclo vital, desde la ova hasta el desove. Una parte importante de la producci\u00f3n global de Benchmark se consigue mediante este proceso. El enfoque cerrado permite la introducci\u00f3n de reg\u00edmenes de luz y temperatura, dando un control completo de la maduraci\u00f3n de los peces. Adem\u00e1s de permitirnos entregar ovas los 12 meses del\u00a0 a\u00f1o, esta estrategia tambi\u00e9n asegura los niveles m\u00e1s altos de bioseguridad, estableciendo un est\u00e1ndar completamente nuevo para la industria del salm\u00f3n.<\/p>\n<\/div><\/div><div class=\"w-image align_none meta_simple\"><a ref=\"magnificPopup\" href=\"https:\/\/www.bmkgenetics.com\/wp-content\/uploads\/2021\/03\/Fig1_Biosecurity-Production-strategies-1.png\" aria-label=\"Fig1_Biosecurity-Production-strategies-1\" class=\"w-image-h\"><img decoding=\"async\" width=\"1024\" height=\"768\" src=\"https:\/\/www.bmkgenetics.com\/wp-content\/uploads\/2021\/03\/Fig1_Biosecurity-Production-strategies-1-1024x768.png\" class=\"attachment-large size-large\" alt=\"\" loading=\"lazy\" srcset=\"https:\/\/www.bmkgenetics.com\/wp-content\/uploads\/2021\/03\/Fig1_Biosecurity-Production-strategies-1-1024x768.png 1024w, https:\/\/www.bmkgenetics.com\/wp-content\/uploads\/2021\/03\/Fig1_Biosecurity-Production-strategies-1-300x225.png 300w\" sizes=\"auto, (max-width: 1024px) 100vw, 1024px\" \/><\/a><div class=\"w-image-meta\"><div class=\"w-image-title\">Fig1_Biosecurity-Production-strategies-1<\/div><div class=\"w-image-description\">Figure 1: the Benchmark Genetics broodstock strategies (semi-closed and closed systems) compared to the traditional method of producing broodstock in the sea.<\/div><\/div><\/div><\/div><\/div><\/div><\/div><div class=\"w-separator size_medium\"><\/div>[vc_raw_html]W3Rlc3RpbW9uaWFsIGF1dGhvcj0iR2VpciBPbGF2IE1lbGluZ2VuIl0=[\/vc_raw_html]<\/div><\/div><\/div><\/div><\/div><\/section>\n","protected":false},"excerpt":{"rendered":"[vc_custom_heading text=\"El m\u00e9todo Benchmark Genetics\" use_theme_fonts=\"yes\"]Benchmark busca constantemente formas de producir de manera m\u00e1s sostenible. Hacemos esto cuidando el valor de la gen\u00e9tica y el bienestar de los peces. Una gran parte de la producci\u00f3n de reproductores se ha trasladado a tierra durante un per\u00edodo de tiempo m\u00e1s prolongado y, en algunos casos, incluso durante...","protected":false},"author":99,"featured_media":0,"parent":5211,"menu_order":0,"comment_status":"closed","ping_status":"closed","template":"","meta":{"_acf_changed":false,"footnotes":""},"class_list":["post-6647","page","type-page","status-publish","hentry"],"acf":[],"yoast_head":"<!-- This site is optimized with the Yoast SEO plugin v27.5 - https:\/\/yoast.com\/product\/yoast-seo-wordpress\/ -->\n<title>Reproductores - salm\u00f3n Atl\u00e1ntico - Benchmark Genetics<\/title>\n<meta name=\"description\" content=\"Benchmark Genetics produce reproductores de salm\u00f3n Atl\u00e1ntico mayormente en instalaciones terrestres.\" \/>\n<meta name=\"robots\" content=\"index, follow, max-snippet:-1, max-image-preview:large, max-video-preview:-1\" \/>\n<link rel=\"canonical\" href=\"https:\/\/www.bmkgenetics.com\/es\/about\/our-broodstock-production\/\" \/>\n<meta property=\"og:locale\" content=\"es_ES\" \/>\n<meta property=\"og:type\" content=\"article\" \/>\n<meta property=\"og:title\" content=\"Reproductores - salm\u00f3n Atl\u00e1ntico - Benchmark Genetics\" \/>\n<meta property=\"og:description\" content=\"Benchmark Genetics produce reproductores de salm\u00f3n Atl\u00e1ntico mayormente en instalaciones terrestres.\" \/>\n<meta property=\"og:url\" content=\"https:\/\/www.bmkgenetics.com\/es\/about\/our-broodstock-production\/\" \/>\n<meta property=\"og:site_name\" content=\"Benchmark Genetics\" \/>\n<meta property=\"article:publisher\" content=\"https:\/\/www.facebook.com\/benchmarkgenetics\/\" \/>\n<meta property=\"article:modified_time\" content=\"2021-08-04T10:37:57+00:00\" \/>\n<meta property=\"og:image\" content=\"https:\/\/www.bmkgenetics.com\/wp-content\/uploads\/2021\/04\/logo-whitebg-528x135-in-800x600-1.png\" \/>\n\t<meta property=\"og:image:width\" content=\"800\" \/>\n\t<meta property=\"og:image:height\" content=\"600\" \/>\n\t<meta property=\"og:image:type\" content=\"image\/png\" \/>\n<meta name=\"twitter:card\" content=\"summary_large_image\" \/>\n<meta name=\"twitter:site\" content=\"@WeAreBenchmark\" \/>\n<meta name=\"twitter:label1\" content=\"Tiempo de lectura\" \/>\n\t<meta name=\"twitter:data1\" content=\"2 minutos\" \/>\n<script type=\"application\/ld+json\" class=\"yoast-schema-graph\">{\"@context\":\"https:\\\/\\\/schema.org\",\"@graph\":[{\"@type\":\"WebPage\",\"@id\":\"https:\\\/\\\/www.bmkgenetics.com\\\/es\\\/about\\\/our-broodstock-production\\\/\",\"url\":\"https:\\\/\\\/www.bmkgenetics.com\\\/es\\\/about\\\/our-broodstock-production\\\/\",\"name\":\"Reproductores - salm\u00f3n Atl\u00e1ntico - Benchmark Genetics\",\"isPartOf\":{\"@id\":\"https:\\\/\\\/www.bmkgenetics.com\\\/es\\\/#website\"},\"datePublished\":\"2021-02-03T09:49:14+00:00\",\"dateModified\":\"2021-08-04T10:37:57+00:00\",\"description\":\"Benchmark Genetics produce reproductores de salm\u00f3n Atl\u00e1ntico mayormente en instalaciones terrestres.\",\"breadcrumb\":{\"@id\":\"https:\\\/\\\/www.bmkgenetics.com\\\/es\\\/about\\\/our-broodstock-production\\\/#breadcrumb\"},\"inLanguage\":\"es\",\"potentialAction\":[{\"@type\":\"ReadAction\",\"target\":[\"https:\\\/\\\/www.bmkgenetics.com\\\/es\\\/about\\\/our-broodstock-production\\\/\"]}]},{\"@type\":\"BreadcrumbList\",\"@id\":\"https:\\\/\\\/www.bmkgenetics.com\\\/es\\\/about\\\/our-broodstock-production\\\/#breadcrumb\",\"itemListElement\":[{\"@type\":\"ListItem\",\"position\":1,\"name\":\"Acerca de\",\"item\":\"https:\\\/\\\/www.bmkgenetics.com\\\/es\\\/about\\\/\"},{\"@type\":\"ListItem\",\"position\":2,\"name\":\"Reproductores &#8211; salm\u00f3n Atl\u00e1ntico\"}]},{\"@type\":\"WebSite\",\"@id\":\"https:\\\/\\\/www.bmkgenetics.com\\\/es\\\/#website\",\"url\":\"https:\\\/\\\/www.bmkgenetics.com\\\/es\\\/\",\"name\":\"Benchmark Genetics\",\"description\":\"Driving sustainability in aquaculture\",\"potentialAction\":[{\"@type\":\"SearchAction\",\"target\":{\"@type\":\"EntryPoint\",\"urlTemplate\":\"https:\\\/\\\/www.bmkgenetics.com\\\/es\\\/?s={search_term_string}\"},\"query-input\":{\"@type\":\"PropertyValueSpecification\",\"valueRequired\":true,\"valueName\":\"search_term_string\"}}],\"inLanguage\":\"es\"}]}<\/script>\n<!-- \/ Yoast SEO plugin. -->","yoast_head_json":{"title":"Reproductores - salm\u00f3n Atl\u00e1ntico - Benchmark Genetics","description":"Benchmark Genetics produce reproductores de salm\u00f3n Atl\u00e1ntico mayormente en instalaciones terrestres.","robots":{"index":"index","follow":"follow","max-snippet":"max-snippet:-1","max-image-preview":"max-image-preview:large","max-video-preview":"max-video-preview:-1"},"canonical":"https:\/\/www.bmkgenetics.com\/es\/about\/our-broodstock-production\/","og_locale":"es_ES","og_type":"article","og_title":"Reproductores - salm\u00f3n Atl\u00e1ntico - Benchmark Genetics","og_description":"Benchmark Genetics produce reproductores de salm\u00f3n Atl\u00e1ntico mayormente en instalaciones terrestres.","og_url":"https:\/\/www.bmkgenetics.com\/es\/about\/our-broodstock-production\/","og_site_name":"Benchmark Genetics","article_publisher":"https:\/\/www.facebook.com\/benchmarkgenetics\/","article_modified_time":"2021-08-04T10:37:57+00:00","og_image":[{"width":800,"height":600,"url":"https:\/\/www.bmkgenetics.com\/wp-content\/uploads\/2021\/04\/logo-whitebg-528x135-in-800x600-1.png","type":"image\/png"}],"twitter_card":"summary_large_image","twitter_site":"@WeAreBenchmark","twitter_misc":{"Tiempo de lectura":"2 minutos"},"schema":{"@context":"https:\/\/schema.org","@graph":[{"@type":"WebPage","@id":"https:\/\/www.bmkgenetics.com\/es\/about\/our-broodstock-production\/","url":"https:\/\/www.bmkgenetics.com\/es\/about\/our-broodstock-production\/","name":"Reproductores - salm\u00f3n Atl\u00e1ntico - Benchmark Genetics","isPartOf":{"@id":"https:\/\/www.bmkgenetics.com\/es\/#website"},"datePublished":"2021-02-03T09:49:14+00:00","dateModified":"2021-08-04T10:37:57+00:00","description":"Benchmark Genetics produce reproductores de salm\u00f3n Atl\u00e1ntico mayormente en instalaciones terrestres.","breadcrumb":{"@id":"https:\/\/www.bmkgenetics.com\/es\/about\/our-broodstock-production\/#breadcrumb"},"inLanguage":"es","potentialAction":[{"@type":"ReadAction","target":["https:\/\/www.bmkgenetics.com\/es\/about\/our-broodstock-production\/"]}]},{"@type":"BreadcrumbList","@id":"https:\/\/www.bmkgenetics.com\/es\/about\/our-broodstock-production\/#breadcrumb","itemListElement":[{"@type":"ListItem","position":1,"name":"Acerca de","item":"https:\/\/www.bmkgenetics.com\/es\/about\/"},{"@type":"ListItem","position":2,"name":"Reproductores &#8211; salm\u00f3n Atl\u00e1ntico"}]},{"@type":"WebSite","@id":"https:\/\/www.bmkgenetics.com\/es\/#website","url":"https:\/\/www.bmkgenetics.com\/es\/","name":"Benchmark Genetics","description":"Driving sustainability in aquaculture","potentialAction":[{"@type":"SearchAction","target":{"@type":"EntryPoint","urlTemplate":"https:\/\/www.bmkgenetics.com\/es\/?s={search_term_string}"},"query-input":{"@type":"PropertyValueSpecification","valueRequired":true,"valueName":"search_term_string"}}],"inLanguage":"es"}]}},"_links":{"self":[{"href":"https:\/\/www.bmkgenetics.com\/es\/wp-json\/wp\/v2\/pages\/6647","targetHints":{"allow":["GET"]}}],"collection":[{"href":"https:\/\/www.bmkgenetics.com\/es\/wp-json\/wp\/v2\/pages"}],"about":[{"href":"https:\/\/www.bmkgenetics.com\/es\/wp-json\/wp\/v2\/types\/page"}],"author":[{"embeddable":true,"href":"https:\/\/www.bmkgenetics.com\/es\/wp-json\/wp\/v2\/users\/99"}],"replies":[{"embeddable":true,"href":"https:\/\/www.bmkgenetics.com\/es\/wp-json\/wp\/v2\/comments?post=6647"}],"version-history":[{"count":0,"href":"https:\/\/www.bmkgenetics.com\/es\/wp-json\/wp\/v2\/pages\/6647\/revisions"}],"up":[{"embeddable":true,"href":"https:\/\/www.bmkgenetics.com\/es\/wp-json\/wp\/v2\/pages\/5211"}],"wp:attachment":[{"href":"https:\/\/www.bmkgenetics.com\/es\/wp-json\/wp\/v2\/media?parent=6647"}],"curies":[{"name":"wp","href":"https:\/\/api.w.org\/{rel}","templated":true}]}}