{"id":6646,"date":"2021-02-03T10:39:49","date_gmt":"2021-02-03T09:39:49","guid":{"rendered":"https:\/\/www.bmkgenetics.com\/about\/our-salmon-strains\/"},"modified":"2025-12-04T10:00:04","modified_gmt":"2025-12-04T09:00:04","slug":"our-salmon-strains","status":"publish","type":"page","link":"https:\/\/www.bmkgenetics.com\/es\/about\/our-salmon-strains\/","title":{"rendered":"Nuestras cepas de salm\u00f3n"},"content":{"rendered":"<section class=\"l-section wpb_row leftheading-rightbody height_large\" id=\"salmobreed\"><div class=\"l-section-h i-cf\"><div class=\"g-cols vc_row via_flex valign_top type_default stacking_default\"><div class=\"vc_col-sm-12 wpb_column vc_column_container\"><div class=\"vc_column-inner\"><div class=\"wpb_wrapper\"><div class=\"g-cols wpb_row via_flex valign_top type_default stacking_default\"><div class=\"vc_col-sm-4 wpb_column vc_column_container\"><div class=\"vc_column-inner\"><div class=\"wpb_wrapper\"><div class=\"w-image align_none\"><div class=\"w-image-h\"><img decoding=\"async\" width=\"1024\" height=\"902\" src=\"https:\/\/www.bmkgenetics.com\/wp-content\/uploads\/2021\/02\/Picture_Logo_SalmoBreed-1024x902.png\" class=\"attachment-large size-large\" alt=\"\" loading=\"lazy\" srcset=\"https:\/\/www.bmkgenetics.com\/wp-content\/uploads\/2021\/02\/Picture_Logo_SalmoBreed-1024x902.png 1024w, https:\/\/www.bmkgenetics.com\/wp-content\/uploads\/2021\/02\/Picture_Logo_SalmoBreed-300x264.png 300w, https:\/\/www.bmkgenetics.com\/wp-content\/uploads\/2021\/02\/Picture_Logo_SalmoBreed.png 1339w\" sizes=\"auto, (max-width: 1024px) 100vw, 1024px\" \/><\/div><\/div><\/div><\/div><\/div><div class=\"vc_col-sm-12 vc_col-md-8 wpb_column vc_column_container\"><div class=\"vc_column-inner\"><div class=\"wpb_wrapper\"><div class=\"wpb_text_column\"><div class=\"wpb_wrapper\"><p>Nuestro programa de cr\u00eda en Noruega, que produce el material de salm\u00f3n Atl\u00e1ntico mejorado gen\u00e9ticamente conocido como SalmoBreed, ha sido desarrollado sistem\u00e1ticamente y de manera continuada durante m\u00e1s de 40 a\u00f1os. Originada a partir de las cepas Bolaks y Jakta que se conformaron a partir de salm\u00f3n salvaje recolectado en r\u00edos que producen animales grandes con alto potencial de crecimiento. Cada a\u00f1o nacen 500 nuevas familias, de las cuales las 300 mejores se utilizan para la cr\u00eda.<\/p>\n<p>Hoy en d\u00eda, la cepa SalmoBreed es reconocida por su r\u00e1pido crecimiento, madurez sexual tard\u00eda, resistencia a enfermedades y par\u00e1sitos, y una calidad de filete excepcional. Desde 2019, la cepa se produce en nuestra unidad terrestre de SalmoBreed Salten. Mediante el control de los fotoper\u00edodos, podemos producir y entregar ovas al mercado noruego durante todo el a\u00f1o.<\/p>\n<p>Nuestros productores con licencia AS Bolaks y Salten Stamfisk AS, y Kvar\u00f8y Fiskeoppdrett AS producen tambi\u00e9n reproductores de la cepa SalmoBreed.<\/p>\n<\/div><\/div><\/div><\/div><\/div><\/div><\/div><\/div><\/div><\/div><\/div><\/section><section class=\"l-section wpb_row leftheading-rightbody height_large\" id=\"stofnfiskur\"><div class=\"l-section-h i-cf\"><div class=\"g-cols vc_row via_flex valign_top type_default stacking_default\"><div class=\"vc_col-sm-12 wpb_column vc_column_container\"><div class=\"vc_column-inner\"><div class=\"wpb_wrapper\"><div class=\"g-cols wpb_row via_flex valign_top type_default stacking_default\"><div class=\"vc_col-sm-4 wpb_column vc_column_container\"><div class=\"vc_column-inner\"><div class=\"wpb_wrapper\"><div class=\"w-image align_none\"><div class=\"w-image-h\"><img decoding=\"async\" width=\"1024\" height=\"902\" src=\"https:\/\/www.bmkgenetics.com\/wp-content\/uploads\/2021\/02\/Picture_Logo_StofnFiskur-1024x902.png\" class=\"attachment-large size-large\" alt=\"\" loading=\"lazy\" srcset=\"https:\/\/www.bmkgenetics.com\/wp-content\/uploads\/2021\/02\/Picture_Logo_StofnFiskur-1024x902.png 1024w, https:\/\/www.bmkgenetics.com\/wp-content\/uploads\/2021\/02\/Picture_Logo_StofnFiskur-300x264.png 300w, https:\/\/www.bmkgenetics.com\/wp-content\/uploads\/2021\/02\/Picture_Logo_StofnFiskur.png 1339w\" sizes=\"auto, (max-width: 1024px) 100vw, 1024px\" \/><\/div><\/div><\/div><\/div><\/div><div class=\"vc_col-sm-12 vc_col-md-8 wpb_column vc_column_container\"><div class=\"vc_column-inner\"><div class=\"wpb_wrapper\"><div class=\"wpb_text_column\"><div class=\"wpb_wrapper\"><p>El programa de cr\u00eda familiar island\u00e9s se estableci\u00f3 basado en una poblaci\u00f3n de salm\u00f3n del Atl\u00e1ntico importada de Noruega a principios de la d\u00e9cada de los 80. La cepa se ha mantenido en instalaciones terrestres y bioseguras desde su llegada y ha sido continuamente seleccionada para las condiciones acu\u00edcolas espec\u00edficas, tanto de la producci\u00f3n en el mar como de la produccion en tierra.<\/p>\n<p>El programa familiar produce 300 nuevas familias cada a\u00f1o, de las cuales las 200 mejores se seleccionan para la cr\u00eda. La cepa StofnFiskur es reconocida por mantener los niveles m\u00e1s altos de bioseguridad en la industria, robustez, r\u00e1pido crecimiento y excelente calidad de filete. La cr\u00eda en sistemas cerrados en tierra permite controlar la temporada de desove, asegurando as\u00ed la disponibilidad durante todas las semanas del a\u00f1o de ovas para el mercado mundial.<\/p>\n<p>Hoy en d\u00eda, nuestra cepa islandesa es la opci\u00f3n n\u00famero uno de la industria acu\u00edcola terrestre de r\u00e1pido crecimiento en todo el mundo.<\/p>\n<\/div><\/div><\/div><\/div><\/div><\/div><\/div><\/div><\/div><\/div><\/div><\/section><section class=\"l-section wpb_row leftheading-rightbody height_large\" id=\"sagachile\"><div class=\"l-section-h i-cf\"><div class=\"g-cols vc_row via_flex valign_top type_default stacking_default\"><div class=\"vc_col-sm-12 wpb_column vc_column_container\"><div class=\"vc_column-inner\"><div class=\"wpb_wrapper\"><div class=\"g-cols wpb_row via_flex valign_top type_default stacking_default\"><div class=\"vc_col-sm-4 wpb_column vc_column_container\"><div class=\"vc_column-inner\"><div class=\"wpb_wrapper\"><div class=\"w-image align_none\"><div class=\"w-image-h\"><img decoding=\"async\" width=\"654\" height=\"568\" src=\"https:\/\/www.bmkgenetics.com\/wp-content\/uploads\/2021\/02\/Picture_Logo_SagaChile.png\" class=\"attachment-large size-large\" alt=\"\" loading=\"lazy\" srcset=\"https:\/\/www.bmkgenetics.com\/wp-content\/uploads\/2021\/02\/Picture_Logo_SagaChile.png 654w, https:\/\/www.bmkgenetics.com\/wp-content\/uploads\/2021\/02\/Picture_Logo_SagaChile-300x261.png 300w\" sizes=\"auto, (max-width: 654px) 100vw, 654px\" \/><\/div><\/div><\/div><\/div><\/div><div class=\"vc_col-sm-12 vc_col-md-8 wpb_column vc_column_container\"><div class=\"vc_column-inner\"><div class=\"wpb_wrapper\"><div class=\"wpb_text_column\"><div class=\"wpb_wrapper\"><p>La cepa SagaChile es la inclusi\u00f3n m\u00e1s reciente a los programas de salmon atlantico de Benchmark Genetics. Originaria de salm\u00f3n salvaje noruego capturado en la d\u00e9cada de 1970 y criada en las unidades bioseguras de Benchmark en Islandia, la cepa lleg\u00f3 por primera vez a Chile en 2017. Desde entonces, los reproductores de SagaChile han sido desarrollados para adaptarse y prosperar en las condiciones espec\u00edficas del entorno acu\u00edcola chilena, y cumplir los desaf\u00edos sanitarios presentes en la industria salmonera local.<\/p>\n<p>Los recientes ensayos de evaluaci\u00f3n comparativa realizados entre SagaChile y otras cepas locales han mostrado desempe\u00f1os muy competitivos para nuestra cepa en los rasgos de producci\u00f3n esenciales. Estos alentadores resultados marcan un excelente punto de partida y establecen el punto de referencia para un mayor desarrollo de la cepa.<\/p>\n<\/div><\/div><\/div><\/div><\/div><\/div><\/div><\/div><\/div><\/div><\/div><\/section>\n","protected":false},"excerpt":{"rendered":"Nuestro programa de cr\u00eda en Noruega, que produce el material de salm\u00f3n Atl\u00e1ntico mejorado gen\u00e9ticamente conocido como SalmoBreed, ha sido desarrollado sistem\u00e1ticamente y de manera continuada durante m\u00e1s de 40 a\u00f1os. Originada a partir de las cepas Bolaks y Jakta que se conformaron a partir de salm\u00f3n salvaje recolectado en r\u00edos que producen animales grandes...","protected":false},"author":99,"featured_media":0,"parent":5211,"menu_order":0,"comment_status":"closed","ping_status":"closed","template":"","meta":{"_acf_changed":false,"footnotes":""},"class_list":["post-6646","page","type-page","status-publish","hentry"],"acf":[],"yoast_head":"<!-- This site is optimized with the Yoast SEO plugin v27.5 - https:\/\/yoast.com\/product\/yoast-seo-wordpress\/ -->\n<title>Nuestras cepas de salm\u00f3n - Benchmark Genetics - Breeding for the future<\/title>\n<meta name=\"description\" content=\"Las tres cepas que opera Benchmark tienen su origen en algunos de los r\u00edos salmoneros m\u00e1s importantes de Noruega.\" \/>\n<meta name=\"robots\" content=\"index, follow, max-snippet:-1, max-image-preview:large, max-video-preview:-1\" \/>\n<link rel=\"canonical\" href=\"https:\/\/www.bmkgenetics.com\/es\/about\/our-salmon-strains\/\" \/>\n<meta property=\"og:locale\" content=\"es_ES\" \/>\n<meta property=\"og:type\" content=\"article\" \/>\n<meta property=\"og:title\" content=\"Nuestras cepas de salm\u00f3n - Benchmark Genetics - Breeding for the future\" \/>\n<meta property=\"og:description\" content=\"Las tres cepas que opera Benchmark tienen su origen en algunos de los r\u00edos salmoneros m\u00e1s importantes de Noruega.\" \/>\n<meta property=\"og:url\" content=\"https:\/\/www.bmkgenetics.com\/es\/about\/our-salmon-strains\/\" \/>\n<meta property=\"og:site_name\" content=\"Benchmark Genetics\" \/>\n<meta property=\"article:publisher\" content=\"https:\/\/www.facebook.com\/benchmarkgenetics\/\" \/>\n<meta property=\"article:modified_time\" content=\"2025-12-04T09:00:04+00:00\" \/>\n<meta property=\"og:image\" content=\"https:\/\/www.bmkgenetics.com\/wp-content\/uploads\/2021\/04\/logo-whitebg-528x135-in-800x600-1.png\" \/>\n\t<meta property=\"og:image:width\" content=\"800\" \/>\n\t<meta property=\"og:image:height\" content=\"600\" \/>\n\t<meta property=\"og:image:type\" content=\"image\/png\" \/>\n<meta name=\"twitter:card\" content=\"summary_large_image\" \/>\n<meta name=\"twitter:site\" content=\"@WeAreBenchmark\" \/>\n<meta name=\"twitter:label1\" content=\"Tiempo de lectura\" \/>\n\t<meta name=\"twitter:data1\" content=\"2 minutos\" \/>\n<script type=\"application\/ld+json\" class=\"yoast-schema-graph\">{\"@context\":\"https:\\\/\\\/schema.org\",\"@graph\":[{\"@type\":\"WebPage\",\"@id\":\"https:\\\/\\\/www.bmkgenetics.com\\\/es\\\/about\\\/our-salmon-strains\\\/\",\"url\":\"https:\\\/\\\/www.bmkgenetics.com\\\/es\\\/about\\\/our-salmon-strains\\\/\",\"name\":\"Nuestras cepas de salm\u00f3n - Benchmark Genetics - Breeding for the future\",\"isPartOf\":{\"@id\":\"https:\\\/\\\/www.bmkgenetics.com\\\/es\\\/#website\"},\"datePublished\":\"2021-02-03T09:39:49+00:00\",\"dateModified\":\"2025-12-04T09:00:04+00:00\",\"description\":\"Las tres cepas que opera Benchmark tienen su origen en algunos de los r\u00edos salmoneros m\u00e1s importantes de Noruega.\",\"breadcrumb\":{\"@id\":\"https:\\\/\\\/www.bmkgenetics.com\\\/es\\\/about\\\/our-salmon-strains\\\/#breadcrumb\"},\"inLanguage\":\"es\",\"potentialAction\":[{\"@type\":\"ReadAction\",\"target\":[\"https:\\\/\\\/www.bmkgenetics.com\\\/es\\\/about\\\/our-salmon-strains\\\/\"]}]},{\"@type\":\"BreadcrumbList\",\"@id\":\"https:\\\/\\\/www.bmkgenetics.com\\\/es\\\/about\\\/our-salmon-strains\\\/#breadcrumb\",\"itemListElement\":[{\"@type\":\"ListItem\",\"position\":1,\"name\":\"Acerca de\",\"item\":\"https:\\\/\\\/www.bmkgenetics.com\\\/es\\\/about\\\/\"},{\"@type\":\"ListItem\",\"position\":2,\"name\":\"Nuestras cepas de salm\u00f3n\"}]},{\"@type\":\"WebSite\",\"@id\":\"https:\\\/\\\/www.bmkgenetics.com\\\/es\\\/#website\",\"url\":\"https:\\\/\\\/www.bmkgenetics.com\\\/es\\\/\",\"name\":\"Benchmark Genetics\",\"description\":\"Driving sustainability in aquaculture\",\"potentialAction\":[{\"@type\":\"SearchAction\",\"target\":{\"@type\":\"EntryPoint\",\"urlTemplate\":\"https:\\\/\\\/www.bmkgenetics.com\\\/es\\\/?s={search_term_string}\"},\"query-input\":{\"@type\":\"PropertyValueSpecification\",\"valueRequired\":true,\"valueName\":\"search_term_string\"}}],\"inLanguage\":\"es\"}]}<\/script>\n<!-- \/ Yoast SEO plugin. -->","yoast_head_json":{"title":"Nuestras cepas de salm\u00f3n - Benchmark Genetics - Breeding for the future","description":"Las tres cepas que opera Benchmark tienen su origen en algunos de los r\u00edos salmoneros m\u00e1s importantes de Noruega.","robots":{"index":"index","follow":"follow","max-snippet":"max-snippet:-1","max-image-preview":"max-image-preview:large","max-video-preview":"max-video-preview:-1"},"canonical":"https:\/\/www.bmkgenetics.com\/es\/about\/our-salmon-strains\/","og_locale":"es_ES","og_type":"article","og_title":"Nuestras cepas de salm\u00f3n - Benchmark Genetics - Breeding for the future","og_description":"Las tres cepas que opera Benchmark tienen su origen en algunos de los r\u00edos salmoneros m\u00e1s importantes de Noruega.","og_url":"https:\/\/www.bmkgenetics.com\/es\/about\/our-salmon-strains\/","og_site_name":"Benchmark Genetics","article_publisher":"https:\/\/www.facebook.com\/benchmarkgenetics\/","article_modified_time":"2025-12-04T09:00:04+00:00","og_image":[{"width":800,"height":600,"url":"https:\/\/www.bmkgenetics.com\/wp-content\/uploads\/2021\/04\/logo-whitebg-528x135-in-800x600-1.png","type":"image\/png"}],"twitter_card":"summary_large_image","twitter_site":"@WeAreBenchmark","twitter_misc":{"Tiempo de lectura":"2 minutos"},"schema":{"@context":"https:\/\/schema.org","@graph":[{"@type":"WebPage","@id":"https:\/\/www.bmkgenetics.com\/es\/about\/our-salmon-strains\/","url":"https:\/\/www.bmkgenetics.com\/es\/about\/our-salmon-strains\/","name":"Nuestras cepas de salm\u00f3n - Benchmark Genetics - Breeding for the future","isPartOf":{"@id":"https:\/\/www.bmkgenetics.com\/es\/#website"},"datePublished":"2021-02-03T09:39:49+00:00","dateModified":"2025-12-04T09:00:04+00:00","description":"Las tres cepas que opera Benchmark tienen su origen en algunos de los r\u00edos salmoneros m\u00e1s importantes de Noruega.","breadcrumb":{"@id":"https:\/\/www.bmkgenetics.com\/es\/about\/our-salmon-strains\/#breadcrumb"},"inLanguage":"es","potentialAction":[{"@type":"ReadAction","target":["https:\/\/www.bmkgenetics.com\/es\/about\/our-salmon-strains\/"]}]},{"@type":"BreadcrumbList","@id":"https:\/\/www.bmkgenetics.com\/es\/about\/our-salmon-strains\/#breadcrumb","itemListElement":[{"@type":"ListItem","position":1,"name":"Acerca de","item":"https:\/\/www.bmkgenetics.com\/es\/about\/"},{"@type":"ListItem","position":2,"name":"Nuestras cepas de salm\u00f3n"}]},{"@type":"WebSite","@id":"https:\/\/www.bmkgenetics.com\/es\/#website","url":"https:\/\/www.bmkgenetics.com\/es\/","name":"Benchmark Genetics","description":"Driving sustainability in aquaculture","potentialAction":[{"@type":"SearchAction","target":{"@type":"EntryPoint","urlTemplate":"https:\/\/www.bmkgenetics.com\/es\/?s={search_term_string}"},"query-input":{"@type":"PropertyValueSpecification","valueRequired":true,"valueName":"search_term_string"}}],"inLanguage":"es"}]}},"_links":{"self":[{"href":"https:\/\/www.bmkgenetics.com\/es\/wp-json\/wp\/v2\/pages\/6646","targetHints":{"allow":["GET"]}}],"collection":[{"href":"https:\/\/www.bmkgenetics.com\/es\/wp-json\/wp\/v2\/pages"}],"about":[{"href":"https:\/\/www.bmkgenetics.com\/es\/wp-json\/wp\/v2\/types\/page"}],"author":[{"embeddable":true,"href":"https:\/\/www.bmkgenetics.com\/es\/wp-json\/wp\/v2\/users\/99"}],"replies":[{"embeddable":true,"href":"https:\/\/www.bmkgenetics.com\/es\/wp-json\/wp\/v2\/comments?post=6646"}],"version-history":[{"count":0,"href":"https:\/\/www.bmkgenetics.com\/es\/wp-json\/wp\/v2\/pages\/6646\/revisions"}],"up":[{"embeddable":true,"href":"https:\/\/www.bmkgenetics.com\/es\/wp-json\/wp\/v2\/pages\/5211"}],"wp:attachment":[{"href":"https:\/\/www.bmkgenetics.com\/es\/wp-json\/wp\/v2\/media?parent=6646"}],"curies":[{"name":"wp","href":"https:\/\/api.w.org\/{rel}","templated":true}]}}