{"id":1921,"date":"2021-03-19T11:20:03","date_gmt":"2021-03-19T10:20:03","guid":{"rendered":"https:\/\/bmkgen.wpengine.com\/acerca-de-nosotros\/personas\/"},"modified":"2025-10-29T14:30:03","modified_gmt":"2025-10-29T13:30:03","slug":"personas","status":"publish","type":"page","link":"https:\/\/www.bmkgenetics.com\/es\/about\/acerca-de-nosotros\/personas\/","title":{"rendered":"Personas"},"content":{"rendered":"<section class=\"l-section wpb_row leftheading height_large color_alternate\"><div class=\"l-section-h i-cf\"><div class=\"g-cols vc_row via_flex valign_top type_default stacking_default\"><div class=\"vc_col-sm-12 vc_col-md-8 wpb_column vc_column_container\"><div class=\"vc_column-inner\"><div class=\"wpb_wrapper\">[vc_custom_heading text=\u00bbVisi\u00f3n, Misi\u00f3n y Valores\u00bb use_theme_fonts=\u00bbyes\u00bb]<\/div><\/div><\/div><div class=\"vc_col-sm-4 vc_hidden-sm vc_hidden-xs wpb_column vc_column_container\"><div class=\"vc_column-inner\"><div class=\"wpb_wrapper\"><\/div><\/div><\/div><\/div><\/div><\/section><section class=\"l-section wpb_row rightbody height_large color_alternate\"><div class=\"l-section-h i-cf\"><div class=\"g-cols vc_row via_flex valign_top type_default stacking_default\"><div class=\"vc_col-sm-4 vc_hidden-sm vc_hidden-xs wpb_column vc_column_container\"><div class=\"vc_column-inner\"><div class=\"wpb_wrapper\"><\/div><\/div><\/div><div class=\"vc_col-sm-12 vc_col-md-8 wpb_column vc_column_container\"><div class=\"vc_column-inner\"><div class=\"wpb_wrapper\"><div class=\"w-tabs style_default switch_click accordion has_scrolling\" style=\"--sections-title-size:inherit\"><div class=\"w-tabs-sections titles-align_none icon_plus cpos_right\"><div class=\"w-tabs-section\" id=\"z367\"><button class=\"w-tabs-section-header\" aria-controls=\"content-z367\" aria-expanded=\"false\"><h3 class=\"w-tabs-section-title\">Nuestra visi\u00f3n<\/h3><div class=\"w-tabs-section-control\"><\/div><\/button><div  class=\"w-tabs-section-content\" id=\"content-z367\"><div class=\"w-tabs-section-content-h i-cf\"><div class=\"wpb_text_column\"><div class=\"wpb_wrapper\"><p>Impulsando la sostenibilidad en la acuicultura<\/p>\n<\/div><\/div><\/div><\/div><\/div><div class=\"w-tabs-section\" id=\"e4b7\"><button class=\"w-tabs-section-header\" aria-controls=\"content-e4b7\" aria-expanded=\"false\"><h3 class=\"w-tabs-section-title\">Nuestra misi\u00f3n<\/h3><div class=\"w-tabs-section-control\"><\/div><\/button><div  class=\"w-tabs-section-content\" id=\"content-e4b7\"><div class=\"w-tabs-section-content-h i-cf\"><div class=\"wpb_text_column\"><div class=\"wpb_wrapper\"><p>Nuestra misi\u00f3n es permitir que los productores <em>acu\u00edcolas<\/em> mejoren su sostenibilidad y rentabilidad.<\/p>\n<\/div><\/div><\/div><\/div><\/div><div class=\"w-tabs-section\" id=\"k728\"><button class=\"w-tabs-section-header\" aria-controls=\"content-k728\" aria-expanded=\"false\"><h3 class=\"w-tabs-section-title\">Nuestros valores<\/h3><div class=\"w-tabs-section-control\"><\/div><\/button><div  class=\"w-tabs-section-content\" id=\"content-k728\"><div class=\"w-tabs-section-content-h i-cf\"><div class=\"wpb_text_column\"><div class=\"wpb_wrapper\"><p>Los valores de Benchmark Genetics reflejan la cultura de la organizaci\u00f3n. As\u00ed es como queremos actuar de forma colectiva y realmente creemos que nos ayudar\u00e1n a cumplir nuestra misi\u00f3n<\/p>\n<\/div><\/div><div class=\"wpb_text_column\"><div class=\"wpb_wrapper\"><ul>\n<li><strong>INNOVATIVE: <\/strong>We actively seek opportunities and find sustainable solutions to challenges and opportunities.<\/li>\n<li><strong>PASSIONATE: <\/strong>We live our mission and strive for excellence \u2013 taking personal leadership and celebrating our achievements.<\/li>\n<li><strong>COLLABORATIVE: <\/strong>We are One Benchmark. We help and support each other. Our interactions are built on integrity, mutual trust and respect.<\/li>\n<li><strong>COMMERCIAL: <\/strong>We have a customer-focused, commercial mindset. We set targets and priorities and take responsibility for meeting our commitments.<\/li>\n<\/ul>\n<\/div><\/div><\/div><\/div><\/div><\/div><\/div><\/div><\/div><\/div><\/div><\/div><\/section><section class=\"l-section wpb_row split-row height_auto color_alternate with_img parallax_ver\"><div class=\"l-section-img\" role=\"img\" aria-label=\"Imagen\" data-img-width=\"1\" data-img-height=\"1\" style=\"background-image: url(https:\/\/www.bmkgenetics.com\/wp-content\/uploads\/2021\/02\/transparent-pixel.png);\"><\/div><div class=\"l-section-h i-cf\"><div class=\"g-cols vc_row via_flex valign_bottom type_boxes stacking_default\"><div class=\"vc_col-sm-6 wpb_column vc_column_container blur clearfix stretched\"><div class=\"vc_column-inner\"><div class=\"vc_column-overlay\" style=\"background:rgba(21,47,78,0.70)\"><\/div><div class=\"wpb_wrapper\"><div class=\"w-image align_none\"><div class=\"w-image-h\"><img decoding=\"async\" width=\"1024\" height=\"692\" src=\"https:\/\/www.bmkgenetics.com\/wp-content\/uploads\/2021\/04\/Iceland_team-1024x692.jpg\" class=\"attachment-large size-large\" alt=\"Office team Iceland\" loading=\"lazy\" srcset=\"https:\/\/www.bmkgenetics.com\/wp-content\/uploads\/2021\/04\/Iceland_team-1024x692.jpg 1024w, https:\/\/www.bmkgenetics.com\/wp-content\/uploads\/2021\/04\/Iceland_team-300x203.jpg 300w\" sizes=\"auto, (max-width: 1024px) 100vw, 1024px\" \/><\/div><\/div><div class=\"w-separator size_small\"><\/div><div class=\"g-cols wpb_row us_custom_5e1bbe03 float right notmobile via_flex valign_top type_default stacking_default\"><div class=\"vc_col-sm-12 wpb_column vc_column_container\"><div class=\"vc_column-inner\"><div class=\"wpb_wrapper\"><div class=\"wpb_text_column\"><div class=\"wpb_wrapper\"><h2>Nos preocupamos por nuestra gente<\/h2>\n<p>En Benchmark Genetics nos cuidamos mutuamente y fomentamos una cultura de confianza, respeto, equidad, orgullo y compa\u00f1erismo.<\/p>\n<\/div><\/div><\/div><\/div><\/div><\/div><div class=\"w-separator size_small\"><\/div><\/div><\/div><\/div><div class=\"vc_col-sm-6 vc_hidden-xs wpb_column vc_column_container\"><div class=\"vc_column-inner\"><div class=\"wpb_wrapper\"><div class=\"wpb_text_column\"><div class=\"wpb_wrapper\"><p><a class=\"imgpopuplink\" ref=\"magnificPopup\" href=\"\/wp-content\/uploads\/2021\/02\/transparent-pixel.png\">Ver imagen en <i class=\"material-icons\">pantalla completa<\/i><\/a><\/p>\n<\/div><\/div><\/div><\/div><\/div><\/div><\/div><\/section><section class=\"l-section wpb_row split-row height_auto color_alternate with_img parallax_ver\"><div class=\"l-section-img\" role=\"img\" aria-label=\"Imagen\" data-img-width=\"1\" data-img-height=\"1\" style=\"background-image: url(https:\/\/www.bmkgenetics.com\/wp-content\/uploads\/2021\/02\/transparent-pixel.png);\"><\/div><div class=\"l-section-h i-cf\"><div class=\"g-cols vc_row via_flex valign_bottom type_boxes stacking_default\"><div class=\"vc_col-sm-6 vc_hidden-xs wpb_column vc_column_container\"><div class=\"vc_column-inner\"><div class=\"wpb_wrapper\"><div class=\"wpb_text_column\"><div class=\"wpb_wrapper\"><p style=\"text-align: right;\"><a class=\"imgpopuplink\" ref=\"magnificPopup\" href=\"\/wp-content\/uploads\/2021\/02\/transparent-pixel.png\"><i class=\"material-icons\">fullscreen<\/i>View image<\/a><\/p>\n<\/div><\/div><\/div><\/div><\/div><div class=\"vc_col-sm-6 wpb_column vc_column_container blur stretched\"><div class=\"vc_column-inner\"><div class=\"vc_column-overlay\" style=\"background:rgba(21,47,78,0.70)\"><\/div><div class=\"wpb_wrapper\"><div class=\"w-image align_none\"><div class=\"w-image-h\"><img decoding=\"async\" width=\"1024\" height=\"452\" src=\"https:\/\/www.bmkgenetics.com\/wp-content\/uploads\/2021\/04\/People_picture2-1024x452.png\" class=\"attachment-large size-large\" alt=\"People page\" loading=\"lazy\" srcset=\"https:\/\/www.bmkgenetics.com\/wp-content\/uploads\/2021\/04\/People_picture2-1024x452.png 1024w, https:\/\/www.bmkgenetics.com\/wp-content\/uploads\/2021\/04\/People_picture2-300x132.png 300w, https:\/\/www.bmkgenetics.com\/wp-content\/uploads\/2021\/04\/People_picture2.png 1622w\" sizes=\"auto, (max-width: 1024px) 100vw, 1024px\" \/><\/div><\/div><div class=\"w-separator size_small\"><\/div><div class=\"g-cols wpb_row us_custom_5e1bbe03 via_flex valign_top type_default stacking_default\"><div class=\"vc_col-sm-12 wpb_column vc_column_container\"><div class=\"vc_column-inner\"><div class=\"wpb_wrapper\"><div class=\"wpb_text_column\"><div class=\"wpb_wrapper\"><h3>Estar Bien<\/h3>\n<p data-start=\"108\" data-end=\"325\">El bienestar de nuestros colaboradores es de suma importancia para nosotros. Ofrecemos diversos programas que promueven el bienestar f\u00edsico, mental y social de nuestro equipo. Algunos ejemplos de lo que ofrecemos son:<\/p>\n<ul data-start=\"327\" data-end=\"595\">\n<li data-start=\"327\" data-end=\"365\">\n<p data-start=\"329\" data-end=\"365\">Programa de asistencia al empleado<\/p>\n<\/li>\n<li data-start=\"327\" data-end=\"365\">\n<p data-start=\"329\" data-end=\"365\">Equilibrio entre trabajo y vida personal<\/p>\n<\/li>\n<li data-start=\"411\" data-end=\"477\">\n<p data-start=\"413\" data-end=\"477\">Facilitadores capacitados en primeros auxilios de salud mental<\/p>\n<\/li>\n<li data-start=\"478\" data-end=\"517\">\n<p data-start=\"480\" data-end=\"517\">Representantes de Salud y Seguridad<\/p>\n<\/li>\n<li data-start=\"518\" data-end=\"551\">\n<p data-start=\"520\" data-end=\"551\">Eventos sociales patrocinados<\/p>\n<\/li>\n<li data-start=\"552\" data-end=\"595\">\n<p data-start=\"554\" data-end=\"595\">Embajadores internos (Employee Champions)<\/p>\n<\/li>\n<\/ul>\n<\/div><\/div><\/div><\/div><\/div><\/div><div class=\"w-separator size_small\"><\/div><\/div><\/div><\/div><\/div><\/div><\/section><section class=\"l-section wpb_row height_small\"><div class=\"l-section-h i-cf\"><div class=\"g-cols vc_row via_flex valign_top type_default stacking_default\"><div class=\"vc_col-sm-12 wpb_column vc_column_container\"><div class=\"vc_column-inner\"><div class=\"wpb_wrapper\"><div class=\"w-separator size_medium\"><\/div><div class=\"g-cols wpb_row via_flex valign_top type_default stacking_default\"><div class=\"vc_col-sm-12 vc_col-md-8 wpb_column vc_column_container\"><div class=\"vc_column-inner\"><div class=\"wpb_wrapper\">[vc_custom_heading text=\u00bbBuen ambiente laboral\u00bb use_theme_fonts=\u00bbyes\u00bb]<\/div><\/div><\/div><div class=\"vc_col-sm-4 vc_hidden-sm vc_hidden-xs wpb_column vc_column_container\"><div class=\"vc_column-inner\"><div class=\"wpb_wrapper\"><\/div><\/div><\/div><\/div><div class=\"g-cols wpb_row via_flex valign_top type_default stacking_default\"><div class=\"vc_col-sm-4 vc_hidden-sm vc_hidden-xs wpb_column vc_column_container\"><div class=\"vc_column-inner\"><div class=\"wpb_wrapper\"><\/div><\/div><\/div><div class=\"vc_col-sm-12 vc_col-md-8 wpb_column vc_column_container\"><div class=\"vc_column-inner\"><div class=\"wpb_wrapper\"><div class=\"w-separator size_medium\"><\/div><div class=\"wpb_text_column\"><div class=\"wpb_wrapper\"><p>Nuestra gente es el pilar de nuestro \u00e9xito. Conozca a algunos de los miembros de nuestro equipo en todo el mundo:<\/p>\n<\/div><\/div><\/div><\/div><\/div><\/div><div class=\"w-separator size_medium\"><\/div><\/div><\/div><\/div><\/div><\/div><\/section><section class=\"l-section wpb_row height_small\"><div class=\"l-section-h i-cf\"><div class=\"g-cols vc_row via_flex valign_top type_default stacking_default\"><div class=\"vc_col-sm-4 vc_hidden-sm vc_hidden-xs wpb_column vc_column_container\"><div class=\"vc_column-inner\"><div class=\"wpb_wrapper\"><\/div><\/div><\/div><div class=\"vc_col-sm-12 vc_col-md-8 wpb_column vc_column_container\"><div class=\"vc_column-inner\"><div class=\"wpb_wrapper\"><div class=\"testimonial\"><img loading=\"lazy\" decoding=\"async\" width=\"150\" height=\"150\" src=\"https:\/\/www.bmkgenetics.com\/wp-content\/uploads\/2024\/01\/Maria-150x150.jpg\" class=\"attachment-thumbnail size-thumbnail wp-post-image\" alt=\"Maria Nayfa\" srcset=\"https:\/\/www.bmkgenetics.com\/wp-content\/uploads\/2024\/01\/Maria-150x150.jpg 150w, https:\/\/www.bmkgenetics.com\/wp-content\/uploads\/2024\/01\/Maria-300x300.jpg 300w, https:\/\/www.bmkgenetics.com\/wp-content\/uploads\/2024\/01\/Maria-1024x1024.jpg 1024w, https:\/\/www.bmkgenetics.com\/wp-content\/uploads\/2024\/01\/Maria-250x250.jpg 250w, https:\/\/www.bmkgenetics.com\/wp-content\/uploads\/2024\/01\/Maria-200x200.jpg 200w, https:\/\/www.bmkgenetics.com\/wp-content\/uploads\/2024\/01\/Maria-100x100.jpg 100w, https:\/\/www.bmkgenetics.com\/wp-content\/uploads\/2024\/01\/Maria-40x40.jpg 40w, https:\/\/www.bmkgenetics.com\/wp-content\/uploads\/2024\/01\/Maria-scaled.jpg 1680w\" sizes=\"auto, (max-width: 150px) 100vw, 150px\" \/><figure class=\"quote withImage\"><p><q><span lang=\"es-CL\">La<\/span><span lang=\"es-CL\">\u00a0decisi\u00f3n de unirme a Benchmark Genetics fue impulsada por el deseo de formar parte de un equipo que est\u00e1 a la vanguardia no solo de los avances gen\u00e9ticos, sino tambi\u00e9n de sus aplicaciones en el mundo real. Benchmark aprovecha el conocimiento de nuestros programas internos de selecci\u00f3n gen\u00e9tica para salm\u00f3n y camar\u00f3n, junto con extensos\u00a0desarrollos\u00a0de I+D,\u00a0utilizando\u00a0estas innovaciones globalmente en una diversa gama de especies acu\u00edcolas a trav\u00e9s de\u00a0la unidad\u00a0en el que tengo el placer de trabajar: Servicios Gen\u00e9ticos. Es emocionante ser parte de un equipo que trabaja en diversas especies y programas de acuicultura, impulsando la industria hacia adelante, logrando avances significativos en la investigaci\u00f3n gen\u00e9tica y sus aplicaciones pr\u00e1cticas, y permitiendo a nuestros clientes mejorar la sostenibilidad y rentabilidad de sus operaciones.<\/span><\/q><\/p><figcaption class='attribution'><span class='author'>Maria Nayfa<\/span>, <span class='author-role'>Genetista Senior, Benchmark Genetics, ubicado en Bergen, Noruega.<\/span><\/figcaption><\/figure><\/div><\/div><\/div><\/div><\/div><\/div><\/section><section class=\"l-section wpb_row height_small\"><div class=\"l-section-h i-cf\"><div class=\"g-cols vc_row via_flex valign_top type_default stacking_default\"><div class=\"vc_col-sm-12 wpb_column vc_column_container\"><div class=\"vc_column-inner\"><div class=\"wpb_wrapper\"><div class=\"testimonial\"><img loading=\"lazy\" decoding=\"async\" width=\"150\" height=\"150\" src=\"https:\/\/www.bmkgenetics.com\/wp-content\/uploads\/2021\/02\/Image_Renate_Espeland-150x150.jpg\" class=\"attachment-thumbnail size-thumbnail wp-post-image\" alt=\"\" srcset=\"https:\/\/www.bmkgenetics.com\/wp-content\/uploads\/2021\/02\/Image_Renate_Espeland-150x150.jpg 150w, https:\/\/www.bmkgenetics.com\/wp-content\/uploads\/2021\/02\/Image_Renate_Espeland-300x300.jpg 300w, https:\/\/www.bmkgenetics.com\/wp-content\/uploads\/2021\/02\/Image_Renate_Espeland-1024x1024.jpg 1024w, https:\/\/www.bmkgenetics.com\/wp-content\/uploads\/2021\/02\/Image_Renate_Espeland.jpg 1600w\" sizes=\"auto, (max-width: 150px) 100vw, 150px\" \/><figure class=\"quote withImage\"><p><q>Lo que m\u00e1s me gusta de mi trabajo es el hecho de que surgen tareas y desaf\u00edos nuevos de manera continua, lo que hace que cada d\u00eda sea un poco diferente. Tambi\u00e9n me gusta formar parte de un equipo de colegas ambiciosos, generosos, orientados a la soluci\u00f3n y sensatos. Lo que me atrajo a Benchmark es el enfoque de la empresa en la sostenibilidad, ya que este es un <em>aspecto<\/em> que abarca todo lo que hacemos. Por ejemplo, crear empleos sostenibles, contribuir a una industria acu\u00edcola sostenible y garantizar que la empresa est\u00e9 operando de manera sostenible.<\/q><\/p><figcaption class='attribution'><span class='author'>Renate\u00a0Espeland<\/span>, <span class='author-role'>Administraci\u00f3n en Bergen, Noruega<\/span><\/figcaption><\/figure><\/div><\/div><\/div><\/div><\/div><\/div><\/section><section class=\"l-section wpb_row height_small\"><div class=\"l-section-h i-cf\"><div class=\"g-cols vc_row via_flex valign_top type_default stacking_default\"><div class=\"vc_col-sm-4 vc_hidden-sm vc_hidden-xs wpb_column vc_column_container\"><div class=\"vc_column-inner\"><div class=\"wpb_wrapper\"><\/div><\/div><\/div><div class=\"vc_col-sm-12 vc_col-md-8 wpb_column vc_column_container\"><div class=\"vc_column-inner\"><div class=\"wpb_wrapper\"><div class=\"testimonial\"><img loading=\"lazy\" decoding=\"async\" width=\"150\" height=\"150\" src=\"https:\/\/www.bmkgenetics.com\/wp-content\/uploads\/2024\/08\/6E0A5486-150x150.jpg\" class=\"attachment-thumbnail size-thumbnail wp-post-image\" alt=\"Hrediar Petursson\" \/><figure class=\"quote withImage\"><p><q>Es dif\u00edcil destacar solo\u00a0un aspecto\u00a0que hace interesante este trabajo, porque en mi mente sobresalen dos factores\u00a0claves. En primer lugar, son los colegas quienes hacen que el trabajo sea emocionante. Trabajar en un entorno tan diverso, rodeado de personas\u00a0entretenidas\u00a0y profesionales, es incre\u00edblemente especial y gratificante. En segundo lugar, est\u00e1 el mercado del salm\u00f3n en el que operamos. Es una industria din\u00e1mica y en constante evoluci\u00f3n, que se desarrolla y optimiza continuamente. Este mercado ofrece oportunidades y posibilidades \u00fanicas, que no se encuentran en ning\u00fan otro lugar.<\/q><\/p><figcaption class='attribution'><span class='author'>Hreidar Petursson<\/span>, <span class='author-role'>Jefe de Producci\u00f3n de Salm\u00f3n en Islandia, ubicado en Vogar, Islandia.<\/span><\/figcaption><\/figure><\/div><\/div><\/div><\/div><\/div><\/div><\/section>\n","protected":false},"excerpt":{"rendered":"Es dif\u00edcil destacar solo\u00a0un aspecto\u00a0que hace interesante este trabajo, porque en mi mente sobresalen dos factores\u00a0claves. En primer lugar, son los colegas quienes hacen que el trabajo sea emocionante. Trabajar en un entorno tan diverso, rodeado de personas\u00a0entretenidas\u00a0y profesionales, es incre\u00edblemente especial y gratificante. En segundo lugar, est\u00e1 el mercado del salm\u00f3n en el que...","protected":false},"author":1,"featured_media":0,"parent":1893,"menu_order":0,"comment_status":"closed","ping_status":"closed","template":"","meta":{"_acf_changed":false,"footnotes":""},"class_list":["post-1921","page","type-page","status-publish","hentry"],"acf":[],"yoast_head":"<!-- This site is optimized with the Yoast SEO plugin v27.4 - https:\/\/yoast.com\/product\/yoast-seo-wordpress\/ -->\n<title>Personas - Benchmark Genetics - Cr\u00eda para el futuro<\/title>\n<meta name=\"description\" content=\"En Benchmark Genetics, nos apasiona nuestro trabajo y nuestra gente. Somos una comunidad global comprometida a impulsar la sostenibilidad.\" \/>\n<meta name=\"robots\" content=\"index, follow, max-snippet:-1, max-image-preview:large, max-video-preview:-1\" \/>\n<link rel=\"canonical\" href=\"https:\/\/www.bmkgenetics.com\/es\/about\/acerca-de-nosotros\/personas\/\" \/>\n<meta property=\"og:locale\" content=\"es_ES\" \/>\n<meta property=\"og:type\" content=\"article\" \/>\n<meta property=\"og:title\" content=\"Personas - Benchmark Genetics - Cr\u00eda para el futuro\" \/>\n<meta property=\"og:description\" content=\"En Benchmark Genetics, nos apasiona nuestro trabajo y nuestra gente. Somos una comunidad global comprometida a impulsar la sostenibilidad.\" \/>\n<meta property=\"og:url\" content=\"https:\/\/www.bmkgenetics.com\/es\/about\/acerca-de-nosotros\/personas\/\" \/>\n<meta property=\"og:site_name\" content=\"Benchmark Genetics\" \/>\n<meta property=\"article:publisher\" content=\"https:\/\/www.facebook.com\/benchmarkgenetics\/\" \/>\n<meta property=\"article:modified_time\" content=\"2025-10-29T13:30:03+00:00\" \/>\n<meta property=\"og:image\" content=\"https:\/\/www.bmkgenetics.com\/wp-content\/uploads\/2021\/04\/logo-whitebg-528x135-in-800x600-1.png\" \/>\n\t<meta property=\"og:image:width\" content=\"800\" \/>\n\t<meta property=\"og:image:height\" content=\"600\" \/>\n\t<meta property=\"og:image:type\" content=\"image\/png\" \/>\n<meta name=\"twitter:card\" content=\"summary_large_image\" \/>\n<meta name=\"twitter:site\" content=\"@WeAreBenchmark\" \/>\n<meta name=\"twitter:label1\" content=\"Tiempo de lectura\" \/>\n\t<meta name=\"twitter:data1\" content=\"2 minutos\" \/>\n<script type=\"application\/ld+json\" class=\"yoast-schema-graph\">{\"@context\":\"https:\\\/\\\/schema.org\",\"@graph\":[{\"@type\":\"WebPage\",\"@id\":\"https:\\\/\\\/www.bmkgenetics.com\\\/es\\\/about\\\/acerca-de-nosotros\\\/personas\\\/\",\"url\":\"https:\\\/\\\/www.bmkgenetics.com\\\/es\\\/about\\\/acerca-de-nosotros\\\/personas\\\/\",\"name\":\"Personas - Benchmark Genetics - Cr\u00eda para el futuro\",\"isPartOf\":{\"@id\":\"https:\\\/\\\/www.bmkgenetics.com\\\/es\\\/#website\"},\"datePublished\":\"2021-03-19T10:20:03+00:00\",\"dateModified\":\"2025-10-29T13:30:03+00:00\",\"description\":\"En Benchmark Genetics, nos apasiona nuestro trabajo y nuestra gente. Somos una comunidad global comprometida a impulsar la sostenibilidad.\",\"breadcrumb\":{\"@id\":\"https:\\\/\\\/www.bmkgenetics.com\\\/es\\\/about\\\/acerca-de-nosotros\\\/personas\\\/#breadcrumb\"},\"inLanguage\":\"es\",\"potentialAction\":[{\"@type\":\"ReadAction\",\"target\":[\"https:\\\/\\\/www.bmkgenetics.com\\\/es\\\/about\\\/acerca-de-nosotros\\\/personas\\\/\"]}]},{\"@type\":\"BreadcrumbList\",\"@id\":\"https:\\\/\\\/www.bmkgenetics.com\\\/es\\\/about\\\/acerca-de-nosotros\\\/personas\\\/#breadcrumb\",\"itemListElement\":[{\"@type\":\"ListItem\",\"position\":1,\"name\":\"Acerca de\",\"item\":\"https:\\\/\\\/www.bmkgenetics.com\\\/es\\\/about\\\/\"},{\"@type\":\"ListItem\",\"position\":2,\"name\":\"Acerca de nosotros\",\"item\":\"https:\\\/\\\/www.bmkgenetics.com\\\/es\\\/about\\\/acerca-de-nosotros\\\/\"},{\"@type\":\"ListItem\",\"position\":3,\"name\":\"Personas\"}]},{\"@type\":\"WebSite\",\"@id\":\"https:\\\/\\\/www.bmkgenetics.com\\\/es\\\/#website\",\"url\":\"https:\\\/\\\/www.bmkgenetics.com\\\/es\\\/\",\"name\":\"Benchmark Genetics\",\"description\":\"Driving sustainability in aquaculture\",\"potentialAction\":[{\"@type\":\"SearchAction\",\"target\":{\"@type\":\"EntryPoint\",\"urlTemplate\":\"https:\\\/\\\/www.bmkgenetics.com\\\/es\\\/?s={search_term_string}\"},\"query-input\":{\"@type\":\"PropertyValueSpecification\",\"valueRequired\":true,\"valueName\":\"search_term_string\"}}],\"inLanguage\":\"es\"}]}<\/script>\n<!-- \/ Yoast SEO plugin. -->","yoast_head_json":{"title":"Personas - Benchmark Genetics - Cr\u00eda para el futuro","description":"En Benchmark Genetics, nos apasiona nuestro trabajo y nuestra gente. Somos una comunidad global comprometida a impulsar la sostenibilidad.","robots":{"index":"index","follow":"follow","max-snippet":"max-snippet:-1","max-image-preview":"max-image-preview:large","max-video-preview":"max-video-preview:-1"},"canonical":"https:\/\/www.bmkgenetics.com\/es\/about\/acerca-de-nosotros\/personas\/","og_locale":"es_ES","og_type":"article","og_title":"Personas - Benchmark Genetics - Cr\u00eda para el futuro","og_description":"En Benchmark Genetics, nos apasiona nuestro trabajo y nuestra gente. Somos una comunidad global comprometida a impulsar la sostenibilidad.","og_url":"https:\/\/www.bmkgenetics.com\/es\/about\/acerca-de-nosotros\/personas\/","og_site_name":"Benchmark Genetics","article_publisher":"https:\/\/www.facebook.com\/benchmarkgenetics\/","article_modified_time":"2025-10-29T13:30:03+00:00","og_image":[{"width":800,"height":600,"url":"https:\/\/www.bmkgenetics.com\/wp-content\/uploads\/2021\/04\/logo-whitebg-528x135-in-800x600-1.png","type":"image\/png"}],"twitter_card":"summary_large_image","twitter_site":"@WeAreBenchmark","twitter_misc":{"Tiempo de lectura":"2 minutos"},"schema":{"@context":"https:\/\/schema.org","@graph":[{"@type":"WebPage","@id":"https:\/\/www.bmkgenetics.com\/es\/about\/acerca-de-nosotros\/personas\/","url":"https:\/\/www.bmkgenetics.com\/es\/about\/acerca-de-nosotros\/personas\/","name":"Personas - Benchmark Genetics - Cr\u00eda para el futuro","isPartOf":{"@id":"https:\/\/www.bmkgenetics.com\/es\/#website"},"datePublished":"2021-03-19T10:20:03+00:00","dateModified":"2025-10-29T13:30:03+00:00","description":"En Benchmark Genetics, nos apasiona nuestro trabajo y nuestra gente. Somos una comunidad global comprometida a impulsar la sostenibilidad.","breadcrumb":{"@id":"https:\/\/www.bmkgenetics.com\/es\/about\/acerca-de-nosotros\/personas\/#breadcrumb"},"inLanguage":"es","potentialAction":[{"@type":"ReadAction","target":["https:\/\/www.bmkgenetics.com\/es\/about\/acerca-de-nosotros\/personas\/"]}]},{"@type":"BreadcrumbList","@id":"https:\/\/www.bmkgenetics.com\/es\/about\/acerca-de-nosotros\/personas\/#breadcrumb","itemListElement":[{"@type":"ListItem","position":1,"name":"Acerca de","item":"https:\/\/www.bmkgenetics.com\/es\/about\/"},{"@type":"ListItem","position":2,"name":"Acerca de nosotros","item":"https:\/\/www.bmkgenetics.com\/es\/about\/acerca-de-nosotros\/"},{"@type":"ListItem","position":3,"name":"Personas"}]},{"@type":"WebSite","@id":"https:\/\/www.bmkgenetics.com\/es\/#website","url":"https:\/\/www.bmkgenetics.com\/es\/","name":"Benchmark Genetics","description":"Driving sustainability in aquaculture","potentialAction":[{"@type":"SearchAction","target":{"@type":"EntryPoint","urlTemplate":"https:\/\/www.bmkgenetics.com\/es\/?s={search_term_string}"},"query-input":{"@type":"PropertyValueSpecification","valueRequired":true,"valueName":"search_term_string"}}],"inLanguage":"es"}]}},"_links":{"self":[{"href":"https:\/\/www.bmkgenetics.com\/es\/wp-json\/wp\/v2\/pages\/1921","targetHints":{"allow":["GET"]}}],"collection":[{"href":"https:\/\/www.bmkgenetics.com\/es\/wp-json\/wp\/v2\/pages"}],"about":[{"href":"https:\/\/www.bmkgenetics.com\/es\/wp-json\/wp\/v2\/types\/page"}],"author":[{"embeddable":true,"href":"https:\/\/www.bmkgenetics.com\/es\/wp-json\/wp\/v2\/users\/1"}],"replies":[{"embeddable":true,"href":"https:\/\/www.bmkgenetics.com\/es\/wp-json\/wp\/v2\/comments?post=1921"}],"version-history":[{"count":0,"href":"https:\/\/www.bmkgenetics.com\/es\/wp-json\/wp\/v2\/pages\/1921\/revisions"}],"up":[{"embeddable":true,"href":"https:\/\/www.bmkgenetics.com\/es\/wp-json\/wp\/v2\/pages\/1893"}],"wp:attachment":[{"href":"https:\/\/www.bmkgenetics.com\/es\/wp-json\/wp\/v2\/media?parent=1921"}],"curies":[{"name":"wp","href":"https:\/\/api.w.org\/{rel}","templated":true}]}}