{"id":1920,"date":"2021-03-19T11:19:58","date_gmt":"2021-03-19T10:19:58","guid":{"rendered":"https:\/\/bmkgen.wpengine.com\/acerca-de-nosotros\/sostenibilidad\/"},"modified":"2025-04-04T14:56:37","modified_gmt":"2025-04-04T12:56:37","slug":"sostenibilidad","status":"publish","type":"page","link":"https:\/\/www.bmkgenetics.com\/es\/about\/acerca-de-nosotros\/sostenibilidad\/","title":{"rendered":"Sostenibilidad"},"content":{"rendered":"<section class=\"l-section wpb_row leftheading-rightbody height_large\"><div class=\"l-section-h i-cf\"><div class=\"g-cols vc_row via_flex valign_top type_default stacking_default\"><div class=\"vc_col-sm-12 wpb_column vc_column_container\"><div class=\"vc_column-inner\"><div class=\"wpb_wrapper\"><div class=\"g-cols wpb_row via_flex valign_top type_default stacking_default\"><div class=\"vc_col-sm-12 vc_col-md-8 wpb_column vc_column_container\"><div class=\"vc_column-inner\"><div class=\"wpb_wrapper\">[vc_custom_heading text=\u00bbImpulsar la sostenibilidad en la industria acu\u00edcola\u00bb use_theme_fonts=\u00bbyes\u00bb]<\/div><\/div><\/div><div class=\"vc_col-sm-4 vc_hidden-sm vc_hidden-xs wpb_column vc_column_container\"><div class=\"vc_column-inner\"><div class=\"wpb_wrapper\"><\/div><\/div><\/div><\/div><div class=\"g-cols wpb_row via_flex valign_top type_default stacking_default\"><div class=\"vc_col-sm-4 vc_hidden-sm vc_hidden-xs wpb_column vc_column_container\"><div class=\"vc_column-inner\"><div class=\"wpb_wrapper\"><\/div><\/div><\/div><div class=\"vc_col-sm-12 vc_col-md-8 wpb_column vc_column_container\"><div class=\"vc_column-inner\"><div class=\"wpb_wrapper\"><div class=\"wpb_text_column\"><div class=\"wpb_wrapper\"><p>Entregamos productos y soluciones que mejoran la sostenibilidad para los productores a trav\u00e9s de una mejor salud, rendimiento y bienestar animal.<\/p>\n<p>Lo hacemos identificando oportunidades ambientales, sociales y de gobernanza (ESG) y gestionando activamente los riesgos que son relevantes para nuestro negocio y nuestras partes interesadas. Nuestra estrategia de sostenibilidad se alinea para abordar los riesgos y oportunidades en nueve factores ESG, todos ellos alineados con los Objetivos de Desarrollo Sostenible de la ONU.<\/p>\n<\/div><\/div><\/div><\/div><\/div><\/div><\/div><\/div><\/div><\/div><\/div><\/section><section class=\"l-section wpb_row leftheading-rightbody height_large color_alternate\"><div class=\"l-section-h i-cf\"><div class=\"g-cols vc_row via_flex valign_top type_default stacking_default\"><div class=\"vc_col-sm-12 wpb_column vc_column_container\"><div class=\"vc_column-inner\"><div class=\"wpb_wrapper\"><div class=\"g-cols wpb_row via_flex valign_top type_default stacking_default\"><div class=\"vc_col-sm-12 vc_col-md-8 wpb_column vc_column_container\"><div class=\"vc_column-inner\"><div class=\"wpb_wrapper\">[vc_custom_heading text=\u00bbCinco \u00e1reas de enfoque\u00bb use_theme_fonts=\u00bbyes\u00bb]<\/div><\/div><\/div><div class=\"vc_col-sm-4 vc_hidden-sm vc_hidden-xs wpb_column vc_column_container\"><div class=\"vc_column-inner\"><div class=\"wpb_wrapper\"><\/div><\/div><\/div><\/div><div class=\"g-cols wpb_row via_flex valign_top type_default stacking_default\"><div class=\"vc_col-sm-4 vc_hidden-sm vc_hidden-xs wpb_column vc_column_container\"><div class=\"vc_column-inner\"><div class=\"wpb_wrapper\"><\/div><\/div><\/div><div class=\"vc_col-sm-12 vc_col-md-8 wpb_column vc_column_container\"><div class=\"vc_column-inner\"><div class=\"wpb_wrapper\"><div class=\"wpb_text_column\"><div class=\"wpb_wrapper\"><p>Nuestro programa cuenta con cinco \u00e1reas de enfoque que juntas abordan los motores principales de la sostenibilidad y los riesgos de ESG en nuestro negocio. Las cinco \u00e1reas reconocen que la sostenibilidad financiera y el gobierno corporativo se gestionan a trav\u00e9s de nuestras funciones financieras y legales.<\/p>\n<\/div><\/div><\/div><\/div><\/div><\/div><\/div><\/div><\/div><\/div><\/div><\/section><section class=\"l-section wpb_row rightbody height_large color_alternate\"><div class=\"l-section-h i-cf\"><div class=\"g-cols vc_row via_flex valign_top type_default stacking_default\"><div class=\"vc_col-sm-4 vc_hidden-sm vc_hidden-xs wpb_column vc_column_container\"><div class=\"vc_column-inner\"><div class=\"wpb_wrapper\"><\/div><\/div><\/div><div class=\"vc_col-sm-12 vc_col-md-8 wpb_column vc_column_container\"><div class=\"vc_column-inner\"><div class=\"wpb_wrapper\"><div class=\"w-tabs style_default switch_click accordion has_scrolling\" style=\"--sections-title-size:inherit\"><div class=\"w-tabs-sections titles-align_none icon_plus cpos_right\"><div class=\"w-tabs-section\" id=\"y222\"><button class=\"w-tabs-section-header\" aria-controls=\"content-y222\" aria-expanded=\"false\"><h3 class=\"w-tabs-section-title\">Impacto de producto<\/h3><div class=\"w-tabs-section-control\"><\/div><\/button><div  class=\"w-tabs-section-content\" id=\"content-y222\"><div class=\"w-tabs-section-content-h i-cf\"><div class=\"wpb_text_column\"><div class=\"wpb_wrapper\"><p>Nuestro objetivo es desarrollar productos que tengan un impacto positivo en la sustentabilidad de la acuicultura. La gen\u00e9tica es el punto de partida de la cadena de producci\u00f3n en la acuicultura. Cada mejora de la eficiencia o la capacidad de supervivencia contribuir\u00e1 a un producto final m\u00e1s sostenible.<\/p>\n<p>Debido a que la gen\u00e9tica es un producto vivo, el bienestar y salud animal en la producci\u00f3n es resultado directo de lo que hacemos. Una industria sostenible no solo es beneficiosa para los animales y el medio ambiente, tambi\u00e9n contribuye de manera esencial para el \u00e9xito de nuestros clientes.<\/p>\n<\/div><\/div><\/div><\/div><\/div><div class=\"w-tabs-section\" id=\"j4cd\"><button class=\"w-tabs-section-header\" aria-controls=\"content-j4cd\" aria-expanded=\"false\"><h3 class=\"w-tabs-section-title\">Medioambiente<\/h3><div class=\"w-tabs-section-control\"><\/div><\/button><div  class=\"w-tabs-section-content\" id=\"content-j4cd\"><div class=\"w-tabs-section-content-h i-cf\"><div class=\"wpb_text_column\"><div class=\"wpb_wrapper\"><p>Toda industria impacta el medio ambiente de alguna manera u otra. Nuestro objetivo es reducir nuestras emisiones de GEI y desechos a un nivel m\u00ednimo en todas nuestras operaciones.<\/p>\n<p>Benchmark Genetics Norway se convirti\u00f3 en miembro de la red <em>Klimapartnere<\/em> en mayo de 2019, y se ha fijado metas ambiciosas para convertirse en empresas de emisiones neutras para 2025 y libre de energia f\u00f3sil para 2030.<\/p>\n<\/div><\/div><div class=\"w-btn-wrapper align_none\"><a class=\"w-btn us-btn-style_1\" title=\"Medioambiente\" href=\"https:\/\/bmkgenetics.com\/es\/?page_id=1899\"><span class=\"w-btn-label\">M\u00e1s informaci\u00f3n<\/span><\/a><\/div><\/div><\/div><\/div><div class=\"w-tabs-section\" id=\"w66f\"><button class=\"w-tabs-section-header\" aria-controls=\"content-w66f\" aria-expanded=\"false\"><h3 class=\"w-tabs-section-title\">Bienestar animal<\/h3><div class=\"w-tabs-section-control\"><\/div><\/button><div  class=\"w-tabs-section-content\" id=\"content-w66f\"><div class=\"w-tabs-section-content-h i-cf\"><div class=\"wpb_text_column\"><div class=\"wpb_wrapper\"><p>En Benchmark, promovemos la salud y bienestar animal a trav\u00e9s de nuestros productos y operaciones.<\/p>\n<\/div><\/div><div class=\"w-btn-wrapper align_none\"><a class=\"w-btn us-btn-style_1\" title=\"Comit\u00e9 de bienestar animal de Benchmark\" href=\"https:\/\/www.bmkgenetics.com\/es\/about\/acerca-de-nosotros\/sostenibilidad\/comite-de-bienestar-animal-de-benchmark\/\"><span class=\"w-btn-label\">Comit\u00e9 de bienestar animal de Benchmark<\/span><\/a><\/div><\/div><\/div><\/div><div class=\"w-tabs-section\" id=\"i7af\"><button class=\"w-tabs-section-header\" aria-controls=\"content-i7af\" aria-expanded=\"false\"><h3 class=\"w-tabs-section-title\">Bienestar<\/h3><div class=\"w-tabs-section-control\"><\/div><\/button><div  class=\"w-tabs-section-content\" id=\"content-i7af\"><div class=\"w-tabs-section-content-h i-cf\"><div class=\"wpb_text_column\"><div class=\"wpb_wrapper\"><p>Nos preocupamos por nuestra gente y los empoderamos para alcanzar su potencial.<\/p>\n<p>Nos comprometemos con nuestros empleados a trav\u00e9s de los representantes de Employee Champion y las reuniones mensuales del Ayuntamiento lideradas por el Equipo de Gesti\u00f3n Ejecutiva. Para promover el bienestar, Benchmark ha capacitado a un equipo de Primeros Auxilios de Salud Mental en todo el grupo que tiene el papel de ser un punto de contacto confidencial para los empleados que experimentan problemas relacionados con la salud mental.<\/p>\n<p>La formaci\u00f3n continua para aumentar el conocimiento y el compromiso se asegura a trav\u00e9s de la Plataforma de Formaci\u00f3n de Benchmark.<\/p>\n<\/div><\/div><\/div><\/div><\/div><div class=\"w-tabs-section\" id=\"a966\"><button class=\"w-tabs-section-header\" aria-controls=\"content-a966\" aria-expanded=\"false\"><h3 class=\"w-tabs-section-title\">Comunidades<\/h3><div class=\"w-tabs-section-control\"><\/div><\/button><div  class=\"w-tabs-section-content\" id=\"content-a966\"><div class=\"w-tabs-section-content-h i-cf\"><div class=\"wpb_text_column\"><div class=\"wpb_wrapper\"><p><em>Benchmark for Better<\/em>\u00a0(\u2018B4B\u2019) es la nueva comunidad de iniciativas filantr\u00f3picas\u00a0de la empresa. Es un paraguas para nuestro trabajo de voluntariado y comunitario existente, y una plataforma desde la cual construir. B4B combina voluntariado y ostenibilidad, alineando nuestros esfuerzos con los Objetivos de Desarrollo Sostenible de la ONU y con nuestro prop\u00f3sito corporativo de mejorar la sostenibilidad de la acuicultura.<\/p>\n<p>Contribuimos a mejoras que generan un impacto significativo y positivo para las personas, los animales y el medio ambiente de las comunidades donde operamos,. En 2020, Benchmark implement\u00f3 una pol\u00edtica de voluntariado grupal, que permite a los empleados tomar dos d\u00edas libres para trabajar como voluntarios en una organizaci\u00f3n ben\u00e9fica elegida.<\/p>\n<\/div><\/div><div class=\"w-btn-wrapper align_none\"><a class=\"w-btn us-btn-style_1\" title=\"Esfuerzos de asistencia comunitarios contra la Covid-19 de Benchmark for Better\" href=\"https:\/\/www.bmkgenetics.com\/es\/about\/acerca-de-nosotros\/sostenibilidad\/comunidad-benchmark-for-better\/\"><span class=\"w-btn-label\">Esfuerzos de asistencia contra la Covid-19<\/span><\/a><\/div><\/div><\/div><\/div><\/div><\/div><\/div><\/div><\/div><\/div><\/div><\/section><section class=\"l-section wpb_row height_large\"><div class=\"l-section-h i-cf\"><div class=\"g-cols vc_row via_flex valign_top type_default stacking_default\"><div class=\"vc_col-sm-12 wpb_column vc_column_container\"><div class=\"vc_column-inner\"><div class=\"wpb_wrapper\"><\/div><\/div><\/div><\/div><\/div><\/section>\n","protected":false},"excerpt":{"rendered":"[vc_custom_heading text=\"Impulsar la sostenibilidad en la industria acu\u00edcola\" use_theme_fonts=\"yes\"]Entregamos productos y soluciones que mejoran la sostenibilidad para los productores a trav\u00e9s de una mejor salud, rendimiento y bienestar animal. Lo hacemos identificando oportunidades ambientales, sociales y de gobernanza (ESG) y gestionando activamente los riesgos que son relevantes para nuestro negocio y nuestras partes interesadas. Nuestra...","protected":false},"author":1,"featured_media":0,"parent":1893,"menu_order":0,"comment_status":"closed","ping_status":"closed","template":"","meta":{"_acf_changed":false,"footnotes":""},"class_list":["post-1920","page","type-page","status-publish","hentry"],"acf":[],"yoast_head":"<!-- This site is optimized with the Yoast SEO plugin v27.4 - https:\/\/yoast.com\/product\/yoast-seo-wordpress\/ -->\n<title>Sostenibilidad - Benchmark Genetics - Cr\u00eda para el futuro<\/title>\n<meta name=\"description\" content=\"Benchmark Genetics impulsa la sostenibilidad en la industria acu\u00edcola mediante la entrega de productos y soluciones con m\u00e1s salud, rendimiento y bienestar animal.\" \/>\n<meta name=\"robots\" content=\"index, follow, max-snippet:-1, max-image-preview:large, max-video-preview:-1\" \/>\n<link rel=\"canonical\" href=\"https:\/\/www.bmkgenetics.com\/es\/about\/acerca-de-nosotros\/sostenibilidad\/\" \/>\n<meta property=\"og:locale\" content=\"es_ES\" \/>\n<meta property=\"og:type\" content=\"article\" \/>\n<meta property=\"og:title\" content=\"Sostenibilidad - Benchmark Genetics - Cr\u00eda para el futuro\" \/>\n<meta property=\"og:description\" content=\"Benchmark Genetics impulsa la sostenibilidad en la industria acu\u00edcola mediante la entrega de productos y soluciones con m\u00e1s salud, rendimiento y bienestar animal.\" \/>\n<meta property=\"og:url\" content=\"https:\/\/www.bmkgenetics.com\/es\/about\/acerca-de-nosotros\/sostenibilidad\/\" \/>\n<meta property=\"og:site_name\" content=\"Benchmark Genetics\" \/>\n<meta property=\"article:publisher\" content=\"https:\/\/www.facebook.com\/benchmarkgenetics\/\" \/>\n<meta property=\"article:modified_time\" content=\"2025-04-04T12:56:37+00:00\" \/>\n<meta property=\"og:image\" content=\"https:\/\/www.bmkgenetics.com\/wp-content\/uploads\/2021\/04\/logo-whitebg-528x135-in-800x600-1.png\" \/>\n\t<meta property=\"og:image:width\" content=\"800\" \/>\n\t<meta property=\"og:image:height\" content=\"600\" \/>\n\t<meta property=\"og:image:type\" content=\"image\/png\" \/>\n<meta name=\"twitter:card\" content=\"summary_large_image\" \/>\n<meta name=\"twitter:site\" content=\"@WeAreBenchmark\" \/>\n<meta name=\"twitter:label1\" content=\"Tiempo de lectura\" \/>\n\t<meta name=\"twitter:data1\" content=\"3 minutos\" \/>\n<script type=\"application\/ld+json\" class=\"yoast-schema-graph\">{\"@context\":\"https:\\\/\\\/schema.org\",\"@graph\":[{\"@type\":\"WebPage\",\"@id\":\"https:\\\/\\\/www.bmkgenetics.com\\\/es\\\/about\\\/acerca-de-nosotros\\\/sostenibilidad\\\/\",\"url\":\"https:\\\/\\\/www.bmkgenetics.com\\\/es\\\/about\\\/acerca-de-nosotros\\\/sostenibilidad\\\/\",\"name\":\"Sostenibilidad - Benchmark Genetics - Cr\u00eda para el futuro\",\"isPartOf\":{\"@id\":\"https:\\\/\\\/www.bmkgenetics.com\\\/es\\\/#website\"},\"datePublished\":\"2021-03-19T10:19:58+00:00\",\"dateModified\":\"2025-04-04T12:56:37+00:00\",\"description\":\"Benchmark Genetics impulsa la sostenibilidad en la industria acu\u00edcola mediante la entrega de productos y soluciones con m\u00e1s salud, rendimiento y bienestar animal.\",\"breadcrumb\":{\"@id\":\"https:\\\/\\\/www.bmkgenetics.com\\\/es\\\/about\\\/acerca-de-nosotros\\\/sostenibilidad\\\/#breadcrumb\"},\"inLanguage\":\"es\",\"potentialAction\":[{\"@type\":\"ReadAction\",\"target\":[\"https:\\\/\\\/www.bmkgenetics.com\\\/es\\\/about\\\/acerca-de-nosotros\\\/sostenibilidad\\\/\"]}]},{\"@type\":\"BreadcrumbList\",\"@id\":\"https:\\\/\\\/www.bmkgenetics.com\\\/es\\\/about\\\/acerca-de-nosotros\\\/sostenibilidad\\\/#breadcrumb\",\"itemListElement\":[{\"@type\":\"ListItem\",\"position\":1,\"name\":\"Acerca de\",\"item\":\"https:\\\/\\\/www.bmkgenetics.com\\\/es\\\/about\\\/\"},{\"@type\":\"ListItem\",\"position\":2,\"name\":\"Acerca de nosotros\",\"item\":\"https:\\\/\\\/www.bmkgenetics.com\\\/es\\\/about\\\/acerca-de-nosotros\\\/\"},{\"@type\":\"ListItem\",\"position\":3,\"name\":\"Sostenibilidad\"}]},{\"@type\":\"WebSite\",\"@id\":\"https:\\\/\\\/www.bmkgenetics.com\\\/es\\\/#website\",\"url\":\"https:\\\/\\\/www.bmkgenetics.com\\\/es\\\/\",\"name\":\"Benchmark Genetics\",\"description\":\"Driving sustainability in aquaculture\",\"potentialAction\":[{\"@type\":\"SearchAction\",\"target\":{\"@type\":\"EntryPoint\",\"urlTemplate\":\"https:\\\/\\\/www.bmkgenetics.com\\\/es\\\/?s={search_term_string}\"},\"query-input\":{\"@type\":\"PropertyValueSpecification\",\"valueRequired\":true,\"valueName\":\"search_term_string\"}}],\"inLanguage\":\"es\"}]}<\/script>\n<!-- \/ Yoast SEO plugin. -->","yoast_head_json":{"title":"Sostenibilidad - Benchmark Genetics - Cr\u00eda para el futuro","description":"Benchmark Genetics impulsa la sostenibilidad en la industria acu\u00edcola mediante la entrega de productos y soluciones con m\u00e1s salud, rendimiento y bienestar animal.","robots":{"index":"index","follow":"follow","max-snippet":"max-snippet:-1","max-image-preview":"max-image-preview:large","max-video-preview":"max-video-preview:-1"},"canonical":"https:\/\/www.bmkgenetics.com\/es\/about\/acerca-de-nosotros\/sostenibilidad\/","og_locale":"es_ES","og_type":"article","og_title":"Sostenibilidad - Benchmark Genetics - Cr\u00eda para el futuro","og_description":"Benchmark Genetics impulsa la sostenibilidad en la industria acu\u00edcola mediante la entrega de productos y soluciones con m\u00e1s salud, rendimiento y bienestar animal.","og_url":"https:\/\/www.bmkgenetics.com\/es\/about\/acerca-de-nosotros\/sostenibilidad\/","og_site_name":"Benchmark Genetics","article_publisher":"https:\/\/www.facebook.com\/benchmarkgenetics\/","article_modified_time":"2025-04-04T12:56:37+00:00","og_image":[{"width":800,"height":600,"url":"https:\/\/www.bmkgenetics.com\/wp-content\/uploads\/2021\/04\/logo-whitebg-528x135-in-800x600-1.png","type":"image\/png"}],"twitter_card":"summary_large_image","twitter_site":"@WeAreBenchmark","twitter_misc":{"Tiempo de lectura":"3 minutos"},"schema":{"@context":"https:\/\/schema.org","@graph":[{"@type":"WebPage","@id":"https:\/\/www.bmkgenetics.com\/es\/about\/acerca-de-nosotros\/sostenibilidad\/","url":"https:\/\/www.bmkgenetics.com\/es\/about\/acerca-de-nosotros\/sostenibilidad\/","name":"Sostenibilidad - Benchmark Genetics - Cr\u00eda para el futuro","isPartOf":{"@id":"https:\/\/www.bmkgenetics.com\/es\/#website"},"datePublished":"2021-03-19T10:19:58+00:00","dateModified":"2025-04-04T12:56:37+00:00","description":"Benchmark Genetics impulsa la sostenibilidad en la industria acu\u00edcola mediante la entrega de productos y soluciones con m\u00e1s salud, rendimiento y bienestar animal.","breadcrumb":{"@id":"https:\/\/www.bmkgenetics.com\/es\/about\/acerca-de-nosotros\/sostenibilidad\/#breadcrumb"},"inLanguage":"es","potentialAction":[{"@type":"ReadAction","target":["https:\/\/www.bmkgenetics.com\/es\/about\/acerca-de-nosotros\/sostenibilidad\/"]}]},{"@type":"BreadcrumbList","@id":"https:\/\/www.bmkgenetics.com\/es\/about\/acerca-de-nosotros\/sostenibilidad\/#breadcrumb","itemListElement":[{"@type":"ListItem","position":1,"name":"Acerca de","item":"https:\/\/www.bmkgenetics.com\/es\/about\/"},{"@type":"ListItem","position":2,"name":"Acerca de nosotros","item":"https:\/\/www.bmkgenetics.com\/es\/about\/acerca-de-nosotros\/"},{"@type":"ListItem","position":3,"name":"Sostenibilidad"}]},{"@type":"WebSite","@id":"https:\/\/www.bmkgenetics.com\/es\/#website","url":"https:\/\/www.bmkgenetics.com\/es\/","name":"Benchmark Genetics","description":"Driving sustainability in aquaculture","potentialAction":[{"@type":"SearchAction","target":{"@type":"EntryPoint","urlTemplate":"https:\/\/www.bmkgenetics.com\/es\/?s={search_term_string}"},"query-input":{"@type":"PropertyValueSpecification","valueRequired":true,"valueName":"search_term_string"}}],"inLanguage":"es"}]}},"_links":{"self":[{"href":"https:\/\/www.bmkgenetics.com\/es\/wp-json\/wp\/v2\/pages\/1920","targetHints":{"allow":["GET"]}}],"collection":[{"href":"https:\/\/www.bmkgenetics.com\/es\/wp-json\/wp\/v2\/pages"}],"about":[{"href":"https:\/\/www.bmkgenetics.com\/es\/wp-json\/wp\/v2\/types\/page"}],"author":[{"embeddable":true,"href":"https:\/\/www.bmkgenetics.com\/es\/wp-json\/wp\/v2\/users\/1"}],"replies":[{"embeddable":true,"href":"https:\/\/www.bmkgenetics.com\/es\/wp-json\/wp\/v2\/comments?post=1920"}],"version-history":[{"count":0,"href":"https:\/\/www.bmkgenetics.com\/es\/wp-json\/wp\/v2\/pages\/1920\/revisions"}],"up":[{"embeddable":true,"href":"https:\/\/www.bmkgenetics.com\/es\/wp-json\/wp\/v2\/pages\/1893"}],"wp:attachment":[{"href":"https:\/\/www.bmkgenetics.com\/es\/wp-json\/wp\/v2\/media?parent=1920"}],"curies":[{"name":"wp","href":"https:\/\/api.w.org\/{rel}","templated":true}]}}