{"id":1916,"date":"2021-03-19T11:19:54","date_gmt":"2021-03-19T10:19:54","guid":{"rendered":"https:\/\/bmkgen.wpengine.com\/acerca-de-nosotros\/bioseguridad\/"},"modified":"2025-12-19T14:58:25","modified_gmt":"2025-12-19T13:58:25","slug":"bioseguridad","status":"publish","type":"page","link":"https:\/\/www.bmkgenetics.com\/es\/about\/acerca-de-nosotros\/bioseguridad\/","title":{"rendered":"Bioseguridad"},"content":{"rendered":"<section class=\"l-section wpb_row leftheading-rightbody height_large\"><div class=\"l-section-h i-cf\"><div class=\"g-cols vc_row via_flex valign_top type_default stacking_default\"><div class=\"vc_col-sm-12 wpb_column vc_column_container\"><div class=\"vc_column-inner\"><div class=\"wpb_wrapper\"><div class=\"g-cols wpb_row via_flex valign_top type_default stacking_default\"><div class=\"vc_col-sm-12 vc_col-md-8 wpb_column vc_column_container\"><div class=\"vc_column-inner\"><div class=\"wpb_wrapper\">[vc_custom_heading text=\u00bbPor qu\u00e9 los detalles son importantes\u00bb use_theme_fonts=\u00bbyes\u00bb]<\/div><\/div><\/div><div class=\"vc_col-sm-4 vc_hidden-sm vc_hidden-xs wpb_column vc_column_container\"><div class=\"vc_column-inner\"><div class=\"wpb_wrapper\"><\/div><\/div><\/div><\/div><div class=\"g-cols wpb_row via_flex valign_top type_default stacking_default\"><div class=\"vc_col-sm-4 vc_hidden-sm vc_hidden-xs wpb_column vc_column_container\"><div class=\"vc_column-inner\"><div class=\"wpb_wrapper\"><\/div><\/div><\/div><div class=\"vc_col-sm-12 vc_col-md-8 wpb_column vc_column_container\"><div class=\"vc_column-inner\"><div class=\"wpb_wrapper\"><div class=\"wpb_text_column\"><div class=\"wpb_wrapper\"><p>Mantener altos est\u00e1ndares de bioseguridad, vigilancia espec\u00edfica y sitios dedicados con medidas bioseguras nos ha permitido establecer compartimentos con estatus libre de enfermedades para pat\u00f3genos clave del salm\u00f3n.<\/p>\n<p>Esta posici\u00f3n nos permite participar en el comercio global y seguir siendo un proveedor confiable para nuestros clientes. Sostener este est\u00e1ndar exige ejecuci\u00f3n constante y una fuerte cultura de bioseguridad en todas nuestras operaciones.<\/p>\n<p>El estatus libre de enfermedades se mantiene mediante muestreos y an\u00e1lisis anuales, llevados a cabo en estrecha colaboraci\u00f3n con la autoridad competente.<\/p>\n<p>Esta colaboraci\u00f3n multidisciplinaria asegura que la bioseguridad est\u00e9 integrada en cada decisi\u00f3n \u2014desde las rutinas diarias hasta la planificaci\u00f3n a largo plazo. Al combinar experiencia en salud de peces, producci\u00f3n y calidad, fortalecemos nuestra capacidad para identificar riesgos potenciales de forma temprana y mantener los m\u00e1s altos est\u00e1ndares en toda la empresa.<\/p>\n<\/div><\/div><div class=\"w-image align_none\"><div class=\"w-image-h\"><img decoding=\"async\" width=\"1024\" height=\"768\" src=\"https:\/\/www.bmkgenetics.com\/wp-content\/uploads\/2021\/02\/SalmoBreed_Pakking_0131_2_WebJPEG-1024x768.jpg\" class=\"attachment-large size-large\" alt=\"photo og ova during Salmobreed packing\" loading=\"lazy\" srcset=\"https:\/\/www.bmkgenetics.com\/wp-content\/uploads\/2021\/02\/SalmoBreed_Pakking_0131_2_WebJPEG-1024x768.jpg 1024w, https:\/\/www.bmkgenetics.com\/wp-content\/uploads\/2021\/02\/SalmoBreed_Pakking_0131_2_WebJPEG-300x225.jpg 300w\" sizes=\"auto, (max-width: 1024px) 100vw, 1024px\" \/><\/div><\/div><div class=\"w-separator size_medium\"><\/div><div class=\"testimonial\"><figure class=\"quote\"><p><q>El t\u00e9rmino \u201cbioseguridad\u201d hace referencia al conjunto de medidas f\u00edsicas y de gesti\u00f3n destinado a reducir el riesgo de introducci\u00f3n, establecimiento y propagaci\u00f3n de enfermedades, infecciones o plagas animales hacia o desde una poblaci\u00f3n animal, o dentro de esta.<\/q><\/p><figcaption class='attribution'><span class='author'>Definici\u00f3n de la Organizaci\u00f3n Mundial de Sanidad Animal (World Organisation for Animal Health,\u00a0OIE)<\/span><\/figcaption><\/figure><\/div><\/div><\/div><\/div><\/div><\/div><\/div><\/div><\/div><\/div><\/section><section class=\"l-section wpb_row split-row height_auto color_alternate with_img parallax_ver\"><div class=\"l-section-img\" role=\"img\" aria-label=\"Imagen\" data-img-width=\"1\" data-img-height=\"1\" style=\"background-image: url(https:\/\/www.bmkgenetics.com\/wp-content\/uploads\/2021\/02\/transparent-pixel.png);\"><\/div><div class=\"l-section-h i-cf\"><div class=\"g-cols vc_row via_flex valign_bottom type_boxes stacking_default\"><div class=\"vc_col-sm-6 wpb_column vc_column_container blur clearfix stretched\"><div class=\"vc_column-inner\"><div class=\"vc_column-overlay\" style=\"background:rgba(21,47,78,0.70)\"><\/div><div class=\"wpb_wrapper\"><div class=\"w-image align_none\"><div class=\"w-image-h\"><img decoding=\"async\" width=\"1024\" height=\"768\" src=\"https:\/\/www.bmkgenetics.com\/wp-content\/uploads\/2021\/01\/fish-scales-1024x768.jpg\" class=\"attachment-large size-large\" alt=\"Close-up photo of salmon scales\" loading=\"lazy\" srcset=\"https:\/\/www.bmkgenetics.com\/wp-content\/uploads\/2021\/01\/fish-scales-1024x768.jpg 1024w, https:\/\/www.bmkgenetics.com\/wp-content\/uploads\/2021\/01\/fish-scales-300x225.jpg 300w, https:\/\/www.bmkgenetics.com\/wp-content\/uploads\/2021\/01\/fish-scales.jpg 1920w\" sizes=\"auto, (max-width: 1024px) 100vw, 1024px\" \/><\/div><\/div><div class=\"w-separator size_small\"><\/div><div class=\"g-cols wpb_row us_custom_5e1bbe03 float right notmobile via_flex valign_top type_default stacking_default\"><div class=\"vc_col-sm-12 wpb_column vc_column_container\"><div class=\"vc_column-inner\"><div class=\"wpb_wrapper\"><div class=\"wpb_text_column\"><div class=\"wpb_wrapper\"><h2>La manera de Benchmark Genetics<\/h2>\n<p>Nuestra ambici\u00f3n es estar a la vanguardia de la bioseguridad en la industria de la cr\u00eda de acuicultura mediante la comprensi\u00f3n e implementaci\u00f3n de medidas<\/p>\n<\/div><\/div><div class=\"w-btn-wrapper align_none\"><a class=\"w-btn us-btn-style_4\" title=\"La manera de Benchmark Genetics\" href=\"https:\/\/www.bmkgenetics.com\/es\/about\/acerca-de-nosotros\/bioseguridad\/la-manera-de-benchmark-genetics\/\"><span class=\"w-btn-label\">Nuestras medidas<\/span><\/a><\/div><\/div><\/div><\/div><\/div><div class=\"w-separator size_small\"><\/div><\/div><\/div><\/div><div class=\"vc_col-sm-6 vc_hidden-xs wpb_column vc_column_container\"><div class=\"vc_column-inner\"><div class=\"wpb_wrapper\"><div class=\"wpb_text_column\"><div class=\"wpb_wrapper\"><p><a class=\"imgpopuplink\" ref=\"magnificPopup\" href=\"\/wp-content\/uploads\/2021\/02\/transparent-pixel.png\">Ver imagen en <i class=\"material-icons\">pantalla completa<\/i><\/a><\/p>\n<\/div><\/div><\/div><\/div><\/div><\/div><\/div><\/section><section class=\"l-section wpb_row split-row height_auto color_alternate with_img parallax_ver\"><div class=\"l-section-img\" role=\"img\" aria-label=\"Imagen\" data-img-width=\"1\" data-img-height=\"1\" style=\"background-image: url(https:\/\/www.bmkgenetics.com\/wp-content\/uploads\/2021\/02\/transparent-pixel.png);\"><\/div><div class=\"l-section-h i-cf\"><div class=\"g-cols vc_row via_flex valign_bottom type_boxes stacking_default\"><div class=\"vc_col-sm-6 vc_hidden-xs wpb_column vc_column_container\"><div class=\"vc_column-inner\"><div class=\"wpb_wrapper\"><div class=\"wpb_text_column\"><div class=\"wpb_wrapper\"><p style=\"text-align: right;\"><a class=\"imgpopuplink\" ref=\"magnificPopup\" href=\"\/wp-content\/uploads\/2021\/02\/transparent-pixel.png\">Ver imagen en <i class=\"material-icons\">pantalla completa<\/i><\/a><\/p>\n<\/div><\/div><\/div><\/div><\/div><div class=\"vc_col-sm-6 wpb_column vc_column_container blur stretched\"><div class=\"vc_column-inner\"><div class=\"vc_column-overlay\" style=\"background:rgba(21,47,78,0.70)\"><\/div><div class=\"wpb_wrapper\"><div class=\"w-image align_none\"><div class=\"w-image-h\"><img decoding=\"async\" width=\"1024\" height=\"768\" src=\"https:\/\/www.bmkgenetics.com\/wp-content\/uploads\/2021\/02\/Bolaks_Fusa_0283_2_WebJPEG-1024x768.jpg\" class=\"attachment-large size-large\" alt=\"Closeup photo of Bolaks\" loading=\"lazy\" srcset=\"https:\/\/www.bmkgenetics.com\/wp-content\/uploads\/2021\/02\/Bolaks_Fusa_0283_2_WebJPEG-1024x768.jpg 1024w, https:\/\/www.bmkgenetics.com\/wp-content\/uploads\/2021\/02\/Bolaks_Fusa_0283_2_WebJPEG-300x225.jpg 300w\" sizes=\"auto, (max-width: 1024px) 100vw, 1024px\" \/><\/div><\/div><div class=\"w-separator size_small\"><\/div><div class=\"g-cols wpb_row us_custom_5e1bbe03 via_flex valign_top type_default stacking_default\"><div class=\"vc_col-sm-12 wpb_column vc_column_container\"><div class=\"vc_column-inner\"><div class=\"wpb_wrapper\"><div class=\"wpb_text_column\"><div class=\"wpb_wrapper\"><h2>Bioseguridad y especies<\/h2>\n<p>Las pol\u00edticas de bioseguridad y de seguimiento de la salud de los peces se adaptan a las especies objetivo y a los pat\u00f3genos pertinentes. Nuestros programas internos de cr\u00eda constan de dos especies: salm\u00f3n del Atl\u00e1ntico y camar\u00f3n patiblanco. Requieren distintos enfoques debido a las diferencias en los sistemas de producci\u00f3n.<\/p>\n<\/div><\/div><div class=\"w-btn-wrapper align_none\"><a class=\"w-btn us-btn-style_4\" title=\"Bioseguridad y especies\" href=\"https:\/\/www.bmkgenetics.com\/es\/about\/acerca-de-nosotros\/bioseguridad\/bioseguridad-y-especies\/\"><span class=\"w-btn-label\">Nuestros programas internos de cr\u00eda<\/span><\/a><\/div><\/div><\/div><\/div><\/div><div class=\"w-separator size_small\"><\/div><\/div><\/div><\/div><\/div><\/div><\/section>\n","protected":false},"excerpt":{"rendered":"El t\u00e9rmino \u201cbioseguridad\u201d hace referencia al conjunto de medidas f\u00edsicas y de gesti\u00f3n destinado a reducir el riesgo de introducci\u00f3n, establecimiento y propagaci\u00f3n de enfermedades, infecciones o plagas animales hacia o desde una poblaci\u00f3n animal, o dentro de esta.","protected":false},"author":1,"featured_media":0,"parent":1893,"menu_order":0,"comment_status":"closed","ping_status":"closed","template":"","meta":{"_acf_changed":false,"footnotes":""},"class_list":["post-1916","page","type-page","status-publish","hentry"],"acf":[],"yoast_head":"<!-- This site is optimized with the Yoast SEO plugin v27.3 - https:\/\/yoast.com\/product\/yoast-seo-wordpress\/ -->\n<title>Bioseguridad - Benchmark Genetics - Cr\u00eda para el futuro<\/title>\n<meta name=\"description\" content=\"Nuestra aspiraci\u00f3n es liderar la bioseguridad en la industria de mejoramiento acu\u00edcola y servicios gen\u00e9ticos.\" \/>\n<meta name=\"robots\" content=\"index, follow, max-snippet:-1, max-image-preview:large, max-video-preview:-1\" \/>\n<link rel=\"canonical\" href=\"https:\/\/www.bmkgenetics.com\/es\/about\/acerca-de-nosotros\/bioseguridad\/\" \/>\n<meta property=\"og:locale\" content=\"es_ES\" \/>\n<meta property=\"og:type\" content=\"article\" \/>\n<meta property=\"og:title\" content=\"Bioseguridad - Benchmark Genetics - Cr\u00eda para el futuro\" \/>\n<meta property=\"og:description\" content=\"Nuestra aspiraci\u00f3n es liderar la bioseguridad en la industria de mejoramiento acu\u00edcola y servicios gen\u00e9ticos.\" \/>\n<meta property=\"og:url\" content=\"https:\/\/www.bmkgenetics.com\/es\/about\/acerca-de-nosotros\/bioseguridad\/\" \/>\n<meta property=\"og:site_name\" content=\"Benchmark Genetics\" \/>\n<meta property=\"article:publisher\" content=\"https:\/\/www.facebook.com\/benchmarkgenetics\/\" \/>\n<meta property=\"article:modified_time\" content=\"2025-12-19T13:58:25+00:00\" \/>\n<meta property=\"og:image\" content=\"https:\/\/www.bmkgenetics.com\/wp-content\/uploads\/2021\/04\/logo-whitebg-528x135-in-800x600-1.png\" \/>\n\t<meta property=\"og:image:width\" content=\"800\" \/>\n\t<meta property=\"og:image:height\" content=\"600\" \/>\n\t<meta property=\"og:image:type\" content=\"image\/png\" \/>\n<meta name=\"twitter:card\" content=\"summary_large_image\" \/>\n<meta name=\"twitter:site\" content=\"@WeAreBenchmark\" \/>\n<meta name=\"twitter:label1\" content=\"Tiempo de lectura\" \/>\n\t<meta name=\"twitter:data1\" content=\"2 minutos\" \/>\n<script type=\"application\/ld+json\" class=\"yoast-schema-graph\">{\"@context\":\"https:\\\/\\\/schema.org\",\"@graph\":[{\"@type\":\"WebPage\",\"@id\":\"https:\\\/\\\/www.bmkgenetics.com\\\/es\\\/about\\\/acerca-de-nosotros\\\/bioseguridad\\\/\",\"url\":\"https:\\\/\\\/www.bmkgenetics.com\\\/es\\\/about\\\/acerca-de-nosotros\\\/bioseguridad\\\/\",\"name\":\"Bioseguridad - Benchmark Genetics - Cr\u00eda para el futuro\",\"isPartOf\":{\"@id\":\"https:\\\/\\\/www.bmkgenetics.com\\\/es\\\/#website\"},\"datePublished\":\"2021-03-19T10:19:54+00:00\",\"dateModified\":\"2025-12-19T13:58:25+00:00\",\"description\":\"Nuestra aspiraci\u00f3n es liderar la bioseguridad en la industria de mejoramiento acu\u00edcola y servicios gen\u00e9ticos.\",\"breadcrumb\":{\"@id\":\"https:\\\/\\\/www.bmkgenetics.com\\\/es\\\/about\\\/acerca-de-nosotros\\\/bioseguridad\\\/#breadcrumb\"},\"inLanguage\":\"es\",\"potentialAction\":[{\"@type\":\"ReadAction\",\"target\":[\"https:\\\/\\\/www.bmkgenetics.com\\\/es\\\/about\\\/acerca-de-nosotros\\\/bioseguridad\\\/\"]}]},{\"@type\":\"BreadcrumbList\",\"@id\":\"https:\\\/\\\/www.bmkgenetics.com\\\/es\\\/about\\\/acerca-de-nosotros\\\/bioseguridad\\\/#breadcrumb\",\"itemListElement\":[{\"@type\":\"ListItem\",\"position\":1,\"name\":\"Acerca de\",\"item\":\"https:\\\/\\\/www.bmkgenetics.com\\\/es\\\/about\\\/\"},{\"@type\":\"ListItem\",\"position\":2,\"name\":\"Acerca de nosotros\",\"item\":\"https:\\\/\\\/www.bmkgenetics.com\\\/es\\\/about\\\/acerca-de-nosotros\\\/\"},{\"@type\":\"ListItem\",\"position\":3,\"name\":\"Bioseguridad\"}]},{\"@type\":\"WebSite\",\"@id\":\"https:\\\/\\\/www.bmkgenetics.com\\\/es\\\/#website\",\"url\":\"https:\\\/\\\/www.bmkgenetics.com\\\/es\\\/\",\"name\":\"Benchmark Genetics\",\"description\":\"Driving sustainability in aquaculture\",\"potentialAction\":[{\"@type\":\"SearchAction\",\"target\":{\"@type\":\"EntryPoint\",\"urlTemplate\":\"https:\\\/\\\/www.bmkgenetics.com\\\/es\\\/?s={search_term_string}\"},\"query-input\":{\"@type\":\"PropertyValueSpecification\",\"valueRequired\":true,\"valueName\":\"search_term_string\"}}],\"inLanguage\":\"es\"}]}<\/script>\n<!-- \/ Yoast SEO plugin. -->","yoast_head_json":{"title":"Bioseguridad - Benchmark Genetics - Cr\u00eda para el futuro","description":"Nuestra aspiraci\u00f3n es liderar la bioseguridad en la industria de mejoramiento acu\u00edcola y servicios gen\u00e9ticos.","robots":{"index":"index","follow":"follow","max-snippet":"max-snippet:-1","max-image-preview":"max-image-preview:large","max-video-preview":"max-video-preview:-1"},"canonical":"https:\/\/www.bmkgenetics.com\/es\/about\/acerca-de-nosotros\/bioseguridad\/","og_locale":"es_ES","og_type":"article","og_title":"Bioseguridad - Benchmark Genetics - Cr\u00eda para el futuro","og_description":"Nuestra aspiraci\u00f3n es liderar la bioseguridad en la industria de mejoramiento acu\u00edcola y servicios gen\u00e9ticos.","og_url":"https:\/\/www.bmkgenetics.com\/es\/about\/acerca-de-nosotros\/bioseguridad\/","og_site_name":"Benchmark Genetics","article_publisher":"https:\/\/www.facebook.com\/benchmarkgenetics\/","article_modified_time":"2025-12-19T13:58:25+00:00","og_image":[{"width":800,"height":600,"url":"https:\/\/www.bmkgenetics.com\/wp-content\/uploads\/2021\/04\/logo-whitebg-528x135-in-800x600-1.png","type":"image\/png"}],"twitter_card":"summary_large_image","twitter_site":"@WeAreBenchmark","twitter_misc":{"Tiempo de lectura":"2 minutos"},"schema":{"@context":"https:\/\/schema.org","@graph":[{"@type":"WebPage","@id":"https:\/\/www.bmkgenetics.com\/es\/about\/acerca-de-nosotros\/bioseguridad\/","url":"https:\/\/www.bmkgenetics.com\/es\/about\/acerca-de-nosotros\/bioseguridad\/","name":"Bioseguridad - Benchmark Genetics - Cr\u00eda para el futuro","isPartOf":{"@id":"https:\/\/www.bmkgenetics.com\/es\/#website"},"datePublished":"2021-03-19T10:19:54+00:00","dateModified":"2025-12-19T13:58:25+00:00","description":"Nuestra aspiraci\u00f3n es liderar la bioseguridad en la industria de mejoramiento acu\u00edcola y servicios gen\u00e9ticos.","breadcrumb":{"@id":"https:\/\/www.bmkgenetics.com\/es\/about\/acerca-de-nosotros\/bioseguridad\/#breadcrumb"},"inLanguage":"es","potentialAction":[{"@type":"ReadAction","target":["https:\/\/www.bmkgenetics.com\/es\/about\/acerca-de-nosotros\/bioseguridad\/"]}]},{"@type":"BreadcrumbList","@id":"https:\/\/www.bmkgenetics.com\/es\/about\/acerca-de-nosotros\/bioseguridad\/#breadcrumb","itemListElement":[{"@type":"ListItem","position":1,"name":"Acerca de","item":"https:\/\/www.bmkgenetics.com\/es\/about\/"},{"@type":"ListItem","position":2,"name":"Acerca de nosotros","item":"https:\/\/www.bmkgenetics.com\/es\/about\/acerca-de-nosotros\/"},{"@type":"ListItem","position":3,"name":"Bioseguridad"}]},{"@type":"WebSite","@id":"https:\/\/www.bmkgenetics.com\/es\/#website","url":"https:\/\/www.bmkgenetics.com\/es\/","name":"Benchmark Genetics","description":"Driving sustainability in aquaculture","potentialAction":[{"@type":"SearchAction","target":{"@type":"EntryPoint","urlTemplate":"https:\/\/www.bmkgenetics.com\/es\/?s={search_term_string}"},"query-input":{"@type":"PropertyValueSpecification","valueRequired":true,"valueName":"search_term_string"}}],"inLanguage":"es"}]}},"_links":{"self":[{"href":"https:\/\/www.bmkgenetics.com\/es\/wp-json\/wp\/v2\/pages\/1916","targetHints":{"allow":["GET"]}}],"collection":[{"href":"https:\/\/www.bmkgenetics.com\/es\/wp-json\/wp\/v2\/pages"}],"about":[{"href":"https:\/\/www.bmkgenetics.com\/es\/wp-json\/wp\/v2\/types\/page"}],"author":[{"embeddable":true,"href":"https:\/\/www.bmkgenetics.com\/es\/wp-json\/wp\/v2\/users\/1"}],"replies":[{"embeddable":true,"href":"https:\/\/www.bmkgenetics.com\/es\/wp-json\/wp\/v2\/comments?post=1916"}],"version-history":[{"count":0,"href":"https:\/\/www.bmkgenetics.com\/es\/wp-json\/wp\/v2\/pages\/1916\/revisions"}],"up":[{"embeddable":true,"href":"https:\/\/www.bmkgenetics.com\/es\/wp-json\/wp\/v2\/pages\/1893"}],"wp:attachment":[{"href":"https:\/\/www.bmkgenetics.com\/es\/wp-json\/wp\/v2\/media?parent=1916"}],"curies":[{"name":"wp","href":"https:\/\/api.w.org\/{rel}","templated":true}]}}