{"id":1910,"date":"2021-03-19T11:19:50","date_gmt":"2021-03-19T10:19:50","guid":{"rendered":"https:\/\/bmkgen.wpengine.com\/acerca-de-nosotros\/innovacion\/criopreservacion\/"},"modified":"2025-12-19T15:35:00","modified_gmt":"2025-12-19T14:35:00","slug":"criopreservacion","status":"publish","type":"page","link":"https:\/\/www.bmkgenetics.com\/es\/about\/acerca-de-nosotros\/innovacion\/criopreservacion\/","title":{"rendered":"Criopreservaci\u00f3n"},"content":{"rendered":"<section class=\"l-section wpb_row leftheading-rightbody height_large\"><div class=\"l-section-h i-cf\"><div class=\"g-cols vc_row via_flex valign_top type_default stacking_default\"><div class=\"vc_col-sm-12 wpb_column vc_column_container\"><div class=\"vc_column-inner\"><div class=\"wpb_wrapper\"><div class=\"g-cols wpb_row via_flex valign_top type_default stacking_default\"><div class=\"vc_col-sm-12 vc_col-md-8 wpb_column vc_column_container\"><div class=\"vc_column-inner\"><div class=\"wpb_wrapper\">[vc_custom_heading text=\u00bb\u00bfQu\u00e9 es la criopreservaci\u00f3n?\u00bb use_theme_fonts=\u00bbyes\u00bb]<\/div><\/div><\/div><div class=\"vc_col-sm-4 vc_hidden-sm vc_hidden-xs wpb_column vc_column_container\"><div class=\"vc_column-inner\"><div class=\"wpb_wrapper\"><\/div><\/div><\/div><\/div><div class=\"g-cols wpb_row via_flex valign_top type_default stacking_default\"><div class=\"vc_col-sm-4 vc_hidden-sm vc_hidden-xs wpb_column vc_column_container\"><div class=\"vc_column-inner\"><div class=\"wpb_wrapper\"><\/div><\/div><\/div><div class=\"vc_col-sm-12 vc_col-md-8 wpb_column vc_column_container\"><div class=\"vc_column-inner\"><div class=\"wpb_wrapper\"><div class=\"wpb_text_column\"><div class=\"wpb_wrapper\"><p data-start=\"520\" data-end=\"986\">La criopreservaci\u00f3n permite almacenar esperma a largo plazo a \u2013196 \u00b0C en nitr\u00f3geno l\u00edquido. Esta tecnolog\u00eda ofrece:<br data-start=\"670\" data-end=\"673\" \/>\u2022 Control total de nuestro material gen\u00e9tico<br data-start=\"717\" data-end=\"720\" \/>\u2022 Reducci\u00f3n de riesgo en caso de brotes de enfermedades<br data-start=\"775\" data-end=\"778\" \/>\u2022 Uso \u00f3ptimo de machos de alto desempe\u00f1o en distintos ciclos productivos<br data-start=\"850\" data-end=\"853\" \/>\u2022 Consistencia y estabilidad gen\u00e9tica en la producci\u00f3n comercial de ovas<br data-start=\"925\" data-end=\"928\" \/>\u2022 Flexibilidad estrat\u00e9gica en el manejo de reproductores<\/p>\n<p data-start=\"988\" data-end=\"1165\">Los Criolabs de Benchmark Genetics se encuentran en Noruega, Islandia y Chile, y forman una parte esencial de nuestra estrategia global de reproducci\u00f3n y calidad del producto.<\/p>\n<\/div><\/div><\/div><\/div><\/div><\/div><div class=\"w-separator size_medium\"><\/div><div class=\"g-cols wpb_row via_flex valign_top type_default stacking_default\"><div class=\"vc_col-sm-12 vc_col-md-8 wpb_column vc_column_container\"><div class=\"vc_column-inner\"><div class=\"wpb_wrapper\">[vc_custom_heading text=\u00bbBeneficios\u00bb use_theme_fonts=\u00bbyes\u00bb]<\/div><\/div><\/div><div class=\"vc_col-sm-4 vc_hidden-sm vc_hidden-xs wpb_column vc_column_container\"><div class=\"vc_column-inner\"><div class=\"wpb_wrapper\"><\/div><\/div><\/div><\/div><div class=\"g-cols wpb_row via_flex valign_top type_default stacking_default\"><div class=\"vc_col-sm-4 vc_hidden-sm vc_hidden-xs wpb_column vc_column_container\"><div class=\"vc_column-inner\"><div class=\"wpb_wrapper\"><\/div><\/div><\/div><div class=\"vc_col-sm-12 vc_col-md-8 wpb_column vc_column_container\"><div class=\"vc_column-inner\"><div class=\"wpb_wrapper\"><div class=\"wpb_text_column\"><div class=\"wpb_wrapper\"><p>A trav\u00e9s de los Criolabs de Benchmark Genetics, la empresa optimiza el uso de los mejores machos de los programas de reproducci\u00f3n, permitiendo utilizar el mismo individuo en distintos momentos del ciclo productivo. Esto otorga flexibilidad y eficiencia operativa, adem\u00e1s de un producto de mayor valor para el cliente.<\/p>\n<\/div><\/div><\/div><\/div><\/div><\/div><div class=\"w-separator size_medium\"><\/div><div class=\"wpb_text_column\"><div class=\"wpb_wrapper\"><h2>Video explicativo de la criopreservaci\u00f3n<\/h2>\n<p>\u00bfQuiere conocer m\u00e1s sobre la tecnolog\u00eda y los beneficios?<br \/>\nV\u00e9alo aqui:<\/p>\n<\/div><\/div><div class=\"w-video align_none ratio_16x9 has_iframe\"><div class=\"w-video-h\"><iframe title=\"Vimeo video player\" src=\"https:\/\/player.vimeo.com\/video\/525458765?autoplay=0&loop=0&autopause=0&color=00adef&portrait=0&byline=1&title=1&controls=1&muted=0\" frameborder=\"0\" allow=\"autoplay; fullscreen\" allowfullscreen loading=\"lazy\"><\/iframe><\/div><\/div><\/div><\/div><\/div><\/div><\/div><\/section><section class=\"l-section wpb_row leftheading-rightbody height_large\"><div class=\"l-section-h i-cf\"><div class=\"g-cols vc_row via_flex valign_top type_default stacking_default\"><div class=\"vc_col-sm-12 wpb_column vc_column_container\"><div class=\"vc_column-inner\"><div class=\"wpb_wrapper\"><\/div><\/div><\/div><\/div><\/div><\/section><section class=\"l-section wpb_row height_large\"><div class=\"l-section-h i-cf\"><div class=\"g-cols vc_row via_flex valign_top type_default stacking_default\"><div class=\"vc_col-sm-12 wpb_column vc_column_container\"><div class=\"vc_column-inner\"><div class=\"wpb_wrapper\"><\/div><\/div><\/div><\/div><\/div><\/section>\n","protected":false},"excerpt":{"rendered":"[vc_custom_heading text=\"\u00bfQu\u00e9 es la criopreservaci\u00f3n?\" use_theme_fonts=\"yes\"]La criopreservaci\u00f3n permite almacenar esperma a largo plazo a \u2013196 \u00b0C en nitr\u00f3geno l\u00edquido. Esta tecnolog\u00eda ofrece:\u2022 Control total de nuestro material gen\u00e9tico\u2022 Reducci\u00f3n de riesgo en caso de brotes de enfermedades\u2022 Uso \u00f3ptimo de machos de alto desempe\u00f1o en distintos ciclos productivos\u2022 Consistencia y estabilidad gen\u00e9tica en la producci\u00f3n...","protected":false},"author":99,"featured_media":0,"parent":1906,"menu_order":0,"comment_status":"closed","ping_status":"closed","template":"","meta":{"_acf_changed":false,"footnotes":""},"class_list":["post-1910","page","type-page","status-publish","hentry"],"acf":[],"yoast_head":"<!-- This site is optimized with the Yoast SEO plugin v27.3 - https:\/\/yoast.com\/product\/yoast-seo-wordpress\/ -->\n<title>Criopreservaci\u00f3n - Benchmark Genetics - Cr\u00eda para el futuro<\/title>\n<meta name=\"description\" content=\"La criopreservaci\u00f3n es una tecnolog\u00eda que permite congelar y almacenar c\u00e9lulas vivas, como espermatozoides y embriones durante un per\u00edodo prolongado\" \/>\n<meta name=\"robots\" content=\"index, follow, max-snippet:-1, max-image-preview:large, max-video-preview:-1\" \/>\n<link rel=\"canonical\" href=\"https:\/\/www.bmkgenetics.com\/es\/about\/acerca-de-nosotros\/innovacion\/criopreservacion\/\" \/>\n<meta property=\"og:locale\" content=\"es_ES\" \/>\n<meta property=\"og:type\" content=\"article\" \/>\n<meta property=\"og:title\" content=\"Criopreservaci\u00f3n - Benchmark Genetics - Cr\u00eda para el futuro\" \/>\n<meta property=\"og:description\" content=\"La criopreservaci\u00f3n es una tecnolog\u00eda que permite congelar y almacenar c\u00e9lulas vivas, como espermatozoides y embriones durante un per\u00edodo prolongado\" \/>\n<meta property=\"og:url\" content=\"https:\/\/www.bmkgenetics.com\/es\/about\/acerca-de-nosotros\/innovacion\/criopreservacion\/\" \/>\n<meta property=\"og:site_name\" content=\"Benchmark Genetics\" \/>\n<meta property=\"article:publisher\" content=\"https:\/\/www.facebook.com\/benchmarkgenetics\/\" \/>\n<meta property=\"article:modified_time\" content=\"2025-12-19T14:35:00+00:00\" \/>\n<meta property=\"og:image\" content=\"https:\/\/www.bmkgenetics.com\/wp-content\/uploads\/2021\/04\/logo-whitebg-528x135-in-800x600-1.png\" \/>\n\t<meta property=\"og:image:width\" content=\"800\" \/>\n\t<meta property=\"og:image:height\" content=\"600\" \/>\n\t<meta property=\"og:image:type\" content=\"image\/png\" \/>\n<meta name=\"twitter:card\" content=\"summary_large_image\" \/>\n<meta name=\"twitter:site\" content=\"@WeAreBenchmark\" \/>\n<meta name=\"twitter:label1\" content=\"Tiempo de lectura\" \/>\n\t<meta name=\"twitter:data1\" content=\"2 minutos\" \/>\n<script type=\"application\/ld+json\" class=\"yoast-schema-graph\">{\"@context\":\"https:\\\/\\\/schema.org\",\"@graph\":[{\"@type\":\"WebPage\",\"@id\":\"https:\\\/\\\/www.bmkgenetics.com\\\/es\\\/about\\\/acerca-de-nosotros\\\/innovacion\\\/criopreservacion\\\/\",\"url\":\"https:\\\/\\\/www.bmkgenetics.com\\\/es\\\/about\\\/acerca-de-nosotros\\\/innovacion\\\/criopreservacion\\\/\",\"name\":\"Criopreservaci\u00f3n - Benchmark Genetics - Cr\u00eda para el futuro\",\"isPartOf\":{\"@id\":\"https:\\\/\\\/www.bmkgenetics.com\\\/es\\\/#website\"},\"datePublished\":\"2021-03-19T10:19:50+00:00\",\"dateModified\":\"2025-12-19T14:35:00+00:00\",\"description\":\"La criopreservaci\u00f3n es una tecnolog\u00eda que permite congelar y almacenar c\u00e9lulas vivas, como espermatozoides y embriones durante un per\u00edodo prolongado\",\"breadcrumb\":{\"@id\":\"https:\\\/\\\/www.bmkgenetics.com\\\/es\\\/about\\\/acerca-de-nosotros\\\/innovacion\\\/criopreservacion\\\/#breadcrumb\"},\"inLanguage\":\"es\",\"potentialAction\":[{\"@type\":\"ReadAction\",\"target\":[\"https:\\\/\\\/www.bmkgenetics.com\\\/es\\\/about\\\/acerca-de-nosotros\\\/innovacion\\\/criopreservacion\\\/\"]}]},{\"@type\":\"BreadcrumbList\",\"@id\":\"https:\\\/\\\/www.bmkgenetics.com\\\/es\\\/about\\\/acerca-de-nosotros\\\/innovacion\\\/criopreservacion\\\/#breadcrumb\",\"itemListElement\":[{\"@type\":\"ListItem\",\"position\":1,\"name\":\"Acerca de\",\"item\":\"https:\\\/\\\/www.bmkgenetics.com\\\/es\\\/about\\\/\"},{\"@type\":\"ListItem\",\"position\":2,\"name\":\"Acerca de nosotros\",\"item\":\"https:\\\/\\\/www.bmkgenetics.com\\\/es\\\/about\\\/acerca-de-nosotros\\\/\"},{\"@type\":\"ListItem\",\"position\":3,\"name\":\"Innovaci\u00f3n\",\"item\":\"https:\\\/\\\/www.bmkgenetics.com\\\/es\\\/about\\\/benchmark-genetics\\\/innovation\\\/\"},{\"@type\":\"ListItem\",\"position\":4,\"name\":\"Criopreservaci\u00f3n\"}]},{\"@type\":\"WebSite\",\"@id\":\"https:\\\/\\\/www.bmkgenetics.com\\\/es\\\/#website\",\"url\":\"https:\\\/\\\/www.bmkgenetics.com\\\/es\\\/\",\"name\":\"Benchmark Genetics\",\"description\":\"Driving sustainability in aquaculture\",\"potentialAction\":[{\"@type\":\"SearchAction\",\"target\":{\"@type\":\"EntryPoint\",\"urlTemplate\":\"https:\\\/\\\/www.bmkgenetics.com\\\/es\\\/?s={search_term_string}\"},\"query-input\":{\"@type\":\"PropertyValueSpecification\",\"valueRequired\":true,\"valueName\":\"search_term_string\"}}],\"inLanguage\":\"es\"}]}<\/script>\n<!-- \/ Yoast SEO plugin. -->","yoast_head_json":{"title":"Criopreservaci\u00f3n - Benchmark Genetics - Cr\u00eda para el futuro","description":"La criopreservaci\u00f3n es una tecnolog\u00eda que permite congelar y almacenar c\u00e9lulas vivas, como espermatozoides y embriones durante un per\u00edodo prolongado","robots":{"index":"index","follow":"follow","max-snippet":"max-snippet:-1","max-image-preview":"max-image-preview:large","max-video-preview":"max-video-preview:-1"},"canonical":"https:\/\/www.bmkgenetics.com\/es\/about\/acerca-de-nosotros\/innovacion\/criopreservacion\/","og_locale":"es_ES","og_type":"article","og_title":"Criopreservaci\u00f3n - Benchmark Genetics - Cr\u00eda para el futuro","og_description":"La criopreservaci\u00f3n es una tecnolog\u00eda que permite congelar y almacenar c\u00e9lulas vivas, como espermatozoides y embriones durante un per\u00edodo prolongado","og_url":"https:\/\/www.bmkgenetics.com\/es\/about\/acerca-de-nosotros\/innovacion\/criopreservacion\/","og_site_name":"Benchmark Genetics","article_publisher":"https:\/\/www.facebook.com\/benchmarkgenetics\/","article_modified_time":"2025-12-19T14:35:00+00:00","og_image":[{"width":800,"height":600,"url":"https:\/\/www.bmkgenetics.com\/wp-content\/uploads\/2021\/04\/logo-whitebg-528x135-in-800x600-1.png","type":"image\/png"}],"twitter_card":"summary_large_image","twitter_site":"@WeAreBenchmark","twitter_misc":{"Tiempo de lectura":"2 minutos"},"schema":{"@context":"https:\/\/schema.org","@graph":[{"@type":"WebPage","@id":"https:\/\/www.bmkgenetics.com\/es\/about\/acerca-de-nosotros\/innovacion\/criopreservacion\/","url":"https:\/\/www.bmkgenetics.com\/es\/about\/acerca-de-nosotros\/innovacion\/criopreservacion\/","name":"Criopreservaci\u00f3n - Benchmark Genetics - Cr\u00eda para el futuro","isPartOf":{"@id":"https:\/\/www.bmkgenetics.com\/es\/#website"},"datePublished":"2021-03-19T10:19:50+00:00","dateModified":"2025-12-19T14:35:00+00:00","description":"La criopreservaci\u00f3n es una tecnolog\u00eda que permite congelar y almacenar c\u00e9lulas vivas, como espermatozoides y embriones durante un per\u00edodo prolongado","breadcrumb":{"@id":"https:\/\/www.bmkgenetics.com\/es\/about\/acerca-de-nosotros\/innovacion\/criopreservacion\/#breadcrumb"},"inLanguage":"es","potentialAction":[{"@type":"ReadAction","target":["https:\/\/www.bmkgenetics.com\/es\/about\/acerca-de-nosotros\/innovacion\/criopreservacion\/"]}]},{"@type":"BreadcrumbList","@id":"https:\/\/www.bmkgenetics.com\/es\/about\/acerca-de-nosotros\/innovacion\/criopreservacion\/#breadcrumb","itemListElement":[{"@type":"ListItem","position":1,"name":"Acerca de","item":"https:\/\/www.bmkgenetics.com\/es\/about\/"},{"@type":"ListItem","position":2,"name":"Acerca de nosotros","item":"https:\/\/www.bmkgenetics.com\/es\/about\/acerca-de-nosotros\/"},{"@type":"ListItem","position":3,"name":"Innovaci\u00f3n","item":"https:\/\/www.bmkgenetics.com\/es\/about\/benchmark-genetics\/innovation\/"},{"@type":"ListItem","position":4,"name":"Criopreservaci\u00f3n"}]},{"@type":"WebSite","@id":"https:\/\/www.bmkgenetics.com\/es\/#website","url":"https:\/\/www.bmkgenetics.com\/es\/","name":"Benchmark Genetics","description":"Driving sustainability in aquaculture","potentialAction":[{"@type":"SearchAction","target":{"@type":"EntryPoint","urlTemplate":"https:\/\/www.bmkgenetics.com\/es\/?s={search_term_string}"},"query-input":{"@type":"PropertyValueSpecification","valueRequired":true,"valueName":"search_term_string"}}],"inLanguage":"es"}]}},"_links":{"self":[{"href":"https:\/\/www.bmkgenetics.com\/es\/wp-json\/wp\/v2\/pages\/1910","targetHints":{"allow":["GET"]}}],"collection":[{"href":"https:\/\/www.bmkgenetics.com\/es\/wp-json\/wp\/v2\/pages"}],"about":[{"href":"https:\/\/www.bmkgenetics.com\/es\/wp-json\/wp\/v2\/types\/page"}],"author":[{"embeddable":true,"href":"https:\/\/www.bmkgenetics.com\/es\/wp-json\/wp\/v2\/users\/99"}],"replies":[{"embeddable":true,"href":"https:\/\/www.bmkgenetics.com\/es\/wp-json\/wp\/v2\/comments?post=1910"}],"version-history":[{"count":0,"href":"https:\/\/www.bmkgenetics.com\/es\/wp-json\/wp\/v2\/pages\/1910\/revisions"}],"up":[{"embeddable":true,"href":"https:\/\/www.bmkgenetics.com\/es\/wp-json\/wp\/v2\/pages\/1906"}],"wp:attachment":[{"href":"https:\/\/www.bmkgenetics.com\/es\/wp-json\/wp\/v2\/media?parent=1910"}],"curies":[{"name":"wp","href":"https:\/\/api.w.org\/{rel}","templated":true}]}}