{"id":1909,"date":"2021-03-19T11:19:50","date_gmt":"2021-03-19T10:19:50","guid":{"rendered":"https:\/\/bmkgen.wpengine.com\/comunidad-benchmark-for-better\/"},"modified":"2021-08-06T15:04:54","modified_gmt":"2021-08-06T13:04:54","slug":"comunidad-benchmark-for-better","status":"publish","type":"page","link":"https:\/\/www.bmkgenetics.com\/es\/about\/acerca-de-nosotros\/sostenibilidad\/comunidad-benchmark-for-better\/","title":{"rendered":"Benchmark por una mejor comunidad"},"content":{"rendered":"<section class=\"l-section wpb_row leftheading-rightbody height_large\"><div class=\"l-section-h i-cf\"><div class=\"g-cols vc_row via_flex valign_top type_default stacking_default\"><div class=\"vc_col-sm-12 wpb_column vc_column_container\"><div class=\"vc_column-inner\"><div class=\"wpb_wrapper\"><div class=\"g-cols wpb_row via_flex valign_top type_default stacking_default\"><div class=\"vc_col-sm-12 vc_col-md-8 wpb_column vc_column_container\"><div class=\"vc_column-inner\"><div class=\"wpb_wrapper\">[vc_custom_heading text=\u00bbEsfuerzos de asistencia contra la Covid-19&#8243; use_theme_fonts=\u00bbyes\u00bb]<\/div><\/div><\/div><div class=\"vc_col-sm-4 vc_hidden-sm vc_hidden-xs wpb_column vc_column_container\"><div class=\"vc_column-inner\"><div class=\"wpb_wrapper\"><\/div><\/div><\/div><\/div><div class=\"g-cols wpb_row via_flex valign_top type_default stacking_default\"><div class=\"vc_col-sm-4 vc_hidden-sm vc_hidden-xs wpb_column vc_column_container\"><div class=\"vc_column-inner\"><div class=\"wpb_wrapper\"><\/div><\/div><\/div><div class=\"vc_col-sm-12 vc_col-md-8 wpb_column vc_column_container\"><div class=\"vc_column-inner\"><div class=\"wpb_wrapper\"><div class=\"wpb_text_column\"><div class=\"wpb_wrapper\"><p>Adem\u00e1s de trabajar arduamente para mantener a nuestra gente segura y hacer que las operaciones contin\u00faen desarroll\u00e1ndose durante este dif\u00edcil momento, nuestros equipos de todo el mundo tambi\u00e9n han estado apoyando a las comunidades locales necesitadas a trav\u00e9s de nuestra iniciativa B4B. Durante ese per\u00edodo, nuestros equipos han distribuido m\u00e1s de 500 paquetes de alimentos y productos de desinfecci\u00f3n para ayudar a las personas que trabajan en la cadena de suministro y en las comunidades locales en Brasil y Ecuador. Nuestro equipo entreg\u00f3 alimentos, suministros de limpieza y materiales para la educaci\u00f3n en el hogar para apoyar la aldea local cerca de nuestro centro de Gen\u00e9tica en Punta Canoa, e hicimos donaciones al banco de alimentos local en el distrito de Wachirabarami en Tailandia.<\/p>\n<\/div><\/div><div class=\"w-image align_none meta_simple\"><div class=\"w-image-h\"><img decoding=\"async\" width=\"225\" height=\"300\" src=\"https:\/\/www.bmkgenetics.com\/wp-content\/uploads\/2021\/02\/Green-Kayak-trash-collecting-225x300.jpg\" class=\"attachment-medium size-medium\" alt=\"\" loading=\"lazy\" srcset=\"https:\/\/www.bmkgenetics.com\/wp-content\/uploads\/2021\/02\/Green-Kayak-trash-collecting-225x300.jpg 225w, https:\/\/www.bmkgenetics.com\/wp-content\/uploads\/2021\/02\/Green-Kayak-trash-collecting-768x1024.jpg 768w, https:\/\/www.bmkgenetics.com\/wp-content\/uploads\/2021\/02\/Green-Kayak-trash-collecting.jpg 1536w\" sizes=\"auto, (max-width: 225px) 100vw, 225px\" \/><\/div><div class=\"w-image-meta\"><div class=\"w-image-title\">Green-Kayak-trash-collecting<\/div><div class=\"w-image-description\">Benchmark also encourages local employee initiatives such as cleaning of the beaches and Plogging.<\/div><\/div><\/div><\/div><\/div><\/div><\/div><\/div><\/div><\/div><\/div><\/div><\/section>\n","protected":false},"excerpt":{"rendered":"[vc_custom_heading text=\"Esfuerzos de asistencia contra la Covid-19\" use_theme_fonts=\"yes\"]Adem\u00e1s de trabajar arduamente para mantener a nuestra gente segura y hacer que las operaciones contin\u00faen desarroll\u00e1ndose durante este dif\u00edcil momento, nuestros equipos de todo el mundo tambi\u00e9n han estado apoyando a las comunidades locales necesitadas a trav\u00e9s de nuestra iniciativa B4B. Durante ese per\u00edodo, nuestros equipos han...","protected":false},"author":99,"featured_media":0,"parent":1920,"menu_order":0,"comment_status":"closed","ping_status":"closed","template":"","meta":{"_acf_changed":false,"footnotes":""},"class_list":["post-1909","page","type-page","status-publish","hentry"],"acf":[],"yoast_head":"<!-- This site is optimized with the Yoast SEO plugin v27.5 - https:\/\/yoast.com\/product\/yoast-seo-wordpress\/ -->\n<title>Esfuerzos de asistencia contra la Covid-19 B4B - Benchmark Genetics Cr\u00eda para el futuro<\/title>\n<meta name=\"description\" content=\"Benchmark for Better (B4B) es la nueva comunidad de la compa\u00f1\u00eda, junto con las iniciativas de caridad puestas en marcha en 2020. Obtenga m\u00e1s informaci\u00f3n sobre los esfuerzos de asistencia contra la Covid-19\" \/>\n<meta name=\"robots\" content=\"index, follow, max-snippet:-1, max-image-preview:large, max-video-preview:-1\" \/>\n<link rel=\"canonical\" href=\"https:\/\/www.bmkgenetics.com\/es\/about\/acerca-de-nosotros\/sostenibilidad\/comunidad-benchmark-for-better\/\" \/>\n<meta property=\"og:locale\" content=\"es_ES\" \/>\n<meta property=\"og:type\" content=\"article\" \/>\n<meta property=\"og:title\" content=\"Esfuerzos de asistencia contra la Covid-19 B4B - Benchmark Genetics Cr\u00eda para el futuro\" \/>\n<meta property=\"og:description\" content=\"Benchmark for Better (B4B) es la nueva comunidad de la compa\u00f1\u00eda, junto con las iniciativas de caridad puestas en marcha en 2020. Obtenga m\u00e1s informaci\u00f3n sobre los esfuerzos de asistencia contra la Covid-19\" \/>\n<meta property=\"og:url\" content=\"https:\/\/www.bmkgenetics.com\/es\/about\/acerca-de-nosotros\/sostenibilidad\/comunidad-benchmark-for-better\/\" \/>\n<meta property=\"og:site_name\" content=\"Benchmark Genetics\" \/>\n<meta property=\"article:publisher\" content=\"https:\/\/www.facebook.com\/benchmarkgenetics\/\" \/>\n<meta property=\"article:modified_time\" content=\"2021-08-06T13:04:54+00:00\" \/>\n<meta property=\"og:image\" content=\"https:\/\/www.bmkgenetics.com\/wp-content\/uploads\/2021\/04\/logo-whitebg-528x135-in-800x600-1.png\" \/>\n\t<meta property=\"og:image:width\" content=\"800\" \/>\n\t<meta property=\"og:image:height\" content=\"600\" \/>\n\t<meta property=\"og:image:type\" content=\"image\/png\" \/>\n<meta name=\"twitter:card\" content=\"summary_large_image\" \/>\n<meta name=\"twitter:site\" content=\"@WeAreBenchmark\" \/>\n<meta name=\"twitter:label1\" content=\"Tiempo de lectura\" \/>\n\t<meta name=\"twitter:data1\" content=\"1 minuto\" \/>\n<script type=\"application\/ld+json\" class=\"yoast-schema-graph\">{\"@context\":\"https:\\\/\\\/schema.org\",\"@graph\":[{\"@type\":\"WebPage\",\"@id\":\"https:\\\/\\\/www.bmkgenetics.com\\\/es\\\/about\\\/acerca-de-nosotros\\\/sostenibilidad\\\/comunidad-benchmark-for-better\\\/\",\"url\":\"https:\\\/\\\/www.bmkgenetics.com\\\/es\\\/about\\\/acerca-de-nosotros\\\/sostenibilidad\\\/comunidad-benchmark-for-better\\\/\",\"name\":\"Esfuerzos de asistencia contra la Covid-19 B4B - Benchmark Genetics Cr\u00eda para el futuro\",\"isPartOf\":{\"@id\":\"https:\\\/\\\/www.bmkgenetics.com\\\/es\\\/#website\"},\"datePublished\":\"2021-03-19T10:19:50+00:00\",\"dateModified\":\"2021-08-06T13:04:54+00:00\",\"description\":\"Benchmark for Better (B4B) es la nueva comunidad de la compa\u00f1\u00eda, junto con las iniciativas de caridad puestas en marcha en 2020. Obtenga m\u00e1s informaci\u00f3n sobre los esfuerzos de asistencia contra la Covid-19\",\"breadcrumb\":{\"@id\":\"https:\\\/\\\/www.bmkgenetics.com\\\/es\\\/about\\\/acerca-de-nosotros\\\/sostenibilidad\\\/comunidad-benchmark-for-better\\\/#breadcrumb\"},\"inLanguage\":\"es\",\"potentialAction\":[{\"@type\":\"ReadAction\",\"target\":[\"https:\\\/\\\/www.bmkgenetics.com\\\/es\\\/about\\\/acerca-de-nosotros\\\/sostenibilidad\\\/comunidad-benchmark-for-better\\\/\"]}]},{\"@type\":\"BreadcrumbList\",\"@id\":\"https:\\\/\\\/www.bmkgenetics.com\\\/es\\\/about\\\/acerca-de-nosotros\\\/sostenibilidad\\\/comunidad-benchmark-for-better\\\/#breadcrumb\",\"itemListElement\":[{\"@type\":\"ListItem\",\"position\":1,\"name\":\"Acerca de\",\"item\":\"https:\\\/\\\/www.bmkgenetics.com\\\/es\\\/about\\\/\"},{\"@type\":\"ListItem\",\"position\":2,\"name\":\"Acerca de nosotros\",\"item\":\"https:\\\/\\\/www.bmkgenetics.com\\\/es\\\/about\\\/acerca-de-nosotros\\\/\"},{\"@type\":\"ListItem\",\"position\":3,\"name\":\"Sostenibilidad\",\"item\":\"https:\\\/\\\/www.bmkgenetics.com\\\/es\\\/about\\\/acerca-de-nosotros\\\/sostenibilidad\\\/\"},{\"@type\":\"ListItem\",\"position\":4,\"name\":\"Benchmark por una mejor comunidad\"}]},{\"@type\":\"WebSite\",\"@id\":\"https:\\\/\\\/www.bmkgenetics.com\\\/es\\\/#website\",\"url\":\"https:\\\/\\\/www.bmkgenetics.com\\\/es\\\/\",\"name\":\"Benchmark Genetics\",\"description\":\"Driving sustainability in aquaculture\",\"potentialAction\":[{\"@type\":\"SearchAction\",\"target\":{\"@type\":\"EntryPoint\",\"urlTemplate\":\"https:\\\/\\\/www.bmkgenetics.com\\\/es\\\/?s={search_term_string}\"},\"query-input\":{\"@type\":\"PropertyValueSpecification\",\"valueRequired\":true,\"valueName\":\"search_term_string\"}}],\"inLanguage\":\"es\"}]}<\/script>\n<!-- \/ Yoast SEO plugin. -->","yoast_head_json":{"title":"Esfuerzos de asistencia contra la Covid-19 B4B - Benchmark Genetics Cr\u00eda para el futuro","description":"Benchmark for Better (B4B) es la nueva comunidad de la compa\u00f1\u00eda, junto con las iniciativas de caridad puestas en marcha en 2020. Obtenga m\u00e1s informaci\u00f3n sobre los esfuerzos de asistencia contra la Covid-19","robots":{"index":"index","follow":"follow","max-snippet":"max-snippet:-1","max-image-preview":"max-image-preview:large","max-video-preview":"max-video-preview:-1"},"canonical":"https:\/\/www.bmkgenetics.com\/es\/about\/acerca-de-nosotros\/sostenibilidad\/comunidad-benchmark-for-better\/","og_locale":"es_ES","og_type":"article","og_title":"Esfuerzos de asistencia contra la Covid-19 B4B - Benchmark Genetics Cr\u00eda para el futuro","og_description":"Benchmark for Better (B4B) es la nueva comunidad de la compa\u00f1\u00eda, junto con las iniciativas de caridad puestas en marcha en 2020. Obtenga m\u00e1s informaci\u00f3n sobre los esfuerzos de asistencia contra la Covid-19","og_url":"https:\/\/www.bmkgenetics.com\/es\/about\/acerca-de-nosotros\/sostenibilidad\/comunidad-benchmark-for-better\/","og_site_name":"Benchmark Genetics","article_publisher":"https:\/\/www.facebook.com\/benchmarkgenetics\/","article_modified_time":"2021-08-06T13:04:54+00:00","og_image":[{"width":800,"height":600,"url":"https:\/\/www.bmkgenetics.com\/wp-content\/uploads\/2021\/04\/logo-whitebg-528x135-in-800x600-1.png","type":"image\/png"}],"twitter_card":"summary_large_image","twitter_site":"@WeAreBenchmark","twitter_misc":{"Tiempo de lectura":"1 minuto"},"schema":{"@context":"https:\/\/schema.org","@graph":[{"@type":"WebPage","@id":"https:\/\/www.bmkgenetics.com\/es\/about\/acerca-de-nosotros\/sostenibilidad\/comunidad-benchmark-for-better\/","url":"https:\/\/www.bmkgenetics.com\/es\/about\/acerca-de-nosotros\/sostenibilidad\/comunidad-benchmark-for-better\/","name":"Esfuerzos de asistencia contra la Covid-19 B4B - Benchmark Genetics Cr\u00eda para el futuro","isPartOf":{"@id":"https:\/\/www.bmkgenetics.com\/es\/#website"},"datePublished":"2021-03-19T10:19:50+00:00","dateModified":"2021-08-06T13:04:54+00:00","description":"Benchmark for Better (B4B) es la nueva comunidad de la compa\u00f1\u00eda, junto con las iniciativas de caridad puestas en marcha en 2020. Obtenga m\u00e1s informaci\u00f3n sobre los esfuerzos de asistencia contra la Covid-19","breadcrumb":{"@id":"https:\/\/www.bmkgenetics.com\/es\/about\/acerca-de-nosotros\/sostenibilidad\/comunidad-benchmark-for-better\/#breadcrumb"},"inLanguage":"es","potentialAction":[{"@type":"ReadAction","target":["https:\/\/www.bmkgenetics.com\/es\/about\/acerca-de-nosotros\/sostenibilidad\/comunidad-benchmark-for-better\/"]}]},{"@type":"BreadcrumbList","@id":"https:\/\/www.bmkgenetics.com\/es\/about\/acerca-de-nosotros\/sostenibilidad\/comunidad-benchmark-for-better\/#breadcrumb","itemListElement":[{"@type":"ListItem","position":1,"name":"Acerca de","item":"https:\/\/www.bmkgenetics.com\/es\/about\/"},{"@type":"ListItem","position":2,"name":"Acerca de nosotros","item":"https:\/\/www.bmkgenetics.com\/es\/about\/acerca-de-nosotros\/"},{"@type":"ListItem","position":3,"name":"Sostenibilidad","item":"https:\/\/www.bmkgenetics.com\/es\/about\/acerca-de-nosotros\/sostenibilidad\/"},{"@type":"ListItem","position":4,"name":"Benchmark por una mejor comunidad"}]},{"@type":"WebSite","@id":"https:\/\/www.bmkgenetics.com\/es\/#website","url":"https:\/\/www.bmkgenetics.com\/es\/","name":"Benchmark Genetics","description":"Driving sustainability in aquaculture","potentialAction":[{"@type":"SearchAction","target":{"@type":"EntryPoint","urlTemplate":"https:\/\/www.bmkgenetics.com\/es\/?s={search_term_string}"},"query-input":{"@type":"PropertyValueSpecification","valueRequired":true,"valueName":"search_term_string"}}],"inLanguage":"es"}]}},"_links":{"self":[{"href":"https:\/\/www.bmkgenetics.com\/es\/wp-json\/wp\/v2\/pages\/1909","targetHints":{"allow":["GET"]}}],"collection":[{"href":"https:\/\/www.bmkgenetics.com\/es\/wp-json\/wp\/v2\/pages"}],"about":[{"href":"https:\/\/www.bmkgenetics.com\/es\/wp-json\/wp\/v2\/types\/page"}],"author":[{"embeddable":true,"href":"https:\/\/www.bmkgenetics.com\/es\/wp-json\/wp\/v2\/users\/99"}],"replies":[{"embeddable":true,"href":"https:\/\/www.bmkgenetics.com\/es\/wp-json\/wp\/v2\/comments?post=1909"}],"version-history":[{"count":0,"href":"https:\/\/www.bmkgenetics.com\/es\/wp-json\/wp\/v2\/pages\/1909\/revisions"}],"up":[{"embeddable":true,"href":"https:\/\/www.bmkgenetics.com\/es\/wp-json\/wp\/v2\/pages\/1920"}],"wp:attachment":[{"href":"https:\/\/www.bmkgenetics.com\/es\/wp-json\/wp\/v2\/media?parent=1909"}],"curies":[{"name":"wp","href":"https:\/\/api.w.org\/{rel}","templated":true}]}}