{"id":19053,"date":"2025-12-19T15:56:32","date_gmt":"2025-12-19T14:56:32","guid":{"rendered":"https:\/\/www.bmkgenetics.com\/about\/acerca-de-nosotros\/innovacion\/licencias-de-id\/"},"modified":"2025-12-19T15:56:35","modified_gmt":"2025-12-19T14:56:35","slug":"licencias-de-id","status":"publish","type":"page","link":"https:\/\/www.bmkgenetics.com\/es\/about\/acerca-de-nosotros\/innovacion\/licencias-de-id\/","title":{"rendered":"Licencias de I+D"},"content":{"rendered":"<section class=\"l-section wpb_row height_large\"><div class=\"l-section-h i-cf\"><div class=\"g-cols vc_row via_flex valign_top type_default stacking_default\"><div class=\"vc_col-sm-12 wpb_column vc_column_container\"><div class=\"vc_column-inner\"><div class=\"wpb_wrapper\"><div class=\"w-separator size_small\"><\/div><\/div><\/div><\/div><\/div><\/div><\/section><section class=\"l-section wpb_row split-row height_auto color_alternate with_img parallax_ver\"><div class=\"l-section-img\" role=\"img\" aria-label=\"Imagen\" data-img-width=\"1\" data-img-height=\"1\" style=\"background-image: url(https:\/\/www.bmkgenetics.com\/wp-content\/uploads\/2021\/02\/transparent-pixel.png);\"><\/div><div class=\"l-section-h i-cf\"><div class=\"g-cols vc_row via_flex valign_bottom type_boxes stacking_default\"><div class=\"vc_col-sm-6 vc_hidden-xs wpb_column vc_column_container\"><div class=\"vc_column-inner\"><div class=\"wpb_wrapper\"><div class=\"wpb_text_column\"><div class=\"wpb_wrapper\"><p style=\"text-align: right;\"><a class=\"imgpopuplink\" ref=\"magnificPopup\" href=\"\/wp-content\/uploads\/2021\/02\/transparent-pixel.png\"><i class=\"material-icons\">fullscreen<\/i>View image<\/a><\/p>\n<p>\n<\/div><\/div><\/div><\/div><\/div><div class=\"vc_col-sm-6 wpb_column vc_column_container blur stretched\"><div class=\"vc_column-inner\"><div class=\"vc_column-overlay\" style=\"background:rgba(21,47,78,0.70)\"><\/div><div class=\"wpb_wrapper\"><div class=\"w-image align_none\"><div class=\"w-image-h\"><img decoding=\"async\" width=\"1680\" height=\"1260\" src=\"https:\/\/www.bmkgenetics.com\/wp-content\/uploads\/2022\/10\/SalmoBreed_Lonningdal_0021_2_WebJPEG-1-scaled.jpg\" class=\"attachment-full size-full\" alt=\"\" loading=\"lazy\" srcset=\"https:\/\/www.bmkgenetics.com\/wp-content\/uploads\/2022\/10\/SalmoBreed_Lonningdal_0021_2_WebJPEG-1-scaled.jpg 1680w, https:\/\/www.bmkgenetics.com\/wp-content\/uploads\/2022\/10\/SalmoBreed_Lonningdal_0021_2_WebJPEG-1-300x225.jpg 300w, https:\/\/www.bmkgenetics.com\/wp-content\/uploads\/2022\/10\/SalmoBreed_Lonningdal_0021_2_WebJPEG-1-1024x768.jpg 1024w\" sizes=\"auto, (max-width: 1680px) 100vw, 1680px\" \/><\/div><\/div><div class=\"w-separator size_small\"><\/div><div class=\"g-cols wpb_row via_flex valign_top type_default stacking_default\"><div class=\"vc_col-sm-12 wpb_column vc_column_container\"><div class=\"vc_column-inner\"><div class=\"wpb_wrapper\"><div class=\"wpb_text_column\"><div class=\"wpb_wrapper\"><h3 data-start=\"117\" data-end=\"148\"><strong data-start=\"121\" data-end=\"146\">Sobre nuestro trabajo<\/strong><\/h3>\n<\/p>\n<p data-start=\"150\" data-end=\"397\">Benchmark Genetics Norway (anteriormente Akvaforsk Genetics Center AS) recibi\u00f3 dos permisos de investigaci\u00f3n (MSV20 y NTNR62) en 2015, vigentes hasta la primavera de 2025. Estos permisos fueron recientemente renovados por cinco a\u00f1os adicionales.<\/p>\n<\/p>\n<p data-start=\"399\" data-end=\"620\">Los permisos de investigaci\u00f3n, junto con la producci\u00f3n de grupos experimentales, se gestionan en colaboraci\u00f3n con SalMar y Sinkaberg, quienes aportan una amplia experiencia en operaciones de investigaci\u00f3n a gran escala.<\/p>\n<\/p>\n<p data-start=\"622\" data-end=\"869\" data-is-last-node=\"\" data-is-only-node=\"\">Nuestros permisos de investigaci\u00f3n, combinados con una s\u00f3lida posici\u00f3n colaborativa, nos brindan una oportunidad \u00fanica para dise\u00f1ar y ejecutar ensayos a gran escala que fortalecen nuestra comprensi\u00f3n de la gen\u00e9tica y de la reproducci\u00f3n del salm\u00f3n.<\/p>\n<\/div><\/div><\/div><\/div><\/div><\/div><div class=\"w-separator size_small\"><\/div><\/div><\/div><\/div><\/div><\/div><\/section><section class=\"l-section wpb_row split-row height_auto color_alternate with_img\"><div class=\"l-section-img\" role=\"img\" aria-label=\"Imagen\" data-img-width=\"1\" data-img-height=\"1\" style=\"background-image: url(https:\/\/www.bmkgenetics.com\/wp-content\/uploads\/2021\/02\/transparent-pixel.png);background-position: top right;background-repeat: no-repeat;background-size: contain;\"><\/div><div class=\"l-section-h i-cf\"><div class=\"g-cols vc_row via_flex valign_bottom type_boxes stacking_default\"><div class=\"vc_col-sm-6 wpb_column vc_column_container blur clearfix stretched\"><div class=\"vc_column-inner\"><div class=\"vc_column-overlay\" style=\"background:rgba(21,47,78,0.70)\"><\/div><div class=\"wpb_wrapper\"><div class=\"w-image align_none\"><div class=\"w-image-h\"><img decoding=\"async\" width=\"1024\" height=\"363\" src=\"https:\/\/www.bmkgenetics.com\/wp-content\/uploads\/2023\/02\/FOU-map-1024x363.png\" class=\"attachment-large size-large\" alt=\"\" loading=\"lazy\" srcset=\"https:\/\/www.bmkgenetics.com\/wp-content\/uploads\/2023\/02\/FOU-map-1024x363.png 1024w, https:\/\/www.bmkgenetics.com\/wp-content\/uploads\/2023\/02\/FOU-map-300x106.png 300w, https:\/\/www.bmkgenetics.com\/wp-content\/uploads\/2023\/02\/FOU-map.png 1813w\" sizes=\"auto, (max-width: 1024px) 100vw, 1024px\" \/><\/div><\/div><div class=\"w-separator size_small\"><\/div><div class=\"g-cols wpb_row floatright-notmobile via_flex valign_top type_default stacking_default\"><div class=\"vc_col-sm-12 wpb_column vc_column_container\"><div class=\"vc_column-inner\"><div class=\"wpb_wrapper\"><div class=\"wpb_text_column\"><div class=\"wpb_wrapper\"><h2 data-start=\"96\" data-end=\"122\"><strong data-start=\"100\" data-end=\"120\">Sitios de prueba<\/strong><\/h2>\n<\/p>\n<p data-start=\"124\" data-end=\"464\" data-is-last-node=\"\" data-is-only-node=\"\">Colaboramos con productores comerciales e instituciones de investigaci\u00f3n para generar resultados comercialmente representativos y de la m\u00e1s alta calidad. Nuestros ensayos se realizan en ubicaciones a lo largo de toda la costa, lo que asegura que nuestros hallazgos sean representativos para la mayor\u00eda de las regiones de engorda en Noruega.<\/p>\n<\/div><\/div><\/div><\/div><\/div><\/div><div class=\"w-separator size_small\"><\/div><\/div><\/div><\/div><div class=\"vc_col-sm-6 vc_hidden-xs wpb_column vc_column_container\"><div class=\"vc_column-inner\"><div class=\"wpb_wrapper\"><div class=\"wpb_text_column\"><div class=\"wpb_wrapper\"><p><a class=\"imgpopuplink\" ref=\"magnificPopup\" href=\"\/wp-content\/uploads\/2021\/02\/transparent-pixel.png\"><i class=\"material-icons\">fullscreen<\/i>View image<\/a><\/p>\n<\/div><\/div><\/div><\/div><\/div><\/div><\/div><\/section><section class=\"l-section wpb_row us_custom_7347f637 height_auto\"><div class=\"l-section-h i-cf\"><div class=\"g-cols vc_row via_flex valign_top type_default stacking_default\"><div class=\"vc_col-sm-12 wpb_column vc_column_container\"><div class=\"vc_column-inner\"><div class=\"wpb_wrapper\"><div class=\"w-separator size_large\"><\/div>[vc_custom_heading text=\u00bbNuestros socios de investigaci\u00f3n\u00bb font_container=\u00bbtag:h2|text_align:center\u00bb use_theme_fonts=\u00bbyes\u00bb css=\u00bb%7B%22default%22%3A%7B%22margin-bottom%22%3A%22-15%22%7D%7D\u00bb]<\/div><\/div><\/div><\/div><\/div><\/section><section class=\"l-section wpb_row height_large\"><div class=\"l-section-h i-cf\"><div class=\"g-cols vc_row via_flex valign_top type_default stacking_default\"><div class=\"vc_col-sm-4 wpb_column vc_column_container\"><div class=\"vc_column-inner\"><div class=\"wpb_wrapper\"><div class=\"w-flipbox animation_cardflip direction_n\"><div class=\"w-flipbox-h easing_ease\" style=\"transition-duration:0.5s;\"><div class=\"w-flipbox-hh\"><div class=\"w-flipbox-front us_custom_00ed6bd8\" style=\"background-image:url(https:\/\/www.bmkgenetics.com\/wp-content\/uploads\/2023\/02\/salmar-opengraph.jpg);\"><div class=\"w-flipbox-front-h\"><\/div><\/div><div class=\"w-flipbox-back us_custom_00ed6bd8\" style=\"display:none;background:#a1acb8;\"><div class=\"w-flipbox-back-h\"><h4 class=\"w-flipbox-back-title\">SalMar<\/h4><div class=\"w-flipbox-back-desc\"><p>SalMar es uno de los mayores y m\u00e1s eficientes productores de salm\u00f3n del mundo. Sus operaciones acu\u00edcolas se extienden a lo largo de la costa noruega, desde M\u00f8re og Romsdal en el sur hasta Troms og Finnmark en el norte.<\/p>\n<\/div><a class=\"w-btn us-btn-style_1\" title=\"Salmar.no\" target=\"_blank\" href=\"https:\/\/www.salmar.no\/\"><span class=\"w-btn-label\">Salmar<\/span><\/a><\/div><\/div><\/div><\/div><\/div><\/div><\/div><\/div><div class=\"vc_col-sm-4 wpb_column vc_column_container\"><div class=\"vc_column-inner\"><div class=\"wpb_wrapper\"><div class=\"w-flipbox animation_cardflip direction_n\"><div class=\"w-flipbox-h easing_ease\" style=\"transition-duration:0.5s;\"><div class=\"w-flipbox-hh\"><div class=\"w-flipbox-front us_custom_00ed6bd8\" style=\"background-image:url(https:\/\/www.bmkgenetics.com\/wp-content\/uploads\/2025\/11\/Sinkaberg_logo.png);\"><div class=\"w-flipbox-front-h\"><\/div><\/div><div class=\"w-flipbox-back us_custom_00ed6bd8\" style=\"display:none;background:#a1acb8;\"><div class=\"w-flipbox-back-h\"><h4 class=\"w-flipbox-back-title\">Sinkaberg<\/h4><div class=\"w-flipbox-back-desc\"><p>Sinkaberg es una empresa de productos del mar completamente integrada, con instalaciones a lo largo de la costa de Tr\u00f8ndelag y Helgeland, y con producci\u00f3n de smolts ubicada en Bindal y N\u00e6r\u00f8ysund. Su sede central, junto con las instalaciones de sacrificio y procesamiento, se encuentran en Mar\u00f8ya, estrat\u00e9gicamente ubicada frente a R\u00f8rvik.<\/p>\n<\/div><a class=\"w-btn us-btn-style_1\" target=\"_blank\" rel=\"nofollow\" title=\"Sinkaberg.no\" href=\"https:\/\/sinkabeg.no\/\"><span class=\"w-btn-label\">Sinkaberg<\/span><\/a><\/div><\/div><\/div><\/div><\/div><\/div><\/div><\/div><div class=\"vc_col-sm-4 wpb_column vc_column_container\"><div class=\"vc_column-inner\"><div class=\"wpb_wrapper\"><div class=\"w-flipbox animation_cardflip direction_n\"><div class=\"w-flipbox-h easing_ease\" style=\"transition-duration:0.5s;\"><div class=\"w-flipbox-hh\"><div class=\"w-flipbox-front us_custom_00ed6bd8\" style=\"background-image:url(https:\/\/www.bmkgenetics.com\/wp-content\/uploads\/2023\/02\/logo-val-fou-1.png);\"><div class=\"w-flipbox-front-h\"><\/div><\/div><div class=\"w-flipbox-back us_custom_00ed6bd8\" style=\"display:none;background:#a1acb8;\"><div class=\"w-flipbox-back-h\"><h4 class=\"w-flipbox-back-title\">Val FOU<\/h4><div class=\"w-flipbox-back-desc\"><p>Val FoU realiza trabajos de investigaci\u00f3n y desarrollo con base en el municipio de N\u00e6r\u00f8ysund, en Ytre Namdalen. Sus principales \u00e1reas de enfoque incluyen gesti\u00f3n de proyectos, desarrollo en \u00e1mbitos biol\u00f3gicos y tecnol\u00f3gicos, y educaci\u00f3n relacionada con las industrias de acuicultura y agricultura.<\/p>\n<\/div><a class=\"w-btn us-btn-style_1\" title=\"ValFOU.no\" target=\"_blank\" href=\"https:\/\/valskoler.no\/val-fou\/\"><span class=\"w-btn-label\">Val FOU<\/span><\/a><\/div><\/div><\/div><\/div><\/div><\/div><\/div><\/div><\/div><\/div><\/section><section class=\"l-section wpb_row height_large\"><div class=\"l-section-h i-cf\"><div class=\"g-cols vc_row via_flex valign_top type_default stacking_default\"><div class=\"vc_col-sm-12 wpb_column vc_column_container\"><div class=\"vc_column-inner\"><div class=\"wpb_wrapper\"><div class=\"w-separator size_large\"><\/div>[vc_custom_heading text=\u00bbRes\u00famenes de ensayos previos de I+D\u00bb font_container=\u00bbtag:h2|text_align:center\u00bb use_theme_fonts=\u00bbyes\u00bb css=\u00bb%7B%22default%22%3A%7B%22margin-bottom%22%3A%22-15%22%7D%7D\u00bb]<\/div><\/div><\/div><\/div><\/div><\/section><section class=\"l-section wpb_row height_large\"><div class=\"l-section-h i-cf\"><div class=\"g-cols vc_row via_flex valign_top type_default stacking_default\"><div class=\"vc_col-sm-4 wpb_column vc_column_container\"><div class=\"vc_column-inner\"><div class=\"wpb_wrapper\"><div class=\"w-ibanner animation_hebe ratio_2x3 easing_ease\"><a target=\"_blank\" rel=\"nofollow\" href=\"https:\/\/www.bmkgenetics.com\/wp-content\/uploads\/2023\/12\/RD-Trial-abstract-GxE-V-33045-2017.pdf\" aria-label=\"Ensayo de I+D: Interacciones genotipo-ambiente\"><\/a><div class=\"w-ibanner-h\"><div class=\"w-ibanner-image\" style=\"background-image: url(https:\/\/www.bmkgenetics.com\/wp-content\/uploads\/2023\/12\/RD-Trial-abstract-GxE-V-33045-2017-724x1024.png)\"><\/div><div class=\"w-ibanner-content\"><div class=\"w-ibanner-content-h\"><h2 class=\"w-ibanner-title\">Ensayo de I+D: Interacciones genotipo-ambiente<\/h2><div class=\"w-ibanner-desc\"><\/div><\/div><\/div><\/div><\/div><div class=\"w-separator size_small\"><\/div><div class=\"w-ibanner animation_hebe ratio_2x3 easing_ease\"><a target=\"_blank\" rel=\"nofollow\" href=\"https:\/\/www.bmkgenetics.com\/wp-content\/uploads\/2023\/12\/RD-Trial-abstract-PD-tolerance-V-36945-2019.pdf\" aria-label=\"Ensayo de I+D: Resistencia a PD\"><\/a><div class=\"w-ibanner-h\"><div class=\"w-ibanner-image\" style=\"background-image: url(https:\/\/www.bmkgenetics.com\/wp-content\/uploads\/2023\/12\/RD-Trial-abstract-PD-tolerance-V-36945-2019-724x1024.png)\"><\/div><div class=\"w-ibanner-content\"><div class=\"w-ibanner-content-h\"><h2 class=\"w-ibanner-title\">Ensayo de I+D: Resistencia a PD<\/h2><div class=\"w-ibanner-desc\"><\/div><\/div><\/div><\/div><\/div><\/div><\/div><\/div><div class=\"vc_col-sm-4 wpb_column vc_column_container\"><div class=\"vc_column-inner\"><div class=\"wpb_wrapper\"><div class=\"w-ibanner animation_hebe ratio_2x3 easing_ease\"><a target=\"_blank\" rel=\"nofollow\" href=\"https:\/\/www.bmkgenetics.com\/wp-content\/uploads\/2023\/12\/RD-Trial-abstract-Informant-field-trial-V-3387-2018.pdf\" aria-label=\"Ensayo de I+D: Pruebas del informante en terreno\"><\/a><div class=\"w-ibanner-h\"><div class=\"w-ibanner-image\" style=\"background-image: url(https:\/\/www.bmkgenetics.com\/wp-content\/uploads\/2023\/12\/RD-Trial-abstract-Informant-field-trial-V-3387-2018-724x1024.png)\"><\/div><div class=\"w-ibanner-content\"><div class=\"w-ibanner-content-h\"><h2 class=\"w-ibanner-title\">Ensayo de I+D: Pruebas del informante en terreno<\/h2><div class=\"w-ibanner-desc\"><\/div><\/div><\/div><\/div><\/div><div class=\"w-separator size_small\"><\/div><div class=\"w-ibanner animation_hebe ratio_2x3 easing_ease\"><a target=\"_blank\" rel=\"nofollow\" href=\"https:\/\/www.bmkgenetics.com\/wp-content\/uploads\/2023\/12\/RD-Trial-abstract-IPN-QTL-V-4033-2020.pdf\" aria-label=\"Ensayo de I+D: IPN-QTL, 2020\"><\/a><div class=\"w-ibanner-h\"><div class=\"w-ibanner-image\" style=\"background-image: url(https:\/\/www.bmkgenetics.com\/wp-content\/uploads\/2023\/12\/RD-Trial-abstract-IPN-QTL-V-4033-2020-724x1024.png)\"><\/div><div class=\"w-ibanner-content\"><div class=\"w-ibanner-content-h\"><h2 class=\"w-ibanner-title\">Ensayo de I+D: IPN-QTL, 2020<\/h2><div class=\"w-ibanner-desc\"><\/div><\/div><\/div><\/div><\/div><\/div><\/div><\/div><div class=\"vc_col-sm-4 wpb_column vc_column_container\"><div class=\"vc_column-inner\"><div class=\"wpb_wrapper\"><div class=\"w-ibanner animation_hebe ratio_2x3 easing_ease\"><a target=\"_blank\" rel=\"nofollow\" href=\"https:\/\/www.bmkgenetics.com\/wp-content\/uploads\/2023\/12\/RD-Trial-abstract-IPN-QTL-V-3471-2018.pdf\" aria-label=\"Ensayo de I+D: IPN-QTL, 2018\"><\/a><div class=\"w-ibanner-h\"><div class=\"w-ibanner-image\" style=\"background-image: url(https:\/\/www.bmkgenetics.com\/wp-content\/uploads\/2023\/12\/RD-Trial-abstract-IPN-QTL-V-3471-2018-724x1024.png)\"><\/div><div class=\"w-ibanner-content\"><div class=\"w-ibanner-content-h\"><h2 class=\"w-ibanner-title\">Ensayo de I+D: IPN-QTL, 2018<\/h2><div class=\"w-ibanner-desc\"><\/div><\/div><\/div><\/div><\/div><div class=\"w-separator size_small\"><\/div><div class=\"w-ibanner animation_hebe ratio_2x3 easing_ease\"><a target=\"_blank\" rel=\"nofollow\" href=\"https:\/\/www.bmkgenetics.com\/wp-content\/uploads\/2023\/12\/RD-Trial-abstract-Lice-resistance-V-4032-2020.pdf\" aria-label=\"Ensayo de I+D: Resistencia al piojo de mar\"><\/a><div class=\"w-ibanner-h\"><div class=\"w-ibanner-image\" style=\"background-image: url(https:\/\/www.bmkgenetics.com\/wp-content\/uploads\/2023\/12\/RD-Trial-abstract-Lice-resistance-V-4032-2020-724x1024.png)\"><\/div><div class=\"w-ibanner-content\"><div class=\"w-ibanner-content-h\"><h2 class=\"w-ibanner-title\">Ensayo de I+D: Resistencia al piojo de mar<\/h2><div class=\"w-ibanner-desc\"><\/div><\/div><\/div><\/div><\/div><\/div><\/div><\/div><\/div><\/div><\/section>\n","protected":false},"excerpt":{"rendered":"fullscreenView image Sobre nuestro trabajo Benchmark Genetics Norway (anteriormente Akvaforsk Genetics Center AS) recibi\u00f3 dos permisos de investigaci\u00f3n (MSV20 y NTNR62) en 2015, vigentes hasta la primavera de 2025. Estos permisos fueron recientemente renovados por cinco a\u00f1os adicionales. Los permisos de investigaci\u00f3n, junto con la producci\u00f3n de grupos experimentales, se gestionan en colaboraci\u00f3n con SalMar...","protected":false},"author":115,"featured_media":0,"parent":1906,"menu_order":0,"comment_status":"closed","ping_status":"closed","template":"","meta":{"_acf_changed":false,"footnotes":""},"class_list":["post-19053","page","type-page","status-publish","hentry"],"acf":[],"yoast_head":"<!-- This site is optimized with the Yoast SEO plugin v27.3 - https:\/\/yoast.com\/product\/yoast-seo-wordpress\/ -->\n<title>Licencias de I+D - Benchmark Genetics<\/title>\n<meta name=\"description\" content=\"Ensayos de I+D a escala comercial bajo permisos de investigaci\u00f3n noruegos fortalecen el conocimiento gen\u00e9tico y validan las tecnolog\u00edas de mejoramiento en entornos reales.\" \/>\n<meta name=\"robots\" content=\"index, follow, max-snippet:-1, max-image-preview:large, max-video-preview:-1\" \/>\n<link rel=\"canonical\" href=\"https:\/\/www.bmkgenetics.com\/es\/about\/acerca-de-nosotros\/innovacion\/licencias-de-id\/\" \/>\n<meta property=\"og:locale\" content=\"es_ES\" \/>\n<meta property=\"og:type\" content=\"article\" \/>\n<meta property=\"og:title\" content=\"Licencias de I+D - Benchmark Genetics\" \/>\n<meta property=\"og:description\" content=\"Ensayos de I+D a escala comercial bajo permisos de investigaci\u00f3n noruegos fortalecen el conocimiento gen\u00e9tico y validan las tecnolog\u00edas de mejoramiento en entornos reales.\" \/>\n<meta property=\"og:url\" content=\"https:\/\/www.bmkgenetics.com\/es\/about\/acerca-de-nosotros\/innovacion\/licencias-de-id\/\" \/>\n<meta property=\"og:site_name\" content=\"Benchmark Genetics\" \/>\n<meta property=\"article:publisher\" content=\"https:\/\/www.facebook.com\/benchmarkgenetics\/\" \/>\n<meta property=\"article:modified_time\" content=\"2025-12-19T14:56:35+00:00\" \/>\n<meta property=\"og:image\" content=\"https:\/\/www.bmkgenetics.com\/wp-content\/uploads\/2021\/04\/logo-whitebg-528x135-in-800x600-1.png\" \/>\n\t<meta property=\"og:image:width\" content=\"800\" \/>\n\t<meta property=\"og:image:height\" content=\"600\" \/>\n\t<meta property=\"og:image:type\" content=\"image\/png\" \/>\n<meta name=\"twitter:card\" content=\"summary_large_image\" \/>\n<meta name=\"twitter:site\" content=\"@WeAreBenchmark\" \/>\n<meta name=\"twitter:label1\" content=\"Tiempo de lectura\" \/>\n\t<meta name=\"twitter:data1\" content=\"6 minutos\" \/>\n<script type=\"application\/ld+json\" class=\"yoast-schema-graph\">{\"@context\":\"https:\\\/\\\/schema.org\",\"@graph\":[{\"@type\":\"WebPage\",\"@id\":\"https:\\\/\\\/www.bmkgenetics.com\\\/es\\\/about\\\/acerca-de-nosotros\\\/innovacion\\\/licencias-de-id\\\/\",\"url\":\"https:\\\/\\\/www.bmkgenetics.com\\\/es\\\/about\\\/acerca-de-nosotros\\\/innovacion\\\/licencias-de-id\\\/\",\"name\":\"Licencias de I+D - Benchmark Genetics\",\"isPartOf\":{\"@id\":\"https:\\\/\\\/www.bmkgenetics.com\\\/es\\\/#website\"},\"datePublished\":\"2025-12-19T14:56:32+00:00\",\"dateModified\":\"2025-12-19T14:56:35+00:00\",\"description\":\"Ensayos de I+D a escala comercial bajo permisos de investigaci\u00f3n noruegos fortalecen el conocimiento gen\u00e9tico y validan las tecnolog\u00edas de mejoramiento en entornos reales.\",\"breadcrumb\":{\"@id\":\"https:\\\/\\\/www.bmkgenetics.com\\\/es\\\/about\\\/acerca-de-nosotros\\\/innovacion\\\/licencias-de-id\\\/#breadcrumb\"},\"inLanguage\":\"es\",\"potentialAction\":[{\"@type\":\"ReadAction\",\"target\":[\"https:\\\/\\\/www.bmkgenetics.com\\\/es\\\/about\\\/acerca-de-nosotros\\\/innovacion\\\/licencias-de-id\\\/\"]}]},{\"@type\":\"BreadcrumbList\",\"@id\":\"https:\\\/\\\/www.bmkgenetics.com\\\/es\\\/about\\\/acerca-de-nosotros\\\/innovacion\\\/licencias-de-id\\\/#breadcrumb\",\"itemListElement\":[{\"@type\":\"ListItem\",\"position\":1,\"name\":\"Acerca de\",\"item\":\"https:\\\/\\\/www.bmkgenetics.com\\\/es\\\/about\\\/\"},{\"@type\":\"ListItem\",\"position\":2,\"name\":\"Acerca de nosotros\",\"item\":\"https:\\\/\\\/www.bmkgenetics.com\\\/es\\\/about\\\/acerca-de-nosotros\\\/\"},{\"@type\":\"ListItem\",\"position\":3,\"name\":\"Innovaci\u00f3n\",\"item\":\"https:\\\/\\\/www.bmkgenetics.com\\\/es\\\/about\\\/benchmark-genetics\\\/innovation\\\/\"},{\"@type\":\"ListItem\",\"position\":4,\"name\":\"Licencias de I+D\"}]},{\"@type\":\"WebSite\",\"@id\":\"https:\\\/\\\/www.bmkgenetics.com\\\/es\\\/#website\",\"url\":\"https:\\\/\\\/www.bmkgenetics.com\\\/es\\\/\",\"name\":\"Benchmark Genetics\",\"description\":\"Driving sustainability in aquaculture\",\"potentialAction\":[{\"@type\":\"SearchAction\",\"target\":{\"@type\":\"EntryPoint\",\"urlTemplate\":\"https:\\\/\\\/www.bmkgenetics.com\\\/es\\\/?s={search_term_string}\"},\"query-input\":{\"@type\":\"PropertyValueSpecification\",\"valueRequired\":true,\"valueName\":\"search_term_string\"}}],\"inLanguage\":\"es\"}]}<\/script>\n<!-- \/ Yoast SEO plugin. -->","yoast_head_json":{"title":"Licencias de I+D - Benchmark Genetics","description":"Ensayos de I+D a escala comercial bajo permisos de investigaci\u00f3n noruegos fortalecen el conocimiento gen\u00e9tico y validan las tecnolog\u00edas de mejoramiento en entornos reales.","robots":{"index":"index","follow":"follow","max-snippet":"max-snippet:-1","max-image-preview":"max-image-preview:large","max-video-preview":"max-video-preview:-1"},"canonical":"https:\/\/www.bmkgenetics.com\/es\/about\/acerca-de-nosotros\/innovacion\/licencias-de-id\/","og_locale":"es_ES","og_type":"article","og_title":"Licencias de I+D - Benchmark Genetics","og_description":"Ensayos de I+D a escala comercial bajo permisos de investigaci\u00f3n noruegos fortalecen el conocimiento gen\u00e9tico y validan las tecnolog\u00edas de mejoramiento en entornos reales.","og_url":"https:\/\/www.bmkgenetics.com\/es\/about\/acerca-de-nosotros\/innovacion\/licencias-de-id\/","og_site_name":"Benchmark Genetics","article_publisher":"https:\/\/www.facebook.com\/benchmarkgenetics\/","article_modified_time":"2025-12-19T14:56:35+00:00","og_image":[{"width":800,"height":600,"url":"https:\/\/www.bmkgenetics.com\/wp-content\/uploads\/2021\/04\/logo-whitebg-528x135-in-800x600-1.png","type":"image\/png"}],"twitter_card":"summary_large_image","twitter_site":"@WeAreBenchmark","twitter_misc":{"Tiempo de lectura":"6 minutos"},"schema":{"@context":"https:\/\/schema.org","@graph":[{"@type":"WebPage","@id":"https:\/\/www.bmkgenetics.com\/es\/about\/acerca-de-nosotros\/innovacion\/licencias-de-id\/","url":"https:\/\/www.bmkgenetics.com\/es\/about\/acerca-de-nosotros\/innovacion\/licencias-de-id\/","name":"Licencias de I+D - Benchmark Genetics","isPartOf":{"@id":"https:\/\/www.bmkgenetics.com\/es\/#website"},"datePublished":"2025-12-19T14:56:32+00:00","dateModified":"2025-12-19T14:56:35+00:00","description":"Ensayos de I+D a escala comercial bajo permisos de investigaci\u00f3n noruegos fortalecen el conocimiento gen\u00e9tico y validan las tecnolog\u00edas de mejoramiento en entornos reales.","breadcrumb":{"@id":"https:\/\/www.bmkgenetics.com\/es\/about\/acerca-de-nosotros\/innovacion\/licencias-de-id\/#breadcrumb"},"inLanguage":"es","potentialAction":[{"@type":"ReadAction","target":["https:\/\/www.bmkgenetics.com\/es\/about\/acerca-de-nosotros\/innovacion\/licencias-de-id\/"]}]},{"@type":"BreadcrumbList","@id":"https:\/\/www.bmkgenetics.com\/es\/about\/acerca-de-nosotros\/innovacion\/licencias-de-id\/#breadcrumb","itemListElement":[{"@type":"ListItem","position":1,"name":"Acerca de","item":"https:\/\/www.bmkgenetics.com\/es\/about\/"},{"@type":"ListItem","position":2,"name":"Acerca de nosotros","item":"https:\/\/www.bmkgenetics.com\/es\/about\/acerca-de-nosotros\/"},{"@type":"ListItem","position":3,"name":"Innovaci\u00f3n","item":"https:\/\/www.bmkgenetics.com\/es\/about\/benchmark-genetics\/innovation\/"},{"@type":"ListItem","position":4,"name":"Licencias de I+D"}]},{"@type":"WebSite","@id":"https:\/\/www.bmkgenetics.com\/es\/#website","url":"https:\/\/www.bmkgenetics.com\/es\/","name":"Benchmark Genetics","description":"Driving sustainability in aquaculture","potentialAction":[{"@type":"SearchAction","target":{"@type":"EntryPoint","urlTemplate":"https:\/\/www.bmkgenetics.com\/es\/?s={search_term_string}"},"query-input":{"@type":"PropertyValueSpecification","valueRequired":true,"valueName":"search_term_string"}}],"inLanguage":"es"}]}},"_links":{"self":[{"href":"https:\/\/www.bmkgenetics.com\/es\/wp-json\/wp\/v2\/pages\/19053","targetHints":{"allow":["GET"]}}],"collection":[{"href":"https:\/\/www.bmkgenetics.com\/es\/wp-json\/wp\/v2\/pages"}],"about":[{"href":"https:\/\/www.bmkgenetics.com\/es\/wp-json\/wp\/v2\/types\/page"}],"author":[{"embeddable":true,"href":"https:\/\/www.bmkgenetics.com\/es\/wp-json\/wp\/v2\/users\/115"}],"replies":[{"embeddable":true,"href":"https:\/\/www.bmkgenetics.com\/es\/wp-json\/wp\/v2\/comments?post=19053"}],"version-history":[{"count":0,"href":"https:\/\/www.bmkgenetics.com\/es\/wp-json\/wp\/v2\/pages\/19053\/revisions"}],"up":[{"embeddable":true,"href":"https:\/\/www.bmkgenetics.com\/es\/wp-json\/wp\/v2\/pages\/1906"}],"wp:attachment":[{"href":"https:\/\/www.bmkgenetics.com\/es\/wp-json\/wp\/v2\/media?parent=19053"}],"curies":[{"name":"wp","href":"https:\/\/api.w.org\/{rel}","templated":true}]}}