{"id":1904,"date":"2021-03-19T11:19:48","date_gmt":"2021-03-19T10:19:48","guid":{"rendered":"https:\/\/bmkgen.wpengine.com\/edicion-genetica\/"},"modified":"2025-12-19T15:39:47","modified_gmt":"2025-12-19T14:39:47","slug":"edicion-genetica","status":"publish","type":"page","link":"https:\/\/www.bmkgenetics.com\/es\/about\/acerca-de-nosotros\/innovacion\/edicion-genetica\/","title":{"rendered":"Edici\u00f3n gen\u00e9tica"},"content":{"rendered":"<section class=\"l-section wpb_row leftheading-rightbody height_large\"><div class=\"l-section-h i-cf\"><div class=\"g-cols vc_row via_flex valign_top type_default stacking_default\"><div class=\"vc_col-sm-12 wpb_column vc_column_container\"><div class=\"vc_column-inner\"><div class=\"wpb_wrapper\"><div class=\"g-cols wpb_row via_flex valign_top type_default stacking_default\"><div class=\"vc_col-sm-12 vc_col-md-8 wpb_column vc_column_container\"><div class=\"vc_column-inner\"><div class=\"wpb_wrapper\">[vc_custom_heading text=\u00bbBenchmark considera que la edici\u00f3n gen\u00e9tica (GE) es una tecnolog\u00eda diferente a la transg\u00e9nesis\u00bb use_theme_fonts=\u00bbyes\u00bb]<\/div><\/div><\/div><div class=\"vc_col-sm-4 vc_hidden-sm vc_hidden-xs wpb_column vc_column_container\"><div class=\"vc_column-inner\"><div class=\"wpb_wrapper\"><\/div><\/div><\/div><\/div><div class=\"g-cols wpb_row via_flex valign_top type_default stacking_default\"><div class=\"vc_col-sm-4 vc_hidden-sm vc_hidden-xs wpb_column vc_column_container\"><div class=\"vc_column-inner\"><div class=\"wpb_wrapper\"><\/div><\/div><\/div><div class=\"vc_col-sm-12 vc_col-md-8 wpb_column vc_column_container\"><div class=\"vc_column-inner\"><div class=\"wpb_wrapper\"><div class=\"wpb_text_column\"><div class=\"wpb_wrapper\"><p>Los reguladores consideran que la GE es una modificaci\u00f3n gen\u00e9tica debido a las alteraciones resultantes que se producen por m\u00e9todos no naturales. Benchmark prev\u00e9 que las autoridades desarrollar\u00e1n un sistema regulador constructivo que permita el desarrollo y la producci\u00f3n de animales GE con mejor salud y bienestar. Benchmark Genetics no utiliza transg\u00e9nesis ni modificaci\u00f3n gen\u00e9tica en sus productos. <a href=\"https:\/\/www.bmkgenetics.com\/wp-content\/uploads\/2021\/06\/201023-GMO-spansih.pdf\">Lea nuestra declaraci\u00f3n de OMG<\/a><\/p>\n<\/div><\/div><div class=\"wpb_text_column\"><div class=\"wpb_wrapper\"><p>El enfoque general de Benchmark se centra en la cr\u00eda sostenible. Esto incluye operar como una empresa \u00e9tica y responsable. La empresa ve a la GE como una herramienta para la cr\u00eda de ganado con mejor salud, bienestar animal y rendimiento. Investigamos aplicaciones que no constituyan un riesgo para la integridad gen\u00e9tica del individuo, la poblaci\u00f3n ni el medioambiente. La investigaci\u00f3n en gen\u00f3mica funcional, donde Benchmark est\u00e1 a la vanguardia de su industria, procura identificar genes que afectan la salud y el bienestar como objetivos de GE.<\/p>\n<p>Con responsabilidad y como guardianes de nuestros animales, desarrollaremos cepas capaces de alcanzar un alto rendimiento en los sistemas de producci\u00f3n modernos. Implementaremos tecnolog\u00eda de GE donde sea social y legalmente aceptable, y se demuestre que mejora la eficiencia, la salud y el bienestar de nuestros animales. Obtenga m\u00e1s informaci\u00f3n en nuestra\u00a0<a href=\"http:\/\/wp-content\/uploads\/2021\/01\/BMK-Gene-Editing-Position-Statement_16-11-18-1.zip\">Declaraci\u00f3n de posici\u00f3n sobre la edici\u00f3n gen\u00e9tica<\/a>.<\/p>\n<p>Benchmark Genetics es un socio industrial en un proyecto liderado por <a href=\"https:\/\/nofima.no\/en\/\">Nofima.<\/a> Este nuevo proyecto tiene como objetivo aplicar la herramienta de edici\u00f3n gen\u00e9tica CRISPR-Cas9 para evaluar por qu\u00e9 las especies de salm\u00f3n del Pac\u00edfico son menos susceptibles a los piojos de mar que el salm\u00f3n del Atl\u00e1ntico.<\/p>\n<p><a href=\"https:\/\/thefishsite.com\/articles\/can-crispr-edit-sea-lice-out-of-salmon-aquaculture\">Obtenga m\u00e1s informaci\u00f3n sobre este proyecto<\/a><\/p>\n<\/div><\/div><\/div><\/div><\/div><\/div><\/div><\/div><\/div><\/div><\/div><\/section>\n","protected":false},"excerpt":{"rendered":"[vc_custom_heading text=\"Benchmark considera que la edici\u00f3n gen\u00e9tica (GE) es una tecnolog\u00eda diferente a la transg\u00e9nesis\" use_theme_fonts=\"yes\"]Los reguladores consideran que la GE es una modificaci\u00f3n gen\u00e9tica debido a las alteraciones resultantes que se producen por m\u00e9todos no naturales. Benchmark prev\u00e9 que las autoridades desarrollar\u00e1n un sistema regulador constructivo que permita el desarrollo y la producci\u00f3n de...","protected":false},"author":99,"featured_media":0,"parent":1906,"menu_order":0,"comment_status":"closed","ping_status":"closed","template":"","meta":{"_acf_changed":false,"footnotes":""},"class_list":["post-1904","page","type-page","status-publish","hentry"],"acf":[],"yoast_head":"<!-- This site is optimized with the Yoast SEO plugin v27.3 - https:\/\/yoast.com\/product\/yoast-seo-wordpress\/ -->\n<title>Edici\u00f3n gen\u00e9tica - Benchmark Genetics - Cr\u00eda para el futuro<\/title>\n<meta name=\"description\" content=\"Benchmark Genetics investiga la edici\u00f3n g\u00e9nica de manera responsable como una herramienta futura para mejorar la salud, el bienestar y la eficiencia en el mejoramiento acu\u00edcola.\" \/>\n<meta name=\"robots\" content=\"index, follow, max-snippet:-1, max-image-preview:large, max-video-preview:-1\" \/>\n<link rel=\"canonical\" href=\"https:\/\/www.bmkgenetics.com\/es\/about\/acerca-de-nosotros\/innovacion\/edicion-genetica\/\" \/>\n<meta property=\"og:locale\" content=\"es_ES\" \/>\n<meta property=\"og:type\" content=\"article\" \/>\n<meta property=\"og:title\" content=\"Edici\u00f3n gen\u00e9tica - Benchmark Genetics - Cr\u00eda para el futuro\" \/>\n<meta property=\"og:description\" content=\"Benchmark Genetics investiga la edici\u00f3n g\u00e9nica de manera responsable como una herramienta futura para mejorar la salud, el bienestar y la eficiencia en el mejoramiento acu\u00edcola.\" \/>\n<meta property=\"og:url\" content=\"https:\/\/www.bmkgenetics.com\/es\/about\/acerca-de-nosotros\/innovacion\/edicion-genetica\/\" \/>\n<meta property=\"og:site_name\" content=\"Benchmark Genetics\" \/>\n<meta property=\"article:publisher\" content=\"https:\/\/www.facebook.com\/benchmarkgenetics\/\" \/>\n<meta property=\"article:modified_time\" content=\"2025-12-19T14:39:47+00:00\" \/>\n<meta property=\"og:image\" content=\"https:\/\/www.bmkgenetics.com\/wp-content\/uploads\/2021\/04\/logo-whitebg-528x135-in-800x600-1.png\" \/>\n\t<meta property=\"og:image:width\" content=\"800\" \/>\n\t<meta property=\"og:image:height\" content=\"600\" \/>\n\t<meta property=\"og:image:type\" content=\"image\/png\" \/>\n<meta name=\"twitter:card\" content=\"summary_large_image\" \/>\n<meta name=\"twitter:site\" content=\"@WeAreBenchmark\" \/>\n<meta name=\"twitter:label1\" content=\"Tiempo de lectura\" \/>\n\t<meta name=\"twitter:data1\" content=\"2 minutos\" \/>\n<script type=\"application\/ld+json\" class=\"yoast-schema-graph\">{\"@context\":\"https:\\\/\\\/schema.org\",\"@graph\":[{\"@type\":\"WebPage\",\"@id\":\"https:\\\/\\\/www.bmkgenetics.com\\\/es\\\/about\\\/acerca-de-nosotros\\\/innovacion\\\/edicion-genetica\\\/\",\"url\":\"https:\\\/\\\/www.bmkgenetics.com\\\/es\\\/about\\\/acerca-de-nosotros\\\/innovacion\\\/edicion-genetica\\\/\",\"name\":\"Edici\u00f3n gen\u00e9tica - Benchmark Genetics - Cr\u00eda para el futuro\",\"isPartOf\":{\"@id\":\"https:\\\/\\\/www.bmkgenetics.com\\\/es\\\/#website\"},\"datePublished\":\"2021-03-19T10:19:48+00:00\",\"dateModified\":\"2025-12-19T14:39:47+00:00\",\"description\":\"Benchmark Genetics investiga la edici\u00f3n g\u00e9nica de manera responsable como una herramienta futura para mejorar la salud, el bienestar y la eficiencia en el mejoramiento acu\u00edcola.\",\"breadcrumb\":{\"@id\":\"https:\\\/\\\/www.bmkgenetics.com\\\/es\\\/about\\\/acerca-de-nosotros\\\/innovacion\\\/edicion-genetica\\\/#breadcrumb\"},\"inLanguage\":\"es\",\"potentialAction\":[{\"@type\":\"ReadAction\",\"target\":[\"https:\\\/\\\/www.bmkgenetics.com\\\/es\\\/about\\\/acerca-de-nosotros\\\/innovacion\\\/edicion-genetica\\\/\"]}]},{\"@type\":\"BreadcrumbList\",\"@id\":\"https:\\\/\\\/www.bmkgenetics.com\\\/es\\\/about\\\/acerca-de-nosotros\\\/innovacion\\\/edicion-genetica\\\/#breadcrumb\",\"itemListElement\":[{\"@type\":\"ListItem\",\"position\":1,\"name\":\"Acerca de\",\"item\":\"https:\\\/\\\/www.bmkgenetics.com\\\/es\\\/about\\\/\"},{\"@type\":\"ListItem\",\"position\":2,\"name\":\"Acerca de nosotros\",\"item\":\"https:\\\/\\\/www.bmkgenetics.com\\\/es\\\/about\\\/acerca-de-nosotros\\\/\"},{\"@type\":\"ListItem\",\"position\":3,\"name\":\"Innovaci\u00f3n\",\"item\":\"https:\\\/\\\/www.bmkgenetics.com\\\/es\\\/about\\\/benchmark-genetics\\\/innovation\\\/\"},{\"@type\":\"ListItem\",\"position\":4,\"name\":\"Edici\u00f3n gen\u00e9tica\"}]},{\"@type\":\"WebSite\",\"@id\":\"https:\\\/\\\/www.bmkgenetics.com\\\/es\\\/#website\",\"url\":\"https:\\\/\\\/www.bmkgenetics.com\\\/es\\\/\",\"name\":\"Benchmark Genetics\",\"description\":\"Driving sustainability in aquaculture\",\"potentialAction\":[{\"@type\":\"SearchAction\",\"target\":{\"@type\":\"EntryPoint\",\"urlTemplate\":\"https:\\\/\\\/www.bmkgenetics.com\\\/es\\\/?s={search_term_string}\"},\"query-input\":{\"@type\":\"PropertyValueSpecification\",\"valueRequired\":true,\"valueName\":\"search_term_string\"}}],\"inLanguage\":\"es\"}]}<\/script>\n<!-- \/ Yoast SEO plugin. -->","yoast_head_json":{"title":"Edici\u00f3n gen\u00e9tica - Benchmark Genetics - Cr\u00eda para el futuro","description":"Benchmark Genetics investiga la edici\u00f3n g\u00e9nica de manera responsable como una herramienta futura para mejorar la salud, el bienestar y la eficiencia en el mejoramiento acu\u00edcola.","robots":{"index":"index","follow":"follow","max-snippet":"max-snippet:-1","max-image-preview":"max-image-preview:large","max-video-preview":"max-video-preview:-1"},"canonical":"https:\/\/www.bmkgenetics.com\/es\/about\/acerca-de-nosotros\/innovacion\/edicion-genetica\/","og_locale":"es_ES","og_type":"article","og_title":"Edici\u00f3n gen\u00e9tica - Benchmark Genetics - Cr\u00eda para el futuro","og_description":"Benchmark Genetics investiga la edici\u00f3n g\u00e9nica de manera responsable como una herramienta futura para mejorar la salud, el bienestar y la eficiencia en el mejoramiento acu\u00edcola.","og_url":"https:\/\/www.bmkgenetics.com\/es\/about\/acerca-de-nosotros\/innovacion\/edicion-genetica\/","og_site_name":"Benchmark Genetics","article_publisher":"https:\/\/www.facebook.com\/benchmarkgenetics\/","article_modified_time":"2025-12-19T14:39:47+00:00","og_image":[{"width":800,"height":600,"url":"https:\/\/www.bmkgenetics.com\/wp-content\/uploads\/2021\/04\/logo-whitebg-528x135-in-800x600-1.png","type":"image\/png"}],"twitter_card":"summary_large_image","twitter_site":"@WeAreBenchmark","twitter_misc":{"Tiempo de lectura":"2 minutos"},"schema":{"@context":"https:\/\/schema.org","@graph":[{"@type":"WebPage","@id":"https:\/\/www.bmkgenetics.com\/es\/about\/acerca-de-nosotros\/innovacion\/edicion-genetica\/","url":"https:\/\/www.bmkgenetics.com\/es\/about\/acerca-de-nosotros\/innovacion\/edicion-genetica\/","name":"Edici\u00f3n gen\u00e9tica - Benchmark Genetics - Cr\u00eda para el futuro","isPartOf":{"@id":"https:\/\/www.bmkgenetics.com\/es\/#website"},"datePublished":"2021-03-19T10:19:48+00:00","dateModified":"2025-12-19T14:39:47+00:00","description":"Benchmark Genetics investiga la edici\u00f3n g\u00e9nica de manera responsable como una herramienta futura para mejorar la salud, el bienestar y la eficiencia en el mejoramiento acu\u00edcola.","breadcrumb":{"@id":"https:\/\/www.bmkgenetics.com\/es\/about\/acerca-de-nosotros\/innovacion\/edicion-genetica\/#breadcrumb"},"inLanguage":"es","potentialAction":[{"@type":"ReadAction","target":["https:\/\/www.bmkgenetics.com\/es\/about\/acerca-de-nosotros\/innovacion\/edicion-genetica\/"]}]},{"@type":"BreadcrumbList","@id":"https:\/\/www.bmkgenetics.com\/es\/about\/acerca-de-nosotros\/innovacion\/edicion-genetica\/#breadcrumb","itemListElement":[{"@type":"ListItem","position":1,"name":"Acerca de","item":"https:\/\/www.bmkgenetics.com\/es\/about\/"},{"@type":"ListItem","position":2,"name":"Acerca de nosotros","item":"https:\/\/www.bmkgenetics.com\/es\/about\/acerca-de-nosotros\/"},{"@type":"ListItem","position":3,"name":"Innovaci\u00f3n","item":"https:\/\/www.bmkgenetics.com\/es\/about\/benchmark-genetics\/innovation\/"},{"@type":"ListItem","position":4,"name":"Edici\u00f3n gen\u00e9tica"}]},{"@type":"WebSite","@id":"https:\/\/www.bmkgenetics.com\/es\/#website","url":"https:\/\/www.bmkgenetics.com\/es\/","name":"Benchmark Genetics","description":"Driving sustainability in aquaculture","potentialAction":[{"@type":"SearchAction","target":{"@type":"EntryPoint","urlTemplate":"https:\/\/www.bmkgenetics.com\/es\/?s={search_term_string}"},"query-input":{"@type":"PropertyValueSpecification","valueRequired":true,"valueName":"search_term_string"}}],"inLanguage":"es"}]}},"_links":{"self":[{"href":"https:\/\/www.bmkgenetics.com\/es\/wp-json\/wp\/v2\/pages\/1904","targetHints":{"allow":["GET"]}}],"collection":[{"href":"https:\/\/www.bmkgenetics.com\/es\/wp-json\/wp\/v2\/pages"}],"about":[{"href":"https:\/\/www.bmkgenetics.com\/es\/wp-json\/wp\/v2\/types\/page"}],"author":[{"embeddable":true,"href":"https:\/\/www.bmkgenetics.com\/es\/wp-json\/wp\/v2\/users\/99"}],"replies":[{"embeddable":true,"href":"https:\/\/www.bmkgenetics.com\/es\/wp-json\/wp\/v2\/comments?post=1904"}],"version-history":[{"count":0,"href":"https:\/\/www.bmkgenetics.com\/es\/wp-json\/wp\/v2\/pages\/1904\/revisions"}],"up":[{"embeddable":true,"href":"https:\/\/www.bmkgenetics.com\/es\/wp-json\/wp\/v2\/pages\/1906"}],"wp:attachment":[{"href":"https:\/\/www.bmkgenetics.com\/es\/wp-json\/wp\/v2\/media?parent=1904"}],"curies":[{"name":"wp","href":"https:\/\/api.w.org\/{rel}","templated":true}]}}