{"id":1903,"date":"2021-03-19T11:19:48","date_gmt":"2021-03-19T10:19:48","guid":{"rendered":"https:\/\/bmkgen.wpengine.com\/comite-de-bienestar-animal-de-benchmark\/"},"modified":"2021-08-06T14:50:12","modified_gmt":"2021-08-06T12:50:12","slug":"comite-de-bienestar-animal-de-benchmark","status":"publish","type":"page","link":"https:\/\/www.bmkgenetics.com\/es\/about\/acerca-de-nosotros\/sostenibilidad\/comite-de-bienestar-animal-de-benchmark\/","title":{"rendered":"Comit\u00e9 de bienestar animal de Benchmark"},"content":{"rendered":"<section class=\"l-section wpb_row leftheading-rightbody height_large\"><div class=\"l-section-h i-cf\"><div class=\"g-cols vc_row via_flex valign_top type_default stacking_default\"><div class=\"vc_col-sm-12 wpb_column vc_column_container\"><div class=\"vc_column-inner\"><div class=\"wpb_wrapper\"><div class=\"g-cols wpb_row via_flex valign_top type_default stacking_default\"><div class=\"vc_col-sm-12 vc_col-md-8 wpb_column vc_column_container\"><div class=\"vc_column-inner\"><div class=\"wpb_wrapper\">[vc_custom_heading text=\u00bbBenchmark y Benchmark Genetics apuestan por los objetivos de desarrollo sostenible de las Naciones Unidas\u00bb use_theme_fonts=\u00bbyes\u00bb]<\/div><\/div><\/div><div class=\"vc_col-sm-4 vc_hidden-sm vc_hidden-xs wpb_column vc_column_container\"><div class=\"vc_column-inner\"><div class=\"wpb_wrapper\"><\/div><\/div><\/div><\/div><div class=\"g-cols wpb_row via_flex valign_top type_default stacking_default\"><div class=\"vc_col-sm-4 vc_hidden-sm vc_hidden-xs wpb_column vc_column_container\"><div class=\"vc_column-inner\"><div class=\"wpb_wrapper\"><\/div><\/div><\/div><div class=\"vc_col-sm-12 vc_col-md-8 wpb_column vc_column_container\"><div class=\"vc_column-inner\"><div class=\"wpb_wrapper\"><div class=\"w-separator size_medium\"><\/div><div class=\"wpb_text_column\"><div class=\"wpb_wrapper\"><ul>\n<li>Salud y bienestar<\/li>\n<li>Vida marina<\/li>\n<\/ul>\n<p>Una parte de este trabajo es la creaci\u00f3n del <strong>Comit\u00e9 central de bienestar animal de Benchmark. <\/strong>Est\u00e1 conformado por profesionales en animales de las diferentes \u00e1reas de negocio de Benchmark Holdings.<\/p>\n<\/div><\/div><div class=\"wpb_text_column\"><div class=\"wpb_wrapper\"><p>Limitamos las pruebas en animales al m\u00ednimo absoluto. Las tres R (reducir, refinar, reemplazar) se incluyen, eval\u00faan y reval\u00faan para cada prueba. Dentro de la gen\u00e9tica, es necesario hacer pruebas en animales, ya que la informaci\u00f3n que proporcionan es para el bien mayor en t\u00e9rminos de selecci\u00f3n. La forma en que hacemos pruebas en animales es un desaf\u00edo cada a\u00f1o con un fuerte enfoque para reducirlas.<\/p>\n<\/div><\/div><\/div><\/div><\/div><\/div><\/div><\/div><\/div><\/div><\/div><\/section><section class=\"l-section wpb_row height_large\"><div class=\"l-section-h i-cf\"><div class=\"g-cols vc_row via_flex valign_top type_default stacking_default\"><div class=\"vc_col-sm-12 wpb_column vc_column_container\"><div class=\"vc_column-inner\"><div class=\"wpb_wrapper\"><div class=\"testimonial\"><img loading=\"lazy\" decoding=\"async\" width=\"150\" height=\"150\" src=\"https:\/\/www.bmkgenetics.com\/wp-content\/uploads\/2021\/03\/Marcela-Salazar-web-150x150.jpg\" class=\"attachment-thumbnail size-thumbnail wp-post-image\" alt=\"Portrait Marcela Salazar\" srcset=\"https:\/\/www.bmkgenetics.com\/wp-content\/uploads\/2021\/03\/Marcela-Salazar-web-150x150.jpg 150w, https:\/\/www.bmkgenetics.com\/wp-content\/uploads\/2021\/03\/Marcela-Salazar-web-300x300.jpg 300w, https:\/\/www.bmkgenetics.com\/wp-content\/uploads\/2021\/03\/Marcela-Salazar-web-1024x1024.jpg 1024w\" sizes=\"auto, (max-width: 150px) 100vw, 150px\" \/><figure class=\"quote withImage\"><p><q>El alcance de la labor del comit\u00e9 es asegurar que el bienestar de los animales y la \u00e9tica est\u00e9n presentes en la organizaci\u00f3n, garantizando que todo el personal demuestre altos est\u00e1ndares con respecto a los animales bajo nuestro cuidado en la producci\u00f3n y a los animales que se usan en las pruebas.<\/q><\/p><figcaption class='attribution'><span class='author'>Marcela\u00a0Salazar<\/span>, <span class='author-role'>Directora cient\u00edfica de Benchmark\u00a0Genetics\u00a0Shrimp y jefa del Comit\u00e9 Central de Bienestar Animal en Benchmark\u00a0Genetics<\/span><\/figcaption><\/figure><\/div><\/div><\/div><\/div><\/div><\/div><\/section>\n","protected":false},"excerpt":{"rendered":"El alcance de la labor del comit\u00e9 es asegurar que el bienestar de los animales y la \u00e9tica est\u00e9n presentes en la organizaci\u00f3n, garantizando que todo el personal demuestre altos est\u00e1ndares con respecto a los animales bajo nuestro cuidado en la producci\u00f3n y a los animales que se usan en las pruebas.","protected":false},"author":99,"featured_media":0,"parent":1920,"menu_order":0,"comment_status":"closed","ping_status":"closed","template":"","meta":{"_acf_changed":false,"footnotes":""},"class_list":["post-1903","page","type-page","status-publish","hentry"],"acf":[],"yoast_head":"<!-- This site is optimized with the Yoast SEO plugin v27.4 - https:\/\/yoast.com\/product\/yoast-seo-wordpress\/ -->\n<title>Comit\u00e9 de bienestar animal de Benchmark - Benchmark Genetics<\/title>\n<meta name=\"description\" content=\"En Benchmark, promovemos la salud y el bienestar de los animales a trav\u00e9s de nuestros productos y nuestras operaciones. Est\u00e1 conformado por profesionales en animales\" \/>\n<meta name=\"robots\" content=\"index, follow, max-snippet:-1, max-image-preview:large, max-video-preview:-1\" \/>\n<link rel=\"canonical\" href=\"https:\/\/www.bmkgenetics.com\/es\/about\/acerca-de-nosotros\/sostenibilidad\/comite-de-bienestar-animal-de-benchmark\/\" \/>\n<meta property=\"og:locale\" content=\"es_ES\" \/>\n<meta property=\"og:type\" content=\"article\" \/>\n<meta property=\"og:title\" content=\"Comit\u00e9 de bienestar animal de Benchmark - Benchmark Genetics\" \/>\n<meta property=\"og:description\" content=\"En Benchmark, promovemos la salud y el bienestar de los animales a trav\u00e9s de nuestros productos y nuestras operaciones. Est\u00e1 conformado por profesionales en animales\" \/>\n<meta property=\"og:url\" content=\"https:\/\/www.bmkgenetics.com\/es\/about\/acerca-de-nosotros\/sostenibilidad\/comite-de-bienestar-animal-de-benchmark\/\" \/>\n<meta property=\"og:site_name\" content=\"Benchmark Genetics\" \/>\n<meta property=\"article:publisher\" content=\"https:\/\/www.facebook.com\/benchmarkgenetics\/\" \/>\n<meta property=\"article:modified_time\" content=\"2021-08-06T12:50:12+00:00\" \/>\n<meta property=\"og:image\" content=\"https:\/\/www.bmkgenetics.com\/wp-content\/uploads\/2021\/04\/logo-whitebg-528x135-in-800x600-1.png\" \/>\n\t<meta property=\"og:image:width\" content=\"800\" \/>\n\t<meta property=\"og:image:height\" content=\"600\" \/>\n\t<meta property=\"og:image:type\" content=\"image\/png\" \/>\n<meta name=\"twitter:card\" content=\"summary_large_image\" \/>\n<meta name=\"twitter:site\" content=\"@WeAreBenchmark\" \/>\n<meta name=\"twitter:label1\" content=\"Tiempo de lectura\" \/>\n\t<meta name=\"twitter:data1\" content=\"1 minuto\" \/>\n<script type=\"application\/ld+json\" class=\"yoast-schema-graph\">{\"@context\":\"https:\\\/\\\/schema.org\",\"@graph\":[{\"@type\":\"WebPage\",\"@id\":\"https:\\\/\\\/www.bmkgenetics.com\\\/es\\\/about\\\/acerca-de-nosotros\\\/sostenibilidad\\\/comite-de-bienestar-animal-de-benchmark\\\/\",\"url\":\"https:\\\/\\\/www.bmkgenetics.com\\\/es\\\/about\\\/acerca-de-nosotros\\\/sostenibilidad\\\/comite-de-bienestar-animal-de-benchmark\\\/\",\"name\":\"Comit\u00e9 de bienestar animal de Benchmark - Benchmark Genetics\",\"isPartOf\":{\"@id\":\"https:\\\/\\\/www.bmkgenetics.com\\\/es\\\/#website\"},\"datePublished\":\"2021-03-19T10:19:48+00:00\",\"dateModified\":\"2021-08-06T12:50:12+00:00\",\"description\":\"En Benchmark, promovemos la salud y el bienestar de los animales a trav\u00e9s de nuestros productos y nuestras operaciones. Est\u00e1 conformado por profesionales en animales\",\"breadcrumb\":{\"@id\":\"https:\\\/\\\/www.bmkgenetics.com\\\/es\\\/about\\\/acerca-de-nosotros\\\/sostenibilidad\\\/comite-de-bienestar-animal-de-benchmark\\\/#breadcrumb\"},\"inLanguage\":\"es\",\"potentialAction\":[{\"@type\":\"ReadAction\",\"target\":[\"https:\\\/\\\/www.bmkgenetics.com\\\/es\\\/about\\\/acerca-de-nosotros\\\/sostenibilidad\\\/comite-de-bienestar-animal-de-benchmark\\\/\"]}]},{\"@type\":\"BreadcrumbList\",\"@id\":\"https:\\\/\\\/www.bmkgenetics.com\\\/es\\\/about\\\/acerca-de-nosotros\\\/sostenibilidad\\\/comite-de-bienestar-animal-de-benchmark\\\/#breadcrumb\",\"itemListElement\":[{\"@type\":\"ListItem\",\"position\":1,\"name\":\"Acerca de\",\"item\":\"https:\\\/\\\/www.bmkgenetics.com\\\/es\\\/about\\\/\"},{\"@type\":\"ListItem\",\"position\":2,\"name\":\"Acerca de nosotros\",\"item\":\"https:\\\/\\\/www.bmkgenetics.com\\\/es\\\/about\\\/acerca-de-nosotros\\\/\"},{\"@type\":\"ListItem\",\"position\":3,\"name\":\"Sostenibilidad\",\"item\":\"https:\\\/\\\/www.bmkgenetics.com\\\/es\\\/about\\\/acerca-de-nosotros\\\/sostenibilidad\\\/\"},{\"@type\":\"ListItem\",\"position\":4,\"name\":\"Comit\u00e9 de bienestar animal de Benchmark\"}]},{\"@type\":\"WebSite\",\"@id\":\"https:\\\/\\\/www.bmkgenetics.com\\\/es\\\/#website\",\"url\":\"https:\\\/\\\/www.bmkgenetics.com\\\/es\\\/\",\"name\":\"Benchmark Genetics\",\"description\":\"Driving sustainability in aquaculture\",\"potentialAction\":[{\"@type\":\"SearchAction\",\"target\":{\"@type\":\"EntryPoint\",\"urlTemplate\":\"https:\\\/\\\/www.bmkgenetics.com\\\/es\\\/?s={search_term_string}\"},\"query-input\":{\"@type\":\"PropertyValueSpecification\",\"valueRequired\":true,\"valueName\":\"search_term_string\"}}],\"inLanguage\":\"es\"}]}<\/script>\n<!-- \/ Yoast SEO plugin. -->","yoast_head_json":{"title":"Comit\u00e9 de bienestar animal de Benchmark - Benchmark Genetics","description":"En Benchmark, promovemos la salud y el bienestar de los animales a trav\u00e9s de nuestros productos y nuestras operaciones. Est\u00e1 conformado por profesionales en animales","robots":{"index":"index","follow":"follow","max-snippet":"max-snippet:-1","max-image-preview":"max-image-preview:large","max-video-preview":"max-video-preview:-1"},"canonical":"https:\/\/www.bmkgenetics.com\/es\/about\/acerca-de-nosotros\/sostenibilidad\/comite-de-bienestar-animal-de-benchmark\/","og_locale":"es_ES","og_type":"article","og_title":"Comit\u00e9 de bienestar animal de Benchmark - Benchmark Genetics","og_description":"En Benchmark, promovemos la salud y el bienestar de los animales a trav\u00e9s de nuestros productos y nuestras operaciones. Est\u00e1 conformado por profesionales en animales","og_url":"https:\/\/www.bmkgenetics.com\/es\/about\/acerca-de-nosotros\/sostenibilidad\/comite-de-bienestar-animal-de-benchmark\/","og_site_name":"Benchmark Genetics","article_publisher":"https:\/\/www.facebook.com\/benchmarkgenetics\/","article_modified_time":"2021-08-06T12:50:12+00:00","og_image":[{"width":800,"height":600,"url":"https:\/\/www.bmkgenetics.com\/wp-content\/uploads\/2021\/04\/logo-whitebg-528x135-in-800x600-1.png","type":"image\/png"}],"twitter_card":"summary_large_image","twitter_site":"@WeAreBenchmark","twitter_misc":{"Tiempo de lectura":"1 minuto"},"schema":{"@context":"https:\/\/schema.org","@graph":[{"@type":"WebPage","@id":"https:\/\/www.bmkgenetics.com\/es\/about\/acerca-de-nosotros\/sostenibilidad\/comite-de-bienestar-animal-de-benchmark\/","url":"https:\/\/www.bmkgenetics.com\/es\/about\/acerca-de-nosotros\/sostenibilidad\/comite-de-bienestar-animal-de-benchmark\/","name":"Comit\u00e9 de bienestar animal de Benchmark - Benchmark Genetics","isPartOf":{"@id":"https:\/\/www.bmkgenetics.com\/es\/#website"},"datePublished":"2021-03-19T10:19:48+00:00","dateModified":"2021-08-06T12:50:12+00:00","description":"En Benchmark, promovemos la salud y el bienestar de los animales a trav\u00e9s de nuestros productos y nuestras operaciones. Est\u00e1 conformado por profesionales en animales","breadcrumb":{"@id":"https:\/\/www.bmkgenetics.com\/es\/about\/acerca-de-nosotros\/sostenibilidad\/comite-de-bienestar-animal-de-benchmark\/#breadcrumb"},"inLanguage":"es","potentialAction":[{"@type":"ReadAction","target":["https:\/\/www.bmkgenetics.com\/es\/about\/acerca-de-nosotros\/sostenibilidad\/comite-de-bienestar-animal-de-benchmark\/"]}]},{"@type":"BreadcrumbList","@id":"https:\/\/www.bmkgenetics.com\/es\/about\/acerca-de-nosotros\/sostenibilidad\/comite-de-bienestar-animal-de-benchmark\/#breadcrumb","itemListElement":[{"@type":"ListItem","position":1,"name":"Acerca de","item":"https:\/\/www.bmkgenetics.com\/es\/about\/"},{"@type":"ListItem","position":2,"name":"Acerca de nosotros","item":"https:\/\/www.bmkgenetics.com\/es\/about\/acerca-de-nosotros\/"},{"@type":"ListItem","position":3,"name":"Sostenibilidad","item":"https:\/\/www.bmkgenetics.com\/es\/about\/acerca-de-nosotros\/sostenibilidad\/"},{"@type":"ListItem","position":4,"name":"Comit\u00e9 de bienestar animal de Benchmark"}]},{"@type":"WebSite","@id":"https:\/\/www.bmkgenetics.com\/es\/#website","url":"https:\/\/www.bmkgenetics.com\/es\/","name":"Benchmark Genetics","description":"Driving sustainability in aquaculture","potentialAction":[{"@type":"SearchAction","target":{"@type":"EntryPoint","urlTemplate":"https:\/\/www.bmkgenetics.com\/es\/?s={search_term_string}"},"query-input":{"@type":"PropertyValueSpecification","valueRequired":true,"valueName":"search_term_string"}}],"inLanguage":"es"}]}},"_links":{"self":[{"href":"https:\/\/www.bmkgenetics.com\/es\/wp-json\/wp\/v2\/pages\/1903","targetHints":{"allow":["GET"]}}],"collection":[{"href":"https:\/\/www.bmkgenetics.com\/es\/wp-json\/wp\/v2\/pages"}],"about":[{"href":"https:\/\/www.bmkgenetics.com\/es\/wp-json\/wp\/v2\/types\/page"}],"author":[{"embeddable":true,"href":"https:\/\/www.bmkgenetics.com\/es\/wp-json\/wp\/v2\/users\/99"}],"replies":[{"embeddable":true,"href":"https:\/\/www.bmkgenetics.com\/es\/wp-json\/wp\/v2\/comments?post=1903"}],"version-history":[{"count":0,"href":"https:\/\/www.bmkgenetics.com\/es\/wp-json\/wp\/v2\/pages\/1903\/revisions"}],"up":[{"embeddable":true,"href":"https:\/\/www.bmkgenetics.com\/es\/wp-json\/wp\/v2\/pages\/1920"}],"wp:attachment":[{"href":"https:\/\/www.bmkgenetics.com\/es\/wp-json\/wp\/v2\/media?parent=1903"}],"curies":[{"name":"wp","href":"https:\/\/api.w.org\/{rel}","templated":true}]}}