{"id":1894,"date":"2021-03-19T11:19:44","date_gmt":"2021-03-19T10:19:44","guid":{"rendered":"https:\/\/bmkgen.wpengine.com\/bioseguridad-y-especies\/"},"modified":"2021-08-06T14:30:21","modified_gmt":"2021-08-06T12:30:21","slug":"bioseguridad-y-especies","status":"publish","type":"page","link":"https:\/\/www.bmkgenetics.com\/es\/about\/acerca-de-nosotros\/bioseguridad\/bioseguridad-y-especies\/","title":{"rendered":"Bioseguridad y especies"},"content":{"rendered":"<section class=\"l-section wpb_row leftheading-rightbody height_large\" id=\"The Atlantic Salmon\"><div class=\"l-section-h i-cf\"><div class=\"g-cols vc_row via_flex valign_top type_default stacking_default\"><div class=\"vc_col-sm-12 wpb_column vc_column_container\"><div class=\"vc_column-inner\"><div class=\"wpb_wrapper\"><div class=\"g-cols wpb_row via_flex valign_top type_default stacking_default\"><div class=\"vc_col-sm-12 vc_col-md-8 wpb_column vc_column_container\"><div class=\"vc_column-inner\"><div class=\"wpb_wrapper\">[vc_custom_heading text=\u00bbSalm\u00f3n Atl\u00e1ntico\u00bb use_theme_fonts=\u00bbyes\u00bb]<\/div><\/div><\/div><div class=\"vc_col-sm-4 vc_hidden-sm vc_hidden-xs wpb_column vc_column_container\"><div class=\"vc_column-inner\"><div class=\"wpb_wrapper\"><\/div><\/div><\/div><\/div><div class=\"g-cols wpb_row via_flex valign_top type_default stacking_default\"><div class=\"vc_col-sm-4 vc_hidden-sm vc_hidden-xs wpb_column vc_column_container\"><div class=\"vc_column-inner\"><div class=\"wpb_wrapper\"><\/div><\/div><\/div><div class=\"vc_col-sm-12 vc_col-md-8 wpb_column vc_column_container\"><div class=\"vc_column-inner\"><div class=\"wpb_wrapper\"><div class=\"wpb_text_column\"><div class=\"wpb_wrapper\"><p>Hemos realizado importantes inversiones en centros terrestres de bioseguridad para nuestra producci\u00f3n interna de poblaci\u00f3n de reproductores y ovas en Noruega, Islandia y Chile. Nuestros centros en Islandia est\u00e1n certificados como compartimentos libres de ISA. Tambi\u00e9n tenemos poblaci\u00f3n reproductora en el mar de Noruega a trav\u00e9s de nuestros productores con licencia, pero se aplican los mismos principios de bioseguridad y disminuci\u00f3n de riesgo para todos nuestros modelos de producci\u00f3n. Nuestro objetivo final es garantizar ovas seguras y de calidad para nuestros clientes.<\/p>\n<\/div><\/div><div class=\"wpb_text_column\"><div class=\"wpb_wrapper\"><p>Todos los reproductores utilizados para la producci\u00f3n de ovas deben estar sanos y sin signos de enfermedad. En el Modelo cerrado de producci\u00f3n de poblaci\u00f3n reproductora, tenemos un conjunto diferente de herramientas en comparaci\u00f3n con las otras dos estrategias de producci\u00f3n (Figura 1). Los principios Benchmark Genetics de reproductores estrictamente saludables para la producci\u00f3n segura de ova se aplican en toda nuestra producci\u00f3n. El Modelo cerrado de producci\u00f3n de poblaci\u00f3n reproductora nos permite trabajar mucho m\u00e1s enfocados en la detecci\u00f3n de pat\u00f3genos que en la poblaci\u00f3n reproductora que se ha criado en el mar.<\/p>\n<\/div><\/div><div class=\"w-image align_none meta_simple\"><a ref=\"magnificPopup\" href=\"https:\/\/www.bmkgenetics.com\/wp-content\/uploads\/2021\/02\/Fig1_Biosecurity-Production-strategies-1.png\" aria-label=\"An illustration showcasing Benchmark Genetics&#039;\" class=\"w-image-h\"><img decoding=\"async\" width=\"1024\" height=\"768\" src=\"https:\/\/www.bmkgenetics.com\/wp-content\/uploads\/2021\/02\/Fig1_Biosecurity-Production-strategies-1-1024x768.png\" class=\"attachment-large size-large\" alt=\"An illustration showcasing Benchmark Genetics&#039;\" loading=\"lazy\" srcset=\"https:\/\/www.bmkgenetics.com\/wp-content\/uploads\/2021\/02\/Fig1_Biosecurity-Production-strategies-1-1024x768.png 1024w, https:\/\/www.bmkgenetics.com\/wp-content\/uploads\/2021\/02\/Fig1_Biosecurity-Production-strategies-1-300x225.png 300w\" sizes=\"auto, (max-width: 1024px) 100vw, 1024px\" \/><\/a><div class=\"w-image-meta\"><div class=\"w-image-title\">An illustration showcasing Benchmark Genetics'<\/div><div class=\"w-image-description\">Figure 1: The majority of our eggs are produced from land-based broodstock based on the so-called Closed Broodstock Production Model<\/div><\/div><\/div><\/div><\/div><\/div><\/div><\/div><\/div><\/div><\/div><\/div><\/section><section class=\"l-section wpb_row leftheading-rightbody height_large color_alternate\" id=\"SPR\/SPF Shrimp\"><div class=\"l-section-h i-cf\"><div class=\"g-cols vc_row via_flex valign_top type_default stacking_default\"><div class=\"vc_col-sm-12 wpb_column vc_column_container\"><div class=\"vc_column-inner\"><div class=\"wpb_wrapper\"><div class=\"g-cols wpb_row via_flex valign_top type_default stacking_default\"><div class=\"vc_col-sm-12 vc_col-md-8 wpb_column vc_column_container\"><div class=\"vc_column-inner\"><div class=\"wpb_wrapper\">[vc_custom_heading text=\u00bbCamar\u00f3n SPR\/SPF\u00bb use_theme_fonts=\u00bbyes\u00bb]<\/div><\/div><\/div><div class=\"vc_col-sm-4 vc_hidden-sm vc_hidden-xs wpb_column vc_column_container\"><div class=\"vc_column-inner\"><div class=\"wpb_wrapper\"><\/div><\/div><\/div><\/div><div class=\"g-cols wpb_row via_flex valign_top type_default stacking_default\"><div class=\"vc_col-sm-4 vc_hidden-sm vc_hidden-xs wpb_column vc_column_container\"><div class=\"vc_column-inner\"><div class=\"wpb_wrapper\"><\/div><\/div><\/div><div class=\"vc_col-sm-12 vc_col-md-8 wpb_column vc_column_container\"><div class=\"vc_column-inner\"><div class=\"wpb_wrapper\"><div class=\"wpb_text_column\"><div class=\"wpb_wrapper\"><p>El <strong>N\u00facleo reproductor<\/strong> de nuestra operaci\u00f3n de camar\u00f3n <em>P. Vannamei<\/em> se encuentra en Punta Canoas, Colombia. Est\u00e1 completamente aislado de cualquier otra operaci\u00f3n acu\u00edcola.\u00a0 El n\u00facleo reproductor ha estado trabajando en condiciones de ciclo cerrado durante los \u00faltimos 15 a\u00f1os, siguiendo todos los protocolos para la producci\u00f3n de animales L<em>ibres de Pat\u00f3genos E<\/em><em>spec\u00edficos <\/em>\u00a0(SPF), as\u00ed como animales R<em>esistentes a Pat\u00f3genos E<\/em><em>spec\u00edficos <\/em>\u00a0(SPR) para el <em>virus del s\u00edndrome de la mancha blanca <\/em>(WSSV) y el <em>virus del s\u00edndrome de Taura <\/em>(TSV). Las instalaciones est\u00e1n certificadas como instalaciones bioseguras e inscritas en el <a href=\"https:\/\/www.ica.gov.co\/\">Instituto Colombiano Agropecuario<\/a> (ICA). El estado libre de enfermedades de los animales est\u00e1 documentado por los resultados del PCR del programa de vigilancia sanitaria, efectuado por el ICA cada tres meses siguiendo pautas y protocolos establecidos por la <a href=\"https:\/\/www.oie.int\/\">Organizaci\u00f3n Mundial de Sanidad Animal<\/a> (OIE). Esto puede documentarse con los certificados oficiales, as\u00ed como el estado SPF.<\/p>\n<\/div><\/div><div class=\"wpb_text_column\"><div class=\"wpb_wrapper\"><p>Desde el n\u00facleo, los criadores seleccionados se transfieren al <strong>Centro de reproducci\u00f3n de Benchmark Genetics USA (Elite Multiplication Center)<\/strong>, que opera bajo las m\u00e1s estrictas medidas de bioseguridad, siguiendo pautas y protocolos establecidos por la OIE. Seg\u00fan los criterios USDA APHIS para establecer SPF, nuestro estado libre de enfermedades de los animales est\u00e1 documentado por los resultados de PCR de nuestro programa de vigilancia sanitaria. El USDA APHIS VS lo supervisa como autoridad local competente para la salud de animales acu\u00e1ticos. Participamos en las Normas del programa de salud de la industria acu\u00edcola comercial (CAPHS) llevadas a cabo por el USDA APHIS. Cada trimestre el veterinario del USDA toma y analiza las muestras. Algunas medidas clave de bioseguridad incluyen la ubicaci\u00f3n interior a 30\u00a0km de la costa con infraestructura de pozos pr\u00edstinos, donde las fuentes de agua segura se encuentran a 750\u00a0m bajo el suelo.<\/p>\n<\/div><\/div><\/div><\/div><\/div><\/div><\/div><\/div><\/div><\/div><\/div><\/section><section class=\"l-section wpb_row leftheading-rightbody height_large\" id=\"Tilapia\"><div class=\"l-section-h i-cf\"><div class=\"g-cols vc_row via_flex valign_top type_default stacking_default\"><div class=\"vc_col-sm-12 wpb_column vc_column_container\"><div class=\"vc_column-inner\"><div class=\"wpb_wrapper\"><div class=\"g-cols wpb_row via_flex valign_top type_default stacking_default\"><div class=\"vc_col-sm-12 vc_col-md-8 wpb_column vc_column_container\"><div class=\"vc_column-inner\"><div class=\"wpb_wrapper\">[vc_custom_heading text=\u00bbTilapia\u00bb use_theme_fonts=\u00bbyes\u00bb]<\/div><\/div><\/div><div class=\"vc_col-sm-4 vc_hidden-sm vc_hidden-xs wpb_column vc_column_container\"><div class=\"vc_column-inner\"><div class=\"wpb_wrapper\"><\/div><\/div><\/div><\/div><div class=\"g-cols wpb_row via_flex valign_top type_default stacking_default\"><div class=\"vc_col-sm-4 vc_hidden-sm vc_hidden-xs wpb_column vc_column_container\"><div class=\"vc_column-inner\"><div class=\"wpb_wrapper\"><\/div><\/div><\/div><div class=\"vc_col-sm-12 vc_col-md-8 wpb_column vc_column_container\"><div class=\"vc_column-inner\"><div class=\"wpb_wrapper\"><div class=\"wpb_text_column\"><div class=\"wpb_wrapper\"><p>El N\u00facleo de cr\u00eda de Spring Genetics en el sur de Florida ha estado llevando operando una instalaci\u00f3n cerrada de bioseguridad de n\u00facleo desde 2009. Nuestras medidas de bioseguridad incluyen:<\/p>\n<ul>\n<li>Ning\u00fan pez ha sido introducido al centro desde el inicio de la operaci\u00f3n del n\u00facleo en 2009<\/li>\n<li>El n\u00facleo est\u00e1 aislado de otras producciones y actividades acu\u00edcolas<\/li>\n<li>El agua utilizada proviene de pozo y est\u00e1 100 % filtrada por UV<\/li>\n<li>Todos nuestros estanques est\u00e1n cubiertos<\/li>\n<li>El centro est\u00e1 completamente cercado<\/li>\n<\/ul>\n<\/div><\/div><div class=\"wpb_text_column\"><div class=\"wpb_wrapper\"><p>Spring Genetics es una instalaci\u00f3n de exportaci\u00f3n autorizada por USDA-APHIS y cumple con el P<em>rograma de Mejores Pr\u00e1cticas de gesti\u00f3n de acuicultura<\/em> de la Divisi\u00f3n de Acuicultura del Departamento de Agricultura y Servicios al Consumidor de Florida (FDACS). Como parte del programa de vigilancia sanitaria de Spring Genetics, las muestras se env\u00edan trimestralmente a la Universidad de Florida para testeo sanitario, seg\u00fan los protocolos de la OIE.<\/p>\n<p>Protocolos adicionales:<\/p>\n<ul>\n<li>No se permite la entrada de visitantes a las instalaciones sin autorizaci\u00f3n previa<\/li>\n<li>Programa continuo de capacitaci\u00f3n en bioseguridad para el personal<\/li>\n<li>EPP apropiados para el personal y los visitantes.<\/li>\n<\/ul>\n<\/div><\/div><div class=\"w-image align_none\"><div class=\"w-image-h\"><img decoding=\"async\" width=\"768\" height=\"1024\" src=\"https:\/\/www.bmkgenetics.com\/wp-content\/uploads\/2021\/02\/Tissue-sample-Spring-Genetics-Tilapia-768x1024.jpg\" class=\"attachment-large size-large\" alt=\"\" loading=\"lazy\" srcset=\"https:\/\/www.bmkgenetics.com\/wp-content\/uploads\/2021\/02\/Tissue-sample-Spring-Genetics-Tilapia-768x1024.jpg 768w, https:\/\/www.bmkgenetics.com\/wp-content\/uploads\/2021\/02\/Tissue-sample-Spring-Genetics-Tilapia-225x300.jpg 225w, https:\/\/www.bmkgenetics.com\/wp-content\/uploads\/2021\/02\/Tissue-sample-Spring-Genetics-Tilapia.jpg 1536w\" sizes=\"auto, (max-width: 768px) 100vw, 768px\" \/><\/div><\/div><\/div><\/div><\/div><\/div><\/div><\/div><\/div><\/div><\/div><\/section>\n","protected":false},"excerpt":{"rendered":"[vc_custom_heading text=\"Salm\u00f3n Atl\u00e1ntico\" use_theme_fonts=\"yes\"]Hemos realizado importantes inversiones en centros terrestres de bioseguridad para nuestra producci\u00f3n interna de poblaci\u00f3n de reproductores y ovas en Noruega, Islandia y Chile. Nuestros centros en Islandia est\u00e1n certificados como compartimentos libres de ISA. Tambi\u00e9n tenemos poblaci\u00f3n reproductora en el mar de Noruega a trav\u00e9s de nuestros productores con licencia, pero...","protected":false},"author":99,"featured_media":0,"parent":1916,"menu_order":0,"comment_status":"closed","ping_status":"closed","template":"","meta":{"_acf_changed":false,"footnotes":""},"class_list":["post-1894","page","type-page","status-publish","hentry"],"acf":[],"yoast_head":"<!-- This site is optimized with the Yoast SEO plugin v27.5 - https:\/\/yoast.com\/product\/yoast-seo-wordpress\/ -->\n<title>Bioseguridad y especies - Benchmark Genetics - Cr\u00eda para el futuro<\/title>\n<meta name=\"description\" content=\"La bioseguridad es la m\u00e1xima prioridad de Benchmark Genetics y un gran factor en la forma en que operamos y verificamos el estado de todos nuestros productos\" \/>\n<meta name=\"robots\" content=\"index, follow, max-snippet:-1, max-image-preview:large, max-video-preview:-1\" \/>\n<link rel=\"canonical\" href=\"https:\/\/www.bmkgenetics.com\/es\/about\/acerca-de-nosotros\/bioseguridad\/bioseguridad-y-especies\/\" \/>\n<meta property=\"og:locale\" content=\"es_ES\" \/>\n<meta property=\"og:type\" content=\"article\" \/>\n<meta property=\"og:title\" content=\"Bioseguridad y especies - Benchmark Genetics - Cr\u00eda para el futuro\" \/>\n<meta property=\"og:description\" content=\"La bioseguridad es la m\u00e1xima prioridad de Benchmark Genetics y un gran factor en la forma en que operamos y verificamos el estado de todos nuestros productos\" \/>\n<meta property=\"og:url\" content=\"https:\/\/www.bmkgenetics.com\/es\/about\/acerca-de-nosotros\/bioseguridad\/bioseguridad-y-especies\/\" \/>\n<meta property=\"og:site_name\" content=\"Benchmark Genetics\" \/>\n<meta property=\"article:publisher\" content=\"https:\/\/www.facebook.com\/benchmarkgenetics\/\" \/>\n<meta property=\"article:modified_time\" content=\"2021-08-06T12:30:21+00:00\" \/>\n<meta property=\"og:image\" content=\"https:\/\/www.bmkgenetics.com\/wp-content\/uploads\/2021\/04\/logo-whitebg-528x135-in-800x600-1.png\" \/>\n\t<meta property=\"og:image:width\" content=\"800\" \/>\n\t<meta property=\"og:image:height\" content=\"600\" \/>\n\t<meta property=\"og:image:type\" content=\"image\/png\" \/>\n<meta name=\"twitter:card\" content=\"summary_large_image\" \/>\n<meta name=\"twitter:site\" content=\"@WeAreBenchmark\" \/>\n<meta name=\"twitter:label1\" content=\"Tiempo de lectura\" \/>\n\t<meta name=\"twitter:data1\" content=\"4 minutos\" \/>\n<script type=\"application\/ld+json\" class=\"yoast-schema-graph\">{\"@context\":\"https:\\\/\\\/schema.org\",\"@graph\":[{\"@type\":\"WebPage\",\"@id\":\"https:\\\/\\\/www.bmkgenetics.com\\\/es\\\/about\\\/acerca-de-nosotros\\\/bioseguridad\\\/bioseguridad-y-especies\\\/\",\"url\":\"https:\\\/\\\/www.bmkgenetics.com\\\/es\\\/about\\\/acerca-de-nosotros\\\/bioseguridad\\\/bioseguridad-y-especies\\\/\",\"name\":\"Bioseguridad y especies - Benchmark Genetics - Cr\u00eda para el futuro\",\"isPartOf\":{\"@id\":\"https:\\\/\\\/www.bmkgenetics.com\\\/es\\\/#website\"},\"datePublished\":\"2021-03-19T10:19:44+00:00\",\"dateModified\":\"2021-08-06T12:30:21+00:00\",\"description\":\"La bioseguridad es la m\u00e1xima prioridad de Benchmark Genetics y un gran factor en la forma en que operamos y verificamos el estado de todos nuestros productos\",\"breadcrumb\":{\"@id\":\"https:\\\/\\\/www.bmkgenetics.com\\\/es\\\/about\\\/acerca-de-nosotros\\\/bioseguridad\\\/bioseguridad-y-especies\\\/#breadcrumb\"},\"inLanguage\":\"es\",\"potentialAction\":[{\"@type\":\"ReadAction\",\"target\":[\"https:\\\/\\\/www.bmkgenetics.com\\\/es\\\/about\\\/acerca-de-nosotros\\\/bioseguridad\\\/bioseguridad-y-especies\\\/\"]}]},{\"@type\":\"BreadcrumbList\",\"@id\":\"https:\\\/\\\/www.bmkgenetics.com\\\/es\\\/about\\\/acerca-de-nosotros\\\/bioseguridad\\\/bioseguridad-y-especies\\\/#breadcrumb\",\"itemListElement\":[{\"@type\":\"ListItem\",\"position\":1,\"name\":\"Acerca de\",\"item\":\"https:\\\/\\\/www.bmkgenetics.com\\\/es\\\/about\\\/\"},{\"@type\":\"ListItem\",\"position\":2,\"name\":\"Acerca de nosotros\",\"item\":\"https:\\\/\\\/www.bmkgenetics.com\\\/es\\\/about\\\/acerca-de-nosotros\\\/\"},{\"@type\":\"ListItem\",\"position\":3,\"name\":\"Bioseguridad\",\"item\":\"https:\\\/\\\/www.bmkgenetics.com\\\/es\\\/about\\\/benchmark-genetics\\\/biosecurity\\\/\"},{\"@type\":\"ListItem\",\"position\":4,\"name\":\"Bioseguridad y especies\"}]},{\"@type\":\"WebSite\",\"@id\":\"https:\\\/\\\/www.bmkgenetics.com\\\/es\\\/#website\",\"url\":\"https:\\\/\\\/www.bmkgenetics.com\\\/es\\\/\",\"name\":\"Benchmark Genetics\",\"description\":\"Driving sustainability in aquaculture\",\"potentialAction\":[{\"@type\":\"SearchAction\",\"target\":{\"@type\":\"EntryPoint\",\"urlTemplate\":\"https:\\\/\\\/www.bmkgenetics.com\\\/es\\\/?s={search_term_string}\"},\"query-input\":{\"@type\":\"PropertyValueSpecification\",\"valueRequired\":true,\"valueName\":\"search_term_string\"}}],\"inLanguage\":\"es\"}]}<\/script>\n<!-- \/ Yoast SEO plugin. -->","yoast_head_json":{"title":"Bioseguridad y especies - Benchmark Genetics - Cr\u00eda para el futuro","description":"La bioseguridad es la m\u00e1xima prioridad de Benchmark Genetics y un gran factor en la forma en que operamos y verificamos el estado de todos nuestros productos","robots":{"index":"index","follow":"follow","max-snippet":"max-snippet:-1","max-image-preview":"max-image-preview:large","max-video-preview":"max-video-preview:-1"},"canonical":"https:\/\/www.bmkgenetics.com\/es\/about\/acerca-de-nosotros\/bioseguridad\/bioseguridad-y-especies\/","og_locale":"es_ES","og_type":"article","og_title":"Bioseguridad y especies - Benchmark Genetics - Cr\u00eda para el futuro","og_description":"La bioseguridad es la m\u00e1xima prioridad de Benchmark Genetics y un gran factor en la forma en que operamos y verificamos el estado de todos nuestros productos","og_url":"https:\/\/www.bmkgenetics.com\/es\/about\/acerca-de-nosotros\/bioseguridad\/bioseguridad-y-especies\/","og_site_name":"Benchmark Genetics","article_publisher":"https:\/\/www.facebook.com\/benchmarkgenetics\/","article_modified_time":"2021-08-06T12:30:21+00:00","og_image":[{"width":800,"height":600,"url":"https:\/\/www.bmkgenetics.com\/wp-content\/uploads\/2021\/04\/logo-whitebg-528x135-in-800x600-1.png","type":"image\/png"}],"twitter_card":"summary_large_image","twitter_site":"@WeAreBenchmark","twitter_misc":{"Tiempo de lectura":"4 minutos"},"schema":{"@context":"https:\/\/schema.org","@graph":[{"@type":"WebPage","@id":"https:\/\/www.bmkgenetics.com\/es\/about\/acerca-de-nosotros\/bioseguridad\/bioseguridad-y-especies\/","url":"https:\/\/www.bmkgenetics.com\/es\/about\/acerca-de-nosotros\/bioseguridad\/bioseguridad-y-especies\/","name":"Bioseguridad y especies - Benchmark Genetics - Cr\u00eda para el futuro","isPartOf":{"@id":"https:\/\/www.bmkgenetics.com\/es\/#website"},"datePublished":"2021-03-19T10:19:44+00:00","dateModified":"2021-08-06T12:30:21+00:00","description":"La bioseguridad es la m\u00e1xima prioridad de Benchmark Genetics y un gran factor en la forma en que operamos y verificamos el estado de todos nuestros productos","breadcrumb":{"@id":"https:\/\/www.bmkgenetics.com\/es\/about\/acerca-de-nosotros\/bioseguridad\/bioseguridad-y-especies\/#breadcrumb"},"inLanguage":"es","potentialAction":[{"@type":"ReadAction","target":["https:\/\/www.bmkgenetics.com\/es\/about\/acerca-de-nosotros\/bioseguridad\/bioseguridad-y-especies\/"]}]},{"@type":"BreadcrumbList","@id":"https:\/\/www.bmkgenetics.com\/es\/about\/acerca-de-nosotros\/bioseguridad\/bioseguridad-y-especies\/#breadcrumb","itemListElement":[{"@type":"ListItem","position":1,"name":"Acerca de","item":"https:\/\/www.bmkgenetics.com\/es\/about\/"},{"@type":"ListItem","position":2,"name":"Acerca de nosotros","item":"https:\/\/www.bmkgenetics.com\/es\/about\/acerca-de-nosotros\/"},{"@type":"ListItem","position":3,"name":"Bioseguridad","item":"https:\/\/www.bmkgenetics.com\/es\/about\/benchmark-genetics\/biosecurity\/"},{"@type":"ListItem","position":4,"name":"Bioseguridad y especies"}]},{"@type":"WebSite","@id":"https:\/\/www.bmkgenetics.com\/es\/#website","url":"https:\/\/www.bmkgenetics.com\/es\/","name":"Benchmark Genetics","description":"Driving sustainability in aquaculture","potentialAction":[{"@type":"SearchAction","target":{"@type":"EntryPoint","urlTemplate":"https:\/\/www.bmkgenetics.com\/es\/?s={search_term_string}"},"query-input":{"@type":"PropertyValueSpecification","valueRequired":true,"valueName":"search_term_string"}}],"inLanguage":"es"}]}},"_links":{"self":[{"href":"https:\/\/www.bmkgenetics.com\/es\/wp-json\/wp\/v2\/pages\/1894","targetHints":{"allow":["GET"]}}],"collection":[{"href":"https:\/\/www.bmkgenetics.com\/es\/wp-json\/wp\/v2\/pages"}],"about":[{"href":"https:\/\/www.bmkgenetics.com\/es\/wp-json\/wp\/v2\/types\/page"}],"author":[{"embeddable":true,"href":"https:\/\/www.bmkgenetics.com\/es\/wp-json\/wp\/v2\/users\/99"}],"replies":[{"embeddable":true,"href":"https:\/\/www.bmkgenetics.com\/es\/wp-json\/wp\/v2\/comments?post=1894"}],"version-history":[{"count":0,"href":"https:\/\/www.bmkgenetics.com\/es\/wp-json\/wp\/v2\/pages\/1894\/revisions"}],"up":[{"embeddable":true,"href":"https:\/\/www.bmkgenetics.com\/es\/wp-json\/wp\/v2\/pages\/1916"}],"wp:attachment":[{"href":"https:\/\/www.bmkgenetics.com\/es\/wp-json\/wp\/v2\/media?parent=1894"}],"curies":[{"name":"wp","href":"https:\/\/api.w.org\/{rel}","templated":true}]}}